{"id":42462,"date":"2025-07-15T15:37:25","date_gmt":"2025-07-15T13:37:25","guid":{"rendered":"https:\/\/mylipfiller.com\/?post_type=product&#038;p=42462"},"modified":"2025-07-15T15:56:19","modified_gmt":"2025-07-15T13:56:19","slug":"lexyal-deep-1-x-1ml","status":"publish","type":"product","link":"https:\/\/mylipfiller.com\/es\/lexyal-deep-1-x-1ml\/","title":{"rendered":"Lexyal Deep (1 x 1 ml)"},"content":{"rendered":"<p>De densidad media, Lexyal Deep es el relleno ideal para abordar uno de los problemas m\u00e1s molestos del envejecimiento natural: las arrugas profundas en la zona media del rostro. Estas incluyen:<\/p>\n<ul>\n<li>Pliegues nasolabiales<\/li>\n<li>L\u00edneas de marionetas<\/li>\n<li>Arrugas del ce\u00f1o<\/li>\n<\/ul>\n<p>Adem\u00e1s, su estructura y propiedades de gel son ideales para voluminizar los labios al instante o mejorar su simetr\u00eda. Cuenta con certificaci\u00f3n CE y cumple con los m\u00e1s altos est\u00e1ndares de seguridad.<\/p>\n<h3>Detalles t\u00e9cnicos<\/h3>\n<p>Aunque 24 mg\/ml de \u00e1cido hialur\u00f3nico puedan parecer est\u00e1ndar para un relleno labial coreano, son los detalles los que distinguen a Lexyal Deep. El proceso de reticulaci\u00f3n se realiza mediante la tecnolog\u00eda PNCL\u2122, que permite minimizar la proporci\u00f3n de reticulaci\u00f3n, mantener m\u00e1s de 95% de la pureza natural del \u00e1cido hialur\u00f3nico y, al mismo tiempo, minimizar cualquier residuo de BDDE por debajo de niveles detectables (menos de 0,2 ppm). Como se mencion\u00f3 anteriormente, el grado de modificaci\u00f3n (MoD) es de tan solo 2,13% y Lexyal Deep se integra con los tejidos d\u00e9rmicos de forma m\u00e1s natural que la mayor\u00eda de los rellenos, lo que lo hace m\u00e1s biocompatible.<\/p>\n<p>Lexyal Deep est\u00e1 optimizado para ofrecer resultados superiores en la zona media del rostro, ya sea como relleno de labios o para el tratamiento de pliegues moderados a profundos. Presenta un alto m\u00f3dulo el\u00e1stico (G&#039;) y una viscoelasticidad adaptada para ofrecer resultados de aspecto muy natural. El relleno es seguro y sus niveles de endotoxinas de 0,005 EU\/ml est\u00e1n muy por debajo de la norma de seguridad aceptada de 0,25 EU\/ml.<\/p>\n<p>Las pruebas de laboratorio y los ensayos cl\u00ednicos han arrojado buenos resultados sobre la durabilidad de Lexyal Deeps: se espera una duraci\u00f3n de 6 a 9 meses (o incluso m\u00e1s) para una eliminaci\u00f3n eficaz de arrugas profundas y pliegues cut\u00e1neos. Una sola caja de Lexyal Deep contiene 1 ml de gel de relleno y deber\u00eda ser suficiente para reducir eficazmente los pliegues nasolabiales o aumentar el volumen y la simetr\u00eda de los labios.<\/p>\n<h3>Caracter\u00edsticas clave<\/h3>\n<ul>\n<li><strong>Uso:<\/strong> Arrugas y pliegues moderados a profundos<\/li>\n<li><strong>Concentraci\u00f3n de HA:<\/strong> 24 mg\/ml<\/li>\n<li><strong>Residuos de BDDE:<\/strong> &lt;0,2 ppm<\/li>\n<li><strong>Ministerio de Defensa:<\/strong> 2.13%<\/li>\n<li><strong>Niveles de endotoxinas:<\/strong> &lt;0,005 UE\/ml<\/li>\n<li><strong>Tecnolog\u00eda patentada:<\/strong> Reticulaci\u00f3n PNCL\u2122<\/li>\n<li><strong>Contenido de la caja:<\/strong> Jeringa de 1 ml + agujas 27G<\/li>\n<li><strong>Reolog\u00eda:<\/strong> Alto m\u00f3dulo para soporte cohesivo<\/li>\n<li><strong>Proceso de dar un t\u00edtulo:<\/strong> Marcado CE<\/li>\n<\/ul>","protected":false},"excerpt":{"rendered":"<p>Con certificaci\u00f3n de seguridad CE, Lexyal Deep es un relleno d\u00e9rmico altamente eficaz para el tercio medio facial, ideal para el realce de labios y el tratamiento de arrugas de medianas a profundas, especialmente en la zona media del rostro. Su concentraci\u00f3n de HA es de 24 mg por jeringa (1 ml), su proporci\u00f3n de part\u00edculas de BDDA es incluso inferior a 0,2 ppm y su MoD 2.13% garantiza una biocompatibilidad superior con los tejidos d\u00e9rmicos. Es muy seguro y presenta niveles ultrabajos de endotoxinas.<\/p>","protected":false},"featured_media":42465,"template":"","meta":{"_acf_changed":false},"product_brand":[],"product_cat":[17,201,33],"product_tag":[144,123,114,111,118,151,133,107,106,135,134,137,120],"class_list":{"0":"post-42462","1":"product","2":"type-product","3":"status-publish","4":"has-post-thumbnail","6":"product_cat-fillers","7":"product_cat-lexyal","8":"product_cat-lip","9":"product_tag-anti-wrinkle","10":"product_tag-asymmetry","11":"product_tag-chin","12":"product_tag-face","13":"product_tag-high-density","14":"product_tag-hyaluronic-acid-ha-fillers","15":"product_tag-marionette-lines","16":"product_tag-nasolabial-folds","17":"product_tag-nasolacrimal-furrows","18":"product_tag-small-chin","19":"product_tag-small-lips","20":"product_tag-south-korea","21":"product_tag-up-to-12-months","23":"first","24":"instock","25":"taxable","26":"shipping-taxable","27":"purchasable","28":"product-type-simple"},"acf":[],"yoast_head":"<!-- This site is optimized with the Yoast SEO plugin v27.4 - https:\/\/yoast.com\/product\/yoast-seo-wordpress\/ -->\n<title>Buy Lexyal Deep (1 x 1ml) - Fillers from My Lip Filler<\/title>\n<meta name=\"description\" content=\"\u2765Buy Lexyal Deep (1 x 1ml) \u23e9 My Lip Filler online store \u27a6 Quality assurance, reviews, ingredients, best prices!\" \/>\n<meta name=\"robots\" content=\"index, follow, max-snippet:-1, max-image-preview:large, max-video-preview:-1\" \/>\n<link rel=\"canonical\" href=\"https:\/\/mylipfiller.com\/es\/lexyal-deep-1-x-1ml\/\" \/>\n<meta property=\"og:locale\" content=\"es_MX\" \/>\n<meta property=\"og:type\" content=\"article\" \/>\n<meta property=\"og:title\" content=\"Buy Lexyal Deep (1 x 1ml) - Fillers from My Lip Filler\" \/>\n<meta property=\"og:description\" content=\"\u2765Buy Lexyal Deep (1 x 1ml) \u23e9 My Lip Filler online store \u27a6 Quality assurance, reviews, ingredients, best prices!\" \/>\n<meta property=\"og:url\" content=\"https:\/\/mylipfiller.com\/es\/lexyal-deep-1-x-1ml\/\" \/>\n<meta property=\"og:site_name\" content=\"My Lip Filler\" \/>\n<meta property=\"article:modified_time\" content=\"2025-07-15T13:56:19+00:00\" \/>\n<meta property=\"og:image\" content=\"https:\/\/cdn.mylipfiller.com\/wp-content\/uploads\/2025\/07\/Lexyal-Deep.jpg\" \/>\n\t<meta property=\"og:image:width\" content=\"600\" \/>\n\t<meta property=\"og:image:height\" content=\"600\" \/>\n\t<meta property=\"og:image:type\" content=\"image\/jpeg\" \/>\n<meta name=\"twitter:card\" content=\"summary_large_image\" \/>\n<meta name=\"twitter:label1\" content=\"Tiempo de lectura\" \/>\n\t<meta name=\"twitter:data1\" content=\"2 minutos\" \/>\n<script type=\"application\/ld+json\" class=\"yoast-schema-graph\">{\"@context\":\"https:\\\/\\\/schema.org\",\"@graph\":[{\"@type\":\"WebPage\",\"@id\":\"https:\\\/\\\/mylipfiller.com\\\/lexyal-deep-1-x-1ml\\\/\",\"url\":\"https:\\\/\\\/mylipfiller.com\\\/lexyal-deep-1-x-1ml\\\/\",\"name\":\"Buy Lexyal Deep (1 x 1ml) - Fillers from My Lip Filler\",\"isPartOf\":{\"@id\":\"https:\\\/\\\/mylipfiller.com\\\/#website\"},\"primaryImageOfPage\":{\"@id\":\"https:\\\/\\\/mylipfiller.com\\\/lexyal-deep-1-x-1ml\\\/#primaryimage\"},\"image\":{\"@id\":\"https:\\\/\\\/mylipfiller.com\\\/lexyal-deep-1-x-1ml\\\/#primaryimage\"},\"thumbnailUrl\":\"https:\\\/\\\/mylipfiller.com\\\/wp-content\\\/uploads\\\/2025\\\/07\\\/Lexyal-Deep.jpg\",\"datePublished\":\"2025-07-15T13:37:25+00:00\",\"dateModified\":\"2025-07-15T13:56:19+00:00\",\"description\":\"\u2765Buy Lexyal Deep (1 x 1ml) \u23e9 My Lip Filler online store \u27a6 Quality assurance, reviews, ingredients, best prices!\",\"breadcrumb\":{\"@id\":\"https:\\\/\\\/mylipfiller.com\\\/lexyal-deep-1-x-1ml\\\/#breadcrumb\"},\"inLanguage\":\"es\",\"potentialAction\":[{\"@type\":\"ReadAction\",\"target\":[\"https:\\\/\\\/mylipfiller.com\\\/lexyal-deep-1-x-1ml\\\/\"]}]},{\"@type\":\"ImageObject\",\"inLanguage\":\"es\",\"@id\":\"https:\\\/\\\/mylipfiller.com\\\/lexyal-deep-1-x-1ml\\\/#primaryimage\",\"url\":\"https:\\\/\\\/mylipfiller.com\\\/wp-content\\\/uploads\\\/2025\\\/07\\\/Lexyal-Deep.jpg\",\"contentUrl\":\"https:\\\/\\\/mylipfiller.com\\\/wp-content\\\/uploads\\\/2025\\\/07\\\/Lexyal-Deep.jpg\",\"width\":600,\"height\":600,\"caption\":\"Lexyal Deep\"},{\"@type\":\"BreadcrumbList\",\"@id\":\"https:\\\/\\\/mylipfiller.com\\\/lexyal-deep-1-x-1ml\\\/#breadcrumb\",\"itemListElement\":[{\"@type\":\"ListItem\",\"position\":1,\"name\":\"Home\",\"item\":\"https:\\\/\\\/mylipfiller.com\\\/\"},{\"@type\":\"ListItem\",\"position\":2,\"name\":\"Shop\",\"item\":\"https:\\\/\\\/mylipfiller.com\\\/shop\\\/\"},{\"@type\":\"ListItem\",\"position\":3,\"name\":\"Lexyal Deep (1 x 1ml)\"}]},{\"@type\":\"WebSite\",\"@id\":\"https:\\\/\\\/mylipfiller.com\\\/#website\",\"url\":\"https:\\\/\\\/mylipfiller.com\\\/\",\"name\":\"My Lip Filler\",\"description\":\"Hyaluronic Acid Lip and Dermal Fillers\",\"publisher\":{\"@id\":\"https:\\\/\\\/mylipfiller.com\\\/#organization\"},\"potentialAction\":[{\"@type\":\"SearchAction\",\"target\":{\"@type\":\"EntryPoint\",\"urlTemplate\":\"https:\\\/\\\/mylipfiller.com\\\/?s={search_term_string}\"},\"query-input\":{\"@type\":\"PropertyValueSpecification\",\"valueRequired\":true,\"valueName\":\"search_term_string\"}}],\"inLanguage\":\"es\"},{\"@type\":\"Organization\",\"@id\":\"https:\\\/\\\/mylipfiller.com\\\/#organization\",\"name\":\"My Lip Filler\",\"url\":\"https:\\\/\\\/mylipfiller.com\\\/\",\"logo\":{\"@type\":\"ImageObject\",\"inLanguage\":\"es\",\"@id\":\"https:\\\/\\\/mylipfiller.com\\\/#\\\/schema\\\/logo\\\/image\\\/\",\"url\":\"https:\\\/\\\/mylipfiller.com\\\/wp-content\\\/uploads\\\/2019\\\/02\\\/cropped-My-Lip-Filler-Logo.png\",\"contentUrl\":\"https:\\\/\\\/mylipfiller.com\\\/wp-content\\\/uploads\\\/2019\\\/02\\\/cropped-My-Lip-Filler-Logo.png\",\"width\":240,\"height\":88,\"caption\":\"My Lip Filler\"},\"image\":{\"@id\":\"https:\\\/\\\/mylipfiller.com\\\/#\\\/schema\\\/logo\\\/image\\\/\"}}]}<\/script>\n<!-- \/ Yoast SEO plugin. -->","yoast_head_json":{"title":"Comprar Lexyal Deep (1 x 1 ml) - Rellenos de My Lip Filler","description":"\u2765Comprar Lexyal Deep (1 x 1ml) \u23e9 Mi tienda online de relleno de labios \u27a6 \u00a1Garant\u00eda de calidad, opiniones, ingredientes, mejores precios!","robots":{"index":"index","follow":"follow","max-snippet":"max-snippet:-1","max-image-preview":"max-image-preview:large","max-video-preview":"max-video-preview:-1"},"canonical":"https:\/\/mylipfiller.com\/es\/lexyal-deep-1-x-1ml\/","og_locale":"es_MX","og_type":"article","og_title":"Buy Lexyal Deep (1 x 1ml) - Fillers from My Lip Filler","og_description":"\u2765Buy Lexyal Deep (1 x 1ml) \u23e9 My Lip Filler online store \u27a6 Quality assurance, reviews, ingredients, best prices!","og_url":"https:\/\/mylipfiller.com\/es\/lexyal-deep-1-x-1ml\/","og_site_name":"My Lip Filler","article_modified_time":"2025-07-15T13:56:19+00:00","og_image":[{"width":600,"height":600,"url":"https:\/\/cdn.mylipfiller.com\/wp-content\/uploads\/2025\/07\/Lexyal-Deep.jpg","type":"image\/jpeg"}],"twitter_card":"summary_large_image","twitter_misc":{"Tiempo de lectura":"2 minutos"},"schema":{"@context":"https:\/\/schema.org","@graph":[{"@type":"WebPage","@id":"https:\/\/mylipfiller.com\/lexyal-deep-1-x-1ml\/","url":"https:\/\/mylipfiller.com\/lexyal-deep-1-x-1ml\/","name":"Comprar Lexyal Deep (1 x 1 ml) - Rellenos de My Lip Filler","isPartOf":{"@id":"https:\/\/mylipfiller.com\/#website"},"primaryImageOfPage":{"@id":"https:\/\/mylipfiller.com\/lexyal-deep-1-x-1ml\/#primaryimage"},"image":{"@id":"https:\/\/mylipfiller.com\/lexyal-deep-1-x-1ml\/#primaryimage"},"thumbnailUrl":"https:\/\/cdn.mylipfiller.com\/wp-content\/uploads\/2025\/07\/Lexyal-Deep.jpg","datePublished":"2025-07-15T13:37:25+00:00","dateModified":"2025-07-15T13:56:19+00:00","description":"\u2765Comprar Lexyal Deep (1 x 1ml) \u23e9 Mi tienda online de relleno de labios \u27a6 \u00a1Garant\u00eda de calidad, opiniones, ingredientes, mejores precios!","breadcrumb":{"@id":"https:\/\/mylipfiller.com\/lexyal-deep-1-x-1ml\/#breadcrumb"},"inLanguage":"es","potentialAction":[{"@type":"ReadAction","target":["https:\/\/mylipfiller.com\/lexyal-deep-1-x-1ml\/"]}]},{"@type":"ImageObject","inLanguage":"es","@id":"https:\/\/mylipfiller.com\/lexyal-deep-1-x-1ml\/#primaryimage","url":"https:\/\/cdn.mylipfiller.com\/wp-content\/uploads\/2025\/07\/Lexyal-Deep.jpg","contentUrl":"https:\/\/cdn.mylipfiller.com\/wp-content\/uploads\/2025\/07\/Lexyal-Deep.jpg","width":600,"height":600,"caption":"Lexyal Deep"},{"@type":"BreadcrumbList","@id":"https:\/\/mylipfiller.com\/lexyal-deep-1-x-1ml\/#breadcrumb","itemListElement":[{"@type":"ListItem","position":1,"name":"Home","item":"https:\/\/mylipfiller.com\/"},{"@type":"ListItem","position":2,"name":"Shop","item":"https:\/\/mylipfiller.com\/shop\/"},{"@type":"ListItem","position":3,"name":"Lexyal Deep (1 x 1ml)"}]},{"@type":"WebSite","@id":"https:\/\/mylipfiller.com\/#website","url":"https:\/\/mylipfiller.com\/","name":"Mi relleno de labios","description":"Rellenos d\u00e9rmicos y de labios con \u00e1cido hialur\u00f3nico","publisher":{"@id":"https:\/\/mylipfiller.com\/#organization"},"potentialAction":[{"@type":"SearchAction","target":{"@type":"EntryPoint","urlTemplate":"https:\/\/mylipfiller.com\/?s={search_term_string}"},"query-input":{"@type":"PropertyValueSpecification","valueRequired":true,"valueName":"search_term_string"}}],"inLanguage":"es"},{"@type":"Organization","@id":"https:\/\/mylipfiller.com\/#organization","name":"Mi relleno de labios","url":"https:\/\/mylipfiller.com\/","logo":{"@type":"ImageObject","inLanguage":"es","@id":"https:\/\/mylipfiller.com\/#\/schema\/logo\/image\/","url":"https:\/\/cdn.mylipfiller.com\/wp-content\/uploads\/2019\/02\/cropped-My-Lip-Filler-Logo.png","contentUrl":"https:\/\/cdn.mylipfiller.com\/wp-content\/uploads\/2019\/02\/cropped-My-Lip-Filler-Logo.png","width":240,"height":88,"caption":"My Lip Filler"},"image":{"@id":"https:\/\/mylipfiller.com\/#\/schema\/logo\/image\/"}}]}},"_links":{"self":[{"href":"https:\/\/mylipfiller.com\/es\/wp-json\/wp\/v2\/product\/42462","targetHints":{"allow":["GET"]}}],"collection":[{"href":"https:\/\/mylipfiller.com\/es\/wp-json\/wp\/v2\/product"}],"about":[{"href":"https:\/\/mylipfiller.com\/es\/wp-json\/wp\/v2\/types\/product"}],"wp:featuredmedia":[{"embeddable":true,"href":"https:\/\/mylipfiller.com\/es\/wp-json\/wp\/v2\/media\/42465"}],"wp:attachment":[{"href":"https:\/\/mylipfiller.com\/es\/wp-json\/wp\/v2\/media?parent=42462"}],"wp:term":[{"taxonomy":"product_brand","embeddable":true,"href":"https:\/\/mylipfiller.com\/es\/wp-json\/wp\/v2\/product_brand?post=42462"},{"taxonomy":"product_cat","embeddable":true,"href":"https:\/\/mylipfiller.com\/es\/wp-json\/wp\/v2\/product_cat?post=42462"},{"taxonomy":"product_tag","embeddable":true,"href":"https:\/\/mylipfiller.com\/es\/wp-json\/wp\/v2\/product_tag?post=42462"}],"curies":[{"name":"gracias","href":"https:\/\/api.w.org\/{rel}","templated":true}]}}