{"id":42463,"date":"2025-07-15T15:37:24","date_gmt":"2025-07-15T13:37:24","guid":{"rendered":"https:\/\/mylipfiller.com\/?post_type=product&#038;p=42463"},"modified":"2025-07-15T15:56:09","modified_gmt":"2025-07-15T13:56:09","slug":"lexyal-grand-1-x-1ml","status":"publish","type":"product","link":"https:\/\/mylipfiller.com\/es\/lexyal-grand-1-x-1ml\/","title":{"rendered":"Lexyal Grand (1 x 1 ml)"},"content":{"rendered":"<p>Lexyal Grand es un relleno d\u00e9rmico muy denso, que se utiliza principalmente para:<\/p>\n<ul>\n<li>Rellena arrugas y pliegues profundos a muy profundos.<\/li>\n<li>Levantamiento de tejidos d\u00e9rmicos fl\u00e1cidos, particularmente en el \u00e1rea de las mejillas.<\/li>\n<li>Contornear el \u00f3valo facial (l\u00ednea de la mand\u00edbula)<\/li>\n<li>Esculpir rasgos faciales (ment\u00f3n, nariz y p\u00f3mulos)<\/li>\n<\/ul>\n<p>Este relleno d\u00e9rmico es muy seguro. Al igual que los otros dos productos de la serie Lexyal, cuenta con certificaci\u00f3n CE y es adherente, y se fabrica con el \u00e1cido hialur\u00f3nico reticulado natural preservado. PNCL\u2122 permite conservar las propiedades naturales del \u00e1cido hialur\u00f3nico con una pureza de AH superior a 95%. Una vez fabricado el gel, los niveles de BDDE se encuentran por debajo de los niveles detectables, inferiores a 0,2 ppm. La concentraci\u00f3n de AH en el gel es de 24 mg\/ml y el gel tiene un grado de modificaci\u00f3n (MoD) de 3,31%, superior al de los otros dos productos, pero a\u00fan muy por debajo de la media del sector. Esto significa que el gel es altamente biocompatible y se integra a la perfecci\u00f3n con los tejidos d\u00e9rmicos, logrando un equilibrio entre las propiedades de soporte y la flexibilidad necesaria.<\/p>\n<p>El lifting estructural de Lexyal Grand es excelente, con una viscoelasticidad optimizada y una alta viscosidad G&#039; y de cizallamiento. Esto permite conservar adecuadamente la forma del rasgo facial o el contorno del \u00f3valo, adem\u00e1s de que el efecto lifting se mantiene durante m\u00e1s tiempo. Todo esto se logra manteniendo los niveles de endotoxinas al m\u00ednimo (menos de 0,005 EU\/ml), muy por debajo de los niveles aceptados como seguros en la industria de los rellenos.<\/p>\n<p>En la pr\u00e1ctica, Lexyal Grand ofrece contorno facial, relleno y lifting durante m\u00e1s de 12 meses, con resultados muy naturales y, lo m\u00e1s importante, una experiencia segura con m\u00ednimas reacciones adversas postoperatorias, especialmente en cuanto a inflamaci\u00f3n. Cada caja contiene un relleno de 1 ml y dos agujas de calibre 27. Es el producto de modelado que dermat\u00f3logos y profesionales certificados eligen cuando necesitan refinar y corregir el contorno facial.<\/p>\n<h3>Caracter\u00edsticas clave<\/h3>\n<ul>\n<li><strong>Uso:<\/strong> Arrugas muy profundas a severas, contorno, lifting, escultura.<\/li>\n<li><strong>Concentraci\u00f3n de HA:<\/strong> 24 mg\/ml<\/li>\n<li><strong>Niveles de residuos de BDDE:<\/strong> &lt;0,2 ppm<\/li>\n<li><strong>Ministerio de Defensa:<\/strong> 3.31%<\/li>\n<li><strong>Niveles de endotoxinas:<\/strong> &lt;0,005 UE\/ml<\/li>\n<li><strong>Tecnolog\u00eda patentada:<\/strong> Estabilizaci\u00f3n monof\u00e1sica PNCL\u2122<\/li>\n<li><strong>Contenido de la caja:<\/strong> Jeringa precargada de 1 ml con dos agujas de calibre 27<\/li>\n<li><strong>Propiedades f\u00edsicas:<\/strong> Alta resistencia (G&#039;) para elevaci\u00f3n estructural<\/li>\n<li><strong>Datos de pruebas cl\u00ednicas:<\/strong> Mejora demostrada de GAIS\/WSRS a las 48 semanas<\/li>\n<li><strong>Proceso de dar un t\u00edtulo:<\/strong> Marcado CE<\/li>\n<\/ul>","protected":false},"excerpt":{"rendered":"<p>Dise\u00f1ado para corregir las arrugas y pliegues faciales m\u00e1s pronunciados, realzar los tejidos fl\u00e1cidos y definir el contorno facial, Lexyal Grand es un relleno denso para modelado facial con certificaci\u00f3n CE. Entre sus especificaciones, presenta una concentraci\u00f3n de HA de 24 mg\/ml, un residuo de BDDE muy bajo (menos de 0,2 ppm) y un MoD de 3.31%, muy por debajo del est\u00e1ndar de la industria, lo que lo hace perfectamente biocompatible.<\/p>","protected":false},"featured_media":42464,"template":"","meta":{"_acf_changed":false},"product_brand":[],"product_cat":[34,201],"product_tag":[123,130,131,115,114,111,112,118,151,141,107,135,137,110,122,124],"class_list":{"0":"post-42463","1":"product","2":"type-product","3":"status-publish","4":"has-post-thumbnail","6":"product_cat-hard","7":"product_cat-lexyal","8":"product_tag-asymmetry","9":"product_tag-cheek-volume","10":"product_tag-cheekbone-contour","11":"product_tag-cheekbones","12":"product_tag-chin","13":"product_tag-face","14":"product_tag-forehead","15":"product_tag-high-density","16":"product_tag-hyaluronic-acid-ha-fillers","17":"product_tag-lifting","18":"product_tag-nasolabial-folds","19":"product_tag-small-chin","20":"product_tag-south-korea","21":"product_tag-temple","22":"product_tag-up-to-18-months","23":"product_tag-volume","25":"first","26":"instock","27":"taxable","28":"shipping-taxable","29":"purchasable","30":"product-type-simple"},"acf":[],"yoast_head":"<!-- This site is optimized with the Yoast SEO plugin v27.3 - https:\/\/yoast.com\/product\/yoast-seo-wordpress\/ -->\n<title>Buy Lexyal Grand (1 x 1ml) - Fillers from My Lip Filler<\/title>\n<meta name=\"description\" content=\"\u2765Buy Lexyal Grand (1 x 1ml) \u23e9 My Lip Filler online store \u27a6 Quality assurance, reviews, ingredients, best prices!\" \/>\n<meta name=\"robots\" content=\"index, follow, max-snippet:-1, max-image-preview:large, max-video-preview:-1\" \/>\n<link rel=\"canonical\" href=\"https:\/\/mylipfiller.com\/es\/lexyal-grand-1-x-1ml\/\" \/>\n<meta property=\"og:locale\" content=\"es_MX\" \/>\n<meta property=\"og:type\" content=\"article\" \/>\n<meta property=\"og:title\" content=\"Buy Lexyal Grand (1 x 1ml) - Fillers from My Lip Filler\" \/>\n<meta property=\"og:description\" content=\"\u2765Buy Lexyal Grand (1 x 1ml) \u23e9 My Lip Filler online store \u27a6 Quality assurance, reviews, ingredients, best prices!\" \/>\n<meta property=\"og:url\" content=\"https:\/\/mylipfiller.com\/es\/lexyal-grand-1-x-1ml\/\" \/>\n<meta property=\"og:site_name\" content=\"My Lip Filler\" \/>\n<meta property=\"article:modified_time\" content=\"2025-07-15T13:56:09+00:00\" \/>\n<meta property=\"og:image\" content=\"https:\/\/cdn.mylipfiller.com\/wp-content\/uploads\/2025\/07\/Lexyal-Grand.jpg\" \/>\n\t<meta property=\"og:image:width\" content=\"600\" \/>\n\t<meta property=\"og:image:height\" content=\"600\" \/>\n\t<meta property=\"og:image:type\" content=\"image\/jpeg\" \/>\n<meta name=\"twitter:card\" content=\"summary_large_image\" \/>\n<meta name=\"twitter:label1\" content=\"Tiempo de lectura\" \/>\n\t<meta name=\"twitter:data1\" content=\"2 minutos\" \/>\n<script type=\"application\/ld+json\" class=\"yoast-schema-graph\">{\"@context\":\"https:\\\/\\\/schema.org\",\"@graph\":[{\"@type\":\"WebPage\",\"@id\":\"https:\\\/\\\/mylipfiller.com\\\/lexyal-grand-1-x-1ml\\\/\",\"url\":\"https:\\\/\\\/mylipfiller.com\\\/lexyal-grand-1-x-1ml\\\/\",\"name\":\"Buy Lexyal Grand (1 x 1ml) - Fillers from My Lip Filler\",\"isPartOf\":{\"@id\":\"https:\\\/\\\/mylipfiller.com\\\/#website\"},\"primaryImageOfPage\":{\"@id\":\"https:\\\/\\\/mylipfiller.com\\\/lexyal-grand-1-x-1ml\\\/#primaryimage\"},\"image\":{\"@id\":\"https:\\\/\\\/mylipfiller.com\\\/lexyal-grand-1-x-1ml\\\/#primaryimage\"},\"thumbnailUrl\":\"https:\\\/\\\/mylipfiller.com\\\/wp-content\\\/uploads\\\/2025\\\/07\\\/Lexyal-Grand.jpg\",\"datePublished\":\"2025-07-15T13:37:24+00:00\",\"dateModified\":\"2025-07-15T13:56:09+00:00\",\"description\":\"\u2765Buy Lexyal Grand (1 x 1ml) \u23e9 My Lip Filler online store \u27a6 Quality assurance, reviews, ingredients, best prices!\",\"breadcrumb\":{\"@id\":\"https:\\\/\\\/mylipfiller.com\\\/lexyal-grand-1-x-1ml\\\/#breadcrumb\"},\"inLanguage\":\"es\",\"potentialAction\":[{\"@type\":\"ReadAction\",\"target\":[\"https:\\\/\\\/mylipfiller.com\\\/lexyal-grand-1-x-1ml\\\/\"]}]},{\"@type\":\"ImageObject\",\"inLanguage\":\"es\",\"@id\":\"https:\\\/\\\/mylipfiller.com\\\/lexyal-grand-1-x-1ml\\\/#primaryimage\",\"url\":\"https:\\\/\\\/mylipfiller.com\\\/wp-content\\\/uploads\\\/2025\\\/07\\\/Lexyal-Grand.jpg\",\"contentUrl\":\"https:\\\/\\\/mylipfiller.com\\\/wp-content\\\/uploads\\\/2025\\\/07\\\/Lexyal-Grand.jpg\",\"width\":600,\"height\":600,\"caption\":\"Lexyal Grand\"},{\"@type\":\"BreadcrumbList\",\"@id\":\"https:\\\/\\\/mylipfiller.com\\\/lexyal-grand-1-x-1ml\\\/#breadcrumb\",\"itemListElement\":[{\"@type\":\"ListItem\",\"position\":1,\"name\":\"Home\",\"item\":\"https:\\\/\\\/mylipfiller.com\\\/\"},{\"@type\":\"ListItem\",\"position\":2,\"name\":\"Shop\",\"item\":\"https:\\\/\\\/mylipfiller.com\\\/shop\\\/\"},{\"@type\":\"ListItem\",\"position\":3,\"name\":\"Lexyal Grand (1 x 1ml)\"}]},{\"@type\":\"WebSite\",\"@id\":\"https:\\\/\\\/mylipfiller.com\\\/#website\",\"url\":\"https:\\\/\\\/mylipfiller.com\\\/\",\"name\":\"My Lip Filler\",\"description\":\"Hyaluronic Acid Lip and Dermal Fillers\",\"publisher\":{\"@id\":\"https:\\\/\\\/mylipfiller.com\\\/#organization\"},\"potentialAction\":[{\"@type\":\"SearchAction\",\"target\":{\"@type\":\"EntryPoint\",\"urlTemplate\":\"https:\\\/\\\/mylipfiller.com\\\/?s={search_term_string}\"},\"query-input\":{\"@type\":\"PropertyValueSpecification\",\"valueRequired\":true,\"valueName\":\"search_term_string\"}}],\"inLanguage\":\"es\"},{\"@type\":\"Organization\",\"@id\":\"https:\\\/\\\/mylipfiller.com\\\/#organization\",\"name\":\"My Lip Filler\",\"url\":\"https:\\\/\\\/mylipfiller.com\\\/\",\"logo\":{\"@type\":\"ImageObject\",\"inLanguage\":\"es\",\"@id\":\"https:\\\/\\\/mylipfiller.com\\\/#\\\/schema\\\/logo\\\/image\\\/\",\"url\":\"https:\\\/\\\/mylipfiller.com\\\/wp-content\\\/uploads\\\/2019\\\/02\\\/cropped-My-Lip-Filler-Logo.png\",\"contentUrl\":\"https:\\\/\\\/mylipfiller.com\\\/wp-content\\\/uploads\\\/2019\\\/02\\\/cropped-My-Lip-Filler-Logo.png\",\"width\":240,\"height\":88,\"caption\":\"My Lip Filler\"},\"image\":{\"@id\":\"https:\\\/\\\/mylipfiller.com\\\/#\\\/schema\\\/logo\\\/image\\\/\"}}]}<\/script>\n<!-- \/ Yoast SEO plugin. -->","yoast_head_json":{"title":"Comprar Lexyal Grand (1 x 1 ml) - Rellenos de My Lip Filler","description":"\u2765Comprar Lexyal Grand (1 x 1ml) \u23e9 Mi tienda online de relleno de labios \u27a6 \u00a1Garant\u00eda de calidad, opiniones, ingredientes, mejores precios!","robots":{"index":"index","follow":"follow","max-snippet":"max-snippet:-1","max-image-preview":"max-image-preview:large","max-video-preview":"max-video-preview:-1"},"canonical":"https:\/\/mylipfiller.com\/es\/lexyal-grand-1-x-1ml\/","og_locale":"es_MX","og_type":"article","og_title":"Buy Lexyal Grand (1 x 1ml) - Fillers from My Lip Filler","og_description":"\u2765Buy Lexyal Grand (1 x 1ml) \u23e9 My Lip Filler online store \u27a6 Quality assurance, reviews, ingredients, best prices!","og_url":"https:\/\/mylipfiller.com\/es\/lexyal-grand-1-x-1ml\/","og_site_name":"My Lip Filler","article_modified_time":"2025-07-15T13:56:09+00:00","og_image":[{"width":600,"height":600,"url":"https:\/\/cdn.mylipfiller.com\/wp-content\/uploads\/2025\/07\/Lexyal-Grand.jpg","type":"image\/jpeg"}],"twitter_card":"summary_large_image","twitter_misc":{"Tiempo de lectura":"2 minutos"},"schema":{"@context":"https:\/\/schema.org","@graph":[{"@type":"WebPage","@id":"https:\/\/mylipfiller.com\/lexyal-grand-1-x-1ml\/","url":"https:\/\/mylipfiller.com\/lexyal-grand-1-x-1ml\/","name":"Comprar Lexyal Grand (1 x 1 ml) - Rellenos de My Lip Filler","isPartOf":{"@id":"https:\/\/mylipfiller.com\/#website"},"primaryImageOfPage":{"@id":"https:\/\/mylipfiller.com\/lexyal-grand-1-x-1ml\/#primaryimage"},"image":{"@id":"https:\/\/mylipfiller.com\/lexyal-grand-1-x-1ml\/#primaryimage"},"thumbnailUrl":"https:\/\/cdn.mylipfiller.com\/wp-content\/uploads\/2025\/07\/Lexyal-Grand.jpg","datePublished":"2025-07-15T13:37:24+00:00","dateModified":"2025-07-15T13:56:09+00:00","description":"\u2765Comprar Lexyal Grand (1 x 1ml) \u23e9 Mi tienda online de relleno de labios \u27a6 \u00a1Garant\u00eda de calidad, opiniones, ingredientes, mejores precios!","breadcrumb":{"@id":"https:\/\/mylipfiller.com\/lexyal-grand-1-x-1ml\/#breadcrumb"},"inLanguage":"es","potentialAction":[{"@type":"ReadAction","target":["https:\/\/mylipfiller.com\/lexyal-grand-1-x-1ml\/"]}]},{"@type":"ImageObject","inLanguage":"es","@id":"https:\/\/mylipfiller.com\/lexyal-grand-1-x-1ml\/#primaryimage","url":"https:\/\/cdn.mylipfiller.com\/wp-content\/uploads\/2025\/07\/Lexyal-Grand.jpg","contentUrl":"https:\/\/cdn.mylipfiller.com\/wp-content\/uploads\/2025\/07\/Lexyal-Grand.jpg","width":600,"height":600,"caption":"Lexyal Grand"},{"@type":"BreadcrumbList","@id":"https:\/\/mylipfiller.com\/lexyal-grand-1-x-1ml\/#breadcrumb","itemListElement":[{"@type":"ListItem","position":1,"name":"Home","item":"https:\/\/mylipfiller.com\/"},{"@type":"ListItem","position":2,"name":"Shop","item":"https:\/\/mylipfiller.com\/shop\/"},{"@type":"ListItem","position":3,"name":"Lexyal Grand (1 x 1ml)"}]},{"@type":"WebSite","@id":"https:\/\/mylipfiller.com\/#website","url":"https:\/\/mylipfiller.com\/","name":"Mi relleno de labios","description":"Rellenos d\u00e9rmicos y de labios con \u00e1cido hialur\u00f3nico","publisher":{"@id":"https:\/\/mylipfiller.com\/#organization"},"potentialAction":[{"@type":"SearchAction","target":{"@type":"EntryPoint","urlTemplate":"https:\/\/mylipfiller.com\/?s={search_term_string}"},"query-input":{"@type":"PropertyValueSpecification","valueRequired":true,"valueName":"search_term_string"}}],"inLanguage":"es"},{"@type":"Organization","@id":"https:\/\/mylipfiller.com\/#organization","name":"Mi relleno de labios","url":"https:\/\/mylipfiller.com\/","logo":{"@type":"ImageObject","inLanguage":"es","@id":"https:\/\/mylipfiller.com\/#\/schema\/logo\/image\/","url":"https:\/\/cdn.mylipfiller.com\/wp-content\/uploads\/2019\/02\/cropped-My-Lip-Filler-Logo.png","contentUrl":"https:\/\/cdn.mylipfiller.com\/wp-content\/uploads\/2019\/02\/cropped-My-Lip-Filler-Logo.png","width":240,"height":88,"caption":"My Lip Filler"},"image":{"@id":"https:\/\/mylipfiller.com\/#\/schema\/logo\/image\/"}}]}},"_links":{"self":[{"href":"https:\/\/mylipfiller.com\/es\/wp-json\/wp\/v2\/product\/42463","targetHints":{"allow":["GET"]}}],"collection":[{"href":"https:\/\/mylipfiller.com\/es\/wp-json\/wp\/v2\/product"}],"about":[{"href":"https:\/\/mylipfiller.com\/es\/wp-json\/wp\/v2\/types\/product"}],"wp:featuredmedia":[{"embeddable":true,"href":"https:\/\/mylipfiller.com\/es\/wp-json\/wp\/v2\/media\/42464"}],"wp:attachment":[{"href":"https:\/\/mylipfiller.com\/es\/wp-json\/wp\/v2\/media?parent=42463"}],"wp:term":[{"taxonomy":"product_brand","embeddable":true,"href":"https:\/\/mylipfiller.com\/es\/wp-json\/wp\/v2\/product_brand?post=42463"},{"taxonomy":"product_cat","embeddable":true,"href":"https:\/\/mylipfiller.com\/es\/wp-json\/wp\/v2\/product_cat?post=42463"},{"taxonomy":"product_tag","embeddable":true,"href":"https:\/\/mylipfiller.com\/es\/wp-json\/wp\/v2\/product_tag?post=42463"}],"curies":[{"name":"gracias","href":"https:\/\/api.w.org\/{rel}","templated":true}]}}