{"id":42483,"date":"2025-07-31T11:29:40","date_gmt":"2025-07-31T09:29:40","guid":{"rendered":"https:\/\/mylipfiller.com\/?post_type=product&#038;p=42483"},"modified":"2025-07-31T11:34:44","modified_gmt":"2025-07-31T09:34:44","slug":"lexyal-pllawer-collagen-booster-200mg","status":"publish","type":"product","link":"https:\/\/mylipfiller.com\/es\/lexyal-pllawer-collagen-booster-200mg\/","title":{"rendered":"Lexyal PLLAWER - Potenciador de col\u00e1geno (200 mg)"},"content":{"rendered":"<p>La esencia de Lexya PLLAWER, como su nombre indica, es el PLLA o \u00e1cido poli-L-l\u00e1ctico. Este pol\u00edmero, completamente biocompatible y biodegradable, es un potente estimulador de col\u00e1geno. Este potenciador, desarrollado por la empresa coreana Double J Holdings, est\u00e1 espec\u00edficamente dise\u00f1ado para el tratamiento de arrugas muy profundas, la restauraci\u00f3n del contorno y la estimulaci\u00f3n general del proceso de neocolag\u00e9nesis en la matriz extracelular (ECM). Un vial del producto contiene 200 mg en polvo, con un tama\u00f1o de part\u00edcula de microesferas de PLLA de entre 30 y 50 \u00b5m. La mezcla contiene CMC (carboximetilcelulosa), que mejora notablemente la distribuci\u00f3n general de las esferas de pol\u00edmero en la dermis. Para crear las condiciones perfectas, tambi\u00e9n se incluye \u00e1cido hialur\u00f3nico en su forma salina, hialuronato de sodio, que mejora la hidrataci\u00f3n, mientras que la trehalosa ralentiza el envejecimiento cut\u00e1neo gracias a sus potentes propiedades antioxidantes y mejora la retenci\u00f3n de humedad.<\/p>\n<p>Generalmente, Lexyal PLLAWER se aplica en la capa subcut\u00e1nea de la piel mediante una c\u00e1nula; una cantidad de entre 23G y 25G deber\u00eda ser suficiente. El efecto general del estimulador de col\u00e1geno PLLA es multietapa. Las primeras mejoras visibles se pueden observar a las dos semanas, aunque la neocolag\u00e9nesis adecuada se activa entre la tercera y la cuarta semana. La piel tarda aproximadamente medio a\u00f1o en absorber completamente las esferas de poli-L-l\u00e1ctido (como se mencion\u00f3, son seguras y totalmente biodegradables), pero el col\u00e1geno sintetizado en la matriz extracelular permanece entre 12 meses y un a\u00f1o y medio.<\/p>\n<h3>Caracter\u00edsticas principales<\/h3>\n<ul>\n<li><strong>Ingrediente principal<\/strong> \u2013 200 mg de \u00e1cido poli-L-l\u00e1ctico en polvo por vial;<\/li>\n<li><strong>Tama\u00f1o de la esfera de PLLA<\/strong> \u2013 30\u201350 \u00b5m, que se considera uniforme;<\/li>\n<li><strong>Excipientes adicionales<\/strong>:\n<ul>\n<li>Hialuronato de sodio: mejora la hidrataci\u00f3n;<\/li>\n<li>Carboximetilcelulosa \u2013 mejora la distribuci\u00f3n;<\/li>\n<li>Trehalosa \u2013 antioxidante, mejora la retenci\u00f3n de humedad;<\/li>\n<\/ul>\n<\/li>\n<li><strong>Profundidad de aplicaci\u00f3n<\/strong> \u2013 capa d\u00e9rmica subcut\u00e1nea;<\/li>\n<li>Etapas del efecto PLLAWER de Lexyal:\n<ul>\n<li>Semana 1-2: restauraci\u00f3n del volumen inicial debido al efecto de PLLA;<\/li>\n<li>Semana 3-4: m\u00e1xima estimulaci\u00f3n de los fibroblastos y m\u00e1xima producci\u00f3n de col\u00e1geno;<\/li>\n<li>6 meses: absorci\u00f3n completa de las esferas de Poli-L-Lactida;<\/li>\n<li>12-18 meses: ECM restaurado y dep\u00f3sitos de col\u00e1geno, propiedades de soporte mejoradas de la capa SubQ de la piel;<\/li>\n<\/ul>\n<\/li>\n<li>Preparaci\u00f3n:\n<ul>\n<li>Mezcle un solo vial con 7 a 8 ml de soluci\u00f3n salina est\u00e9ril;<\/li>\n<li>A\u00f1adir 1 ml de Liodca\u00edna, mezclar bien y dejar actuar durante media hora aproximadamente;<\/li>\n<li>Administrar utilizando una c\u00e1nula de tama\u00f1o 23G-25G;<\/li>\n<\/ul>\n<\/li>\n<li>Beneficios generales:\n<ul>\n<li>Tensado de la piel, lifting visible y restauraci\u00f3n del volumen mediante un proceso natural;<\/li>\n<li>Casi sin efectos secundarios y una f\u00f3rmula de producto segura;<\/li>\n<li>Efectos muy duraderos del refuerzo de col\u00e1geno;<\/li>\n<\/ul>\n<\/li>\n<\/ul>\n<p>Par\u00e1metros t\u00e9cnicos:<\/p>\n<table>\n<tbody>\n<tr>\n<td width=\"312\">Par\u00e1metro<\/td>\n<td width=\"312\">Especificaci\u00f3n<\/td>\n<\/tr>\n<tr>\n<td width=\"312\">\u00c1cido poli-L-l\u00e1ctico<\/td>\n<td width=\"312\">200 mg\/vial; microesferas de 30\u201350 \u00b5m<\/td>\n<\/tr>\n<tr>\n<td width=\"312\">Ingredientes adicionales<\/td>\n<td width=\"312\">CMC, HA, trehalosa<\/td>\n<\/tr>\n<tr>\n<td width=\"312\">Solicitud<\/td>\n<td width=\"312\">Subd\u00e9rmica mediante c\u00e1nula de 23\u201325 G<\/td>\n<\/tr>\n<tr>\n<td width=\"312\">Preparaci\u00f3n<\/td>\n<td width=\"312\">Mezcle 7-8 ml de soluci\u00f3n salina y 1 ml de lidoca\u00edna.<\/td>\n<\/tr>\n<tr>\n<td width=\"312\">Efecto potenciador del col\u00e1geno<\/td>\n<td width=\"312\">Comienza en la segunda semana y alcanza su punto m\u00e1ximo en la cuarta semana.<\/td>\n<\/tr>\n<tr>\n<td width=\"312\">Reabsorci\u00f3n y resultados<\/td>\n<td width=\"312\">El PLLA desaparece aproximadamente a los 6 meses; el col\u00e1geno hasta los 18 meses.<\/td>\n<\/tr>\n<tr>\n<td width=\"312\">Uso<\/td>\n<td width=\"312\">Arrugas profundas, flacidez de la piel, p\u00e9rdida de volumen.<\/td>\n<\/tr>\n<tr>\n<td width=\"312\">Ventajas<\/td>\n<td width=\"312\">Seguro, biocompatible, efecto duradero, reacciones adversas m\u00ednimas.<\/td>\n<\/tr>\n<\/tbody>\n<\/table>","protected":false},"excerpt":{"rendered":"<p>Lexyal PLLAWER, uno de los potenciadores de col\u00e1geno m\u00e1s avanzados del mercado, es un polvo soluble que mezcla \u00e1cido poli-L-l\u00e1ctico, hialuronato de sodio (la sal del \u00e1cido hialur\u00f3nico), carboximetilcelulosa y trehalosa. Su aplicaci\u00f3n en la capa subcut\u00e1nea promueve una restauraci\u00f3n gradual pero r\u00e1pida del volumen de la piel, la reafirmaci\u00f3n de los tejidos fl\u00e1cidos y una piel m\u00e1s firme y suave.<\/p>","protected":false},"featured_media":42487,"template":"","meta":{"_acf_changed":false},"product_brand":[],"product_cat":[201,32],"product_tag":[138,144,131,111,126,112,133,107,106,143,139,132,137],"class_list":{"0":"post-42483","1":"product","2":"type-product","3":"status-publish","4":"has-post-thumbnail","6":"product_cat-lexyal","7":"product_cat-soft","8":"product_tag-anti-aging","9":"product_tag-anti-wrinkle","10":"product_tag-cheekbone-contour","11":"product_tag-face","12":"product_tag-fine-lines","13":"product_tag-forehead","14":"product_tag-marionette-lines","15":"product_tag-nasolabial-folds","16":"product_tag-nasolacrimal-furrows","17":"product_tag-rejuvenating","18":"product_tag-restoration","19":"product_tag-sagging-skin","20":"product_tag-south-korea","22":"first","23":"instock","24":"taxable","25":"shipping-taxable","26":"product-type-simple"},"acf":[],"yoast_head":"<!-- This site is optimized with the Yoast SEO plugin v27.2 - https:\/\/yoast.com\/product\/yoast-seo-wordpress\/ -->\n<title>Buy Lexyal PLLAWER Collagen Booster (200mg) - Fillers from My Lip Filler<\/title>\n<meta name=\"description\" content=\"\u2765Buy Lexyal PLLAWER Collagen Booster (200mg) \u23e9 My Lip Filler online store \u27a6 Quality assurance, reviews, ingredients, best prices!\" \/>\n<meta name=\"robots\" content=\"index, follow, max-snippet:-1, max-image-preview:large, max-video-preview:-1\" \/>\n<link rel=\"canonical\" href=\"https:\/\/mylipfiller.com\/es\/lexyal-pllawer-collagen-booster-200mg\/\" \/>\n<meta property=\"og:locale\" content=\"es_MX\" \/>\n<meta property=\"og:type\" content=\"article\" \/>\n<meta property=\"og:title\" content=\"Buy Lexyal PLLAWER Collagen Booster (200mg) - Fillers from My Lip Filler\" \/>\n<meta property=\"og:description\" content=\"\u2765Buy Lexyal PLLAWER Collagen Booster (200mg) \u23e9 My Lip Filler online store \u27a6 Quality assurance, reviews, ingredients, best prices!\" \/>\n<meta property=\"og:url\" content=\"https:\/\/mylipfiller.com\/es\/lexyal-pllawer-collagen-booster-200mg\/\" \/>\n<meta property=\"og:site_name\" content=\"My Lip Filler\" \/>\n<meta property=\"article:modified_time\" content=\"2025-07-31T09:34:44+00:00\" \/>\n<meta property=\"og:image\" content=\"https:\/\/cdn.mylipfiller.com\/wp-content\/uploads\/2025\/07\/Lexyal-PLLAWER.jpg\" \/>\n\t<meta property=\"og:image:width\" content=\"600\" \/>\n\t<meta property=\"og:image:height\" content=\"600\" \/>\n\t<meta property=\"og:image:type\" content=\"image\/jpeg\" \/>\n<meta name=\"twitter:card\" content=\"summary_large_image\" \/>\n<meta name=\"twitter:label1\" content=\"Tiempo de lectura\" \/>\n\t<meta name=\"twitter:data1\" content=\"3 minutos\" \/>\n<script type=\"application\/ld+json\" class=\"yoast-schema-graph\">{\"@context\":\"https:\/\/schema.org\",\"@graph\":[{\"@type\":\"WebPage\",\"@id\":\"https:\/\/mylipfiller.com\/lexyal-pllawer-collagen-booster-200mg\/\",\"url\":\"https:\/\/mylipfiller.com\/lexyal-pllawer-collagen-booster-200mg\/\",\"name\":\"Buy Lexyal PLLAWER Collagen Booster (200mg) - Fillers from My Lip Filler\",\"isPartOf\":{\"@id\":\"https:\/\/mylipfiller.com\/#website\"},\"primaryImageOfPage\":{\"@id\":\"https:\/\/mylipfiller.com\/lexyal-pllawer-collagen-booster-200mg\/#primaryimage\"},\"image\":{\"@id\":\"https:\/\/mylipfiller.com\/lexyal-pllawer-collagen-booster-200mg\/#primaryimage\"},\"thumbnailUrl\":\"https:\/\/cdn.mylipfiller.com\/wp-content\/uploads\/2025\/07\/Lexyal-PLLAWER.jpg\",\"datePublished\":\"2025-07-31T09:29:40+00:00\",\"dateModified\":\"2025-07-31T09:34:44+00:00\",\"description\":\"\u2765Buy Lexyal PLLAWER Collagen Booster (200mg) \u23e9 My Lip Filler online store \u27a6 Quality assurance, reviews, ingredients, best prices!\",\"breadcrumb\":{\"@id\":\"https:\/\/mylipfiller.com\/lexyal-pllawer-collagen-booster-200mg\/#breadcrumb\"},\"inLanguage\":\"es\",\"potentialAction\":[{\"@type\":\"ReadAction\",\"target\":[\"https:\/\/mylipfiller.com\/lexyal-pllawer-collagen-booster-200mg\/\"]}]},{\"@type\":\"ImageObject\",\"inLanguage\":\"es\",\"@id\":\"https:\/\/mylipfiller.com\/lexyal-pllawer-collagen-booster-200mg\/#primaryimage\",\"url\":\"https:\/\/cdn.mylipfiller.com\/wp-content\/uploads\/2025\/07\/Lexyal-PLLAWER.jpg\",\"contentUrl\":\"https:\/\/cdn.mylipfiller.com\/wp-content\/uploads\/2025\/07\/Lexyal-PLLAWER.jpg\",\"width\":600,\"height\":600,\"caption\":\"Lexyal PLLAWER\"},{\"@type\":\"BreadcrumbList\",\"@id\":\"https:\/\/mylipfiller.com\/lexyal-pllawer-collagen-booster-200mg\/#breadcrumb\",\"itemListElement\":[{\"@type\":\"ListItem\",\"position\":1,\"name\":\"Home\",\"item\":\"https:\/\/mylipfiller.com\/\"},{\"@type\":\"ListItem\",\"position\":2,\"name\":\"Shop\",\"item\":\"https:\/\/mylipfiller.com\/shop\/\"},{\"@type\":\"ListItem\",\"position\":3,\"name\":\"Lexyal PLLAWER Collagen Booster (200mg)\"}]},{\"@type\":\"WebSite\",\"@id\":\"https:\/\/mylipfiller.com\/#website\",\"url\":\"https:\/\/mylipfiller.com\/\",\"name\":\"My Lip Filler\",\"description\":\"Hyaluronic Acid Lip and Dermal Fillers\",\"publisher\":{\"@id\":\"https:\/\/mylipfiller.com\/#organization\"},\"potentialAction\":[{\"@type\":\"SearchAction\",\"target\":{\"@type\":\"EntryPoint\",\"urlTemplate\":\"https:\/\/mylipfiller.com\/?s={search_term_string}\"},\"query-input\":{\"@type\":\"PropertyValueSpecification\",\"valueRequired\":true,\"valueName\":\"search_term_string\"}}],\"inLanguage\":\"es\"},{\"@type\":\"Organization\",\"@id\":\"https:\/\/mylipfiller.com\/#organization\",\"name\":\"My Lip Filler\",\"url\":\"https:\/\/mylipfiller.com\/\",\"logo\":{\"@type\":\"ImageObject\",\"inLanguage\":\"es\",\"@id\":\"https:\/\/mylipfiller.com\/#\/schema\/logo\/image\/\",\"url\":\"https:\/\/cdn.mylipfiller.com\/wp-content\/uploads\/2019\/02\/cropped-My-Lip-Filler-Logo.png\",\"contentUrl\":\"https:\/\/cdn.mylipfiller.com\/wp-content\/uploads\/2019\/02\/cropped-My-Lip-Filler-Logo.png\",\"width\":240,\"height\":88,\"caption\":\"My Lip Filler\"},\"image\":{\"@id\":\"https:\/\/mylipfiller.com\/#\/schema\/logo\/image\/\"}}]}<\/script>\n<!-- \/ Yoast SEO plugin. -->","yoast_head_json":{"title":"Compre Lexyal PLLAWER Collagen Booster (200 mg) - Rellenos de My Lip Filler","description":"\u2765Comprar Lexyal PLLAWER Collagen Booster (200mg) \u23e9 Mi tienda online de relleno de labios \u27a6 \u00a1Garant\u00eda de calidad, opiniones, ingredientes, mejores precios!","robots":{"index":"index","follow":"follow","max-snippet":"max-snippet:-1","max-image-preview":"max-image-preview:large","max-video-preview":"max-video-preview:-1"},"canonical":"https:\/\/mylipfiller.com\/es\/lexyal-pllawer-collagen-booster-200mg\/","og_locale":"es_MX","og_type":"article","og_title":"Buy Lexyal PLLAWER Collagen Booster (200mg) - Fillers from My Lip Filler","og_description":"\u2765Buy Lexyal PLLAWER Collagen Booster (200mg) \u23e9 My Lip Filler online store \u27a6 Quality assurance, reviews, ingredients, best prices!","og_url":"https:\/\/mylipfiller.com\/es\/lexyal-pllawer-collagen-booster-200mg\/","og_site_name":"My Lip Filler","article_modified_time":"2025-07-31T09:34:44+00:00","og_image":[{"width":600,"height":600,"url":"https:\/\/cdn.mylipfiller.com\/wp-content\/uploads\/2025\/07\/Lexyal-PLLAWER.jpg","type":"image\/jpeg"}],"twitter_card":"summary_large_image","twitter_misc":{"Tiempo de lectura":"3 minutos"},"schema":{"@context":"https:\/\/schema.org","@graph":[{"@type":"WebPage","@id":"https:\/\/mylipfiller.com\/lexyal-pllawer-collagen-booster-200mg\/","url":"https:\/\/mylipfiller.com\/lexyal-pllawer-collagen-booster-200mg\/","name":"Compre Lexyal PLLAWER Collagen Booster (200 mg) - Rellenos de My Lip Filler","isPartOf":{"@id":"https:\/\/mylipfiller.com\/#website"},"primaryImageOfPage":{"@id":"https:\/\/mylipfiller.com\/lexyal-pllawer-collagen-booster-200mg\/#primaryimage"},"image":{"@id":"https:\/\/mylipfiller.com\/lexyal-pllawer-collagen-booster-200mg\/#primaryimage"},"thumbnailUrl":"https:\/\/cdn.mylipfiller.com\/wp-content\/uploads\/2025\/07\/Lexyal-PLLAWER.jpg","datePublished":"2025-07-31T09:29:40+00:00","dateModified":"2025-07-31T09:34:44+00:00","description":"\u2765Comprar Lexyal PLLAWER Collagen Booster (200mg) \u23e9 Mi tienda online de relleno de labios \u27a6 \u00a1Garant\u00eda de calidad, opiniones, ingredientes, mejores precios!","breadcrumb":{"@id":"https:\/\/mylipfiller.com\/lexyal-pllawer-collagen-booster-200mg\/#breadcrumb"},"inLanguage":"es","potentialAction":[{"@type":"ReadAction","target":["https:\/\/mylipfiller.com\/lexyal-pllawer-collagen-booster-200mg\/"]}]},{"@type":"ImageObject","inLanguage":"es","@id":"https:\/\/mylipfiller.com\/lexyal-pllawer-collagen-booster-200mg\/#primaryimage","url":"https:\/\/cdn.mylipfiller.com\/wp-content\/uploads\/2025\/07\/Lexyal-PLLAWER.jpg","contentUrl":"https:\/\/cdn.mylipfiller.com\/wp-content\/uploads\/2025\/07\/Lexyal-PLLAWER.jpg","width":600,"height":600,"caption":"Lexyal PLLAWER"},{"@type":"BreadcrumbList","@id":"https:\/\/mylipfiller.com\/lexyal-pllawer-collagen-booster-200mg\/#breadcrumb","itemListElement":[{"@type":"ListItem","position":1,"name":"Home","item":"https:\/\/mylipfiller.com\/"},{"@type":"ListItem","position":2,"name":"Shop","item":"https:\/\/mylipfiller.com\/shop\/"},{"@type":"ListItem","position":3,"name":"Lexyal PLLAWER Collagen Booster (200mg)"}]},{"@type":"WebSite","@id":"https:\/\/mylipfiller.com\/#website","url":"https:\/\/mylipfiller.com\/","name":"Mi relleno de labios","description":"Rellenos d\u00e9rmicos y de labios con \u00e1cido hialur\u00f3nico","publisher":{"@id":"https:\/\/mylipfiller.com\/#organization"},"potentialAction":[{"@type":"SearchAction","target":{"@type":"EntryPoint","urlTemplate":"https:\/\/mylipfiller.com\/?s={search_term_string}"},"query-input":{"@type":"PropertyValueSpecification","valueRequired":true,"valueName":"search_term_string"}}],"inLanguage":"es"},{"@type":"Organization","@id":"https:\/\/mylipfiller.com\/#organization","name":"Mi relleno de labios","url":"https:\/\/mylipfiller.com\/","logo":{"@type":"ImageObject","inLanguage":"es","@id":"https:\/\/mylipfiller.com\/#\/schema\/logo\/image\/","url":"https:\/\/cdn.mylipfiller.com\/wp-content\/uploads\/2019\/02\/cropped-My-Lip-Filler-Logo.png","contentUrl":"https:\/\/cdn.mylipfiller.com\/wp-content\/uploads\/2019\/02\/cropped-My-Lip-Filler-Logo.png","width":240,"height":88,"caption":"My Lip Filler"},"image":{"@id":"https:\/\/mylipfiller.com\/#\/schema\/logo\/image\/"}}]}},"_links":{"self":[{"href":"https:\/\/mylipfiller.com\/es\/wp-json\/wp\/v2\/product\/42483","targetHints":{"allow":["GET"]}}],"collection":[{"href":"https:\/\/mylipfiller.com\/es\/wp-json\/wp\/v2\/product"}],"about":[{"href":"https:\/\/mylipfiller.com\/es\/wp-json\/wp\/v2\/types\/product"}],"wp:featuredmedia":[{"embeddable":true,"href":"https:\/\/mylipfiller.com\/es\/wp-json\/wp\/v2\/media\/42487"}],"wp:attachment":[{"href":"https:\/\/mylipfiller.com\/es\/wp-json\/wp\/v2\/media?parent=42483"}],"wp:term":[{"taxonomy":"product_brand","embeddable":true,"href":"https:\/\/mylipfiller.com\/es\/wp-json\/wp\/v2\/product_brand?post=42483"},{"taxonomy":"product_cat","embeddable":true,"href":"https:\/\/mylipfiller.com\/es\/wp-json\/wp\/v2\/product_cat?post=42483"},{"taxonomy":"product_tag","embeddable":true,"href":"https:\/\/mylipfiller.com\/es\/wp-json\/wp\/v2\/product_tag?post=42483"}],"curies":[{"name":"gracias","href":"https:\/\/api.w.org\/{rel}","templated":true}]}}