{"id":42484,"date":"2025-07-31T11:35:35","date_gmt":"2025-07-31T09:35:35","guid":{"rendered":"https:\/\/mylipfiller.com\/?post_type=product&#038;p=42484"},"modified":"2025-07-31T11:36:56","modified_gmt":"2025-07-31T09:36:56","slug":"lexyal-diva-eyes-polynucleotide-pn-1-x-1ml","status":"publish","type":"product","link":"https:\/\/mylipfiller.com\/es\/lexyal-diva-eyes-polynucleotide-pn-1-x-1ml\/","title":{"rendered":"Polinucle\u00f3tido Lexyal Diva Eyes (PN) \u2013 1 x 1,1 ml"},"content":{"rendered":"<p>La concentraci\u00f3n de polinucle\u00f3tidos de Lexyal Diva Eyes se ha reducido intencionadamente en comparaci\u00f3n con su producto hermano, Diva Face. Se requiere un producto suave para tratar el contorno de ojos, por lo que la concentraci\u00f3n de polinucle\u00f3tidos se ha reducido a 2 mg\/ml en los envases de 1,1 ml. Permiten tratar y tratar los problemas m\u00e1s comunes en esta zona del rostro:<\/p>\n<ul>\n<li>Circulos oscuros<\/li>\n<li>Bolsas debajo de los ojos<\/li>\n<li>Hinchaz\u00f3n<\/li>\n<li>Arrugas (en particular las patas de gallo)<\/li>\n<li>adelgazamiento de la piel<\/li>\n<li>Disminuci\u00f3n de la producci\u00f3n de col\u00e1geno tipo I-IV<\/li>\n<\/ul>\n<p>Todo lo anterior se debe a las propiedades especiales de los polinucle\u00f3tidos, que adem\u00e1s son completamente seguros y biocompatibles. El PN se deriva espec\u00edficamente del ADN del salm\u00f3n, por lo que esta parte de su cadena de ADN se asemeja mucho a la del humano. Por lo tanto, los potenciadores de la piel basados en polinucle\u00f3tidos son completamente biocompatibles y ofrecen un mejor rejuvenecimiento de la piel.<\/p>\n<p>Lexyal Diva Eyes se aplica intrad\u00e9rmicamente y tiene un efecto en dos etapas. Se pueden observar mejoras en la textura general de la piel y la hidrataci\u00f3n a los 3-5 d\u00edas del procedimiento. La elasticidad, la textura y la firmeza general mejorar\u00e1n notablemente entre la semana 2 y la 4, momento en el que las bolsas y ojeras deber\u00edan desaparecer visiblemente. Entre la semana 4 y la 6 se observar\u00e1 un rejuvenecimiento profundo y duradero.<\/p>\n<p>Los efectos a largo plazo del skinbooster Lexyal Diva Eyes incluyen una mejor hidrataci\u00f3n de la piel, refinamiento de los poros y una mejor producci\u00f3n de tipos de col\u00e1geno, ya que los polinucle\u00f3tidos estimulan los fibroblastos en la matriz extracelular.<\/p>\n<h3>Caracter\u00edsticas clave<\/h3>\n<ul>\n<li><strong>Concentraci\u00f3n de polinucle\u00f3tidos \u2013<\/strong> 2 mg\/ml en una jeringa de 1,1 ml;<\/li>\n<li><strong>Viscosidad \u2013<\/strong> muy bajo, apropiado para aplicaci\u00f3n en \u00e1reas delicadas;<\/li>\n<li><strong>Profundidad de aplicaci\u00f3n \u2013<\/strong> capa intrad\u00e9rmica;<\/li>\n<li><strong>Beneficios -<\/strong> aumento de la hidrataci\u00f3n de la piel, inhibici\u00f3n de la s\u00edntesis de melanina, mejora la firmeza de la piel, cicatrizaci\u00f3n de heridas, eliminaci\u00f3n de ojeras, eliminaci\u00f3n de bolsas bajo los ojos;<\/li>\n<li><strong>Efecto de tres etapas:<\/strong>\n<ul>\n<li><strong>D\u00eda 3-5 <\/strong>\u2013 mejor textura de la piel y retenci\u00f3n de humedad;<\/li>\n<li><strong>Semana 2-4<\/strong> \u2013 mejora la firmeza de la piel, cicatrizaci\u00f3n de heridas;<\/li>\n<li><strong>Semana 4-6<\/strong> \u2013 mejoras de volumen, efecto lifting;<\/li>\n<\/ul>\n<\/li>\n<li>Completamente seguro: totalmente biocompatible y biodegradable;<\/li>\n<\/ul>","protected":false},"excerpt":{"rendered":"<p>Dise\u00f1ado para el \u00e1rea muy delicada alrededor y debajo de los ojos, Lexyal Diva Eyes es un potenciador de la piel basado en polinucle\u00f3tidos derivados del ADN del salm\u00f3n, que trata las l\u00edneas finas, rejuvenece la piel, cura heridas y elimina las ojeras y las bolsas de los ojos.<\/p>","protected":false},"featured_media":42491,"template":"","meta":{"_acf_changed":false},"product_brand":[],"product_cat":[201,18],"product_tag":[138,144,125,111,126,117,147,113,143,139,137,127],"class_list":{"0":"post-42484","1":"product","2":"type-product","3":"status-publish","4":"has-post-thumbnail","6":"product_cat-lexyal","7":"product_cat-mesotherapy","8":"product_tag-anti-aging","9":"product_tag-anti-wrinkle","10":"product_tag-crows-feet","11":"product_tag-face","12":"product_tag-fine-lines","13":"product_tag-low-density","14":"product_tag-moisturizing","15":"product_tag-periorbital-area","16":"product_tag-rejuvenating","17":"product_tag-restoration","18":"product_tag-south-korea","19":"product_tag-wrinkles-around-the-eyes","21":"first","22":"instock","23":"taxable","24":"shipping-taxable","25":"product-type-simple"},"acf":[],"yoast_head":"<!-- This site is optimized with the Yoast SEO plugin v27.3 - https:\/\/yoast.com\/product\/yoast-seo-wordpress\/ -->\n<title>Buy Lexyal Diva Eyes Polynucleotide (PN) - 1 x 1.1ml - Fillers from My Lip Filler<\/title>\n<meta name=\"description\" content=\"\u2765Buy Lexyal Diva Eyes Polynucleotide (PN) - 1 x 1.1ml \u23e9 My Lip Filler online store \u27a6 Quality assurance, reviews, ingredients, best prices!\" \/>\n<meta name=\"robots\" content=\"index, follow, max-snippet:-1, max-image-preview:large, max-video-preview:-1\" \/>\n<link rel=\"canonical\" href=\"https:\/\/mylipfiller.com\/es\/lexyal-diva-eyes-polynucleotide-pn-1-x-1ml\/\" \/>\n<meta property=\"og:locale\" content=\"es_MX\" \/>\n<meta property=\"og:type\" content=\"article\" \/>\n<meta property=\"og:title\" content=\"Buy Lexyal Diva Eyes Polynucleotide (PN) - 1 x 1.1ml - Fillers from My Lip Filler\" \/>\n<meta property=\"og:description\" content=\"\u2765Buy Lexyal Diva Eyes Polynucleotide (PN) - 1 x 1.1ml \u23e9 My Lip Filler online store \u27a6 Quality assurance, reviews, ingredients, best prices!\" \/>\n<meta property=\"og:url\" content=\"https:\/\/mylipfiller.com\/es\/lexyal-diva-eyes-polynucleotide-pn-1-x-1ml\/\" \/>\n<meta property=\"og:site_name\" content=\"My Lip Filler\" \/>\n<meta property=\"article:modified_time\" content=\"2025-07-31T09:36:56+00:00\" \/>\n<meta property=\"og:image\" content=\"https:\/\/cdn.mylipfiller.com\/wp-content\/uploads\/2025\/07\/Lexyal-Diva-Eyes.jpg\" \/>\n\t<meta property=\"og:image:width\" content=\"600\" \/>\n\t<meta property=\"og:image:height\" content=\"600\" \/>\n\t<meta property=\"og:image:type\" content=\"image\/jpeg\" \/>\n<meta name=\"twitter:card\" content=\"summary_large_image\" \/>\n<meta name=\"twitter:label1\" content=\"Tiempo de lectura\" \/>\n\t<meta name=\"twitter:data1\" content=\"2 minutos\" \/>\n<script type=\"application\/ld+json\" class=\"yoast-schema-graph\">{\"@context\":\"https:\\\/\\\/schema.org\",\"@graph\":[{\"@type\":\"WebPage\",\"@id\":\"https:\\\/\\\/mylipfiller.com\\\/lexyal-diva-eyes-polynucleotide-pn-1-x-1ml\\\/\",\"url\":\"https:\\\/\\\/mylipfiller.com\\\/lexyal-diva-eyes-polynucleotide-pn-1-x-1ml\\\/\",\"name\":\"Buy Lexyal Diva Eyes Polynucleotide (PN) - 1 x 1.1ml - Fillers from My Lip Filler\",\"isPartOf\":{\"@id\":\"https:\\\/\\\/mylipfiller.com\\\/#website\"},\"primaryImageOfPage\":{\"@id\":\"https:\\\/\\\/mylipfiller.com\\\/lexyal-diva-eyes-polynucleotide-pn-1-x-1ml\\\/#primaryimage\"},\"image\":{\"@id\":\"https:\\\/\\\/mylipfiller.com\\\/lexyal-diva-eyes-polynucleotide-pn-1-x-1ml\\\/#primaryimage\"},\"thumbnailUrl\":\"https:\\\/\\\/mylipfiller.com\\\/wp-content\\\/uploads\\\/2025\\\/07\\\/Lexyal-Diva-Eyes.jpg\",\"datePublished\":\"2025-07-31T09:35:35+00:00\",\"dateModified\":\"2025-07-31T09:36:56+00:00\",\"description\":\"\u2765Buy Lexyal Diva Eyes Polynucleotide (PN) - 1 x 1.1ml \u23e9 My Lip Filler online store \u27a6 Quality assurance, reviews, ingredients, best prices!\",\"breadcrumb\":{\"@id\":\"https:\\\/\\\/mylipfiller.com\\\/lexyal-diva-eyes-polynucleotide-pn-1-x-1ml\\\/#breadcrumb\"},\"inLanguage\":\"es\",\"potentialAction\":[{\"@type\":\"ReadAction\",\"target\":[\"https:\\\/\\\/mylipfiller.com\\\/lexyal-diva-eyes-polynucleotide-pn-1-x-1ml\\\/\"]}]},{\"@type\":\"ImageObject\",\"inLanguage\":\"es\",\"@id\":\"https:\\\/\\\/mylipfiller.com\\\/lexyal-diva-eyes-polynucleotide-pn-1-x-1ml\\\/#primaryimage\",\"url\":\"https:\\\/\\\/mylipfiller.com\\\/wp-content\\\/uploads\\\/2025\\\/07\\\/Lexyal-Diva-Eyes.jpg\",\"contentUrl\":\"https:\\\/\\\/mylipfiller.com\\\/wp-content\\\/uploads\\\/2025\\\/07\\\/Lexyal-Diva-Eyes.jpg\",\"width\":600,\"height\":600,\"caption\":\"Lexyal Diva Eyes\"},{\"@type\":\"BreadcrumbList\",\"@id\":\"https:\\\/\\\/mylipfiller.com\\\/lexyal-diva-eyes-polynucleotide-pn-1-x-1ml\\\/#breadcrumb\",\"itemListElement\":[{\"@type\":\"ListItem\",\"position\":1,\"name\":\"Home\",\"item\":\"https:\\\/\\\/mylipfiller.com\\\/\"},{\"@type\":\"ListItem\",\"position\":2,\"name\":\"Shop\",\"item\":\"https:\\\/\\\/mylipfiller.com\\\/shop\\\/\"},{\"@type\":\"ListItem\",\"position\":3,\"name\":\"Lexyal Diva Eyes Polynucleotide (PN) &#8211; 1 x 1.1ml\"}]},{\"@type\":\"WebSite\",\"@id\":\"https:\\\/\\\/mylipfiller.com\\\/#website\",\"url\":\"https:\\\/\\\/mylipfiller.com\\\/\",\"name\":\"My Lip Filler\",\"description\":\"Hyaluronic Acid Lip and Dermal Fillers\",\"publisher\":{\"@id\":\"https:\\\/\\\/mylipfiller.com\\\/#organization\"},\"potentialAction\":[{\"@type\":\"SearchAction\",\"target\":{\"@type\":\"EntryPoint\",\"urlTemplate\":\"https:\\\/\\\/mylipfiller.com\\\/?s={search_term_string}\"},\"query-input\":{\"@type\":\"PropertyValueSpecification\",\"valueRequired\":true,\"valueName\":\"search_term_string\"}}],\"inLanguage\":\"es\"},{\"@type\":\"Organization\",\"@id\":\"https:\\\/\\\/mylipfiller.com\\\/#organization\",\"name\":\"My Lip Filler\",\"url\":\"https:\\\/\\\/mylipfiller.com\\\/\",\"logo\":{\"@type\":\"ImageObject\",\"inLanguage\":\"es\",\"@id\":\"https:\\\/\\\/mylipfiller.com\\\/#\\\/schema\\\/logo\\\/image\\\/\",\"url\":\"https:\\\/\\\/mylipfiller.com\\\/wp-content\\\/uploads\\\/2019\\\/02\\\/cropped-My-Lip-Filler-Logo.png\",\"contentUrl\":\"https:\\\/\\\/mylipfiller.com\\\/wp-content\\\/uploads\\\/2019\\\/02\\\/cropped-My-Lip-Filler-Logo.png\",\"width\":240,\"height\":88,\"caption\":\"My Lip Filler\"},\"image\":{\"@id\":\"https:\\\/\\\/mylipfiller.com\\\/#\\\/schema\\\/logo\\\/image\\\/\"}}]}<\/script>\n<!-- \/ Yoast SEO plugin. -->","yoast_head_json":{"title":"Comprar Lexyal Diva Eyes Polinucle\u00f3tido (PN) - 1 x 1,1 ml - Rellenos de My Lip Filler","description":"\u2765Comprar Lexyal Diva Eyes Polinucle\u00f3tido (PN) - 1 x 1,1ml \u23e9 Mi tienda online de rellenos de labios \u27a6 \u00a1Garant\u00eda de calidad, opiniones, ingredientes, mejores precios!","robots":{"index":"index","follow":"follow","max-snippet":"max-snippet:-1","max-image-preview":"max-image-preview:large","max-video-preview":"max-video-preview:-1"},"canonical":"https:\/\/mylipfiller.com\/es\/lexyal-diva-eyes-polynucleotide-pn-1-x-1ml\/","og_locale":"es_MX","og_type":"article","og_title":"Buy Lexyal Diva Eyes Polynucleotide (PN) - 1 x 1.1ml - Fillers from My Lip Filler","og_description":"\u2765Buy Lexyal Diva Eyes Polynucleotide (PN) - 1 x 1.1ml \u23e9 My Lip Filler online store \u27a6 Quality assurance, reviews, ingredients, best prices!","og_url":"https:\/\/mylipfiller.com\/es\/lexyal-diva-eyes-polynucleotide-pn-1-x-1ml\/","og_site_name":"My Lip Filler","article_modified_time":"2025-07-31T09:36:56+00:00","og_image":[{"width":600,"height":600,"url":"https:\/\/cdn.mylipfiller.com\/wp-content\/uploads\/2025\/07\/Lexyal-Diva-Eyes.jpg","type":"image\/jpeg"}],"twitter_card":"summary_large_image","twitter_misc":{"Tiempo de lectura":"2 minutos"},"schema":{"@context":"https:\/\/schema.org","@graph":[{"@type":"WebPage","@id":"https:\/\/mylipfiller.com\/lexyal-diva-eyes-polynucleotide-pn-1-x-1ml\/","url":"https:\/\/mylipfiller.com\/lexyal-diva-eyes-polynucleotide-pn-1-x-1ml\/","name":"Comprar Lexyal Diva Eyes Polinucle\u00f3tido (PN) - 1 x 1,1 ml - Rellenos de My Lip Filler","isPartOf":{"@id":"https:\/\/mylipfiller.com\/#website"},"primaryImageOfPage":{"@id":"https:\/\/mylipfiller.com\/lexyal-diva-eyes-polynucleotide-pn-1-x-1ml\/#primaryimage"},"image":{"@id":"https:\/\/mylipfiller.com\/lexyal-diva-eyes-polynucleotide-pn-1-x-1ml\/#primaryimage"},"thumbnailUrl":"https:\/\/cdn.mylipfiller.com\/wp-content\/uploads\/2025\/07\/Lexyal-Diva-Eyes.jpg","datePublished":"2025-07-31T09:35:35+00:00","dateModified":"2025-07-31T09:36:56+00:00","description":"\u2765Comprar Lexyal Diva Eyes Polinucle\u00f3tido (PN) - 1 x 1,1ml \u23e9 Mi tienda online de rellenos de labios \u27a6 \u00a1Garant\u00eda de calidad, opiniones, ingredientes, mejores precios!","breadcrumb":{"@id":"https:\/\/mylipfiller.com\/lexyal-diva-eyes-polynucleotide-pn-1-x-1ml\/#breadcrumb"},"inLanguage":"es","potentialAction":[{"@type":"ReadAction","target":["https:\/\/mylipfiller.com\/lexyal-diva-eyes-polynucleotide-pn-1-x-1ml\/"]}]},{"@type":"ImageObject","inLanguage":"es","@id":"https:\/\/mylipfiller.com\/lexyal-diva-eyes-polynucleotide-pn-1-x-1ml\/#primaryimage","url":"https:\/\/cdn.mylipfiller.com\/wp-content\/uploads\/2025\/07\/Lexyal-Diva-Eyes.jpg","contentUrl":"https:\/\/cdn.mylipfiller.com\/wp-content\/uploads\/2025\/07\/Lexyal-Diva-Eyes.jpg","width":600,"height":600,"caption":"Lexyal Diva Eyes"},{"@type":"BreadcrumbList","@id":"https:\/\/mylipfiller.com\/lexyal-diva-eyes-polynucleotide-pn-1-x-1ml\/#breadcrumb","itemListElement":[{"@type":"ListItem","position":1,"name":"Home","item":"https:\/\/mylipfiller.com\/"},{"@type":"ListItem","position":2,"name":"Shop","item":"https:\/\/mylipfiller.com\/shop\/"},{"@type":"ListItem","position":3,"name":"Lexyal Diva Eyes Polynucleotide (PN) &#8211; 1 x 1.1ml"}]},{"@type":"WebSite","@id":"https:\/\/mylipfiller.com\/#website","url":"https:\/\/mylipfiller.com\/","name":"Mi relleno de labios","description":"Rellenos d\u00e9rmicos y de labios con \u00e1cido hialur\u00f3nico","publisher":{"@id":"https:\/\/mylipfiller.com\/#organization"},"potentialAction":[{"@type":"SearchAction","target":{"@type":"EntryPoint","urlTemplate":"https:\/\/mylipfiller.com\/?s={search_term_string}"},"query-input":{"@type":"PropertyValueSpecification","valueRequired":true,"valueName":"search_term_string"}}],"inLanguage":"es"},{"@type":"Organization","@id":"https:\/\/mylipfiller.com\/#organization","name":"Mi relleno de labios","url":"https:\/\/mylipfiller.com\/","logo":{"@type":"ImageObject","inLanguage":"es","@id":"https:\/\/mylipfiller.com\/#\/schema\/logo\/image\/","url":"https:\/\/cdn.mylipfiller.com\/wp-content\/uploads\/2019\/02\/cropped-My-Lip-Filler-Logo.png","contentUrl":"https:\/\/cdn.mylipfiller.com\/wp-content\/uploads\/2019\/02\/cropped-My-Lip-Filler-Logo.png","width":240,"height":88,"caption":"My Lip Filler"},"image":{"@id":"https:\/\/mylipfiller.com\/#\/schema\/logo\/image\/"}}]}},"_links":{"self":[{"href":"https:\/\/mylipfiller.com\/es\/wp-json\/wp\/v2\/product\/42484","targetHints":{"allow":["GET"]}}],"collection":[{"href":"https:\/\/mylipfiller.com\/es\/wp-json\/wp\/v2\/product"}],"about":[{"href":"https:\/\/mylipfiller.com\/es\/wp-json\/wp\/v2\/types\/product"}],"wp:featuredmedia":[{"embeddable":true,"href":"https:\/\/mylipfiller.com\/es\/wp-json\/wp\/v2\/media\/42491"}],"wp:attachment":[{"href":"https:\/\/mylipfiller.com\/es\/wp-json\/wp\/v2\/media?parent=42484"}],"wp:term":[{"taxonomy":"product_brand","embeddable":true,"href":"https:\/\/mylipfiller.com\/es\/wp-json\/wp\/v2\/product_brand?post=42484"},{"taxonomy":"product_cat","embeddable":true,"href":"https:\/\/mylipfiller.com\/es\/wp-json\/wp\/v2\/product_cat?post=42484"},{"taxonomy":"product_tag","embeddable":true,"href":"https:\/\/mylipfiller.com\/es\/wp-json\/wp\/v2\/product_tag?post=42484"}],"curies":[{"name":"gracias","href":"https:\/\/api.w.org\/{rel}","templated":true}]}}