{"id":42485,"date":"2025-07-31T11:38:36","date_gmt":"2025-07-31T09:38:36","guid":{"rendered":"https:\/\/mylipfiller.com\/?post_type=product&#038;p=42485"},"modified":"2025-07-31T11:38:36","modified_gmt":"2025-07-31T09:38:36","slug":"lexyal-diva-face-polynucleotide-pn-1-x-2ml","status":"publish","type":"product","link":"https:\/\/mylipfiller.com\/es\/lexyal-diva-face-polynucleotide-pn-1-x-2ml\/","title":{"rendered":"Polinucle\u00f3tido facial Lexyal Diva (PN) \u2013 1 x 2 ml"},"content":{"rendered":"<p>La soluci\u00f3n avanzada Lexyal Diva Face se basa en polinucle\u00f3tidos purificados de alta calidad derivados del ADN del salm\u00f3n. Cada jeringa del skinbooster contiene 40 mg de PN, suficiente para ejercer un efecto rejuvenecedor profundo y completo en la piel del rostro y lograr un rejuvenecimiento facial completo. A diferencia de Diva Eyes, Lexyal Diva Face tiene una viscosidad media y es un poco m\u00e1s denso. Ofrece un efecto revitalizante \u00f3ptimo al aplicarse en la dermis media. Su principal objetivo es estimular los fibroblastos y mejorar su capacidad para sintetizar col\u00e1geno y elastina, ambos vitales para una piel suave y joven. Los resultados esperados son una mejor textura, el suavizado de arrugas y un rejuvenecimiento facial general.<\/p>\n<p>Una de las principales ventajas de Lexyal Diva Face en comparaci\u00f3n con otros potenciadores de la piel es su eficacia en el tratamiento de las c\u00e9lulas cut\u00e1neas da\u00f1adas, a la vez que mejora los niveles de hidrataci\u00f3n de la zona d\u00e9rmica tratada. Est\u00e1 cl\u00ednicamente comprobado que mejora la migraci\u00f3n de fibroblastos y reduce el tama\u00f1o de los poros de la piel a largo plazo (m\u00e1s de un a\u00f1o). Es especialmente adecuado para pacientes de mediana edad o mayores que necesitan ralentizar e incluso revertir parcialmente el proceso natural de envejecimiento de la piel.<\/p>\n<h3>Caracter\u00edsticas clave<\/h3>\n<ul>\n<li>Concentraci\u00f3n de polinucle\u00f3tidos (PN): 40 mg en una jeringa de 2 ml;<\/li>\n<li>Viscosidad media para un mejor flujo de mesoterapia;<\/li>\n<li>Se utiliza para el tratamiento de la piel del rostro, cuello y escote;<\/li>\n<li>Los beneficios incluyen aumento de la hidrataci\u00f3n, aumento de la s\u00edntesis de col\u00e1geno y elastina, reducci\u00f3n de manchas en la piel, reducci\u00f3n de tejido cicatricial;<\/li>\n<li>Los beneficios adicionales son la reducci\u00f3n de c\u00e9lulas muertas de la piel y mejoras a largo plazo en la retenci\u00f3n de humedad;<\/li>\n<\/ul>","protected":false},"excerpt":{"rendered":"<p>Este potente potenciador de la piel a base de polinucle\u00f3tidos contiene 40 mg de PN derivado del ADN de salm\u00f3n. Est\u00e1 dise\u00f1ado para revitalizar, sanar y rejuvenecer todo el rostro, mejorando la retenci\u00f3n de humedad, fortaleciendo la barrera celular de la piel y tratando problemas como la hiperpigmentaci\u00f3n.<\/p>","protected":false},"featured_media":42493,"template":"","meta":{"_acf_changed":false},"product_brand":[],"product_cat":[201,18],"product_tag":[138,144,111,126,112,128,117,150,147,129,145,143,139,137,148],"class_list":{"0":"post-42485","1":"product","2":"type-product","3":"status-publish","4":"has-post-thumbnail","6":"product_cat-lexyal","7":"product_cat-mesotherapy","8":"product_tag-anti-aging","9":"product_tag-anti-wrinkle","10":"product_tag-face","11":"product_tag-fine-lines","12":"product_tag-forehead","13":"product_tag-forehead-wrinkles","14":"product_tag-low-density","15":"product_tag-mesococktails","16":"product_tag-moisturizing","17":"product_tag-neck-wrinkles","18":"product_tag-nourishing","19":"product_tag-rejuvenating","20":"product_tag-restoration","21":"product_tag-south-korea","22":"product_tag-upper-dermis","24":"first","25":"instock","26":"taxable","27":"shipping-taxable","28":"product-type-simple"},"acf":[],"yoast_head":"<!-- This site is optimized with the Yoast SEO plugin v27.4 - https:\/\/yoast.com\/product\/yoast-seo-wordpress\/ -->\n<title>Buy Lexyal Diva Face Polynucleotide (PN) - 1 x 2ml - Fillers from My Lip Filler<\/title>\n<meta name=\"description\" content=\"\u2765Buy Lexyal Diva Face Polynucleotide (PN) - 1 x 2ml \u23e9 My Lip Filler online store \u27a6 Quality assurance, reviews, ingredients, best prices!\" \/>\n<meta name=\"robots\" content=\"index, follow, max-snippet:-1, max-image-preview:large, max-video-preview:-1\" \/>\n<link rel=\"canonical\" href=\"https:\/\/mylipfiller.com\/es\/lexyal-diva-face-polynucleotide-pn-1-x-2ml\/\" \/>\n<meta property=\"og:locale\" content=\"es_MX\" \/>\n<meta property=\"og:type\" content=\"article\" \/>\n<meta property=\"og:title\" content=\"Buy Lexyal Diva Face Polynucleotide (PN) - 1 x 2ml - Fillers from My Lip Filler\" \/>\n<meta property=\"og:description\" content=\"\u2765Buy Lexyal Diva Face Polynucleotide (PN) - 1 x 2ml \u23e9 My Lip Filler online store \u27a6 Quality assurance, reviews, ingredients, best prices!\" \/>\n<meta property=\"og:url\" content=\"https:\/\/mylipfiller.com\/es\/lexyal-diva-face-polynucleotide-pn-1-x-2ml\/\" \/>\n<meta property=\"og:site_name\" content=\"My Lip Filler\" \/>\n<meta property=\"og:image\" content=\"https:\/\/cdn.mylipfiller.com\/wp-content\/uploads\/2025\/07\/Lexyal-Diva-Face.jpg\" \/>\n\t<meta property=\"og:image:width\" content=\"600\" \/>\n\t<meta property=\"og:image:height\" content=\"600\" \/>\n\t<meta property=\"og:image:type\" content=\"image\/jpeg\" \/>\n<meta name=\"twitter:card\" content=\"summary_large_image\" \/>\n<meta name=\"twitter:label1\" content=\"Tiempo de lectura\" \/>\n\t<meta name=\"twitter:data1\" content=\"2 minutos\" \/>\n<script type=\"application\/ld+json\" class=\"yoast-schema-graph\">{\"@context\":\"https:\\\/\\\/schema.org\",\"@graph\":[{\"@type\":\"WebPage\",\"@id\":\"https:\\\/\\\/mylipfiller.com\\\/lexyal-diva-face-polynucleotide-pn-1-x-2ml\\\/\",\"url\":\"https:\\\/\\\/mylipfiller.com\\\/lexyal-diva-face-polynucleotide-pn-1-x-2ml\\\/\",\"name\":\"Buy Lexyal Diva Face Polynucleotide (PN) - 1 x 2ml - Fillers from My Lip Filler\",\"isPartOf\":{\"@id\":\"https:\\\/\\\/mylipfiller.com\\\/#website\"},\"primaryImageOfPage\":{\"@id\":\"https:\\\/\\\/mylipfiller.com\\\/lexyal-diva-face-polynucleotide-pn-1-x-2ml\\\/#primaryimage\"},\"image\":{\"@id\":\"https:\\\/\\\/mylipfiller.com\\\/lexyal-diva-face-polynucleotide-pn-1-x-2ml\\\/#primaryimage\"},\"thumbnailUrl\":\"https:\\\/\\\/mylipfiller.com\\\/wp-content\\\/uploads\\\/2025\\\/07\\\/Lexyal-Diva-Face.jpg\",\"datePublished\":\"2025-07-31T09:38:36+00:00\",\"description\":\"\u2765Buy Lexyal Diva Face Polynucleotide (PN) - 1 x 2ml \u23e9 My Lip Filler online store \u27a6 Quality assurance, reviews, ingredients, best prices!\",\"breadcrumb\":{\"@id\":\"https:\\\/\\\/mylipfiller.com\\\/lexyal-diva-face-polynucleotide-pn-1-x-2ml\\\/#breadcrumb\"},\"inLanguage\":\"es\",\"potentialAction\":[{\"@type\":\"ReadAction\",\"target\":[\"https:\\\/\\\/mylipfiller.com\\\/lexyal-diva-face-polynucleotide-pn-1-x-2ml\\\/\"]}]},{\"@type\":\"ImageObject\",\"inLanguage\":\"es\",\"@id\":\"https:\\\/\\\/mylipfiller.com\\\/lexyal-diva-face-polynucleotide-pn-1-x-2ml\\\/#primaryimage\",\"url\":\"https:\\\/\\\/mylipfiller.com\\\/wp-content\\\/uploads\\\/2025\\\/07\\\/Lexyal-Diva-Face.jpg\",\"contentUrl\":\"https:\\\/\\\/mylipfiller.com\\\/wp-content\\\/uploads\\\/2025\\\/07\\\/Lexyal-Diva-Face.jpg\",\"width\":600,\"height\":600,\"caption\":\"Lexyal Diva Face\"},{\"@type\":\"BreadcrumbList\",\"@id\":\"https:\\\/\\\/mylipfiller.com\\\/lexyal-diva-face-polynucleotide-pn-1-x-2ml\\\/#breadcrumb\",\"itemListElement\":[{\"@type\":\"ListItem\",\"position\":1,\"name\":\"Home\",\"item\":\"https:\\\/\\\/mylipfiller.com\\\/\"},{\"@type\":\"ListItem\",\"position\":2,\"name\":\"Shop\",\"item\":\"https:\\\/\\\/mylipfiller.com\\\/shop\\\/\"},{\"@type\":\"ListItem\",\"position\":3,\"name\":\"Lexyal Diva Face Polynucleotide (PN) &#8211; 1 x 2ml\"}]},{\"@type\":\"WebSite\",\"@id\":\"https:\\\/\\\/mylipfiller.com\\\/#website\",\"url\":\"https:\\\/\\\/mylipfiller.com\\\/\",\"name\":\"My Lip Filler\",\"description\":\"Hyaluronic Acid Lip and Dermal Fillers\",\"publisher\":{\"@id\":\"https:\\\/\\\/mylipfiller.com\\\/#organization\"},\"potentialAction\":[{\"@type\":\"SearchAction\",\"target\":{\"@type\":\"EntryPoint\",\"urlTemplate\":\"https:\\\/\\\/mylipfiller.com\\\/?s={search_term_string}\"},\"query-input\":{\"@type\":\"PropertyValueSpecification\",\"valueRequired\":true,\"valueName\":\"search_term_string\"}}],\"inLanguage\":\"es\"},{\"@type\":\"Organization\",\"@id\":\"https:\\\/\\\/mylipfiller.com\\\/#organization\",\"name\":\"My Lip Filler\",\"url\":\"https:\\\/\\\/mylipfiller.com\\\/\",\"logo\":{\"@type\":\"ImageObject\",\"inLanguage\":\"es\",\"@id\":\"https:\\\/\\\/mylipfiller.com\\\/#\\\/schema\\\/logo\\\/image\\\/\",\"url\":\"https:\\\/\\\/mylipfiller.com\\\/wp-content\\\/uploads\\\/2019\\\/02\\\/cropped-My-Lip-Filler-Logo.png\",\"contentUrl\":\"https:\\\/\\\/mylipfiller.com\\\/wp-content\\\/uploads\\\/2019\\\/02\\\/cropped-My-Lip-Filler-Logo.png\",\"width\":240,\"height\":88,\"caption\":\"My Lip Filler\"},\"image\":{\"@id\":\"https:\\\/\\\/mylipfiller.com\\\/#\\\/schema\\\/logo\\\/image\\\/\"}}]}<\/script>\n<!-- \/ Yoast SEO plugin. -->","yoast_head_json":{"title":"Comprar Lexyal Diva Face Polynucleotide (PN) - 1 x 2 ml - Rellenos de My Lip Filler","description":"\u2765Comprar Lexyal Diva Face Polynucleotide (PN) - 1 x 2ml \u23e9 Mi tienda online de Lip Filler \u27a6 \u00a1Garant\u00eda de calidad, opiniones, ingredientes, mejores precios!","robots":{"index":"index","follow":"follow","max-snippet":"max-snippet:-1","max-image-preview":"max-image-preview:large","max-video-preview":"max-video-preview:-1"},"canonical":"https:\/\/mylipfiller.com\/es\/lexyal-diva-face-polynucleotide-pn-1-x-2ml\/","og_locale":"es_MX","og_type":"article","og_title":"Buy Lexyal Diva Face Polynucleotide (PN) - 1 x 2ml - Fillers from My Lip Filler","og_description":"\u2765Buy Lexyal Diva Face Polynucleotide (PN) - 1 x 2ml \u23e9 My Lip Filler online store \u27a6 Quality assurance, reviews, ingredients, best prices!","og_url":"https:\/\/mylipfiller.com\/es\/lexyal-diva-face-polynucleotide-pn-1-x-2ml\/","og_site_name":"My Lip Filler","og_image":[{"width":600,"height":600,"url":"https:\/\/cdn.mylipfiller.com\/wp-content\/uploads\/2025\/07\/Lexyal-Diva-Face.jpg","type":"image\/jpeg"}],"twitter_card":"summary_large_image","twitter_misc":{"Tiempo de lectura":"2 minutos"},"schema":{"@context":"https:\/\/schema.org","@graph":[{"@type":"WebPage","@id":"https:\/\/mylipfiller.com\/lexyal-diva-face-polynucleotide-pn-1-x-2ml\/","url":"https:\/\/mylipfiller.com\/lexyal-diva-face-polynucleotide-pn-1-x-2ml\/","name":"Comprar Lexyal Diva Face Polynucleotide (PN) - 1 x 2 ml - Rellenos de My Lip Filler","isPartOf":{"@id":"https:\/\/mylipfiller.com\/#website"},"primaryImageOfPage":{"@id":"https:\/\/mylipfiller.com\/lexyal-diva-face-polynucleotide-pn-1-x-2ml\/#primaryimage"},"image":{"@id":"https:\/\/mylipfiller.com\/lexyal-diva-face-polynucleotide-pn-1-x-2ml\/#primaryimage"},"thumbnailUrl":"https:\/\/cdn.mylipfiller.com\/wp-content\/uploads\/2025\/07\/Lexyal-Diva-Face.jpg","datePublished":"2025-07-31T09:38:36+00:00","description":"\u2765Comprar Lexyal Diva Face Polynucleotide (PN) - 1 x 2ml \u23e9 Mi tienda online de Lip Filler \u27a6 \u00a1Garant\u00eda de calidad, opiniones, ingredientes, mejores precios!","breadcrumb":{"@id":"https:\/\/mylipfiller.com\/lexyal-diva-face-polynucleotide-pn-1-x-2ml\/#breadcrumb"},"inLanguage":"es","potentialAction":[{"@type":"ReadAction","target":["https:\/\/mylipfiller.com\/lexyal-diva-face-polynucleotide-pn-1-x-2ml\/"]}]},{"@type":"ImageObject","inLanguage":"es","@id":"https:\/\/mylipfiller.com\/lexyal-diva-face-polynucleotide-pn-1-x-2ml\/#primaryimage","url":"https:\/\/cdn.mylipfiller.com\/wp-content\/uploads\/2025\/07\/Lexyal-Diva-Face.jpg","contentUrl":"https:\/\/cdn.mylipfiller.com\/wp-content\/uploads\/2025\/07\/Lexyal-Diva-Face.jpg","width":600,"height":600,"caption":"Lexyal Diva Face"},{"@type":"BreadcrumbList","@id":"https:\/\/mylipfiller.com\/lexyal-diva-face-polynucleotide-pn-1-x-2ml\/#breadcrumb","itemListElement":[{"@type":"ListItem","position":1,"name":"Home","item":"https:\/\/mylipfiller.com\/"},{"@type":"ListItem","position":2,"name":"Shop","item":"https:\/\/mylipfiller.com\/shop\/"},{"@type":"ListItem","position":3,"name":"Lexyal Diva Face Polynucleotide (PN) &#8211; 1 x 2ml"}]},{"@type":"WebSite","@id":"https:\/\/mylipfiller.com\/#website","url":"https:\/\/mylipfiller.com\/","name":"Mi relleno de labios","description":"Rellenos d\u00e9rmicos y de labios con \u00e1cido hialur\u00f3nico","publisher":{"@id":"https:\/\/mylipfiller.com\/#organization"},"potentialAction":[{"@type":"SearchAction","target":{"@type":"EntryPoint","urlTemplate":"https:\/\/mylipfiller.com\/?s={search_term_string}"},"query-input":{"@type":"PropertyValueSpecification","valueRequired":true,"valueName":"search_term_string"}}],"inLanguage":"es"},{"@type":"Organization","@id":"https:\/\/mylipfiller.com\/#organization","name":"Mi relleno de labios","url":"https:\/\/mylipfiller.com\/","logo":{"@type":"ImageObject","inLanguage":"es","@id":"https:\/\/mylipfiller.com\/#\/schema\/logo\/image\/","url":"https:\/\/cdn.mylipfiller.com\/wp-content\/uploads\/2019\/02\/cropped-My-Lip-Filler-Logo.png","contentUrl":"https:\/\/cdn.mylipfiller.com\/wp-content\/uploads\/2019\/02\/cropped-My-Lip-Filler-Logo.png","width":240,"height":88,"caption":"My Lip Filler"},"image":{"@id":"https:\/\/mylipfiller.com\/#\/schema\/logo\/image\/"}}]}},"_links":{"self":[{"href":"https:\/\/mylipfiller.com\/es\/wp-json\/wp\/v2\/product\/42485","targetHints":{"allow":["GET"]}}],"collection":[{"href":"https:\/\/mylipfiller.com\/es\/wp-json\/wp\/v2\/product"}],"about":[{"href":"https:\/\/mylipfiller.com\/es\/wp-json\/wp\/v2\/types\/product"}],"wp:featuredmedia":[{"embeddable":true,"href":"https:\/\/mylipfiller.com\/es\/wp-json\/wp\/v2\/media\/42493"}],"wp:attachment":[{"href":"https:\/\/mylipfiller.com\/es\/wp-json\/wp\/v2\/media?parent=42485"}],"wp:term":[{"taxonomy":"product_brand","embeddable":true,"href":"https:\/\/mylipfiller.com\/es\/wp-json\/wp\/v2\/product_brand?post=42485"},{"taxonomy":"product_cat","embeddable":true,"href":"https:\/\/mylipfiller.com\/es\/wp-json\/wp\/v2\/product_cat?post=42485"},{"taxonomy":"product_tag","embeddable":true,"href":"https:\/\/mylipfiller.com\/es\/wp-json\/wp\/v2\/product_tag?post=42485"}],"curies":[{"name":"gracias","href":"https:\/\/api.w.org\/{rel}","templated":true}]}}