{"id":42486,"date":"2025-07-31T11:42:38","date_gmt":"2025-07-31T09:42:38","guid":{"rendered":"https:\/\/mylipfiller.com\/?post_type=product&#038;p=42486"},"modified":"2025-07-31T11:42:38","modified_gmt":"2025-07-31T09:42:38","slug":"lexyal-lipo-fat-dissolver-10ml","status":"publish","type":"product","link":"https:\/\/mylipfiller.com\/es\/lexyal-lipo-fat-dissolver-10ml\/","title":{"rendered":"Lexyal Lipo Disolvente de Grasas 10ml"},"content":{"rendered":"<p>Double J Holding ofrece un producto de vanguardia para tratar los dep\u00f3sitos de grasa y celulitis. Es un m\u00e9todo seguro y no quir\u00fargico para la eliminaci\u00f3n de tejido graso y la remodelaci\u00f3n corporal. El secreto reside en una potente combinaci\u00f3n de enzimas y bot\u00e1nicos. Su esencia son tres ingredientes:<\/p>\n<ul>\n<li>Enzima papa\u00edna (80 mg): acelera el proceso de rotura natural de las c\u00e9lulas grasas y tambi\u00e9n acelera la lip\u00f3lisis;<\/li>\n<li>Lecitina (60 mg): promueve la emulsificaci\u00f3n general de las grasas y aumenta el metabolismo de disoluci\u00f3n de las grasas, convirtiendo las grasas en \u00e1cidos grasos excretables;<\/li>\n<li>Extracto de centella asi\u00e1tica (20 mg): combate los oxidantes y reduce la inflamaci\u00f3n potencial, al mismo tiempo que mejora en general el estado de la piel y reduce la posibilidad de formaci\u00f3n futura de dep\u00f3sitos de grasa.<\/li>\n<\/ul>\n<p>Mezclados entre s\u00ed disuelven los adipocitos, promueven el proceso de drenaje linf\u00e1tico seguro y mejoran la estructura de la piel en la zona tratada.<\/p>\n<p>Cabe destacar que Lexyal Lipo es mucho m\u00e1s seguro que la mayor\u00eda de los productos para disolver la grasa del mercado. Por ello, no solo puede moldear el cuerpo en zonas como el abdomen, los muslos y los gl\u00fateos, sino que, gracias a su suavidad, tambi\u00e9n puede usarse en brazos e incluso en el cuello, la barbilla y las mejillas.<\/p>\n<p>El procedimiento est\u00e1ndar de aplicaci\u00f3n consiste en tres a seis sesiones (dependiendo de la zona tratada, la cantidad de grasa, etc.), con un intervalo de una a dos semanas entre cada sesi\u00f3n. Normalmente, los efectos se observan f\u00e1cilmente tras la segunda sesi\u00f3n.<\/p>\n<p>Una gran ventaja de Lexyal Lipo es su efecto reafirmante. Ayuda a evitar la flacidez t\u00edpica de los productos disolventes de grasa, lo que hace que el proceso de contorno sea a\u00fan m\u00e1s efectivo.<\/p>\n<h3>Caracter\u00edsticas clave<\/h3>\n<ul>\n<li><strong>Ingredientes principales (por vial de 10 ml):<\/strong>\n<ul>\n<li>Enzima papa\u00edna: 80 mg<\/li>\n<li>Lecitina: 60 mg<\/li>\n<li>Extracto de centella asi\u00e1tica: 20 mg<\/li>\n<\/ul>\n<\/li>\n<li><strong>Seguro<\/strong> \u2013 Libre de PPC, efecto antioxidante, efecto antiinflamatorio;<\/li>\n<li><strong>Uso<\/strong> \u2013 cuerpo, brazos y cara;<\/li>\n<li><strong>Protocolo de tratamiento<\/strong> \u2013 de tres a seis sesiones (con intervalos de 1 a 2 semanas entre los tratamientos);<\/li>\n<li><strong>Resultados<\/strong> \u2013 observable despu\u00e9s del segundo tratamiento;<\/li>\n<li>Ventajas:\n<ul>\n<li>Lip\u00f3lisis acelerada;<\/li>\n<li>Drenaje linf\u00e1tico m\u00e1s efectivo;<\/li>\n<li>Tensado de la piel en la zona tratada;<\/li>\n<\/ul>\n<\/li>\n<li>Perfil de seguridad: no necesita anest\u00e9sicos t\u00f3picos, bajo riesgo de reacci\u00f3n adversa, posprocedimiento leve, no agresivo (pero efectivo);<\/li>\n<\/ul>","protected":false},"excerpt":{"rendered":"<p>Lexyal Lipo, uno de los pocos productos de lip\u00f3lisis del mercado que puede utilizarse tanto para el contorno facial como corporal, combina tres ingredientes principales: la enzima papa\u00edna, la lecitina y la centella asi\u00e1tica. Juntos, inducen la disoluci\u00f3n natural de la grasa corporal, transportan las c\u00e9lulas grasas destruidas para su eliminaci\u00f3n segura y, al mismo tiempo, reafirman y alisan la piel de la zona tratada.<\/p>","protected":false},"featured_media":42494,"template":"","meta":{"_acf_changed":false},"product_brand":[],"product_cat":[201,18],"product_tag":[],"class_list":{"0":"post-42486","1":"product","2":"type-product","3":"status-publish","4":"has-post-thumbnail","6":"product_cat-lexyal","7":"product_cat-mesotherapy","9":"first","10":"instock","11":"taxable","12":"shipping-taxable","13":"product-type-simple"},"acf":[],"yoast_head":"<!-- This site is optimized with the Yoast SEO plugin v27.2 - https:\/\/yoast.com\/product\/yoast-seo-wordpress\/ -->\n<title>Buy Lexyal Lipo Fat Dissolver 10ml - Fillers from My Lip Filler<\/title>\n<meta name=\"description\" content=\"\u2765Buy Lexyal Lipo Fat Dissolver 10ml \u23e9 My Lip Filler online store \u27a6 Quality assurance, reviews, ingredients, best prices!\" \/>\n<meta name=\"robots\" content=\"index, follow, max-snippet:-1, max-image-preview:large, max-video-preview:-1\" \/>\n<link rel=\"canonical\" href=\"https:\/\/mylipfiller.com\/es\/lexyal-lipo-fat-dissolver-10ml\/\" \/>\n<meta property=\"og:locale\" content=\"es_MX\" \/>\n<meta property=\"og:type\" content=\"article\" \/>\n<meta property=\"og:title\" content=\"Buy Lexyal Lipo Fat Dissolver 10ml - Fillers from My Lip Filler\" \/>\n<meta property=\"og:description\" content=\"\u2765Buy Lexyal Lipo Fat Dissolver 10ml \u23e9 My Lip Filler online store \u27a6 Quality assurance, reviews, ingredients, best prices!\" \/>\n<meta property=\"og:url\" content=\"https:\/\/mylipfiller.com\/es\/lexyal-lipo-fat-dissolver-10ml\/\" \/>\n<meta property=\"og:site_name\" content=\"My Lip Filler\" \/>\n<meta property=\"og:image\" content=\"https:\/\/cdn.mylipfiller.com\/wp-content\/uploads\/2025\/07\/Lexyal-Lipo.jpg\" \/>\n\t<meta property=\"og:image:width\" content=\"600\" \/>\n\t<meta property=\"og:image:height\" content=\"600\" \/>\n\t<meta property=\"og:image:type\" content=\"image\/jpeg\" \/>\n<meta name=\"twitter:card\" content=\"summary_large_image\" \/>\n<meta name=\"twitter:label1\" content=\"Tiempo de lectura\" \/>\n\t<meta name=\"twitter:data1\" content=\"2 minutos\" \/>\n<script type=\"application\/ld+json\" class=\"yoast-schema-graph\">{\"@context\":\"https:\/\/schema.org\",\"@graph\":[{\"@type\":\"WebPage\",\"@id\":\"https:\/\/mylipfiller.com\/lexyal-lipo-fat-dissolver-10ml\/\",\"url\":\"https:\/\/mylipfiller.com\/lexyal-lipo-fat-dissolver-10ml\/\",\"name\":\"Buy Lexyal Lipo Fat Dissolver 10ml - Fillers from My Lip Filler\",\"isPartOf\":{\"@id\":\"https:\/\/mylipfiller.com\/#website\"},\"primaryImageOfPage\":{\"@id\":\"https:\/\/mylipfiller.com\/lexyal-lipo-fat-dissolver-10ml\/#primaryimage\"},\"image\":{\"@id\":\"https:\/\/mylipfiller.com\/lexyal-lipo-fat-dissolver-10ml\/#primaryimage\"},\"thumbnailUrl\":\"https:\/\/cdn.mylipfiller.com\/wp-content\/uploads\/2025\/07\/Lexyal-Lipo.jpg\",\"datePublished\":\"2025-07-31T09:42:38+00:00\",\"description\":\"\u2765Buy Lexyal Lipo Fat Dissolver 10ml \u23e9 My Lip Filler online store \u27a6 Quality assurance, reviews, ingredients, best prices!\",\"breadcrumb\":{\"@id\":\"https:\/\/mylipfiller.com\/lexyal-lipo-fat-dissolver-10ml\/#breadcrumb\"},\"inLanguage\":\"es\",\"potentialAction\":[{\"@type\":\"ReadAction\",\"target\":[\"https:\/\/mylipfiller.com\/lexyal-lipo-fat-dissolver-10ml\/\"]}]},{\"@type\":\"ImageObject\",\"inLanguage\":\"es\",\"@id\":\"https:\/\/mylipfiller.com\/lexyal-lipo-fat-dissolver-10ml\/#primaryimage\",\"url\":\"https:\/\/cdn.mylipfiller.com\/wp-content\/uploads\/2025\/07\/Lexyal-Lipo.jpg\",\"contentUrl\":\"https:\/\/cdn.mylipfiller.com\/wp-content\/uploads\/2025\/07\/Lexyal-Lipo.jpg\",\"width\":600,\"height\":600,\"caption\":\"Lexyal Lipo\"},{\"@type\":\"BreadcrumbList\",\"@id\":\"https:\/\/mylipfiller.com\/lexyal-lipo-fat-dissolver-10ml\/#breadcrumb\",\"itemListElement\":[{\"@type\":\"ListItem\",\"position\":1,\"name\":\"Home\",\"item\":\"https:\/\/mylipfiller.com\/\"},{\"@type\":\"ListItem\",\"position\":2,\"name\":\"Shop\",\"item\":\"https:\/\/mylipfiller.com\/shop\/\"},{\"@type\":\"ListItem\",\"position\":3,\"name\":\"Lexyal Lipo Fat Dissolver 10ml\"}]},{\"@type\":\"WebSite\",\"@id\":\"https:\/\/mylipfiller.com\/#website\",\"url\":\"https:\/\/mylipfiller.com\/\",\"name\":\"My Lip Filler\",\"description\":\"Hyaluronic Acid Lip and Dermal Fillers\",\"publisher\":{\"@id\":\"https:\/\/mylipfiller.com\/#organization\"},\"potentialAction\":[{\"@type\":\"SearchAction\",\"target\":{\"@type\":\"EntryPoint\",\"urlTemplate\":\"https:\/\/mylipfiller.com\/?s={search_term_string}\"},\"query-input\":{\"@type\":\"PropertyValueSpecification\",\"valueRequired\":true,\"valueName\":\"search_term_string\"}}],\"inLanguage\":\"es\"},{\"@type\":\"Organization\",\"@id\":\"https:\/\/mylipfiller.com\/#organization\",\"name\":\"My Lip Filler\",\"url\":\"https:\/\/mylipfiller.com\/\",\"logo\":{\"@type\":\"ImageObject\",\"inLanguage\":\"es\",\"@id\":\"https:\/\/mylipfiller.com\/#\/schema\/logo\/image\/\",\"url\":\"https:\/\/cdn.mylipfiller.com\/wp-content\/uploads\/2019\/02\/cropped-My-Lip-Filler-Logo.png\",\"contentUrl\":\"https:\/\/cdn.mylipfiller.com\/wp-content\/uploads\/2019\/02\/cropped-My-Lip-Filler-Logo.png\",\"width\":240,\"height\":88,\"caption\":\"My Lip Filler\"},\"image\":{\"@id\":\"https:\/\/mylipfiller.com\/#\/schema\/logo\/image\/\"}}]}<\/script>\n<!-- \/ Yoast SEO plugin. -->","yoast_head_json":{"title":"Compra Lexyal Lipo Dissolvente de Grasas 10 ml - Rellenos de My Lip Filler","description":"\u2765Comprar Lexyal Lipo Fat Dissolver 10ml \u23e9 Mi tienda online de relleno de labios \u27a6 \u00a1Garant\u00eda de calidad, opiniones, ingredientes, mejores precios!","robots":{"index":"index","follow":"follow","max-snippet":"max-snippet:-1","max-image-preview":"max-image-preview:large","max-video-preview":"max-video-preview:-1"},"canonical":"https:\/\/mylipfiller.com\/es\/lexyal-lipo-fat-dissolver-10ml\/","og_locale":"es_MX","og_type":"article","og_title":"Buy Lexyal Lipo Fat Dissolver 10ml - Fillers from My Lip Filler","og_description":"\u2765Buy Lexyal Lipo Fat Dissolver 10ml \u23e9 My Lip Filler online store \u27a6 Quality assurance, reviews, ingredients, best prices!","og_url":"https:\/\/mylipfiller.com\/es\/lexyal-lipo-fat-dissolver-10ml\/","og_site_name":"My Lip Filler","og_image":[{"width":600,"height":600,"url":"https:\/\/cdn.mylipfiller.com\/wp-content\/uploads\/2025\/07\/Lexyal-Lipo.jpg","type":"image\/jpeg"}],"twitter_card":"summary_large_image","twitter_misc":{"Tiempo de lectura":"2 minutos"},"schema":{"@context":"https:\/\/schema.org","@graph":[{"@type":"WebPage","@id":"https:\/\/mylipfiller.com\/lexyal-lipo-fat-dissolver-10ml\/","url":"https:\/\/mylipfiller.com\/lexyal-lipo-fat-dissolver-10ml\/","name":"Compra Lexyal Lipo Dissolvente de Grasas 10 ml - Rellenos de My Lip Filler","isPartOf":{"@id":"https:\/\/mylipfiller.com\/#website"},"primaryImageOfPage":{"@id":"https:\/\/mylipfiller.com\/lexyal-lipo-fat-dissolver-10ml\/#primaryimage"},"image":{"@id":"https:\/\/mylipfiller.com\/lexyal-lipo-fat-dissolver-10ml\/#primaryimage"},"thumbnailUrl":"https:\/\/cdn.mylipfiller.com\/wp-content\/uploads\/2025\/07\/Lexyal-Lipo.jpg","datePublished":"2025-07-31T09:42:38+00:00","description":"\u2765Comprar Lexyal Lipo Fat Dissolver 10ml \u23e9 Mi tienda online de relleno de labios \u27a6 \u00a1Garant\u00eda de calidad, opiniones, ingredientes, mejores precios!","breadcrumb":{"@id":"https:\/\/mylipfiller.com\/lexyal-lipo-fat-dissolver-10ml\/#breadcrumb"},"inLanguage":"es","potentialAction":[{"@type":"ReadAction","target":["https:\/\/mylipfiller.com\/lexyal-lipo-fat-dissolver-10ml\/"]}]},{"@type":"ImageObject","inLanguage":"es","@id":"https:\/\/mylipfiller.com\/lexyal-lipo-fat-dissolver-10ml\/#primaryimage","url":"https:\/\/cdn.mylipfiller.com\/wp-content\/uploads\/2025\/07\/Lexyal-Lipo.jpg","contentUrl":"https:\/\/cdn.mylipfiller.com\/wp-content\/uploads\/2025\/07\/Lexyal-Lipo.jpg","width":600,"height":600,"caption":"Lexyal Lipo"},{"@type":"BreadcrumbList","@id":"https:\/\/mylipfiller.com\/lexyal-lipo-fat-dissolver-10ml\/#breadcrumb","itemListElement":[{"@type":"ListItem","position":1,"name":"Home","item":"https:\/\/mylipfiller.com\/"},{"@type":"ListItem","position":2,"name":"Shop","item":"https:\/\/mylipfiller.com\/shop\/"},{"@type":"ListItem","position":3,"name":"Lexyal Lipo Fat Dissolver 10ml"}]},{"@type":"WebSite","@id":"https:\/\/mylipfiller.com\/#website","url":"https:\/\/mylipfiller.com\/","name":"Mi relleno de labios","description":"Rellenos d\u00e9rmicos y de labios con \u00e1cido hialur\u00f3nico","publisher":{"@id":"https:\/\/mylipfiller.com\/#organization"},"potentialAction":[{"@type":"SearchAction","target":{"@type":"EntryPoint","urlTemplate":"https:\/\/mylipfiller.com\/?s={search_term_string}"},"query-input":{"@type":"PropertyValueSpecification","valueRequired":true,"valueName":"search_term_string"}}],"inLanguage":"es"},{"@type":"Organization","@id":"https:\/\/mylipfiller.com\/#organization","name":"Mi relleno de labios","url":"https:\/\/mylipfiller.com\/","logo":{"@type":"ImageObject","inLanguage":"es","@id":"https:\/\/mylipfiller.com\/#\/schema\/logo\/image\/","url":"https:\/\/cdn.mylipfiller.com\/wp-content\/uploads\/2019\/02\/cropped-My-Lip-Filler-Logo.png","contentUrl":"https:\/\/cdn.mylipfiller.com\/wp-content\/uploads\/2019\/02\/cropped-My-Lip-Filler-Logo.png","width":240,"height":88,"caption":"My Lip Filler"},"image":{"@id":"https:\/\/mylipfiller.com\/#\/schema\/logo\/image\/"}}]}},"_links":{"self":[{"href":"https:\/\/mylipfiller.com\/es\/wp-json\/wp\/v2\/product\/42486","targetHints":{"allow":["GET"]}}],"collection":[{"href":"https:\/\/mylipfiller.com\/es\/wp-json\/wp\/v2\/product"}],"about":[{"href":"https:\/\/mylipfiller.com\/es\/wp-json\/wp\/v2\/types\/product"}],"wp:featuredmedia":[{"embeddable":true,"href":"https:\/\/mylipfiller.com\/es\/wp-json\/wp\/v2\/media\/42494"}],"wp:attachment":[{"href":"https:\/\/mylipfiller.com\/es\/wp-json\/wp\/v2\/media?parent=42486"}],"wp:term":[{"taxonomy":"product_brand","embeddable":true,"href":"https:\/\/mylipfiller.com\/es\/wp-json\/wp\/v2\/product_brand?post=42486"},{"taxonomy":"product_cat","embeddable":true,"href":"https:\/\/mylipfiller.com\/es\/wp-json\/wp\/v2\/product_cat?post=42486"},{"taxonomy":"product_tag","embeddable":true,"href":"https:\/\/mylipfiller.com\/es\/wp-json\/wp\/v2\/product_tag?post=42486"}],"curies":[{"name":"gracias","href":"https:\/\/api.w.org\/{rel}","templated":true}]}}