{"id":42647,"date":"2026-01-21T16:15:47","date_gmt":"2026-01-21T14:15:47","guid":{"rendered":"https:\/\/mylipfiller.com\/?post_type=product&#038;p=42647"},"modified":"2026-01-21T16:15:48","modified_gmt":"2026-01-21T14:15:48","slug":"maybreeze-body-filler-50cc","status":"publish","type":"product","link":"https:\/\/mylipfiller.com\/es\/maybreeze-body-filler-50cc\/","title":{"rendered":"Masilla para carrocer\u00eda MAYbreeze 50cc"},"content":{"rendered":"<h3>MAYbreeze \u2013 specifications:<\/h3>\n<p>Ingredientes principales: \u00c1cido hialur\u00f3nico<br \/>\nConcentraci\u00f3n de HA: 24 mg\/cc<br \/>\nOrigen de HA: no animal<br \/>\nBiocompatible: s\u00ed<br \/>\nBiodegradable: s\u00ed<br \/>\nDuraci\u00f3n del efecto: hasta 24 meses*<br \/>\nIndicaciones: contorno y mejora corporal, particularmente aumento de senos, contorno de caderas y voluminizaci\u00f3n y levantamiento de gl\u00fateos.<\/p>\n<p>*El relleno se disuelve de forma segura en el cuerpo con el tiempo.<\/p>\n<h3>Uso<\/h3>\n<p>El producto siempre debe ser manipulado y administrado por un profesional cualificado y capacitado. Los puntos de aplicaci\u00f3n del relleno corporal MAYbreeze se delimitan previamente en la zona a tratar. Normalmente se utiliza anestesia local.<\/p>\n<p><strong>T\u00e9cnicas de inyecci\u00f3n:<\/strong> El protocolo de aplicaci\u00f3n espec\u00edfico lo determina el especialista que realiza el procedimiento, en funci\u00f3n del \u00e1rea espec\u00edfica a tratar y los resultados deseados.<br \/>\n<strong>Dosis recomendada:<\/strong> El volumen de relleno corporal MAYbreeze utilizado depende de la zona a tratar. Para el aumento de gl\u00fateos, se suele usar una cantidad est\u00e1ndar de 30 a 40 cc de soluci\u00f3n. El l\u00edmite m\u00e1ximo para un solo uso en el primer tratamiento es de 100 cc.<\/p>\n<p><strong>Cuidados posteriores y recuperaci\u00f3n:<\/strong> post treatment includes daily careful disinfection of the entry points, with triangular tapping, to carefully sanitize the spot, for a period of about three days.. It\u2019s recommended to avoid getting the area directly wet. Some swelling and limited discomfort are to be expected.<\/p>\n<h3>Ventajas de la masilla para carrocer\u00eda MAZbreeze<\/h3>\n<ul>\n<li>Seamless enhancement \u2013 body contouring and volume improvements appear completely indistinguishable for the onlookers.<\/li>\n<li>Lasting effect \u2013 Great results of body sculpting for a standard range of 18-24 months.<\/li>\n<li>Safe alternative \u2013 much less invasive and lower risk procedure, as compared to traditional plastic surgery, particularly as opposed to procedures such as BBW.<\/li>\n<li>Versatile product \u2013 the MAYbreeze body filler can be used in multiple parts of the body, like buttocks, breasts and thighs.<\/li>\n<\/ul>\n<p>Este producto es comparable en especificaciones y uso al relleno Gana HA Body, con casos de uso, dosificaci\u00f3n y protocolo de preparaci\u00f3n an\u00e1logos, as\u00ed como propiedades f\u00edsicas y qu\u00edmicas pr\u00e1cticamente id\u00e9nticas. MAYbreeze es la soluci\u00f3n para especialistas que buscan una alternativa m\u00ednimamente invasiva a la cirug\u00eda de aumento corporal tradicional.<\/p>","protected":false},"excerpt":{"rendered":"<p>A diferencia del PLLA y otros rellenos corporales a base de pol\u00edmeros, MAYbreeze se desarrolla \u00edntegramente a base de \u00e1cido hialur\u00f3nico. Esta sustancia, aunque de origen no animal, es natural del cuerpo humano, por lo que el gel de contorno corporal es completamente biocompatible. Si bien la concentraci\u00f3n de 24 mg\/cc de AH puede parecer relativamente baja, el m\u00e9todo especial de reticulaci\u00f3n utilizado permite obtener un gel estable y denso, con la viscoelasticidad perfecta para aumentar zonas como los gl\u00fateos y los senos.<\/p>","protected":false},"featured_media":42648,"template":"","meta":{"_acf_changed":false},"product_brand":[],"product_cat":[79],"product_tag":[123,118,151,142,137,124],"class_list":{"0":"post-42647","1":"product","2":"type-product","3":"status-publish","4":"has-post-thumbnail","6":"product_cat-body","7":"product_tag-asymmetry","8":"product_tag-high-density","9":"product_tag-hyaluronic-acid-ha-fillers","10":"product_tag-modeling","11":"product_tag-south-korea","12":"product_tag-volume","14":"first","15":"instock","16":"taxable","17":"shipping-taxable","18":"purchasable","19":"product-type-simple"},"acf":[],"yoast_head":"<!-- This site is optimized with the Yoast SEO plugin v27.3 - https:\/\/yoast.com\/product\/yoast-seo-wordpress\/ -->\n<title>Buy MAYbreeze Body Filler 50cc - Fillers from My Lip Filler<\/title>\n<meta name=\"description\" content=\"\u2765Buy MAYbreeze Body Filler 50cc \u23e9 My Lip Filler online store \u27a6 Quality assurance, reviews, ingredients, best prices!\" \/>\n<meta name=\"robots\" content=\"index, follow, max-snippet:-1, max-image-preview:large, max-video-preview:-1\" \/>\n<link rel=\"canonical\" href=\"https:\/\/mylipfiller.com\/es\/maybreeze-body-filler-50cc\/\" \/>\n<meta property=\"og:locale\" content=\"es_MX\" \/>\n<meta property=\"og:type\" content=\"article\" \/>\n<meta property=\"og:title\" content=\"Buy MAYbreeze Body Filler 50cc - Fillers from My Lip Filler\" \/>\n<meta property=\"og:description\" content=\"\u2765Buy MAYbreeze Body Filler 50cc \u23e9 My Lip Filler online store \u27a6 Quality assurance, reviews, ingredients, best prices!\" \/>\n<meta property=\"og:url\" content=\"https:\/\/mylipfiller.com\/es\/maybreeze-body-filler-50cc\/\" \/>\n<meta property=\"og:site_name\" content=\"My Lip Filler\" \/>\n<meta property=\"article:modified_time\" content=\"2026-01-21T14:15:48+00:00\" \/>\n<meta property=\"og:image\" content=\"https:\/\/cdn.mylipfiller.com\/wp-content\/uploads\/2026\/01\/MAYbreeze-Body-Filler.jpg\" \/>\n\t<meta property=\"og:image:width\" content=\"600\" \/>\n\t<meta property=\"og:image:height\" content=\"600\" \/>\n\t<meta property=\"og:image:type\" content=\"image\/jpeg\" \/>\n<meta name=\"twitter:card\" content=\"summary_large_image\" \/>\n<meta name=\"twitter:label1\" content=\"Tiempo de lectura\" \/>\n\t<meta name=\"twitter:data1\" content=\"2 minutos\" \/>\n<script type=\"application\/ld+json\" class=\"yoast-schema-graph\">{\"@context\":\"https:\\\/\\\/schema.org\",\"@graph\":[{\"@type\":\"WebPage\",\"@id\":\"https:\\\/\\\/mylipfiller.com\\\/maybreeze-body-filler-50cc\\\/\",\"url\":\"https:\\\/\\\/mylipfiller.com\\\/maybreeze-body-filler-50cc\\\/\",\"name\":\"Buy MAYbreeze Body Filler 50cc - Fillers from My Lip Filler\",\"isPartOf\":{\"@id\":\"https:\\\/\\\/mylipfiller.com\\\/#website\"},\"primaryImageOfPage\":{\"@id\":\"https:\\\/\\\/mylipfiller.com\\\/maybreeze-body-filler-50cc\\\/#primaryimage\"},\"image\":{\"@id\":\"https:\\\/\\\/mylipfiller.com\\\/maybreeze-body-filler-50cc\\\/#primaryimage\"},\"thumbnailUrl\":\"https:\\\/\\\/mylipfiller.com\\\/wp-content\\\/uploads\\\/2026\\\/01\\\/MAYbreeze-Body-Filler.jpg\",\"datePublished\":\"2026-01-21T14:15:47+00:00\",\"dateModified\":\"2026-01-21T14:15:48+00:00\",\"description\":\"\u2765Buy MAYbreeze Body Filler 50cc \u23e9 My Lip Filler online store \u27a6 Quality assurance, reviews, ingredients, best prices!\",\"breadcrumb\":{\"@id\":\"https:\\\/\\\/mylipfiller.com\\\/maybreeze-body-filler-50cc\\\/#breadcrumb\"},\"inLanguage\":\"es\",\"potentialAction\":[{\"@type\":\"ReadAction\",\"target\":[\"https:\\\/\\\/mylipfiller.com\\\/maybreeze-body-filler-50cc\\\/\"]}]},{\"@type\":\"ImageObject\",\"inLanguage\":\"es\",\"@id\":\"https:\\\/\\\/mylipfiller.com\\\/maybreeze-body-filler-50cc\\\/#primaryimage\",\"url\":\"https:\\\/\\\/mylipfiller.com\\\/wp-content\\\/uploads\\\/2026\\\/01\\\/MAYbreeze-Body-Filler.jpg\",\"contentUrl\":\"https:\\\/\\\/mylipfiller.com\\\/wp-content\\\/uploads\\\/2026\\\/01\\\/MAYbreeze-Body-Filler.jpg\",\"width\":600,\"height\":600,\"caption\":\"MAYbreeze Body Filler\"},{\"@type\":\"BreadcrumbList\",\"@id\":\"https:\\\/\\\/mylipfiller.com\\\/maybreeze-body-filler-50cc\\\/#breadcrumb\",\"itemListElement\":[{\"@type\":\"ListItem\",\"position\":1,\"name\":\"Home\",\"item\":\"https:\\\/\\\/mylipfiller.com\\\/\"},{\"@type\":\"ListItem\",\"position\":2,\"name\":\"Shop\",\"item\":\"https:\\\/\\\/mylipfiller.com\\\/shop\\\/\"},{\"@type\":\"ListItem\",\"position\":3,\"name\":\"MAYbreeze Body Filler 50cc\"}]},{\"@type\":\"WebSite\",\"@id\":\"https:\\\/\\\/mylipfiller.com\\\/#website\",\"url\":\"https:\\\/\\\/mylipfiller.com\\\/\",\"name\":\"My Lip Filler\",\"description\":\"Hyaluronic Acid Lip and Dermal Fillers\",\"publisher\":{\"@id\":\"https:\\\/\\\/mylipfiller.com\\\/#organization\"},\"potentialAction\":[{\"@type\":\"SearchAction\",\"target\":{\"@type\":\"EntryPoint\",\"urlTemplate\":\"https:\\\/\\\/mylipfiller.com\\\/?s={search_term_string}\"},\"query-input\":{\"@type\":\"PropertyValueSpecification\",\"valueRequired\":true,\"valueName\":\"search_term_string\"}}],\"inLanguage\":\"es\"},{\"@type\":\"Organization\",\"@id\":\"https:\\\/\\\/mylipfiller.com\\\/#organization\",\"name\":\"My Lip Filler\",\"url\":\"https:\\\/\\\/mylipfiller.com\\\/\",\"logo\":{\"@type\":\"ImageObject\",\"inLanguage\":\"es\",\"@id\":\"https:\\\/\\\/mylipfiller.com\\\/#\\\/schema\\\/logo\\\/image\\\/\",\"url\":\"https:\\\/\\\/mylipfiller.com\\\/wp-content\\\/uploads\\\/2019\\\/02\\\/cropped-My-Lip-Filler-Logo.png\",\"contentUrl\":\"https:\\\/\\\/mylipfiller.com\\\/wp-content\\\/uploads\\\/2019\\\/02\\\/cropped-My-Lip-Filler-Logo.png\",\"width\":240,\"height\":88,\"caption\":\"My Lip Filler\"},\"image\":{\"@id\":\"https:\\\/\\\/mylipfiller.com\\\/#\\\/schema\\\/logo\\\/image\\\/\"}}]}<\/script>\n<!-- \/ Yoast SEO plugin. -->","yoast_head_json":{"title":"Comprar MAYbreeze Body Filler 50cc - Rellenos de My Lip Filler","description":"\u2765Comprar MAYbreeze Body Filler 50cc \u23e9 Mi tienda online de Lip Filler \u27a6 \u00a1Garant\u00eda de calidad, opiniones, ingredientes, mejores precios!","robots":{"index":"index","follow":"follow","max-snippet":"max-snippet:-1","max-image-preview":"max-image-preview:large","max-video-preview":"max-video-preview:-1"},"canonical":"https:\/\/mylipfiller.com\/es\/maybreeze-body-filler-50cc\/","og_locale":"es_MX","og_type":"article","og_title":"Buy MAYbreeze Body Filler 50cc - Fillers from My Lip Filler","og_description":"\u2765Buy MAYbreeze Body Filler 50cc \u23e9 My Lip Filler online store \u27a6 Quality assurance, reviews, ingredients, best prices!","og_url":"https:\/\/mylipfiller.com\/es\/maybreeze-body-filler-50cc\/","og_site_name":"My Lip Filler","article_modified_time":"2026-01-21T14:15:48+00:00","og_image":[{"width":600,"height":600,"url":"https:\/\/cdn.mylipfiller.com\/wp-content\/uploads\/2026\/01\/MAYbreeze-Body-Filler.jpg","type":"image\/jpeg"}],"twitter_card":"summary_large_image","twitter_misc":{"Tiempo de lectura":"2 minutos"},"schema":{"@context":"https:\/\/schema.org","@graph":[{"@type":"WebPage","@id":"https:\/\/mylipfiller.com\/maybreeze-body-filler-50cc\/","url":"https:\/\/mylipfiller.com\/maybreeze-body-filler-50cc\/","name":"Comprar MAYbreeze Body Filler 50cc - Rellenos de My Lip Filler","isPartOf":{"@id":"https:\/\/mylipfiller.com\/#website"},"primaryImageOfPage":{"@id":"https:\/\/mylipfiller.com\/maybreeze-body-filler-50cc\/#primaryimage"},"image":{"@id":"https:\/\/mylipfiller.com\/maybreeze-body-filler-50cc\/#primaryimage"},"thumbnailUrl":"https:\/\/cdn.mylipfiller.com\/wp-content\/uploads\/2026\/01\/MAYbreeze-Body-Filler.jpg","datePublished":"2026-01-21T14:15:47+00:00","dateModified":"2026-01-21T14:15:48+00:00","description":"\u2765Comprar MAYbreeze Body Filler 50cc \u23e9 Mi tienda online de Lip Filler \u27a6 \u00a1Garant\u00eda de calidad, opiniones, ingredientes, mejores precios!","breadcrumb":{"@id":"https:\/\/mylipfiller.com\/maybreeze-body-filler-50cc\/#breadcrumb"},"inLanguage":"es","potentialAction":[{"@type":"ReadAction","target":["https:\/\/mylipfiller.com\/maybreeze-body-filler-50cc\/"]}]},{"@type":"ImageObject","inLanguage":"es","@id":"https:\/\/mylipfiller.com\/maybreeze-body-filler-50cc\/#primaryimage","url":"https:\/\/cdn.mylipfiller.com\/wp-content\/uploads\/2026\/01\/MAYbreeze-Body-Filler.jpg","contentUrl":"https:\/\/cdn.mylipfiller.com\/wp-content\/uploads\/2026\/01\/MAYbreeze-Body-Filler.jpg","width":600,"height":600,"caption":"MAYbreeze Body Filler"},{"@type":"BreadcrumbList","@id":"https:\/\/mylipfiller.com\/maybreeze-body-filler-50cc\/#breadcrumb","itemListElement":[{"@type":"ListItem","position":1,"name":"Home","item":"https:\/\/mylipfiller.com\/"},{"@type":"ListItem","position":2,"name":"Shop","item":"https:\/\/mylipfiller.com\/shop\/"},{"@type":"ListItem","position":3,"name":"MAYbreeze Body Filler 50cc"}]},{"@type":"WebSite","@id":"https:\/\/mylipfiller.com\/#website","url":"https:\/\/mylipfiller.com\/","name":"Mi relleno de labios","description":"Rellenos d\u00e9rmicos y de labios con \u00e1cido hialur\u00f3nico","publisher":{"@id":"https:\/\/mylipfiller.com\/#organization"},"potentialAction":[{"@type":"SearchAction","target":{"@type":"EntryPoint","urlTemplate":"https:\/\/mylipfiller.com\/?s={search_term_string}"},"query-input":{"@type":"PropertyValueSpecification","valueRequired":true,"valueName":"search_term_string"}}],"inLanguage":"es"},{"@type":"Organization","@id":"https:\/\/mylipfiller.com\/#organization","name":"Mi relleno de labios","url":"https:\/\/mylipfiller.com\/","logo":{"@type":"ImageObject","inLanguage":"es","@id":"https:\/\/mylipfiller.com\/#\/schema\/logo\/image\/","url":"https:\/\/cdn.mylipfiller.com\/wp-content\/uploads\/2019\/02\/cropped-My-Lip-Filler-Logo.png","contentUrl":"https:\/\/cdn.mylipfiller.com\/wp-content\/uploads\/2019\/02\/cropped-My-Lip-Filler-Logo.png","width":240,"height":88,"caption":"My Lip Filler"},"image":{"@id":"https:\/\/mylipfiller.com\/#\/schema\/logo\/image\/"}}]}},"_links":{"self":[{"href":"https:\/\/mylipfiller.com\/es\/wp-json\/wp\/v2\/product\/42647","targetHints":{"allow":["GET"]}}],"collection":[{"href":"https:\/\/mylipfiller.com\/es\/wp-json\/wp\/v2\/product"}],"about":[{"href":"https:\/\/mylipfiller.com\/es\/wp-json\/wp\/v2\/types\/product"}],"wp:featuredmedia":[{"embeddable":true,"href":"https:\/\/mylipfiller.com\/es\/wp-json\/wp\/v2\/media\/42648"}],"wp:attachment":[{"href":"https:\/\/mylipfiller.com\/es\/wp-json\/wp\/v2\/media?parent=42647"}],"wp:term":[{"taxonomy":"product_brand","embeddable":true,"href":"https:\/\/mylipfiller.com\/es\/wp-json\/wp\/v2\/product_brand?post=42647"},{"taxonomy":"product_cat","embeddable":true,"href":"https:\/\/mylipfiller.com\/es\/wp-json\/wp\/v2\/product_cat?post=42647"},{"taxonomy":"product_tag","embeddable":true,"href":"https:\/\/mylipfiller.com\/es\/wp-json\/wp\/v2\/product_tag?post=42647"}],"curies":[{"name":"gracias","href":"https:\/\/api.w.org\/{rel}","templated":true}]}}