{"id":4285,"date":"2019-08-21T10:24:09","date_gmt":"2019-08-21T08:24:09","guid":{"rendered":"https:\/\/mylipfiller.com\/?post_type=product&#038;p=4285"},"modified":"2024-07-03T17:32:40","modified_gmt":"2024-07-03T15:32:40","slug":"aqua-science-water-max-foam-cleanser-140ml","status":"publish","type":"product","link":"https:\/\/mylipfiller.com\/es\/aqua-science-water-max-foam-cleanser-140ml\/","title":{"rendered":"Limpiador en espuma Aqua Science Water-Max - 140 ml"},"content":{"rendered":"<p>Ingredientes principales<br \/>\nAl igual que todos los dem\u00e1s productos de vanguardia para el cuidado de la piel de Histolab, este tambi\u00e9n utiliza el poder de la ciencia para lograr los resultados deseados, en este caso, para mejorar el equilibrio h\u00eddrico de la piel. El secreto del \u00e9xito del limpiador en espuma Aqua Science Water-Max es una f\u00f3rmula patentada SRGF H1 que contiene una amplia gama de ingredientes muy impresionantes y efectivos como:<br \/>\n\u2022 Hialuronato de sodio: un componente que se utiliza a menudo en los rellenos de tejidos blandos que tiene propiedades hidratantes notables.<br \/>\n\u2022 Beta-glucano: calma la piel irritada<br \/>\n\u2022 Verdolaga com\u00fan: tiene un efecto calmante que mejora a\u00fan m\u00e1s los poderes del beta-glucano<br \/>\n\u2022 Iris japon\u00e9s: ilumina y mejora el tono de la piel<br \/>\n\u00bfC\u00f3mo usar el limpiador en espuma Aqua Science Water-Max?<br \/>\nLa aplicaci\u00f3n de este econ\u00f3mico producto para el cuidado de la piel es realmente f\u00e1cil y r\u00e1pida. Humedece tu mano y luego ponle un poco de gel limpiador. A continuaci\u00f3n, frote hasta que el gel se convierta en una espuma y apl\u00edquelo con cuidado sobre su rostro. Lev\u00e1ntelo despu\u00e9s de unos minutos con agua tibia. Aunque este innovador producto cosm\u00e9tico se puede utilizar en todo tipo de pieles, las personas con piel \u00e1spera y seca se beneficiar\u00e1n al m\u00e1ximo gracias a sus extraordinarios poderes hidratantes.<br \/>\nNosotros, en My Lip Filler, vendemos esta soluci\u00f3n para el cuidado de la piel en el hogar a un precio de ganga.<\/p>","protected":false},"excerpt":{"rendered":"<p>La clave para una piel bien hidratada y profundamente limpia tiene un nombre: Aqua Science Water-Max Foam Cleaner 140 ml. Este excelente producto cosm\u00e9tico es parte de la vers\u00e1til gama Aqua Science de Histolab, lo que significa que se basa en una f\u00f3rmula patentada para brindar a la piel una hidrataci\u00f3n duradera. Este limpiador de piel eficaz mejorar\u00e1 la apariencia y la salud general de su piel. Para disfrutar de estos fant\u00e1sticos beneficios para el cuidado de la piel, p\u00eddalo a My Lip Filler.<\/p>","protected":false},"featured_media":4327,"template":"","meta":{"_acf_changed":false},"product_brand":[],"product_cat":[60,165,57],"product_tag":[111],"class_list":{"0":"post-4285","1":"product","2":"type-product","3":"status-publish","4":"has-post-thumbnail","6":"product_cat-aqua-science","7":"product_cat-medians","8":"product_cat-skin-care","9":"product_tag-face","11":"first","12":"outofstock","13":"taxable","14":"shipping-taxable","15":"purchasable","16":"product-type-simple"},"acf":[],"yoast_head":"<!-- This site is optimized with the Yoast SEO plugin v27.2 - https:\/\/yoast.com\/product\/yoast-seo-wordpress\/ -->\n<title>Buy Aqua Science Water-Max Foam Cleanser \u2013 140ml - Fillers from My Lip Filler<\/title>\n<meta name=\"description\" content=\"\u2765Buy Aqua Science Water-Max Foam Cleanser \u2013 140ml \u23e9 My Lip Filler online store \u27a6 Quality assurance, reviews, ingredients, best prices!\" \/>\n<meta name=\"robots\" content=\"index, follow, max-snippet:-1, max-image-preview:large, max-video-preview:-1\" \/>\n<link rel=\"canonical\" href=\"https:\/\/mylipfiller.com\/es\/aqua-science-water-max-foam-cleanser-140ml\/\" \/>\n<meta property=\"og:locale\" content=\"es_MX\" \/>\n<meta property=\"og:type\" content=\"article\" \/>\n<meta property=\"og:title\" content=\"Buy Aqua Science Water-Max Foam Cleanser \u2013 140ml - Fillers from My Lip Filler\" \/>\n<meta property=\"og:description\" content=\"\u2765Buy Aqua Science Water-Max Foam Cleanser \u2013 140ml \u23e9 My Lip Filler online store \u27a6 Quality assurance, reviews, ingredients, best prices!\" \/>\n<meta property=\"og:url\" content=\"https:\/\/mylipfiller.com\/es\/aqua-science-water-max-foam-cleanser-140ml\/\" \/>\n<meta property=\"og:site_name\" content=\"My Lip Filler\" \/>\n<meta property=\"article:modified_time\" content=\"2024-07-03T15:32:40+00:00\" \/>\n<meta property=\"og:image\" content=\"https:\/\/cdn.mylipfiller.com\/wp-content\/uploads\/2019\/08\/Water-Max-Foam-Cleanser.jpg\" \/>\n\t<meta property=\"og:image:width\" content=\"600\" \/>\n\t<meta property=\"og:image:height\" content=\"600\" \/>\n\t<meta property=\"og:image:type\" content=\"image\/jpeg\" \/>\n<meta name=\"twitter:card\" content=\"summary_large_image\" \/>\n<meta name=\"twitter:label1\" content=\"Tiempo de lectura\" \/>\n\t<meta name=\"twitter:data1\" content=\"2 minutos\" \/>\n<script type=\"application\/ld+json\" class=\"yoast-schema-graph\">{\"@context\":\"https:\/\/schema.org\",\"@graph\":[{\"@type\":\"WebPage\",\"@id\":\"https:\/\/mylipfiller.com\/aqua-science-water-max-foam-cleanser-140ml\/\",\"url\":\"https:\/\/mylipfiller.com\/aqua-science-water-max-foam-cleanser-140ml\/\",\"name\":\"Buy Aqua Science Water-Max Foam Cleanser \u2013 140ml - Fillers from My Lip Filler\",\"isPartOf\":{\"@id\":\"https:\/\/mylipfiller.com\/#website\"},\"primaryImageOfPage\":{\"@id\":\"https:\/\/mylipfiller.com\/aqua-science-water-max-foam-cleanser-140ml\/#primaryimage\"},\"image\":{\"@id\":\"https:\/\/mylipfiller.com\/aqua-science-water-max-foam-cleanser-140ml\/#primaryimage\"},\"thumbnailUrl\":\"https:\/\/cdn.mylipfiller.com\/wp-content\/uploads\/2019\/08\/Water-Max-Foam-Cleanser.jpg\",\"datePublished\":\"2019-08-21T08:24:09+00:00\",\"dateModified\":\"2024-07-03T15:32:40+00:00\",\"description\":\"\u2765Buy Aqua Science Water-Max Foam Cleanser \u2013 140ml \u23e9 My Lip Filler online store \u27a6 Quality assurance, reviews, ingredients, best prices!\",\"breadcrumb\":{\"@id\":\"https:\/\/mylipfiller.com\/aqua-science-water-max-foam-cleanser-140ml\/#breadcrumb\"},\"inLanguage\":\"es\",\"potentialAction\":[{\"@type\":\"ReadAction\",\"target\":[\"https:\/\/mylipfiller.com\/aqua-science-water-max-foam-cleanser-140ml\/\"]}]},{\"@type\":\"ImageObject\",\"inLanguage\":\"es\",\"@id\":\"https:\/\/mylipfiller.com\/aqua-science-water-max-foam-cleanser-140ml\/#primaryimage\",\"url\":\"https:\/\/cdn.mylipfiller.com\/wp-content\/uploads\/2019\/08\/Water-Max-Foam-Cleanser.jpg\",\"contentUrl\":\"https:\/\/cdn.mylipfiller.com\/wp-content\/uploads\/2019\/08\/Water-Max-Foam-Cleanser.jpg\",\"width\":600,\"height\":600,\"caption\":\"Water-Max Foam Cleanser\"},{\"@type\":\"BreadcrumbList\",\"@id\":\"https:\/\/mylipfiller.com\/aqua-science-water-max-foam-cleanser-140ml\/#breadcrumb\",\"itemListElement\":[{\"@type\":\"ListItem\",\"position\":1,\"name\":\"Home\",\"item\":\"https:\/\/mylipfiller.com\/\"},{\"@type\":\"ListItem\",\"position\":2,\"name\":\"Shop\",\"item\":\"https:\/\/mylipfiller.com\/shop\/\"},{\"@type\":\"ListItem\",\"position\":3,\"name\":\"Aqua Science Water-Max Foam Cleanser \u2013 140ml\"}]},{\"@type\":\"WebSite\",\"@id\":\"https:\/\/mylipfiller.com\/#website\",\"url\":\"https:\/\/mylipfiller.com\/\",\"name\":\"My Lip Filler\",\"description\":\"Hyaluronic Acid Lip and Dermal Fillers\",\"publisher\":{\"@id\":\"https:\/\/mylipfiller.com\/#organization\"},\"potentialAction\":[{\"@type\":\"SearchAction\",\"target\":{\"@type\":\"EntryPoint\",\"urlTemplate\":\"https:\/\/mylipfiller.com\/?s={search_term_string}\"},\"query-input\":{\"@type\":\"PropertyValueSpecification\",\"valueRequired\":true,\"valueName\":\"search_term_string\"}}],\"inLanguage\":\"es\"},{\"@type\":\"Organization\",\"@id\":\"https:\/\/mylipfiller.com\/#organization\",\"name\":\"My Lip Filler\",\"url\":\"https:\/\/mylipfiller.com\/\",\"logo\":{\"@type\":\"ImageObject\",\"inLanguage\":\"es\",\"@id\":\"https:\/\/mylipfiller.com\/#\/schema\/logo\/image\/\",\"url\":\"https:\/\/cdn.mylipfiller.com\/wp-content\/uploads\/2019\/02\/cropped-My-Lip-Filler-Logo.png\",\"contentUrl\":\"https:\/\/cdn.mylipfiller.com\/wp-content\/uploads\/2019\/02\/cropped-My-Lip-Filler-Logo.png\",\"width\":240,\"height\":88,\"caption\":\"My Lip Filler\"},\"image\":{\"@id\":\"https:\/\/mylipfiller.com\/#\/schema\/logo\/image\/\"}}]}<\/script>\n<!-- \/ Yoast SEO plugin. -->","yoast_head_json":{"title":"Comprar Espuma Limpiadora Aqua Science Water-Max - 140ml - Rellenos de My Lip Filler","description":"\u2765Comprar Espuma Limpiadora Aqua Science Water-Max \u2013 140ml \u23e9 Tienda online My Lip Filler \u27a6 Garant\u00eda de calidad, rese\u00f1as, ingredientes, \u00a1los mejores precios!","robots":{"index":"index","follow":"follow","max-snippet":"max-snippet:-1","max-image-preview":"max-image-preview:large","max-video-preview":"max-video-preview:-1"},"canonical":"https:\/\/mylipfiller.com\/es\/aqua-science-water-max-foam-cleanser-140ml\/","og_locale":"es_MX","og_type":"article","og_title":"Buy Aqua Science Water-Max Foam Cleanser \u2013 140ml - Fillers from My Lip Filler","og_description":"\u2765Buy Aqua Science Water-Max Foam Cleanser \u2013 140ml \u23e9 My Lip Filler online store \u27a6 Quality assurance, reviews, ingredients, best prices!","og_url":"https:\/\/mylipfiller.com\/es\/aqua-science-water-max-foam-cleanser-140ml\/","og_site_name":"My Lip Filler","article_modified_time":"2024-07-03T15:32:40+00:00","og_image":[{"width":600,"height":600,"url":"https:\/\/cdn.mylipfiller.com\/wp-content\/uploads\/2019\/08\/Water-Max-Foam-Cleanser.jpg","type":"image\/jpeg"}],"twitter_card":"summary_large_image","twitter_misc":{"Tiempo de lectura":"2 minutos"},"schema":{"@context":"https:\/\/schema.org","@graph":[{"@type":"WebPage","@id":"https:\/\/mylipfiller.com\/aqua-science-water-max-foam-cleanser-140ml\/","url":"https:\/\/mylipfiller.com\/aqua-science-water-max-foam-cleanser-140ml\/","name":"Comprar Espuma Limpiadora Aqua Science Water-Max - 140ml - Rellenos de My Lip Filler","isPartOf":{"@id":"https:\/\/mylipfiller.com\/#website"},"primaryImageOfPage":{"@id":"https:\/\/mylipfiller.com\/aqua-science-water-max-foam-cleanser-140ml\/#primaryimage"},"image":{"@id":"https:\/\/mylipfiller.com\/aqua-science-water-max-foam-cleanser-140ml\/#primaryimage"},"thumbnailUrl":"https:\/\/cdn.mylipfiller.com\/wp-content\/uploads\/2019\/08\/Water-Max-Foam-Cleanser.jpg","datePublished":"2019-08-21T08:24:09+00:00","dateModified":"2024-07-03T15:32:40+00:00","description":"\u2765Comprar Espuma Limpiadora Aqua Science Water-Max \u2013 140ml \u23e9 Tienda online My Lip Filler \u27a6 Garant\u00eda de calidad, rese\u00f1as, ingredientes, \u00a1los mejores precios!","breadcrumb":{"@id":"https:\/\/mylipfiller.com\/aqua-science-water-max-foam-cleanser-140ml\/#breadcrumb"},"inLanguage":"es","potentialAction":[{"@type":"ReadAction","target":["https:\/\/mylipfiller.com\/aqua-science-water-max-foam-cleanser-140ml\/"]}]},{"@type":"ImageObject","inLanguage":"es","@id":"https:\/\/mylipfiller.com\/aqua-science-water-max-foam-cleanser-140ml\/#primaryimage","url":"https:\/\/cdn.mylipfiller.com\/wp-content\/uploads\/2019\/08\/Water-Max-Foam-Cleanser.jpg","contentUrl":"https:\/\/cdn.mylipfiller.com\/wp-content\/uploads\/2019\/08\/Water-Max-Foam-Cleanser.jpg","width":600,"height":600,"caption":"Water-Max Foam Cleanser"},{"@type":"BreadcrumbList","@id":"https:\/\/mylipfiller.com\/aqua-science-water-max-foam-cleanser-140ml\/#breadcrumb","itemListElement":[{"@type":"ListItem","position":1,"name":"Home","item":"https:\/\/mylipfiller.com\/"},{"@type":"ListItem","position":2,"name":"Shop","item":"https:\/\/mylipfiller.com\/shop\/"},{"@type":"ListItem","position":3,"name":"Aqua Science Water-Max Foam Cleanser \u2013 140ml"}]},{"@type":"WebSite","@id":"https:\/\/mylipfiller.com\/#website","url":"https:\/\/mylipfiller.com\/","name":"Mi relleno de labios","description":"Rellenos d\u00e9rmicos y de labios con \u00e1cido hialur\u00f3nico","publisher":{"@id":"https:\/\/mylipfiller.com\/#organization"},"potentialAction":[{"@type":"SearchAction","target":{"@type":"EntryPoint","urlTemplate":"https:\/\/mylipfiller.com\/?s={search_term_string}"},"query-input":{"@type":"PropertyValueSpecification","valueRequired":true,"valueName":"search_term_string"}}],"inLanguage":"es"},{"@type":"Organization","@id":"https:\/\/mylipfiller.com\/#organization","name":"Mi relleno de labios","url":"https:\/\/mylipfiller.com\/","logo":{"@type":"ImageObject","inLanguage":"es","@id":"https:\/\/mylipfiller.com\/#\/schema\/logo\/image\/","url":"https:\/\/cdn.mylipfiller.com\/wp-content\/uploads\/2019\/02\/cropped-My-Lip-Filler-Logo.png","contentUrl":"https:\/\/cdn.mylipfiller.com\/wp-content\/uploads\/2019\/02\/cropped-My-Lip-Filler-Logo.png","width":240,"height":88,"caption":"My Lip Filler"},"image":{"@id":"https:\/\/mylipfiller.com\/#\/schema\/logo\/image\/"}}]}},"_links":{"self":[{"href":"https:\/\/mylipfiller.com\/es\/wp-json\/wp\/v2\/product\/4285","targetHints":{"allow":["GET"]}}],"collection":[{"href":"https:\/\/mylipfiller.com\/es\/wp-json\/wp\/v2\/product"}],"about":[{"href":"https:\/\/mylipfiller.com\/es\/wp-json\/wp\/v2\/types\/product"}],"wp:featuredmedia":[{"embeddable":true,"href":"https:\/\/mylipfiller.com\/es\/wp-json\/wp\/v2\/media\/4327"}],"wp:attachment":[{"href":"https:\/\/mylipfiller.com\/es\/wp-json\/wp\/v2\/media?parent=4285"}],"wp:term":[{"taxonomy":"product_brand","embeddable":true,"href":"https:\/\/mylipfiller.com\/es\/wp-json\/wp\/v2\/product_brand?post=4285"},{"taxonomy":"product_cat","embeddable":true,"href":"https:\/\/mylipfiller.com\/es\/wp-json\/wp\/v2\/product_cat?post=4285"},{"taxonomy":"product_tag","embeddable":true,"href":"https:\/\/mylipfiller.com\/es\/wp-json\/wp\/v2\/product_tag?post=4285"}],"curies":[{"name":"gracias","href":"https:\/\/api.w.org\/{rel}","templated":true}]}}