{"id":4287,"date":"2019-08-21T10:24:10","date_gmt":"2019-08-21T08:24:10","guid":{"rendered":"https:\/\/mylipfiller.com\/?post_type=product&#038;p=4287"},"modified":"2024-07-03T17:32:39","modified_gmt":"2024-07-03T15:32:39","slug":"acnex-science-alpha-cleansing-foam-140ml","status":"publish","type":"product","link":"https:\/\/mylipfiller.com\/es\/acnex-science-alpha-cleansing-foam-140ml\/","title":{"rendered":"Espuma limpiadora Acnex Science Alpha 140 ml"},"content":{"rendered":"<p>\u00bfQu\u00e9 contiene?<br \/>\nEste producto \u00fanico para el cuidado de la piel se incluye en la l\u00ednea avanzada Acnex Science de Histolab, que se desarroll\u00f3 espec\u00edficamente para ayudar a las personas que tienen problemas de acn\u00e9 y piel grasa. Sin embargo, la espuma limpiadora Acnex Science Alpha tambi\u00e9n es adecuada para personas de todo tipo de piel porque no tiene efecto secante. No reducir\u00e1 la producci\u00f3n de sebo. En cambio, lo equilibrar\u00e1 y mejorar\u00e1 la salud general de la piel. Para hacerlo posible, se basa en una f\u00f3rmula innovadora patentada por Histolab con el nombre de SRGF H1. Tambi\u00e9n presenta ingredientes importantes como:<br \/>\n\u2022 Decil-gluc\u00f3sido que controla los niveles de grasa de la piel<br \/>\n\u2022 Agua de flores de Nelumbo Nucifera para una hidrataci\u00f3n adicional<br \/>\n\u2022 Aceite de \u00e1rbol de t\u00e9 y extracto de centella asi\u00e1tica para una protecci\u00f3n duradera de la piel<br \/>\n\u2022 Extracto de hoja de Hedera Helix para un r\u00e1pido efecto calmante de la piel<br \/>\nDado que se trata de un producto cosm\u00e9tico para el cuidado del hogar, es muy f\u00e1cil de aplicar. Comience por limpiar su piel y luego aplique el producto directamente sobre su rostro con la mano h\u00fameda. A continuaci\u00f3n, enjuague con agua tibia y seque la piel con una toalla limpia.<br \/>\nIncre\u00edbles poderes antiirritantes de Acnex Science Alpha Cleansing Foam<br \/>\nLa piel grasa y propensa al acn\u00e9 puede provocar f\u00e1cilmente irritaciones cut\u00e1neas rebeldes. Afortunadamente, esta extraordinaria espuma limpiadora tiene un r\u00e1pido efecto calmante y calmante. En tan solo unos minutos despu\u00e9s de usarlo, notar\u00e1s que las molestias en la piel que tuviste desaparecer\u00e1n gradualmente.<\/p>","protected":false},"excerpt":{"rendered":"<p>La piel grasa y propensa al acn\u00e9 puede ser incre\u00edblemente dif\u00edcil de tratar, pero la espuma limpiadora Acnex Science Alpha de 140 ml de Histolab est\u00e1 a la altura de ese desaf\u00edo. Limpia eficazmente los poros, reduce la aparici\u00f3n de imperfecciones y equilibra la producci\u00f3n de sebo para garantizar efectos antiacn\u00e9 visibles y duraderos. Disponible en el sitio web de My Lip Filler a un precio de ganga, esta excelente espuma limpiadora tambi\u00e9n nutrir\u00e1 e hidratar\u00e1 la piel.<\/p>","protected":false},"featured_media":4331,"template":"","meta":{"_acf_changed":false},"product_brand":[],"product_cat":[61,165,57],"product_tag":[111,137],"class_list":{"0":"post-4287","1":"product","2":"type-product","3":"status-publish","4":"has-post-thumbnail","6":"product_cat-acnex-science","7":"product_cat-medians","8":"product_cat-skin-care","9":"product_tag-face","10":"product_tag-south-korea","12":"first","13":"outofstock","14":"taxable","15":"shipping-taxable","16":"purchasable","17":"product-type-simple"},"acf":[],"yoast_head":"<!-- This site is optimized with the Yoast SEO plugin v27.2 - https:\/\/yoast.com\/product\/yoast-seo-wordpress\/ -->\n<title>Buy Acnex Science Alpha Cleansing Foam 140ml - Fillers from My Lip Filler<\/title>\n<meta name=\"description\" content=\"\u2765Buy Acnex Science Alpha Cleansing Foam 140ml \u23e9 My Lip Filler online store \u27a6 Quality assurance, reviews, ingredients, best prices!\" \/>\n<meta name=\"robots\" content=\"index, follow, max-snippet:-1, max-image-preview:large, max-video-preview:-1\" \/>\n<link rel=\"canonical\" href=\"https:\/\/mylipfiller.com\/es\/acnex-science-alpha-cleansing-foam-140ml\/\" \/>\n<meta property=\"og:locale\" content=\"es_MX\" \/>\n<meta property=\"og:type\" content=\"article\" \/>\n<meta property=\"og:title\" content=\"Buy Acnex Science Alpha Cleansing Foam 140ml - Fillers from My Lip Filler\" \/>\n<meta property=\"og:description\" content=\"\u2765Buy Acnex Science Alpha Cleansing Foam 140ml \u23e9 My Lip Filler online store \u27a6 Quality assurance, reviews, ingredients, best prices!\" \/>\n<meta property=\"og:url\" content=\"https:\/\/mylipfiller.com\/es\/acnex-science-alpha-cleansing-foam-140ml\/\" \/>\n<meta property=\"og:site_name\" content=\"My Lip Filler\" \/>\n<meta property=\"article:modified_time\" content=\"2024-07-03T15:32:39+00:00\" \/>\n<meta property=\"og:image\" content=\"https:\/\/cdn.mylipfiller.com\/wp-content\/uploads\/2019\/08\/Alpha-Cleansing-Foam.jpg\" \/>\n\t<meta property=\"og:image:width\" content=\"600\" \/>\n\t<meta property=\"og:image:height\" content=\"600\" \/>\n\t<meta property=\"og:image:type\" content=\"image\/jpeg\" \/>\n<meta name=\"twitter:card\" content=\"summary_large_image\" \/>\n<meta name=\"twitter:label1\" content=\"Tiempo de lectura\" \/>\n\t<meta name=\"twitter:data1\" content=\"2 minutos\" \/>\n<script type=\"application\/ld+json\" class=\"yoast-schema-graph\">{\"@context\":\"https:\/\/schema.org\",\"@graph\":[{\"@type\":\"WebPage\",\"@id\":\"https:\/\/mylipfiller.com\/acnex-science-alpha-cleansing-foam-140ml\/\",\"url\":\"https:\/\/mylipfiller.com\/acnex-science-alpha-cleansing-foam-140ml\/\",\"name\":\"Buy Acnex Science Alpha Cleansing Foam 140ml - Fillers from My Lip Filler\",\"isPartOf\":{\"@id\":\"https:\/\/mylipfiller.com\/#website\"},\"primaryImageOfPage\":{\"@id\":\"https:\/\/mylipfiller.com\/acnex-science-alpha-cleansing-foam-140ml\/#primaryimage\"},\"image\":{\"@id\":\"https:\/\/mylipfiller.com\/acnex-science-alpha-cleansing-foam-140ml\/#primaryimage\"},\"thumbnailUrl\":\"https:\/\/cdn.mylipfiller.com\/wp-content\/uploads\/2019\/08\/Alpha-Cleansing-Foam.jpg\",\"datePublished\":\"2019-08-21T08:24:10+00:00\",\"dateModified\":\"2024-07-03T15:32:39+00:00\",\"description\":\"\u2765Buy Acnex Science Alpha Cleansing Foam 140ml \u23e9 My Lip Filler online store \u27a6 Quality assurance, reviews, ingredients, best prices!\",\"breadcrumb\":{\"@id\":\"https:\/\/mylipfiller.com\/acnex-science-alpha-cleansing-foam-140ml\/#breadcrumb\"},\"inLanguage\":\"es\",\"potentialAction\":[{\"@type\":\"ReadAction\",\"target\":[\"https:\/\/mylipfiller.com\/acnex-science-alpha-cleansing-foam-140ml\/\"]}]},{\"@type\":\"ImageObject\",\"inLanguage\":\"es\",\"@id\":\"https:\/\/mylipfiller.com\/acnex-science-alpha-cleansing-foam-140ml\/#primaryimage\",\"url\":\"https:\/\/cdn.mylipfiller.com\/wp-content\/uploads\/2019\/08\/Alpha-Cleansing-Foam.jpg\",\"contentUrl\":\"https:\/\/cdn.mylipfiller.com\/wp-content\/uploads\/2019\/08\/Alpha-Cleansing-Foam.jpg\",\"width\":600,\"height\":600,\"caption\":\"Alpha Cleansing Foam\"},{\"@type\":\"BreadcrumbList\",\"@id\":\"https:\/\/mylipfiller.com\/acnex-science-alpha-cleansing-foam-140ml\/#breadcrumb\",\"itemListElement\":[{\"@type\":\"ListItem\",\"position\":1,\"name\":\"Home\",\"item\":\"https:\/\/mylipfiller.com\/\"},{\"@type\":\"ListItem\",\"position\":2,\"name\":\"Shop\",\"item\":\"https:\/\/mylipfiller.com\/shop\/\"},{\"@type\":\"ListItem\",\"position\":3,\"name\":\"Acnex Science Alpha Cleansing Foam 140ml\"}]},{\"@type\":\"WebSite\",\"@id\":\"https:\/\/mylipfiller.com\/#website\",\"url\":\"https:\/\/mylipfiller.com\/\",\"name\":\"My Lip Filler\",\"description\":\"Hyaluronic Acid Lip and Dermal Fillers\",\"publisher\":{\"@id\":\"https:\/\/mylipfiller.com\/#organization\"},\"potentialAction\":[{\"@type\":\"SearchAction\",\"target\":{\"@type\":\"EntryPoint\",\"urlTemplate\":\"https:\/\/mylipfiller.com\/?s={search_term_string}\"},\"query-input\":{\"@type\":\"PropertyValueSpecification\",\"valueRequired\":true,\"valueName\":\"search_term_string\"}}],\"inLanguage\":\"es\"},{\"@type\":\"Organization\",\"@id\":\"https:\/\/mylipfiller.com\/#organization\",\"name\":\"My Lip Filler\",\"url\":\"https:\/\/mylipfiller.com\/\",\"logo\":{\"@type\":\"ImageObject\",\"inLanguage\":\"es\",\"@id\":\"https:\/\/mylipfiller.com\/#\/schema\/logo\/image\/\",\"url\":\"https:\/\/cdn.mylipfiller.com\/wp-content\/uploads\/2019\/02\/cropped-My-Lip-Filler-Logo.png\",\"contentUrl\":\"https:\/\/cdn.mylipfiller.com\/wp-content\/uploads\/2019\/02\/cropped-My-Lip-Filler-Logo.png\",\"width\":240,\"height\":88,\"caption\":\"My Lip Filler\"},\"image\":{\"@id\":\"https:\/\/mylipfiller.com\/#\/schema\/logo\/image\/\"}}]}<\/script>\n<!-- \/ Yoast SEO plugin. -->","yoast_head_json":{"title":"Comprar Acnex Science Alpha Espuma Limpiadora 140ml - Rellenos de My Lip Filler","description":"\u2765Compra Acnex Science Alpha Espuma Limpiadora 140ml \u23e9 Tienda online My Lip Filler \u27a6 Garant\u00eda de calidad, opiniones, ingredientes, \u00a1los mejores precios!","robots":{"index":"index","follow":"follow","max-snippet":"max-snippet:-1","max-image-preview":"max-image-preview:large","max-video-preview":"max-video-preview:-1"},"canonical":"https:\/\/mylipfiller.com\/es\/acnex-science-alpha-cleansing-foam-140ml\/","og_locale":"es_MX","og_type":"article","og_title":"Buy Acnex Science Alpha Cleansing Foam 140ml - Fillers from My Lip Filler","og_description":"\u2765Buy Acnex Science Alpha Cleansing Foam 140ml \u23e9 My Lip Filler online store \u27a6 Quality assurance, reviews, ingredients, best prices!","og_url":"https:\/\/mylipfiller.com\/es\/acnex-science-alpha-cleansing-foam-140ml\/","og_site_name":"My Lip Filler","article_modified_time":"2024-07-03T15:32:39+00:00","og_image":[{"width":600,"height":600,"url":"https:\/\/cdn.mylipfiller.com\/wp-content\/uploads\/2019\/08\/Alpha-Cleansing-Foam.jpg","type":"image\/jpeg"}],"twitter_card":"summary_large_image","twitter_misc":{"Tiempo de lectura":"2 minutos"},"schema":{"@context":"https:\/\/schema.org","@graph":[{"@type":"WebPage","@id":"https:\/\/mylipfiller.com\/acnex-science-alpha-cleansing-foam-140ml\/","url":"https:\/\/mylipfiller.com\/acnex-science-alpha-cleansing-foam-140ml\/","name":"Comprar Acnex Science Alpha Espuma Limpiadora 140ml - Rellenos de My Lip Filler","isPartOf":{"@id":"https:\/\/mylipfiller.com\/#website"},"primaryImageOfPage":{"@id":"https:\/\/mylipfiller.com\/acnex-science-alpha-cleansing-foam-140ml\/#primaryimage"},"image":{"@id":"https:\/\/mylipfiller.com\/acnex-science-alpha-cleansing-foam-140ml\/#primaryimage"},"thumbnailUrl":"https:\/\/cdn.mylipfiller.com\/wp-content\/uploads\/2019\/08\/Alpha-Cleansing-Foam.jpg","datePublished":"2019-08-21T08:24:10+00:00","dateModified":"2024-07-03T15:32:39+00:00","description":"\u2765Compra Acnex Science Alpha Espuma Limpiadora 140ml \u23e9 Tienda online My Lip Filler \u27a6 Garant\u00eda de calidad, opiniones, ingredientes, \u00a1los mejores precios!","breadcrumb":{"@id":"https:\/\/mylipfiller.com\/acnex-science-alpha-cleansing-foam-140ml\/#breadcrumb"},"inLanguage":"es","potentialAction":[{"@type":"ReadAction","target":["https:\/\/mylipfiller.com\/acnex-science-alpha-cleansing-foam-140ml\/"]}]},{"@type":"ImageObject","inLanguage":"es","@id":"https:\/\/mylipfiller.com\/acnex-science-alpha-cleansing-foam-140ml\/#primaryimage","url":"https:\/\/cdn.mylipfiller.com\/wp-content\/uploads\/2019\/08\/Alpha-Cleansing-Foam.jpg","contentUrl":"https:\/\/cdn.mylipfiller.com\/wp-content\/uploads\/2019\/08\/Alpha-Cleansing-Foam.jpg","width":600,"height":600,"caption":"Alpha Cleansing Foam"},{"@type":"BreadcrumbList","@id":"https:\/\/mylipfiller.com\/acnex-science-alpha-cleansing-foam-140ml\/#breadcrumb","itemListElement":[{"@type":"ListItem","position":1,"name":"Home","item":"https:\/\/mylipfiller.com\/"},{"@type":"ListItem","position":2,"name":"Shop","item":"https:\/\/mylipfiller.com\/shop\/"},{"@type":"ListItem","position":3,"name":"Acnex Science Alpha Cleansing Foam 140ml"}]},{"@type":"WebSite","@id":"https:\/\/mylipfiller.com\/#website","url":"https:\/\/mylipfiller.com\/","name":"Mi relleno de labios","description":"Rellenos d\u00e9rmicos y de labios con \u00e1cido hialur\u00f3nico","publisher":{"@id":"https:\/\/mylipfiller.com\/#organization"},"potentialAction":[{"@type":"SearchAction","target":{"@type":"EntryPoint","urlTemplate":"https:\/\/mylipfiller.com\/?s={search_term_string}"},"query-input":{"@type":"PropertyValueSpecification","valueRequired":true,"valueName":"search_term_string"}}],"inLanguage":"es"},{"@type":"Organization","@id":"https:\/\/mylipfiller.com\/#organization","name":"Mi relleno de labios","url":"https:\/\/mylipfiller.com\/","logo":{"@type":"ImageObject","inLanguage":"es","@id":"https:\/\/mylipfiller.com\/#\/schema\/logo\/image\/","url":"https:\/\/cdn.mylipfiller.com\/wp-content\/uploads\/2019\/02\/cropped-My-Lip-Filler-Logo.png","contentUrl":"https:\/\/cdn.mylipfiller.com\/wp-content\/uploads\/2019\/02\/cropped-My-Lip-Filler-Logo.png","width":240,"height":88,"caption":"My Lip Filler"},"image":{"@id":"https:\/\/mylipfiller.com\/#\/schema\/logo\/image\/"}}]}},"_links":{"self":[{"href":"https:\/\/mylipfiller.com\/es\/wp-json\/wp\/v2\/product\/4287","targetHints":{"allow":["GET"]}}],"collection":[{"href":"https:\/\/mylipfiller.com\/es\/wp-json\/wp\/v2\/product"}],"about":[{"href":"https:\/\/mylipfiller.com\/es\/wp-json\/wp\/v2\/types\/product"}],"wp:featuredmedia":[{"embeddable":true,"href":"https:\/\/mylipfiller.com\/es\/wp-json\/wp\/v2\/media\/4331"}],"wp:attachment":[{"href":"https:\/\/mylipfiller.com\/es\/wp-json\/wp\/v2\/media?parent=4287"}],"wp:term":[{"taxonomy":"product_brand","embeddable":true,"href":"https:\/\/mylipfiller.com\/es\/wp-json\/wp\/v2\/product_brand?post=4287"},{"taxonomy":"product_cat","embeddable":true,"href":"https:\/\/mylipfiller.com\/es\/wp-json\/wp\/v2\/product_cat?post=4287"},{"taxonomy":"product_tag","embeddable":true,"href":"https:\/\/mylipfiller.com\/es\/wp-json\/wp\/v2\/product_tag?post=4287"}],"curies":[{"name":"gracias","href":"https:\/\/api.w.org\/{rel}","templated":true}]}}