{"id":4340,"date":"2019-08-21T10:24:10","date_gmt":"2019-08-21T08:24:10","guid":{"rendered":"https:\/\/mylipfiller.com\/?post_type=product&#038;p=4340"},"modified":"2024-07-03T17:32:39","modified_gmt":"2024-07-03T15:32:39","slug":"acnex-science-beta-fresh-toner-140ml","status":"publish","type":"product","link":"https:\/\/mylipfiller.com\/es\/acnex-science-beta-fresh-toner-140ml\/","title":{"rendered":"Acnex Science Beta T\u00f3ner fresco \u2013 140 ml"},"content":{"rendered":"<h3>\u00bfQui\u00e9n puede beneficiarse del uso del t\u00f3ner fresco Acnex Science Beta?<\/h3>\n<p>Con sus efectos refrescantes, calmantes y limpiadores garantizados y duraderos, este <strong>t\u00f3ner optimizado para el cuidado de la piel<\/strong> Es m\u00e1s adecuado para personas que tienen piel grasa o acn\u00e9. Dicho esto, sin embargo, tambi\u00e9n cabe se\u00f1alar que el acn\u00e9 es un problema que puede afectar no s\u00f3lo a los adolescentes sino tambi\u00e9n a los adultos. Por lo tanto, el t\u00f3ner fresco Acnex Science Beta es <em>no es un producto solo para adolescentes<\/em> y puede ser utilizado por consumidores que pertenecen a distintos grupos de edad y tienen piel propensa al acn\u00e9.<\/p>\n<p>Esta soluci\u00f3n cosm\u00e9tica de alta calidad se encuentra entre los t\u00f3nicos m\u00e1s eficaces para la producci\u00f3n excesiva de sebo y el acn\u00e9 porque tiene una acci\u00f3n combinada. <em>Con ingredientes libres de riesgos.<\/em> como el Aceite de \u00c1rbol de T\u00e9, extractos de Aloe Vera y Ra\u00edz de Sophora Angustifolia, proporcionar\u00e1 a los pacientes un tratamiento antiacn\u00e9 duradero al:<\/p>\n<ul>\n<li>Limpieza profunda de la piel y los poros.<\/li>\n<li>Reducir r\u00e1pidamente rojeces, irritaciones e inflamaciones de la piel.<\/li>\n<li>Calma la piel casi inmediatamente<\/li>\n<li>Ofreciendo un importante impulso de hidrataci\u00f3n que mejora la elasticidad de la piel y tiene un efecto rejuvenecedor.<\/li>\n<\/ul>\n<h3>\u00bfQu\u00e9 esperar despu\u00e9s del uso prolongado de este producto?<\/h3>\n<p>El t\u00f3nico fresco Acnex Science Beta de Histolab es un regalo que sigue dando porque cuanto m\u00e1s lo uses, m\u00e1s beneficios para el cuidado de la piel podr\u00e1s disfrutar. Las personas que aplican regularmente este notable producto cosm\u00e9tico informan que su <u>la piel se ha vuelto bien hidratada<\/u> y los poros dilatados no se ven por ninguna parte.<\/p>","protected":false},"excerpt":{"rendered":"<p>Dise\u00f1ado y producido por la confiable empresa cosmec\u00e9utica cient\u00edfica coreana Histolab, <u>Acnex Science Beta T\u00f3ner nuevo<\/u> es la soluci\u00f3n definitiva para el cuidado de la piel para personas que padecen producci\u00f3n excesiva de sebo o acn\u00e9. Este poderoso t\u00f3ner puede <em>reducir r\u00e1pidamente irritaciones, inflamaciones,<\/em> y enrojecimiento que normalmente se observan en pieles grasas y propensas al acn\u00e9 cuando se utiliza una f\u00f3rmula no t\u00f3xica de marca registrada. El mejor lugar donde conseguir esta soluci\u00f3n cosm\u00e9tica pionera es la tienda online de My Lip Filler.<\/p>","protected":false},"featured_media":4333,"template":"","meta":{"_acf_changed":false},"product_brand":[],"product_cat":[61,165,57],"product_tag":[111,137],"class_list":{"0":"post-4340","1":"product","2":"type-product","3":"status-publish","4":"has-post-thumbnail","6":"product_cat-acnex-science","7":"product_cat-medians","8":"product_cat-skin-care","9":"product_tag-face","10":"product_tag-south-korea","12":"first","13":"outofstock","14":"taxable","15":"shipping-taxable","16":"purchasable","17":"product-type-simple"},"acf":[],"yoast_head":"<!-- This site is optimized with the Yoast SEO plugin v27.2 - https:\/\/yoast.com\/product\/yoast-seo-wordpress\/ -->\n<title>Buy Acnex Science Beta Fresh Toner \u2013 140ml - Fillers from My Lip Filler<\/title>\n<meta name=\"description\" content=\"\u2765Buy Acnex Science Beta Fresh Toner \u2013 140ml \u23e9 My Lip Filler online store \u27a6 Quality assurance, reviews, ingredients, best prices!\" \/>\n<meta name=\"robots\" content=\"index, follow, max-snippet:-1, max-image-preview:large, max-video-preview:-1\" \/>\n<link rel=\"canonical\" href=\"https:\/\/mylipfiller.com\/es\/acnex-science-beta-fresh-toner-140ml\/\" \/>\n<meta property=\"og:locale\" content=\"es_MX\" \/>\n<meta property=\"og:type\" content=\"article\" \/>\n<meta property=\"og:title\" content=\"Buy Acnex Science Beta Fresh Toner \u2013 140ml - Fillers from My Lip Filler\" \/>\n<meta property=\"og:description\" content=\"\u2765Buy Acnex Science Beta Fresh Toner \u2013 140ml \u23e9 My Lip Filler online store \u27a6 Quality assurance, reviews, ingredients, best prices!\" \/>\n<meta property=\"og:url\" content=\"https:\/\/mylipfiller.com\/es\/acnex-science-beta-fresh-toner-140ml\/\" \/>\n<meta property=\"og:site_name\" content=\"My Lip Filler\" \/>\n<meta property=\"article:modified_time\" content=\"2024-07-03T15:32:39+00:00\" \/>\n<meta property=\"og:image\" content=\"https:\/\/cdn.mylipfiller.com\/wp-content\/uploads\/2019\/08\/Beta-Fresh-Toner.jpg\" \/>\n\t<meta property=\"og:image:width\" content=\"600\" \/>\n\t<meta property=\"og:image:height\" content=\"600\" \/>\n\t<meta property=\"og:image:type\" content=\"image\/jpeg\" \/>\n<meta name=\"twitter:card\" content=\"summary_large_image\" \/>\n<meta name=\"twitter:label1\" content=\"Tiempo de lectura\" \/>\n\t<meta name=\"twitter:data1\" content=\"2 minutos\" \/>\n<script type=\"application\/ld+json\" class=\"yoast-schema-graph\">{\"@context\":\"https:\/\/schema.org\",\"@graph\":[{\"@type\":\"WebPage\",\"@id\":\"https:\/\/mylipfiller.com\/acnex-science-beta-fresh-toner-140ml\/\",\"url\":\"https:\/\/mylipfiller.com\/acnex-science-beta-fresh-toner-140ml\/\",\"name\":\"Buy Acnex Science Beta Fresh Toner \u2013 140ml - Fillers from My Lip Filler\",\"isPartOf\":{\"@id\":\"https:\/\/mylipfiller.com\/#website\"},\"primaryImageOfPage\":{\"@id\":\"https:\/\/mylipfiller.com\/acnex-science-beta-fresh-toner-140ml\/#primaryimage\"},\"image\":{\"@id\":\"https:\/\/mylipfiller.com\/acnex-science-beta-fresh-toner-140ml\/#primaryimage\"},\"thumbnailUrl\":\"https:\/\/cdn.mylipfiller.com\/wp-content\/uploads\/2019\/08\/Beta-Fresh-Toner.jpg\",\"datePublished\":\"2019-08-21T08:24:10+00:00\",\"dateModified\":\"2024-07-03T15:32:39+00:00\",\"description\":\"\u2765Buy Acnex Science Beta Fresh Toner \u2013 140ml \u23e9 My Lip Filler online store \u27a6 Quality assurance, reviews, ingredients, best prices!\",\"breadcrumb\":{\"@id\":\"https:\/\/mylipfiller.com\/acnex-science-beta-fresh-toner-140ml\/#breadcrumb\"},\"inLanguage\":\"es\",\"potentialAction\":[{\"@type\":\"ReadAction\",\"target\":[\"https:\/\/mylipfiller.com\/acnex-science-beta-fresh-toner-140ml\/\"]}]},{\"@type\":\"ImageObject\",\"inLanguage\":\"es\",\"@id\":\"https:\/\/mylipfiller.com\/acnex-science-beta-fresh-toner-140ml\/#primaryimage\",\"url\":\"https:\/\/cdn.mylipfiller.com\/wp-content\/uploads\/2019\/08\/Beta-Fresh-Toner.jpg\",\"contentUrl\":\"https:\/\/cdn.mylipfiller.com\/wp-content\/uploads\/2019\/08\/Beta-Fresh-Toner.jpg\",\"width\":600,\"height\":600,\"caption\":\"Beta Fresh Toner\"},{\"@type\":\"BreadcrumbList\",\"@id\":\"https:\/\/mylipfiller.com\/acnex-science-beta-fresh-toner-140ml\/#breadcrumb\",\"itemListElement\":[{\"@type\":\"ListItem\",\"position\":1,\"name\":\"Home\",\"item\":\"https:\/\/mylipfiller.com\/\"},{\"@type\":\"ListItem\",\"position\":2,\"name\":\"Shop\",\"item\":\"https:\/\/mylipfiller.com\/shop\/\"},{\"@type\":\"ListItem\",\"position\":3,\"name\":\"Acnex Science Beta Fresh Toner \u2013 140ml\"}]},{\"@type\":\"WebSite\",\"@id\":\"https:\/\/mylipfiller.com\/#website\",\"url\":\"https:\/\/mylipfiller.com\/\",\"name\":\"My Lip Filler\",\"description\":\"Hyaluronic Acid Lip and Dermal Fillers\",\"publisher\":{\"@id\":\"https:\/\/mylipfiller.com\/#organization\"},\"potentialAction\":[{\"@type\":\"SearchAction\",\"target\":{\"@type\":\"EntryPoint\",\"urlTemplate\":\"https:\/\/mylipfiller.com\/?s={search_term_string}\"},\"query-input\":{\"@type\":\"PropertyValueSpecification\",\"valueRequired\":true,\"valueName\":\"search_term_string\"}}],\"inLanguage\":\"es\"},{\"@type\":\"Organization\",\"@id\":\"https:\/\/mylipfiller.com\/#organization\",\"name\":\"My Lip Filler\",\"url\":\"https:\/\/mylipfiller.com\/\",\"logo\":{\"@type\":\"ImageObject\",\"inLanguage\":\"es\",\"@id\":\"https:\/\/mylipfiller.com\/#\/schema\/logo\/image\/\",\"url\":\"https:\/\/cdn.mylipfiller.com\/wp-content\/uploads\/2019\/02\/cropped-My-Lip-Filler-Logo.png\",\"contentUrl\":\"https:\/\/cdn.mylipfiller.com\/wp-content\/uploads\/2019\/02\/cropped-My-Lip-Filler-Logo.png\",\"width\":240,\"height\":88,\"caption\":\"My Lip Filler\"},\"image\":{\"@id\":\"https:\/\/mylipfiller.com\/#\/schema\/logo\/image\/\"}}]}<\/script>\n<!-- \/ Yoast SEO plugin. -->","yoast_head_json":{"title":"Comprar Acnex Science Beta T\u00f3nico Fresco \u2013 140ml - Fillers de My Lip Filler","description":"\u2765Comprar Acnex Science Beta Fresh Toner \u2013 140ml \u23e9 Tienda online My Lip Filler \u27a6 Garant\u00eda de calidad, rese\u00f1as, ingredientes, \u00a1los mejores precios!","robots":{"index":"index","follow":"follow","max-snippet":"max-snippet:-1","max-image-preview":"max-image-preview:large","max-video-preview":"max-video-preview:-1"},"canonical":"https:\/\/mylipfiller.com\/es\/acnex-science-beta-fresh-toner-140ml\/","og_locale":"es_MX","og_type":"article","og_title":"Buy Acnex Science Beta Fresh Toner \u2013 140ml - Fillers from My Lip Filler","og_description":"\u2765Buy Acnex Science Beta Fresh Toner \u2013 140ml \u23e9 My Lip Filler online store \u27a6 Quality assurance, reviews, ingredients, best prices!","og_url":"https:\/\/mylipfiller.com\/es\/acnex-science-beta-fresh-toner-140ml\/","og_site_name":"My Lip Filler","article_modified_time":"2024-07-03T15:32:39+00:00","og_image":[{"width":600,"height":600,"url":"https:\/\/cdn.mylipfiller.com\/wp-content\/uploads\/2019\/08\/Beta-Fresh-Toner.jpg","type":"image\/jpeg"}],"twitter_card":"summary_large_image","twitter_misc":{"Tiempo de lectura":"2 minutos"},"schema":{"@context":"https:\/\/schema.org","@graph":[{"@type":"WebPage","@id":"https:\/\/mylipfiller.com\/acnex-science-beta-fresh-toner-140ml\/","url":"https:\/\/mylipfiller.com\/acnex-science-beta-fresh-toner-140ml\/","name":"Comprar Acnex Science Beta T\u00f3nico Fresco \u2013 140ml - Fillers de My Lip Filler","isPartOf":{"@id":"https:\/\/mylipfiller.com\/#website"},"primaryImageOfPage":{"@id":"https:\/\/mylipfiller.com\/acnex-science-beta-fresh-toner-140ml\/#primaryimage"},"image":{"@id":"https:\/\/mylipfiller.com\/acnex-science-beta-fresh-toner-140ml\/#primaryimage"},"thumbnailUrl":"https:\/\/cdn.mylipfiller.com\/wp-content\/uploads\/2019\/08\/Beta-Fresh-Toner.jpg","datePublished":"2019-08-21T08:24:10+00:00","dateModified":"2024-07-03T15:32:39+00:00","description":"\u2765Comprar Acnex Science Beta Fresh Toner \u2013 140ml \u23e9 Tienda online My Lip Filler \u27a6 Garant\u00eda de calidad, rese\u00f1as, ingredientes, \u00a1los mejores precios!","breadcrumb":{"@id":"https:\/\/mylipfiller.com\/acnex-science-beta-fresh-toner-140ml\/#breadcrumb"},"inLanguage":"es","potentialAction":[{"@type":"ReadAction","target":["https:\/\/mylipfiller.com\/acnex-science-beta-fresh-toner-140ml\/"]}]},{"@type":"ImageObject","inLanguage":"es","@id":"https:\/\/mylipfiller.com\/acnex-science-beta-fresh-toner-140ml\/#primaryimage","url":"https:\/\/cdn.mylipfiller.com\/wp-content\/uploads\/2019\/08\/Beta-Fresh-Toner.jpg","contentUrl":"https:\/\/cdn.mylipfiller.com\/wp-content\/uploads\/2019\/08\/Beta-Fresh-Toner.jpg","width":600,"height":600,"caption":"Beta Fresh Toner"},{"@type":"BreadcrumbList","@id":"https:\/\/mylipfiller.com\/acnex-science-beta-fresh-toner-140ml\/#breadcrumb","itemListElement":[{"@type":"ListItem","position":1,"name":"Home","item":"https:\/\/mylipfiller.com\/"},{"@type":"ListItem","position":2,"name":"Shop","item":"https:\/\/mylipfiller.com\/shop\/"},{"@type":"ListItem","position":3,"name":"Acnex Science Beta Fresh Toner \u2013 140ml"}]},{"@type":"WebSite","@id":"https:\/\/mylipfiller.com\/#website","url":"https:\/\/mylipfiller.com\/","name":"Mi relleno de labios","description":"Rellenos d\u00e9rmicos y de labios con \u00e1cido hialur\u00f3nico","publisher":{"@id":"https:\/\/mylipfiller.com\/#organization"},"potentialAction":[{"@type":"SearchAction","target":{"@type":"EntryPoint","urlTemplate":"https:\/\/mylipfiller.com\/?s={search_term_string}"},"query-input":{"@type":"PropertyValueSpecification","valueRequired":true,"valueName":"search_term_string"}}],"inLanguage":"es"},{"@type":"Organization","@id":"https:\/\/mylipfiller.com\/#organization","name":"Mi relleno de labios","url":"https:\/\/mylipfiller.com\/","logo":{"@type":"ImageObject","inLanguage":"es","@id":"https:\/\/mylipfiller.com\/#\/schema\/logo\/image\/","url":"https:\/\/cdn.mylipfiller.com\/wp-content\/uploads\/2019\/02\/cropped-My-Lip-Filler-Logo.png","contentUrl":"https:\/\/cdn.mylipfiller.com\/wp-content\/uploads\/2019\/02\/cropped-My-Lip-Filler-Logo.png","width":240,"height":88,"caption":"My Lip Filler"},"image":{"@id":"https:\/\/mylipfiller.com\/#\/schema\/logo\/image\/"}}]}},"_links":{"self":[{"href":"https:\/\/mylipfiller.com\/es\/wp-json\/wp\/v2\/product\/4340","targetHints":{"allow":["GET"]}}],"collection":[{"href":"https:\/\/mylipfiller.com\/es\/wp-json\/wp\/v2\/product"}],"about":[{"href":"https:\/\/mylipfiller.com\/es\/wp-json\/wp\/v2\/types\/product"}],"wp:featuredmedia":[{"embeddable":true,"href":"https:\/\/mylipfiller.com\/es\/wp-json\/wp\/v2\/media\/4333"}],"wp:attachment":[{"href":"https:\/\/mylipfiller.com\/es\/wp-json\/wp\/v2\/media?parent=4340"}],"wp:term":[{"taxonomy":"product_brand","embeddable":true,"href":"https:\/\/mylipfiller.com\/es\/wp-json\/wp\/v2\/product_brand?post=4340"},{"taxonomy":"product_cat","embeddable":true,"href":"https:\/\/mylipfiller.com\/es\/wp-json\/wp\/v2\/product_cat?post=4340"},{"taxonomy":"product_tag","embeddable":true,"href":"https:\/\/mylipfiller.com\/es\/wp-json\/wp\/v2\/product_tag?post=4340"}],"curies":[{"name":"gracias","href":"https:\/\/api.w.org\/{rel}","templated":true}]}}