{"id":4341,"date":"2019-08-21T10:24:10","date_gmt":"2019-08-21T08:24:10","guid":{"rendered":"https:\/\/mylipfiller.com\/?post_type=product&#038;p=4341"},"modified":"2024-07-03T17:32:39","modified_gmt":"2024-07-03T15:32:39","slug":"aqua-science-water-max-infusion-mist-140ml","status":"publish","type":"product","link":"https:\/\/mylipfiller.com\/es\/aqua-science-water-max-infusion-mist-140ml\/","title":{"rendered":"Aqua Science Water-Max Infusi\u00f3n Mist 140ml"},"content":{"rendered":"<h3>No es el t\u00edpico producto cosm\u00e9tico hidratante<\/h3>\n<p>Como parte de la gama Aqua Science de Histolab, este confiable producto para el cuidado de la piel se enfoca en hidratar r\u00e1pidamente la piel de las zonas tratadas. Lo hace gracias a su <strong>f\u00f3rmula pionera SRGF H1<\/strong> que contiene componentes robustos e incre\u00edblemente seguros como lecitina, extractos de plantas, beta-glucano y hialuronato de sodio. Sin embargo, <em>La piel perfectamente hidratada tambi\u00e9n es piel sana.<\/em>. Es por eso que el uso regular de Aqua Science Water-Max Infusion Mist 140ml tiene varias propiedades adicionales a trav\u00e9s de las cuales:<\/p>\n<ul>\n<li>Proporciona protecci\u00f3n contra la luz ultravioleta garantizada<\/li>\n<li>Mantiene excelentemente los niveles de producci\u00f3n de sebo y el equilibrio h\u00eddrico de la piel<\/li>\n<li>Hidrata r\u00e1pidamente la piel seca y alivia las irritaciones y otras sensaciones desagradables relacionadas con ella<\/li>\n<li>Refresca y revitaliza las zonas tratadas<\/li>\n<li>Hace la piel m\u00e1s suave y tersa<\/li>\n<\/ul>\n<p>Este innovador producto para el cuidado de la piel no discrimina entre tipos de piel, pero es una combinaci\u00f3n perfecta para pieles secas y \u00e1speras que necesitan <u>hidrataci\u00f3n profunda y casi instant\u00e1nea<\/u>.<\/p>\n<h3>Se necesitan segundos para aplicar y minutos para que sus efectos surtan efecto.<\/h3>\n<p>Antes de aplicar Aqua Science Water-Max Infusion Mist 140ml, aseg\u00farese de primero limpiarse a fondo la cara. Luego, con un algod\u00f3n seco, col\u00f3quelo suavemente sobre la piel y fr\u00f3telo con cuidado. Notar\u00e1s que tu piel se sentir\u00e1 y lucir\u00e1 fresca y suave poco despu\u00e9s de eso.<\/p>","protected":false},"excerpt":{"rendered":"<p><em>Aqua Science Water-Mix Infusion Mist 140 ml de Histolab<\/em> es un producto cosm\u00e9tico f\u00e1cil de usar que tiene un prop\u00f3sito principal: proporcionar a la piel <strong>hidrataci\u00f3n duradera<\/strong>. Al hacerlo, tambi\u00e9n lo suaviza y mejora considerablemente su elasticidad. Si usted tambi\u00e9n desea revitalizar su piel, haga su pedido hoy en la tienda en l\u00ednea de My Lip Filler. Lo mejor de esta soluci\u00f3n avanzada para el cuidado de la piel es que puede ayudar a personas de cualquier tipo de piel.<\/p>","protected":false},"featured_media":4329,"template":"","meta":{"_acf_changed":false},"product_brand":[],"product_cat":[60,165,57],"product_tag":[111,137],"class_list":{"0":"post-4341","1":"product","2":"type-product","3":"status-publish","4":"has-post-thumbnail","6":"product_cat-aqua-science","7":"product_cat-medians","8":"product_cat-skin-care","9":"product_tag-face","10":"product_tag-south-korea","12":"first","13":"outofstock","14":"taxable","15":"shipping-taxable","16":"purchasable","17":"product-type-simple"},"acf":[],"yoast_head":"<!-- This site is optimized with the Yoast SEO plugin v27.2 - https:\/\/yoast.com\/product\/yoast-seo-wordpress\/ -->\n<title>Buy Aqua Science Water-Max Infusion Mist 140ml - Fillers from My Lip Filler<\/title>\n<meta name=\"description\" content=\"\u2765Buy Aqua Science Water-Max Infusion Mist 140ml \u23e9 My Lip Filler online store \u27a6 Quality assurance, reviews, ingredients, best prices!\" \/>\n<meta name=\"robots\" content=\"index, follow, max-snippet:-1, max-image-preview:large, max-video-preview:-1\" \/>\n<link rel=\"canonical\" href=\"https:\/\/mylipfiller.com\/es\/aqua-science-water-max-infusion-mist-140ml\/\" \/>\n<meta property=\"og:locale\" content=\"es_MX\" \/>\n<meta property=\"og:type\" content=\"article\" \/>\n<meta property=\"og:title\" content=\"Buy Aqua Science Water-Max Infusion Mist 140ml - Fillers from My Lip Filler\" \/>\n<meta property=\"og:description\" content=\"\u2765Buy Aqua Science Water-Max Infusion Mist 140ml \u23e9 My Lip Filler online store \u27a6 Quality assurance, reviews, ingredients, best prices!\" \/>\n<meta property=\"og:url\" content=\"https:\/\/mylipfiller.com\/es\/aqua-science-water-max-infusion-mist-140ml\/\" \/>\n<meta property=\"og:site_name\" content=\"My Lip Filler\" \/>\n<meta property=\"article:modified_time\" content=\"2024-07-03T15:32:39+00:00\" \/>\n<meta property=\"og:image\" content=\"https:\/\/cdn.mylipfiller.com\/wp-content\/uploads\/2019\/08\/Water-Max-Infusion-Mist.jpg\" \/>\n\t<meta property=\"og:image:width\" content=\"600\" \/>\n\t<meta property=\"og:image:height\" content=\"600\" \/>\n\t<meta property=\"og:image:type\" content=\"image\/jpeg\" \/>\n<meta name=\"twitter:card\" content=\"summary_large_image\" \/>\n<meta name=\"twitter:label1\" content=\"Tiempo de lectura\" \/>\n\t<meta name=\"twitter:data1\" content=\"2 minutos\" \/>\n<script type=\"application\/ld+json\" class=\"yoast-schema-graph\">{\"@context\":\"https:\/\/schema.org\",\"@graph\":[{\"@type\":\"WebPage\",\"@id\":\"https:\/\/mylipfiller.com\/aqua-science-water-max-infusion-mist-140ml\/\",\"url\":\"https:\/\/mylipfiller.com\/aqua-science-water-max-infusion-mist-140ml\/\",\"name\":\"Buy Aqua Science Water-Max Infusion Mist 140ml - Fillers from My Lip Filler\",\"isPartOf\":{\"@id\":\"https:\/\/mylipfiller.com\/#website\"},\"primaryImageOfPage\":{\"@id\":\"https:\/\/mylipfiller.com\/aqua-science-water-max-infusion-mist-140ml\/#primaryimage\"},\"image\":{\"@id\":\"https:\/\/mylipfiller.com\/aqua-science-water-max-infusion-mist-140ml\/#primaryimage\"},\"thumbnailUrl\":\"https:\/\/cdn.mylipfiller.com\/wp-content\/uploads\/2019\/08\/Water-Max-Infusion-Mist.jpg\",\"datePublished\":\"2019-08-21T08:24:10+00:00\",\"dateModified\":\"2024-07-03T15:32:39+00:00\",\"description\":\"\u2765Buy Aqua Science Water-Max Infusion Mist 140ml \u23e9 My Lip Filler online store \u27a6 Quality assurance, reviews, ingredients, best prices!\",\"breadcrumb\":{\"@id\":\"https:\/\/mylipfiller.com\/aqua-science-water-max-infusion-mist-140ml\/#breadcrumb\"},\"inLanguage\":\"es\",\"potentialAction\":[{\"@type\":\"ReadAction\",\"target\":[\"https:\/\/mylipfiller.com\/aqua-science-water-max-infusion-mist-140ml\/\"]}]},{\"@type\":\"ImageObject\",\"inLanguage\":\"es\",\"@id\":\"https:\/\/mylipfiller.com\/aqua-science-water-max-infusion-mist-140ml\/#primaryimage\",\"url\":\"https:\/\/cdn.mylipfiller.com\/wp-content\/uploads\/2019\/08\/Water-Max-Infusion-Mist.jpg\",\"contentUrl\":\"https:\/\/cdn.mylipfiller.com\/wp-content\/uploads\/2019\/08\/Water-Max-Infusion-Mist.jpg\",\"width\":600,\"height\":600,\"caption\":\"Water-Max Infusion Mist\"},{\"@type\":\"BreadcrumbList\",\"@id\":\"https:\/\/mylipfiller.com\/aqua-science-water-max-infusion-mist-140ml\/#breadcrumb\",\"itemListElement\":[{\"@type\":\"ListItem\",\"position\":1,\"name\":\"Home\",\"item\":\"https:\/\/mylipfiller.com\/\"},{\"@type\":\"ListItem\",\"position\":2,\"name\":\"Shop\",\"item\":\"https:\/\/mylipfiller.com\/shop\/\"},{\"@type\":\"ListItem\",\"position\":3,\"name\":\"Aqua Science Water-Max Infusion Mist 140ml\"}]},{\"@type\":\"WebSite\",\"@id\":\"https:\/\/mylipfiller.com\/#website\",\"url\":\"https:\/\/mylipfiller.com\/\",\"name\":\"My Lip Filler\",\"description\":\"Hyaluronic Acid Lip and Dermal Fillers\",\"publisher\":{\"@id\":\"https:\/\/mylipfiller.com\/#organization\"},\"potentialAction\":[{\"@type\":\"SearchAction\",\"target\":{\"@type\":\"EntryPoint\",\"urlTemplate\":\"https:\/\/mylipfiller.com\/?s={search_term_string}\"},\"query-input\":{\"@type\":\"PropertyValueSpecification\",\"valueRequired\":true,\"valueName\":\"search_term_string\"}}],\"inLanguage\":\"es\"},{\"@type\":\"Organization\",\"@id\":\"https:\/\/mylipfiller.com\/#organization\",\"name\":\"My Lip Filler\",\"url\":\"https:\/\/mylipfiller.com\/\",\"logo\":{\"@type\":\"ImageObject\",\"inLanguage\":\"es\",\"@id\":\"https:\/\/mylipfiller.com\/#\/schema\/logo\/image\/\",\"url\":\"https:\/\/cdn.mylipfiller.com\/wp-content\/uploads\/2019\/02\/cropped-My-Lip-Filler-Logo.png\",\"contentUrl\":\"https:\/\/cdn.mylipfiller.com\/wp-content\/uploads\/2019\/02\/cropped-My-Lip-Filler-Logo.png\",\"width\":240,\"height\":88,\"caption\":\"My Lip Filler\"},\"image\":{\"@id\":\"https:\/\/mylipfiller.com\/#\/schema\/logo\/image\/\"}}]}<\/script>\n<!-- \/ Yoast SEO plugin. -->","yoast_head_json":{"title":"Comprar Aqua Science Water-Max Infusion Mist 140ml - Rellenos de My Lip Filler","description":"\u2765Comprar Aqua Science Water-Max Infusion Mist 140ml \u23e9 Tienda online My Lip Filler \u27a6 Garant\u00eda de calidad, opiniones, ingredientes, \u00a1los mejores precios!","robots":{"index":"index","follow":"follow","max-snippet":"max-snippet:-1","max-image-preview":"max-image-preview:large","max-video-preview":"max-video-preview:-1"},"canonical":"https:\/\/mylipfiller.com\/es\/aqua-science-water-max-infusion-mist-140ml\/","og_locale":"es_MX","og_type":"article","og_title":"Buy Aqua Science Water-Max Infusion Mist 140ml - Fillers from My Lip Filler","og_description":"\u2765Buy Aqua Science Water-Max Infusion Mist 140ml \u23e9 My Lip Filler online store \u27a6 Quality assurance, reviews, ingredients, best prices!","og_url":"https:\/\/mylipfiller.com\/es\/aqua-science-water-max-infusion-mist-140ml\/","og_site_name":"My Lip Filler","article_modified_time":"2024-07-03T15:32:39+00:00","og_image":[{"width":600,"height":600,"url":"https:\/\/cdn.mylipfiller.com\/wp-content\/uploads\/2019\/08\/Water-Max-Infusion-Mist.jpg","type":"image\/jpeg"}],"twitter_card":"summary_large_image","twitter_misc":{"Tiempo de lectura":"2 minutos"},"schema":{"@context":"https:\/\/schema.org","@graph":[{"@type":"WebPage","@id":"https:\/\/mylipfiller.com\/aqua-science-water-max-infusion-mist-140ml\/","url":"https:\/\/mylipfiller.com\/aqua-science-water-max-infusion-mist-140ml\/","name":"Comprar Aqua Science Water-Max Infusion Mist 140ml - Rellenos de My Lip Filler","isPartOf":{"@id":"https:\/\/mylipfiller.com\/#website"},"primaryImageOfPage":{"@id":"https:\/\/mylipfiller.com\/aqua-science-water-max-infusion-mist-140ml\/#primaryimage"},"image":{"@id":"https:\/\/mylipfiller.com\/aqua-science-water-max-infusion-mist-140ml\/#primaryimage"},"thumbnailUrl":"https:\/\/cdn.mylipfiller.com\/wp-content\/uploads\/2019\/08\/Water-Max-Infusion-Mist.jpg","datePublished":"2019-08-21T08:24:10+00:00","dateModified":"2024-07-03T15:32:39+00:00","description":"\u2765Comprar Aqua Science Water-Max Infusion Mist 140ml \u23e9 Tienda online My Lip Filler \u27a6 Garant\u00eda de calidad, opiniones, ingredientes, \u00a1los mejores precios!","breadcrumb":{"@id":"https:\/\/mylipfiller.com\/aqua-science-water-max-infusion-mist-140ml\/#breadcrumb"},"inLanguage":"es","potentialAction":[{"@type":"ReadAction","target":["https:\/\/mylipfiller.com\/aqua-science-water-max-infusion-mist-140ml\/"]}]},{"@type":"ImageObject","inLanguage":"es","@id":"https:\/\/mylipfiller.com\/aqua-science-water-max-infusion-mist-140ml\/#primaryimage","url":"https:\/\/cdn.mylipfiller.com\/wp-content\/uploads\/2019\/08\/Water-Max-Infusion-Mist.jpg","contentUrl":"https:\/\/cdn.mylipfiller.com\/wp-content\/uploads\/2019\/08\/Water-Max-Infusion-Mist.jpg","width":600,"height":600,"caption":"Water-Max Infusion Mist"},{"@type":"BreadcrumbList","@id":"https:\/\/mylipfiller.com\/aqua-science-water-max-infusion-mist-140ml\/#breadcrumb","itemListElement":[{"@type":"ListItem","position":1,"name":"Home","item":"https:\/\/mylipfiller.com\/"},{"@type":"ListItem","position":2,"name":"Shop","item":"https:\/\/mylipfiller.com\/shop\/"},{"@type":"ListItem","position":3,"name":"Aqua Science Water-Max Infusion Mist 140ml"}]},{"@type":"WebSite","@id":"https:\/\/mylipfiller.com\/#website","url":"https:\/\/mylipfiller.com\/","name":"Mi relleno de labios","description":"Rellenos d\u00e9rmicos y de labios con \u00e1cido hialur\u00f3nico","publisher":{"@id":"https:\/\/mylipfiller.com\/#organization"},"potentialAction":[{"@type":"SearchAction","target":{"@type":"EntryPoint","urlTemplate":"https:\/\/mylipfiller.com\/?s={search_term_string}"},"query-input":{"@type":"PropertyValueSpecification","valueRequired":true,"valueName":"search_term_string"}}],"inLanguage":"es"},{"@type":"Organization","@id":"https:\/\/mylipfiller.com\/#organization","name":"Mi relleno de labios","url":"https:\/\/mylipfiller.com\/","logo":{"@type":"ImageObject","inLanguage":"es","@id":"https:\/\/mylipfiller.com\/#\/schema\/logo\/image\/","url":"https:\/\/cdn.mylipfiller.com\/wp-content\/uploads\/2019\/02\/cropped-My-Lip-Filler-Logo.png","contentUrl":"https:\/\/cdn.mylipfiller.com\/wp-content\/uploads\/2019\/02\/cropped-My-Lip-Filler-Logo.png","width":240,"height":88,"caption":"My Lip Filler"},"image":{"@id":"https:\/\/mylipfiller.com\/#\/schema\/logo\/image\/"}}]}},"_links":{"self":[{"href":"https:\/\/mylipfiller.com\/es\/wp-json\/wp\/v2\/product\/4341","targetHints":{"allow":["GET"]}}],"collection":[{"href":"https:\/\/mylipfiller.com\/es\/wp-json\/wp\/v2\/product"}],"about":[{"href":"https:\/\/mylipfiller.com\/es\/wp-json\/wp\/v2\/types\/product"}],"wp:featuredmedia":[{"embeddable":true,"href":"https:\/\/mylipfiller.com\/es\/wp-json\/wp\/v2\/media\/4329"}],"wp:attachment":[{"href":"https:\/\/mylipfiller.com\/es\/wp-json\/wp\/v2\/media?parent=4341"}],"wp:term":[{"taxonomy":"product_brand","embeddable":true,"href":"https:\/\/mylipfiller.com\/es\/wp-json\/wp\/v2\/product_brand?post=4341"},{"taxonomy":"product_cat","embeddable":true,"href":"https:\/\/mylipfiller.com\/es\/wp-json\/wp\/v2\/product_cat?post=4341"},{"taxonomy":"product_tag","embeddable":true,"href":"https:\/\/mylipfiller.com\/es\/wp-json\/wp\/v2\/product_tag?post=4341"}],"curies":[{"name":"gracias","href":"https:\/\/api.w.org\/{rel}","templated":true}]}}