{"id":4342,"date":"2019-08-21T10:24:10","date_gmt":"2019-08-21T08:24:10","guid":{"rendered":"https:\/\/mylipfiller.com\/?post_type=product&#038;p=4342"},"modified":"2024-07-03T17:32:39","modified_gmt":"2024-07-03T15:32:39","slug":"aqua-science-water-max-milk-cleanser-1200ml","status":"publish","type":"product","link":"https:\/\/mylipfiller.com\/es\/aqua-science-water-max-milk-cleanser-1200ml\/","title":{"rendered":"Leche Limpiadora Aqua Science Water-Max 1200ml"},"content":{"rendered":"<h3>La forma correcta de desmaquillarse<\/h3>\n<p>El uso regular de maquillaje puede tener un efecto incre\u00edblemente negativo en la salud de la piel. Esto se debe a que su eliminaci\u00f3n no es f\u00e1cil y la mayor\u00eda de los productos de belleza populares que se desarrollaron para este prop\u00f3sito solo tienen un \u00e9xito parcial en eso. <em>Limpiador de leche Aqua Science Water-Max<\/em>, sin embargo, es una soluci\u00f3n cosm\u00e9tica de primera calidad que tiene la capacidad de <u>limpia los poros obstruidos, limpia la piel<\/u> en un nivel profundo e incluso para mejorar la producci\u00f3n de aceite y la hidrataci\u00f3n en el \u00e1rea objetivo. Todo lo que tiene que hacer es lavarse y secarse la cara antes de usar y luego aplicar el producto con un algod\u00f3n a trav\u00e9s de cuidadosos movimientos de palmaditas.<\/p>\n<h3>Una soluci\u00f3n cosm\u00e9tica profesional con un efecto estimulante general de la piel.<\/h3>\n<p>El limpiador de leche Aqua Science Water-Max est\u00e1 dise\u00f1ado y vendido como un producto profesional para el cuidado de la piel de nueva generaci\u00f3n. Eso significa autom\u00e1ticamente que tiene muchas propiedades asombrosas y una fuerza notable. Histolab ha utilizado su f\u00f3rmula especial SRGF H1 en la elaboraci\u00f3n de esta obra maestra de primera y ha utilizado una amplia gama de <em>ingredientes totalmente naturales y no t\u00f3xicos<\/em> que tienen una acci\u00f3n estimulante de la piel en todos los aspectos:<\/p>\n<ul>\n<li>Alanto\u00edna y betaglucano: alivian las irritaciones de la piel causadas por el maquillaje.<\/li>\n<li>Beta\u00edna, hialuronato de sodio y lecitina - hidratar<\/li>\n<li>Extracto de Iris Ensata: ilumina la piel y mejora su tono<\/li>\n<\/ul>\n<p>Nosotros, de My Lip Filler, vendemos este producto sellado en su paquete original.<\/p>","protected":false},"excerpt":{"rendered":"<p>No quitar el maquillaje de manera adecuada y completa puede causar irritaciones de la piel a largo plazo y otras preocupaciones cosm\u00e9ticas. Es por eso que los esteticistas profesionales de todo el mundo ahora conf\u00edan en Aqua Science Water-Max Milk Cleanser 1200ml - <u>un poderoso producto para el cuidado de la piel que desmaquilla<\/u> de forma r\u00e1pida y sin riesgos. Producida por Histolab y distribuida por My Lip Filler, esta innovadora soluci\u00f3n se puede pedir a un precio justo.<\/p>","protected":false},"featured_media":4330,"template":"","meta":{"_acf_changed":false},"product_brand":[],"product_cat":[60,165,57],"product_tag":[111,137],"class_list":{"0":"post-4342","1":"product","2":"type-product","3":"status-publish","4":"has-post-thumbnail","6":"product_cat-aqua-science","7":"product_cat-medians","8":"product_cat-skin-care","9":"product_tag-face","10":"product_tag-south-korea","12":"first","13":"outofstock","14":"taxable","15":"shipping-taxable","16":"purchasable","17":"product-type-simple"},"acf":[],"yoast_head":"<!-- This site is optimized with the Yoast SEO plugin v27.4 - https:\/\/yoast.com\/product\/yoast-seo-wordpress\/ -->\n<title>Buy Aqua Science Water-Max Milk Cleanser 1200ml - Fillers from My Lip Filler<\/title>\n<meta name=\"description\" content=\"\u2765Buy Aqua Science Water-Max Milk Cleanser 1200ml \u23e9 My Lip Filler online store \u27a6 Quality assurance, reviews, ingredients, best prices!\" \/>\n<meta name=\"robots\" content=\"index, follow, max-snippet:-1, max-image-preview:large, max-video-preview:-1\" \/>\n<link rel=\"canonical\" href=\"https:\/\/mylipfiller.com\/es\/aqua-science-water-max-milk-cleanser-1200ml\/\" \/>\n<meta property=\"og:locale\" content=\"es_MX\" \/>\n<meta property=\"og:type\" content=\"article\" \/>\n<meta property=\"og:title\" content=\"Buy Aqua Science Water-Max Milk Cleanser 1200ml - Fillers from My Lip Filler\" \/>\n<meta property=\"og:description\" content=\"\u2765Buy Aqua Science Water-Max Milk Cleanser 1200ml \u23e9 My Lip Filler online store \u27a6 Quality assurance, reviews, ingredients, best prices!\" \/>\n<meta property=\"og:url\" content=\"https:\/\/mylipfiller.com\/es\/aqua-science-water-max-milk-cleanser-1200ml\/\" \/>\n<meta property=\"og:site_name\" content=\"My Lip Filler\" \/>\n<meta property=\"article:modified_time\" content=\"2024-07-03T15:32:39+00:00\" \/>\n<meta property=\"og:image\" content=\"https:\/\/cdn.mylipfiller.com\/wp-content\/uploads\/2019\/08\/Water-Max-Milk-Cleanser.jpg\" \/>\n\t<meta property=\"og:image:width\" content=\"600\" \/>\n\t<meta property=\"og:image:height\" content=\"600\" \/>\n\t<meta property=\"og:image:type\" content=\"image\/jpeg\" \/>\n<meta name=\"twitter:card\" content=\"summary_large_image\" \/>\n<meta name=\"twitter:label1\" content=\"Tiempo de lectura\" \/>\n\t<meta name=\"twitter:data1\" content=\"2 minutos\" \/>\n<script type=\"application\/ld+json\" class=\"yoast-schema-graph\">{\"@context\":\"https:\\\/\\\/schema.org\",\"@graph\":[{\"@type\":\"WebPage\",\"@id\":\"https:\\\/\\\/mylipfiller.com\\\/aqua-science-water-max-milk-cleanser-1200ml\\\/\",\"url\":\"https:\\\/\\\/mylipfiller.com\\\/aqua-science-water-max-milk-cleanser-1200ml\\\/\",\"name\":\"Buy Aqua Science Water-Max Milk Cleanser 1200ml - Fillers from My Lip Filler\",\"isPartOf\":{\"@id\":\"https:\\\/\\\/mylipfiller.com\\\/#website\"},\"primaryImageOfPage\":{\"@id\":\"https:\\\/\\\/mylipfiller.com\\\/aqua-science-water-max-milk-cleanser-1200ml\\\/#primaryimage\"},\"image\":{\"@id\":\"https:\\\/\\\/mylipfiller.com\\\/aqua-science-water-max-milk-cleanser-1200ml\\\/#primaryimage\"},\"thumbnailUrl\":\"https:\\\/\\\/mylipfiller.com\\\/wp-content\\\/uploads\\\/2019\\\/08\\\/Water-Max-Milk-Cleanser.jpg\",\"datePublished\":\"2019-08-21T08:24:10+00:00\",\"dateModified\":\"2024-07-03T15:32:39+00:00\",\"description\":\"\u2765Buy Aqua Science Water-Max Milk Cleanser 1200ml \u23e9 My Lip Filler online store \u27a6 Quality assurance, reviews, ingredients, best prices!\",\"breadcrumb\":{\"@id\":\"https:\\\/\\\/mylipfiller.com\\\/aqua-science-water-max-milk-cleanser-1200ml\\\/#breadcrumb\"},\"inLanguage\":\"es\",\"potentialAction\":[{\"@type\":\"ReadAction\",\"target\":[\"https:\\\/\\\/mylipfiller.com\\\/aqua-science-water-max-milk-cleanser-1200ml\\\/\"]}]},{\"@type\":\"ImageObject\",\"inLanguage\":\"es\",\"@id\":\"https:\\\/\\\/mylipfiller.com\\\/aqua-science-water-max-milk-cleanser-1200ml\\\/#primaryimage\",\"url\":\"https:\\\/\\\/mylipfiller.com\\\/wp-content\\\/uploads\\\/2019\\\/08\\\/Water-Max-Milk-Cleanser.jpg\",\"contentUrl\":\"https:\\\/\\\/mylipfiller.com\\\/wp-content\\\/uploads\\\/2019\\\/08\\\/Water-Max-Milk-Cleanser.jpg\",\"width\":600,\"height\":600,\"caption\":\"Water-Max Milk Cleanser\"},{\"@type\":\"BreadcrumbList\",\"@id\":\"https:\\\/\\\/mylipfiller.com\\\/aqua-science-water-max-milk-cleanser-1200ml\\\/#breadcrumb\",\"itemListElement\":[{\"@type\":\"ListItem\",\"position\":1,\"name\":\"Home\",\"item\":\"https:\\\/\\\/mylipfiller.com\\\/\"},{\"@type\":\"ListItem\",\"position\":2,\"name\":\"Shop\",\"item\":\"https:\\\/\\\/mylipfiller.com\\\/shop\\\/\"},{\"@type\":\"ListItem\",\"position\":3,\"name\":\"Aqua Science Water-Max Milk Cleanser 1200ml\"}]},{\"@type\":\"WebSite\",\"@id\":\"https:\\\/\\\/mylipfiller.com\\\/#website\",\"url\":\"https:\\\/\\\/mylipfiller.com\\\/\",\"name\":\"My Lip Filler\",\"description\":\"Hyaluronic Acid Lip and Dermal Fillers\",\"publisher\":{\"@id\":\"https:\\\/\\\/mylipfiller.com\\\/#organization\"},\"potentialAction\":[{\"@type\":\"SearchAction\",\"target\":{\"@type\":\"EntryPoint\",\"urlTemplate\":\"https:\\\/\\\/mylipfiller.com\\\/?s={search_term_string}\"},\"query-input\":{\"@type\":\"PropertyValueSpecification\",\"valueRequired\":true,\"valueName\":\"search_term_string\"}}],\"inLanguage\":\"es\"},{\"@type\":\"Organization\",\"@id\":\"https:\\\/\\\/mylipfiller.com\\\/#organization\",\"name\":\"My Lip Filler\",\"url\":\"https:\\\/\\\/mylipfiller.com\\\/\",\"logo\":{\"@type\":\"ImageObject\",\"inLanguage\":\"es\",\"@id\":\"https:\\\/\\\/mylipfiller.com\\\/#\\\/schema\\\/logo\\\/image\\\/\",\"url\":\"https:\\\/\\\/mylipfiller.com\\\/wp-content\\\/uploads\\\/2019\\\/02\\\/cropped-My-Lip-Filler-Logo.png\",\"contentUrl\":\"https:\\\/\\\/mylipfiller.com\\\/wp-content\\\/uploads\\\/2019\\\/02\\\/cropped-My-Lip-Filler-Logo.png\",\"width\":240,\"height\":88,\"caption\":\"My Lip Filler\"},\"image\":{\"@id\":\"https:\\\/\\\/mylipfiller.com\\\/#\\\/schema\\\/logo\\\/image\\\/\"}}]}<\/script>\n<!-- \/ Yoast SEO plugin. -->","yoast_head_json":{"title":"Comprar Aqua Science Water-Max Leche Limpiadora 1200ml - Fillers de My Lip Filler","description":"\u2765Comprar Aqua Science Water-Max Leche Limpiadora 1200ml \u23e9 Tienda online My Lip Filler \u27a6 Garant\u00eda de calidad, opiniones, ingredientes, \u00a1los mejores precios!","robots":{"index":"index","follow":"follow","max-snippet":"max-snippet:-1","max-image-preview":"max-image-preview:large","max-video-preview":"max-video-preview:-1"},"canonical":"https:\/\/mylipfiller.com\/es\/aqua-science-water-max-milk-cleanser-1200ml\/","og_locale":"es_MX","og_type":"article","og_title":"Buy Aqua Science Water-Max Milk Cleanser 1200ml - Fillers from My Lip Filler","og_description":"\u2765Buy Aqua Science Water-Max Milk Cleanser 1200ml \u23e9 My Lip Filler online store \u27a6 Quality assurance, reviews, ingredients, best prices!","og_url":"https:\/\/mylipfiller.com\/es\/aqua-science-water-max-milk-cleanser-1200ml\/","og_site_name":"My Lip Filler","article_modified_time":"2024-07-03T15:32:39+00:00","og_image":[{"width":600,"height":600,"url":"https:\/\/cdn.mylipfiller.com\/wp-content\/uploads\/2019\/08\/Water-Max-Milk-Cleanser.jpg","type":"image\/jpeg"}],"twitter_card":"summary_large_image","twitter_misc":{"Tiempo de lectura":"2 minutos"},"schema":{"@context":"https:\/\/schema.org","@graph":[{"@type":"WebPage","@id":"https:\/\/mylipfiller.com\/aqua-science-water-max-milk-cleanser-1200ml\/","url":"https:\/\/mylipfiller.com\/aqua-science-water-max-milk-cleanser-1200ml\/","name":"Comprar Aqua Science Water-Max Leche Limpiadora 1200ml - Fillers de My Lip Filler","isPartOf":{"@id":"https:\/\/mylipfiller.com\/#website"},"primaryImageOfPage":{"@id":"https:\/\/mylipfiller.com\/aqua-science-water-max-milk-cleanser-1200ml\/#primaryimage"},"image":{"@id":"https:\/\/mylipfiller.com\/aqua-science-water-max-milk-cleanser-1200ml\/#primaryimage"},"thumbnailUrl":"https:\/\/cdn.mylipfiller.com\/wp-content\/uploads\/2019\/08\/Water-Max-Milk-Cleanser.jpg","datePublished":"2019-08-21T08:24:10+00:00","dateModified":"2024-07-03T15:32:39+00:00","description":"\u2765Comprar Aqua Science Water-Max Leche Limpiadora 1200ml \u23e9 Tienda online My Lip Filler \u27a6 Garant\u00eda de calidad, opiniones, ingredientes, \u00a1los mejores precios!","breadcrumb":{"@id":"https:\/\/mylipfiller.com\/aqua-science-water-max-milk-cleanser-1200ml\/#breadcrumb"},"inLanguage":"es","potentialAction":[{"@type":"ReadAction","target":["https:\/\/mylipfiller.com\/aqua-science-water-max-milk-cleanser-1200ml\/"]}]},{"@type":"ImageObject","inLanguage":"es","@id":"https:\/\/mylipfiller.com\/aqua-science-water-max-milk-cleanser-1200ml\/#primaryimage","url":"https:\/\/cdn.mylipfiller.com\/wp-content\/uploads\/2019\/08\/Water-Max-Milk-Cleanser.jpg","contentUrl":"https:\/\/cdn.mylipfiller.com\/wp-content\/uploads\/2019\/08\/Water-Max-Milk-Cleanser.jpg","width":600,"height":600,"caption":"Water-Max Milk Cleanser"},{"@type":"BreadcrumbList","@id":"https:\/\/mylipfiller.com\/aqua-science-water-max-milk-cleanser-1200ml\/#breadcrumb","itemListElement":[{"@type":"ListItem","position":1,"name":"Home","item":"https:\/\/mylipfiller.com\/"},{"@type":"ListItem","position":2,"name":"Shop","item":"https:\/\/mylipfiller.com\/shop\/"},{"@type":"ListItem","position":3,"name":"Aqua Science Water-Max Milk Cleanser 1200ml"}]},{"@type":"WebSite","@id":"https:\/\/mylipfiller.com\/#website","url":"https:\/\/mylipfiller.com\/","name":"Mi relleno de labios","description":"Rellenos d\u00e9rmicos y de labios con \u00e1cido hialur\u00f3nico","publisher":{"@id":"https:\/\/mylipfiller.com\/#organization"},"potentialAction":[{"@type":"SearchAction","target":{"@type":"EntryPoint","urlTemplate":"https:\/\/mylipfiller.com\/?s={search_term_string}"},"query-input":{"@type":"PropertyValueSpecification","valueRequired":true,"valueName":"search_term_string"}}],"inLanguage":"es"},{"@type":"Organization","@id":"https:\/\/mylipfiller.com\/#organization","name":"Mi relleno de labios","url":"https:\/\/mylipfiller.com\/","logo":{"@type":"ImageObject","inLanguage":"es","@id":"https:\/\/mylipfiller.com\/#\/schema\/logo\/image\/","url":"https:\/\/cdn.mylipfiller.com\/wp-content\/uploads\/2019\/02\/cropped-My-Lip-Filler-Logo.png","contentUrl":"https:\/\/cdn.mylipfiller.com\/wp-content\/uploads\/2019\/02\/cropped-My-Lip-Filler-Logo.png","width":240,"height":88,"caption":"My Lip Filler"},"image":{"@id":"https:\/\/mylipfiller.com\/#\/schema\/logo\/image\/"}}]}},"_links":{"self":[{"href":"https:\/\/mylipfiller.com\/es\/wp-json\/wp\/v2\/product\/4342","targetHints":{"allow":["GET"]}}],"collection":[{"href":"https:\/\/mylipfiller.com\/es\/wp-json\/wp\/v2\/product"}],"about":[{"href":"https:\/\/mylipfiller.com\/es\/wp-json\/wp\/v2\/types\/product"}],"wp:featuredmedia":[{"embeddable":true,"href":"https:\/\/mylipfiller.com\/es\/wp-json\/wp\/v2\/media\/4330"}],"wp:attachment":[{"href":"https:\/\/mylipfiller.com\/es\/wp-json\/wp\/v2\/media?parent=4342"}],"wp:term":[{"taxonomy":"product_brand","embeddable":true,"href":"https:\/\/mylipfiller.com\/es\/wp-json\/wp\/v2\/product_brand?post=4342"},{"taxonomy":"product_cat","embeddable":true,"href":"https:\/\/mylipfiller.com\/es\/wp-json\/wp\/v2\/product_cat?post=4342"},{"taxonomy":"product_tag","embeddable":true,"href":"https:\/\/mylipfiller.com\/es\/wp-json\/wp\/v2\/product_tag?post=4342"}],"curies":[{"name":"gracias","href":"https:\/\/api.w.org\/{rel}","templated":true}]}}