{"id":4343,"date":"2019-08-21T10:24:10","date_gmt":"2019-08-21T08:24:10","guid":{"rendered":"https:\/\/mylipfiller.com\/?post_type=product&#038;p=4343"},"modified":"2024-07-03T17:32:39","modified_gmt":"2024-07-03T15:32:39","slug":"basic-science-callus-stempeel-pha-100-120ml","status":"publish","type":"product","link":"https:\/\/mylipfiller.com\/es\/basic-science-callus-stempeel-pha-100-120ml\/","title":{"rendered":"Ciencia b\u00e1sica Callus Stempeel PHA 100 - 120ml"},"content":{"rendered":"<h3>Un producto peeling no agresivo adecuado para pieles sensibles.<\/h3>\n<p>Ciencia b\u00e1sica Callus Stempeel PHA 100 est\u00e1 desarrollado para ser utilizado por personas de cualquier tipo de piel, incluidas aquellas que realmente no tienen ning\u00fan problema de piel y simplemente desean mantener la condici\u00f3n saludable de su dermis tal como est\u00e1. Pero debido a su naturaleza no t\u00f3xica y extremadamente suave, este producto de peeling qu\u00edmico revolucionario tambi\u00e9n se puede aplicar en <u>grasa, seca e incluso en pieles sensibles<\/u>. Sin embargo, tenga en cuenta que &quot;leve&quot; no significa ineficaz ... al menos no en este caso. Esta soluci\u00f3n cosm\u00e9tica de \u00faltima generaci\u00f3n est\u00e1 repleta de ingredientes naturales y componentes de bajo riesgo. Entre ellos se encuentran el \u00e1cido c\u00edtrico, el \u00e1cido glic\u00f3lico y el \u00e1cido l\u00e1ctico que, cuando se combinan, tienen la notable capacidad de <em>eliminar r\u00e1pidamente todas las c\u00e9lulas muertas de la piel<\/em>. Sin embargo, dado que estas sustancias \u00e1cidas pueden tener un efecto negativo en la piel, Histolab tambi\u00e9n ha decidido agregar ingredientes bot\u00e1nicos beneficiosos para la salud que aliviar\u00e1n y equilibrar\u00e1n los efectos del producto. Estos incluyen extracto de cultivo de callos de Impomoea hederacea, as\u00ed como extractos de flor y cactus de Nelumbo nucifera. El primero mejora considerablemente la salud de la piel y la revitaliza visiblemente, mientras que los dos \u00faltimos alivian las irritaciones cut\u00e1neas gracias a sus potentes propiedades hidratantes.<\/p>\n<h3>Otras ventajas de Basic Science Callus Stempeel PHA 100<\/h3>\n<ul>\n<li>Limpia significativamente los poros obstruidos<\/li>\n<li>Acondicionadores de la piel<\/li>\n<li>Reduce r\u00e1pidamente la producci\u00f3n de sebo<\/li>\n<li>Restaura el equilibrio h\u00eddrico saludable de la piel<\/li>\n<\/ul>","protected":false},"excerpt":{"rendered":"<p>\u00bfQui\u00e9n dijo que las personas con piel sensible deber\u00edan evitar los productos peeling avanzados? <u>Ciencia b\u00e1sica Callus Stempeel PHA 100 - 120ml<\/u> est\u00e1 aqu\u00ed para desafiar y acabar con ese mito r\u00e1pidamente. Esta soluci\u00f3n cosm\u00e9tica Histolab optimizada ha <em>efectos excepcionales de acondicionamiento y exfoliaci\u00f3n de la piel<\/em> y se puede utilizar de forma f\u00e1cil y segura en todo tipo de pieles, incluidas las extremadamente sensibles. Si quieres probarlo, puedes comprarlo a trav\u00e9s de My Lip Filler.<\/p>","protected":false},"featured_media":4334,"template":"","meta":{"_acf_changed":false},"product_brand":[],"product_cat":[59,165,57],"product_tag":[111,137],"class_list":{"0":"post-4343","1":"product","2":"type-product","3":"status-publish","4":"has-post-thumbnail","6":"product_cat-basic-science","7":"product_cat-medians","8":"product_cat-skin-care","9":"product_tag-face","10":"product_tag-south-korea","12":"first","13":"outofstock","14":"taxable","15":"shipping-taxable","16":"purchasable","17":"product-type-simple"},"acf":[],"yoast_head":"<!-- This site is optimized with the Yoast SEO plugin v27.4 - https:\/\/yoast.com\/product\/yoast-seo-wordpress\/ -->\n<title>Buy Basic Science Callus Stempeel PHA 100 \u2013 120ml - Fillers from My Lip Filler<\/title>\n<meta name=\"description\" content=\"\u2765Buy Basic Science Callus Stempeel PHA 100 \u2013 120ml \u23e9 My Lip Filler online store \u27a6 Quality assurance, reviews, ingredients, best prices!\" \/>\n<meta name=\"robots\" content=\"index, follow, max-snippet:-1, max-image-preview:large, max-video-preview:-1\" \/>\n<link rel=\"canonical\" href=\"https:\/\/mylipfiller.com\/es\/basic-science-callus-stempeel-pha-100-120ml\/\" \/>\n<meta property=\"og:locale\" content=\"es_MX\" \/>\n<meta property=\"og:type\" content=\"article\" \/>\n<meta property=\"og:title\" content=\"Buy Basic Science Callus Stempeel PHA 100 \u2013 120ml - Fillers from My Lip Filler\" \/>\n<meta property=\"og:description\" content=\"\u2765Buy Basic Science Callus Stempeel PHA 100 \u2013 120ml \u23e9 My Lip Filler online store \u27a6 Quality assurance, reviews, ingredients, best prices!\" \/>\n<meta property=\"og:url\" content=\"https:\/\/mylipfiller.com\/es\/basic-science-callus-stempeel-pha-100-120ml\/\" \/>\n<meta property=\"og:site_name\" content=\"My Lip Filler\" \/>\n<meta property=\"article:modified_time\" content=\"2024-07-03T15:32:39+00:00\" \/>\n<meta property=\"og:image\" content=\"https:\/\/cdn.mylipfiller.com\/wp-content\/uploads\/2019\/08\/Callus-Stempeel-PHA-100.jpg\" \/>\n\t<meta property=\"og:image:width\" content=\"600\" \/>\n\t<meta property=\"og:image:height\" content=\"600\" \/>\n\t<meta property=\"og:image:type\" content=\"image\/jpeg\" \/>\n<meta name=\"twitter:card\" content=\"summary_large_image\" \/>\n<meta name=\"twitter:label1\" content=\"Tiempo de lectura\" \/>\n\t<meta name=\"twitter:data1\" content=\"2 minutos\" \/>\n<script type=\"application\/ld+json\" class=\"yoast-schema-graph\">{\"@context\":\"https:\\\/\\\/schema.org\",\"@graph\":[{\"@type\":\"WebPage\",\"@id\":\"https:\\\/\\\/mylipfiller.com\\\/basic-science-callus-stempeel-pha-100-120ml\\\/\",\"url\":\"https:\\\/\\\/mylipfiller.com\\\/basic-science-callus-stempeel-pha-100-120ml\\\/\",\"name\":\"Buy Basic Science Callus Stempeel PHA 100 \u2013 120ml - Fillers from My Lip Filler\",\"isPartOf\":{\"@id\":\"https:\\\/\\\/mylipfiller.com\\\/#website\"},\"primaryImageOfPage\":{\"@id\":\"https:\\\/\\\/mylipfiller.com\\\/basic-science-callus-stempeel-pha-100-120ml\\\/#primaryimage\"},\"image\":{\"@id\":\"https:\\\/\\\/mylipfiller.com\\\/basic-science-callus-stempeel-pha-100-120ml\\\/#primaryimage\"},\"thumbnailUrl\":\"https:\\\/\\\/mylipfiller.com\\\/wp-content\\\/uploads\\\/2019\\\/08\\\/Callus-Stempeel-PHA-100.jpg\",\"datePublished\":\"2019-08-21T08:24:10+00:00\",\"dateModified\":\"2024-07-03T15:32:39+00:00\",\"description\":\"\u2765Buy Basic Science Callus Stempeel PHA 100 \u2013 120ml \u23e9 My Lip Filler online store \u27a6 Quality assurance, reviews, ingredients, best prices!\",\"breadcrumb\":{\"@id\":\"https:\\\/\\\/mylipfiller.com\\\/basic-science-callus-stempeel-pha-100-120ml\\\/#breadcrumb\"},\"inLanguage\":\"es\",\"potentialAction\":[{\"@type\":\"ReadAction\",\"target\":[\"https:\\\/\\\/mylipfiller.com\\\/basic-science-callus-stempeel-pha-100-120ml\\\/\"]}]},{\"@type\":\"ImageObject\",\"inLanguage\":\"es\",\"@id\":\"https:\\\/\\\/mylipfiller.com\\\/basic-science-callus-stempeel-pha-100-120ml\\\/#primaryimage\",\"url\":\"https:\\\/\\\/mylipfiller.com\\\/wp-content\\\/uploads\\\/2019\\\/08\\\/Callus-Stempeel-PHA-100.jpg\",\"contentUrl\":\"https:\\\/\\\/mylipfiller.com\\\/wp-content\\\/uploads\\\/2019\\\/08\\\/Callus-Stempeel-PHA-100.jpg\",\"width\":600,\"height\":600,\"caption\":\"Callus Stempeel PHA 100\"},{\"@type\":\"BreadcrumbList\",\"@id\":\"https:\\\/\\\/mylipfiller.com\\\/basic-science-callus-stempeel-pha-100-120ml\\\/#breadcrumb\",\"itemListElement\":[{\"@type\":\"ListItem\",\"position\":1,\"name\":\"Home\",\"item\":\"https:\\\/\\\/mylipfiller.com\\\/\"},{\"@type\":\"ListItem\",\"position\":2,\"name\":\"Shop\",\"item\":\"https:\\\/\\\/mylipfiller.com\\\/shop\\\/\"},{\"@type\":\"ListItem\",\"position\":3,\"name\":\"Basic Science Callus Stempeel PHA 100 \u2013 120ml\"}]},{\"@type\":\"WebSite\",\"@id\":\"https:\\\/\\\/mylipfiller.com\\\/#website\",\"url\":\"https:\\\/\\\/mylipfiller.com\\\/\",\"name\":\"My Lip Filler\",\"description\":\"Hyaluronic Acid Lip and Dermal Fillers\",\"publisher\":{\"@id\":\"https:\\\/\\\/mylipfiller.com\\\/#organization\"},\"potentialAction\":[{\"@type\":\"SearchAction\",\"target\":{\"@type\":\"EntryPoint\",\"urlTemplate\":\"https:\\\/\\\/mylipfiller.com\\\/?s={search_term_string}\"},\"query-input\":{\"@type\":\"PropertyValueSpecification\",\"valueRequired\":true,\"valueName\":\"search_term_string\"}}],\"inLanguage\":\"es\"},{\"@type\":\"Organization\",\"@id\":\"https:\\\/\\\/mylipfiller.com\\\/#organization\",\"name\":\"My Lip Filler\",\"url\":\"https:\\\/\\\/mylipfiller.com\\\/\",\"logo\":{\"@type\":\"ImageObject\",\"inLanguage\":\"es\",\"@id\":\"https:\\\/\\\/mylipfiller.com\\\/#\\\/schema\\\/logo\\\/image\\\/\",\"url\":\"https:\\\/\\\/mylipfiller.com\\\/wp-content\\\/uploads\\\/2019\\\/02\\\/cropped-My-Lip-Filler-Logo.png\",\"contentUrl\":\"https:\\\/\\\/mylipfiller.com\\\/wp-content\\\/uploads\\\/2019\\\/02\\\/cropped-My-Lip-Filler-Logo.png\",\"width\":240,\"height\":88,\"caption\":\"My Lip Filler\"},\"image\":{\"@id\":\"https:\\\/\\\/mylipfiller.com\\\/#\\\/schema\\\/logo\\\/image\\\/\"}}]}<\/script>\n<!-- \/ Yoast SEO plugin. -->","yoast_head_json":{"title":"Comprar Basic Science Callus Stempeel PHA 100 \u2013 120ml - Rellenos de My Lip Filler","description":"\u2765Comprar Basic Science Callus Stempeel PHA 100 \u2013 120ml \u23e9 Tienda online My Lip Filler \u27a6 Garant\u00eda de calidad, rese\u00f1as, ingredientes, \u00a1los mejores precios!","robots":{"index":"index","follow":"follow","max-snippet":"max-snippet:-1","max-image-preview":"max-image-preview:large","max-video-preview":"max-video-preview:-1"},"canonical":"https:\/\/mylipfiller.com\/es\/basic-science-callus-stempeel-pha-100-120ml\/","og_locale":"es_MX","og_type":"article","og_title":"Buy Basic Science Callus Stempeel PHA 100 \u2013 120ml - Fillers from My Lip Filler","og_description":"\u2765Buy Basic Science Callus Stempeel PHA 100 \u2013 120ml \u23e9 My Lip Filler online store \u27a6 Quality assurance, reviews, ingredients, best prices!","og_url":"https:\/\/mylipfiller.com\/es\/basic-science-callus-stempeel-pha-100-120ml\/","og_site_name":"My Lip Filler","article_modified_time":"2024-07-03T15:32:39+00:00","og_image":[{"width":600,"height":600,"url":"https:\/\/cdn.mylipfiller.com\/wp-content\/uploads\/2019\/08\/Callus-Stempeel-PHA-100.jpg","type":"image\/jpeg"}],"twitter_card":"summary_large_image","twitter_misc":{"Tiempo de lectura":"2 minutos"},"schema":{"@context":"https:\/\/schema.org","@graph":[{"@type":"WebPage","@id":"https:\/\/mylipfiller.com\/basic-science-callus-stempeel-pha-100-120ml\/","url":"https:\/\/mylipfiller.com\/basic-science-callus-stempeel-pha-100-120ml\/","name":"Comprar Basic Science Callus Stempeel PHA 100 \u2013 120ml - Rellenos de My Lip Filler","isPartOf":{"@id":"https:\/\/mylipfiller.com\/#website"},"primaryImageOfPage":{"@id":"https:\/\/mylipfiller.com\/basic-science-callus-stempeel-pha-100-120ml\/#primaryimage"},"image":{"@id":"https:\/\/mylipfiller.com\/basic-science-callus-stempeel-pha-100-120ml\/#primaryimage"},"thumbnailUrl":"https:\/\/cdn.mylipfiller.com\/wp-content\/uploads\/2019\/08\/Callus-Stempeel-PHA-100.jpg","datePublished":"2019-08-21T08:24:10+00:00","dateModified":"2024-07-03T15:32:39+00:00","description":"\u2765Comprar Basic Science Callus Stempeel PHA 100 \u2013 120ml \u23e9 Tienda online My Lip Filler \u27a6 Garant\u00eda de calidad, rese\u00f1as, ingredientes, \u00a1los mejores precios!","breadcrumb":{"@id":"https:\/\/mylipfiller.com\/basic-science-callus-stempeel-pha-100-120ml\/#breadcrumb"},"inLanguage":"es","potentialAction":[{"@type":"ReadAction","target":["https:\/\/mylipfiller.com\/basic-science-callus-stempeel-pha-100-120ml\/"]}]},{"@type":"ImageObject","inLanguage":"es","@id":"https:\/\/mylipfiller.com\/basic-science-callus-stempeel-pha-100-120ml\/#primaryimage","url":"https:\/\/cdn.mylipfiller.com\/wp-content\/uploads\/2019\/08\/Callus-Stempeel-PHA-100.jpg","contentUrl":"https:\/\/cdn.mylipfiller.com\/wp-content\/uploads\/2019\/08\/Callus-Stempeel-PHA-100.jpg","width":600,"height":600,"caption":"Callus Stempeel PHA 100"},{"@type":"BreadcrumbList","@id":"https:\/\/mylipfiller.com\/basic-science-callus-stempeel-pha-100-120ml\/#breadcrumb","itemListElement":[{"@type":"ListItem","position":1,"name":"Home","item":"https:\/\/mylipfiller.com\/"},{"@type":"ListItem","position":2,"name":"Shop","item":"https:\/\/mylipfiller.com\/shop\/"},{"@type":"ListItem","position":3,"name":"Basic Science Callus Stempeel PHA 100 \u2013 120ml"}]},{"@type":"WebSite","@id":"https:\/\/mylipfiller.com\/#website","url":"https:\/\/mylipfiller.com\/","name":"Mi relleno de labios","description":"Rellenos d\u00e9rmicos y de labios con \u00e1cido hialur\u00f3nico","publisher":{"@id":"https:\/\/mylipfiller.com\/#organization"},"potentialAction":[{"@type":"SearchAction","target":{"@type":"EntryPoint","urlTemplate":"https:\/\/mylipfiller.com\/?s={search_term_string}"},"query-input":{"@type":"PropertyValueSpecification","valueRequired":true,"valueName":"search_term_string"}}],"inLanguage":"es"},{"@type":"Organization","@id":"https:\/\/mylipfiller.com\/#organization","name":"Mi relleno de labios","url":"https:\/\/mylipfiller.com\/","logo":{"@type":"ImageObject","inLanguage":"es","@id":"https:\/\/mylipfiller.com\/#\/schema\/logo\/image\/","url":"https:\/\/cdn.mylipfiller.com\/wp-content\/uploads\/2019\/02\/cropped-My-Lip-Filler-Logo.png","contentUrl":"https:\/\/cdn.mylipfiller.com\/wp-content\/uploads\/2019\/02\/cropped-My-Lip-Filler-Logo.png","width":240,"height":88,"caption":"My Lip Filler"},"image":{"@id":"https:\/\/mylipfiller.com\/#\/schema\/logo\/image\/"}}]}},"_links":{"self":[{"href":"https:\/\/mylipfiller.com\/es\/wp-json\/wp\/v2\/product\/4343","targetHints":{"allow":["GET"]}}],"collection":[{"href":"https:\/\/mylipfiller.com\/es\/wp-json\/wp\/v2\/product"}],"about":[{"href":"https:\/\/mylipfiller.com\/es\/wp-json\/wp\/v2\/types\/product"}],"wp:featuredmedia":[{"embeddable":true,"href":"https:\/\/mylipfiller.com\/es\/wp-json\/wp\/v2\/media\/4334"}],"wp:attachment":[{"href":"https:\/\/mylipfiller.com\/es\/wp-json\/wp\/v2\/media?parent=4343"}],"wp:term":[{"taxonomy":"product_brand","embeddable":true,"href":"https:\/\/mylipfiller.com\/es\/wp-json\/wp\/v2\/product_brand?post=4343"},{"taxonomy":"product_cat","embeddable":true,"href":"https:\/\/mylipfiller.com\/es\/wp-json\/wp\/v2\/product_cat?post=4343"},{"taxonomy":"product_tag","embeddable":true,"href":"https:\/\/mylipfiller.com\/es\/wp-json\/wp\/v2\/product_tag?post=4343"}],"curies":[{"name":"gracias","href":"https:\/\/api.w.org\/{rel}","templated":true}]}}