{"id":4345,"date":"2019-08-21T10:24:10","date_gmt":"2019-08-21T08:24:10","guid":{"rendered":"https:\/\/mylipfiller.com\/?post_type=product&#038;p=4345"},"modified":"2024-07-03T17:32:40","modified_gmt":"2024-07-03T15:32:40","slug":"basic-science-gold-plus-modeling-mask-1kg","status":"publish","type":"product","link":"https:\/\/mylipfiller.com\/es\/basic-science-gold-plus-modeling-mask-1kg\/","title":{"rendered":"Mascarilla Modeladora Basic Science Gold Plus 1kg"},"content":{"rendered":"<h3>Efectos principales de la m\u00e1scara de modelado Basic Science Gold Plus<\/h3>\n<p>La mascarilla modeladora Basic Science Gold Plus de Histolab se comercializa como una mascarilla facial hidratante especialmente dise\u00f1ada para tratar y <em>hidratar con \u00e9xito la piel seca<\/em>, as\u00ed como para reducir o tratar cualquier s\u00edntoma y molestias directamente relacionadas con este tipo de piel (p. ej., irritaciones, enrojecimiento, picor, etc.). Para hacerlo posible, la empresa de cuidado de la piel de Corea del Sur Histolab ha incluido col\u00e1geno hidrolizado e hialuronato de sodio, dos ingredientes excepcionalmente seguros que tienen la capacidad de hidratar la piel casi de inmediato.<\/p>\n<p>Este producto para el cuidado de la piel de primera clase tambi\u00e9n se encuentra entre los m\u00e1s vendidos en el vasto cat\u00e1logo de My Lip Filler porque su uso a largo plazo garantiza, s\u00ed, otro beneficio sorprendente: <strong>rejuvenecimiento de la piel de aspecto natural<\/strong>. Esto se debe a que, cuando la piel est\u00e1 debidamente hidratada y cuando su equilibrio h\u00eddrico se mantiene bien, su textura se vuelve gradualmente m\u00e1s suave, el\u00e1stica y uniforme.<\/p>\n<p>Para aplicar eficazmente este producto de alto rendimiento, coloque una ampolla o esencia sobre la piel para prepararla para el tratamiento. Mezcle esta confiable mascarilla de modelado con agua (1,5 veces el volumen que planea usar) y apl\u00edquela por todo el rostro. D\u00e9jelo por 10-15 minutos y luego ret\u00edrelo con cuidado.<\/p>\n<h3>Propiedades adicionales del producto para el cuidado de la piel<\/h3>\n<ul>\n<li>Extracto de glicirriza para una piel sana y bien nutrida<\/li>\n<li>Oro coloidal para una piel suave y el\u00e1stica<\/li>\n<li>Arbutina para un tono de piel m\u00e1s brillante<\/li>\n<li>Alanto\u00edna para combatir las irritaciones de la piel<\/li>\n<\/ul>","protected":false},"excerpt":{"rendered":"<p>Pieles secas, envejecidas, sensibles o normales - <em>Mascarilla Modeladora Basic Science Gold Plus 1kg<\/em> se puede aplicar sobre cualquier tipo de piel. Esteticistas calificadas y dermat\u00f3logos est\u00e9ticos profesionales pueden confiar en este producto para brindar un r\u00e1pido efecto calmante, hidratante y estimulante de la elasticidad para sus pacientes, especialmente aquellos que acaban de someterse a un tratamiento de cuidado de la piel m\u00e1s agresivo. Nosotros, de My Lip Filler, estamos entre los principales minoristas en l\u00ednea para distribuir este <u>excepcional m\u00e1scara de modelado<\/u>.<\/p>","protected":false},"featured_media":4338,"template":"","meta":{"_acf_changed":false},"product_brand":[],"product_cat":[59,165,57],"product_tag":[111,137],"class_list":{"0":"post-4345","1":"product","2":"type-product","3":"status-publish","4":"has-post-thumbnail","6":"product_cat-basic-science","7":"product_cat-medians","8":"product_cat-skin-care","9":"product_tag-face","10":"product_tag-south-korea","12":"first","13":"outofstock","14":"taxable","15":"shipping-taxable","16":"purchasable","17":"product-type-simple"},"acf":[],"yoast_head":"<!-- This site is optimized with the Yoast SEO plugin v27.4 - https:\/\/yoast.com\/product\/yoast-seo-wordpress\/ -->\n<title>Buy Basic Science Gold Plus Modeling Mask 1kg - Fillers from My Lip Filler<\/title>\n<meta name=\"description\" content=\"Sold by My Lip Filler, Basic Science Gold Plus Modeling Mask safely hydrates dry skin. Basic Science Gold Plus Modeling Mask has robust anti-aging effects.\" \/>\n<meta name=\"robots\" content=\"index, follow, max-snippet:-1, max-image-preview:large, max-video-preview:-1\" \/>\n<link rel=\"canonical\" href=\"https:\/\/mylipfiller.com\/es\/basic-science-gold-plus-modeling-mask-1kg\/\" \/>\n<meta property=\"og:locale\" content=\"es_MX\" \/>\n<meta property=\"og:type\" content=\"article\" \/>\n<meta property=\"og:title\" content=\"Buy Basic Science Gold Plus Modeling Mask 1kg - Fillers from My Lip Filler\" \/>\n<meta property=\"og:description\" content=\"Sold by My Lip Filler, Basic Science Gold Plus Modeling Mask safely hydrates dry skin. Basic Science Gold Plus Modeling Mask has robust anti-aging effects.\" \/>\n<meta property=\"og:url\" content=\"https:\/\/mylipfiller.com\/es\/basic-science-gold-plus-modeling-mask-1kg\/\" \/>\n<meta property=\"og:site_name\" content=\"My Lip Filler\" \/>\n<meta property=\"article:modified_time\" content=\"2024-07-03T15:32:40+00:00\" \/>\n<meta property=\"og:image\" content=\"https:\/\/cdn.mylipfiller.com\/wp-content\/uploads\/2019\/08\/Gold-Plus-Modeling-Mask.jpg\" \/>\n\t<meta property=\"og:image:width\" content=\"600\" \/>\n\t<meta property=\"og:image:height\" content=\"600\" \/>\n\t<meta property=\"og:image:type\" content=\"image\/jpeg\" \/>\n<meta name=\"twitter:card\" content=\"summary_large_image\" \/>\n<meta name=\"twitter:label1\" content=\"Tiempo de lectura\" \/>\n\t<meta name=\"twitter:data1\" content=\"1 minuto\" \/>\n<script type=\"application\/ld+json\" class=\"yoast-schema-graph\">{\"@context\":\"https:\\\/\\\/schema.org\",\"@graph\":[{\"@type\":\"WebPage\",\"@id\":\"https:\\\/\\\/mylipfiller.com\\\/basic-science-gold-plus-modeling-mask-1kg\\\/\",\"url\":\"https:\\\/\\\/mylipfiller.com\\\/basic-science-gold-plus-modeling-mask-1kg\\\/\",\"name\":\"Buy Basic Science Gold Plus Modeling Mask 1kg - Fillers from My Lip Filler\",\"isPartOf\":{\"@id\":\"https:\\\/\\\/mylipfiller.com\\\/#website\"},\"primaryImageOfPage\":{\"@id\":\"https:\\\/\\\/mylipfiller.com\\\/basic-science-gold-plus-modeling-mask-1kg\\\/#primaryimage\"},\"image\":{\"@id\":\"https:\\\/\\\/mylipfiller.com\\\/basic-science-gold-plus-modeling-mask-1kg\\\/#primaryimage\"},\"thumbnailUrl\":\"https:\\\/\\\/mylipfiller.com\\\/wp-content\\\/uploads\\\/2019\\\/08\\\/Gold-Plus-Modeling-Mask.jpg\",\"datePublished\":\"2019-08-21T08:24:10+00:00\",\"dateModified\":\"2024-07-03T15:32:40+00:00\",\"description\":\"Sold by My Lip Filler, Basic Science Gold Plus Modeling Mask safely hydrates dry skin. Basic Science Gold Plus Modeling Mask has robust anti-aging effects.\",\"breadcrumb\":{\"@id\":\"https:\\\/\\\/mylipfiller.com\\\/basic-science-gold-plus-modeling-mask-1kg\\\/#breadcrumb\"},\"inLanguage\":\"es\",\"potentialAction\":[{\"@type\":\"ReadAction\",\"target\":[\"https:\\\/\\\/mylipfiller.com\\\/basic-science-gold-plus-modeling-mask-1kg\\\/\"]}]},{\"@type\":\"ImageObject\",\"inLanguage\":\"es\",\"@id\":\"https:\\\/\\\/mylipfiller.com\\\/basic-science-gold-plus-modeling-mask-1kg\\\/#primaryimage\",\"url\":\"https:\\\/\\\/mylipfiller.com\\\/wp-content\\\/uploads\\\/2019\\\/08\\\/Gold-Plus-Modeling-Mask.jpg\",\"contentUrl\":\"https:\\\/\\\/mylipfiller.com\\\/wp-content\\\/uploads\\\/2019\\\/08\\\/Gold-Plus-Modeling-Mask.jpg\",\"width\":600,\"height\":600,\"caption\":\"Gold Plus Modeling Mask\"},{\"@type\":\"BreadcrumbList\",\"@id\":\"https:\\\/\\\/mylipfiller.com\\\/basic-science-gold-plus-modeling-mask-1kg\\\/#breadcrumb\",\"itemListElement\":[{\"@type\":\"ListItem\",\"position\":1,\"name\":\"Home\",\"item\":\"https:\\\/\\\/mylipfiller.com\\\/\"},{\"@type\":\"ListItem\",\"position\":2,\"name\":\"Shop\",\"item\":\"https:\\\/\\\/mylipfiller.com\\\/shop\\\/\"},{\"@type\":\"ListItem\",\"position\":3,\"name\":\"Basic Science Gold Plus Modeling Mask 1kg\"}]},{\"@type\":\"WebSite\",\"@id\":\"https:\\\/\\\/mylipfiller.com\\\/#website\",\"url\":\"https:\\\/\\\/mylipfiller.com\\\/\",\"name\":\"My Lip Filler\",\"description\":\"Hyaluronic Acid Lip and Dermal Fillers\",\"publisher\":{\"@id\":\"https:\\\/\\\/mylipfiller.com\\\/#organization\"},\"potentialAction\":[{\"@type\":\"SearchAction\",\"target\":{\"@type\":\"EntryPoint\",\"urlTemplate\":\"https:\\\/\\\/mylipfiller.com\\\/?s={search_term_string}\"},\"query-input\":{\"@type\":\"PropertyValueSpecification\",\"valueRequired\":true,\"valueName\":\"search_term_string\"}}],\"inLanguage\":\"es\"},{\"@type\":\"Organization\",\"@id\":\"https:\\\/\\\/mylipfiller.com\\\/#organization\",\"name\":\"My Lip Filler\",\"url\":\"https:\\\/\\\/mylipfiller.com\\\/\",\"logo\":{\"@type\":\"ImageObject\",\"inLanguage\":\"es\",\"@id\":\"https:\\\/\\\/mylipfiller.com\\\/#\\\/schema\\\/logo\\\/image\\\/\",\"url\":\"https:\\\/\\\/mylipfiller.com\\\/wp-content\\\/uploads\\\/2019\\\/02\\\/cropped-My-Lip-Filler-Logo.png\",\"contentUrl\":\"https:\\\/\\\/mylipfiller.com\\\/wp-content\\\/uploads\\\/2019\\\/02\\\/cropped-My-Lip-Filler-Logo.png\",\"width\":240,\"height\":88,\"caption\":\"My Lip Filler\"},\"image\":{\"@id\":\"https:\\\/\\\/mylipfiller.com\\\/#\\\/schema\\\/logo\\\/image\\\/\"}}]}<\/script>\n<!-- \/ Yoast SEO plugin. -->","yoast_head_json":{"title":"Comprar Basic Science Gold Plus Mascarilla Modeladora 1kg - Fillers de My Lip Filler","description":"Vendido por My Lip Filler, Basic Science Gold Plus Modeling Mask hidrata de forma segura la piel seca. Basic Science Gold Plus Modeling Mask tiene fuertes efectos antienvejecimiento.","robots":{"index":"index","follow":"follow","max-snippet":"max-snippet:-1","max-image-preview":"max-image-preview:large","max-video-preview":"max-video-preview:-1"},"canonical":"https:\/\/mylipfiller.com\/es\/basic-science-gold-plus-modeling-mask-1kg\/","og_locale":"es_MX","og_type":"article","og_title":"Buy Basic Science Gold Plus Modeling Mask 1kg - Fillers from My Lip Filler","og_description":"Sold by My Lip Filler, Basic Science Gold Plus Modeling Mask safely hydrates dry skin. Basic Science Gold Plus Modeling Mask has robust anti-aging effects.","og_url":"https:\/\/mylipfiller.com\/es\/basic-science-gold-plus-modeling-mask-1kg\/","og_site_name":"My Lip Filler","article_modified_time":"2024-07-03T15:32:40+00:00","og_image":[{"width":600,"height":600,"url":"https:\/\/cdn.mylipfiller.com\/wp-content\/uploads\/2019\/08\/Gold-Plus-Modeling-Mask.jpg","type":"image\/jpeg"}],"twitter_card":"summary_large_image","twitter_misc":{"Tiempo de lectura":"1 minuto"},"schema":{"@context":"https:\/\/schema.org","@graph":[{"@type":"WebPage","@id":"https:\/\/mylipfiller.com\/basic-science-gold-plus-modeling-mask-1kg\/","url":"https:\/\/mylipfiller.com\/basic-science-gold-plus-modeling-mask-1kg\/","name":"Comprar Basic Science Gold Plus Mascarilla Modeladora 1kg - Fillers de My Lip Filler","isPartOf":{"@id":"https:\/\/mylipfiller.com\/#website"},"primaryImageOfPage":{"@id":"https:\/\/mylipfiller.com\/basic-science-gold-plus-modeling-mask-1kg\/#primaryimage"},"image":{"@id":"https:\/\/mylipfiller.com\/basic-science-gold-plus-modeling-mask-1kg\/#primaryimage"},"thumbnailUrl":"https:\/\/cdn.mylipfiller.com\/wp-content\/uploads\/2019\/08\/Gold-Plus-Modeling-Mask.jpg","datePublished":"2019-08-21T08:24:10+00:00","dateModified":"2024-07-03T15:32:40+00:00","description":"Vendido por My Lip Filler, Basic Science Gold Plus Modeling Mask hidrata de forma segura la piel seca. Basic Science Gold Plus Modeling Mask tiene fuertes efectos antienvejecimiento.","breadcrumb":{"@id":"https:\/\/mylipfiller.com\/basic-science-gold-plus-modeling-mask-1kg\/#breadcrumb"},"inLanguage":"es","potentialAction":[{"@type":"ReadAction","target":["https:\/\/mylipfiller.com\/basic-science-gold-plus-modeling-mask-1kg\/"]}]},{"@type":"ImageObject","inLanguage":"es","@id":"https:\/\/mylipfiller.com\/basic-science-gold-plus-modeling-mask-1kg\/#primaryimage","url":"https:\/\/cdn.mylipfiller.com\/wp-content\/uploads\/2019\/08\/Gold-Plus-Modeling-Mask.jpg","contentUrl":"https:\/\/cdn.mylipfiller.com\/wp-content\/uploads\/2019\/08\/Gold-Plus-Modeling-Mask.jpg","width":600,"height":600,"caption":"Gold Plus Modeling Mask"},{"@type":"BreadcrumbList","@id":"https:\/\/mylipfiller.com\/basic-science-gold-plus-modeling-mask-1kg\/#breadcrumb","itemListElement":[{"@type":"ListItem","position":1,"name":"Home","item":"https:\/\/mylipfiller.com\/"},{"@type":"ListItem","position":2,"name":"Shop","item":"https:\/\/mylipfiller.com\/shop\/"},{"@type":"ListItem","position":3,"name":"Basic Science Gold Plus Modeling Mask 1kg"}]},{"@type":"WebSite","@id":"https:\/\/mylipfiller.com\/#website","url":"https:\/\/mylipfiller.com\/","name":"Mi relleno de labios","description":"Rellenos d\u00e9rmicos y de labios con \u00e1cido hialur\u00f3nico","publisher":{"@id":"https:\/\/mylipfiller.com\/#organization"},"potentialAction":[{"@type":"SearchAction","target":{"@type":"EntryPoint","urlTemplate":"https:\/\/mylipfiller.com\/?s={search_term_string}"},"query-input":{"@type":"PropertyValueSpecification","valueRequired":true,"valueName":"search_term_string"}}],"inLanguage":"es"},{"@type":"Organization","@id":"https:\/\/mylipfiller.com\/#organization","name":"Mi relleno de labios","url":"https:\/\/mylipfiller.com\/","logo":{"@type":"ImageObject","inLanguage":"es","@id":"https:\/\/mylipfiller.com\/#\/schema\/logo\/image\/","url":"https:\/\/cdn.mylipfiller.com\/wp-content\/uploads\/2019\/02\/cropped-My-Lip-Filler-Logo.png","contentUrl":"https:\/\/cdn.mylipfiller.com\/wp-content\/uploads\/2019\/02\/cropped-My-Lip-Filler-Logo.png","width":240,"height":88,"caption":"My Lip Filler"},"image":{"@id":"https:\/\/mylipfiller.com\/#\/schema\/logo\/image\/"}}]}},"_links":{"self":[{"href":"https:\/\/mylipfiller.com\/es\/wp-json\/wp\/v2\/product\/4345","targetHints":{"allow":["GET"]}}],"collection":[{"href":"https:\/\/mylipfiller.com\/es\/wp-json\/wp\/v2\/product"}],"about":[{"href":"https:\/\/mylipfiller.com\/es\/wp-json\/wp\/v2\/types\/product"}],"wp:featuredmedia":[{"embeddable":true,"href":"https:\/\/mylipfiller.com\/es\/wp-json\/wp\/v2\/media\/4338"}],"wp:attachment":[{"href":"https:\/\/mylipfiller.com\/es\/wp-json\/wp\/v2\/media?parent=4345"}],"wp:term":[{"taxonomy":"product_brand","embeddable":true,"href":"https:\/\/mylipfiller.com\/es\/wp-json\/wp\/v2\/product_brand?post=4345"},{"taxonomy":"product_cat","embeddable":true,"href":"https:\/\/mylipfiller.com\/es\/wp-json\/wp\/v2\/product_cat?post=4345"},{"taxonomy":"product_tag","embeddable":true,"href":"https:\/\/mylipfiller.com\/es\/wp-json\/wp\/v2\/product_tag?post=4345"}],"curies":[{"name":"gracias","href":"https:\/\/api.w.org\/{rel}","templated":true}]}}