{"id":4346,"date":"2019-08-21T10:24:10","date_gmt":"2019-08-21T08:24:10","guid":{"rendered":"https:\/\/mylipfiller.com\/?post_type=product&#038;p=4346"},"modified":"2024-07-03T17:32:40","modified_gmt":"2024-07-03T15:32:40","slug":"basic-science-histo-conductive-gel-500ml","status":"publish","type":"product","link":"https:\/\/mylipfiller.com\/es\/basic-science-histo-conductive-gel-500ml\/","title":{"rendered":"Gel conductor histo de ciencias b\u00e1sicas 500ml"},"content":{"rendered":"<h3>La mejor soluci\u00f3n de tratamiento posterior al cuidado de la piel para pieles envejecidas<\/h3>\n<p>El gel conductivo Histo de ciencias b\u00e1sicas es mejor <em>aplicado inmediatamente despu\u00e9s de un tratamiento de cuidado de la piel<\/em>. Esto debe hacerse a trav\u00e9s del mango de un IPS o una m\u00e1quina l\u00e1ser o manualmente (los guantes son imprescindibles aqu\u00ed). Los efectos que pueden esperar los pacientes pueden describirse de la siguiente manera:<\/p>\n<ul>\n<li><strong>Una sensaci\u00f3n relajante y calmante.<\/strong> gracias a la presencia de extracto de Aloe Vera<\/li>\n<li><strong>Mejora la salud de la piel de forma duradera<\/strong> propiedades logradas a trav\u00e9s de un complejo BSASMI \u00fanico<\/li>\n<li><strong>Revitalizaci\u00f3n eficaz de la piel.<\/strong> a trav\u00e9s de extractos de plantas naturales (de arroz, tomate y m\u00e1s)<\/li>\n<li><strong>Hidrataci\u00f3n impresionante<\/strong> logrado con la ayuda de Hialuronato de Sodio.<\/li>\n<\/ul>\n<p>Los excelentes poderes hidratantes de este producto cosm\u00e9tico amigable para el paciente tambi\u00e9n son conocidos por formar una capa protectora gruesa y altamente el\u00e1stica, protegiendo la piel de factores externos que pueden da\u00f1arla.<\/p>\n<h3>Contraindicaciones y precauciones.<\/h3>\n<p>Este y todos los dem\u00e1s productos para el cuidado de la piel de clase mundial de la gama Basic Science de Histolab disponible en la tienda en l\u00ednea de My Lip Filler se han probado exhaustivamente y se ha demostrado que son incre\u00edblemente seguros. Sin embargo, Basic Science Histo Conductive Gel no debe usarse en <em>personas que sufren de dermatitis, eczema<\/em>, cicatrices, erupciones u otras irritaciones y afecciones de la piel. Esta soluci\u00f3n cosm\u00e9tica de bajo riesgo rara vez produce efectos adversos. A\u00fan as\u00ed, si notas inflamaciones, irritaciones, picaz\u00f3n o hinchaz\u00f3n despu\u00e9s de usarlo, no lo apliques en el futuro.<\/p>","protected":false},"excerpt":{"rendered":"<p>Los tratamientos cosm\u00e9ticos m\u00ednimamente invasivos, como la luz ultravioleta o las terapias con l\u00e1ser, pueden hacer milagros para mejorar la apariencia de la piel de una persona. Sin embargo, tambi\u00e9n pueden causar irritaciones cut\u00e1neas desagradables y efectos secundarios como enrojecimiento y picaz\u00f3n. Distribuido por My Lip Filler, Basic Science Histo Conductive Gel 500ml elaborado por Histolab es un <u>gel conductor para el cuidado de la piel de nueva generaci\u00f3n<\/u> desarrollado para abordar este problema y para <em>reducir el tiempo de inactividad<\/em> despu\u00e9s de procedimientos m\u00e9dicos y est\u00e9ticos.<\/p>","protected":false},"featured_media":4344,"template":"","meta":{"_acf_changed":false},"product_brand":[],"product_cat":[59,165,57],"product_tag":[111,137],"class_list":{"0":"post-4346","1":"product","2":"type-product","3":"status-publish","4":"has-post-thumbnail","6":"product_cat-basic-science","7":"product_cat-medians","8":"product_cat-skin-care","9":"product_tag-face","10":"product_tag-south-korea","12":"first","13":"outofstock","14":"taxable","15":"shipping-taxable","16":"purchasable","17":"product-type-simple"},"acf":[],"yoast_head":"<!-- This site is optimized with the Yoast SEO plugin v27.3 - https:\/\/yoast.com\/product\/yoast-seo-wordpress\/ -->\n<title>Buy Basic Science Histo Conductive Gel 500ml - Fillers from My Lip Filler<\/title>\n<meta name=\"description\" content=\"\u2765Buy Basic Science Histo Conductive Gel 500ml \u23e9 My Lip Filler online store \u27a6 Quality assurance, reviews, ingredients, best prices!\" \/>\n<meta name=\"robots\" content=\"index, follow, max-snippet:-1, max-image-preview:large, max-video-preview:-1\" \/>\n<link rel=\"canonical\" href=\"https:\/\/mylipfiller.com\/es\/basic-science-histo-conductive-gel-500ml\/\" \/>\n<meta property=\"og:locale\" content=\"es_MX\" \/>\n<meta property=\"og:type\" content=\"article\" \/>\n<meta property=\"og:title\" content=\"Buy Basic Science Histo Conductive Gel 500ml - Fillers from My Lip Filler\" \/>\n<meta property=\"og:description\" content=\"\u2765Buy Basic Science Histo Conductive Gel 500ml \u23e9 My Lip Filler online store \u27a6 Quality assurance, reviews, ingredients, best prices!\" \/>\n<meta property=\"og:url\" content=\"https:\/\/mylipfiller.com\/es\/basic-science-histo-conductive-gel-500ml\/\" \/>\n<meta property=\"og:site_name\" content=\"My Lip Filler\" \/>\n<meta property=\"article:modified_time\" content=\"2024-07-03T15:32:40+00:00\" \/>\n<meta property=\"og:image\" content=\"https:\/\/cdn.mylipfiller.com\/wp-content\/uploads\/2019\/08\/HISTO-Conductive-Gel.jpg\" \/>\n\t<meta property=\"og:image:width\" content=\"600\" \/>\n\t<meta property=\"og:image:height\" content=\"600\" \/>\n\t<meta property=\"og:image:type\" content=\"image\/jpeg\" \/>\n<meta name=\"twitter:card\" content=\"summary_large_image\" \/>\n<meta name=\"twitter:label1\" content=\"Tiempo de lectura\" \/>\n\t<meta name=\"twitter:data1\" content=\"2 minutos\" \/>\n<script type=\"application\/ld+json\" class=\"yoast-schema-graph\">{\"@context\":\"https:\\\/\\\/schema.org\",\"@graph\":[{\"@type\":\"WebPage\",\"@id\":\"https:\\\/\\\/mylipfiller.com\\\/basic-science-histo-conductive-gel-500ml\\\/\",\"url\":\"https:\\\/\\\/mylipfiller.com\\\/basic-science-histo-conductive-gel-500ml\\\/\",\"name\":\"Buy Basic Science Histo Conductive Gel 500ml - Fillers from My Lip Filler\",\"isPartOf\":{\"@id\":\"https:\\\/\\\/mylipfiller.com\\\/#website\"},\"primaryImageOfPage\":{\"@id\":\"https:\\\/\\\/mylipfiller.com\\\/basic-science-histo-conductive-gel-500ml\\\/#primaryimage\"},\"image\":{\"@id\":\"https:\\\/\\\/mylipfiller.com\\\/basic-science-histo-conductive-gel-500ml\\\/#primaryimage\"},\"thumbnailUrl\":\"https:\\\/\\\/mylipfiller.com\\\/wp-content\\\/uploads\\\/2019\\\/08\\\/HISTO-Conductive-Gel.jpg\",\"datePublished\":\"2019-08-21T08:24:10+00:00\",\"dateModified\":\"2024-07-03T15:32:40+00:00\",\"description\":\"\u2765Buy Basic Science Histo Conductive Gel 500ml \u23e9 My Lip Filler online store \u27a6 Quality assurance, reviews, ingredients, best prices!\",\"breadcrumb\":{\"@id\":\"https:\\\/\\\/mylipfiller.com\\\/basic-science-histo-conductive-gel-500ml\\\/#breadcrumb\"},\"inLanguage\":\"es\",\"potentialAction\":[{\"@type\":\"ReadAction\",\"target\":[\"https:\\\/\\\/mylipfiller.com\\\/basic-science-histo-conductive-gel-500ml\\\/\"]}]},{\"@type\":\"ImageObject\",\"inLanguage\":\"es\",\"@id\":\"https:\\\/\\\/mylipfiller.com\\\/basic-science-histo-conductive-gel-500ml\\\/#primaryimage\",\"url\":\"https:\\\/\\\/mylipfiller.com\\\/wp-content\\\/uploads\\\/2019\\\/08\\\/HISTO-Conductive-Gel.jpg\",\"contentUrl\":\"https:\\\/\\\/mylipfiller.com\\\/wp-content\\\/uploads\\\/2019\\\/08\\\/HISTO-Conductive-Gel.jpg\",\"width\":600,\"height\":600,\"caption\":\"HISTO Conductive Gel\"},{\"@type\":\"BreadcrumbList\",\"@id\":\"https:\\\/\\\/mylipfiller.com\\\/basic-science-histo-conductive-gel-500ml\\\/#breadcrumb\",\"itemListElement\":[{\"@type\":\"ListItem\",\"position\":1,\"name\":\"Home\",\"item\":\"https:\\\/\\\/mylipfiller.com\\\/\"},{\"@type\":\"ListItem\",\"position\":2,\"name\":\"Shop\",\"item\":\"https:\\\/\\\/mylipfiller.com\\\/shop\\\/\"},{\"@type\":\"ListItem\",\"position\":3,\"name\":\"Basic Science Histo Conductive Gel 500ml\"}]},{\"@type\":\"WebSite\",\"@id\":\"https:\\\/\\\/mylipfiller.com\\\/#website\",\"url\":\"https:\\\/\\\/mylipfiller.com\\\/\",\"name\":\"My Lip Filler\",\"description\":\"Hyaluronic Acid Lip and Dermal Fillers\",\"publisher\":{\"@id\":\"https:\\\/\\\/mylipfiller.com\\\/#organization\"},\"potentialAction\":[{\"@type\":\"SearchAction\",\"target\":{\"@type\":\"EntryPoint\",\"urlTemplate\":\"https:\\\/\\\/mylipfiller.com\\\/?s={search_term_string}\"},\"query-input\":{\"@type\":\"PropertyValueSpecification\",\"valueRequired\":true,\"valueName\":\"search_term_string\"}}],\"inLanguage\":\"es\"},{\"@type\":\"Organization\",\"@id\":\"https:\\\/\\\/mylipfiller.com\\\/#organization\",\"name\":\"My Lip Filler\",\"url\":\"https:\\\/\\\/mylipfiller.com\\\/\",\"logo\":{\"@type\":\"ImageObject\",\"inLanguage\":\"es\",\"@id\":\"https:\\\/\\\/mylipfiller.com\\\/#\\\/schema\\\/logo\\\/image\\\/\",\"url\":\"https:\\\/\\\/mylipfiller.com\\\/wp-content\\\/uploads\\\/2019\\\/02\\\/cropped-My-Lip-Filler-Logo.png\",\"contentUrl\":\"https:\\\/\\\/mylipfiller.com\\\/wp-content\\\/uploads\\\/2019\\\/02\\\/cropped-My-Lip-Filler-Logo.png\",\"width\":240,\"height\":88,\"caption\":\"My Lip Filler\"},\"image\":{\"@id\":\"https:\\\/\\\/mylipfiller.com\\\/#\\\/schema\\\/logo\\\/image\\\/\"}}]}<\/script>\n<!-- \/ Yoast SEO plugin. -->","yoast_head_json":{"title":"Comprar Basic Science Histo Gel Conductor 500ml - Rellenos de My Lip Filler","description":"\u2765Comprar Basic Science Histo Gel Conductor 500ml \u23e9 Tienda online My Lip Filler \u27a6 Garant\u00eda de calidad, opiniones, ingredientes, \u00a1los mejores precios!","robots":{"index":"index","follow":"follow","max-snippet":"max-snippet:-1","max-image-preview":"max-image-preview:large","max-video-preview":"max-video-preview:-1"},"canonical":"https:\/\/mylipfiller.com\/es\/basic-science-histo-conductive-gel-500ml\/","og_locale":"es_MX","og_type":"article","og_title":"Buy Basic Science Histo Conductive Gel 500ml - Fillers from My Lip Filler","og_description":"\u2765Buy Basic Science Histo Conductive Gel 500ml \u23e9 My Lip Filler online store \u27a6 Quality assurance, reviews, ingredients, best prices!","og_url":"https:\/\/mylipfiller.com\/es\/basic-science-histo-conductive-gel-500ml\/","og_site_name":"My Lip Filler","article_modified_time":"2024-07-03T15:32:40+00:00","og_image":[{"width":600,"height":600,"url":"https:\/\/cdn.mylipfiller.com\/wp-content\/uploads\/2019\/08\/HISTO-Conductive-Gel.jpg","type":"image\/jpeg"}],"twitter_card":"summary_large_image","twitter_misc":{"Tiempo de lectura":"2 minutos"},"schema":{"@context":"https:\/\/schema.org","@graph":[{"@type":"WebPage","@id":"https:\/\/mylipfiller.com\/basic-science-histo-conductive-gel-500ml\/","url":"https:\/\/mylipfiller.com\/basic-science-histo-conductive-gel-500ml\/","name":"Comprar Basic Science Histo Gel Conductor 500ml - Rellenos de My Lip Filler","isPartOf":{"@id":"https:\/\/mylipfiller.com\/#website"},"primaryImageOfPage":{"@id":"https:\/\/mylipfiller.com\/basic-science-histo-conductive-gel-500ml\/#primaryimage"},"image":{"@id":"https:\/\/mylipfiller.com\/basic-science-histo-conductive-gel-500ml\/#primaryimage"},"thumbnailUrl":"https:\/\/cdn.mylipfiller.com\/wp-content\/uploads\/2019\/08\/HISTO-Conductive-Gel.jpg","datePublished":"2019-08-21T08:24:10+00:00","dateModified":"2024-07-03T15:32:40+00:00","description":"\u2765Comprar Basic Science Histo Gel Conductor 500ml \u23e9 Tienda online My Lip Filler \u27a6 Garant\u00eda de calidad, opiniones, ingredientes, \u00a1los mejores precios!","breadcrumb":{"@id":"https:\/\/mylipfiller.com\/basic-science-histo-conductive-gel-500ml\/#breadcrumb"},"inLanguage":"es","potentialAction":[{"@type":"ReadAction","target":["https:\/\/mylipfiller.com\/basic-science-histo-conductive-gel-500ml\/"]}]},{"@type":"ImageObject","inLanguage":"es","@id":"https:\/\/mylipfiller.com\/basic-science-histo-conductive-gel-500ml\/#primaryimage","url":"https:\/\/cdn.mylipfiller.com\/wp-content\/uploads\/2019\/08\/HISTO-Conductive-Gel.jpg","contentUrl":"https:\/\/cdn.mylipfiller.com\/wp-content\/uploads\/2019\/08\/HISTO-Conductive-Gel.jpg","width":600,"height":600,"caption":"HISTO Conductive Gel"},{"@type":"BreadcrumbList","@id":"https:\/\/mylipfiller.com\/basic-science-histo-conductive-gel-500ml\/#breadcrumb","itemListElement":[{"@type":"ListItem","position":1,"name":"Home","item":"https:\/\/mylipfiller.com\/"},{"@type":"ListItem","position":2,"name":"Shop","item":"https:\/\/mylipfiller.com\/shop\/"},{"@type":"ListItem","position":3,"name":"Basic Science Histo Conductive Gel 500ml"}]},{"@type":"WebSite","@id":"https:\/\/mylipfiller.com\/#website","url":"https:\/\/mylipfiller.com\/","name":"Mi relleno de labios","description":"Rellenos d\u00e9rmicos y de labios con \u00e1cido hialur\u00f3nico","publisher":{"@id":"https:\/\/mylipfiller.com\/#organization"},"potentialAction":[{"@type":"SearchAction","target":{"@type":"EntryPoint","urlTemplate":"https:\/\/mylipfiller.com\/?s={search_term_string}"},"query-input":{"@type":"PropertyValueSpecification","valueRequired":true,"valueName":"search_term_string"}}],"inLanguage":"es"},{"@type":"Organization","@id":"https:\/\/mylipfiller.com\/#organization","name":"Mi relleno de labios","url":"https:\/\/mylipfiller.com\/","logo":{"@type":"ImageObject","inLanguage":"es","@id":"https:\/\/mylipfiller.com\/#\/schema\/logo\/image\/","url":"https:\/\/cdn.mylipfiller.com\/wp-content\/uploads\/2019\/02\/cropped-My-Lip-Filler-Logo.png","contentUrl":"https:\/\/cdn.mylipfiller.com\/wp-content\/uploads\/2019\/02\/cropped-My-Lip-Filler-Logo.png","width":240,"height":88,"caption":"My Lip Filler"},"image":{"@id":"https:\/\/mylipfiller.com\/#\/schema\/logo\/image\/"}}]}},"_links":{"self":[{"href":"https:\/\/mylipfiller.com\/es\/wp-json\/wp\/v2\/product\/4346","targetHints":{"allow":["GET"]}}],"collection":[{"href":"https:\/\/mylipfiller.com\/es\/wp-json\/wp\/v2\/product"}],"about":[{"href":"https:\/\/mylipfiller.com\/es\/wp-json\/wp\/v2\/types\/product"}],"wp:featuredmedia":[{"embeddable":true,"href":"https:\/\/mylipfiller.com\/es\/wp-json\/wp\/v2\/media\/4344"}],"wp:attachment":[{"href":"https:\/\/mylipfiller.com\/es\/wp-json\/wp\/v2\/media?parent=4346"}],"wp:term":[{"taxonomy":"product_brand","embeddable":true,"href":"https:\/\/mylipfiller.com\/es\/wp-json\/wp\/v2\/product_brand?post=4346"},{"taxonomy":"product_cat","embeddable":true,"href":"https:\/\/mylipfiller.com\/es\/wp-json\/wp\/v2\/product_cat?post=4346"},{"taxonomy":"product_tag","embeddable":true,"href":"https:\/\/mylipfiller.com\/es\/wp-json\/wp\/v2\/product_tag?post=4346"}],"curies":[{"name":"gracias","href":"https:\/\/api.w.org\/{rel}","templated":true}]}}