{"id":4358,"date":"2019-08-21T10:55:14","date_gmt":"2019-08-21T08:55:14","guid":{"rendered":"https:\/\/mylipfiller.com\/?post_type=product&#038;p=4358"},"modified":"2024-07-03T17:32:38","modified_gmt":"2024-07-03T15:32:38","slug":"basic-science-histo-aloe-vera-gel-1200ml","status":"publish","type":"product","link":"https:\/\/mylipfiller.com\/es\/basic-science-histo-aloe-vera-gel-1200ml\/","title":{"rendered":"Gel de Aloe Vera Histo de Basic Science - 1200ml"},"content":{"rendered":"<h3>Gel cosm\u00e9tico de primera clase rico en Aloe Vera<\/h3>\n<p>Un extracto purificado de Aloe Vera es uno de los ingredientes clave en Basic Science Histo Aloe Vera Gel. Aproximadamente una quinta parte de este excelente producto cosm\u00e9tico consiste en \u00e9l, lo que lo convierte en:<\/p>\n<ul>\n<li>Incre\u00edblemente suave para la piel (incluso cuando es muy sensible)<\/li>\n<li>Un excelente humectante<\/li>\n<li>M\u00e1s eficaz que otros productos para el cuidado de la piel de esta clase y tipo.<\/li>\n<li>Sin riesgos y no produce efectos secundarios.<\/li>\n<\/ul>\n<p>El aloe vera es uno de los componentes activos favoritos de la mayor\u00eda de las empresas y fabricantes de cosmec\u00e9uticos en la actualidad. Eso se debe a su notable <u>propiedades hidratantes, calmantes, cicatrizantes y refrescantes<\/u>. Cuando se aplica sobre la piel seca, da\u00f1ada o irritada, este producto de nueva generaci\u00f3n la hidratar\u00e1 r\u00e1pidamente gracias a este ingrediente natural y a la presencia de hialuronato de sodio en esta soluci\u00f3n. El complejo SRGF H1 de Histolab, que es la marca registrada de Histolab, aumentar\u00e1 a\u00fan m\u00e1s las propiedades rehidratantes del gel de aloe vera Histo de Basic Science y, junto con el extracto de manzanilla y trehalosa, los pacientes tambi\u00e9n disfrutar\u00e1n de un <strong>efecto calmante y refrescante<\/strong> que calmar\u00e1 las irritaciones de la piel.<\/p>\n<h3>\u00bfC\u00f3mo utilizar este producto?<\/h3>\n<p>Este gel hidratante para el cuidado de la piel se puede aplicar en todo tipo de pieles. Usarlo <em>en la cara o el cuello<\/em> s\u00f3lo despu\u00e9s de que se haya limpiado la piel. Para ayudar a que se absorba mejor en la dermis, frote cuidadosa y suavemente sobre las \u00e1reas de tratamiento objetivo.<\/p>\n<p>Para m\u00e1s productos de ciencia b\u00e1sica de Histolab, conf\u00ede en My Lip Filler.<\/p>","protected":false},"excerpt":{"rendered":"<p>A primera vista, el excepcional Gel Histo Aloe Vera de Ciencia B\u00e1sica de 1200 ml de Histolab puede parecer un <u>potente producto hidratante para la piel<\/u>. Sin embargo, su f\u00f3rmula avanzada tambi\u00e9n puede proporcionar un rejuvenecimiento cosm\u00e9tico visible y <em>mejorar la apariencia de la piel desgastada y \u00e1spera<\/em> con un fuerte impulso de nutrientes. Nosotros, de My Lip Filler, ofrecemos esta soluci\u00f3n para el cuidado de la piel de calidad profesional a un precio justo.<\/p>","protected":false},"featured_media":4339,"template":"","meta":{"_acf_changed":false},"product_brand":[],"product_cat":[59,165,57],"product_tag":[111,137],"class_list":{"0":"post-4358","1":"product","2":"type-product","3":"status-publish","4":"has-post-thumbnail","6":"product_cat-basic-science","7":"product_cat-medians","8":"product_cat-skin-care","9":"product_tag-face","10":"product_tag-south-korea","12":"first","13":"outofstock","14":"taxable","15":"shipping-taxable","16":"purchasable","17":"product-type-simple"},"acf":[],"yoast_head":"<!-- This site is optimized with the Yoast SEO plugin v27.4 - https:\/\/yoast.com\/product\/yoast-seo-wordpress\/ -->\n<title>Buy Basic Science Histo Aloe Vera Gel \u2013 1200ml - Fillers from My Lip Filler<\/title>\n<meta name=\"description\" content=\"\u2765Buy Basic Science Histo Aloe Vera Gel \u2013 1200ml \u23e9 My Lip Filler online store \u27a6 Quality assurance, reviews, ingredients, best prices!\" \/>\n<meta name=\"robots\" content=\"index, follow, max-snippet:-1, max-image-preview:large, max-video-preview:-1\" \/>\n<link rel=\"canonical\" href=\"https:\/\/mylipfiller.com\/es\/basic-science-histo-aloe-vera-gel-1200ml\/\" \/>\n<meta property=\"og:locale\" content=\"es_MX\" \/>\n<meta property=\"og:type\" content=\"article\" \/>\n<meta property=\"og:title\" content=\"Buy Basic Science Histo Aloe Vera Gel \u2013 1200ml - Fillers from My Lip Filler\" \/>\n<meta property=\"og:description\" content=\"\u2765Buy Basic Science Histo Aloe Vera Gel \u2013 1200ml \u23e9 My Lip Filler online store \u27a6 Quality assurance, reviews, ingredients, best prices!\" \/>\n<meta property=\"og:url\" content=\"https:\/\/mylipfiller.com\/es\/basic-science-histo-aloe-vera-gel-1200ml\/\" \/>\n<meta property=\"og:site_name\" content=\"My Lip Filler\" \/>\n<meta property=\"article:modified_time\" content=\"2024-07-03T15:32:38+00:00\" \/>\n<meta property=\"og:image\" content=\"https:\/\/cdn.mylipfiller.com\/wp-content\/uploads\/2019\/08\/Histo-Aloe-Vera-gel.jpg\" \/>\n\t<meta property=\"og:image:width\" content=\"600\" \/>\n\t<meta property=\"og:image:height\" content=\"600\" \/>\n\t<meta property=\"og:image:type\" content=\"image\/jpeg\" \/>\n<meta name=\"twitter:card\" content=\"summary_large_image\" \/>\n<meta name=\"twitter:label1\" content=\"Tiempo de lectura\" \/>\n\t<meta name=\"twitter:data1\" content=\"2 minutos\" \/>\n<script type=\"application\/ld+json\" class=\"yoast-schema-graph\">{\"@context\":\"https:\\\/\\\/schema.org\",\"@graph\":[{\"@type\":\"WebPage\",\"@id\":\"https:\\\/\\\/mylipfiller.com\\\/basic-science-histo-aloe-vera-gel-1200ml\\\/\",\"url\":\"https:\\\/\\\/mylipfiller.com\\\/basic-science-histo-aloe-vera-gel-1200ml\\\/\",\"name\":\"Buy Basic Science Histo Aloe Vera Gel \u2013 1200ml - Fillers from My Lip Filler\",\"isPartOf\":{\"@id\":\"https:\\\/\\\/mylipfiller.com\\\/#website\"},\"primaryImageOfPage\":{\"@id\":\"https:\\\/\\\/mylipfiller.com\\\/basic-science-histo-aloe-vera-gel-1200ml\\\/#primaryimage\"},\"image\":{\"@id\":\"https:\\\/\\\/mylipfiller.com\\\/basic-science-histo-aloe-vera-gel-1200ml\\\/#primaryimage\"},\"thumbnailUrl\":\"https:\\\/\\\/mylipfiller.com\\\/wp-content\\\/uploads\\\/2019\\\/08\\\/Histo-Aloe-Vera-gel.jpg\",\"datePublished\":\"2019-08-21T08:55:14+00:00\",\"dateModified\":\"2024-07-03T15:32:38+00:00\",\"description\":\"\u2765Buy Basic Science Histo Aloe Vera Gel \u2013 1200ml \u23e9 My Lip Filler online store \u27a6 Quality assurance, reviews, ingredients, best prices!\",\"breadcrumb\":{\"@id\":\"https:\\\/\\\/mylipfiller.com\\\/basic-science-histo-aloe-vera-gel-1200ml\\\/#breadcrumb\"},\"inLanguage\":\"es\",\"potentialAction\":[{\"@type\":\"ReadAction\",\"target\":[\"https:\\\/\\\/mylipfiller.com\\\/basic-science-histo-aloe-vera-gel-1200ml\\\/\"]}]},{\"@type\":\"ImageObject\",\"inLanguage\":\"es\",\"@id\":\"https:\\\/\\\/mylipfiller.com\\\/basic-science-histo-aloe-vera-gel-1200ml\\\/#primaryimage\",\"url\":\"https:\\\/\\\/mylipfiller.com\\\/wp-content\\\/uploads\\\/2019\\\/08\\\/Histo-Aloe-Vera-gel.jpg\",\"contentUrl\":\"https:\\\/\\\/mylipfiller.com\\\/wp-content\\\/uploads\\\/2019\\\/08\\\/Histo-Aloe-Vera-gel.jpg\",\"width\":600,\"height\":600,\"caption\":\"Histo Aloe Vera gel\"},{\"@type\":\"BreadcrumbList\",\"@id\":\"https:\\\/\\\/mylipfiller.com\\\/basic-science-histo-aloe-vera-gel-1200ml\\\/#breadcrumb\",\"itemListElement\":[{\"@type\":\"ListItem\",\"position\":1,\"name\":\"Home\",\"item\":\"https:\\\/\\\/mylipfiller.com\\\/\"},{\"@type\":\"ListItem\",\"position\":2,\"name\":\"Shop\",\"item\":\"https:\\\/\\\/mylipfiller.com\\\/shop\\\/\"},{\"@type\":\"ListItem\",\"position\":3,\"name\":\"Basic Science Histo Aloe Vera Gel \u2013 1200ml\"}]},{\"@type\":\"WebSite\",\"@id\":\"https:\\\/\\\/mylipfiller.com\\\/#website\",\"url\":\"https:\\\/\\\/mylipfiller.com\\\/\",\"name\":\"My Lip Filler\",\"description\":\"Hyaluronic Acid Lip and Dermal Fillers\",\"publisher\":{\"@id\":\"https:\\\/\\\/mylipfiller.com\\\/#organization\"},\"potentialAction\":[{\"@type\":\"SearchAction\",\"target\":{\"@type\":\"EntryPoint\",\"urlTemplate\":\"https:\\\/\\\/mylipfiller.com\\\/?s={search_term_string}\"},\"query-input\":{\"@type\":\"PropertyValueSpecification\",\"valueRequired\":true,\"valueName\":\"search_term_string\"}}],\"inLanguage\":\"es\"},{\"@type\":\"Organization\",\"@id\":\"https:\\\/\\\/mylipfiller.com\\\/#organization\",\"name\":\"My Lip Filler\",\"url\":\"https:\\\/\\\/mylipfiller.com\\\/\",\"logo\":{\"@type\":\"ImageObject\",\"inLanguage\":\"es\",\"@id\":\"https:\\\/\\\/mylipfiller.com\\\/#\\\/schema\\\/logo\\\/image\\\/\",\"url\":\"https:\\\/\\\/mylipfiller.com\\\/wp-content\\\/uploads\\\/2019\\\/02\\\/cropped-My-Lip-Filler-Logo.png\",\"contentUrl\":\"https:\\\/\\\/mylipfiller.com\\\/wp-content\\\/uploads\\\/2019\\\/02\\\/cropped-My-Lip-Filler-Logo.png\",\"width\":240,\"height\":88,\"caption\":\"My Lip Filler\"},\"image\":{\"@id\":\"https:\\\/\\\/mylipfiller.com\\\/#\\\/schema\\\/logo\\\/image\\\/\"}}]}<\/script>\n<!-- \/ Yoast SEO plugin. -->","yoast_head_json":{"title":"Comprar Basic Science Histo Gel de Aloe Vera \u2013 1200ml - Rellenos de My Lip Filler","description":"\u2765Comprar Basic Science Histo Gel de Aloe Vera \u2013 1200ml \u23e9 Tienda online My Lip Filler \u27a6 Garant\u00eda de calidad, opiniones, ingredientes, \u00a1los mejores precios!","robots":{"index":"index","follow":"follow","max-snippet":"max-snippet:-1","max-image-preview":"max-image-preview:large","max-video-preview":"max-video-preview:-1"},"canonical":"https:\/\/mylipfiller.com\/es\/basic-science-histo-aloe-vera-gel-1200ml\/","og_locale":"es_MX","og_type":"article","og_title":"Buy Basic Science Histo Aloe Vera Gel \u2013 1200ml - Fillers from My Lip Filler","og_description":"\u2765Buy Basic Science Histo Aloe Vera Gel \u2013 1200ml \u23e9 My Lip Filler online store \u27a6 Quality assurance, reviews, ingredients, best prices!","og_url":"https:\/\/mylipfiller.com\/es\/basic-science-histo-aloe-vera-gel-1200ml\/","og_site_name":"My Lip Filler","article_modified_time":"2024-07-03T15:32:38+00:00","og_image":[{"width":600,"height":600,"url":"https:\/\/cdn.mylipfiller.com\/wp-content\/uploads\/2019\/08\/Histo-Aloe-Vera-gel.jpg","type":"image\/jpeg"}],"twitter_card":"summary_large_image","twitter_misc":{"Tiempo de lectura":"2 minutos"},"schema":{"@context":"https:\/\/schema.org","@graph":[{"@type":"WebPage","@id":"https:\/\/mylipfiller.com\/basic-science-histo-aloe-vera-gel-1200ml\/","url":"https:\/\/mylipfiller.com\/basic-science-histo-aloe-vera-gel-1200ml\/","name":"Comprar Basic Science Histo Gel de Aloe Vera \u2013 1200ml - Rellenos de My Lip Filler","isPartOf":{"@id":"https:\/\/mylipfiller.com\/#website"},"primaryImageOfPage":{"@id":"https:\/\/mylipfiller.com\/basic-science-histo-aloe-vera-gel-1200ml\/#primaryimage"},"image":{"@id":"https:\/\/mylipfiller.com\/basic-science-histo-aloe-vera-gel-1200ml\/#primaryimage"},"thumbnailUrl":"https:\/\/cdn.mylipfiller.com\/wp-content\/uploads\/2019\/08\/Histo-Aloe-Vera-gel.jpg","datePublished":"2019-08-21T08:55:14+00:00","dateModified":"2024-07-03T15:32:38+00:00","description":"\u2765Comprar Basic Science Histo Gel de Aloe Vera \u2013 1200ml \u23e9 Tienda online My Lip Filler \u27a6 Garant\u00eda de calidad, opiniones, ingredientes, \u00a1los mejores precios!","breadcrumb":{"@id":"https:\/\/mylipfiller.com\/basic-science-histo-aloe-vera-gel-1200ml\/#breadcrumb"},"inLanguage":"es","potentialAction":[{"@type":"ReadAction","target":["https:\/\/mylipfiller.com\/basic-science-histo-aloe-vera-gel-1200ml\/"]}]},{"@type":"ImageObject","inLanguage":"es","@id":"https:\/\/mylipfiller.com\/basic-science-histo-aloe-vera-gel-1200ml\/#primaryimage","url":"https:\/\/cdn.mylipfiller.com\/wp-content\/uploads\/2019\/08\/Histo-Aloe-Vera-gel.jpg","contentUrl":"https:\/\/cdn.mylipfiller.com\/wp-content\/uploads\/2019\/08\/Histo-Aloe-Vera-gel.jpg","width":600,"height":600,"caption":"Histo Aloe Vera gel"},{"@type":"BreadcrumbList","@id":"https:\/\/mylipfiller.com\/basic-science-histo-aloe-vera-gel-1200ml\/#breadcrumb","itemListElement":[{"@type":"ListItem","position":1,"name":"Home","item":"https:\/\/mylipfiller.com\/"},{"@type":"ListItem","position":2,"name":"Shop","item":"https:\/\/mylipfiller.com\/shop\/"},{"@type":"ListItem","position":3,"name":"Basic Science Histo Aloe Vera Gel \u2013 1200ml"}]},{"@type":"WebSite","@id":"https:\/\/mylipfiller.com\/#website","url":"https:\/\/mylipfiller.com\/","name":"Mi relleno de labios","description":"Rellenos d\u00e9rmicos y de labios con \u00e1cido hialur\u00f3nico","publisher":{"@id":"https:\/\/mylipfiller.com\/#organization"},"potentialAction":[{"@type":"SearchAction","target":{"@type":"EntryPoint","urlTemplate":"https:\/\/mylipfiller.com\/?s={search_term_string}"},"query-input":{"@type":"PropertyValueSpecification","valueRequired":true,"valueName":"search_term_string"}}],"inLanguage":"es"},{"@type":"Organization","@id":"https:\/\/mylipfiller.com\/#organization","name":"Mi relleno de labios","url":"https:\/\/mylipfiller.com\/","logo":{"@type":"ImageObject","inLanguage":"es","@id":"https:\/\/mylipfiller.com\/#\/schema\/logo\/image\/","url":"https:\/\/cdn.mylipfiller.com\/wp-content\/uploads\/2019\/02\/cropped-My-Lip-Filler-Logo.png","contentUrl":"https:\/\/cdn.mylipfiller.com\/wp-content\/uploads\/2019\/02\/cropped-My-Lip-Filler-Logo.png","width":240,"height":88,"caption":"My Lip Filler"},"image":{"@id":"https:\/\/mylipfiller.com\/#\/schema\/logo\/image\/"}}]}},"_links":{"self":[{"href":"https:\/\/mylipfiller.com\/es\/wp-json\/wp\/v2\/product\/4358","targetHints":{"allow":["GET"]}}],"collection":[{"href":"https:\/\/mylipfiller.com\/es\/wp-json\/wp\/v2\/product"}],"about":[{"href":"https:\/\/mylipfiller.com\/es\/wp-json\/wp\/v2\/types\/product"}],"wp:featuredmedia":[{"embeddable":true,"href":"https:\/\/mylipfiller.com\/es\/wp-json\/wp\/v2\/media\/4339"}],"wp:attachment":[{"href":"https:\/\/mylipfiller.com\/es\/wp-json\/wp\/v2\/media?parent=4358"}],"wp:term":[{"taxonomy":"product_brand","embeddable":true,"href":"https:\/\/mylipfiller.com\/es\/wp-json\/wp\/v2\/product_brand?post=4358"},{"taxonomy":"product_cat","embeddable":true,"href":"https:\/\/mylipfiller.com\/es\/wp-json\/wp\/v2\/product_cat?post=4358"},{"taxonomy":"product_tag","embeddable":true,"href":"https:\/\/mylipfiller.com\/es\/wp-json\/wp\/v2\/product_tag?post=4358"}],"curies":[{"name":"gracias","href":"https:\/\/api.w.org\/{rel}","templated":true}]}}