{"id":4359,"date":"2019-08-21T10:55:14","date_gmt":"2019-08-21T08:55:14","guid":{"rendered":"https:\/\/mylipfiller.com\/?post_type=product&#038;p=4359"},"modified":"2024-07-03T17:32:38","modified_gmt":"2024-07-03T15:32:38","slug":"basic-science-histo-lightening-cream-mask-250g","status":"publish","type":"product","link":"https:\/\/mylipfiller.com\/es\/basic-science-histo-lightening-cream-mask-250g\/","title":{"rendered":"Mascarilla Crema Aclaradora Histo Basic Science 250g"},"content":{"rendered":"<h3>Soluci\u00f3n anti-pigmentaci\u00f3n de nueva generaci\u00f3n<\/h3>\n<p>La hiperpigmentaci\u00f3n se observa en personas de todas las edades y de todos los tipos de piel. Por eso, Histolab ha adaptado y dise\u00f1ado la mascarilla en crema aclaradora Histo de Basic Science para que sea una soluci\u00f3n segura para las personas que tienen piel seca, normal, grasa, envejecida y muchos otros tipos de piel que est\u00e1n lidiando con:<\/p>\n<ul>\n<li><em>Manchas oscuras<\/em><\/li>\n<li><em>Hiperpigmentaci\u00f3n posinflamatoria<\/em><\/li>\n<li><em>Manchas solares<\/em><\/li>\n<li><em>Otros problemas de pigmentaci\u00f3n relacionados con la edad o el sol<\/em><\/li>\n<\/ul>\n<p>Esta mascarilla en crema amigable para el paciente es tan suave que puede usarse incluso despu\u00e9s de tratamientos cut\u00e1neos m\u00e1s agresivos. Eso <u>debe aplicarse sobre la piel limpia<\/u> que no tiene maquillaje la noche antes de acostarse. Lavar el producto con agua tibia por la ma\u00f1ana.<\/p>\n<p>Incluso si tiene piel sensible propensa a irritaciones y reacciones al\u00e9rgicas, no es probable que experimente resultados o efectos no deseados con esta mascarilla avanzada para el cuidado de la piel. Utiliza confiables y altamente <em>ingredientes seguros<\/em> para blanquear la piel y eliminar las manchas oscuras de la piel. Entre ellos se encuentran un extracto de c\u00e1scara de c\u00edtricos reticulata totalmente natural y niacinamida, un tipo de vitamina B3.<\/p>\n<h3>M\u00e1s que un producto para aclarar la piel<\/h3>\n<p>Histolab&#039;s Basic Science Histo Lightening Cream Mask es una soluci\u00f3n de blanqueamiento de la piel de primer nivel que no produce irritaciones de la piel. Parte de \u00e9l consiste en Glycyrrhiza y un complejo especial de ingredientes patentado llamado SRGF H1. Ese combo \u00fanico <u>calma instant\u00e1neamente la piel tratada<\/u> protegi\u00e9ndola del lado m\u00e1s \u00e1spero de las soluciones caseras para iluminar la piel.<\/p>","protected":false},"excerpt":{"rendered":"<p>Aquellos de ustedes que est\u00e9n buscando una forma sencilla, asequible pero efectiva de abordar los problemas de pigmentaci\u00f3n de la piel, como las manchas oscuras, deben agregar Basic Science Histo Lightening Cream Mask 250g a su arsenal. Vendida por My Lip Filler, esta mascarilla de modelado de clase alta tiene <strong>impresionantes habilidades para aclarar la piel<\/strong> ya diferencia de otros productos similares, no irrita la piel gracias a su innovador complejo SRGF H1.<\/p>","protected":false},"featured_media":4352,"template":"","meta":{"_acf_changed":false},"product_brand":[],"product_cat":[59,165,57],"product_tag":[111,137],"class_list":{"0":"post-4359","1":"product","2":"type-product","3":"status-publish","4":"has-post-thumbnail","6":"product_cat-basic-science","7":"product_cat-medians","8":"product_cat-skin-care","9":"product_tag-face","10":"product_tag-south-korea","12":"first","13":"outofstock","14":"taxable","15":"shipping-taxable","16":"purchasable","17":"product-type-simple"},"acf":[],"yoast_head":"<!-- This site is optimized with the Yoast SEO plugin v27.2 - https:\/\/yoast.com\/product\/yoast-seo-wordpress\/ -->\n<title>Buy Basic Science Histo Lightening Cream Mask 250g - Fillers from My Lip Filler<\/title>\n<meta name=\"description\" content=\"\u2765Buy Basic Science Histo Lightening Cream Mask 250g \u23e9 My Lip Filler online store \u27a6 Quality assurance, reviews, ingredients, best prices!\" \/>\n<meta name=\"robots\" content=\"index, follow, max-snippet:-1, max-image-preview:large, max-video-preview:-1\" \/>\n<link rel=\"canonical\" href=\"https:\/\/mylipfiller.com\/es\/basic-science-histo-lightening-cream-mask-250g\/\" \/>\n<meta property=\"og:locale\" content=\"es_MX\" \/>\n<meta property=\"og:type\" content=\"article\" \/>\n<meta property=\"og:title\" content=\"Buy Basic Science Histo Lightening Cream Mask 250g - Fillers from My Lip Filler\" \/>\n<meta property=\"og:description\" content=\"\u2765Buy Basic Science Histo Lightening Cream Mask 250g \u23e9 My Lip Filler online store \u27a6 Quality assurance, reviews, ingredients, best prices!\" \/>\n<meta property=\"og:url\" content=\"https:\/\/mylipfiller.com\/es\/basic-science-histo-lightening-cream-mask-250g\/\" \/>\n<meta property=\"og:site_name\" content=\"My Lip Filler\" \/>\n<meta property=\"article:modified_time\" content=\"2024-07-03T15:32:38+00:00\" \/>\n<meta property=\"og:image\" content=\"https:\/\/cdn.mylipfiller.com\/wp-content\/uploads\/2019\/08\/Lightening-Cream-mask.jpg\" \/>\n\t<meta property=\"og:image:width\" content=\"600\" \/>\n\t<meta property=\"og:image:height\" content=\"600\" \/>\n\t<meta property=\"og:image:type\" content=\"image\/jpeg\" \/>\n<meta name=\"twitter:card\" content=\"summary_large_image\" \/>\n<meta name=\"twitter:label1\" content=\"Tiempo de lectura\" \/>\n\t<meta name=\"twitter:data1\" content=\"2 minutos\" \/>\n<script type=\"application\/ld+json\" class=\"yoast-schema-graph\">{\"@context\":\"https:\/\/schema.org\",\"@graph\":[{\"@type\":\"WebPage\",\"@id\":\"https:\/\/mylipfiller.com\/basic-science-histo-lightening-cream-mask-250g\/\",\"url\":\"https:\/\/mylipfiller.com\/basic-science-histo-lightening-cream-mask-250g\/\",\"name\":\"Buy Basic Science Histo Lightening Cream Mask 250g - Fillers from My Lip Filler\",\"isPartOf\":{\"@id\":\"https:\/\/mylipfiller.com\/#website\"},\"primaryImageOfPage\":{\"@id\":\"https:\/\/mylipfiller.com\/basic-science-histo-lightening-cream-mask-250g\/#primaryimage\"},\"image\":{\"@id\":\"https:\/\/mylipfiller.com\/basic-science-histo-lightening-cream-mask-250g\/#primaryimage\"},\"thumbnailUrl\":\"https:\/\/cdn.mylipfiller.com\/wp-content\/uploads\/2019\/08\/Lightening-Cream-mask.jpg\",\"datePublished\":\"2019-08-21T08:55:14+00:00\",\"dateModified\":\"2024-07-03T15:32:38+00:00\",\"description\":\"\u2765Buy Basic Science Histo Lightening Cream Mask 250g \u23e9 My Lip Filler online store \u27a6 Quality assurance, reviews, ingredients, best prices!\",\"breadcrumb\":{\"@id\":\"https:\/\/mylipfiller.com\/basic-science-histo-lightening-cream-mask-250g\/#breadcrumb\"},\"inLanguage\":\"es\",\"potentialAction\":[{\"@type\":\"ReadAction\",\"target\":[\"https:\/\/mylipfiller.com\/basic-science-histo-lightening-cream-mask-250g\/\"]}]},{\"@type\":\"ImageObject\",\"inLanguage\":\"es\",\"@id\":\"https:\/\/mylipfiller.com\/basic-science-histo-lightening-cream-mask-250g\/#primaryimage\",\"url\":\"https:\/\/cdn.mylipfiller.com\/wp-content\/uploads\/2019\/08\/Lightening-Cream-mask.jpg\",\"contentUrl\":\"https:\/\/cdn.mylipfiller.com\/wp-content\/uploads\/2019\/08\/Lightening-Cream-mask.jpg\",\"width\":600,\"height\":600,\"caption\":\"Histo Lightening Cream Mask\"},{\"@type\":\"BreadcrumbList\",\"@id\":\"https:\/\/mylipfiller.com\/basic-science-histo-lightening-cream-mask-250g\/#breadcrumb\",\"itemListElement\":[{\"@type\":\"ListItem\",\"position\":1,\"name\":\"Home\",\"item\":\"https:\/\/mylipfiller.com\/\"},{\"@type\":\"ListItem\",\"position\":2,\"name\":\"Shop\",\"item\":\"https:\/\/mylipfiller.com\/shop\/\"},{\"@type\":\"ListItem\",\"position\":3,\"name\":\"Basic Science Histo Lightening Cream Mask 250g\"}]},{\"@type\":\"WebSite\",\"@id\":\"https:\/\/mylipfiller.com\/#website\",\"url\":\"https:\/\/mylipfiller.com\/\",\"name\":\"My Lip Filler\",\"description\":\"Hyaluronic Acid Lip and Dermal Fillers\",\"publisher\":{\"@id\":\"https:\/\/mylipfiller.com\/#organization\"},\"potentialAction\":[{\"@type\":\"SearchAction\",\"target\":{\"@type\":\"EntryPoint\",\"urlTemplate\":\"https:\/\/mylipfiller.com\/?s={search_term_string}\"},\"query-input\":{\"@type\":\"PropertyValueSpecification\",\"valueRequired\":true,\"valueName\":\"search_term_string\"}}],\"inLanguage\":\"es\"},{\"@type\":\"Organization\",\"@id\":\"https:\/\/mylipfiller.com\/#organization\",\"name\":\"My Lip Filler\",\"url\":\"https:\/\/mylipfiller.com\/\",\"logo\":{\"@type\":\"ImageObject\",\"inLanguage\":\"es\",\"@id\":\"https:\/\/mylipfiller.com\/#\/schema\/logo\/image\/\",\"url\":\"https:\/\/cdn.mylipfiller.com\/wp-content\/uploads\/2019\/02\/cropped-My-Lip-Filler-Logo.png\",\"contentUrl\":\"https:\/\/cdn.mylipfiller.com\/wp-content\/uploads\/2019\/02\/cropped-My-Lip-Filler-Logo.png\",\"width\":240,\"height\":88,\"caption\":\"My Lip Filler\"},\"image\":{\"@id\":\"https:\/\/mylipfiller.com\/#\/schema\/logo\/image\/\"}}]}<\/script>\n<!-- \/ Yoast SEO plugin. -->","yoast_head_json":{"title":"Comprar Basic Science Histo Mascarilla Crema Aclarante 250g - Fillers de My Lip Filler","description":"\u2765Comprar Basic Science Histo Mascarilla Crema Aclarante 250g \u23e9 Tienda online My Lip Filler \u27a6 Garant\u00eda de calidad, opiniones, ingredientes, \u00a1los mejores precios!","robots":{"index":"index","follow":"follow","max-snippet":"max-snippet:-1","max-image-preview":"max-image-preview:large","max-video-preview":"max-video-preview:-1"},"canonical":"https:\/\/mylipfiller.com\/es\/basic-science-histo-lightening-cream-mask-250g\/","og_locale":"es_MX","og_type":"article","og_title":"Buy Basic Science Histo Lightening Cream Mask 250g - Fillers from My Lip Filler","og_description":"\u2765Buy Basic Science Histo Lightening Cream Mask 250g \u23e9 My Lip Filler online store \u27a6 Quality assurance, reviews, ingredients, best prices!","og_url":"https:\/\/mylipfiller.com\/es\/basic-science-histo-lightening-cream-mask-250g\/","og_site_name":"My Lip Filler","article_modified_time":"2024-07-03T15:32:38+00:00","og_image":[{"width":600,"height":600,"url":"https:\/\/cdn.mylipfiller.com\/wp-content\/uploads\/2019\/08\/Lightening-Cream-mask.jpg","type":"image\/jpeg"}],"twitter_card":"summary_large_image","twitter_misc":{"Tiempo de lectura":"2 minutos"},"schema":{"@context":"https:\/\/schema.org","@graph":[{"@type":"WebPage","@id":"https:\/\/mylipfiller.com\/basic-science-histo-lightening-cream-mask-250g\/","url":"https:\/\/mylipfiller.com\/basic-science-histo-lightening-cream-mask-250g\/","name":"Comprar Basic Science Histo Mascarilla Crema Aclarante 250g - Fillers de My Lip Filler","isPartOf":{"@id":"https:\/\/mylipfiller.com\/#website"},"primaryImageOfPage":{"@id":"https:\/\/mylipfiller.com\/basic-science-histo-lightening-cream-mask-250g\/#primaryimage"},"image":{"@id":"https:\/\/mylipfiller.com\/basic-science-histo-lightening-cream-mask-250g\/#primaryimage"},"thumbnailUrl":"https:\/\/cdn.mylipfiller.com\/wp-content\/uploads\/2019\/08\/Lightening-Cream-mask.jpg","datePublished":"2019-08-21T08:55:14+00:00","dateModified":"2024-07-03T15:32:38+00:00","description":"\u2765Comprar Basic Science Histo Mascarilla Crema Aclarante 250g \u23e9 Tienda online My Lip Filler \u27a6 Garant\u00eda de calidad, opiniones, ingredientes, \u00a1los mejores precios!","breadcrumb":{"@id":"https:\/\/mylipfiller.com\/basic-science-histo-lightening-cream-mask-250g\/#breadcrumb"},"inLanguage":"es","potentialAction":[{"@type":"ReadAction","target":["https:\/\/mylipfiller.com\/basic-science-histo-lightening-cream-mask-250g\/"]}]},{"@type":"ImageObject","inLanguage":"es","@id":"https:\/\/mylipfiller.com\/basic-science-histo-lightening-cream-mask-250g\/#primaryimage","url":"https:\/\/cdn.mylipfiller.com\/wp-content\/uploads\/2019\/08\/Lightening-Cream-mask.jpg","contentUrl":"https:\/\/cdn.mylipfiller.com\/wp-content\/uploads\/2019\/08\/Lightening-Cream-mask.jpg","width":600,"height":600,"caption":"Histo Lightening Cream Mask"},{"@type":"BreadcrumbList","@id":"https:\/\/mylipfiller.com\/basic-science-histo-lightening-cream-mask-250g\/#breadcrumb","itemListElement":[{"@type":"ListItem","position":1,"name":"Home","item":"https:\/\/mylipfiller.com\/"},{"@type":"ListItem","position":2,"name":"Shop","item":"https:\/\/mylipfiller.com\/shop\/"},{"@type":"ListItem","position":3,"name":"Basic Science Histo Lightening Cream Mask 250g"}]},{"@type":"WebSite","@id":"https:\/\/mylipfiller.com\/#website","url":"https:\/\/mylipfiller.com\/","name":"Mi relleno de labios","description":"Rellenos d\u00e9rmicos y de labios con \u00e1cido hialur\u00f3nico","publisher":{"@id":"https:\/\/mylipfiller.com\/#organization"},"potentialAction":[{"@type":"SearchAction","target":{"@type":"EntryPoint","urlTemplate":"https:\/\/mylipfiller.com\/?s={search_term_string}"},"query-input":{"@type":"PropertyValueSpecification","valueRequired":true,"valueName":"search_term_string"}}],"inLanguage":"es"},{"@type":"Organization","@id":"https:\/\/mylipfiller.com\/#organization","name":"Mi relleno de labios","url":"https:\/\/mylipfiller.com\/","logo":{"@type":"ImageObject","inLanguage":"es","@id":"https:\/\/mylipfiller.com\/#\/schema\/logo\/image\/","url":"https:\/\/cdn.mylipfiller.com\/wp-content\/uploads\/2019\/02\/cropped-My-Lip-Filler-Logo.png","contentUrl":"https:\/\/cdn.mylipfiller.com\/wp-content\/uploads\/2019\/02\/cropped-My-Lip-Filler-Logo.png","width":240,"height":88,"caption":"My Lip Filler"},"image":{"@id":"https:\/\/mylipfiller.com\/#\/schema\/logo\/image\/"}}]}},"_links":{"self":[{"href":"https:\/\/mylipfiller.com\/es\/wp-json\/wp\/v2\/product\/4359","targetHints":{"allow":["GET"]}}],"collection":[{"href":"https:\/\/mylipfiller.com\/es\/wp-json\/wp\/v2\/product"}],"about":[{"href":"https:\/\/mylipfiller.com\/es\/wp-json\/wp\/v2\/types\/product"}],"wp:featuredmedia":[{"embeddable":true,"href":"https:\/\/mylipfiller.com\/es\/wp-json\/wp\/v2\/media\/4352"}],"wp:attachment":[{"href":"https:\/\/mylipfiller.com\/es\/wp-json\/wp\/v2\/media?parent=4359"}],"wp:term":[{"taxonomy":"product_brand","embeddable":true,"href":"https:\/\/mylipfiller.com\/es\/wp-json\/wp\/v2\/product_brand?post=4359"},{"taxonomy":"product_cat","embeddable":true,"href":"https:\/\/mylipfiller.com\/es\/wp-json\/wp\/v2\/product_cat?post=4359"},{"taxonomy":"product_tag","embeddable":true,"href":"https:\/\/mylipfiller.com\/es\/wp-json\/wp\/v2\/product_tag?post=4359"}],"curies":[{"name":"gracias","href":"https:\/\/api.w.org\/{rel}","templated":true}]}}