{"id":4360,"date":"2019-08-21T10:55:14","date_gmt":"2019-08-21T08:55:14","guid":{"rendered":"https:\/\/mylipfiller.com\/?post_type=product&#038;p=4360"},"modified":"2024-07-03T17:32:38","modified_gmt":"2024-07-03T15:32:38","slug":"basic-science-histo-moisturizing-cream-mask-250g","status":"publish","type":"product","link":"https:\/\/mylipfiller.com\/es\/basic-science-histo-moisturizing-cream-mask-250g\/","title":{"rendered":"Mascarilla Crema Hidratante Histo Basic Science 250g"},"content":{"rendered":"<h3>Revitalizaci\u00f3n r\u00e1pida de la piel a trav\u00e9s de una hidrataci\u00f3n duradera.<\/h3>\n<p>En esencia, Basic Science Histo Moisturizing Cream Mask es un producto hidratante avanzado que est\u00e1 garantizado para mejorar la apariencia de <strong>piel escamosa, \u00e1spera y seca<\/strong> en poco tiempo al ofrecer una poderosa dosis de hidrataci\u00f3n justo donde m\u00e1s se necesita. Para hacerlo posible, tiene dos componentes activos clave. El primero de ellos es el hialuronato de sodio, que se usa ampliamente en la industria del cuidado de la piel porque tiene propiedades rehidratantes inigualables. El segundo ingrediente principal de esta mascarilla en crema de excelente calidad es el propio complejo SRGF H1 de Histolab, que se compone de extractos de siete plantas diferentes. Su prop\u00f3sito es <u>ofrecer a la piel una nutrici\u00f3n profunda y duradera<\/u> proporcion\u00e1ndole todos los minerales y vitaminas que necesita para estar sano y lucir:<\/p>\n<ul>\n<li>Juvenil<\/li>\n<li>Refrescado<\/li>\n<li>Revitalizado<\/li>\n<li>Suavizado<\/li>\n<\/ul>\n<p>A diferencia de las cremas t\u00f3picas para el cuidado de la piel que solo pueden brindar hidrataci\u00f3n instant\u00e1nea, la mascarilla en crema hidratante Basic Science Histo tambi\u00e9n garantiza efectos duraderos.<\/p>\n<h3>Aplicaci\u00f3n y otros ingredientes<\/h3>\n<p>El resto de la composici\u00f3n de esta mascarilla facial optimizada de Histolab tambi\u00e9n consta de ingredientes naturales, como la resina Boswellia Serrata que <em>calma las irritaciones de la piel<\/em>, as\u00ed como extractos de tomate y arroz, ambos con <strong>cualidades antioxidantes<\/strong> y proporcionan a la piel poderosos nutrientes. Aplicar diariamente sobre la piel limpia y lavar en 10 a 15 minutos.<\/p>","protected":false},"excerpt":{"rendered":"<p>La Mascarilla Crema Hidratante Histo Basic Science 250g es una <u>producto hidratante para la piel \u00fanico en su tipo<\/u>. Utilizando el complejo SRGF H1 de Histolab y el hialuronato de sodio, rehidrata instant\u00e1neamente la piel. Los efectos conseguidos se conservan durante mucho tiempo y son tan impresionantes que incluso conducen a un rejuvenecimiento cosm\u00e9tico gradual. Para obtener el producto aut\u00e9ntico y experimentar todos sus poderes hidratantes y antienvejecimiento, c\u00f3mprelo en la tienda en l\u00ednea de My Lip Filler.<\/p>","protected":false},"featured_media":4353,"template":"","meta":{"_acf_changed":false},"product_brand":[],"product_cat":[59,165,57],"product_tag":[111,137],"class_list":{"0":"post-4360","1":"product","2":"type-product","3":"status-publish","4":"has-post-thumbnail","6":"product_cat-basic-science","7":"product_cat-medians","8":"product_cat-skin-care","9":"product_tag-face","10":"product_tag-south-korea","12":"first","13":"outofstock","14":"taxable","15":"shipping-taxable","16":"purchasable","17":"product-type-simple"},"acf":[],"yoast_head":"<!-- This site is optimized with the Yoast SEO plugin v27.4 - https:\/\/yoast.com\/product\/yoast-seo-wordpress\/ -->\n<title>Buy Basic Science Histo Moisturizing Cream Mask 250g - Fillers from My Lip Filler<\/title>\n<meta name=\"description\" content=\"\u2765Buy Basic Science Histo Moisturizing Cream Mask 250g \u23e9 My Lip Filler online store \u27a6 Quality assurance, reviews, ingredients, best prices!\" \/>\n<meta name=\"robots\" content=\"index, follow, max-snippet:-1, max-image-preview:large, max-video-preview:-1\" \/>\n<link rel=\"canonical\" href=\"https:\/\/mylipfiller.com\/es\/basic-science-histo-moisturizing-cream-mask-250g\/\" \/>\n<meta property=\"og:locale\" content=\"es_MX\" \/>\n<meta property=\"og:type\" content=\"article\" \/>\n<meta property=\"og:title\" content=\"Buy Basic Science Histo Moisturizing Cream Mask 250g - Fillers from My Lip Filler\" \/>\n<meta property=\"og:description\" content=\"\u2765Buy Basic Science Histo Moisturizing Cream Mask 250g \u23e9 My Lip Filler online store \u27a6 Quality assurance, reviews, ingredients, best prices!\" \/>\n<meta property=\"og:url\" content=\"https:\/\/mylipfiller.com\/es\/basic-science-histo-moisturizing-cream-mask-250g\/\" \/>\n<meta property=\"og:site_name\" content=\"My Lip Filler\" \/>\n<meta property=\"article:modified_time\" content=\"2024-07-03T15:32:38+00:00\" \/>\n<meta property=\"og:image\" content=\"https:\/\/cdn.mylipfiller.com\/wp-content\/uploads\/2019\/08\/Moisturizing-Cream-mask.jpg\" \/>\n\t<meta property=\"og:image:width\" content=\"600\" \/>\n\t<meta property=\"og:image:height\" content=\"600\" \/>\n\t<meta property=\"og:image:type\" content=\"image\/jpeg\" \/>\n<meta name=\"twitter:card\" content=\"summary_large_image\" \/>\n<meta name=\"twitter:label1\" content=\"Tiempo de lectura\" \/>\n\t<meta name=\"twitter:data1\" content=\"2 minutos\" \/>\n<script type=\"application\/ld+json\" class=\"yoast-schema-graph\">{\"@context\":\"https:\\\/\\\/schema.org\",\"@graph\":[{\"@type\":\"WebPage\",\"@id\":\"https:\\\/\\\/mylipfiller.com\\\/basic-science-histo-moisturizing-cream-mask-250g\\\/\",\"url\":\"https:\\\/\\\/mylipfiller.com\\\/basic-science-histo-moisturizing-cream-mask-250g\\\/\",\"name\":\"Buy Basic Science Histo Moisturizing Cream Mask 250g - Fillers from My Lip Filler\",\"isPartOf\":{\"@id\":\"https:\\\/\\\/mylipfiller.com\\\/#website\"},\"primaryImageOfPage\":{\"@id\":\"https:\\\/\\\/mylipfiller.com\\\/basic-science-histo-moisturizing-cream-mask-250g\\\/#primaryimage\"},\"image\":{\"@id\":\"https:\\\/\\\/mylipfiller.com\\\/basic-science-histo-moisturizing-cream-mask-250g\\\/#primaryimage\"},\"thumbnailUrl\":\"https:\\\/\\\/mylipfiller.com\\\/wp-content\\\/uploads\\\/2019\\\/08\\\/Moisturizing-Cream-mask.jpg\",\"datePublished\":\"2019-08-21T08:55:14+00:00\",\"dateModified\":\"2024-07-03T15:32:38+00:00\",\"description\":\"\u2765Buy Basic Science Histo Moisturizing Cream Mask 250g \u23e9 My Lip Filler online store \u27a6 Quality assurance, reviews, ingredients, best prices!\",\"breadcrumb\":{\"@id\":\"https:\\\/\\\/mylipfiller.com\\\/basic-science-histo-moisturizing-cream-mask-250g\\\/#breadcrumb\"},\"inLanguage\":\"es\",\"potentialAction\":[{\"@type\":\"ReadAction\",\"target\":[\"https:\\\/\\\/mylipfiller.com\\\/basic-science-histo-moisturizing-cream-mask-250g\\\/\"]}]},{\"@type\":\"ImageObject\",\"inLanguage\":\"es\",\"@id\":\"https:\\\/\\\/mylipfiller.com\\\/basic-science-histo-moisturizing-cream-mask-250g\\\/#primaryimage\",\"url\":\"https:\\\/\\\/mylipfiller.com\\\/wp-content\\\/uploads\\\/2019\\\/08\\\/Moisturizing-Cream-mask.jpg\",\"contentUrl\":\"https:\\\/\\\/mylipfiller.com\\\/wp-content\\\/uploads\\\/2019\\\/08\\\/Moisturizing-Cream-mask.jpg\",\"width\":600,\"height\":600,\"caption\":\"Moisturizing Cream Mask\"},{\"@type\":\"BreadcrumbList\",\"@id\":\"https:\\\/\\\/mylipfiller.com\\\/basic-science-histo-moisturizing-cream-mask-250g\\\/#breadcrumb\",\"itemListElement\":[{\"@type\":\"ListItem\",\"position\":1,\"name\":\"Home\",\"item\":\"https:\\\/\\\/mylipfiller.com\\\/\"},{\"@type\":\"ListItem\",\"position\":2,\"name\":\"Shop\",\"item\":\"https:\\\/\\\/mylipfiller.com\\\/shop\\\/\"},{\"@type\":\"ListItem\",\"position\":3,\"name\":\"Basic Science Histo Moisturizing Cream Mask 250g\"}]},{\"@type\":\"WebSite\",\"@id\":\"https:\\\/\\\/mylipfiller.com\\\/#website\",\"url\":\"https:\\\/\\\/mylipfiller.com\\\/\",\"name\":\"My Lip Filler\",\"description\":\"Hyaluronic Acid Lip and Dermal Fillers\",\"publisher\":{\"@id\":\"https:\\\/\\\/mylipfiller.com\\\/#organization\"},\"potentialAction\":[{\"@type\":\"SearchAction\",\"target\":{\"@type\":\"EntryPoint\",\"urlTemplate\":\"https:\\\/\\\/mylipfiller.com\\\/?s={search_term_string}\"},\"query-input\":{\"@type\":\"PropertyValueSpecification\",\"valueRequired\":true,\"valueName\":\"search_term_string\"}}],\"inLanguage\":\"es\"},{\"@type\":\"Organization\",\"@id\":\"https:\\\/\\\/mylipfiller.com\\\/#organization\",\"name\":\"My Lip Filler\",\"url\":\"https:\\\/\\\/mylipfiller.com\\\/\",\"logo\":{\"@type\":\"ImageObject\",\"inLanguage\":\"es\",\"@id\":\"https:\\\/\\\/mylipfiller.com\\\/#\\\/schema\\\/logo\\\/image\\\/\",\"url\":\"https:\\\/\\\/mylipfiller.com\\\/wp-content\\\/uploads\\\/2019\\\/02\\\/cropped-My-Lip-Filler-Logo.png\",\"contentUrl\":\"https:\\\/\\\/mylipfiller.com\\\/wp-content\\\/uploads\\\/2019\\\/02\\\/cropped-My-Lip-Filler-Logo.png\",\"width\":240,\"height\":88,\"caption\":\"My Lip Filler\"},\"image\":{\"@id\":\"https:\\\/\\\/mylipfiller.com\\\/#\\\/schema\\\/logo\\\/image\\\/\"}}]}<\/script>\n<!-- \/ Yoast SEO plugin. -->","yoast_head_json":{"title":"Comprar Basic Science Histo Mascarilla Crema Hidratante 250g - Fillers de My Lip Filler","description":"\u2765Comprar Basic Science Histo Mascarilla Crema Hidratante 250g \u23e9 Tienda online My Lip Filler \u27a6 Garant\u00eda de calidad, opiniones, ingredientes, \u00a1los mejores precios!","robots":{"index":"index","follow":"follow","max-snippet":"max-snippet:-1","max-image-preview":"max-image-preview:large","max-video-preview":"max-video-preview:-1"},"canonical":"https:\/\/mylipfiller.com\/es\/basic-science-histo-moisturizing-cream-mask-250g\/","og_locale":"es_MX","og_type":"article","og_title":"Buy Basic Science Histo Moisturizing Cream Mask 250g - Fillers from My Lip Filler","og_description":"\u2765Buy Basic Science Histo Moisturizing Cream Mask 250g \u23e9 My Lip Filler online store \u27a6 Quality assurance, reviews, ingredients, best prices!","og_url":"https:\/\/mylipfiller.com\/es\/basic-science-histo-moisturizing-cream-mask-250g\/","og_site_name":"My Lip Filler","article_modified_time":"2024-07-03T15:32:38+00:00","og_image":[{"width":600,"height":600,"url":"https:\/\/cdn.mylipfiller.com\/wp-content\/uploads\/2019\/08\/Moisturizing-Cream-mask.jpg","type":"image\/jpeg"}],"twitter_card":"summary_large_image","twitter_misc":{"Tiempo de lectura":"2 minutos"},"schema":{"@context":"https:\/\/schema.org","@graph":[{"@type":"WebPage","@id":"https:\/\/mylipfiller.com\/basic-science-histo-moisturizing-cream-mask-250g\/","url":"https:\/\/mylipfiller.com\/basic-science-histo-moisturizing-cream-mask-250g\/","name":"Comprar Basic Science Histo Mascarilla Crema Hidratante 250g - Fillers de My Lip Filler","isPartOf":{"@id":"https:\/\/mylipfiller.com\/#website"},"primaryImageOfPage":{"@id":"https:\/\/mylipfiller.com\/basic-science-histo-moisturizing-cream-mask-250g\/#primaryimage"},"image":{"@id":"https:\/\/mylipfiller.com\/basic-science-histo-moisturizing-cream-mask-250g\/#primaryimage"},"thumbnailUrl":"https:\/\/cdn.mylipfiller.com\/wp-content\/uploads\/2019\/08\/Moisturizing-Cream-mask.jpg","datePublished":"2019-08-21T08:55:14+00:00","dateModified":"2024-07-03T15:32:38+00:00","description":"\u2765Comprar Basic Science Histo Mascarilla Crema Hidratante 250g \u23e9 Tienda online My Lip Filler \u27a6 Garant\u00eda de calidad, opiniones, ingredientes, \u00a1los mejores precios!","breadcrumb":{"@id":"https:\/\/mylipfiller.com\/basic-science-histo-moisturizing-cream-mask-250g\/#breadcrumb"},"inLanguage":"es","potentialAction":[{"@type":"ReadAction","target":["https:\/\/mylipfiller.com\/basic-science-histo-moisturizing-cream-mask-250g\/"]}]},{"@type":"ImageObject","inLanguage":"es","@id":"https:\/\/mylipfiller.com\/basic-science-histo-moisturizing-cream-mask-250g\/#primaryimage","url":"https:\/\/cdn.mylipfiller.com\/wp-content\/uploads\/2019\/08\/Moisturizing-Cream-mask.jpg","contentUrl":"https:\/\/cdn.mylipfiller.com\/wp-content\/uploads\/2019\/08\/Moisturizing-Cream-mask.jpg","width":600,"height":600,"caption":"Moisturizing Cream Mask"},{"@type":"BreadcrumbList","@id":"https:\/\/mylipfiller.com\/basic-science-histo-moisturizing-cream-mask-250g\/#breadcrumb","itemListElement":[{"@type":"ListItem","position":1,"name":"Home","item":"https:\/\/mylipfiller.com\/"},{"@type":"ListItem","position":2,"name":"Shop","item":"https:\/\/mylipfiller.com\/shop\/"},{"@type":"ListItem","position":3,"name":"Basic Science Histo Moisturizing Cream Mask 250g"}]},{"@type":"WebSite","@id":"https:\/\/mylipfiller.com\/#website","url":"https:\/\/mylipfiller.com\/","name":"Mi relleno de labios","description":"Rellenos d\u00e9rmicos y de labios con \u00e1cido hialur\u00f3nico","publisher":{"@id":"https:\/\/mylipfiller.com\/#organization"},"potentialAction":[{"@type":"SearchAction","target":{"@type":"EntryPoint","urlTemplate":"https:\/\/mylipfiller.com\/?s={search_term_string}"},"query-input":{"@type":"PropertyValueSpecification","valueRequired":true,"valueName":"search_term_string"}}],"inLanguage":"es"},{"@type":"Organization","@id":"https:\/\/mylipfiller.com\/#organization","name":"Mi relleno de labios","url":"https:\/\/mylipfiller.com\/","logo":{"@type":"ImageObject","inLanguage":"es","@id":"https:\/\/mylipfiller.com\/#\/schema\/logo\/image\/","url":"https:\/\/cdn.mylipfiller.com\/wp-content\/uploads\/2019\/02\/cropped-My-Lip-Filler-Logo.png","contentUrl":"https:\/\/cdn.mylipfiller.com\/wp-content\/uploads\/2019\/02\/cropped-My-Lip-Filler-Logo.png","width":240,"height":88,"caption":"My Lip Filler"},"image":{"@id":"https:\/\/mylipfiller.com\/#\/schema\/logo\/image\/"}}]}},"_links":{"self":[{"href":"https:\/\/mylipfiller.com\/es\/wp-json\/wp\/v2\/product\/4360","targetHints":{"allow":["GET"]}}],"collection":[{"href":"https:\/\/mylipfiller.com\/es\/wp-json\/wp\/v2\/product"}],"about":[{"href":"https:\/\/mylipfiller.com\/es\/wp-json\/wp\/v2\/types\/product"}],"wp:featuredmedia":[{"embeddable":true,"href":"https:\/\/mylipfiller.com\/es\/wp-json\/wp\/v2\/media\/4353"}],"wp:attachment":[{"href":"https:\/\/mylipfiller.com\/es\/wp-json\/wp\/v2\/media?parent=4360"}],"wp:term":[{"taxonomy":"product_brand","embeddable":true,"href":"https:\/\/mylipfiller.com\/es\/wp-json\/wp\/v2\/product_brand?post=4360"},{"taxonomy":"product_cat","embeddable":true,"href":"https:\/\/mylipfiller.com\/es\/wp-json\/wp\/v2\/product_cat?post=4360"},{"taxonomy":"product_tag","embeddable":true,"href":"https:\/\/mylipfiller.com\/es\/wp-json\/wp\/v2\/product_tag?post=4360"}],"curies":[{"name":"gracias","href":"https:\/\/api.w.org\/{rel}","templated":true}]}}