{"id":4361,"date":"2019-08-21T10:55:14","date_gmt":"2019-08-21T08:55:14","guid":{"rendered":"https:\/\/mylipfiller.com\/?post_type=product&#038;p=4361"},"modified":"2024-07-03T17:32:38","modified_gmt":"2024-07-03T15:32:38","slug":"basic-science-histo-point-remover-500ml","status":"publish","type":"product","link":"https:\/\/mylipfiller.com\/es\/basic-science-histo-point-remover-500ml\/","title":{"rendered":"Quitamanchas Basic Science 500ml"},"content":{"rendered":"<h3>El mejor desmaquillante para pieles sensibles<\/h3>\n<p>Basic Science Histo Point Remover es uno de los pocos productos desmaquillantes m\u00e1s vendidos para pieles sensibles que realmente tiene \u00e9xito tanto en desmaquillar como en <u>protegiendo la piel de irritaciones<\/u> causada por el uso regular de maquillaje, factores ambientales, etc. Contiene Agua de Lavanda que es conocida por tener un efecto calmante incre\u00edble cuando se aplica sobre la piel. Este producto cosm\u00e9tico confiable tambi\u00e9n contiene varios nutrientes entre los que se encuentran:<\/p>\n<ul>\n<li>Extracto de flor de manzanilla<\/li>\n<li>Glicirricato dipot\u00e1sico<\/li>\n<li>Extracto de hoja de Betula Alba<\/li>\n<\/ul>\n<p>La mayor\u00eda de ellos son de car\u00e1cter natural lo que significa que no causar\u00e1n molestias cuando se apliquen en la zona. <em>alrededor de los labios y los ojos<\/em>. Incluso el uso diario regular de este poderoso desmaquillador no da\u00f1ar\u00e1 la piel. Aplicarlo requiere unos pocos minutos. Simplemente coloque unas gotas en un algod\u00f3n y limpie el maquillaje de su cara.<\/p>\n<h3>Contiene ingredientes naturales que ofrecen una hidrataci\u00f3n profunda de la piel.<\/h3>\n<p>Puede notar que despu\u00e9s de haber usado el Removedor de puntos histo de Basic Science durante varias semanas, su piel se volver\u00e1 <u>m\u00e1s suave, terso e incluso m\u00e1s juvenil<\/u>. Esto se debe a que contiene extracto de Melissa Officinalis Lead que hidrata la zona tratada del rostro. \u00bfTienes ganas de intentarlo? Nosotros, de My Lip Filler, te respaldamos.<\/p>","protected":false},"excerpt":{"rendered":"<p>Encontrar un <strong>desmaquillador suave para pieles sensibles<\/strong> puede ser complicado solo si no has o\u00eddo hablar de Basic Science Histo Point Remover 500ml. Este desmaquillador de ojos y labios de primera calidad de Histolab no es agresivo, pero te ayudar\u00e1 a eliminar r\u00e1pidamente el maquillaje de tu rostro y ofrecer un efecto de limpieza profunda sin da\u00f1ar ni irritar tu piel. Cons\u00edguelo en My Lip Filler para nutrir e hidratar tu piel.<\/p>","protected":false},"featured_media":4347,"template":"","meta":{"_acf_changed":false},"product_brand":[],"product_cat":[59,165,57],"product_tag":[111,137],"class_list":{"0":"post-4361","1":"product","2":"type-product","3":"status-publish","4":"has-post-thumbnail","6":"product_cat-basic-science","7":"product_cat-medians","8":"product_cat-skin-care","9":"product_tag-face","10":"product_tag-south-korea","12":"first","13":"outofstock","14":"taxable","15":"shipping-taxable","16":"purchasable","17":"product-type-simple"},"acf":[],"yoast_head":"<!-- This site is optimized with the Yoast SEO plugin v27.4 - https:\/\/yoast.com\/product\/yoast-seo-wordpress\/ -->\n<title>Buy Basic Science Histo Point Remover 500ml - Fillers from My Lip Filler<\/title>\n<meta name=\"description\" content=\"\u2765Buy Basic Science Histo Point Remover 500ml \u23e9 My Lip Filler online store \u27a6 Quality assurance, reviews, ingredients, best prices!\" \/>\n<meta name=\"robots\" content=\"index, follow, max-snippet:-1, max-image-preview:large, max-video-preview:-1\" \/>\n<link rel=\"canonical\" href=\"https:\/\/mylipfiller.com\/es\/basic-science-histo-point-remover-500ml\/\" \/>\n<meta property=\"og:locale\" content=\"es_MX\" \/>\n<meta property=\"og:type\" content=\"article\" \/>\n<meta property=\"og:title\" content=\"Buy Basic Science Histo Point Remover 500ml - Fillers from My Lip Filler\" \/>\n<meta property=\"og:description\" content=\"\u2765Buy Basic Science Histo Point Remover 500ml \u23e9 My Lip Filler online store \u27a6 Quality assurance, reviews, ingredients, best prices!\" \/>\n<meta property=\"og:url\" content=\"https:\/\/mylipfiller.com\/es\/basic-science-histo-point-remover-500ml\/\" \/>\n<meta property=\"og:site_name\" content=\"My Lip Filler\" \/>\n<meta property=\"article:modified_time\" content=\"2024-07-03T15:32:38+00:00\" \/>\n<meta property=\"og:image\" content=\"https:\/\/cdn.mylipfiller.com\/wp-content\/uploads\/2019\/08\/HISTO-Point-Remover.jpg\" \/>\n\t<meta property=\"og:image:width\" content=\"600\" \/>\n\t<meta property=\"og:image:height\" content=\"600\" \/>\n\t<meta property=\"og:image:type\" content=\"image\/jpeg\" \/>\n<meta name=\"twitter:card\" content=\"summary_large_image\" \/>\n<meta name=\"twitter:label1\" content=\"Tiempo de lectura\" \/>\n\t<meta name=\"twitter:data1\" content=\"2 minutos\" \/>\n<script type=\"application\/ld+json\" class=\"yoast-schema-graph\">{\"@context\":\"https:\\\/\\\/schema.org\",\"@graph\":[{\"@type\":\"WebPage\",\"@id\":\"https:\\\/\\\/mylipfiller.com\\\/basic-science-histo-point-remover-500ml\\\/\",\"url\":\"https:\\\/\\\/mylipfiller.com\\\/basic-science-histo-point-remover-500ml\\\/\",\"name\":\"Buy Basic Science Histo Point Remover 500ml - Fillers from My Lip Filler\",\"isPartOf\":{\"@id\":\"https:\\\/\\\/mylipfiller.com\\\/#website\"},\"primaryImageOfPage\":{\"@id\":\"https:\\\/\\\/mylipfiller.com\\\/basic-science-histo-point-remover-500ml\\\/#primaryimage\"},\"image\":{\"@id\":\"https:\\\/\\\/mylipfiller.com\\\/basic-science-histo-point-remover-500ml\\\/#primaryimage\"},\"thumbnailUrl\":\"https:\\\/\\\/mylipfiller.com\\\/wp-content\\\/uploads\\\/2019\\\/08\\\/HISTO-Point-Remover.jpg\",\"datePublished\":\"2019-08-21T08:55:14+00:00\",\"dateModified\":\"2024-07-03T15:32:38+00:00\",\"description\":\"\u2765Buy Basic Science Histo Point Remover 500ml \u23e9 My Lip Filler online store \u27a6 Quality assurance, reviews, ingredients, best prices!\",\"breadcrumb\":{\"@id\":\"https:\\\/\\\/mylipfiller.com\\\/basic-science-histo-point-remover-500ml\\\/#breadcrumb\"},\"inLanguage\":\"es\",\"potentialAction\":[{\"@type\":\"ReadAction\",\"target\":[\"https:\\\/\\\/mylipfiller.com\\\/basic-science-histo-point-remover-500ml\\\/\"]}]},{\"@type\":\"ImageObject\",\"inLanguage\":\"es\",\"@id\":\"https:\\\/\\\/mylipfiller.com\\\/basic-science-histo-point-remover-500ml\\\/#primaryimage\",\"url\":\"https:\\\/\\\/mylipfiller.com\\\/wp-content\\\/uploads\\\/2019\\\/08\\\/HISTO-Point-Remover.jpg\",\"contentUrl\":\"https:\\\/\\\/mylipfiller.com\\\/wp-content\\\/uploads\\\/2019\\\/08\\\/HISTO-Point-Remover.jpg\",\"width\":600,\"height\":600,\"caption\":\"HISTO Point Remover\"},{\"@type\":\"BreadcrumbList\",\"@id\":\"https:\\\/\\\/mylipfiller.com\\\/basic-science-histo-point-remover-500ml\\\/#breadcrumb\",\"itemListElement\":[{\"@type\":\"ListItem\",\"position\":1,\"name\":\"Home\",\"item\":\"https:\\\/\\\/mylipfiller.com\\\/\"},{\"@type\":\"ListItem\",\"position\":2,\"name\":\"Shop\",\"item\":\"https:\\\/\\\/mylipfiller.com\\\/shop\\\/\"},{\"@type\":\"ListItem\",\"position\":3,\"name\":\"Basic Science Histo Point Remover 500ml\"}]},{\"@type\":\"WebSite\",\"@id\":\"https:\\\/\\\/mylipfiller.com\\\/#website\",\"url\":\"https:\\\/\\\/mylipfiller.com\\\/\",\"name\":\"My Lip Filler\",\"description\":\"Hyaluronic Acid Lip and Dermal Fillers\",\"publisher\":{\"@id\":\"https:\\\/\\\/mylipfiller.com\\\/#organization\"},\"potentialAction\":[{\"@type\":\"SearchAction\",\"target\":{\"@type\":\"EntryPoint\",\"urlTemplate\":\"https:\\\/\\\/mylipfiller.com\\\/?s={search_term_string}\"},\"query-input\":{\"@type\":\"PropertyValueSpecification\",\"valueRequired\":true,\"valueName\":\"search_term_string\"}}],\"inLanguage\":\"es\"},{\"@type\":\"Organization\",\"@id\":\"https:\\\/\\\/mylipfiller.com\\\/#organization\",\"name\":\"My Lip Filler\",\"url\":\"https:\\\/\\\/mylipfiller.com\\\/\",\"logo\":{\"@type\":\"ImageObject\",\"inLanguage\":\"es\",\"@id\":\"https:\\\/\\\/mylipfiller.com\\\/#\\\/schema\\\/logo\\\/image\\\/\",\"url\":\"https:\\\/\\\/mylipfiller.com\\\/wp-content\\\/uploads\\\/2019\\\/02\\\/cropped-My-Lip-Filler-Logo.png\",\"contentUrl\":\"https:\\\/\\\/mylipfiller.com\\\/wp-content\\\/uploads\\\/2019\\\/02\\\/cropped-My-Lip-Filler-Logo.png\",\"width\":240,\"height\":88,\"caption\":\"My Lip Filler\"},\"image\":{\"@id\":\"https:\\\/\\\/mylipfiller.com\\\/#\\\/schema\\\/logo\\\/image\\\/\"}}]}<\/script>\n<!-- \/ Yoast SEO plugin. -->","yoast_head_json":{"title":"Comprar Basic Science Histo Removedor de Puntos 500ml - Rellenos de My Lip Filler","description":"\u2765Comprar Basic Science Histo Removedor de Puntos 500ml \u23e9 Tienda online My Lip Filler \u27a6 Garant\u00eda de calidad, opiniones, ingredientes, \u00a1los mejores precios!","robots":{"index":"index","follow":"follow","max-snippet":"max-snippet:-1","max-image-preview":"max-image-preview:large","max-video-preview":"max-video-preview:-1"},"canonical":"https:\/\/mylipfiller.com\/es\/basic-science-histo-point-remover-500ml\/","og_locale":"es_MX","og_type":"article","og_title":"Buy Basic Science Histo Point Remover 500ml - Fillers from My Lip Filler","og_description":"\u2765Buy Basic Science Histo Point Remover 500ml \u23e9 My Lip Filler online store \u27a6 Quality assurance, reviews, ingredients, best prices!","og_url":"https:\/\/mylipfiller.com\/es\/basic-science-histo-point-remover-500ml\/","og_site_name":"My Lip Filler","article_modified_time":"2024-07-03T15:32:38+00:00","og_image":[{"width":600,"height":600,"url":"https:\/\/cdn.mylipfiller.com\/wp-content\/uploads\/2019\/08\/HISTO-Point-Remover.jpg","type":"image\/jpeg"}],"twitter_card":"summary_large_image","twitter_misc":{"Tiempo de lectura":"2 minutos"},"schema":{"@context":"https:\/\/schema.org","@graph":[{"@type":"WebPage","@id":"https:\/\/mylipfiller.com\/basic-science-histo-point-remover-500ml\/","url":"https:\/\/mylipfiller.com\/basic-science-histo-point-remover-500ml\/","name":"Comprar Basic Science Histo Removedor de Puntos 500ml - Rellenos de My Lip Filler","isPartOf":{"@id":"https:\/\/mylipfiller.com\/#website"},"primaryImageOfPage":{"@id":"https:\/\/mylipfiller.com\/basic-science-histo-point-remover-500ml\/#primaryimage"},"image":{"@id":"https:\/\/mylipfiller.com\/basic-science-histo-point-remover-500ml\/#primaryimage"},"thumbnailUrl":"https:\/\/cdn.mylipfiller.com\/wp-content\/uploads\/2019\/08\/HISTO-Point-Remover.jpg","datePublished":"2019-08-21T08:55:14+00:00","dateModified":"2024-07-03T15:32:38+00:00","description":"\u2765Comprar Basic Science Histo Removedor de Puntos 500ml \u23e9 Tienda online My Lip Filler \u27a6 Garant\u00eda de calidad, opiniones, ingredientes, \u00a1los mejores precios!","breadcrumb":{"@id":"https:\/\/mylipfiller.com\/basic-science-histo-point-remover-500ml\/#breadcrumb"},"inLanguage":"es","potentialAction":[{"@type":"ReadAction","target":["https:\/\/mylipfiller.com\/basic-science-histo-point-remover-500ml\/"]}]},{"@type":"ImageObject","inLanguage":"es","@id":"https:\/\/mylipfiller.com\/basic-science-histo-point-remover-500ml\/#primaryimage","url":"https:\/\/cdn.mylipfiller.com\/wp-content\/uploads\/2019\/08\/HISTO-Point-Remover.jpg","contentUrl":"https:\/\/cdn.mylipfiller.com\/wp-content\/uploads\/2019\/08\/HISTO-Point-Remover.jpg","width":600,"height":600,"caption":"HISTO Point Remover"},{"@type":"BreadcrumbList","@id":"https:\/\/mylipfiller.com\/basic-science-histo-point-remover-500ml\/#breadcrumb","itemListElement":[{"@type":"ListItem","position":1,"name":"Home","item":"https:\/\/mylipfiller.com\/"},{"@type":"ListItem","position":2,"name":"Shop","item":"https:\/\/mylipfiller.com\/shop\/"},{"@type":"ListItem","position":3,"name":"Basic Science Histo Point Remover 500ml"}]},{"@type":"WebSite","@id":"https:\/\/mylipfiller.com\/#website","url":"https:\/\/mylipfiller.com\/","name":"Mi relleno de labios","description":"Rellenos d\u00e9rmicos y de labios con \u00e1cido hialur\u00f3nico","publisher":{"@id":"https:\/\/mylipfiller.com\/#organization"},"potentialAction":[{"@type":"SearchAction","target":{"@type":"EntryPoint","urlTemplate":"https:\/\/mylipfiller.com\/?s={search_term_string}"},"query-input":{"@type":"PropertyValueSpecification","valueRequired":true,"valueName":"search_term_string"}}],"inLanguage":"es"},{"@type":"Organization","@id":"https:\/\/mylipfiller.com\/#organization","name":"Mi relleno de labios","url":"https:\/\/mylipfiller.com\/","logo":{"@type":"ImageObject","inLanguage":"es","@id":"https:\/\/mylipfiller.com\/#\/schema\/logo\/image\/","url":"https:\/\/cdn.mylipfiller.com\/wp-content\/uploads\/2019\/02\/cropped-My-Lip-Filler-Logo.png","contentUrl":"https:\/\/cdn.mylipfiller.com\/wp-content\/uploads\/2019\/02\/cropped-My-Lip-Filler-Logo.png","width":240,"height":88,"caption":"My Lip Filler"},"image":{"@id":"https:\/\/mylipfiller.com\/#\/schema\/logo\/image\/"}}]}},"_links":{"self":[{"href":"https:\/\/mylipfiller.com\/es\/wp-json\/wp\/v2\/product\/4361","targetHints":{"allow":["GET"]}}],"collection":[{"href":"https:\/\/mylipfiller.com\/es\/wp-json\/wp\/v2\/product"}],"about":[{"href":"https:\/\/mylipfiller.com\/es\/wp-json\/wp\/v2\/types\/product"}],"wp:featuredmedia":[{"embeddable":true,"href":"https:\/\/mylipfiller.com\/es\/wp-json\/wp\/v2\/media\/4347"}],"wp:attachment":[{"href":"https:\/\/mylipfiller.com\/es\/wp-json\/wp\/v2\/media?parent=4361"}],"wp:term":[{"taxonomy":"product_brand","embeddable":true,"href":"https:\/\/mylipfiller.com\/es\/wp-json\/wp\/v2\/product_brand?post=4361"},{"taxonomy":"product_cat","embeddable":true,"href":"https:\/\/mylipfiller.com\/es\/wp-json\/wp\/v2\/product_cat?post=4361"},{"taxonomy":"product_tag","embeddable":true,"href":"https:\/\/mylipfiller.com\/es\/wp-json\/wp\/v2\/product_tag?post=4361"}],"curies":[{"name":"gracias","href":"https:\/\/api.w.org\/{rel}","templated":true}]}}