{"id":4362,"date":"2019-08-21T10:55:14","date_gmt":"2019-08-21T08:55:14","guid":{"rendered":"https:\/\/mylipfiller.com\/?post_type=product&#038;p=4362"},"modified":"2024-07-03T17:32:38","modified_gmt":"2024-07-03T15:32:38","slug":"basic-science-histo-sebum-catch-cream-mask-250g","status":"publish","type":"product","link":"https:\/\/mylipfiller.com\/es\/basic-science-histo-sebum-catch-cream-mask-250g\/","title":{"rendered":"Mascarilla en crema Basic Science Histo Sebum Catch 250g"},"content":{"rendered":"<h3>Una mascarilla en crema de primera calidad que trata la piel grasa<\/h3>\n<p>La serie de Ciencias B\u00e1sicas de Histolab se compone principalmente de productos cosm\u00e9ticos de primer nivel que se pueden utilizar de forma segura en todo tipo de piel. <em>Mascarilla en crema Basic Science Histo Sebum Catch<\/em>, sin embargo, es una de las soluciones para el cuidado de la piel m\u00e1s especializadas y cuidadosamente dise\u00f1adas de esa gama, ya que est\u00e1 dise\u00f1ada espec\u00edficamente para tratar a pacientes con piel grasa mediante:<\/p>\n<ul>\n<li>Reducir considerablemente la producci\u00f3n de sebo.<\/li>\n<li>Mejora r\u00e1pidamente los niveles de hidrataci\u00f3n de la piel.<\/li>\n<li>Equilibra y preserva f\u00e1cilmente los niveles normales de producci\u00f3n de sebo<\/li>\n<li>Limpiar a fondo los poros<\/li>\n<\/ul>\n<p>Con su mezcla de p\u00e9ptidos, extractos de plantas, beta-glucanos y una f\u00f3rmula patentada SRGF H1, esta innovadora mascarilla facial no presenta riesgo de efectos secundarios. Eso <u>mejora en gran medida la elasticidad y el aspecto de la piel<\/u> y le proporciona una protecci\u00f3n adicional contra los factores ambientales.<\/p>\n<h3>Efectos sorprendentemente refrescantes y refrescantes<\/h3>\n<p>Basic Science Histo Sebum Catch Cream Mask le dar\u00e1 a la piel grasa e irritada justo lo que necesita: una sensaci\u00f3n fresca, refrescante y relajante porque tambi\u00e9n <strong>contiene metanol<\/strong>. Esta sustancia sin riesgos es famosa por sus excepcionales propiedades tensadoras de la piel. Por lo tanto, esta mascarilla mejorada para el cuidado de la piel <em>abordar tres problemas a la vez<\/em> - producci\u00f3n excesiva de sebo, irritaciones cut\u00e1neas y piel fl\u00e1cida. Para disfrutar de los mejores resultados posibles, este producto debe aplicarse sobre la piel limpia. D\u00e9jelo actuar durante 15 minutos, despu\u00e9s de lo cual puede enjuagarlo de la cara con agua ligeramente tibia.<\/p>","protected":false},"excerpt":{"rendered":"<p>Nosotros, de My Lip Filler, estamos felices de presentarles a nuestros clientes lo \u00faltimo e incre\u00edblemente <em>soluci\u00f3n eficaz para el cuidado de la piel para pieles grasas<\/em> - Mascarilla en crema Basic Science Histo Sebum Catch 250g. Se puede aplicar incluso en pieles sensibles para limpiar r\u00e1pidamente los poros obstruidos y mejorar la hidrataci\u00f3n de la piel devolvi\u00e9ndola a sus niveles naturales y saludables. Esta mascarilla en crema amigable para el paciente tambi\u00e9n contiene metanol para una sensaci\u00f3n refrescante despu\u00e9s del tratamiento.<\/p>","protected":false},"featured_media":4357,"template":"","meta":{"_acf_changed":false},"product_brand":[],"product_cat":[59,165,57],"product_tag":[111,137],"class_list":{"0":"post-4362","1":"product","2":"type-product","3":"status-publish","4":"has-post-thumbnail","6":"product_cat-basic-science","7":"product_cat-medians","8":"product_cat-skin-care","9":"product_tag-face","10":"product_tag-south-korea","12":"first","13":"outofstock","14":"taxable","15":"shipping-taxable","16":"purchasable","17":"product-type-simple"},"acf":[],"yoast_head":"<!-- This site is optimized with the Yoast SEO plugin v27.4 - https:\/\/yoast.com\/product\/yoast-seo-wordpress\/ -->\n<title>Buy Basic Science Histo Sebum Catch Cream Mask 250g - Fillers from My Lip Filler<\/title>\n<meta name=\"description\" content=\"\u2765Buy Basic Science Histo Sebum Catch Cream Mask 250g \u23e9 My Lip Filler online store \u27a6 Quality assurance, reviews, ingredients, best prices!\" \/>\n<meta name=\"robots\" content=\"index, follow, max-snippet:-1, max-image-preview:large, max-video-preview:-1\" \/>\n<link rel=\"canonical\" href=\"https:\/\/mylipfiller.com\/es\/basic-science-histo-sebum-catch-cream-mask-250g\/\" \/>\n<meta property=\"og:locale\" content=\"es_MX\" \/>\n<meta property=\"og:type\" content=\"article\" \/>\n<meta property=\"og:title\" content=\"Buy Basic Science Histo Sebum Catch Cream Mask 250g - Fillers from My Lip Filler\" \/>\n<meta property=\"og:description\" content=\"\u2765Buy Basic Science Histo Sebum Catch Cream Mask 250g \u23e9 My Lip Filler online store \u27a6 Quality assurance, reviews, ingredients, best prices!\" \/>\n<meta property=\"og:url\" content=\"https:\/\/mylipfiller.com\/es\/basic-science-histo-sebum-catch-cream-mask-250g\/\" \/>\n<meta property=\"og:site_name\" content=\"My Lip Filler\" \/>\n<meta property=\"article:modified_time\" content=\"2024-07-03T15:32:38+00:00\" \/>\n<meta property=\"og:image\" content=\"https:\/\/cdn.mylipfiller.com\/wp-content\/uploads\/2019\/08\/Sebum-Catch-Cream-mask.jpg\" \/>\n\t<meta property=\"og:image:width\" content=\"600\" \/>\n\t<meta property=\"og:image:height\" content=\"600\" \/>\n\t<meta property=\"og:image:type\" content=\"image\/jpeg\" \/>\n<meta name=\"twitter:card\" content=\"summary_large_image\" \/>\n<meta name=\"twitter:label1\" content=\"Tiempo de lectura\" \/>\n\t<meta name=\"twitter:data1\" content=\"2 minutos\" \/>\n<script type=\"application\/ld+json\" class=\"yoast-schema-graph\">{\"@context\":\"https:\\\/\\\/schema.org\",\"@graph\":[{\"@type\":\"WebPage\",\"@id\":\"https:\\\/\\\/mylipfiller.com\\\/basic-science-histo-sebum-catch-cream-mask-250g\\\/\",\"url\":\"https:\\\/\\\/mylipfiller.com\\\/basic-science-histo-sebum-catch-cream-mask-250g\\\/\",\"name\":\"Buy Basic Science Histo Sebum Catch Cream Mask 250g - Fillers from My Lip Filler\",\"isPartOf\":{\"@id\":\"https:\\\/\\\/mylipfiller.com\\\/#website\"},\"primaryImageOfPage\":{\"@id\":\"https:\\\/\\\/mylipfiller.com\\\/basic-science-histo-sebum-catch-cream-mask-250g\\\/#primaryimage\"},\"image\":{\"@id\":\"https:\\\/\\\/mylipfiller.com\\\/basic-science-histo-sebum-catch-cream-mask-250g\\\/#primaryimage\"},\"thumbnailUrl\":\"https:\\\/\\\/mylipfiller.com\\\/wp-content\\\/uploads\\\/2019\\\/08\\\/Sebum-Catch-Cream-mask.jpg\",\"datePublished\":\"2019-08-21T08:55:14+00:00\",\"dateModified\":\"2024-07-03T15:32:38+00:00\",\"description\":\"\u2765Buy Basic Science Histo Sebum Catch Cream Mask 250g \u23e9 My Lip Filler online store \u27a6 Quality assurance, reviews, ingredients, best prices!\",\"breadcrumb\":{\"@id\":\"https:\\\/\\\/mylipfiller.com\\\/basic-science-histo-sebum-catch-cream-mask-250g\\\/#breadcrumb\"},\"inLanguage\":\"es\",\"potentialAction\":[{\"@type\":\"ReadAction\",\"target\":[\"https:\\\/\\\/mylipfiller.com\\\/basic-science-histo-sebum-catch-cream-mask-250g\\\/\"]}]},{\"@type\":\"ImageObject\",\"inLanguage\":\"es\",\"@id\":\"https:\\\/\\\/mylipfiller.com\\\/basic-science-histo-sebum-catch-cream-mask-250g\\\/#primaryimage\",\"url\":\"https:\\\/\\\/mylipfiller.com\\\/wp-content\\\/uploads\\\/2019\\\/08\\\/Sebum-Catch-Cream-mask.jpg\",\"contentUrl\":\"https:\\\/\\\/mylipfiller.com\\\/wp-content\\\/uploads\\\/2019\\\/08\\\/Sebum-Catch-Cream-mask.jpg\",\"width\":600,\"height\":600,\"caption\":\"Sebum Catch Cream Mask\"},{\"@type\":\"BreadcrumbList\",\"@id\":\"https:\\\/\\\/mylipfiller.com\\\/basic-science-histo-sebum-catch-cream-mask-250g\\\/#breadcrumb\",\"itemListElement\":[{\"@type\":\"ListItem\",\"position\":1,\"name\":\"Home\",\"item\":\"https:\\\/\\\/mylipfiller.com\\\/\"},{\"@type\":\"ListItem\",\"position\":2,\"name\":\"Shop\",\"item\":\"https:\\\/\\\/mylipfiller.com\\\/shop\\\/\"},{\"@type\":\"ListItem\",\"position\":3,\"name\":\"Basic Science Histo Sebum Catch Cream Mask 250g\"}]},{\"@type\":\"WebSite\",\"@id\":\"https:\\\/\\\/mylipfiller.com\\\/#website\",\"url\":\"https:\\\/\\\/mylipfiller.com\\\/\",\"name\":\"My Lip Filler\",\"description\":\"Hyaluronic Acid Lip and Dermal Fillers\",\"publisher\":{\"@id\":\"https:\\\/\\\/mylipfiller.com\\\/#organization\"},\"potentialAction\":[{\"@type\":\"SearchAction\",\"target\":{\"@type\":\"EntryPoint\",\"urlTemplate\":\"https:\\\/\\\/mylipfiller.com\\\/?s={search_term_string}\"},\"query-input\":{\"@type\":\"PropertyValueSpecification\",\"valueRequired\":true,\"valueName\":\"search_term_string\"}}],\"inLanguage\":\"es\"},{\"@type\":\"Organization\",\"@id\":\"https:\\\/\\\/mylipfiller.com\\\/#organization\",\"name\":\"My Lip Filler\",\"url\":\"https:\\\/\\\/mylipfiller.com\\\/\",\"logo\":{\"@type\":\"ImageObject\",\"inLanguage\":\"es\",\"@id\":\"https:\\\/\\\/mylipfiller.com\\\/#\\\/schema\\\/logo\\\/image\\\/\",\"url\":\"https:\\\/\\\/mylipfiller.com\\\/wp-content\\\/uploads\\\/2019\\\/02\\\/cropped-My-Lip-Filler-Logo.png\",\"contentUrl\":\"https:\\\/\\\/mylipfiller.com\\\/wp-content\\\/uploads\\\/2019\\\/02\\\/cropped-My-Lip-Filler-Logo.png\",\"width\":240,\"height\":88,\"caption\":\"My Lip Filler\"},\"image\":{\"@id\":\"https:\\\/\\\/mylipfiller.com\\\/#\\\/schema\\\/logo\\\/image\\\/\"}}]}<\/script>\n<!-- \/ Yoast SEO plugin. -->","yoast_head_json":{"title":"Comprar Basic Science Histo Sebum Catch Cream Mask 250g - Rellenos de My Lip Filler","description":"\u2765Compra Basic Science Histo Mascarilla Crema Captura Sebo 250g \u23e9 Tienda online My Lip Filler \u27a6 Garant\u00eda de calidad, rese\u00f1as, ingredientes, \u00a1los mejores precios!","robots":{"index":"index","follow":"follow","max-snippet":"max-snippet:-1","max-image-preview":"max-image-preview:large","max-video-preview":"max-video-preview:-1"},"canonical":"https:\/\/mylipfiller.com\/es\/basic-science-histo-sebum-catch-cream-mask-250g\/","og_locale":"es_MX","og_type":"article","og_title":"Buy Basic Science Histo Sebum Catch Cream Mask 250g - Fillers from My Lip Filler","og_description":"\u2765Buy Basic Science Histo Sebum Catch Cream Mask 250g \u23e9 My Lip Filler online store \u27a6 Quality assurance, reviews, ingredients, best prices!","og_url":"https:\/\/mylipfiller.com\/es\/basic-science-histo-sebum-catch-cream-mask-250g\/","og_site_name":"My Lip Filler","article_modified_time":"2024-07-03T15:32:38+00:00","og_image":[{"width":600,"height":600,"url":"https:\/\/cdn.mylipfiller.com\/wp-content\/uploads\/2019\/08\/Sebum-Catch-Cream-mask.jpg","type":"image\/jpeg"}],"twitter_card":"summary_large_image","twitter_misc":{"Tiempo de lectura":"2 minutos"},"schema":{"@context":"https:\/\/schema.org","@graph":[{"@type":"WebPage","@id":"https:\/\/mylipfiller.com\/basic-science-histo-sebum-catch-cream-mask-250g\/","url":"https:\/\/mylipfiller.com\/basic-science-histo-sebum-catch-cream-mask-250g\/","name":"Comprar Basic Science Histo Sebum Catch Cream Mask 250g - Rellenos de My Lip Filler","isPartOf":{"@id":"https:\/\/mylipfiller.com\/#website"},"primaryImageOfPage":{"@id":"https:\/\/mylipfiller.com\/basic-science-histo-sebum-catch-cream-mask-250g\/#primaryimage"},"image":{"@id":"https:\/\/mylipfiller.com\/basic-science-histo-sebum-catch-cream-mask-250g\/#primaryimage"},"thumbnailUrl":"https:\/\/cdn.mylipfiller.com\/wp-content\/uploads\/2019\/08\/Sebum-Catch-Cream-mask.jpg","datePublished":"2019-08-21T08:55:14+00:00","dateModified":"2024-07-03T15:32:38+00:00","description":"\u2765Compra Basic Science Histo Mascarilla Crema Captura Sebo 250g \u23e9 Tienda online My Lip Filler \u27a6 Garant\u00eda de calidad, rese\u00f1as, ingredientes, \u00a1los mejores precios!","breadcrumb":{"@id":"https:\/\/mylipfiller.com\/basic-science-histo-sebum-catch-cream-mask-250g\/#breadcrumb"},"inLanguage":"es","potentialAction":[{"@type":"ReadAction","target":["https:\/\/mylipfiller.com\/basic-science-histo-sebum-catch-cream-mask-250g\/"]}]},{"@type":"ImageObject","inLanguage":"es","@id":"https:\/\/mylipfiller.com\/basic-science-histo-sebum-catch-cream-mask-250g\/#primaryimage","url":"https:\/\/cdn.mylipfiller.com\/wp-content\/uploads\/2019\/08\/Sebum-Catch-Cream-mask.jpg","contentUrl":"https:\/\/cdn.mylipfiller.com\/wp-content\/uploads\/2019\/08\/Sebum-Catch-Cream-mask.jpg","width":600,"height":600,"caption":"Sebum Catch Cream Mask"},{"@type":"BreadcrumbList","@id":"https:\/\/mylipfiller.com\/basic-science-histo-sebum-catch-cream-mask-250g\/#breadcrumb","itemListElement":[{"@type":"ListItem","position":1,"name":"Home","item":"https:\/\/mylipfiller.com\/"},{"@type":"ListItem","position":2,"name":"Shop","item":"https:\/\/mylipfiller.com\/shop\/"},{"@type":"ListItem","position":3,"name":"Basic Science Histo Sebum Catch Cream Mask 250g"}]},{"@type":"WebSite","@id":"https:\/\/mylipfiller.com\/#website","url":"https:\/\/mylipfiller.com\/","name":"Mi relleno de labios","description":"Rellenos d\u00e9rmicos y de labios con \u00e1cido hialur\u00f3nico","publisher":{"@id":"https:\/\/mylipfiller.com\/#organization"},"potentialAction":[{"@type":"SearchAction","target":{"@type":"EntryPoint","urlTemplate":"https:\/\/mylipfiller.com\/?s={search_term_string}"},"query-input":{"@type":"PropertyValueSpecification","valueRequired":true,"valueName":"search_term_string"}}],"inLanguage":"es"},{"@type":"Organization","@id":"https:\/\/mylipfiller.com\/#organization","name":"Mi relleno de labios","url":"https:\/\/mylipfiller.com\/","logo":{"@type":"ImageObject","inLanguage":"es","@id":"https:\/\/mylipfiller.com\/#\/schema\/logo\/image\/","url":"https:\/\/cdn.mylipfiller.com\/wp-content\/uploads\/2019\/02\/cropped-My-Lip-Filler-Logo.png","contentUrl":"https:\/\/cdn.mylipfiller.com\/wp-content\/uploads\/2019\/02\/cropped-My-Lip-Filler-Logo.png","width":240,"height":88,"caption":"My Lip Filler"},"image":{"@id":"https:\/\/mylipfiller.com\/#\/schema\/logo\/image\/"}}]}},"_links":{"self":[{"href":"https:\/\/mylipfiller.com\/es\/wp-json\/wp\/v2\/product\/4362","targetHints":{"allow":["GET"]}}],"collection":[{"href":"https:\/\/mylipfiller.com\/es\/wp-json\/wp\/v2\/product"}],"about":[{"href":"https:\/\/mylipfiller.com\/es\/wp-json\/wp\/v2\/types\/product"}],"wp:featuredmedia":[{"embeddable":true,"href":"https:\/\/mylipfiller.com\/es\/wp-json\/wp\/v2\/media\/4357"}],"wp:attachment":[{"href":"https:\/\/mylipfiller.com\/es\/wp-json\/wp\/v2\/media?parent=4362"}],"wp:term":[{"taxonomy":"product_brand","embeddable":true,"href":"https:\/\/mylipfiller.com\/es\/wp-json\/wp\/v2\/product_brand?post=4362"},{"taxonomy":"product_cat","embeddable":true,"href":"https:\/\/mylipfiller.com\/es\/wp-json\/wp\/v2\/product_cat?post=4362"},{"taxonomy":"product_tag","embeddable":true,"href":"https:\/\/mylipfiller.com\/es\/wp-json\/wp\/v2\/product_tag?post=4362"}],"curies":[{"name":"gracias","href":"https:\/\/api.w.org\/{rel}","templated":true}]}}