{"id":4365,"date":"2019-08-21T10:55:13","date_gmt":"2019-08-21T08:55:13","guid":{"rendered":"https:\/\/mylipfiller.com\/?post_type=product&#038;p=4365"},"modified":"2024-07-03T17:32:38","modified_gmt":"2024-07-03T15:32:38","slug":"basic-science-ion-to-p-bio-placenta-20ml-x-50-vial","status":"publish","type":"product","link":"https:\/\/mylipfiller.com\/es\/basic-science-ion-to-p-bio-placenta-20ml-x-50-vial\/","title":{"rendered":"Ciencia b\u00e1sica ION-TO P (BIO PLACENTA) - 20ml x 50 vial"},"content":{"rendered":"<h3>Tratamiento cut\u00e1neo de larga duraci\u00f3n centrado en la rehidrataci\u00f3n.<\/h3>\n<p>Un paquete de Basic Science ION-TO P (BIO PLACENTA) contiene 50 viales, cada uno de los cuales contiene 20 ml de este producto cosm\u00e9tico de vanguardia. La dosis recomendada para una sesi\u00f3n de tratamiento con este producto oscila entre 3-5 cc. Para aplicarlo, se recomienda a los esteticistas y dermat\u00f3logos calificados que conf\u00eden en una barra galv\u00e1nica de una m\u00e1quina de iontoforesis.<\/p>\n<p>Dado que el prop\u00f3sito principal de este confiable producto para el cuidado de la piel es hidratar la piel, est\u00e1 lleno de una gran cantidad de ingredientes conocidos por su <strong>potentes poderes hidratantes<\/strong>. Aquellos incluyen:<\/p>\n<ul>\n<li>Complejo SRGF H1 propio de Histolab (incluye extractos de 7 plantas)<\/li>\n<li>Prote\u00edna de ma\u00edz hidrolizada<\/li>\n<li>Extracto de fitoplacenta (soja)<\/li>\n<li>Extracto de hoja de eucalipto<\/li>\n<\/ul>\n<p>Con tantos agentes hidratantes en su f\u00f3rmula avanzada, esta soluci\u00f3n cosm\u00e9tica econ\u00f3mica nunca deja de proporcionar resultados duraderos. Esto se debe a que una piel bien hidratada se caracteriza por:<\/p>\n<ul>\n<li>Una elasticidad mejorada<\/li>\n<li>Un look m\u00e1s joven y saludable.<\/li>\n<li>Una textura m\u00e1s suave y tersa<\/li>\n<li>Reducci\u00f3n de la aparici\u00f3n de arrugas y l\u00edneas superficiales.<\/li>\n<\/ul>\n<p>Otro ingrediente que tambi\u00e9n se incluye en esta fant\u00e1stica mezcla es el Extracto de Fruta Citrus Junos que <u>entregar numerosos nutrientes beneficiosos a la piel<\/u>.<\/p>\n<h3>\u00bfQu\u00e9 tan seguro es este producto cosm\u00e9tico de primera clase?<\/h3>\n<p>Se ha demostrado que ION-TO P (BIO-PLACENTA) de ciencias b\u00e1sicas de Histolab es extremadamente seguro. Los pacientes no necesitan alarmarse con la palabra &quot;placenta&quot;. Este eficaz producto para el cuidado de la piel contiene n<em>placenta biol\u00f3gica humana derivada de plantas<\/em>.<\/p>","protected":false},"excerpt":{"rendered":"<p>La terapia de iontoforesis ahora puede ofrecer mejores y <u>hidrataci\u00f3n de la piel m\u00e1s duradera<\/u> resultados gracias a un producto cosm\u00e9tico especial de Histolab llamado Basic Science ION-TO P (BIO PLACENTA). Tiene propiedades de hidrataci\u00f3n tan impresionantes y dif\u00edciles de superar que incluso puede v<em>Reducir considerablemente la apariencia de l\u00edneas superficiales.<\/em> y finas arrugas. Si desea adquirir esta soluci\u00f3n de cuidado de la piel de alta calidad, conf\u00ede en nosotros, de My Lip Filler, y disfrutar\u00e1 de los precios m\u00e1s bajos posibles.<\/p>","protected":false},"featured_media":4372,"template":"","meta":{"_acf_changed":false},"product_brand":[],"product_cat":[59,165,57],"product_tag":[111,137],"class_list":{"0":"post-4365","1":"product","2":"type-product","3":"status-publish","4":"has-post-thumbnail","6":"product_cat-basic-science","7":"product_cat-medians","8":"product_cat-skin-care","9":"product_tag-face","10":"product_tag-south-korea","12":"first","13":"outofstock","14":"taxable","15":"shipping-taxable","16":"purchasable","17":"product-type-simple"},"acf":[],"yoast_head":"<!-- This site is optimized with the Yoast SEO plugin v27.3 - https:\/\/yoast.com\/product\/yoast-seo-wordpress\/ -->\n<title>Buy Basic Science ION-TO P (BIO PLACENTA) \u2013 20ml x 50 vial - Fillers from My Lip Filler<\/title>\n<meta name=\"description\" content=\"\u2765Buy Basic Science ION-TO P (BIO PLACENTA) \u2013 20ml x 50 vial \u23e9 My Lip Filler online store \u27a6 Quality assurance, reviews, ingredients, best prices!\" \/>\n<meta name=\"robots\" content=\"index, follow, max-snippet:-1, max-image-preview:large, max-video-preview:-1\" \/>\n<link rel=\"canonical\" href=\"https:\/\/mylipfiller.com\/es\/basic-science-ion-to-p-bio-placenta-20ml-x-50-vial\/\" \/>\n<meta property=\"og:locale\" content=\"es_MX\" \/>\n<meta property=\"og:type\" content=\"article\" \/>\n<meta property=\"og:title\" content=\"Buy Basic Science ION-TO P (BIO PLACENTA) \u2013 20ml x 50 vial - Fillers from My Lip Filler\" \/>\n<meta property=\"og:description\" content=\"\u2765Buy Basic Science ION-TO P (BIO PLACENTA) \u2013 20ml x 50 vial \u23e9 My Lip Filler online store \u27a6 Quality assurance, reviews, ingredients, best prices!\" \/>\n<meta property=\"og:url\" content=\"https:\/\/mylipfiller.com\/es\/basic-science-ion-to-p-bio-placenta-20ml-x-50-vial\/\" \/>\n<meta property=\"og:site_name\" content=\"My Lip Filler\" \/>\n<meta property=\"article:modified_time\" content=\"2024-07-03T15:32:38+00:00\" \/>\n<meta property=\"og:image\" content=\"https:\/\/cdn.mylipfiller.com\/wp-content\/uploads\/2019\/08\/Ionto-P.jpg\" \/>\n\t<meta property=\"og:image:width\" content=\"600\" \/>\n\t<meta property=\"og:image:height\" content=\"600\" \/>\n\t<meta property=\"og:image:type\" content=\"image\/jpeg\" \/>\n<meta name=\"twitter:card\" content=\"summary_large_image\" \/>\n<meta name=\"twitter:label1\" content=\"Tiempo de lectura\" \/>\n\t<meta name=\"twitter:data1\" content=\"2 minutos\" \/>\n<script type=\"application\/ld+json\" class=\"yoast-schema-graph\">{\"@context\":\"https:\\\/\\\/schema.org\",\"@graph\":[{\"@type\":\"WebPage\",\"@id\":\"https:\\\/\\\/mylipfiller.com\\\/basic-science-ion-to-p-bio-placenta-20ml-x-50-vial\\\/\",\"url\":\"https:\\\/\\\/mylipfiller.com\\\/basic-science-ion-to-p-bio-placenta-20ml-x-50-vial\\\/\",\"name\":\"Buy Basic Science ION-TO P (BIO PLACENTA) \u2013 20ml x 50 vial - Fillers from My Lip Filler\",\"isPartOf\":{\"@id\":\"https:\\\/\\\/mylipfiller.com\\\/#website\"},\"primaryImageOfPage\":{\"@id\":\"https:\\\/\\\/mylipfiller.com\\\/basic-science-ion-to-p-bio-placenta-20ml-x-50-vial\\\/#primaryimage\"},\"image\":{\"@id\":\"https:\\\/\\\/mylipfiller.com\\\/basic-science-ion-to-p-bio-placenta-20ml-x-50-vial\\\/#primaryimage\"},\"thumbnailUrl\":\"https:\\\/\\\/mylipfiller.com\\\/wp-content\\\/uploads\\\/2019\\\/08\\\/Ionto-P.jpg\",\"datePublished\":\"2019-08-21T08:55:13+00:00\",\"dateModified\":\"2024-07-03T15:32:38+00:00\",\"description\":\"\u2765Buy Basic Science ION-TO P (BIO PLACENTA) \u2013 20ml x 50 vial \u23e9 My Lip Filler online store \u27a6 Quality assurance, reviews, ingredients, best prices!\",\"breadcrumb\":{\"@id\":\"https:\\\/\\\/mylipfiller.com\\\/basic-science-ion-to-p-bio-placenta-20ml-x-50-vial\\\/#breadcrumb\"},\"inLanguage\":\"es\",\"potentialAction\":[{\"@type\":\"ReadAction\",\"target\":[\"https:\\\/\\\/mylipfiller.com\\\/basic-science-ion-to-p-bio-placenta-20ml-x-50-vial\\\/\"]}]},{\"@type\":\"ImageObject\",\"inLanguage\":\"es\",\"@id\":\"https:\\\/\\\/mylipfiller.com\\\/basic-science-ion-to-p-bio-placenta-20ml-x-50-vial\\\/#primaryimage\",\"url\":\"https:\\\/\\\/mylipfiller.com\\\/wp-content\\\/uploads\\\/2019\\\/08\\\/Ionto-P.jpg\",\"contentUrl\":\"https:\\\/\\\/mylipfiller.com\\\/wp-content\\\/uploads\\\/2019\\\/08\\\/Ionto-P.jpg\",\"width\":600,\"height\":600,\"caption\":\"Ionto P\"},{\"@type\":\"BreadcrumbList\",\"@id\":\"https:\\\/\\\/mylipfiller.com\\\/basic-science-ion-to-p-bio-placenta-20ml-x-50-vial\\\/#breadcrumb\",\"itemListElement\":[{\"@type\":\"ListItem\",\"position\":1,\"name\":\"Home\",\"item\":\"https:\\\/\\\/mylipfiller.com\\\/\"},{\"@type\":\"ListItem\",\"position\":2,\"name\":\"Shop\",\"item\":\"https:\\\/\\\/mylipfiller.com\\\/shop\\\/\"},{\"@type\":\"ListItem\",\"position\":3,\"name\":\"Basic Science ION-TO P (BIO PLACENTA) \u2013 20ml x 50 vial\"}]},{\"@type\":\"WebSite\",\"@id\":\"https:\\\/\\\/mylipfiller.com\\\/#website\",\"url\":\"https:\\\/\\\/mylipfiller.com\\\/\",\"name\":\"My Lip Filler\",\"description\":\"Hyaluronic Acid Lip and Dermal Fillers\",\"publisher\":{\"@id\":\"https:\\\/\\\/mylipfiller.com\\\/#organization\"},\"potentialAction\":[{\"@type\":\"SearchAction\",\"target\":{\"@type\":\"EntryPoint\",\"urlTemplate\":\"https:\\\/\\\/mylipfiller.com\\\/?s={search_term_string}\"},\"query-input\":{\"@type\":\"PropertyValueSpecification\",\"valueRequired\":true,\"valueName\":\"search_term_string\"}}],\"inLanguage\":\"es\"},{\"@type\":\"Organization\",\"@id\":\"https:\\\/\\\/mylipfiller.com\\\/#organization\",\"name\":\"My Lip Filler\",\"url\":\"https:\\\/\\\/mylipfiller.com\\\/\",\"logo\":{\"@type\":\"ImageObject\",\"inLanguage\":\"es\",\"@id\":\"https:\\\/\\\/mylipfiller.com\\\/#\\\/schema\\\/logo\\\/image\\\/\",\"url\":\"https:\\\/\\\/mylipfiller.com\\\/wp-content\\\/uploads\\\/2019\\\/02\\\/cropped-My-Lip-Filler-Logo.png\",\"contentUrl\":\"https:\\\/\\\/mylipfiller.com\\\/wp-content\\\/uploads\\\/2019\\\/02\\\/cropped-My-Lip-Filler-Logo.png\",\"width\":240,\"height\":88,\"caption\":\"My Lip Filler\"},\"image\":{\"@id\":\"https:\\\/\\\/mylipfiller.com\\\/#\\\/schema\\\/logo\\\/image\\\/\"}}]}<\/script>\n<!-- \/ Yoast SEO plugin. -->","yoast_head_json":{"title":"Comprar Basic Science ION-TO P (BIO PLACENTA) - 20ml x 50 viales - Rellenos de My Lip Filler","description":"\u2765Compra Basic Science ION-TO P (BIO PLACENTA) \u2013 20ml x 50 viales \u23e9 Tienda online My Lip Filler \u27a6 Garant\u00eda de calidad, rese\u00f1as, ingredientes, \u00a1los mejores precios!","robots":{"index":"index","follow":"follow","max-snippet":"max-snippet:-1","max-image-preview":"max-image-preview:large","max-video-preview":"max-video-preview:-1"},"canonical":"https:\/\/mylipfiller.com\/es\/basic-science-ion-to-p-bio-placenta-20ml-x-50-vial\/","og_locale":"es_MX","og_type":"article","og_title":"Buy Basic Science ION-TO P (BIO PLACENTA) \u2013 20ml x 50 vial - Fillers from My Lip Filler","og_description":"\u2765Buy Basic Science ION-TO P (BIO PLACENTA) \u2013 20ml x 50 vial \u23e9 My Lip Filler online store \u27a6 Quality assurance, reviews, ingredients, best prices!","og_url":"https:\/\/mylipfiller.com\/es\/basic-science-ion-to-p-bio-placenta-20ml-x-50-vial\/","og_site_name":"My Lip Filler","article_modified_time":"2024-07-03T15:32:38+00:00","og_image":[{"width":600,"height":600,"url":"https:\/\/cdn.mylipfiller.com\/wp-content\/uploads\/2019\/08\/Ionto-P.jpg","type":"image\/jpeg"}],"twitter_card":"summary_large_image","twitter_misc":{"Tiempo de lectura":"2 minutos"},"schema":{"@context":"https:\/\/schema.org","@graph":[{"@type":"WebPage","@id":"https:\/\/mylipfiller.com\/basic-science-ion-to-p-bio-placenta-20ml-x-50-vial\/","url":"https:\/\/mylipfiller.com\/basic-science-ion-to-p-bio-placenta-20ml-x-50-vial\/","name":"Comprar Basic Science ION-TO P (BIO PLACENTA) - 20ml x 50 viales - Rellenos de My Lip Filler","isPartOf":{"@id":"https:\/\/mylipfiller.com\/#website"},"primaryImageOfPage":{"@id":"https:\/\/mylipfiller.com\/basic-science-ion-to-p-bio-placenta-20ml-x-50-vial\/#primaryimage"},"image":{"@id":"https:\/\/mylipfiller.com\/basic-science-ion-to-p-bio-placenta-20ml-x-50-vial\/#primaryimage"},"thumbnailUrl":"https:\/\/cdn.mylipfiller.com\/wp-content\/uploads\/2019\/08\/Ionto-P.jpg","datePublished":"2019-08-21T08:55:13+00:00","dateModified":"2024-07-03T15:32:38+00:00","description":"\u2765Compra Basic Science ION-TO P (BIO PLACENTA) \u2013 20ml x 50 viales \u23e9 Tienda online My Lip Filler \u27a6 Garant\u00eda de calidad, rese\u00f1as, ingredientes, \u00a1los mejores precios!","breadcrumb":{"@id":"https:\/\/mylipfiller.com\/basic-science-ion-to-p-bio-placenta-20ml-x-50-vial\/#breadcrumb"},"inLanguage":"es","potentialAction":[{"@type":"ReadAction","target":["https:\/\/mylipfiller.com\/basic-science-ion-to-p-bio-placenta-20ml-x-50-vial\/"]}]},{"@type":"ImageObject","inLanguage":"es","@id":"https:\/\/mylipfiller.com\/basic-science-ion-to-p-bio-placenta-20ml-x-50-vial\/#primaryimage","url":"https:\/\/cdn.mylipfiller.com\/wp-content\/uploads\/2019\/08\/Ionto-P.jpg","contentUrl":"https:\/\/cdn.mylipfiller.com\/wp-content\/uploads\/2019\/08\/Ionto-P.jpg","width":600,"height":600,"caption":"Ionto P"},{"@type":"BreadcrumbList","@id":"https:\/\/mylipfiller.com\/basic-science-ion-to-p-bio-placenta-20ml-x-50-vial\/#breadcrumb","itemListElement":[{"@type":"ListItem","position":1,"name":"Home","item":"https:\/\/mylipfiller.com\/"},{"@type":"ListItem","position":2,"name":"Shop","item":"https:\/\/mylipfiller.com\/shop\/"},{"@type":"ListItem","position":3,"name":"Basic Science ION-TO P (BIO PLACENTA) \u2013 20ml x 50 vial"}]},{"@type":"WebSite","@id":"https:\/\/mylipfiller.com\/#website","url":"https:\/\/mylipfiller.com\/","name":"Mi relleno de labios","description":"Rellenos d\u00e9rmicos y de labios con \u00e1cido hialur\u00f3nico","publisher":{"@id":"https:\/\/mylipfiller.com\/#organization"},"potentialAction":[{"@type":"SearchAction","target":{"@type":"EntryPoint","urlTemplate":"https:\/\/mylipfiller.com\/?s={search_term_string}"},"query-input":{"@type":"PropertyValueSpecification","valueRequired":true,"valueName":"search_term_string"}}],"inLanguage":"es"},{"@type":"Organization","@id":"https:\/\/mylipfiller.com\/#organization","name":"Mi relleno de labios","url":"https:\/\/mylipfiller.com\/","logo":{"@type":"ImageObject","inLanguage":"es","@id":"https:\/\/mylipfiller.com\/#\/schema\/logo\/image\/","url":"https:\/\/cdn.mylipfiller.com\/wp-content\/uploads\/2019\/02\/cropped-My-Lip-Filler-Logo.png","contentUrl":"https:\/\/cdn.mylipfiller.com\/wp-content\/uploads\/2019\/02\/cropped-My-Lip-Filler-Logo.png","width":240,"height":88,"caption":"My Lip Filler"},"image":{"@id":"https:\/\/mylipfiller.com\/#\/schema\/logo\/image\/"}}]}},"_links":{"self":[{"href":"https:\/\/mylipfiller.com\/es\/wp-json\/wp\/v2\/product\/4365","targetHints":{"allow":["GET"]}}],"collection":[{"href":"https:\/\/mylipfiller.com\/es\/wp-json\/wp\/v2\/product"}],"about":[{"href":"https:\/\/mylipfiller.com\/es\/wp-json\/wp\/v2\/types\/product"}],"wp:featuredmedia":[{"embeddable":true,"href":"https:\/\/mylipfiller.com\/es\/wp-json\/wp\/v2\/media\/4372"}],"wp:attachment":[{"href":"https:\/\/mylipfiller.com\/es\/wp-json\/wp\/v2\/media?parent=4365"}],"wp:term":[{"taxonomy":"product_brand","embeddable":true,"href":"https:\/\/mylipfiller.com\/es\/wp-json\/wp\/v2\/product_brand?post=4365"},{"taxonomy":"product_cat","embeddable":true,"href":"https:\/\/mylipfiller.com\/es\/wp-json\/wp\/v2\/product_cat?post=4365"},{"taxonomy":"product_tag","embeddable":true,"href":"https:\/\/mylipfiller.com\/es\/wp-json\/wp\/v2\/product_tag?post=4365"}],"curies":[{"name":"gracias","href":"https:\/\/api.w.org\/{rel}","templated":true}]}}