{"id":4366,"date":"2019-08-21T10:55:13","date_gmt":"2019-08-21T08:55:13","guid":{"rendered":"https:\/\/mylipfiller.com\/?post_type=product&#038;p=4366"},"modified":"2024-07-03T17:32:39","modified_gmt":"2024-07-03T15:32:39","slug":"basic-science-ion-to-v-multi-vitamin-20ml-x-50ea","status":"publish","type":"product","link":"https:\/\/mylipfiller.com\/es\/basic-science-ion-to-v-multi-vitamin-20ml-x-50ea\/","title":{"rendered":"Ciencias b\u00e1sicas ION-TO V (MULTIVITAMINAS) - 20ml x 50ea"},"content":{"rendered":"<h3>Resultados anti-envejecimiento garantizados<\/h3>\n<p>Cada esteticista examinado le dir\u00e1 que la mejor manera de evitar el envejecimiento prematuro y ralentizar el paso del tiempo en lo que respecta al proceso de envejecimiento natural, es encontrar la manera de mantener su piel perfectamente hidratada y nutrida. Ciencia b\u00e1sica ION-TO (MULTI-VITAMIN) logra eso con 100% porque tiene <strong>Complejo SRGF H1<\/strong> en el n\u00facleo de su f\u00f3rmula avanzada. Este complejo caracter\u00edstico de Histolab tiene una notable capacidad hidratante. Cuando se combinan con todas las vitaminas, p\u00e9ptidos y minerales en la composici\u00f3n de este producto optimizado para el cuidado de la piel, aseguran que la piel no solo recuperar\u00e1 gradualmente su equilibrio h\u00eddrico normal, sino que tambi\u00e9n podr\u00e1 conservarlo. Otros efectos incre\u00edbles que ofrece este producto cosm\u00e9tico amigable para el paciente son:<\/p>\n<ul>\n<li><em>Elasticidad de la piel mejorada<\/em><\/li>\n<li><em>Una apariencia revitalizada<\/em><\/li>\n<li><em>Una sensaci\u00f3n relajante garantizada<\/em><\/li>\n<\/ul>\n<p>Otros ingredientes clave de este producto para el cuidado de la piel de venta r\u00e1pida son el betaglucano, el p\u00e9ptido acetilhexa, la elastina hidrolizada y un fant\u00e1stico c\u00f3ctel de nutrientes y multivitaminas (por ejemplo, vitaminas B5, B3, etc.).<\/p>\n<h3>La mejor forma de aplicar y utilizar Basic Science ION-TO V (MULTIVITAMIN)<\/h3>\n<p>Como todas las dem\u00e1s soluciones ION-TO de la l\u00ednea Basic Science de Histolab, esta est\u00e1 destinada a utilizarse durante los tratamientos de cuidado de la piel con iontoforesis. Para ofrecer mejores resultados es necesario que la piel lo absorba bien y para que eso suceda hay que aplicarlo con la gasa de iontoforesis galvin.<\/p>","protected":false},"excerpt":{"rendered":"<p>El camino m\u00e1s r\u00e1pido hacia una piel rejuvenecida est\u00e1 pavimentado con <u>poderosos nutrientes e hidrataci\u00f3n duradera<\/u>. Ciencia b\u00e1sica ION-TO V (MULTI-VITAMIN) hace ambas cosas como ning\u00fan otro producto cosm\u00e9tico de primera clase. La diferencia es que este ha sido dise\u00f1ado para ser <em>utilizado durante los tratamientos cosm\u00e9ticos de iontoforesis<\/em>. Desarrollada y producida por la ambiciosa compa\u00f1\u00eda surcoreana Histolab y distribuida y vendida My Lip Filler, esta soluci\u00f3n para el cuidado de la piel bien recomendada lo sorprender\u00e1 con sus insuperables efectos anti-envejecimiento.<\/p>","protected":false},"featured_media":4373,"template":"","meta":{"_acf_changed":false},"product_brand":[],"product_cat":[59,165,57],"product_tag":[111,137],"class_list":{"0":"post-4366","1":"product","2":"type-product","3":"status-publish","4":"has-post-thumbnail","6":"product_cat-basic-science","7":"product_cat-medians","8":"product_cat-skin-care","9":"product_tag-face","10":"product_tag-south-korea","12":"first","13":"outofstock","14":"taxable","15":"shipping-taxable","16":"purchasable","17":"product-type-simple"},"acf":[],"yoast_head":"<!-- This site is optimized with the Yoast SEO plugin v27.2 - https:\/\/yoast.com\/product\/yoast-seo-wordpress\/ -->\n<title>Buy Basic Science ION-TO V (MULTI-VITAMIN) \u2013 20ml x 50ea - Fillers from My Lip Filler<\/title>\n<meta name=\"description\" content=\"\u2765Buy Basic Science ION-TO V (MULTI-VITAMIN) \u2013 20ml x 50ea \u23e9 My Lip Filler online store \u27a6 Quality assurance, reviews, ingredients, best prices!\" \/>\n<meta name=\"robots\" content=\"index, follow, max-snippet:-1, max-image-preview:large, max-video-preview:-1\" \/>\n<link rel=\"canonical\" href=\"https:\/\/mylipfiller.com\/es\/basic-science-ion-to-v-multi-vitamin-20ml-x-50ea\/\" \/>\n<meta property=\"og:locale\" content=\"es_MX\" \/>\n<meta property=\"og:type\" content=\"article\" \/>\n<meta property=\"og:title\" content=\"Buy Basic Science ION-TO V (MULTI-VITAMIN) \u2013 20ml x 50ea - Fillers from My Lip Filler\" \/>\n<meta property=\"og:description\" content=\"\u2765Buy Basic Science ION-TO V (MULTI-VITAMIN) \u2013 20ml x 50ea \u23e9 My Lip Filler online store \u27a6 Quality assurance, reviews, ingredients, best prices!\" \/>\n<meta property=\"og:url\" content=\"https:\/\/mylipfiller.com\/es\/basic-science-ion-to-v-multi-vitamin-20ml-x-50ea\/\" \/>\n<meta property=\"og:site_name\" content=\"My Lip Filler\" \/>\n<meta property=\"article:modified_time\" content=\"2024-07-03T15:32:39+00:00\" \/>\n<meta property=\"og:image\" content=\"https:\/\/cdn.mylipfiller.com\/wp-content\/uploads\/2019\/08\/Ionto-V.jpg\" \/>\n\t<meta property=\"og:image:width\" content=\"600\" \/>\n\t<meta property=\"og:image:height\" content=\"600\" \/>\n\t<meta property=\"og:image:type\" content=\"image\/jpeg\" \/>\n<meta name=\"twitter:card\" content=\"summary_large_image\" \/>\n<meta name=\"twitter:label1\" content=\"Tiempo de lectura\" \/>\n\t<meta name=\"twitter:data1\" content=\"2 minutos\" \/>\n<script type=\"application\/ld+json\" class=\"yoast-schema-graph\">{\"@context\":\"https:\/\/schema.org\",\"@graph\":[{\"@type\":\"WebPage\",\"@id\":\"https:\/\/mylipfiller.com\/basic-science-ion-to-v-multi-vitamin-20ml-x-50ea\/\",\"url\":\"https:\/\/mylipfiller.com\/basic-science-ion-to-v-multi-vitamin-20ml-x-50ea\/\",\"name\":\"Buy Basic Science ION-TO V (MULTI-VITAMIN) \u2013 20ml x 50ea - Fillers from My Lip Filler\",\"isPartOf\":{\"@id\":\"https:\/\/mylipfiller.com\/#website\"},\"primaryImageOfPage\":{\"@id\":\"https:\/\/mylipfiller.com\/basic-science-ion-to-v-multi-vitamin-20ml-x-50ea\/#primaryimage\"},\"image\":{\"@id\":\"https:\/\/mylipfiller.com\/basic-science-ion-to-v-multi-vitamin-20ml-x-50ea\/#primaryimage\"},\"thumbnailUrl\":\"https:\/\/cdn.mylipfiller.com\/wp-content\/uploads\/2019\/08\/Ionto-V.jpg\",\"datePublished\":\"2019-08-21T08:55:13+00:00\",\"dateModified\":\"2024-07-03T15:32:39+00:00\",\"description\":\"\u2765Buy Basic Science ION-TO V (MULTI-VITAMIN) \u2013 20ml x 50ea \u23e9 My Lip Filler online store \u27a6 Quality assurance, reviews, ingredients, best prices!\",\"breadcrumb\":{\"@id\":\"https:\/\/mylipfiller.com\/basic-science-ion-to-v-multi-vitamin-20ml-x-50ea\/#breadcrumb\"},\"inLanguage\":\"es\",\"potentialAction\":[{\"@type\":\"ReadAction\",\"target\":[\"https:\/\/mylipfiller.com\/basic-science-ion-to-v-multi-vitamin-20ml-x-50ea\/\"]}]},{\"@type\":\"ImageObject\",\"inLanguage\":\"es\",\"@id\":\"https:\/\/mylipfiller.com\/basic-science-ion-to-v-multi-vitamin-20ml-x-50ea\/#primaryimage\",\"url\":\"https:\/\/cdn.mylipfiller.com\/wp-content\/uploads\/2019\/08\/Ionto-V.jpg\",\"contentUrl\":\"https:\/\/cdn.mylipfiller.com\/wp-content\/uploads\/2019\/08\/Ionto-V.jpg\",\"width\":600,\"height\":600,\"caption\":\"Ionto V\"},{\"@type\":\"BreadcrumbList\",\"@id\":\"https:\/\/mylipfiller.com\/basic-science-ion-to-v-multi-vitamin-20ml-x-50ea\/#breadcrumb\",\"itemListElement\":[{\"@type\":\"ListItem\",\"position\":1,\"name\":\"Home\",\"item\":\"https:\/\/mylipfiller.com\/\"},{\"@type\":\"ListItem\",\"position\":2,\"name\":\"Shop\",\"item\":\"https:\/\/mylipfiller.com\/shop\/\"},{\"@type\":\"ListItem\",\"position\":3,\"name\":\"Basic Science ION-TO V (MULTI-VITAMIN) \u2013 20ml x 50ea\"}]},{\"@type\":\"WebSite\",\"@id\":\"https:\/\/mylipfiller.com\/#website\",\"url\":\"https:\/\/mylipfiller.com\/\",\"name\":\"My Lip Filler\",\"description\":\"Hyaluronic Acid Lip and Dermal Fillers\",\"publisher\":{\"@id\":\"https:\/\/mylipfiller.com\/#organization\"},\"potentialAction\":[{\"@type\":\"SearchAction\",\"target\":{\"@type\":\"EntryPoint\",\"urlTemplate\":\"https:\/\/mylipfiller.com\/?s={search_term_string}\"},\"query-input\":{\"@type\":\"PropertyValueSpecification\",\"valueRequired\":true,\"valueName\":\"search_term_string\"}}],\"inLanguage\":\"es\"},{\"@type\":\"Organization\",\"@id\":\"https:\/\/mylipfiller.com\/#organization\",\"name\":\"My Lip Filler\",\"url\":\"https:\/\/mylipfiller.com\/\",\"logo\":{\"@type\":\"ImageObject\",\"inLanguage\":\"es\",\"@id\":\"https:\/\/mylipfiller.com\/#\/schema\/logo\/image\/\",\"url\":\"https:\/\/cdn.mylipfiller.com\/wp-content\/uploads\/2019\/02\/cropped-My-Lip-Filler-Logo.png\",\"contentUrl\":\"https:\/\/cdn.mylipfiller.com\/wp-content\/uploads\/2019\/02\/cropped-My-Lip-Filler-Logo.png\",\"width\":240,\"height\":88,\"caption\":\"My Lip Filler\"},\"image\":{\"@id\":\"https:\/\/mylipfiller.com\/#\/schema\/logo\/image\/\"}}]}<\/script>\n<!-- \/ Yoast SEO plugin. -->","yoast_head_json":{"title":"Compre Basic Science ION-TO V (MULTIVITAMINA) - 20 ml x 50 unidades - Rellenos de My Lip Filler","description":"\u2765Compre Basic Science ION-TO V (MULTIVITAMINA) - 20 ml x 50 unidades \u23e9 Tienda en l\u00ednea My Lip Filler \u27a6 Garant\u00eda de calidad, rese\u00f1as, ingredientes, \u00a1los mejores precios!","robots":{"index":"index","follow":"follow","max-snippet":"max-snippet:-1","max-image-preview":"max-image-preview:large","max-video-preview":"max-video-preview:-1"},"canonical":"https:\/\/mylipfiller.com\/es\/basic-science-ion-to-v-multi-vitamin-20ml-x-50ea\/","og_locale":"es_MX","og_type":"article","og_title":"Buy Basic Science ION-TO V (MULTI-VITAMIN) \u2013 20ml x 50ea - Fillers from My Lip Filler","og_description":"\u2765Buy Basic Science ION-TO V (MULTI-VITAMIN) \u2013 20ml x 50ea \u23e9 My Lip Filler online store \u27a6 Quality assurance, reviews, ingredients, best prices!","og_url":"https:\/\/mylipfiller.com\/es\/basic-science-ion-to-v-multi-vitamin-20ml-x-50ea\/","og_site_name":"My Lip Filler","article_modified_time":"2024-07-03T15:32:39+00:00","og_image":[{"width":600,"height":600,"url":"https:\/\/cdn.mylipfiller.com\/wp-content\/uploads\/2019\/08\/Ionto-V.jpg","type":"image\/jpeg"}],"twitter_card":"summary_large_image","twitter_misc":{"Tiempo de lectura":"2 minutos"},"schema":{"@context":"https:\/\/schema.org","@graph":[{"@type":"WebPage","@id":"https:\/\/mylipfiller.com\/basic-science-ion-to-v-multi-vitamin-20ml-x-50ea\/","url":"https:\/\/mylipfiller.com\/basic-science-ion-to-v-multi-vitamin-20ml-x-50ea\/","name":"Compre Basic Science ION-TO V (MULTIVITAMINA) - 20 ml x 50 unidades - Rellenos de My Lip Filler","isPartOf":{"@id":"https:\/\/mylipfiller.com\/#website"},"primaryImageOfPage":{"@id":"https:\/\/mylipfiller.com\/basic-science-ion-to-v-multi-vitamin-20ml-x-50ea\/#primaryimage"},"image":{"@id":"https:\/\/mylipfiller.com\/basic-science-ion-to-v-multi-vitamin-20ml-x-50ea\/#primaryimage"},"thumbnailUrl":"https:\/\/cdn.mylipfiller.com\/wp-content\/uploads\/2019\/08\/Ionto-V.jpg","datePublished":"2019-08-21T08:55:13+00:00","dateModified":"2024-07-03T15:32:39+00:00","description":"\u2765Compre Basic Science ION-TO V (MULTIVITAMINA) - 20 ml x 50 unidades \u23e9 Tienda en l\u00ednea My Lip Filler \u27a6 Garant\u00eda de calidad, rese\u00f1as, ingredientes, \u00a1los mejores precios!","breadcrumb":{"@id":"https:\/\/mylipfiller.com\/basic-science-ion-to-v-multi-vitamin-20ml-x-50ea\/#breadcrumb"},"inLanguage":"es","potentialAction":[{"@type":"ReadAction","target":["https:\/\/mylipfiller.com\/basic-science-ion-to-v-multi-vitamin-20ml-x-50ea\/"]}]},{"@type":"ImageObject","inLanguage":"es","@id":"https:\/\/mylipfiller.com\/basic-science-ion-to-v-multi-vitamin-20ml-x-50ea\/#primaryimage","url":"https:\/\/cdn.mylipfiller.com\/wp-content\/uploads\/2019\/08\/Ionto-V.jpg","contentUrl":"https:\/\/cdn.mylipfiller.com\/wp-content\/uploads\/2019\/08\/Ionto-V.jpg","width":600,"height":600,"caption":"Ionto V"},{"@type":"BreadcrumbList","@id":"https:\/\/mylipfiller.com\/basic-science-ion-to-v-multi-vitamin-20ml-x-50ea\/#breadcrumb","itemListElement":[{"@type":"ListItem","position":1,"name":"Home","item":"https:\/\/mylipfiller.com\/"},{"@type":"ListItem","position":2,"name":"Shop","item":"https:\/\/mylipfiller.com\/shop\/"},{"@type":"ListItem","position":3,"name":"Basic Science ION-TO V (MULTI-VITAMIN) \u2013 20ml x 50ea"}]},{"@type":"WebSite","@id":"https:\/\/mylipfiller.com\/#website","url":"https:\/\/mylipfiller.com\/","name":"Mi relleno de labios","description":"Rellenos d\u00e9rmicos y de labios con \u00e1cido hialur\u00f3nico","publisher":{"@id":"https:\/\/mylipfiller.com\/#organization"},"potentialAction":[{"@type":"SearchAction","target":{"@type":"EntryPoint","urlTemplate":"https:\/\/mylipfiller.com\/?s={search_term_string}"},"query-input":{"@type":"PropertyValueSpecification","valueRequired":true,"valueName":"search_term_string"}}],"inLanguage":"es"},{"@type":"Organization","@id":"https:\/\/mylipfiller.com\/#organization","name":"Mi relleno de labios","url":"https:\/\/mylipfiller.com\/","logo":{"@type":"ImageObject","inLanguage":"es","@id":"https:\/\/mylipfiller.com\/#\/schema\/logo\/image\/","url":"https:\/\/cdn.mylipfiller.com\/wp-content\/uploads\/2019\/02\/cropped-My-Lip-Filler-Logo.png","contentUrl":"https:\/\/cdn.mylipfiller.com\/wp-content\/uploads\/2019\/02\/cropped-My-Lip-Filler-Logo.png","width":240,"height":88,"caption":"My Lip Filler"},"image":{"@id":"https:\/\/mylipfiller.com\/#\/schema\/logo\/image\/"}}]}},"_links":{"self":[{"href":"https:\/\/mylipfiller.com\/es\/wp-json\/wp\/v2\/product\/4366","targetHints":{"allow":["GET"]}}],"collection":[{"href":"https:\/\/mylipfiller.com\/es\/wp-json\/wp\/v2\/product"}],"about":[{"href":"https:\/\/mylipfiller.com\/es\/wp-json\/wp\/v2\/types\/product"}],"wp:featuredmedia":[{"embeddable":true,"href":"https:\/\/mylipfiller.com\/es\/wp-json\/wp\/v2\/media\/4373"}],"wp:attachment":[{"href":"https:\/\/mylipfiller.com\/es\/wp-json\/wp\/v2\/media?parent=4366"}],"wp:term":[{"taxonomy":"product_brand","embeddable":true,"href":"https:\/\/mylipfiller.com\/es\/wp-json\/wp\/v2\/product_brand?post=4366"},{"taxonomy":"product_cat","embeddable":true,"href":"https:\/\/mylipfiller.com\/es\/wp-json\/wp\/v2\/product_cat?post=4366"},{"taxonomy":"product_tag","embeddable":true,"href":"https:\/\/mylipfiller.com\/es\/wp-json\/wp\/v2\/product_tag?post=4366"}],"curies":[{"name":"gracias","href":"https:\/\/api.w.org\/{rel}","templated":true}]}}