{"id":4367,"date":"2019-08-21T10:55:13","date_gmt":"2019-08-21T08:55:13","guid":{"rendered":"https:\/\/mylipfiller.com\/?post_type=product&#038;p=4367"},"modified":"2024-07-03T17:32:39","modified_gmt":"2024-07-03T15:32:39","slug":"basic-science-natural-lightning-plus-modeling-mask-1kg","status":"publish","type":"product","link":"https:\/\/mylipfiller.com\/es\/basic-science-natural-lightning-plus-modeling-mask-1kg\/","title":{"rendered":"Mascarilla Modeladora Basic Science Natural Lightning Plus 1kg"},"content":{"rendered":"<h3>Una forma no agresiva de abordar f\u00e1cilmente la hiperpigmentaci\u00f3n<\/h3>\n<p>Las manchas oscuras en la piel a menudo son el resultado de una producci\u00f3n excesiva de melanina o alg\u00fan otro pigmento de la piel. La mejor soluci\u00f3n contra la hiperpigmentaci\u00f3n son los productos para blanquear la piel no invasivos como Basic Science Natural Lightning Plus Modeling Mask. A diferencia de la mayor\u00eda de las soluciones de iluminaci\u00f3n del mercado actual, esta <u>no causa molestias<\/u> y no produce efectos secundarios como picaz\u00f3n, inflamaci\u00f3n o irritaci\u00f3n. Eso es porque tiene notables poderes hidratantes. Esta mascarilla facial exclusiva para profesionales contiene Algin, una sustancia robusta derivada de las algas pardas que tiene la capacidad de retener al menos 200 veces su propio peso en agua. Junto con el hialuronato de sodio de este producto, logra un <em>hidrataci\u00f3n de la piel impresionantemente duradera<\/em>. Los diversos extractos de plantas y minerales en esta innovadora soluci\u00f3n para el cuidado de la piel agregan otra habilidad beneficiosa a la mezcla: antiinflamatoria. Calma r\u00e1pidamente la piel despu\u00e9s del tratamiento blanqueador.<\/p>\n<h3>Posibles contraindicaciones<\/h3>\n<p>La m\u00e1scara de modelado Natural Lightning Plus de Basic Science es una <u>producto cosm\u00e9tico amigable para el paciente<\/u> que ha superado con \u00e9xito varias pruebas antes de su lanzamiento al mercado. Aunque no contiene productos qu\u00edmicos ni otros ingredientes de riesgo, puede causar molestias a las personas con piel sensible y provocar:<\/p>\n<ul>\n<li>Hinchaz\u00f3n<\/li>\n<li>Enrojecimiento<\/li>\n<li>Picor<\/li>\n<li>Sarpullido<\/li>\n<\/ul>\n<p>Cuando eso suceda o si el paciente tiene eccema, dermatitis o alguna otra afecci\u00f3n de la piel, evite repetir el tratamiento.<\/p>","protected":false},"excerpt":{"rendered":"<p>My Lip Filler ahora tiene el privilegio de presentarle Basic Science Natural Lightning Plus Modeling Mask 1kg, una m\u00e1scara facial optimizada, especialmente dise\u00f1ada para ofrecer <strong>brillo de la piel sin riesgos<\/strong> a los pacientes que tienen problemas de pigmentaci\u00f3n, como manchas oscuras en la piel. Esta m\u00e1scara de modelado \u00fanica en su tipo se incluye en la l\u00ednea de productos de ciencia b\u00e1sica de clase mundial de Histolab y, como tal, est\u00e1 hecha de materiales no t\u00f3xicos, <em>ingredientes totalmente naturales e hipoalerg\u00e9nicos<\/em>.<\/p>","protected":false},"featured_media":4354,"template":"","meta":{"_acf_changed":false},"product_brand":[],"product_cat":[59,165,57],"product_tag":[111,137],"class_list":{"0":"post-4367","1":"product","2":"type-product","3":"status-publish","4":"has-post-thumbnail","6":"product_cat-basic-science","7":"product_cat-medians","8":"product_cat-skin-care","9":"product_tag-face","10":"product_tag-south-korea","12":"first","13":"outofstock","14":"taxable","15":"shipping-taxable","16":"purchasable","17":"product-type-simple"},"acf":[],"yoast_head":"<!-- This site is optimized with the Yoast SEO plugin v27.3 - https:\/\/yoast.com\/product\/yoast-seo-wordpress\/ -->\n<title>Buy Basic Science Natural Lightning Plus Modeling Mask 1kg - Fillers from My Lip Filler<\/title>\n<meta name=\"description\" content=\"\u2765Buy Basic Science Natural Lightning Plus Modeling Mask 1kg \u23e9 My Lip Filler online store \u27a6 Quality assurance, reviews, ingredients, best prices!\" \/>\n<meta name=\"robots\" content=\"index, follow, max-snippet:-1, max-image-preview:large, max-video-preview:-1\" \/>\n<link rel=\"canonical\" href=\"https:\/\/mylipfiller.com\/es\/basic-science-natural-lightning-plus-modeling-mask-1kg\/\" \/>\n<meta property=\"og:locale\" content=\"es_MX\" \/>\n<meta property=\"og:type\" content=\"article\" \/>\n<meta property=\"og:title\" content=\"Buy Basic Science Natural Lightning Plus Modeling Mask 1kg - Fillers from My Lip Filler\" \/>\n<meta property=\"og:description\" content=\"\u2765Buy Basic Science Natural Lightning Plus Modeling Mask 1kg \u23e9 My Lip Filler online store \u27a6 Quality assurance, reviews, ingredients, best prices!\" \/>\n<meta property=\"og:url\" content=\"https:\/\/mylipfiller.com\/es\/basic-science-natural-lightning-plus-modeling-mask-1kg\/\" \/>\n<meta property=\"og:site_name\" content=\"My Lip Filler\" \/>\n<meta property=\"article:modified_time\" content=\"2024-07-03T15:32:39+00:00\" \/>\n<meta property=\"og:image\" content=\"https:\/\/cdn.mylipfiller.com\/wp-content\/uploads\/2019\/08\/Natural-White-Plus-Modeling-Mask.jpg\" \/>\n\t<meta property=\"og:image:width\" content=\"600\" \/>\n\t<meta property=\"og:image:height\" content=\"600\" \/>\n\t<meta property=\"og:image:type\" content=\"image\/jpeg\" \/>\n<meta name=\"twitter:card\" content=\"summary_large_image\" \/>\n<meta name=\"twitter:label1\" content=\"Tiempo de lectura\" \/>\n\t<meta name=\"twitter:data1\" content=\"2 minutos\" \/>\n<script type=\"application\/ld+json\" class=\"yoast-schema-graph\">{\"@context\":\"https:\\\/\\\/schema.org\",\"@graph\":[{\"@type\":\"WebPage\",\"@id\":\"https:\\\/\\\/mylipfiller.com\\\/basic-science-natural-lightning-plus-modeling-mask-1kg\\\/\",\"url\":\"https:\\\/\\\/mylipfiller.com\\\/basic-science-natural-lightning-plus-modeling-mask-1kg\\\/\",\"name\":\"Buy Basic Science Natural Lightning Plus Modeling Mask 1kg - Fillers from My Lip Filler\",\"isPartOf\":{\"@id\":\"https:\\\/\\\/mylipfiller.com\\\/#website\"},\"primaryImageOfPage\":{\"@id\":\"https:\\\/\\\/mylipfiller.com\\\/basic-science-natural-lightning-plus-modeling-mask-1kg\\\/#primaryimage\"},\"image\":{\"@id\":\"https:\\\/\\\/mylipfiller.com\\\/basic-science-natural-lightning-plus-modeling-mask-1kg\\\/#primaryimage\"},\"thumbnailUrl\":\"https:\\\/\\\/mylipfiller.com\\\/wp-content\\\/uploads\\\/2019\\\/08\\\/Natural-White-Plus-Modeling-Mask.jpg\",\"datePublished\":\"2019-08-21T08:55:13+00:00\",\"dateModified\":\"2024-07-03T15:32:39+00:00\",\"description\":\"\u2765Buy Basic Science Natural Lightning Plus Modeling Mask 1kg \u23e9 My Lip Filler online store \u27a6 Quality assurance, reviews, ingredients, best prices!\",\"breadcrumb\":{\"@id\":\"https:\\\/\\\/mylipfiller.com\\\/basic-science-natural-lightning-plus-modeling-mask-1kg\\\/#breadcrumb\"},\"inLanguage\":\"es\",\"potentialAction\":[{\"@type\":\"ReadAction\",\"target\":[\"https:\\\/\\\/mylipfiller.com\\\/basic-science-natural-lightning-plus-modeling-mask-1kg\\\/\"]}]},{\"@type\":\"ImageObject\",\"inLanguage\":\"es\",\"@id\":\"https:\\\/\\\/mylipfiller.com\\\/basic-science-natural-lightning-plus-modeling-mask-1kg\\\/#primaryimage\",\"url\":\"https:\\\/\\\/mylipfiller.com\\\/wp-content\\\/uploads\\\/2019\\\/08\\\/Natural-White-Plus-Modeling-Mask.jpg\",\"contentUrl\":\"https:\\\/\\\/mylipfiller.com\\\/wp-content\\\/uploads\\\/2019\\\/08\\\/Natural-White-Plus-Modeling-Mask.jpg\",\"width\":600,\"height\":600,\"caption\":\"Natural White Plus Modeling Mask\"},{\"@type\":\"BreadcrumbList\",\"@id\":\"https:\\\/\\\/mylipfiller.com\\\/basic-science-natural-lightning-plus-modeling-mask-1kg\\\/#breadcrumb\",\"itemListElement\":[{\"@type\":\"ListItem\",\"position\":1,\"name\":\"Home\",\"item\":\"https:\\\/\\\/mylipfiller.com\\\/\"},{\"@type\":\"ListItem\",\"position\":2,\"name\":\"Shop\",\"item\":\"https:\\\/\\\/mylipfiller.com\\\/shop\\\/\"},{\"@type\":\"ListItem\",\"position\":3,\"name\":\"Basic Science Natural Lightning Plus Modeling Mask 1kg\"}]},{\"@type\":\"WebSite\",\"@id\":\"https:\\\/\\\/mylipfiller.com\\\/#website\",\"url\":\"https:\\\/\\\/mylipfiller.com\\\/\",\"name\":\"My Lip Filler\",\"description\":\"Hyaluronic Acid Lip and Dermal Fillers\",\"publisher\":{\"@id\":\"https:\\\/\\\/mylipfiller.com\\\/#organization\"},\"potentialAction\":[{\"@type\":\"SearchAction\",\"target\":{\"@type\":\"EntryPoint\",\"urlTemplate\":\"https:\\\/\\\/mylipfiller.com\\\/?s={search_term_string}\"},\"query-input\":{\"@type\":\"PropertyValueSpecification\",\"valueRequired\":true,\"valueName\":\"search_term_string\"}}],\"inLanguage\":\"es\"},{\"@type\":\"Organization\",\"@id\":\"https:\\\/\\\/mylipfiller.com\\\/#organization\",\"name\":\"My Lip Filler\",\"url\":\"https:\\\/\\\/mylipfiller.com\\\/\",\"logo\":{\"@type\":\"ImageObject\",\"inLanguage\":\"es\",\"@id\":\"https:\\\/\\\/mylipfiller.com\\\/#\\\/schema\\\/logo\\\/image\\\/\",\"url\":\"https:\\\/\\\/mylipfiller.com\\\/wp-content\\\/uploads\\\/2019\\\/02\\\/cropped-My-Lip-Filler-Logo.png\",\"contentUrl\":\"https:\\\/\\\/mylipfiller.com\\\/wp-content\\\/uploads\\\/2019\\\/02\\\/cropped-My-Lip-Filler-Logo.png\",\"width\":240,\"height\":88,\"caption\":\"My Lip Filler\"},\"image\":{\"@id\":\"https:\\\/\\\/mylipfiller.com\\\/#\\\/schema\\\/logo\\\/image\\\/\"}}]}<\/script>\n<!-- \/ Yoast SEO plugin. -->","yoast_head_json":{"title":"Comprar Basic Science Mascarilla Modeladora Natural Lightning Plus 1kg - Rellenos de My Lip Filler","description":"\u2765Comprar Basic Science Natural Lightning Plus Mascarilla Modeladora 1kg \u23e9 Tienda online My Lip Filler \u27a6 Garant\u00eda de calidad, opiniones, ingredientes, \u00a1los mejores precios!","robots":{"index":"index","follow":"follow","max-snippet":"max-snippet:-1","max-image-preview":"max-image-preview:large","max-video-preview":"max-video-preview:-1"},"canonical":"https:\/\/mylipfiller.com\/es\/basic-science-natural-lightning-plus-modeling-mask-1kg\/","og_locale":"es_MX","og_type":"article","og_title":"Buy Basic Science Natural Lightning Plus Modeling Mask 1kg - Fillers from My Lip Filler","og_description":"\u2765Buy Basic Science Natural Lightning Plus Modeling Mask 1kg \u23e9 My Lip Filler online store \u27a6 Quality assurance, reviews, ingredients, best prices!","og_url":"https:\/\/mylipfiller.com\/es\/basic-science-natural-lightning-plus-modeling-mask-1kg\/","og_site_name":"My Lip Filler","article_modified_time":"2024-07-03T15:32:39+00:00","og_image":[{"width":600,"height":600,"url":"https:\/\/cdn.mylipfiller.com\/wp-content\/uploads\/2019\/08\/Natural-White-Plus-Modeling-Mask.jpg","type":"image\/jpeg"}],"twitter_card":"summary_large_image","twitter_misc":{"Tiempo de lectura":"2 minutos"},"schema":{"@context":"https:\/\/schema.org","@graph":[{"@type":"WebPage","@id":"https:\/\/mylipfiller.com\/basic-science-natural-lightning-plus-modeling-mask-1kg\/","url":"https:\/\/mylipfiller.com\/basic-science-natural-lightning-plus-modeling-mask-1kg\/","name":"Comprar Basic Science Mascarilla Modeladora Natural Lightning Plus 1kg - Rellenos de My Lip Filler","isPartOf":{"@id":"https:\/\/mylipfiller.com\/#website"},"primaryImageOfPage":{"@id":"https:\/\/mylipfiller.com\/basic-science-natural-lightning-plus-modeling-mask-1kg\/#primaryimage"},"image":{"@id":"https:\/\/mylipfiller.com\/basic-science-natural-lightning-plus-modeling-mask-1kg\/#primaryimage"},"thumbnailUrl":"https:\/\/cdn.mylipfiller.com\/wp-content\/uploads\/2019\/08\/Natural-White-Plus-Modeling-Mask.jpg","datePublished":"2019-08-21T08:55:13+00:00","dateModified":"2024-07-03T15:32:39+00:00","description":"\u2765Comprar Basic Science Natural Lightning Plus Mascarilla Modeladora 1kg \u23e9 Tienda online My Lip Filler \u27a6 Garant\u00eda de calidad, opiniones, ingredientes, \u00a1los mejores precios!","breadcrumb":{"@id":"https:\/\/mylipfiller.com\/basic-science-natural-lightning-plus-modeling-mask-1kg\/#breadcrumb"},"inLanguage":"es","potentialAction":[{"@type":"ReadAction","target":["https:\/\/mylipfiller.com\/basic-science-natural-lightning-plus-modeling-mask-1kg\/"]}]},{"@type":"ImageObject","inLanguage":"es","@id":"https:\/\/mylipfiller.com\/basic-science-natural-lightning-plus-modeling-mask-1kg\/#primaryimage","url":"https:\/\/cdn.mylipfiller.com\/wp-content\/uploads\/2019\/08\/Natural-White-Plus-Modeling-Mask.jpg","contentUrl":"https:\/\/cdn.mylipfiller.com\/wp-content\/uploads\/2019\/08\/Natural-White-Plus-Modeling-Mask.jpg","width":600,"height":600,"caption":"Natural White Plus Modeling Mask"},{"@type":"BreadcrumbList","@id":"https:\/\/mylipfiller.com\/basic-science-natural-lightning-plus-modeling-mask-1kg\/#breadcrumb","itemListElement":[{"@type":"ListItem","position":1,"name":"Home","item":"https:\/\/mylipfiller.com\/"},{"@type":"ListItem","position":2,"name":"Shop","item":"https:\/\/mylipfiller.com\/shop\/"},{"@type":"ListItem","position":3,"name":"Basic Science Natural Lightning Plus Modeling Mask 1kg"}]},{"@type":"WebSite","@id":"https:\/\/mylipfiller.com\/#website","url":"https:\/\/mylipfiller.com\/","name":"Mi relleno de labios","description":"Rellenos d\u00e9rmicos y de labios con \u00e1cido hialur\u00f3nico","publisher":{"@id":"https:\/\/mylipfiller.com\/#organization"},"potentialAction":[{"@type":"SearchAction","target":{"@type":"EntryPoint","urlTemplate":"https:\/\/mylipfiller.com\/?s={search_term_string}"},"query-input":{"@type":"PropertyValueSpecification","valueRequired":true,"valueName":"search_term_string"}}],"inLanguage":"es"},{"@type":"Organization","@id":"https:\/\/mylipfiller.com\/#organization","name":"Mi relleno de labios","url":"https:\/\/mylipfiller.com\/","logo":{"@type":"ImageObject","inLanguage":"es","@id":"https:\/\/mylipfiller.com\/#\/schema\/logo\/image\/","url":"https:\/\/cdn.mylipfiller.com\/wp-content\/uploads\/2019\/02\/cropped-My-Lip-Filler-Logo.png","contentUrl":"https:\/\/cdn.mylipfiller.com\/wp-content\/uploads\/2019\/02\/cropped-My-Lip-Filler-Logo.png","width":240,"height":88,"caption":"My Lip Filler"},"image":{"@id":"https:\/\/mylipfiller.com\/#\/schema\/logo\/image\/"}}]}},"_links":{"self":[{"href":"https:\/\/mylipfiller.com\/es\/wp-json\/wp\/v2\/product\/4367","targetHints":{"allow":["GET"]}}],"collection":[{"href":"https:\/\/mylipfiller.com\/es\/wp-json\/wp\/v2\/product"}],"about":[{"href":"https:\/\/mylipfiller.com\/es\/wp-json\/wp\/v2\/types\/product"}],"wp:featuredmedia":[{"embeddable":true,"href":"https:\/\/mylipfiller.com\/es\/wp-json\/wp\/v2\/media\/4354"}],"wp:attachment":[{"href":"https:\/\/mylipfiller.com\/es\/wp-json\/wp\/v2\/media?parent=4367"}],"wp:term":[{"taxonomy":"product_brand","embeddable":true,"href":"https:\/\/mylipfiller.com\/es\/wp-json\/wp\/v2\/product_brand?post=4367"},{"taxonomy":"product_cat","embeddable":true,"href":"https:\/\/mylipfiller.com\/es\/wp-json\/wp\/v2\/product_cat?post=4367"},{"taxonomy":"product_tag","embeddable":true,"href":"https:\/\/mylipfiller.com\/es\/wp-json\/wp\/v2\/product_tag?post=4367"}],"curies":[{"name":"gracias","href":"https:\/\/api.w.org\/{rel}","templated":true}]}}