{"id":4369,"date":"2019-08-21T10:55:13","date_gmt":"2019-08-21T08:55:13","guid":{"rendered":"https:\/\/mylipfiller.com\/?post_type=product&#038;p=4369"},"modified":"2024-07-03T17:32:39","modified_gmt":"2024-07-03T15:32:39","slug":"basic-science-soft-deep-cleansing-enzyme-powder-wash-50g","status":"publish","type":"product","link":"https:\/\/mylipfiller.com\/es\/basic-science-soft-deep-cleansing-enzyme-powder-wash-50g\/","title":{"rendered":"Basic Science Soft Gel de lavado en polvo con enzimas de limpieza profunda 50 g"},"content":{"rendered":"<h3>Limpia y exfolia sin provocar irritaciones en la piel.<\/h3>\n<p>Este magn\u00edfico lavado de cara de Histolab ofrece una limpieza profunda porque tiene una notable capacidad de exfoliaci\u00f3n gracias a sus ingredientes naturales y no agresivos, como la papa\u00edna y la bromelina. Son eficaces para eliminar r\u00e1pidamente:<\/p>\n<ul>\n<li>Espinillas<\/li>\n<li>Impurezas (incluidas las que obstruyen los poros de la piel)<\/li>\n<li>C\u00e9lulas muertas de la piel<\/li>\n<li>Peque\u00f1as part\u00edculas de maquillaje<\/li>\n<\/ul>\n<p>Dicha exfoliaci\u00f3n y limpieza profundas generalmente provocan efectos secundarios y malestar en los pacientes, como enrojecimiento de la piel, picaz\u00f3n, irritaciones, etc. Eso es a\u00fan m\u00e1s cierto para las personas que est\u00e1n lidiando con problemas de la piel como el acn\u00e9 o la producci\u00f3n excesiva de sebo. Basic Science Soft Gel de lavado en polvo con enzimas de limpieza profunda 50 g es <u>siempre suave con la piel<\/u> porque tambi\u00e9n cuenta con ingredientes especiales como almid\u00f3n de ma\u00edz y glicirrizato dipot\u00e1sico que tienen un efecto calmante.<\/p>\n<h3>Gu\u00eda de aplicaci\u00f3n paso a paso<\/h3>\n<p>Aplicar este limpiador en polvo pionero es muy f\u00e1cil. Necesitar\u00e1s una cucharadita que tendr\u00e1s que mezclar con un poco de agua tibia hasta obtener una espuma. <em>Fr\u00f3talo con cuidado sobre la piel de tu rostro.<\/em> con delicados movimientos de masaje. Si\u00e9ntase libre de prestar especial atenci\u00f3n a las zonas problem\u00e1ticas que son m\u00e1s grasosas (que suele ser la zona T de la cara). Masajee la espuma en la piel durante un m\u00ednimo de 10 segundos y luego enjuague bien con agua tibia.<\/p>\n<p>Consulte las otras soluciones avanzadas para el cuidado de la piel de la gama Basic Science de Histolab en My Lip Filler.<\/p>","protected":false},"excerpt":{"rendered":"<p>Basic Science Soft Deep Cleansing Enzyme Powder Wash 50g es un producto de nueva generaci\u00f3n para el cuidado de la piel que le ayudar\u00e1 a <u>limpia profundamente y exfolia tu piel<\/u> sin da\u00f1arlo ni irritarlo. Se aplica en solo unos segundos y, cuando se compra a trav\u00e9s de My Lip Filler, tiene un precio de ganga. Se encuentra entre las soluciones cosm\u00e9ticas m\u00e1s populares de Histolab y ahora puede ser suyo con env\u00edos internacionales r\u00e1pidos.<\/p>","protected":false},"featured_media":4337,"template":"","meta":{"_acf_changed":false},"product_brand":[],"product_cat":[59,165,57],"product_tag":[111,137],"class_list":{"0":"post-4369","1":"product","2":"type-product","3":"status-publish","4":"has-post-thumbnail","6":"product_cat-basic-science","7":"product_cat-medians","8":"product_cat-skin-care","9":"product_tag-face","10":"product_tag-south-korea","12":"first","13":"outofstock","14":"taxable","15":"shipping-taxable","16":"purchasable","17":"product-type-simple"},"acf":[],"yoast_head":"<!-- This site is optimized with the Yoast SEO plugin v27.2 - https:\/\/yoast.com\/product\/yoast-seo-wordpress\/ -->\n<title>Buy Basic Science Soft Deep Cleansing Enzyme Powder Wash 50g - Fillers from My Lip Filler<\/title>\n<meta name=\"description\" content=\"\u2765Buy Basic Science Soft Deep Cleansing Enzyme Powder Wash 50g \u23e9 My Lip Filler online store \u27a6 Quality assurance, reviews, ingredients, best prices!\" \/>\n<meta name=\"robots\" content=\"index, follow, max-snippet:-1, max-image-preview:large, max-video-preview:-1\" \/>\n<link rel=\"canonical\" href=\"https:\/\/mylipfiller.com\/es\/basic-science-soft-deep-cleansing-enzyme-powder-wash-50g\/\" \/>\n<meta property=\"og:locale\" content=\"es_MX\" \/>\n<meta property=\"og:type\" content=\"article\" \/>\n<meta property=\"og:title\" content=\"Buy Basic Science Soft Deep Cleansing Enzyme Powder Wash 50g - Fillers from My Lip Filler\" \/>\n<meta property=\"og:description\" content=\"\u2765Buy Basic Science Soft Deep Cleansing Enzyme Powder Wash 50g \u23e9 My Lip Filler online store \u27a6 Quality assurance, reviews, ingredients, best prices!\" \/>\n<meta property=\"og:url\" content=\"https:\/\/mylipfiller.com\/es\/basic-science-soft-deep-cleansing-enzyme-powder-wash-50g\/\" \/>\n<meta property=\"og:site_name\" content=\"My Lip Filler\" \/>\n<meta property=\"article:modified_time\" content=\"2024-07-03T15:32:39+00:00\" \/>\n<meta property=\"og:image\" content=\"https:\/\/cdn.mylipfiller.com\/wp-content\/uploads\/2019\/08\/Enzyme-Powder-Wash.jpg\" \/>\n\t<meta property=\"og:image:width\" content=\"600\" \/>\n\t<meta property=\"og:image:height\" content=\"600\" \/>\n\t<meta property=\"og:image:type\" content=\"image\/jpeg\" \/>\n<meta name=\"twitter:card\" content=\"summary_large_image\" \/>\n<meta name=\"twitter:label1\" content=\"Tiempo de lectura\" \/>\n\t<meta name=\"twitter:data1\" content=\"2 minutos\" \/>\n<script type=\"application\/ld+json\" class=\"yoast-schema-graph\">{\"@context\":\"https:\/\/schema.org\",\"@graph\":[{\"@type\":\"WebPage\",\"@id\":\"https:\/\/mylipfiller.com\/basic-science-soft-deep-cleansing-enzyme-powder-wash-50g\/\",\"url\":\"https:\/\/mylipfiller.com\/basic-science-soft-deep-cleansing-enzyme-powder-wash-50g\/\",\"name\":\"Buy Basic Science Soft Deep Cleansing Enzyme Powder Wash 50g - Fillers from My Lip Filler\",\"isPartOf\":{\"@id\":\"https:\/\/mylipfiller.com\/#website\"},\"primaryImageOfPage\":{\"@id\":\"https:\/\/mylipfiller.com\/basic-science-soft-deep-cleansing-enzyme-powder-wash-50g\/#primaryimage\"},\"image\":{\"@id\":\"https:\/\/mylipfiller.com\/basic-science-soft-deep-cleansing-enzyme-powder-wash-50g\/#primaryimage\"},\"thumbnailUrl\":\"https:\/\/cdn.mylipfiller.com\/wp-content\/uploads\/2019\/08\/Enzyme-Powder-Wash.jpg\",\"datePublished\":\"2019-08-21T08:55:13+00:00\",\"dateModified\":\"2024-07-03T15:32:39+00:00\",\"description\":\"\u2765Buy Basic Science Soft Deep Cleansing Enzyme Powder Wash 50g \u23e9 My Lip Filler online store \u27a6 Quality assurance, reviews, ingredients, best prices!\",\"breadcrumb\":{\"@id\":\"https:\/\/mylipfiller.com\/basic-science-soft-deep-cleansing-enzyme-powder-wash-50g\/#breadcrumb\"},\"inLanguage\":\"es\",\"potentialAction\":[{\"@type\":\"ReadAction\",\"target\":[\"https:\/\/mylipfiller.com\/basic-science-soft-deep-cleansing-enzyme-powder-wash-50g\/\"]}]},{\"@type\":\"ImageObject\",\"inLanguage\":\"es\",\"@id\":\"https:\/\/mylipfiller.com\/basic-science-soft-deep-cleansing-enzyme-powder-wash-50g\/#primaryimage\",\"url\":\"https:\/\/cdn.mylipfiller.com\/wp-content\/uploads\/2019\/08\/Enzyme-Powder-Wash.jpg\",\"contentUrl\":\"https:\/\/cdn.mylipfiller.com\/wp-content\/uploads\/2019\/08\/Enzyme-Powder-Wash.jpg\",\"width\":600,\"height\":600,\"caption\":\"Enzyme Powder Wash\"},{\"@type\":\"BreadcrumbList\",\"@id\":\"https:\/\/mylipfiller.com\/basic-science-soft-deep-cleansing-enzyme-powder-wash-50g\/#breadcrumb\",\"itemListElement\":[{\"@type\":\"ListItem\",\"position\":1,\"name\":\"Home\",\"item\":\"https:\/\/mylipfiller.com\/\"},{\"@type\":\"ListItem\",\"position\":2,\"name\":\"Shop\",\"item\":\"https:\/\/mylipfiller.com\/shop\/\"},{\"@type\":\"ListItem\",\"position\":3,\"name\":\"Basic Science Soft Deep Cleansing Enzyme Powder Wash 50g\"}]},{\"@type\":\"WebSite\",\"@id\":\"https:\/\/mylipfiller.com\/#website\",\"url\":\"https:\/\/mylipfiller.com\/\",\"name\":\"My Lip Filler\",\"description\":\"Hyaluronic Acid Lip and Dermal Fillers\",\"publisher\":{\"@id\":\"https:\/\/mylipfiller.com\/#organization\"},\"potentialAction\":[{\"@type\":\"SearchAction\",\"target\":{\"@type\":\"EntryPoint\",\"urlTemplate\":\"https:\/\/mylipfiller.com\/?s={search_term_string}\"},\"query-input\":{\"@type\":\"PropertyValueSpecification\",\"valueRequired\":true,\"valueName\":\"search_term_string\"}}],\"inLanguage\":\"es\"},{\"@type\":\"Organization\",\"@id\":\"https:\/\/mylipfiller.com\/#organization\",\"name\":\"My Lip Filler\",\"url\":\"https:\/\/mylipfiller.com\/\",\"logo\":{\"@type\":\"ImageObject\",\"inLanguage\":\"es\",\"@id\":\"https:\/\/mylipfiller.com\/#\/schema\/logo\/image\/\",\"url\":\"https:\/\/cdn.mylipfiller.com\/wp-content\/uploads\/2019\/02\/cropped-My-Lip-Filler-Logo.png\",\"contentUrl\":\"https:\/\/cdn.mylipfiller.com\/wp-content\/uploads\/2019\/02\/cropped-My-Lip-Filler-Logo.png\",\"width\":240,\"height\":88,\"caption\":\"My Lip Filler\"},\"image\":{\"@id\":\"https:\/\/mylipfiller.com\/#\/schema\/logo\/image\/\"}}]}<\/script>\n<!-- \/ Yoast SEO plugin. -->","yoast_head_json":{"title":"Compre Basic Science Jab\u00f3n en polvo enzim\u00e1tico de limpieza profunda suave 50 g - Rellenos de My Lip Filler","description":"\u2765Compre Basic Science Jab\u00f3n en polvo enzim\u00e1tico de limpieza profunda suave 50 g \u23e9 Tienda en l\u00ednea My Lip Filler \u27a6 Garant\u00eda de calidad, rese\u00f1as, ingredientes, \u00a1los mejores precios!","robots":{"index":"index","follow":"follow","max-snippet":"max-snippet:-1","max-image-preview":"max-image-preview:large","max-video-preview":"max-video-preview:-1"},"canonical":"https:\/\/mylipfiller.com\/es\/basic-science-soft-deep-cleansing-enzyme-powder-wash-50g\/","og_locale":"es_MX","og_type":"article","og_title":"Buy Basic Science Soft Deep Cleansing Enzyme Powder Wash 50g - Fillers from My Lip Filler","og_description":"\u2765Buy Basic Science Soft Deep Cleansing Enzyme Powder Wash 50g \u23e9 My Lip Filler online store \u27a6 Quality assurance, reviews, ingredients, best prices!","og_url":"https:\/\/mylipfiller.com\/es\/basic-science-soft-deep-cleansing-enzyme-powder-wash-50g\/","og_site_name":"My Lip Filler","article_modified_time":"2024-07-03T15:32:39+00:00","og_image":[{"width":600,"height":600,"url":"https:\/\/cdn.mylipfiller.com\/wp-content\/uploads\/2019\/08\/Enzyme-Powder-Wash.jpg","type":"image\/jpeg"}],"twitter_card":"summary_large_image","twitter_misc":{"Tiempo de lectura":"2 minutos"},"schema":{"@context":"https:\/\/schema.org","@graph":[{"@type":"WebPage","@id":"https:\/\/mylipfiller.com\/basic-science-soft-deep-cleansing-enzyme-powder-wash-50g\/","url":"https:\/\/mylipfiller.com\/basic-science-soft-deep-cleansing-enzyme-powder-wash-50g\/","name":"Compre Basic Science Jab\u00f3n en polvo enzim\u00e1tico de limpieza profunda suave 50 g - Rellenos de My Lip Filler","isPartOf":{"@id":"https:\/\/mylipfiller.com\/#website"},"primaryImageOfPage":{"@id":"https:\/\/mylipfiller.com\/basic-science-soft-deep-cleansing-enzyme-powder-wash-50g\/#primaryimage"},"image":{"@id":"https:\/\/mylipfiller.com\/basic-science-soft-deep-cleansing-enzyme-powder-wash-50g\/#primaryimage"},"thumbnailUrl":"https:\/\/cdn.mylipfiller.com\/wp-content\/uploads\/2019\/08\/Enzyme-Powder-Wash.jpg","datePublished":"2019-08-21T08:55:13+00:00","dateModified":"2024-07-03T15:32:39+00:00","description":"\u2765Compre Basic Science Jab\u00f3n en polvo enzim\u00e1tico de limpieza profunda suave 50 g \u23e9 Tienda en l\u00ednea My Lip Filler \u27a6 Garant\u00eda de calidad, rese\u00f1as, ingredientes, \u00a1los mejores precios!","breadcrumb":{"@id":"https:\/\/mylipfiller.com\/basic-science-soft-deep-cleansing-enzyme-powder-wash-50g\/#breadcrumb"},"inLanguage":"es","potentialAction":[{"@type":"ReadAction","target":["https:\/\/mylipfiller.com\/basic-science-soft-deep-cleansing-enzyme-powder-wash-50g\/"]}]},{"@type":"ImageObject","inLanguage":"es","@id":"https:\/\/mylipfiller.com\/basic-science-soft-deep-cleansing-enzyme-powder-wash-50g\/#primaryimage","url":"https:\/\/cdn.mylipfiller.com\/wp-content\/uploads\/2019\/08\/Enzyme-Powder-Wash.jpg","contentUrl":"https:\/\/cdn.mylipfiller.com\/wp-content\/uploads\/2019\/08\/Enzyme-Powder-Wash.jpg","width":600,"height":600,"caption":"Enzyme Powder Wash"},{"@type":"BreadcrumbList","@id":"https:\/\/mylipfiller.com\/basic-science-soft-deep-cleansing-enzyme-powder-wash-50g\/#breadcrumb","itemListElement":[{"@type":"ListItem","position":1,"name":"Home","item":"https:\/\/mylipfiller.com\/"},{"@type":"ListItem","position":2,"name":"Shop","item":"https:\/\/mylipfiller.com\/shop\/"},{"@type":"ListItem","position":3,"name":"Basic Science Soft Deep Cleansing Enzyme Powder Wash 50g"}]},{"@type":"WebSite","@id":"https:\/\/mylipfiller.com\/#website","url":"https:\/\/mylipfiller.com\/","name":"Mi relleno de labios","description":"Rellenos d\u00e9rmicos y de labios con \u00e1cido hialur\u00f3nico","publisher":{"@id":"https:\/\/mylipfiller.com\/#organization"},"potentialAction":[{"@type":"SearchAction","target":{"@type":"EntryPoint","urlTemplate":"https:\/\/mylipfiller.com\/?s={search_term_string}"},"query-input":{"@type":"PropertyValueSpecification","valueRequired":true,"valueName":"search_term_string"}}],"inLanguage":"es"},{"@type":"Organization","@id":"https:\/\/mylipfiller.com\/#organization","name":"Mi relleno de labios","url":"https:\/\/mylipfiller.com\/","logo":{"@type":"ImageObject","inLanguage":"es","@id":"https:\/\/mylipfiller.com\/#\/schema\/logo\/image\/","url":"https:\/\/cdn.mylipfiller.com\/wp-content\/uploads\/2019\/02\/cropped-My-Lip-Filler-Logo.png","contentUrl":"https:\/\/cdn.mylipfiller.com\/wp-content\/uploads\/2019\/02\/cropped-My-Lip-Filler-Logo.png","width":240,"height":88,"caption":"My Lip Filler"},"image":{"@id":"https:\/\/mylipfiller.com\/#\/schema\/logo\/image\/"}}]}},"_links":{"self":[{"href":"https:\/\/mylipfiller.com\/es\/wp-json\/wp\/v2\/product\/4369","targetHints":{"allow":["GET"]}}],"collection":[{"href":"https:\/\/mylipfiller.com\/es\/wp-json\/wp\/v2\/product"}],"about":[{"href":"https:\/\/mylipfiller.com\/es\/wp-json\/wp\/v2\/types\/product"}],"wp:featuredmedia":[{"embeddable":true,"href":"https:\/\/mylipfiller.com\/es\/wp-json\/wp\/v2\/media\/4337"}],"wp:attachment":[{"href":"https:\/\/mylipfiller.com\/es\/wp-json\/wp\/v2\/media?parent=4369"}],"wp:term":[{"taxonomy":"product_brand","embeddable":true,"href":"https:\/\/mylipfiller.com\/es\/wp-json\/wp\/v2\/product_brand?post=4369"},{"taxonomy":"product_cat","embeddable":true,"href":"https:\/\/mylipfiller.com\/es\/wp-json\/wp\/v2\/product_cat?post=4369"},{"taxonomy":"product_tag","embeddable":true,"href":"https:\/\/mylipfiller.com\/es\/wp-json\/wp\/v2\/product_tag?post=4369"}],"curies":[{"name":"gracias","href":"https:\/\/api.w.org\/{rel}","templated":true}]}}