{"id":4370,"date":"2019-08-21T10:55:43","date_gmt":"2019-08-21T08:55:43","guid":{"rendered":"https:\/\/mylipfiller.com\/?post_type=product&#038;p=4370"},"modified":"2024-07-03T17:32:37","modified_gmt":"2024-07-03T15:32:37","slug":"derma-science-47-vita-c-complex-ampoule-50ml","status":"publish","type":"product","link":"https:\/\/mylipfiller.com\/es\/derma-science-47-vita-c-complex-ampoule-50ml\/","title":{"rendered":"Derma Science 47% Vita C Complex Ampolla 50ml"},"content":{"rendered":"<h3>Un producto \u00fanico para iluminar la piel<\/h3>\n<p>Hay tantos productos antihiperpigmentantes de calidad profesional como estrellas en el cielo, pero solo hay uno como Derma Science 47% Vita C Complex Ampoule 50ml. Producido por Histolab, este confiable producto para el cuidado de la piel contiene una gran cantidad de <u>Complejo Vita C<\/u> que es conocido por sus poderosas propiedades blanqueadoras de la piel que pueden corregir y eliminar r\u00e1pidamente las manchas oscuras. Combinado con arbutina (otro ingrediente iluminador), puede lograr maravillas en poco tiempo. Y aunque la mayor\u00eda de los otros productos m\u00e1s vendidos en esta categor\u00eda tienden a ser bastante agresivos, esta obra maestra hecha en Corea no irritar\u00e1 la piel. Es rico en:<\/p>\n<ul>\n<li>Aloe vera<\/li>\n<li>Hialuronato de sodio<\/li>\n<li>Trehalosa<\/li>\n<li>Complejo SRGF H1<\/li>\n<\/ul>\n<p>Este poderoso combo significativamente <em>aumenta los niveles de hidrataci\u00f3n de la piel<\/em> y tiene un efecto notablemente calmante. El producto avanzado para el cuidado de la piel de Histolab es tan inofensivo que incluso se puede aplicar despu\u00e9s de un tratamiento cosm\u00e9tico agresivo sin riesgo de efectos adversos.<\/p>\n<h3>\u00bfQui\u00e9n puede usar Derma Science 47% Vita C Complex Ampoule?<\/h3>\n<p>Cualquiera que busque emparejar visiblemente su tono de piel y <u>eliminar con \u00e9xito las manchas oscuras<\/u> que son el resultado de una producci\u00f3n excesiva de melanina encontrar\u00e1n \u00fatil un tratamiento con esta magn\u00edfica ampolla para el cuidado de la piel. Aunque la mayor\u00eda de los productos para blanquear la piel de primera clase no se recomiendan para pacientes que tienen piel propensa al acn\u00e9 y \/ o sensible, este hace una excepci\u00f3n.<\/p>","protected":false},"excerpt":{"rendered":"<p>La hiperpigmentaci\u00f3n ahora se puede tratar de manera efectiva sin provocar irritaciones de la piel, inflamaciones o cualquier tipo de malestar porque Derma Science 47% Vita C Complex Ampoule 50ml es un <strong>producto iluminador de piel de nueva generaci\u00f3n<\/strong> por Histolab. Elimina r\u00e1pidamente las manchas y parches oscuros de la piel y tambi\u00e9n ofrece un potente impulso de hidrataci\u00f3n y un efecto calmante casi inmediato. Nosotros, de My Lip Filler, acabamos de agregar esta ampolla blanqueadora de piel de primera calidad a nuestro cat\u00e1logo.<\/p>","protected":false},"featured_media":4326,"template":"","meta":{"_acf_changed":false},"product_brand":[],"product_cat":[58,165,57],"product_tag":[111,137],"class_list":{"0":"post-4370","1":"product","2":"type-product","3":"status-publish","4":"has-post-thumbnail","6":"product_cat-derma-science","7":"product_cat-medians","8":"product_cat-skin-care","9":"product_tag-face","10":"product_tag-south-korea","12":"first","13":"outofstock","14":"taxable","15":"shipping-taxable","16":"purchasable","17":"product-type-simple"},"acf":[],"yoast_head":"<!-- This site is optimized with the Yoast SEO plugin v27.4 - https:\/\/yoast.com\/product\/yoast-seo-wordpress\/ -->\n<title>Buy Derma Science 47% Vita C Complex Ampoule 50ml - Fillers from My Lip Filler<\/title>\n<meta name=\"description\" content=\"\u2765Buy Derma Science 47% Vita C Complex Ampoule 50ml \u23e9 My Lip Filler online store \u27a6 Quality assurance, reviews, ingredients, best prices!\" \/>\n<meta name=\"robots\" content=\"index, follow, max-snippet:-1, max-image-preview:large, max-video-preview:-1\" \/>\n<link rel=\"canonical\" href=\"https:\/\/mylipfiller.com\/es\/derma-science-47-vita-c-complex-ampoule-50ml\/\" \/>\n<meta property=\"og:locale\" content=\"es_MX\" \/>\n<meta property=\"og:type\" content=\"article\" \/>\n<meta property=\"og:title\" content=\"Buy Derma Science 47% Vita C Complex Ampoule 50ml - Fillers from My Lip Filler\" \/>\n<meta property=\"og:description\" content=\"\u2765Buy Derma Science 47% Vita C Complex Ampoule 50ml \u23e9 My Lip Filler online store \u27a6 Quality assurance, reviews, ingredients, best prices!\" \/>\n<meta property=\"og:url\" content=\"https:\/\/mylipfiller.com\/es\/derma-science-47-vita-c-complex-ampoule-50ml\/\" \/>\n<meta property=\"og:site_name\" content=\"My Lip Filler\" \/>\n<meta property=\"article:modified_time\" content=\"2024-07-03T15:32:37+00:00\" \/>\n<meta property=\"og:image\" content=\"https:\/\/cdn.mylipfiller.com\/wp-content\/uploads\/2019\/08\/Vita-C-Complex-Ampoule.jpg\" \/>\n\t<meta property=\"og:image:width\" content=\"600\" \/>\n\t<meta property=\"og:image:height\" content=\"600\" \/>\n\t<meta property=\"og:image:type\" content=\"image\/jpeg\" \/>\n<meta name=\"twitter:card\" content=\"summary_large_image\" \/>\n<meta name=\"twitter:label1\" content=\"Tiempo de lectura\" \/>\n\t<meta name=\"twitter:data1\" content=\"2 minutos\" \/>\n<script type=\"application\/ld+json\" class=\"yoast-schema-graph\">{\"@context\":\"https:\\\/\\\/schema.org\",\"@graph\":[{\"@type\":\"WebPage\",\"@id\":\"https:\\\/\\\/mylipfiller.com\\\/derma-science-47-vita-c-complex-ampoule-50ml\\\/\",\"url\":\"https:\\\/\\\/mylipfiller.com\\\/derma-science-47-vita-c-complex-ampoule-50ml\\\/\",\"name\":\"Buy Derma Science 47% Vita C Complex Ampoule 50ml - Fillers from My Lip Filler\",\"isPartOf\":{\"@id\":\"https:\\\/\\\/mylipfiller.com\\\/#website\"},\"primaryImageOfPage\":{\"@id\":\"https:\\\/\\\/mylipfiller.com\\\/derma-science-47-vita-c-complex-ampoule-50ml\\\/#primaryimage\"},\"image\":{\"@id\":\"https:\\\/\\\/mylipfiller.com\\\/derma-science-47-vita-c-complex-ampoule-50ml\\\/#primaryimage\"},\"thumbnailUrl\":\"https:\\\/\\\/mylipfiller.com\\\/wp-content\\\/uploads\\\/2019\\\/08\\\/Vita-C-Complex-Ampoule.jpg\",\"datePublished\":\"2019-08-21T08:55:43+00:00\",\"dateModified\":\"2024-07-03T15:32:37+00:00\",\"description\":\"\u2765Buy Derma Science 47% Vita C Complex Ampoule 50ml \u23e9 My Lip Filler online store \u27a6 Quality assurance, reviews, ingredients, best prices!\",\"breadcrumb\":{\"@id\":\"https:\\\/\\\/mylipfiller.com\\\/derma-science-47-vita-c-complex-ampoule-50ml\\\/#breadcrumb\"},\"inLanguage\":\"es\",\"potentialAction\":[{\"@type\":\"ReadAction\",\"target\":[\"https:\\\/\\\/mylipfiller.com\\\/derma-science-47-vita-c-complex-ampoule-50ml\\\/\"]}]},{\"@type\":\"ImageObject\",\"inLanguage\":\"es\",\"@id\":\"https:\\\/\\\/mylipfiller.com\\\/derma-science-47-vita-c-complex-ampoule-50ml\\\/#primaryimage\",\"url\":\"https:\\\/\\\/mylipfiller.com\\\/wp-content\\\/uploads\\\/2019\\\/08\\\/Vita-C-Complex-Ampoule.jpg\",\"contentUrl\":\"https:\\\/\\\/mylipfiller.com\\\/wp-content\\\/uploads\\\/2019\\\/08\\\/Vita-C-Complex-Ampoule.jpg\",\"width\":600,\"height\":600,\"caption\":\"Vita C Complex Ampoule\"},{\"@type\":\"BreadcrumbList\",\"@id\":\"https:\\\/\\\/mylipfiller.com\\\/derma-science-47-vita-c-complex-ampoule-50ml\\\/#breadcrumb\",\"itemListElement\":[{\"@type\":\"ListItem\",\"position\":1,\"name\":\"Home\",\"item\":\"https:\\\/\\\/mylipfiller.com\\\/\"},{\"@type\":\"ListItem\",\"position\":2,\"name\":\"Shop\",\"item\":\"https:\\\/\\\/mylipfiller.com\\\/shop\\\/\"},{\"@type\":\"ListItem\",\"position\":3,\"name\":\"Derma Science 47% Vita C Complex Ampoule 50ml\"}]},{\"@type\":\"WebSite\",\"@id\":\"https:\\\/\\\/mylipfiller.com\\\/#website\",\"url\":\"https:\\\/\\\/mylipfiller.com\\\/\",\"name\":\"My Lip Filler\",\"description\":\"Hyaluronic Acid Lip and Dermal Fillers\",\"publisher\":{\"@id\":\"https:\\\/\\\/mylipfiller.com\\\/#organization\"},\"potentialAction\":[{\"@type\":\"SearchAction\",\"target\":{\"@type\":\"EntryPoint\",\"urlTemplate\":\"https:\\\/\\\/mylipfiller.com\\\/?s={search_term_string}\"},\"query-input\":{\"@type\":\"PropertyValueSpecification\",\"valueRequired\":true,\"valueName\":\"search_term_string\"}}],\"inLanguage\":\"es\"},{\"@type\":\"Organization\",\"@id\":\"https:\\\/\\\/mylipfiller.com\\\/#organization\",\"name\":\"My Lip Filler\",\"url\":\"https:\\\/\\\/mylipfiller.com\\\/\",\"logo\":{\"@type\":\"ImageObject\",\"inLanguage\":\"es\",\"@id\":\"https:\\\/\\\/mylipfiller.com\\\/#\\\/schema\\\/logo\\\/image\\\/\",\"url\":\"https:\\\/\\\/mylipfiller.com\\\/wp-content\\\/uploads\\\/2019\\\/02\\\/cropped-My-Lip-Filler-Logo.png\",\"contentUrl\":\"https:\\\/\\\/mylipfiller.com\\\/wp-content\\\/uploads\\\/2019\\\/02\\\/cropped-My-Lip-Filler-Logo.png\",\"width\":240,\"height\":88,\"caption\":\"My Lip Filler\"},\"image\":{\"@id\":\"https:\\\/\\\/mylipfiller.com\\\/#\\\/schema\\\/logo\\\/image\\\/\"}}]}<\/script>\n<!-- \/ Yoast SEO plugin. -->","yoast_head_json":{"title":"Comprar Derma Science 47% Vita C Complex Ampolla 50ml - Fillers de My Lip Filler","description":"\u2765Comprar Derma Science 47% Vita C Complex Ampolla 50ml \u23e9 Tienda online My Lip Filler \u27a6 Garant\u00eda de calidad, rese\u00f1as, ingredientes, \u00a1los mejores precios!","robots":{"index":"index","follow":"follow","max-snippet":"max-snippet:-1","max-image-preview":"max-image-preview:large","max-video-preview":"max-video-preview:-1"},"canonical":"https:\/\/mylipfiller.com\/es\/derma-science-47-vita-c-complex-ampoule-50ml\/","og_locale":"es_MX","og_type":"article","og_title":"Buy Derma Science 47% Vita C Complex Ampoule 50ml - Fillers from My Lip Filler","og_description":"\u2765Buy Derma Science 47% Vita C Complex Ampoule 50ml \u23e9 My Lip Filler online store \u27a6 Quality assurance, reviews, ingredients, best prices!","og_url":"https:\/\/mylipfiller.com\/es\/derma-science-47-vita-c-complex-ampoule-50ml\/","og_site_name":"My Lip Filler","article_modified_time":"2024-07-03T15:32:37+00:00","og_image":[{"width":600,"height":600,"url":"https:\/\/cdn.mylipfiller.com\/wp-content\/uploads\/2019\/08\/Vita-C-Complex-Ampoule.jpg","type":"image\/jpeg"}],"twitter_card":"summary_large_image","twitter_misc":{"Tiempo de lectura":"2 minutos"},"schema":{"@context":"https:\/\/schema.org","@graph":[{"@type":"WebPage","@id":"https:\/\/mylipfiller.com\/derma-science-47-vita-c-complex-ampoule-50ml\/","url":"https:\/\/mylipfiller.com\/derma-science-47-vita-c-complex-ampoule-50ml\/","name":"Comprar Derma Science 47% Vita C Complex Ampolla 50ml - Fillers de My Lip Filler","isPartOf":{"@id":"https:\/\/mylipfiller.com\/#website"},"primaryImageOfPage":{"@id":"https:\/\/mylipfiller.com\/derma-science-47-vita-c-complex-ampoule-50ml\/#primaryimage"},"image":{"@id":"https:\/\/mylipfiller.com\/derma-science-47-vita-c-complex-ampoule-50ml\/#primaryimage"},"thumbnailUrl":"https:\/\/cdn.mylipfiller.com\/wp-content\/uploads\/2019\/08\/Vita-C-Complex-Ampoule.jpg","datePublished":"2019-08-21T08:55:43+00:00","dateModified":"2024-07-03T15:32:37+00:00","description":"\u2765Comprar Derma Science 47% Vita C Complex Ampolla 50ml \u23e9 Tienda online My Lip Filler \u27a6 Garant\u00eda de calidad, rese\u00f1as, ingredientes, \u00a1los mejores precios!","breadcrumb":{"@id":"https:\/\/mylipfiller.com\/derma-science-47-vita-c-complex-ampoule-50ml\/#breadcrumb"},"inLanguage":"es","potentialAction":[{"@type":"ReadAction","target":["https:\/\/mylipfiller.com\/derma-science-47-vita-c-complex-ampoule-50ml\/"]}]},{"@type":"ImageObject","inLanguage":"es","@id":"https:\/\/mylipfiller.com\/derma-science-47-vita-c-complex-ampoule-50ml\/#primaryimage","url":"https:\/\/cdn.mylipfiller.com\/wp-content\/uploads\/2019\/08\/Vita-C-Complex-Ampoule.jpg","contentUrl":"https:\/\/cdn.mylipfiller.com\/wp-content\/uploads\/2019\/08\/Vita-C-Complex-Ampoule.jpg","width":600,"height":600,"caption":"Vita C Complex Ampoule"},{"@type":"BreadcrumbList","@id":"https:\/\/mylipfiller.com\/derma-science-47-vita-c-complex-ampoule-50ml\/#breadcrumb","itemListElement":[{"@type":"ListItem","position":1,"name":"Home","item":"https:\/\/mylipfiller.com\/"},{"@type":"ListItem","position":2,"name":"Shop","item":"https:\/\/mylipfiller.com\/shop\/"},{"@type":"ListItem","position":3,"name":"Derma Science 47% Vita C Complex Ampoule 50ml"}]},{"@type":"WebSite","@id":"https:\/\/mylipfiller.com\/#website","url":"https:\/\/mylipfiller.com\/","name":"Mi relleno de labios","description":"Rellenos d\u00e9rmicos y de labios con \u00e1cido hialur\u00f3nico","publisher":{"@id":"https:\/\/mylipfiller.com\/#organization"},"potentialAction":[{"@type":"SearchAction","target":{"@type":"EntryPoint","urlTemplate":"https:\/\/mylipfiller.com\/?s={search_term_string}"},"query-input":{"@type":"PropertyValueSpecification","valueRequired":true,"valueName":"search_term_string"}}],"inLanguage":"es"},{"@type":"Organization","@id":"https:\/\/mylipfiller.com\/#organization","name":"Mi relleno de labios","url":"https:\/\/mylipfiller.com\/","logo":{"@type":"ImageObject","inLanguage":"es","@id":"https:\/\/mylipfiller.com\/#\/schema\/logo\/image\/","url":"https:\/\/cdn.mylipfiller.com\/wp-content\/uploads\/2019\/02\/cropped-My-Lip-Filler-Logo.png","contentUrl":"https:\/\/cdn.mylipfiller.com\/wp-content\/uploads\/2019\/02\/cropped-My-Lip-Filler-Logo.png","width":240,"height":88,"caption":"My Lip Filler"},"image":{"@id":"https:\/\/mylipfiller.com\/#\/schema\/logo\/image\/"}}]}},"_links":{"self":[{"href":"https:\/\/mylipfiller.com\/es\/wp-json\/wp\/v2\/product\/4370","targetHints":{"allow":["GET"]}}],"collection":[{"href":"https:\/\/mylipfiller.com\/es\/wp-json\/wp\/v2\/product"}],"about":[{"href":"https:\/\/mylipfiller.com\/es\/wp-json\/wp\/v2\/types\/product"}],"wp:featuredmedia":[{"embeddable":true,"href":"https:\/\/mylipfiller.com\/es\/wp-json\/wp\/v2\/media\/4326"}],"wp:attachment":[{"href":"https:\/\/mylipfiller.com\/es\/wp-json\/wp\/v2\/media?parent=4370"}],"wp:term":[{"taxonomy":"product_brand","embeddable":true,"href":"https:\/\/mylipfiller.com\/es\/wp-json\/wp\/v2\/product_brand?post=4370"},{"taxonomy":"product_cat","embeddable":true,"href":"https:\/\/mylipfiller.com\/es\/wp-json\/wp\/v2\/product_cat?post=4370"},{"taxonomy":"product_tag","embeddable":true,"href":"https:\/\/mylipfiller.com\/es\/wp-json\/wp\/v2\/product_tag?post=4370"}],"curies":[{"name":"gracias","href":"https:\/\/api.w.org\/{rel}","templated":true}]}}