{"id":4376,"date":"2019-08-21T10:55:42","date_gmt":"2019-08-21T08:55:42","guid":{"rendered":"https:\/\/mylipfiller.com\/?post_type=product&#038;p=4376"},"modified":"2024-07-03T17:32:37","modified_gmt":"2024-07-03T15:32:37","slug":"derma-science-50-egf-complex-ampoule-50ml","status":"publish","type":"product","link":"https:\/\/mylipfiller.com\/es\/derma-science-50-egf-complex-ampoule-50ml\/","title":{"rendered":"Derma Science 50% EGF Ampolla compleja - 50 ml"},"content":{"rendered":"<h3>Una soluci\u00f3n antienvejecimiento totalmente natural<\/h3>\n<p>Derma Science 50% EGF Complex Ampoule es muy f\u00e1cil de aplicar pero los resultados que ofrece son dif\u00edciles de superar. Esto se debe a que esta soluci\u00f3n optimizada para el cuidado de la piel contiene solo ingredientes naturales, cada uno de los cuales tiene su propio conjunto \u00fanico de impresionantes poderes rejuvenecedores de la piel. El EGF Complex en \u00e9l, por ejemplo, est\u00e1 dise\u00f1ado para <u>animar a la piel a que se cure por s\u00ed sola<\/u> y estimula eficazmente la renovaci\u00f3n y reparaci\u00f3n de las c\u00e9lulas de la piel y mejora la s\u00edntesis de elastina, col\u00e1geno y otras prote\u00ednas estructurales de gran importancia. La adenosina en el producto tiene potentes propiedades antiarrugas que se vuelven particularmente visibles despu\u00e9s de una aplicaci\u00f3n prolongada. Para preservar y refrescar la piel, esta avanzada soluci\u00f3n de rejuvenecimiento cosm\u00e9tico tambi\u00e9n le proporcionar\u00e1 una amplia gama de <strong>nutrientes y vitaminas<\/strong> a trav\u00e9s de la sustancia totalmente natural Exlipata Prostrata. La trehalosa que contiene, por otro lado, tiene incre\u00edbles poderes hidratantes que no solo pueden mejorar los niveles saludables de hidrataci\u00f3n de la piel, sino tambi\u00e9n mantenerlos. Otros ingredientes clave en Derma Science 50% EGF Complex Ampoule 50ml son:<\/p>\n<ul>\n<li>sh-oligop\u00e9ptido<\/li>\n<li>Aceite de lavanda<\/li>\n<li>Lecitina<\/li>\n<li>Hexap\u00e9ptido-44<\/li>\n<li>sh-polip\u00e9ptido-1<\/li>\n<li>Glicerina<\/li>\n<\/ul>\n<h3>\u00bfSe puede combinar con otros productos para el cuidado de la piel?<\/h3>\n<p>Debido a su <u>no agresivo y libre de qu\u00edmicos<\/u> En su composici\u00f3n, esta ampolla anti-envejecimiento pionera de Histolab se puede utilizar de forma f\u00e1cil y segura junto con otros productos de rejuvenecimiento de la piel de calidad profesional, especialmente los de la gama Derma Science. Eso mejorar\u00e1 a\u00fan m\u00e1s los efectos del tratamiento.<\/p>","protected":false},"excerpt":{"rendered":"<p>Para reducir r\u00e1pidamente la aparici\u00f3n de arrugas superficiales, ya no es necesario soportar el dolor, las agujas, los procedimientos invasivos y el tiempo de inactividad prolongado. Todo lo que necesitas <em>disfruta de una piel m\u00e1s suave<\/em>, libre de arrugas superficiales y l\u00edneas finas, es Derma Science 50% EGF Complex Ampoule 50ml. Este confiable producto para estimular la piel de Histolab tiene <u>propiedades anti-envejecimiento excepcionales<\/u>. Mejora la elasticidad de la piel y le aporta diversas vitaminas y nutrientes. P\u00eddelo en My Lip Filler.<\/p>","protected":false},"featured_media":4336,"template":"","meta":{"_acf_changed":false},"product_brand":[],"product_cat":[58,165,57],"product_tag":[111,137],"class_list":{"0":"post-4376","1":"product","2":"type-product","3":"status-publish","4":"has-post-thumbnail","6":"product_cat-derma-science","7":"product_cat-medians","8":"product_cat-skin-care","9":"product_tag-face","10":"product_tag-south-korea","12":"first","13":"outofstock","14":"taxable","15":"shipping-taxable","16":"purchasable","17":"product-type-simple"},"acf":[],"yoast_head":"<!-- This site is optimized with the Yoast SEO plugin v27.4 - https:\/\/yoast.com\/product\/yoast-seo-wordpress\/ -->\n<title>Buy Derma Science 50% EGF Complex Ampoule \u2013 50ml - Fillers from My Lip Filler<\/title>\n<meta name=\"description\" content=\"\u2765Buy Derma Science 50% EGF Complex Ampoule \u2013 50ml \u23e9 My Lip Filler online store \u27a6 Quality assurance, reviews, ingredients, best prices!\" \/>\n<meta name=\"robots\" content=\"index, follow, max-snippet:-1, max-image-preview:large, max-video-preview:-1\" \/>\n<link rel=\"canonical\" href=\"https:\/\/mylipfiller.com\/es\/derma-science-50-egf-complex-ampoule-50ml\/\" \/>\n<meta property=\"og:locale\" content=\"es_MX\" \/>\n<meta property=\"og:type\" content=\"article\" \/>\n<meta property=\"og:title\" content=\"Buy Derma Science 50% EGF Complex Ampoule \u2013 50ml - Fillers from My Lip Filler\" \/>\n<meta property=\"og:description\" content=\"\u2765Buy Derma Science 50% EGF Complex Ampoule \u2013 50ml \u23e9 My Lip Filler online store \u27a6 Quality assurance, reviews, ingredients, best prices!\" \/>\n<meta property=\"og:url\" content=\"https:\/\/mylipfiller.com\/es\/derma-science-50-egf-complex-ampoule-50ml\/\" \/>\n<meta property=\"og:site_name\" content=\"My Lip Filler\" \/>\n<meta property=\"article:modified_time\" content=\"2024-07-03T15:32:37+00:00\" \/>\n<meta property=\"og:image\" content=\"https:\/\/cdn.mylipfiller.com\/wp-content\/uploads\/2019\/08\/EGF-Complex-Ampoule.jpg\" \/>\n\t<meta property=\"og:image:width\" content=\"600\" \/>\n\t<meta property=\"og:image:height\" content=\"600\" \/>\n\t<meta property=\"og:image:type\" content=\"image\/jpeg\" \/>\n<meta name=\"twitter:card\" content=\"summary_large_image\" \/>\n<meta name=\"twitter:label1\" content=\"Tiempo de lectura\" \/>\n\t<meta name=\"twitter:data1\" content=\"2 minutos\" \/>\n<script type=\"application\/ld+json\" class=\"yoast-schema-graph\">{\"@context\":\"https:\\\/\\\/schema.org\",\"@graph\":[{\"@type\":\"WebPage\",\"@id\":\"https:\\\/\\\/mylipfiller.com\\\/derma-science-50-egf-complex-ampoule-50ml\\\/\",\"url\":\"https:\\\/\\\/mylipfiller.com\\\/derma-science-50-egf-complex-ampoule-50ml\\\/\",\"name\":\"Buy Derma Science 50% EGF Complex Ampoule \u2013 50ml - Fillers from My Lip Filler\",\"isPartOf\":{\"@id\":\"https:\\\/\\\/mylipfiller.com\\\/#website\"},\"primaryImageOfPage\":{\"@id\":\"https:\\\/\\\/mylipfiller.com\\\/derma-science-50-egf-complex-ampoule-50ml\\\/#primaryimage\"},\"image\":{\"@id\":\"https:\\\/\\\/mylipfiller.com\\\/derma-science-50-egf-complex-ampoule-50ml\\\/#primaryimage\"},\"thumbnailUrl\":\"https:\\\/\\\/mylipfiller.com\\\/wp-content\\\/uploads\\\/2019\\\/08\\\/EGF-Complex-Ampoule.jpg\",\"datePublished\":\"2019-08-21T08:55:42+00:00\",\"dateModified\":\"2024-07-03T15:32:37+00:00\",\"description\":\"\u2765Buy Derma Science 50% EGF Complex Ampoule \u2013 50ml \u23e9 My Lip Filler online store \u27a6 Quality assurance, reviews, ingredients, best prices!\",\"breadcrumb\":{\"@id\":\"https:\\\/\\\/mylipfiller.com\\\/derma-science-50-egf-complex-ampoule-50ml\\\/#breadcrumb\"},\"inLanguage\":\"es\",\"potentialAction\":[{\"@type\":\"ReadAction\",\"target\":[\"https:\\\/\\\/mylipfiller.com\\\/derma-science-50-egf-complex-ampoule-50ml\\\/\"]}]},{\"@type\":\"ImageObject\",\"inLanguage\":\"es\",\"@id\":\"https:\\\/\\\/mylipfiller.com\\\/derma-science-50-egf-complex-ampoule-50ml\\\/#primaryimage\",\"url\":\"https:\\\/\\\/mylipfiller.com\\\/wp-content\\\/uploads\\\/2019\\\/08\\\/EGF-Complex-Ampoule.jpg\",\"contentUrl\":\"https:\\\/\\\/mylipfiller.com\\\/wp-content\\\/uploads\\\/2019\\\/08\\\/EGF-Complex-Ampoule.jpg\",\"width\":600,\"height\":600,\"caption\":\"EGF Complex Ampoule\"},{\"@type\":\"BreadcrumbList\",\"@id\":\"https:\\\/\\\/mylipfiller.com\\\/derma-science-50-egf-complex-ampoule-50ml\\\/#breadcrumb\",\"itemListElement\":[{\"@type\":\"ListItem\",\"position\":1,\"name\":\"Home\",\"item\":\"https:\\\/\\\/mylipfiller.com\\\/\"},{\"@type\":\"ListItem\",\"position\":2,\"name\":\"Shop\",\"item\":\"https:\\\/\\\/mylipfiller.com\\\/shop\\\/\"},{\"@type\":\"ListItem\",\"position\":3,\"name\":\"Derma Science 50% EGF Complex Ampoule \u2013 50ml\"}]},{\"@type\":\"WebSite\",\"@id\":\"https:\\\/\\\/mylipfiller.com\\\/#website\",\"url\":\"https:\\\/\\\/mylipfiller.com\\\/\",\"name\":\"My Lip Filler\",\"description\":\"Hyaluronic Acid Lip and Dermal Fillers\",\"publisher\":{\"@id\":\"https:\\\/\\\/mylipfiller.com\\\/#organization\"},\"potentialAction\":[{\"@type\":\"SearchAction\",\"target\":{\"@type\":\"EntryPoint\",\"urlTemplate\":\"https:\\\/\\\/mylipfiller.com\\\/?s={search_term_string}\"},\"query-input\":{\"@type\":\"PropertyValueSpecification\",\"valueRequired\":true,\"valueName\":\"search_term_string\"}}],\"inLanguage\":\"es\"},{\"@type\":\"Organization\",\"@id\":\"https:\\\/\\\/mylipfiller.com\\\/#organization\",\"name\":\"My Lip Filler\",\"url\":\"https:\\\/\\\/mylipfiller.com\\\/\",\"logo\":{\"@type\":\"ImageObject\",\"inLanguage\":\"es\",\"@id\":\"https:\\\/\\\/mylipfiller.com\\\/#\\\/schema\\\/logo\\\/image\\\/\",\"url\":\"https:\\\/\\\/mylipfiller.com\\\/wp-content\\\/uploads\\\/2019\\\/02\\\/cropped-My-Lip-Filler-Logo.png\",\"contentUrl\":\"https:\\\/\\\/mylipfiller.com\\\/wp-content\\\/uploads\\\/2019\\\/02\\\/cropped-My-Lip-Filler-Logo.png\",\"width\":240,\"height\":88,\"caption\":\"My Lip Filler\"},\"image\":{\"@id\":\"https:\\\/\\\/mylipfiller.com\\\/#\\\/schema\\\/logo\\\/image\\\/\"}}]}<\/script>\n<!-- \/ Yoast SEO plugin. -->","yoast_head_json":{"title":"Comprar Derma Science 50% Ampolla Complex EGF - 50ml - Rellenos de My Lip Filler","description":"\u2765Comprar Ampolla Complex Derma Science 50% EGF - 50ml \u23e9 Tienda online My Lip Filler \u27a6 Garant\u00eda de calidad, rese\u00f1as, ingredientes, \u00a1los mejores precios!","robots":{"index":"index","follow":"follow","max-snippet":"max-snippet:-1","max-image-preview":"max-image-preview:large","max-video-preview":"max-video-preview:-1"},"canonical":"https:\/\/mylipfiller.com\/es\/derma-science-50-egf-complex-ampoule-50ml\/","og_locale":"es_MX","og_type":"article","og_title":"Buy Derma Science 50% EGF Complex Ampoule \u2013 50ml - Fillers from My Lip Filler","og_description":"\u2765Buy Derma Science 50% EGF Complex Ampoule \u2013 50ml \u23e9 My Lip Filler online store \u27a6 Quality assurance, reviews, ingredients, best prices!","og_url":"https:\/\/mylipfiller.com\/es\/derma-science-50-egf-complex-ampoule-50ml\/","og_site_name":"My Lip Filler","article_modified_time":"2024-07-03T15:32:37+00:00","og_image":[{"width":600,"height":600,"url":"https:\/\/cdn.mylipfiller.com\/wp-content\/uploads\/2019\/08\/EGF-Complex-Ampoule.jpg","type":"image\/jpeg"}],"twitter_card":"summary_large_image","twitter_misc":{"Tiempo de lectura":"2 minutos"},"schema":{"@context":"https:\/\/schema.org","@graph":[{"@type":"WebPage","@id":"https:\/\/mylipfiller.com\/derma-science-50-egf-complex-ampoule-50ml\/","url":"https:\/\/mylipfiller.com\/derma-science-50-egf-complex-ampoule-50ml\/","name":"Comprar Derma Science 50% Ampolla Complex EGF - 50ml - Rellenos de My Lip Filler","isPartOf":{"@id":"https:\/\/mylipfiller.com\/#website"},"primaryImageOfPage":{"@id":"https:\/\/mylipfiller.com\/derma-science-50-egf-complex-ampoule-50ml\/#primaryimage"},"image":{"@id":"https:\/\/mylipfiller.com\/derma-science-50-egf-complex-ampoule-50ml\/#primaryimage"},"thumbnailUrl":"https:\/\/cdn.mylipfiller.com\/wp-content\/uploads\/2019\/08\/EGF-Complex-Ampoule.jpg","datePublished":"2019-08-21T08:55:42+00:00","dateModified":"2024-07-03T15:32:37+00:00","description":"\u2765Comprar Ampolla Complex Derma Science 50% EGF - 50ml \u23e9 Tienda online My Lip Filler \u27a6 Garant\u00eda de calidad, rese\u00f1as, ingredientes, \u00a1los mejores precios!","breadcrumb":{"@id":"https:\/\/mylipfiller.com\/derma-science-50-egf-complex-ampoule-50ml\/#breadcrumb"},"inLanguage":"es","potentialAction":[{"@type":"ReadAction","target":["https:\/\/mylipfiller.com\/derma-science-50-egf-complex-ampoule-50ml\/"]}]},{"@type":"ImageObject","inLanguage":"es","@id":"https:\/\/mylipfiller.com\/derma-science-50-egf-complex-ampoule-50ml\/#primaryimage","url":"https:\/\/cdn.mylipfiller.com\/wp-content\/uploads\/2019\/08\/EGF-Complex-Ampoule.jpg","contentUrl":"https:\/\/cdn.mylipfiller.com\/wp-content\/uploads\/2019\/08\/EGF-Complex-Ampoule.jpg","width":600,"height":600,"caption":"EGF Complex Ampoule"},{"@type":"BreadcrumbList","@id":"https:\/\/mylipfiller.com\/derma-science-50-egf-complex-ampoule-50ml\/#breadcrumb","itemListElement":[{"@type":"ListItem","position":1,"name":"Home","item":"https:\/\/mylipfiller.com\/"},{"@type":"ListItem","position":2,"name":"Shop","item":"https:\/\/mylipfiller.com\/shop\/"},{"@type":"ListItem","position":3,"name":"Derma Science 50% EGF Complex Ampoule \u2013 50ml"}]},{"@type":"WebSite","@id":"https:\/\/mylipfiller.com\/#website","url":"https:\/\/mylipfiller.com\/","name":"Mi relleno de labios","description":"Rellenos d\u00e9rmicos y de labios con \u00e1cido hialur\u00f3nico","publisher":{"@id":"https:\/\/mylipfiller.com\/#organization"},"potentialAction":[{"@type":"SearchAction","target":{"@type":"EntryPoint","urlTemplate":"https:\/\/mylipfiller.com\/?s={search_term_string}"},"query-input":{"@type":"PropertyValueSpecification","valueRequired":true,"valueName":"search_term_string"}}],"inLanguage":"es"},{"@type":"Organization","@id":"https:\/\/mylipfiller.com\/#organization","name":"Mi relleno de labios","url":"https:\/\/mylipfiller.com\/","logo":{"@type":"ImageObject","inLanguage":"es","@id":"https:\/\/mylipfiller.com\/#\/schema\/logo\/image\/","url":"https:\/\/cdn.mylipfiller.com\/wp-content\/uploads\/2019\/02\/cropped-My-Lip-Filler-Logo.png","contentUrl":"https:\/\/cdn.mylipfiller.com\/wp-content\/uploads\/2019\/02\/cropped-My-Lip-Filler-Logo.png","width":240,"height":88,"caption":"My Lip Filler"},"image":{"@id":"https:\/\/mylipfiller.com\/#\/schema\/logo\/image\/"}}]}},"_links":{"self":[{"href":"https:\/\/mylipfiller.com\/es\/wp-json\/wp\/v2\/product\/4376","targetHints":{"allow":["GET"]}}],"collection":[{"href":"https:\/\/mylipfiller.com\/es\/wp-json\/wp\/v2\/product"}],"about":[{"href":"https:\/\/mylipfiller.com\/es\/wp-json\/wp\/v2\/types\/product"}],"wp:featuredmedia":[{"embeddable":true,"href":"https:\/\/mylipfiller.com\/es\/wp-json\/wp\/v2\/media\/4336"}],"wp:attachment":[{"href":"https:\/\/mylipfiller.com\/es\/wp-json\/wp\/v2\/media?parent=4376"}],"wp:term":[{"taxonomy":"product_brand","embeddable":true,"href":"https:\/\/mylipfiller.com\/es\/wp-json\/wp\/v2\/product_brand?post=4376"},{"taxonomy":"product_cat","embeddable":true,"href":"https:\/\/mylipfiller.com\/es\/wp-json\/wp\/v2\/product_cat?post=4376"},{"taxonomy":"product_tag","embeddable":true,"href":"https:\/\/mylipfiller.com\/es\/wp-json\/wp\/v2\/product_tag?post=4376"}],"curies":[{"name":"gracias","href":"https:\/\/api.w.org\/{rel}","templated":true}]}}