{"id":4377,"date":"2019-08-21T10:55:43","date_gmt":"2019-08-21T08:55:43","guid":{"rendered":"https:\/\/mylipfiller.com\/?post_type=product&#038;p=4377"},"modified":"2024-07-03T17:32:37","modified_gmt":"2024-07-03T15:32:37","slug":"derma-science-62-hyaluron-complex-ampoule-50ml","status":"publish","type":"product","link":"https:\/\/mylipfiller.com\/es\/derma-science-62-hyaluron-complex-ampoule-50ml\/","title":{"rendered":"Derma Science 62% Ampolla de complejo de hialuron - 50 ml"},"content":{"rendered":"<h3>Un efecto de hidrataci\u00f3n cut\u00e1nea instant\u00e1nea y duradera<\/h3>\n<p>La principal superpotencia del hialuronato de sodio es <strong>impulsar y mantener un equilibrio h\u00eddrico saludable<\/strong> niveles en la piel. Esto tiene un efecto positivo en la elasticidad y textura de la piel. Derma Science 62% Hyaluron Complex Ampoule se debe aplicar sobre la piel que:<\/p>\n<ul>\n<li>Envejecido (con l\u00edneas finas y arrugas superficiales)<\/li>\n<li>\u00c1spero (escamoso y apretado)<\/li>\n<li>Seco (irritado, con comez\u00f3n, enrojecido, etc.)<\/li>\n<\/ul>\n<p>Aproximadamente 2 o 3 gotas del producto son suficientes para un solo tratamiento. D\u00e9 palmaditas directamente sobre la piel con un algod\u00f3n limpio hasta que la soluci\u00f3n se absorba correctamente.<\/p>\n<h3>Una combinaci\u00f3n innovadora de ingredientes<\/h3>\n<p>Hyaluron no est\u00e1 solo en la batalla contra el envejecimiento. Derma Science 62% Hyaluron Complex Ampoule tambi\u00e9n contiene varios otros <u>agentes hidratantes sin riesgo<\/u> como jugo de plomo de Aloe Barbadensis, lecitina y extracto de pomelo. Este \u00faltimo tambi\u00e9n desempe\u00f1a el papel de un antioxidante y mejora a\u00fan m\u00e1s las sorprendentes capacidades antienvejecimiento de la f\u00f3rmula del producto. Los pacientes que opten por utilizar esta excelente soluci\u00f3n cosm\u00e9tica tambi\u00e9n notar\u00e1n que cualquier irritaci\u00f3n de la piel que les haya causado molestias en el pasado desaparecer\u00e1 r\u00e1pidamente. Eso se puede culpar al <em>cualidades calmantes y calmantes<\/em> de agua de rosas, otro ingrediente especial que se puede encontrar en este producto.<\/p>\n<p>Nosotros, de My Lip Filler, ofrecemos los productos que aparecen en nuestra tienda en l\u00ednea en su paquete original con todas las marcas necesarias. Con nosotros, obtienes un producto aut\u00e9ntico 100%.<\/p>","protected":false},"excerpt":{"rendered":"<p>Hyaluron es un ingrediente popular en muchos rellenos de tejidos blandos de buena calidad y ahora se ha abierto camino hacia uno de los productos innovadores para el cuidado de la piel de la l\u00ednea Derma Science de Histolab: Derma Science 62% Hyaluron Complex Ampoule 50ml. Vendido por My Lip Filler, esta soluci\u00f3n de rejuvenecimiento cosm\u00e9tico de primera categor\u00eda <u>da a la piel envejecida y seca una apariencia m\u00e1s joven<\/u> mejorando la elasticidad de la piel, calmando las irritaciones y ofreciendo una hidrataci\u00f3n robusta de la piel.<\/p>","protected":false},"featured_media":4348,"template":"","meta":{"_acf_changed":false},"product_brand":[],"product_cat":[58,165,57],"product_tag":[111,137],"class_list":{"0":"post-4377","1":"product","2":"type-product","3":"status-publish","4":"has-post-thumbnail","6":"product_cat-derma-science","7":"product_cat-medians","8":"product_cat-skin-care","9":"product_tag-face","10":"product_tag-south-korea","12":"first","13":"outofstock","14":"taxable","15":"shipping-taxable","16":"purchasable","17":"product-type-simple"},"acf":[],"yoast_head":"<!-- This site is optimized with the Yoast SEO plugin v27.4 - https:\/\/yoast.com\/product\/yoast-seo-wordpress\/ -->\n<title>Buy Derma Science 62% Hyaluron Complex Ampoule \u2013 50ml - Fillers from My Lip Filler<\/title>\n<meta name=\"description\" content=\"\u2765Buy Derma Science 62% Hyaluron Complex Ampoule \u2013 50ml \u23e9 My Lip Filler online store \u27a6 Quality assurance, reviews, ingredients, best prices!\" \/>\n<meta name=\"robots\" content=\"index, follow, max-snippet:-1, max-image-preview:large, max-video-preview:-1\" \/>\n<link rel=\"canonical\" href=\"https:\/\/mylipfiller.com\/es\/derma-science-62-hyaluron-complex-ampoule-50ml\/\" \/>\n<meta property=\"og:locale\" content=\"es_MX\" \/>\n<meta property=\"og:type\" content=\"article\" \/>\n<meta property=\"og:title\" content=\"Buy Derma Science 62% Hyaluron Complex Ampoule \u2013 50ml - Fillers from My Lip Filler\" \/>\n<meta property=\"og:description\" content=\"\u2765Buy Derma Science 62% Hyaluron Complex Ampoule \u2013 50ml \u23e9 My Lip Filler online store \u27a6 Quality assurance, reviews, ingredients, best prices!\" \/>\n<meta property=\"og:url\" content=\"https:\/\/mylipfiller.com\/es\/derma-science-62-hyaluron-complex-ampoule-50ml\/\" \/>\n<meta property=\"og:site_name\" content=\"My Lip Filler\" \/>\n<meta property=\"article:modified_time\" content=\"2024-07-03T15:32:37+00:00\" \/>\n<meta property=\"og:image\" content=\"https:\/\/cdn.mylipfiller.com\/wp-content\/uploads\/2019\/08\/Hyaluron-Complex-Ampoule.jpg\" \/>\n\t<meta property=\"og:image:width\" content=\"600\" \/>\n\t<meta property=\"og:image:height\" content=\"600\" \/>\n\t<meta property=\"og:image:type\" content=\"image\/jpeg\" \/>\n<meta name=\"twitter:card\" content=\"summary_large_image\" \/>\n<meta name=\"twitter:label1\" content=\"Tiempo de lectura\" \/>\n\t<meta name=\"twitter:data1\" content=\"2 minutos\" \/>\n<script type=\"application\/ld+json\" class=\"yoast-schema-graph\">{\"@context\":\"https:\\\/\\\/schema.org\",\"@graph\":[{\"@type\":\"WebPage\",\"@id\":\"https:\\\/\\\/mylipfiller.com\\\/derma-science-62-hyaluron-complex-ampoule-50ml\\\/\",\"url\":\"https:\\\/\\\/mylipfiller.com\\\/derma-science-62-hyaluron-complex-ampoule-50ml\\\/\",\"name\":\"Buy Derma Science 62% Hyaluron Complex Ampoule \u2013 50ml - Fillers from My Lip Filler\",\"isPartOf\":{\"@id\":\"https:\\\/\\\/mylipfiller.com\\\/#website\"},\"primaryImageOfPage\":{\"@id\":\"https:\\\/\\\/mylipfiller.com\\\/derma-science-62-hyaluron-complex-ampoule-50ml\\\/#primaryimage\"},\"image\":{\"@id\":\"https:\\\/\\\/mylipfiller.com\\\/derma-science-62-hyaluron-complex-ampoule-50ml\\\/#primaryimage\"},\"thumbnailUrl\":\"https:\\\/\\\/mylipfiller.com\\\/wp-content\\\/uploads\\\/2019\\\/08\\\/Hyaluron-Complex-Ampoule.jpg\",\"datePublished\":\"2019-08-21T08:55:43+00:00\",\"dateModified\":\"2024-07-03T15:32:37+00:00\",\"description\":\"\u2765Buy Derma Science 62% Hyaluron Complex Ampoule \u2013 50ml \u23e9 My Lip Filler online store \u27a6 Quality assurance, reviews, ingredients, best prices!\",\"breadcrumb\":{\"@id\":\"https:\\\/\\\/mylipfiller.com\\\/derma-science-62-hyaluron-complex-ampoule-50ml\\\/#breadcrumb\"},\"inLanguage\":\"es\",\"potentialAction\":[{\"@type\":\"ReadAction\",\"target\":[\"https:\\\/\\\/mylipfiller.com\\\/derma-science-62-hyaluron-complex-ampoule-50ml\\\/\"]}]},{\"@type\":\"ImageObject\",\"inLanguage\":\"es\",\"@id\":\"https:\\\/\\\/mylipfiller.com\\\/derma-science-62-hyaluron-complex-ampoule-50ml\\\/#primaryimage\",\"url\":\"https:\\\/\\\/mylipfiller.com\\\/wp-content\\\/uploads\\\/2019\\\/08\\\/Hyaluron-Complex-Ampoule.jpg\",\"contentUrl\":\"https:\\\/\\\/mylipfiller.com\\\/wp-content\\\/uploads\\\/2019\\\/08\\\/Hyaluron-Complex-Ampoule.jpg\",\"width\":600,\"height\":600,\"caption\":\"Hyaluron Complex Ampoule\"},{\"@type\":\"BreadcrumbList\",\"@id\":\"https:\\\/\\\/mylipfiller.com\\\/derma-science-62-hyaluron-complex-ampoule-50ml\\\/#breadcrumb\",\"itemListElement\":[{\"@type\":\"ListItem\",\"position\":1,\"name\":\"Home\",\"item\":\"https:\\\/\\\/mylipfiller.com\\\/\"},{\"@type\":\"ListItem\",\"position\":2,\"name\":\"Shop\",\"item\":\"https:\\\/\\\/mylipfiller.com\\\/shop\\\/\"},{\"@type\":\"ListItem\",\"position\":3,\"name\":\"Derma Science 62% Hyaluron Complex Ampoule \u2013 50ml\"}]},{\"@type\":\"WebSite\",\"@id\":\"https:\\\/\\\/mylipfiller.com\\\/#website\",\"url\":\"https:\\\/\\\/mylipfiller.com\\\/\",\"name\":\"My Lip Filler\",\"description\":\"Hyaluronic Acid Lip and Dermal Fillers\",\"publisher\":{\"@id\":\"https:\\\/\\\/mylipfiller.com\\\/#organization\"},\"potentialAction\":[{\"@type\":\"SearchAction\",\"target\":{\"@type\":\"EntryPoint\",\"urlTemplate\":\"https:\\\/\\\/mylipfiller.com\\\/?s={search_term_string}\"},\"query-input\":{\"@type\":\"PropertyValueSpecification\",\"valueRequired\":true,\"valueName\":\"search_term_string\"}}],\"inLanguage\":\"es\"},{\"@type\":\"Organization\",\"@id\":\"https:\\\/\\\/mylipfiller.com\\\/#organization\",\"name\":\"My Lip Filler\",\"url\":\"https:\\\/\\\/mylipfiller.com\\\/\",\"logo\":{\"@type\":\"ImageObject\",\"inLanguage\":\"es\",\"@id\":\"https:\\\/\\\/mylipfiller.com\\\/#\\\/schema\\\/logo\\\/image\\\/\",\"url\":\"https:\\\/\\\/mylipfiller.com\\\/wp-content\\\/uploads\\\/2019\\\/02\\\/cropped-My-Lip-Filler-Logo.png\",\"contentUrl\":\"https:\\\/\\\/mylipfiller.com\\\/wp-content\\\/uploads\\\/2019\\\/02\\\/cropped-My-Lip-Filler-Logo.png\",\"width\":240,\"height\":88,\"caption\":\"My Lip Filler\"},\"image\":{\"@id\":\"https:\\\/\\\/mylipfiller.com\\\/#\\\/schema\\\/logo\\\/image\\\/\"}}]}<\/script>\n<!-- \/ Yoast SEO plugin. -->","yoast_head_json":{"title":"Comprar Derma Science 62% Ampolla Hyaluron Complex - 50ml - Rellenos de My Lip Filler","description":"\u2765Compre Derma Science 62% Ampolla Hyaluron Complex - 50ml \u23e9 Tienda online My Lip Filler \u27a6 Garant\u00eda de calidad, rese\u00f1as, ingredientes, \u00a1los mejores precios!","robots":{"index":"index","follow":"follow","max-snippet":"max-snippet:-1","max-image-preview":"max-image-preview:large","max-video-preview":"max-video-preview:-1"},"canonical":"https:\/\/mylipfiller.com\/es\/derma-science-62-hyaluron-complex-ampoule-50ml\/","og_locale":"es_MX","og_type":"article","og_title":"Buy Derma Science 62% Hyaluron Complex Ampoule \u2013 50ml - Fillers from My Lip Filler","og_description":"\u2765Buy Derma Science 62% Hyaluron Complex Ampoule \u2013 50ml \u23e9 My Lip Filler online store \u27a6 Quality assurance, reviews, ingredients, best prices!","og_url":"https:\/\/mylipfiller.com\/es\/derma-science-62-hyaluron-complex-ampoule-50ml\/","og_site_name":"My Lip Filler","article_modified_time":"2024-07-03T15:32:37+00:00","og_image":[{"width":600,"height":600,"url":"https:\/\/cdn.mylipfiller.com\/wp-content\/uploads\/2019\/08\/Hyaluron-Complex-Ampoule.jpg","type":"image\/jpeg"}],"twitter_card":"summary_large_image","twitter_misc":{"Tiempo de lectura":"2 minutos"},"schema":{"@context":"https:\/\/schema.org","@graph":[{"@type":"WebPage","@id":"https:\/\/mylipfiller.com\/derma-science-62-hyaluron-complex-ampoule-50ml\/","url":"https:\/\/mylipfiller.com\/derma-science-62-hyaluron-complex-ampoule-50ml\/","name":"Comprar Derma Science 62% Ampolla Hyaluron Complex - 50ml - Rellenos de My Lip Filler","isPartOf":{"@id":"https:\/\/mylipfiller.com\/#website"},"primaryImageOfPage":{"@id":"https:\/\/mylipfiller.com\/derma-science-62-hyaluron-complex-ampoule-50ml\/#primaryimage"},"image":{"@id":"https:\/\/mylipfiller.com\/derma-science-62-hyaluron-complex-ampoule-50ml\/#primaryimage"},"thumbnailUrl":"https:\/\/cdn.mylipfiller.com\/wp-content\/uploads\/2019\/08\/Hyaluron-Complex-Ampoule.jpg","datePublished":"2019-08-21T08:55:43+00:00","dateModified":"2024-07-03T15:32:37+00:00","description":"\u2765Compre Derma Science 62% Ampolla Hyaluron Complex - 50ml \u23e9 Tienda online My Lip Filler \u27a6 Garant\u00eda de calidad, rese\u00f1as, ingredientes, \u00a1los mejores precios!","breadcrumb":{"@id":"https:\/\/mylipfiller.com\/derma-science-62-hyaluron-complex-ampoule-50ml\/#breadcrumb"},"inLanguage":"es","potentialAction":[{"@type":"ReadAction","target":["https:\/\/mylipfiller.com\/derma-science-62-hyaluron-complex-ampoule-50ml\/"]}]},{"@type":"ImageObject","inLanguage":"es","@id":"https:\/\/mylipfiller.com\/derma-science-62-hyaluron-complex-ampoule-50ml\/#primaryimage","url":"https:\/\/cdn.mylipfiller.com\/wp-content\/uploads\/2019\/08\/Hyaluron-Complex-Ampoule.jpg","contentUrl":"https:\/\/cdn.mylipfiller.com\/wp-content\/uploads\/2019\/08\/Hyaluron-Complex-Ampoule.jpg","width":600,"height":600,"caption":"Hyaluron Complex Ampoule"},{"@type":"BreadcrumbList","@id":"https:\/\/mylipfiller.com\/derma-science-62-hyaluron-complex-ampoule-50ml\/#breadcrumb","itemListElement":[{"@type":"ListItem","position":1,"name":"Home","item":"https:\/\/mylipfiller.com\/"},{"@type":"ListItem","position":2,"name":"Shop","item":"https:\/\/mylipfiller.com\/shop\/"},{"@type":"ListItem","position":3,"name":"Derma Science 62% Hyaluron Complex Ampoule \u2013 50ml"}]},{"@type":"WebSite","@id":"https:\/\/mylipfiller.com\/#website","url":"https:\/\/mylipfiller.com\/","name":"Mi relleno de labios","description":"Rellenos d\u00e9rmicos y de labios con \u00e1cido hialur\u00f3nico","publisher":{"@id":"https:\/\/mylipfiller.com\/#organization"},"potentialAction":[{"@type":"SearchAction","target":{"@type":"EntryPoint","urlTemplate":"https:\/\/mylipfiller.com\/?s={search_term_string}"},"query-input":{"@type":"PropertyValueSpecification","valueRequired":true,"valueName":"search_term_string"}}],"inLanguage":"es"},{"@type":"Organization","@id":"https:\/\/mylipfiller.com\/#organization","name":"Mi relleno de labios","url":"https:\/\/mylipfiller.com\/","logo":{"@type":"ImageObject","inLanguage":"es","@id":"https:\/\/mylipfiller.com\/#\/schema\/logo\/image\/","url":"https:\/\/cdn.mylipfiller.com\/wp-content\/uploads\/2019\/02\/cropped-My-Lip-Filler-Logo.png","contentUrl":"https:\/\/cdn.mylipfiller.com\/wp-content\/uploads\/2019\/02\/cropped-My-Lip-Filler-Logo.png","width":240,"height":88,"caption":"My Lip Filler"},"image":{"@id":"https:\/\/mylipfiller.com\/#\/schema\/logo\/image\/"}}]}},"_links":{"self":[{"href":"https:\/\/mylipfiller.com\/es\/wp-json\/wp\/v2\/product\/4377","targetHints":{"allow":["GET"]}}],"collection":[{"href":"https:\/\/mylipfiller.com\/es\/wp-json\/wp\/v2\/product"}],"about":[{"href":"https:\/\/mylipfiller.com\/es\/wp-json\/wp\/v2\/types\/product"}],"wp:featuredmedia":[{"embeddable":true,"href":"https:\/\/mylipfiller.com\/es\/wp-json\/wp\/v2\/media\/4348"}],"wp:attachment":[{"href":"https:\/\/mylipfiller.com\/es\/wp-json\/wp\/v2\/media?parent=4377"}],"wp:term":[{"taxonomy":"product_brand","embeddable":true,"href":"https:\/\/mylipfiller.com\/es\/wp-json\/wp\/v2\/product_brand?post=4377"},{"taxonomy":"product_cat","embeddable":true,"href":"https:\/\/mylipfiller.com\/es\/wp-json\/wp\/v2\/product_cat?post=4377"},{"taxonomy":"product_tag","embeddable":true,"href":"https:\/\/mylipfiller.com\/es\/wp-json\/wp\/v2\/product_tag?post=4377"}],"curies":[{"name":"gracias","href":"https:\/\/api.w.org\/{rel}","templated":true}]}}