{"id":4378,"date":"2019-08-21T10:55:42","date_gmt":"2019-08-21T08:55:42","guid":{"rendered":"https:\/\/mylipfiller.com\/?post_type=product&#038;p=4378"},"modified":"2024-07-03T17:32:37","modified_gmt":"2024-07-03T15:32:37","slug":"derma-science-72-azulene-complex-ampoule-50ml","status":"publish","type":"product","link":"https:\/\/mylipfiller.com\/es\/derma-science-72-azulene-complex-ampoule-50ml\/","title":{"rendered":"Derma Science 72% Azulene Complex Ampolla - 50ml"},"content":{"rendered":"<h3>Una ampolla potente que equilibra la producci\u00f3n de sebo.<\/h3>\n<p>Cuando la piel produce demasiado sebo, puede volverse extremadamente grasosa y eso es un atajo a una larga lista de problemas cosm\u00e9ticos como:<\/p>\n<ul>\n<li>Inflamaciones de la piel<\/li>\n<li>Acn\u00e9<\/li>\n<li>Poros de la piel agrandados<\/li>\n<li>Irritaciones de la piel<\/li>\n<\/ul>\n<p>Los pacientes que han estado luchando con cualquiera de estas preocupaciones no deben pensarlo dos veces antes de agregar Derma Science 72% Azulene Complex Ampoule a su rutina diaria de cuidado de la piel. Les proporcionar\u00e1 un efecto refrescante y calmante inmediato y tambi\u00e9n <u>limpiar la piel y los poros obstruidos<\/u> ya que contiene dimetilsulfona. Sin embargo, los resultados que ofrece esta confiable soluci\u00f3n para el cuidado de la piel no son temporales. El extracto de aceite de \u00e1rbol de t\u00e9 que contiene mejorar\u00e1 considerablemente el equilibrio h\u00eddrico de la piel. El BHA vegetal, por otro lado, <strong>reducir la producci\u00f3n de sebo<\/strong> a un nivel normal y m\u00e1s saludable.<\/p>\n<h3>\u00bfEste producto contiene ingredientes agresivos?<\/h3>\n<p>Derma Science 72% Azulene Complex Ampoule 50ml es un producto confiable de la gama avanzada Derma Science de Histolab. Esta alineaci\u00f3n se caracteriza por su <em>ingredientes seguros y a base de plantas<\/em> que son ricas en vitaminas y minerales. El producto de vanguardia para el cuidado de la piel que est\u00e1 viendo tambi\u00e9n se ajusta a esa descripci\u00f3n y presenta <u>cero alcohol, cero parabenos,<\/u> y cero ingredientes t\u00f3xicos. Se puede aplicar sobre pieles muy irritadas y no oculta riesgos para la salud incluso cuando se utiliza durante un per\u00edodo prolongado.<\/p>","protected":false},"excerpt":{"rendered":"<p>Las irritaciones e inflamaciones de la piel que son un resultado directo de la producci\u00f3n excesiva de sebo ya no tienen ninguna posibilidad porque Derma Science 72% Azulene Complex Ampoule 50ml se enfoca principalmente en esta preocupaci\u00f3n cosm\u00e9tica. Al confiar en un Azulene Complex de nueva generaci\u00f3n, este producto purificado para el cuidado de la piel casi <em>calma inmediatamente cualquier sensaci\u00f3n molesta<\/em> en la piel. Obtenga esta soluci\u00f3n cosm\u00e9tica de gama alta de nuestra parte, en My Lip Filler, y \u00fasela a diario para disfrutar de sus efectos beneficiosos.<\/p>","protected":false},"featured_media":4332,"template":"","meta":{"_acf_changed":false},"product_brand":[],"product_cat":[58,165,57],"product_tag":[111,137],"class_list":{"0":"post-4378","1":"product","2":"type-product","3":"status-publish","4":"has-post-thumbnail","6":"product_cat-derma-science","7":"product_cat-medians","8":"product_cat-skin-care","9":"product_tag-face","10":"product_tag-south-korea","12":"first","13":"outofstock","14":"taxable","15":"shipping-taxable","16":"purchasable","17":"product-type-simple"},"acf":[],"yoast_head":"<!-- This site is optimized with the Yoast SEO plugin v27.3 - https:\/\/yoast.com\/product\/yoast-seo-wordpress\/ -->\n<title>Buy Derma Science 72% Azulene Complex Ampoule \u2013 50ml - Fillers from My Lip Filler<\/title>\n<meta name=\"description\" content=\"\u2765Buy Derma Science 72% Azulene Complex Ampoule \u2013 50ml \u23e9 My Lip Filler online store \u27a6 Quality assurance, reviews, ingredients, best prices!\" \/>\n<meta name=\"robots\" content=\"index, follow, max-snippet:-1, max-image-preview:large, max-video-preview:-1\" \/>\n<link rel=\"canonical\" href=\"https:\/\/mylipfiller.com\/es\/derma-science-72-azulene-complex-ampoule-50ml\/\" \/>\n<meta property=\"og:locale\" content=\"es_MX\" \/>\n<meta property=\"og:type\" content=\"article\" \/>\n<meta property=\"og:title\" content=\"Buy Derma Science 72% Azulene Complex Ampoule \u2013 50ml - Fillers from My Lip Filler\" \/>\n<meta property=\"og:description\" content=\"\u2765Buy Derma Science 72% Azulene Complex Ampoule \u2013 50ml \u23e9 My Lip Filler online store \u27a6 Quality assurance, reviews, ingredients, best prices!\" \/>\n<meta property=\"og:url\" content=\"https:\/\/mylipfiller.com\/es\/derma-science-72-azulene-complex-ampoule-50ml\/\" \/>\n<meta property=\"og:site_name\" content=\"My Lip Filler\" \/>\n<meta property=\"article:modified_time\" content=\"2024-07-03T15:32:37+00:00\" \/>\n<meta property=\"og:image\" content=\"https:\/\/cdn.mylipfiller.com\/wp-content\/uploads\/2019\/08\/Azulene-Complex-Ampoule.jpg\" \/>\n\t<meta property=\"og:image:width\" content=\"600\" \/>\n\t<meta property=\"og:image:height\" content=\"600\" \/>\n\t<meta property=\"og:image:type\" content=\"image\/jpeg\" \/>\n<meta name=\"twitter:card\" content=\"summary_large_image\" \/>\n<meta name=\"twitter:label1\" content=\"Tiempo de lectura\" \/>\n\t<meta name=\"twitter:data1\" content=\"2 minutos\" \/>\n<script type=\"application\/ld+json\" class=\"yoast-schema-graph\">{\"@context\":\"https:\\\/\\\/schema.org\",\"@graph\":[{\"@type\":\"WebPage\",\"@id\":\"https:\\\/\\\/mylipfiller.com\\\/derma-science-72-azulene-complex-ampoule-50ml\\\/\",\"url\":\"https:\\\/\\\/mylipfiller.com\\\/derma-science-72-azulene-complex-ampoule-50ml\\\/\",\"name\":\"Buy Derma Science 72% Azulene Complex Ampoule \u2013 50ml - Fillers from My Lip Filler\",\"isPartOf\":{\"@id\":\"https:\\\/\\\/mylipfiller.com\\\/#website\"},\"primaryImageOfPage\":{\"@id\":\"https:\\\/\\\/mylipfiller.com\\\/derma-science-72-azulene-complex-ampoule-50ml\\\/#primaryimage\"},\"image\":{\"@id\":\"https:\\\/\\\/mylipfiller.com\\\/derma-science-72-azulene-complex-ampoule-50ml\\\/#primaryimage\"},\"thumbnailUrl\":\"https:\\\/\\\/mylipfiller.com\\\/wp-content\\\/uploads\\\/2019\\\/08\\\/Azulene-Complex-Ampoule.jpg\",\"datePublished\":\"2019-08-21T08:55:42+00:00\",\"dateModified\":\"2024-07-03T15:32:37+00:00\",\"description\":\"\u2765Buy Derma Science 72% Azulene Complex Ampoule \u2013 50ml \u23e9 My Lip Filler online store \u27a6 Quality assurance, reviews, ingredients, best prices!\",\"breadcrumb\":{\"@id\":\"https:\\\/\\\/mylipfiller.com\\\/derma-science-72-azulene-complex-ampoule-50ml\\\/#breadcrumb\"},\"inLanguage\":\"es\",\"potentialAction\":[{\"@type\":\"ReadAction\",\"target\":[\"https:\\\/\\\/mylipfiller.com\\\/derma-science-72-azulene-complex-ampoule-50ml\\\/\"]}]},{\"@type\":\"ImageObject\",\"inLanguage\":\"es\",\"@id\":\"https:\\\/\\\/mylipfiller.com\\\/derma-science-72-azulene-complex-ampoule-50ml\\\/#primaryimage\",\"url\":\"https:\\\/\\\/mylipfiller.com\\\/wp-content\\\/uploads\\\/2019\\\/08\\\/Azulene-Complex-Ampoule.jpg\",\"contentUrl\":\"https:\\\/\\\/mylipfiller.com\\\/wp-content\\\/uploads\\\/2019\\\/08\\\/Azulene-Complex-Ampoule.jpg\",\"width\":600,\"height\":600,\"caption\":\"Azulene Complex Ampoule\"},{\"@type\":\"BreadcrumbList\",\"@id\":\"https:\\\/\\\/mylipfiller.com\\\/derma-science-72-azulene-complex-ampoule-50ml\\\/#breadcrumb\",\"itemListElement\":[{\"@type\":\"ListItem\",\"position\":1,\"name\":\"Home\",\"item\":\"https:\\\/\\\/mylipfiller.com\\\/\"},{\"@type\":\"ListItem\",\"position\":2,\"name\":\"Shop\",\"item\":\"https:\\\/\\\/mylipfiller.com\\\/shop\\\/\"},{\"@type\":\"ListItem\",\"position\":3,\"name\":\"Derma Science 72% Azulene Complex Ampoule \u2013 50ml\"}]},{\"@type\":\"WebSite\",\"@id\":\"https:\\\/\\\/mylipfiller.com\\\/#website\",\"url\":\"https:\\\/\\\/mylipfiller.com\\\/\",\"name\":\"My Lip Filler\",\"description\":\"Hyaluronic Acid Lip and Dermal Fillers\",\"publisher\":{\"@id\":\"https:\\\/\\\/mylipfiller.com\\\/#organization\"},\"potentialAction\":[{\"@type\":\"SearchAction\",\"target\":{\"@type\":\"EntryPoint\",\"urlTemplate\":\"https:\\\/\\\/mylipfiller.com\\\/?s={search_term_string}\"},\"query-input\":{\"@type\":\"PropertyValueSpecification\",\"valueRequired\":true,\"valueName\":\"search_term_string\"}}],\"inLanguage\":\"es\"},{\"@type\":\"Organization\",\"@id\":\"https:\\\/\\\/mylipfiller.com\\\/#organization\",\"name\":\"My Lip Filler\",\"url\":\"https:\\\/\\\/mylipfiller.com\\\/\",\"logo\":{\"@type\":\"ImageObject\",\"inLanguage\":\"es\",\"@id\":\"https:\\\/\\\/mylipfiller.com\\\/#\\\/schema\\\/logo\\\/image\\\/\",\"url\":\"https:\\\/\\\/mylipfiller.com\\\/wp-content\\\/uploads\\\/2019\\\/02\\\/cropped-My-Lip-Filler-Logo.png\",\"contentUrl\":\"https:\\\/\\\/mylipfiller.com\\\/wp-content\\\/uploads\\\/2019\\\/02\\\/cropped-My-Lip-Filler-Logo.png\",\"width\":240,\"height\":88,\"caption\":\"My Lip Filler\"},\"image\":{\"@id\":\"https:\\\/\\\/mylipfiller.com\\\/#\\\/schema\\\/logo\\\/image\\\/\"}}]}<\/script>\n<!-- \/ Yoast SEO plugin. -->","yoast_head_json":{"title":"Comprar Derma Science 72% Ampolla Complejo Azuleno - 50ml - Rellenos de My Lip Filler","description":"\u2765Compre Derma Science 72% Ampolla Complejo Azuleno - 50ml \u23e9 Tienda online My Lip Filler \u27a6 Garant\u00eda de calidad, rese\u00f1as, ingredientes, \u00a1los mejores precios!","robots":{"index":"index","follow":"follow","max-snippet":"max-snippet:-1","max-image-preview":"max-image-preview:large","max-video-preview":"max-video-preview:-1"},"canonical":"https:\/\/mylipfiller.com\/es\/derma-science-72-azulene-complex-ampoule-50ml\/","og_locale":"es_MX","og_type":"article","og_title":"Buy Derma Science 72% Azulene Complex Ampoule \u2013 50ml - Fillers from My Lip Filler","og_description":"\u2765Buy Derma Science 72% Azulene Complex Ampoule \u2013 50ml \u23e9 My Lip Filler online store \u27a6 Quality assurance, reviews, ingredients, best prices!","og_url":"https:\/\/mylipfiller.com\/es\/derma-science-72-azulene-complex-ampoule-50ml\/","og_site_name":"My Lip Filler","article_modified_time":"2024-07-03T15:32:37+00:00","og_image":[{"width":600,"height":600,"url":"https:\/\/cdn.mylipfiller.com\/wp-content\/uploads\/2019\/08\/Azulene-Complex-Ampoule.jpg","type":"image\/jpeg"}],"twitter_card":"summary_large_image","twitter_misc":{"Tiempo de lectura":"2 minutos"},"schema":{"@context":"https:\/\/schema.org","@graph":[{"@type":"WebPage","@id":"https:\/\/mylipfiller.com\/derma-science-72-azulene-complex-ampoule-50ml\/","url":"https:\/\/mylipfiller.com\/derma-science-72-azulene-complex-ampoule-50ml\/","name":"Comprar Derma Science 72% Ampolla Complejo Azuleno - 50ml - Rellenos de My Lip Filler","isPartOf":{"@id":"https:\/\/mylipfiller.com\/#website"},"primaryImageOfPage":{"@id":"https:\/\/mylipfiller.com\/derma-science-72-azulene-complex-ampoule-50ml\/#primaryimage"},"image":{"@id":"https:\/\/mylipfiller.com\/derma-science-72-azulene-complex-ampoule-50ml\/#primaryimage"},"thumbnailUrl":"https:\/\/cdn.mylipfiller.com\/wp-content\/uploads\/2019\/08\/Azulene-Complex-Ampoule.jpg","datePublished":"2019-08-21T08:55:42+00:00","dateModified":"2024-07-03T15:32:37+00:00","description":"\u2765Compre Derma Science 72% Ampolla Complejo Azuleno - 50ml \u23e9 Tienda online My Lip Filler \u27a6 Garant\u00eda de calidad, rese\u00f1as, ingredientes, \u00a1los mejores precios!","breadcrumb":{"@id":"https:\/\/mylipfiller.com\/derma-science-72-azulene-complex-ampoule-50ml\/#breadcrumb"},"inLanguage":"es","potentialAction":[{"@type":"ReadAction","target":["https:\/\/mylipfiller.com\/derma-science-72-azulene-complex-ampoule-50ml\/"]}]},{"@type":"ImageObject","inLanguage":"es","@id":"https:\/\/mylipfiller.com\/derma-science-72-azulene-complex-ampoule-50ml\/#primaryimage","url":"https:\/\/cdn.mylipfiller.com\/wp-content\/uploads\/2019\/08\/Azulene-Complex-Ampoule.jpg","contentUrl":"https:\/\/cdn.mylipfiller.com\/wp-content\/uploads\/2019\/08\/Azulene-Complex-Ampoule.jpg","width":600,"height":600,"caption":"Azulene Complex Ampoule"},{"@type":"BreadcrumbList","@id":"https:\/\/mylipfiller.com\/derma-science-72-azulene-complex-ampoule-50ml\/#breadcrumb","itemListElement":[{"@type":"ListItem","position":1,"name":"Home","item":"https:\/\/mylipfiller.com\/"},{"@type":"ListItem","position":2,"name":"Shop","item":"https:\/\/mylipfiller.com\/shop\/"},{"@type":"ListItem","position":3,"name":"Derma Science 72% Azulene Complex Ampoule \u2013 50ml"}]},{"@type":"WebSite","@id":"https:\/\/mylipfiller.com\/#website","url":"https:\/\/mylipfiller.com\/","name":"Mi relleno de labios","description":"Rellenos d\u00e9rmicos y de labios con \u00e1cido hialur\u00f3nico","publisher":{"@id":"https:\/\/mylipfiller.com\/#organization"},"potentialAction":[{"@type":"SearchAction","target":{"@type":"EntryPoint","urlTemplate":"https:\/\/mylipfiller.com\/?s={search_term_string}"},"query-input":{"@type":"PropertyValueSpecification","valueRequired":true,"valueName":"search_term_string"}}],"inLanguage":"es"},{"@type":"Organization","@id":"https:\/\/mylipfiller.com\/#organization","name":"Mi relleno de labios","url":"https:\/\/mylipfiller.com\/","logo":{"@type":"ImageObject","inLanguage":"es","@id":"https:\/\/mylipfiller.com\/#\/schema\/logo\/image\/","url":"https:\/\/cdn.mylipfiller.com\/wp-content\/uploads\/2019\/02\/cropped-My-Lip-Filler-Logo.png","contentUrl":"https:\/\/cdn.mylipfiller.com\/wp-content\/uploads\/2019\/02\/cropped-My-Lip-Filler-Logo.png","width":240,"height":88,"caption":"My Lip Filler"},"image":{"@id":"https:\/\/mylipfiller.com\/#\/schema\/logo\/image\/"}}]}},"_links":{"self":[{"href":"https:\/\/mylipfiller.com\/es\/wp-json\/wp\/v2\/product\/4378","targetHints":{"allow":["GET"]}}],"collection":[{"href":"https:\/\/mylipfiller.com\/es\/wp-json\/wp\/v2\/product"}],"about":[{"href":"https:\/\/mylipfiller.com\/es\/wp-json\/wp\/v2\/types\/product"}],"wp:featuredmedia":[{"embeddable":true,"href":"https:\/\/mylipfiller.com\/es\/wp-json\/wp\/v2\/media\/4332"}],"wp:attachment":[{"href":"https:\/\/mylipfiller.com\/es\/wp-json\/wp\/v2\/media?parent=4378"}],"wp:term":[{"taxonomy":"product_brand","embeddable":true,"href":"https:\/\/mylipfiller.com\/es\/wp-json\/wp\/v2\/product_brand?post=4378"},{"taxonomy":"product_cat","embeddable":true,"href":"https:\/\/mylipfiller.com\/es\/wp-json\/wp\/v2\/product_cat?post=4378"},{"taxonomy":"product_tag","embeddable":true,"href":"https:\/\/mylipfiller.com\/es\/wp-json\/wp\/v2\/product_tag?post=4378"}],"curies":[{"name":"gracias","href":"https:\/\/api.w.org\/{rel}","templated":true}]}}