{"id":4379,"date":"2019-08-21T10:55:42","date_gmt":"2019-08-21T08:55:42","guid":{"rendered":"https:\/\/mylipfiller.com\/?post_type=product&#038;p=4379"},"modified":"2024-07-03T17:32:37","modified_gmt":"2024-07-03T15:32:37","slug":"derma-science-cover-me-5g","status":"publish","type":"product","link":"https:\/\/mylipfiller.com\/es\/derma-science-cover-me-5g\/","title":{"rendered":"Derma Science Cover Me 5g"},"content":{"rendered":"<h3>\u00bfQu\u00e9 es Derma Science Cover Me y por qu\u00e9 usarlo?<\/h3>\n<p>Derma Science Cover Me de Histolab es un corrector fiable que se puede <u>utilizado despu\u00e9s de varios tipos de tratamientos para la piel<\/u> que normalmente conducen a irritaciones y marcas o enrojecimiento de la piel no da\u00f1inos y de corta duraci\u00f3n. Tiene varias acciones:<\/p>\n<ul>\n<li>El polvo que contiene cubre imperfecciones, cicatrices y marcas.<\/li>\n<li>Forma una capa protectora sobre la piel.<\/li>\n<li>Calma y refresca la piel con su complejo SRGF H1<\/li>\n<li>El di\u00f3xido de titanio en \u00e9l act\u00faa como bloqueador solar.<\/li>\n<li>El acetato de tocoferilo rejuvenece la piel.<\/li>\n<li>La lecitina promueve la regeneraci\u00f3n de la piel.<\/li>\n<\/ul>\n<p>Debido a sus impresionantes propiedades, este <em>excelente soluci\u00f3n para el cuidado de la piel<\/em> Dif\u00edcilmente se puede clasificar como un producto de maquillaje. Fue dise\u00f1ado y adaptado para proporcionar a la piel da\u00f1ada despu\u00e9s de un tratamiento dermatol\u00f3gico el impulso de salud que necesita para sanar r\u00e1pidamente.<\/p>\n<h3>Instrucciones de aplicaci\u00f3n<\/h3>\n<p>Derma Science Cover Me viene con un peque\u00f1o espejo y una bocanada, lo que le permite <u>apl\u00edquelo r\u00e1pida y f\u00e1cilmente sobre la marcha<\/u>. Este producto funciona mejor cuando se aplica sobre una loci\u00f3n, bloqueador solar o t\u00f3nico, preferiblemente uno de la l\u00ednea Derma Science de Histolab. Si su piel no tiende a reaccionar bien a estas soluciones avanzadas para el cuidado de la piel, es posible que se alegrar\u00e1 de saber que <em>este corrector innovador es hipoalerg\u00e9nico<\/em> y no provocar\u00e1 ning\u00fan efecto secundario. Haga su pedido hoy en la tienda en l\u00ednea de My Lip Filler.<\/p>","protected":false},"excerpt":{"rendered":"<p>Derma Science Cover Me 5g es un <strong>corrector \u00fanico<\/strong> dise\u00f1ado por Histolab para satisfacer las necesidades de <em>personas que han completado un tratamiento dermatol\u00f3gico<\/em> y buscan una forma r\u00e1pida de calmar su piel, protegerla mientras todav\u00eda est\u00e1 dolorida y sensible y cubrir cualquier marca e imperfecci\u00f3n. Es asequible y una combinaci\u00f3n excelente para todo tipo de piel. Por eso ha encontrado un lugar en el cat\u00e1logo de My Lip Filler.<\/p>","protected":false},"featured_media":4335,"template":"","meta":{"_acf_changed":false},"product_brand":[],"product_cat":[58,165,57],"product_tag":[111,137],"class_list":{"0":"post-4379","1":"product","2":"type-product","3":"status-publish","4":"has-post-thumbnail","6":"product_cat-derma-science","7":"product_cat-medians","8":"product_cat-skin-care","9":"product_tag-face","10":"product_tag-south-korea","12":"first","13":"outofstock","14":"taxable","15":"shipping-taxable","16":"purchasable","17":"product-type-simple"},"acf":[],"yoast_head":"<!-- This site is optimized with the Yoast SEO plugin v27.2 - https:\/\/yoast.com\/product\/yoast-seo-wordpress\/ -->\n<title>Buy Derma Science Cover Me 5g - Fillers from My Lip Filler<\/title>\n<meta name=\"description\" content=\"\u2765Buy Derma Science Cover Me 5g \u23e9 My Lip Filler online store \u27a6 Quality assurance, reviews, ingredients, best prices!\" \/>\n<meta name=\"robots\" content=\"index, follow, max-snippet:-1, max-image-preview:large, max-video-preview:-1\" \/>\n<link rel=\"canonical\" href=\"https:\/\/mylipfiller.com\/es\/derma-science-cover-me-5g\/\" \/>\n<meta property=\"og:locale\" content=\"es_MX\" \/>\n<meta property=\"og:type\" content=\"article\" \/>\n<meta property=\"og:title\" content=\"Buy Derma Science Cover Me 5g - Fillers from My Lip Filler\" \/>\n<meta property=\"og:description\" content=\"\u2765Buy Derma Science Cover Me 5g \u23e9 My Lip Filler online store \u27a6 Quality assurance, reviews, ingredients, best prices!\" \/>\n<meta property=\"og:url\" content=\"https:\/\/mylipfiller.com\/es\/derma-science-cover-me-5g\/\" \/>\n<meta property=\"og:site_name\" content=\"My Lip Filler\" \/>\n<meta property=\"article:modified_time\" content=\"2024-07-03T15:32:37+00:00\" \/>\n<meta property=\"og:image\" content=\"https:\/\/cdn.mylipfiller.com\/wp-content\/uploads\/2019\/08\/Cover-Me.jpg\" \/>\n\t<meta property=\"og:image:width\" content=\"600\" \/>\n\t<meta property=\"og:image:height\" content=\"600\" \/>\n\t<meta property=\"og:image:type\" content=\"image\/jpeg\" \/>\n<meta name=\"twitter:card\" content=\"summary_large_image\" \/>\n<meta name=\"twitter:label1\" content=\"Tiempo de lectura\" \/>\n\t<meta name=\"twitter:data1\" content=\"2 minutos\" \/>\n<script type=\"application\/ld+json\" class=\"yoast-schema-graph\">{\"@context\":\"https:\/\/schema.org\",\"@graph\":[{\"@type\":\"WebPage\",\"@id\":\"https:\/\/mylipfiller.com\/derma-science-cover-me-5g\/\",\"url\":\"https:\/\/mylipfiller.com\/derma-science-cover-me-5g\/\",\"name\":\"Buy Derma Science Cover Me 5g - Fillers from My Lip Filler\",\"isPartOf\":{\"@id\":\"https:\/\/mylipfiller.com\/#website\"},\"primaryImageOfPage\":{\"@id\":\"https:\/\/mylipfiller.com\/derma-science-cover-me-5g\/#primaryimage\"},\"image\":{\"@id\":\"https:\/\/mylipfiller.com\/derma-science-cover-me-5g\/#primaryimage\"},\"thumbnailUrl\":\"https:\/\/cdn.mylipfiller.com\/wp-content\/uploads\/2019\/08\/Cover-Me.jpg\",\"datePublished\":\"2019-08-21T08:55:42+00:00\",\"dateModified\":\"2024-07-03T15:32:37+00:00\",\"description\":\"\u2765Buy Derma Science Cover Me 5g \u23e9 My Lip Filler online store \u27a6 Quality assurance, reviews, ingredients, best prices!\",\"breadcrumb\":{\"@id\":\"https:\/\/mylipfiller.com\/derma-science-cover-me-5g\/#breadcrumb\"},\"inLanguage\":\"es\",\"potentialAction\":[{\"@type\":\"ReadAction\",\"target\":[\"https:\/\/mylipfiller.com\/derma-science-cover-me-5g\/\"]}]},{\"@type\":\"ImageObject\",\"inLanguage\":\"es\",\"@id\":\"https:\/\/mylipfiller.com\/derma-science-cover-me-5g\/#primaryimage\",\"url\":\"https:\/\/cdn.mylipfiller.com\/wp-content\/uploads\/2019\/08\/Cover-Me.jpg\",\"contentUrl\":\"https:\/\/cdn.mylipfiller.com\/wp-content\/uploads\/2019\/08\/Cover-Me.jpg\",\"width\":600,\"height\":600,\"caption\":\"Cover Me\"},{\"@type\":\"BreadcrumbList\",\"@id\":\"https:\/\/mylipfiller.com\/derma-science-cover-me-5g\/#breadcrumb\",\"itemListElement\":[{\"@type\":\"ListItem\",\"position\":1,\"name\":\"Home\",\"item\":\"https:\/\/mylipfiller.com\/\"},{\"@type\":\"ListItem\",\"position\":2,\"name\":\"Shop\",\"item\":\"https:\/\/mylipfiller.com\/shop\/\"},{\"@type\":\"ListItem\",\"position\":3,\"name\":\"Derma Science Cover Me 5g\"}]},{\"@type\":\"WebSite\",\"@id\":\"https:\/\/mylipfiller.com\/#website\",\"url\":\"https:\/\/mylipfiller.com\/\",\"name\":\"My Lip Filler\",\"description\":\"Hyaluronic Acid Lip and Dermal Fillers\",\"publisher\":{\"@id\":\"https:\/\/mylipfiller.com\/#organization\"},\"potentialAction\":[{\"@type\":\"SearchAction\",\"target\":{\"@type\":\"EntryPoint\",\"urlTemplate\":\"https:\/\/mylipfiller.com\/?s={search_term_string}\"},\"query-input\":{\"@type\":\"PropertyValueSpecification\",\"valueRequired\":true,\"valueName\":\"search_term_string\"}}],\"inLanguage\":\"es\"},{\"@type\":\"Organization\",\"@id\":\"https:\/\/mylipfiller.com\/#organization\",\"name\":\"My Lip Filler\",\"url\":\"https:\/\/mylipfiller.com\/\",\"logo\":{\"@type\":\"ImageObject\",\"inLanguage\":\"es\",\"@id\":\"https:\/\/mylipfiller.com\/#\/schema\/logo\/image\/\",\"url\":\"https:\/\/cdn.mylipfiller.com\/wp-content\/uploads\/2019\/02\/cropped-My-Lip-Filler-Logo.png\",\"contentUrl\":\"https:\/\/cdn.mylipfiller.com\/wp-content\/uploads\/2019\/02\/cropped-My-Lip-Filler-Logo.png\",\"width\":240,\"height\":88,\"caption\":\"My Lip Filler\"},\"image\":{\"@id\":\"https:\/\/mylipfiller.com\/#\/schema\/logo\/image\/\"}}]}<\/script>\n<!-- \/ Yoast SEO plugin. -->","yoast_head_json":{"title":"Comprar Derma Science Cover Me 5g - Rellenos de My Lip Filler","description":"\u2765Compra Derma Science Cover Me 5g \u23e9 Tienda online My Lip Filler \u27a6 Garant\u00eda de calidad, rese\u00f1as, ingredientes, \u00a1los mejores precios!","robots":{"index":"index","follow":"follow","max-snippet":"max-snippet:-1","max-image-preview":"max-image-preview:large","max-video-preview":"max-video-preview:-1"},"canonical":"https:\/\/mylipfiller.com\/es\/derma-science-cover-me-5g\/","og_locale":"es_MX","og_type":"article","og_title":"Buy Derma Science Cover Me 5g - Fillers from My Lip Filler","og_description":"\u2765Buy Derma Science Cover Me 5g \u23e9 My Lip Filler online store \u27a6 Quality assurance, reviews, ingredients, best prices!","og_url":"https:\/\/mylipfiller.com\/es\/derma-science-cover-me-5g\/","og_site_name":"My Lip Filler","article_modified_time":"2024-07-03T15:32:37+00:00","og_image":[{"width":600,"height":600,"url":"https:\/\/cdn.mylipfiller.com\/wp-content\/uploads\/2019\/08\/Cover-Me.jpg","type":"image\/jpeg"}],"twitter_card":"summary_large_image","twitter_misc":{"Tiempo de lectura":"2 minutos"},"schema":{"@context":"https:\/\/schema.org","@graph":[{"@type":"WebPage","@id":"https:\/\/mylipfiller.com\/derma-science-cover-me-5g\/","url":"https:\/\/mylipfiller.com\/derma-science-cover-me-5g\/","name":"Comprar Derma Science Cover Me 5g - Rellenos de My Lip Filler","isPartOf":{"@id":"https:\/\/mylipfiller.com\/#website"},"primaryImageOfPage":{"@id":"https:\/\/mylipfiller.com\/derma-science-cover-me-5g\/#primaryimage"},"image":{"@id":"https:\/\/mylipfiller.com\/derma-science-cover-me-5g\/#primaryimage"},"thumbnailUrl":"https:\/\/cdn.mylipfiller.com\/wp-content\/uploads\/2019\/08\/Cover-Me.jpg","datePublished":"2019-08-21T08:55:42+00:00","dateModified":"2024-07-03T15:32:37+00:00","description":"\u2765Compra Derma Science Cover Me 5g \u23e9 Tienda online My Lip Filler \u27a6 Garant\u00eda de calidad, rese\u00f1as, ingredientes, \u00a1los mejores precios!","breadcrumb":{"@id":"https:\/\/mylipfiller.com\/derma-science-cover-me-5g\/#breadcrumb"},"inLanguage":"es","potentialAction":[{"@type":"ReadAction","target":["https:\/\/mylipfiller.com\/derma-science-cover-me-5g\/"]}]},{"@type":"ImageObject","inLanguage":"es","@id":"https:\/\/mylipfiller.com\/derma-science-cover-me-5g\/#primaryimage","url":"https:\/\/cdn.mylipfiller.com\/wp-content\/uploads\/2019\/08\/Cover-Me.jpg","contentUrl":"https:\/\/cdn.mylipfiller.com\/wp-content\/uploads\/2019\/08\/Cover-Me.jpg","width":600,"height":600,"caption":"Cover Me"},{"@type":"BreadcrumbList","@id":"https:\/\/mylipfiller.com\/derma-science-cover-me-5g\/#breadcrumb","itemListElement":[{"@type":"ListItem","position":1,"name":"Home","item":"https:\/\/mylipfiller.com\/"},{"@type":"ListItem","position":2,"name":"Shop","item":"https:\/\/mylipfiller.com\/shop\/"},{"@type":"ListItem","position":3,"name":"Derma Science Cover Me 5g"}]},{"@type":"WebSite","@id":"https:\/\/mylipfiller.com\/#website","url":"https:\/\/mylipfiller.com\/","name":"Mi relleno de labios","description":"Rellenos d\u00e9rmicos y de labios con \u00e1cido hialur\u00f3nico","publisher":{"@id":"https:\/\/mylipfiller.com\/#organization"},"potentialAction":[{"@type":"SearchAction","target":{"@type":"EntryPoint","urlTemplate":"https:\/\/mylipfiller.com\/?s={search_term_string}"},"query-input":{"@type":"PropertyValueSpecification","valueRequired":true,"valueName":"search_term_string"}}],"inLanguage":"es"},{"@type":"Organization","@id":"https:\/\/mylipfiller.com\/#organization","name":"Mi relleno de labios","url":"https:\/\/mylipfiller.com\/","logo":{"@type":"ImageObject","inLanguage":"es","@id":"https:\/\/mylipfiller.com\/#\/schema\/logo\/image\/","url":"https:\/\/cdn.mylipfiller.com\/wp-content\/uploads\/2019\/02\/cropped-My-Lip-Filler-Logo.png","contentUrl":"https:\/\/cdn.mylipfiller.com\/wp-content\/uploads\/2019\/02\/cropped-My-Lip-Filler-Logo.png","width":240,"height":88,"caption":"My Lip Filler"},"image":{"@id":"https:\/\/mylipfiller.com\/#\/schema\/logo\/image\/"}}]}},"_links":{"self":[{"href":"https:\/\/mylipfiller.com\/es\/wp-json\/wp\/v2\/product\/4379","targetHints":{"allow":["GET"]}}],"collection":[{"href":"https:\/\/mylipfiller.com\/es\/wp-json\/wp\/v2\/product"}],"about":[{"href":"https:\/\/mylipfiller.com\/es\/wp-json\/wp\/v2\/types\/product"}],"wp:featuredmedia":[{"embeddable":true,"href":"https:\/\/mylipfiller.com\/es\/wp-json\/wp\/v2\/media\/4335"}],"wp:attachment":[{"href":"https:\/\/mylipfiller.com\/es\/wp-json\/wp\/v2\/media?parent=4379"}],"wp:term":[{"taxonomy":"product_brand","embeddable":true,"href":"https:\/\/mylipfiller.com\/es\/wp-json\/wp\/v2\/product_brand?post=4379"},{"taxonomy":"product_cat","embeddable":true,"href":"https:\/\/mylipfiller.com\/es\/wp-json\/wp\/v2\/product_cat?post=4379"},{"taxonomy":"product_tag","embeddable":true,"href":"https:\/\/mylipfiller.com\/es\/wp-json\/wp\/v2\/product_tag?post=4379"}],"curies":[{"name":"gracias","href":"https:\/\/api.w.org\/{rel}","templated":true}]}}