{"id":4380,"date":"2019-08-21T10:55:42","date_gmt":"2019-08-21T08:55:42","guid":{"rendered":"https:\/\/mylipfiller.com\/?post_type=product&#038;p=4380"},"modified":"2024-07-03T17:32:37","modified_gmt":"2024-07-03T15:32:37","slug":"derma-science-post-laser-sun-blemish-balm-50ml-spf-35-pa","status":"publish","type":"product","link":"https:\/\/mylipfiller.com\/es\/derma-science-post-laser-sun-blemish-balm-50ml-spf-35-pa\/","title":{"rendered":"Derma Science Post Laser Sun Blemish Balm 50ml (SPF 35 \/ PA ++)"},"content":{"rendered":"<h3>Un magn\u00edfico b\u00e1lsamo para las imperfecciones del sol con m\u00faltiples propiedades para el cuidado de la piel.<\/h3>\n<p>Los tratamientos dermatol\u00f3gicos con luz como UV, IPL, terapia de luz LED, etc. pueden rejuvenecer r\u00e1pidamente la piel, reducir los s\u00edntomas de afecciones de la piel como la psoriasis y mejorar la salud general de la piel. Pero tambi\u00e9n vienen con un cierto conjunto de efectos adversos que generalmente incluyen <em>enrojecimiento, irritaci\u00f3n, picaz\u00f3n, sequedad<\/em> e incluso puede provocar signos prematuros de envejecimiento. Derma Science Post Laser Sun Blemish Balm 50ml (SPF 35 \/ PA ++) trata con \u00e9xito cada uno de estos efectos adversos desagradables. Este b\u00e1lsamo para la piel de nueva generaci\u00f3n tiene cinco acciones principales:<\/p>\n<ul>\n<li>Calma instant\u00e1neamente las irritaciones de la piel.<\/li>\n<li>Tiene un efecto anti-envejecimiento fuerte y duradero.<\/li>\n<li>Aporta importantes nutrientes a la piel<\/li>\n<li>Ofrece protecci\u00f3n contra los rayos solares y la luz ultravioleta.<\/li>\n<li>Tiene impresionantes propiedades blanqueadoras de la piel.<\/li>\n<\/ul>\n<p>Esta <u>producto de cuidado de la piel amigable para el paciente<\/u> contiene un c\u00f3ctel de ingredientes naturales que incluyen extractos de tomate y flor de cal\u00e9ndula (para calmar y nutrir), extracto de salvado de arroz y arbutina (para iluminar la piel y rejuvenecer la piel), extracto de aloe vera (para hidratar) y m\u00e1s.<\/p>\n<h3>\u00bfCu\u00e1ndo y c\u00f3mo utilizar este producto cosm\u00e9tico sin riesgos?<\/h3>\n<p>Derma Science Post Laser Sun Blemish Balm 50ml (SPF 35 \/ PA ++) debe ser <strong>aplicado despu\u00e9s de un tratamiento ligero para el cuidado de la piel<\/strong>. Antes de eso, limpie la piel del rostro con una loci\u00f3n o un t\u00f3nico. Sus excepcionales efectos calmantes para la piel se activar\u00e1n poco despu\u00e9s.<\/p>","protected":false},"excerpt":{"rendered":"<p>Los tratamientos profesionales con l\u00e1ser para la piel son efectivos pero pueden causar molestias e irritaciones en la piel. Afortunadamente, Derma Science Post Laser Sun Blemish Balm 50ml (SPF 35 \/ PA ++) es un producto cosm\u00e9tico de primera clase que resolver\u00e1 ese problema. Tiene un poderoso efecto calmante y <em>ayuda a que la piel tratada con l\u00e1ser se recupere r\u00e1pidamente<\/em> despu\u00e9s de una terapia de luz. Nosotros, de My Lip Filler, estamos entre los principales distribuidores en l\u00ednea de este y otros productos Derma Science de Histolab.<\/p>","protected":false},"featured_media":4356,"template":"","meta":{"_acf_changed":false},"product_brand":[],"product_cat":[58,165,57],"product_tag":[111,137],"class_list":{"0":"post-4380","1":"product","2":"type-product","3":"status-publish","4":"has-post-thumbnail","6":"product_cat-derma-science","7":"product_cat-medians","8":"product_cat-skin-care","9":"product_tag-face","10":"product_tag-south-korea","12":"first","13":"outofstock","14":"taxable","15":"shipping-taxable","16":"purchasable","17":"product-type-simple"},"acf":[],"yoast_head":"<!-- This site is optimized with the Yoast SEO plugin v27.4 - https:\/\/yoast.com\/product\/yoast-seo-wordpress\/ -->\n<title>Buy Derma Science Post Laser Sun Blemish Balm 50ml (SPF 35\/PA++) - Fillers from My Lip Filler<\/title>\n<meta name=\"description\" content=\"\u2765Buy Derma Science Post Laser Sun Blemish Balm 50ml (SPF 35\/PA++) \u23e9 My Lip Filler online store \u27a6 Quality assurance, reviews, ingredients, best prices!\" \/>\n<meta name=\"robots\" content=\"index, follow, max-snippet:-1, max-image-preview:large, max-video-preview:-1\" \/>\n<link rel=\"canonical\" href=\"https:\/\/mylipfiller.com\/es\/derma-science-post-laser-sun-blemish-balm-50ml-spf-35-pa\/\" \/>\n<meta property=\"og:locale\" content=\"es_MX\" \/>\n<meta property=\"og:type\" content=\"article\" \/>\n<meta property=\"og:title\" content=\"Buy Derma Science Post Laser Sun Blemish Balm 50ml (SPF 35\/PA++) - Fillers from My Lip Filler\" \/>\n<meta property=\"og:description\" content=\"\u2765Buy Derma Science Post Laser Sun Blemish Balm 50ml (SPF 35\/PA++) \u23e9 My Lip Filler online store \u27a6 Quality assurance, reviews, ingredients, best prices!\" \/>\n<meta property=\"og:url\" content=\"https:\/\/mylipfiller.com\/es\/derma-science-post-laser-sun-blemish-balm-50ml-spf-35-pa\/\" \/>\n<meta property=\"og:site_name\" content=\"My Lip Filler\" \/>\n<meta property=\"article:modified_time\" content=\"2024-07-03T15:32:37+00:00\" \/>\n<meta property=\"og:image\" content=\"https:\/\/cdn.mylipfiller.com\/wp-content\/uploads\/2019\/08\/Post-Laser-Sun-Blemish-Balm.jpg\" \/>\n\t<meta property=\"og:image:width\" content=\"600\" \/>\n\t<meta property=\"og:image:height\" content=\"600\" \/>\n\t<meta property=\"og:image:type\" content=\"image\/jpeg\" \/>\n<meta name=\"twitter:card\" content=\"summary_large_image\" \/>\n<meta name=\"twitter:label1\" content=\"Tiempo de lectura\" \/>\n\t<meta name=\"twitter:data1\" content=\"2 minutos\" \/>\n<script type=\"application\/ld+json\" class=\"yoast-schema-graph\">{\"@context\":\"https:\\\/\\\/schema.org\",\"@graph\":[{\"@type\":\"WebPage\",\"@id\":\"https:\\\/\\\/mylipfiller.com\\\/derma-science-post-laser-sun-blemish-balm-50ml-spf-35-pa\\\/\",\"url\":\"https:\\\/\\\/mylipfiller.com\\\/derma-science-post-laser-sun-blemish-balm-50ml-spf-35-pa\\\/\",\"name\":\"Buy Derma Science Post Laser Sun Blemish Balm 50ml (SPF 35\\\/PA++) - Fillers from My Lip Filler\",\"isPartOf\":{\"@id\":\"https:\\\/\\\/mylipfiller.com\\\/#website\"},\"primaryImageOfPage\":{\"@id\":\"https:\\\/\\\/mylipfiller.com\\\/derma-science-post-laser-sun-blemish-balm-50ml-spf-35-pa\\\/#primaryimage\"},\"image\":{\"@id\":\"https:\\\/\\\/mylipfiller.com\\\/derma-science-post-laser-sun-blemish-balm-50ml-spf-35-pa\\\/#primaryimage\"},\"thumbnailUrl\":\"https:\\\/\\\/mylipfiller.com\\\/wp-content\\\/uploads\\\/2019\\\/08\\\/Post-Laser-Sun-Blemish-Balm.jpg\",\"datePublished\":\"2019-08-21T08:55:42+00:00\",\"dateModified\":\"2024-07-03T15:32:37+00:00\",\"description\":\"\u2765Buy Derma Science Post Laser Sun Blemish Balm 50ml (SPF 35\\\/PA++) \u23e9 My Lip Filler online store \u27a6 Quality assurance, reviews, ingredients, best prices!\",\"breadcrumb\":{\"@id\":\"https:\\\/\\\/mylipfiller.com\\\/derma-science-post-laser-sun-blemish-balm-50ml-spf-35-pa\\\/#breadcrumb\"},\"inLanguage\":\"es\",\"potentialAction\":[{\"@type\":\"ReadAction\",\"target\":[\"https:\\\/\\\/mylipfiller.com\\\/derma-science-post-laser-sun-blemish-balm-50ml-spf-35-pa\\\/\"]}]},{\"@type\":\"ImageObject\",\"inLanguage\":\"es\",\"@id\":\"https:\\\/\\\/mylipfiller.com\\\/derma-science-post-laser-sun-blemish-balm-50ml-spf-35-pa\\\/#primaryimage\",\"url\":\"https:\\\/\\\/mylipfiller.com\\\/wp-content\\\/uploads\\\/2019\\\/08\\\/Post-Laser-Sun-Blemish-Balm.jpg\",\"contentUrl\":\"https:\\\/\\\/mylipfiller.com\\\/wp-content\\\/uploads\\\/2019\\\/08\\\/Post-Laser-Sun-Blemish-Balm.jpg\",\"width\":600,\"height\":600,\"caption\":\"Post Laser Sun Blemish Balm\"},{\"@type\":\"BreadcrumbList\",\"@id\":\"https:\\\/\\\/mylipfiller.com\\\/derma-science-post-laser-sun-blemish-balm-50ml-spf-35-pa\\\/#breadcrumb\",\"itemListElement\":[{\"@type\":\"ListItem\",\"position\":1,\"name\":\"Home\",\"item\":\"https:\\\/\\\/mylipfiller.com\\\/\"},{\"@type\":\"ListItem\",\"position\":2,\"name\":\"Shop\",\"item\":\"https:\\\/\\\/mylipfiller.com\\\/shop\\\/\"},{\"@type\":\"ListItem\",\"position\":3,\"name\":\"Derma Science Post Laser Sun Blemish Balm 50ml (SPF 35\\\/PA++)\"}]},{\"@type\":\"WebSite\",\"@id\":\"https:\\\/\\\/mylipfiller.com\\\/#website\",\"url\":\"https:\\\/\\\/mylipfiller.com\\\/\",\"name\":\"My Lip Filler\",\"description\":\"Hyaluronic Acid Lip and Dermal Fillers\",\"publisher\":{\"@id\":\"https:\\\/\\\/mylipfiller.com\\\/#organization\"},\"potentialAction\":[{\"@type\":\"SearchAction\",\"target\":{\"@type\":\"EntryPoint\",\"urlTemplate\":\"https:\\\/\\\/mylipfiller.com\\\/?s={search_term_string}\"},\"query-input\":{\"@type\":\"PropertyValueSpecification\",\"valueRequired\":true,\"valueName\":\"search_term_string\"}}],\"inLanguage\":\"es\"},{\"@type\":\"Organization\",\"@id\":\"https:\\\/\\\/mylipfiller.com\\\/#organization\",\"name\":\"My Lip Filler\",\"url\":\"https:\\\/\\\/mylipfiller.com\\\/\",\"logo\":{\"@type\":\"ImageObject\",\"inLanguage\":\"es\",\"@id\":\"https:\\\/\\\/mylipfiller.com\\\/#\\\/schema\\\/logo\\\/image\\\/\",\"url\":\"https:\\\/\\\/mylipfiller.com\\\/wp-content\\\/uploads\\\/2019\\\/02\\\/cropped-My-Lip-Filler-Logo.png\",\"contentUrl\":\"https:\\\/\\\/mylipfiller.com\\\/wp-content\\\/uploads\\\/2019\\\/02\\\/cropped-My-Lip-Filler-Logo.png\",\"width\":240,\"height\":88,\"caption\":\"My Lip Filler\"},\"image\":{\"@id\":\"https:\\\/\\\/mylipfiller.com\\\/#\\\/schema\\\/logo\\\/image\\\/\"}}]}<\/script>\n<!-- \/ Yoast SEO plugin. -->","yoast_head_json":{"title":"Comprar Derma Science B\u00e1lsamo para imperfecciones solares post l\u00e1ser 50 ml (SPF 35\/PA++) - Rellenos de My Lip Filler","description":"\u2765Comprar Derma Science B\u00e1lsamo Solar Post L\u00e1ser 50ml (SPF 35\/PA++) \u23e9 Tienda online My Lip Filler \u27a6 Garant\u00eda de calidad, rese\u00f1as, ingredientes, \u00a1los mejores precios!","robots":{"index":"index","follow":"follow","max-snippet":"max-snippet:-1","max-image-preview":"max-image-preview:large","max-video-preview":"max-video-preview:-1"},"canonical":"https:\/\/mylipfiller.com\/es\/derma-science-post-laser-sun-blemish-balm-50ml-spf-35-pa\/","og_locale":"es_MX","og_type":"article","og_title":"Buy Derma Science Post Laser Sun Blemish Balm 50ml (SPF 35\/PA++) - Fillers from My Lip Filler","og_description":"\u2765Buy Derma Science Post Laser Sun Blemish Balm 50ml (SPF 35\/PA++) \u23e9 My Lip Filler online store \u27a6 Quality assurance, reviews, ingredients, best prices!","og_url":"https:\/\/mylipfiller.com\/es\/derma-science-post-laser-sun-blemish-balm-50ml-spf-35-pa\/","og_site_name":"My Lip Filler","article_modified_time":"2024-07-03T15:32:37+00:00","og_image":[{"width":600,"height":600,"url":"https:\/\/cdn.mylipfiller.com\/wp-content\/uploads\/2019\/08\/Post-Laser-Sun-Blemish-Balm.jpg","type":"image\/jpeg"}],"twitter_card":"summary_large_image","twitter_misc":{"Tiempo de lectura":"2 minutos"},"schema":{"@context":"https:\/\/schema.org","@graph":[{"@type":"WebPage","@id":"https:\/\/mylipfiller.com\/derma-science-post-laser-sun-blemish-balm-50ml-spf-35-pa\/","url":"https:\/\/mylipfiller.com\/derma-science-post-laser-sun-blemish-balm-50ml-spf-35-pa\/","name":"Comprar Derma Science B\u00e1lsamo para imperfecciones solares post l\u00e1ser 50 ml (SPF 35\/PA++) - Rellenos de My Lip Filler","isPartOf":{"@id":"https:\/\/mylipfiller.com\/#website"},"primaryImageOfPage":{"@id":"https:\/\/mylipfiller.com\/derma-science-post-laser-sun-blemish-balm-50ml-spf-35-pa\/#primaryimage"},"image":{"@id":"https:\/\/mylipfiller.com\/derma-science-post-laser-sun-blemish-balm-50ml-spf-35-pa\/#primaryimage"},"thumbnailUrl":"https:\/\/cdn.mylipfiller.com\/wp-content\/uploads\/2019\/08\/Post-Laser-Sun-Blemish-Balm.jpg","datePublished":"2019-08-21T08:55:42+00:00","dateModified":"2024-07-03T15:32:37+00:00","description":"\u2765Comprar Derma Science B\u00e1lsamo Solar Post L\u00e1ser 50ml (SPF 35\/PA++) \u23e9 Tienda online My Lip Filler \u27a6 Garant\u00eda de calidad, rese\u00f1as, ingredientes, \u00a1los mejores precios!","breadcrumb":{"@id":"https:\/\/mylipfiller.com\/derma-science-post-laser-sun-blemish-balm-50ml-spf-35-pa\/#breadcrumb"},"inLanguage":"es","potentialAction":[{"@type":"ReadAction","target":["https:\/\/mylipfiller.com\/derma-science-post-laser-sun-blemish-balm-50ml-spf-35-pa\/"]}]},{"@type":"ImageObject","inLanguage":"es","@id":"https:\/\/mylipfiller.com\/derma-science-post-laser-sun-blemish-balm-50ml-spf-35-pa\/#primaryimage","url":"https:\/\/cdn.mylipfiller.com\/wp-content\/uploads\/2019\/08\/Post-Laser-Sun-Blemish-Balm.jpg","contentUrl":"https:\/\/cdn.mylipfiller.com\/wp-content\/uploads\/2019\/08\/Post-Laser-Sun-Blemish-Balm.jpg","width":600,"height":600,"caption":"Post Laser Sun Blemish Balm"},{"@type":"BreadcrumbList","@id":"https:\/\/mylipfiller.com\/derma-science-post-laser-sun-blemish-balm-50ml-spf-35-pa\/#breadcrumb","itemListElement":[{"@type":"ListItem","position":1,"name":"Home","item":"https:\/\/mylipfiller.com\/"},{"@type":"ListItem","position":2,"name":"Shop","item":"https:\/\/mylipfiller.com\/shop\/"},{"@type":"ListItem","position":3,"name":"Derma Science Post Laser Sun Blemish Balm 50ml (SPF 35\/PA++)"}]},{"@type":"WebSite","@id":"https:\/\/mylipfiller.com\/#website","url":"https:\/\/mylipfiller.com\/","name":"Mi relleno de labios","description":"Rellenos d\u00e9rmicos y de labios con \u00e1cido hialur\u00f3nico","publisher":{"@id":"https:\/\/mylipfiller.com\/#organization"},"potentialAction":[{"@type":"SearchAction","target":{"@type":"EntryPoint","urlTemplate":"https:\/\/mylipfiller.com\/?s={search_term_string}"},"query-input":{"@type":"PropertyValueSpecification","valueRequired":true,"valueName":"search_term_string"}}],"inLanguage":"es"},{"@type":"Organization","@id":"https:\/\/mylipfiller.com\/#organization","name":"Mi relleno de labios","url":"https:\/\/mylipfiller.com\/","logo":{"@type":"ImageObject","inLanguage":"es","@id":"https:\/\/mylipfiller.com\/#\/schema\/logo\/image\/","url":"https:\/\/cdn.mylipfiller.com\/wp-content\/uploads\/2019\/02\/cropped-My-Lip-Filler-Logo.png","contentUrl":"https:\/\/cdn.mylipfiller.com\/wp-content\/uploads\/2019\/02\/cropped-My-Lip-Filler-Logo.png","width":240,"height":88,"caption":"My Lip Filler"},"image":{"@id":"https:\/\/mylipfiller.com\/#\/schema\/logo\/image\/"}}]}},"_links":{"self":[{"href":"https:\/\/mylipfiller.com\/es\/wp-json\/wp\/v2\/product\/4380","targetHints":{"allow":["GET"]}}],"collection":[{"href":"https:\/\/mylipfiller.com\/es\/wp-json\/wp\/v2\/product"}],"about":[{"href":"https:\/\/mylipfiller.com\/es\/wp-json\/wp\/v2\/types\/product"}],"wp:featuredmedia":[{"embeddable":true,"href":"https:\/\/mylipfiller.com\/es\/wp-json\/wp\/v2\/media\/4356"}],"wp:attachment":[{"href":"https:\/\/mylipfiller.com\/es\/wp-json\/wp\/v2\/media?parent=4380"}],"wp:term":[{"taxonomy":"product_brand","embeddable":true,"href":"https:\/\/mylipfiller.com\/es\/wp-json\/wp\/v2\/product_brand?post=4380"},{"taxonomy":"product_cat","embeddable":true,"href":"https:\/\/mylipfiller.com\/es\/wp-json\/wp\/v2\/product_cat?post=4380"},{"taxonomy":"product_tag","embeddable":true,"href":"https:\/\/mylipfiller.com\/es\/wp-json\/wp\/v2\/product_tag?post=4380"}],"curies":[{"name":"gracias","href":"https:\/\/api.w.org\/{rel}","templated":true}]}}