{"id":4381,"date":"2019-08-21T10:55:42","date_gmt":"2019-08-21T08:55:42","guid":{"rendered":"https:\/\/mylipfiller.com\/?post_type=product&#038;p=4381"},"modified":"2024-07-03T17:32:38","modified_gmt":"2024-07-03T15:32:38","slug":"derma-science-sensitive-skin-sun-block-forever-plus-spf-50-pa","status":"publish","type":"product","link":"https:\/\/mylipfiller.com\/es\/derma-science-sensitive-skin-sun-block-forever-plus-spf-50-pa\/","title":{"rendered":"Derma Science Bloqueador solar para pieles sensibles Forever Plus (SPF 50 + \/ PA +++)"},"content":{"rendered":"<h3>Un protector solar de primera categor\u00eda que ofrece una protecci\u00f3n completa para la piel.<\/h3>\n<p>Derma Science Sensitive Sun Block Forever Plus (SPF 50 + \/ PA +++) funciona mejor cuando se aplica sobre la piel limpia. \u00daselo antes de exponerse a los rayos ultravioleta o la luz solar y d\u00e9le algo de tiempo para que la piel lo absorba adecuadamente. Como protector solar de primer nivel, le ofrecer\u00e1 <u>protecci\u00f3n duradera contra la luz solar mediante<\/u>:<\/p>\n<ul>\n<li>Incrementando y preservando el equilibrio h\u00eddrico de la piel.<\/li>\n<li>Calma irritaciones, quemaduras solares, enrojecimiento y otras sensaciones molestas.<\/li>\n<li>Aporta nutrientes muy necesarios directamente a las c\u00e9lulas de la piel.<\/li>\n<li>Bloquea los rayos solares y ultravioleta<\/li>\n<\/ul>\n<h3>Una excelente soluci\u00f3n contra el envejecimiento prematuro<\/h3>\n<p>Tanto la exposici\u00f3n regular como la sobreexposici\u00f3n a la luz solar y los rayos ultravioleta pueden envejecer prematuramente la piel al afectar negativamente su equilibrio h\u00eddrico y sus tasas de producci\u00f3n de pigmentaci\u00f3n, haci\u00e9ndola seca, sensible, irritada y m\u00e1s propensa a la formaci\u00f3n de manchas y parches oscuros. Derma Science Skin Sun Block Forever Plus (SPF 50 + \/ PA +++) fue desarrollado por Histolab con todo eso en mente, ya que contiene extracto de Eucalyptus globulus y di\u00f3xido de titanio que <u>proteger la piel de los efectos nocivos<\/u> de los rayos solares y ultravioleta. Un extracto de Sephora y una mezcla de m\u00e1s de 10 p\u00e9ptidos hidratantes y estimulantes de la piel asegurar\u00e1n que la piel permanezca bien hidratada incluso despu\u00e9s de una exposici\u00f3n prolongada al sol y la luz ultravioleta. Este protector solar de calidad es <em>adecuado incluso para pieles sensibles y propensas al acn\u00e9<\/em>.<\/p>","protected":false},"excerpt":{"rendered":"<p>Derma Science Sensitive Skin Sun Block Forever Plus de Histolab (SPF 50 + \/ PA +++) es un <strong>protector solar potente y eficaz<\/strong> que protege la piel de los efectos negativos de la luz solar y los rayos ultravioleta. Con su f\u00f3rmula avanzada y un complejo SRGF H1 patentado, <em>tambi\u00e9n act\u00faa como un refuerzo de piel de primera categor\u00eda<\/em> que hidrata, nutre y calma la piel. Ahora disponible en la tienda en l\u00ednea de My Lip Filler, este producto \u00fanico para el cuidado de la piel se puede pedir a un precio competitivo.<\/p>","protected":false},"featured_media":4382,"template":"","meta":{"_acf_changed":false},"product_brand":[],"product_cat":[58,165,57],"product_tag":[111,137],"class_list":{"0":"post-4381","1":"product","2":"type-product","3":"status-publish","4":"has-post-thumbnail","6":"product_cat-derma-science","7":"product_cat-medians","8":"product_cat-skin-care","9":"product_tag-face","10":"product_tag-south-korea","12":"first","13":"outofstock","14":"taxable","15":"shipping-taxable","16":"purchasable","17":"product-type-simple"},"acf":[],"yoast_head":"<!-- This site is optimized with the Yoast SEO plugin v27.2 - https:\/\/yoast.com\/product\/yoast-seo-wordpress\/ -->\n<title>Buy Derma Science Sensitive Skin Sun Block Forever Plus (SPF 50+\/PA+++) - Fillers from My Lip Filler<\/title>\n<meta name=\"description\" content=\"\u2765Buy Derma Science Sensitive Skin Sun Block Forever Plus (SPF 50+\/PA+++) \u23e9 My Lip Filler online store \u27a6 Quality assurance, reviews, ingredients, best prices!\" \/>\n<meta name=\"robots\" content=\"index, follow, max-snippet:-1, max-image-preview:large, max-video-preview:-1\" \/>\n<link rel=\"canonical\" href=\"https:\/\/mylipfiller.com\/es\/derma-science-sensitive-skin-sun-block-forever-plus-spf-50-pa\/\" \/>\n<meta property=\"og:locale\" content=\"es_MX\" \/>\n<meta property=\"og:type\" content=\"article\" \/>\n<meta property=\"og:title\" content=\"Buy Derma Science Sensitive Skin Sun Block Forever Plus (SPF 50+\/PA+++) - Fillers from My Lip Filler\" \/>\n<meta property=\"og:description\" content=\"\u2765Buy Derma Science Sensitive Skin Sun Block Forever Plus (SPF 50+\/PA+++) \u23e9 My Lip Filler online store \u27a6 Quality assurance, reviews, ingredients, best prices!\" \/>\n<meta property=\"og:url\" content=\"https:\/\/mylipfiller.com\/es\/derma-science-sensitive-skin-sun-block-forever-plus-spf-50-pa\/\" \/>\n<meta property=\"og:site_name\" content=\"My Lip Filler\" \/>\n<meta property=\"article:modified_time\" content=\"2024-07-03T15:32:38+00:00\" \/>\n<meta property=\"og:image\" content=\"https:\/\/cdn.mylipfiller.com\/wp-content\/uploads\/2019\/08\/Sensitive-Sun-Block-Forever-Plus.jpg\" \/>\n\t<meta property=\"og:image:width\" content=\"600\" \/>\n\t<meta property=\"og:image:height\" content=\"600\" \/>\n\t<meta property=\"og:image:type\" content=\"image\/jpeg\" \/>\n<meta name=\"twitter:card\" content=\"summary_large_image\" \/>\n<meta name=\"twitter:label1\" content=\"Tiempo de lectura\" \/>\n\t<meta name=\"twitter:data1\" content=\"2 minutos\" \/>\n<script type=\"application\/ld+json\" class=\"yoast-schema-graph\">{\"@context\":\"https:\/\/schema.org\",\"@graph\":[{\"@type\":\"WebPage\",\"@id\":\"https:\/\/mylipfiller.com\/derma-science-sensitive-skin-sun-block-forever-plus-spf-50-pa\/\",\"url\":\"https:\/\/mylipfiller.com\/derma-science-sensitive-skin-sun-block-forever-plus-spf-50-pa\/\",\"name\":\"Buy Derma Science Sensitive Skin Sun Block Forever Plus (SPF 50+\/PA+++) - Fillers from My Lip Filler\",\"isPartOf\":{\"@id\":\"https:\/\/mylipfiller.com\/#website\"},\"primaryImageOfPage\":{\"@id\":\"https:\/\/mylipfiller.com\/derma-science-sensitive-skin-sun-block-forever-plus-spf-50-pa\/#primaryimage\"},\"image\":{\"@id\":\"https:\/\/mylipfiller.com\/derma-science-sensitive-skin-sun-block-forever-plus-spf-50-pa\/#primaryimage\"},\"thumbnailUrl\":\"https:\/\/cdn.mylipfiller.com\/wp-content\/uploads\/2019\/08\/Sensitive-Sun-Block-Forever-Plus.jpg\",\"datePublished\":\"2019-08-21T08:55:42+00:00\",\"dateModified\":\"2024-07-03T15:32:38+00:00\",\"description\":\"\u2765Buy Derma Science Sensitive Skin Sun Block Forever Plus (SPF 50+\/PA+++) \u23e9 My Lip Filler online store \u27a6 Quality assurance, reviews, ingredients, best prices!\",\"breadcrumb\":{\"@id\":\"https:\/\/mylipfiller.com\/derma-science-sensitive-skin-sun-block-forever-plus-spf-50-pa\/#breadcrumb\"},\"inLanguage\":\"es\",\"potentialAction\":[{\"@type\":\"ReadAction\",\"target\":[\"https:\/\/mylipfiller.com\/derma-science-sensitive-skin-sun-block-forever-plus-spf-50-pa\/\"]}]},{\"@type\":\"ImageObject\",\"inLanguage\":\"es\",\"@id\":\"https:\/\/mylipfiller.com\/derma-science-sensitive-skin-sun-block-forever-plus-spf-50-pa\/#primaryimage\",\"url\":\"https:\/\/cdn.mylipfiller.com\/wp-content\/uploads\/2019\/08\/Sensitive-Sun-Block-Forever-Plus.jpg\",\"contentUrl\":\"https:\/\/cdn.mylipfiller.com\/wp-content\/uploads\/2019\/08\/Sensitive-Sun-Block-Forever-Plus.jpg\",\"width\":600,\"height\":600,\"caption\":\"Sensitive Sun Block Forever Plus\"},{\"@type\":\"BreadcrumbList\",\"@id\":\"https:\/\/mylipfiller.com\/derma-science-sensitive-skin-sun-block-forever-plus-spf-50-pa\/#breadcrumb\",\"itemListElement\":[{\"@type\":\"ListItem\",\"position\":1,\"name\":\"Home\",\"item\":\"https:\/\/mylipfiller.com\/\"},{\"@type\":\"ListItem\",\"position\":2,\"name\":\"Shop\",\"item\":\"https:\/\/mylipfiller.com\/shop\/\"},{\"@type\":\"ListItem\",\"position\":3,\"name\":\"Derma Science Sensitive Skin Sun Block Forever Plus (SPF 50+\/PA+++)\"}]},{\"@type\":\"WebSite\",\"@id\":\"https:\/\/mylipfiller.com\/#website\",\"url\":\"https:\/\/mylipfiller.com\/\",\"name\":\"My Lip Filler\",\"description\":\"Hyaluronic Acid Lip and Dermal Fillers\",\"publisher\":{\"@id\":\"https:\/\/mylipfiller.com\/#organization\"},\"potentialAction\":[{\"@type\":\"SearchAction\",\"target\":{\"@type\":\"EntryPoint\",\"urlTemplate\":\"https:\/\/mylipfiller.com\/?s={search_term_string}\"},\"query-input\":{\"@type\":\"PropertyValueSpecification\",\"valueRequired\":true,\"valueName\":\"search_term_string\"}}],\"inLanguage\":\"es\"},{\"@type\":\"Organization\",\"@id\":\"https:\/\/mylipfiller.com\/#organization\",\"name\":\"My Lip Filler\",\"url\":\"https:\/\/mylipfiller.com\/\",\"logo\":{\"@type\":\"ImageObject\",\"inLanguage\":\"es\",\"@id\":\"https:\/\/mylipfiller.com\/#\/schema\/logo\/image\/\",\"url\":\"https:\/\/cdn.mylipfiller.com\/wp-content\/uploads\/2019\/02\/cropped-My-Lip-Filler-Logo.png\",\"contentUrl\":\"https:\/\/cdn.mylipfiller.com\/wp-content\/uploads\/2019\/02\/cropped-My-Lip-Filler-Logo.png\",\"width\":240,\"height\":88,\"caption\":\"My Lip Filler\"},\"image\":{\"@id\":\"https:\/\/mylipfiller.com\/#\/schema\/logo\/image\/\"}}]}<\/script>\n<!-- \/ Yoast SEO plugin. -->","yoast_head_json":{"title":"Compre Derma Science Bloqueador solar para pieles sensibles Forever Plus (SPF 50+\/PA+++) - Rellenos de My Lip Filler","description":"\u2765Compre Derma Science Bloqueador Solar Piel Sensible Forever Plus (SPF 50+\/PA+++) \u23e9 Tienda online My Lip Filler \u27a6 Garant\u00eda de calidad, rese\u00f1as, ingredientes, \u00a1los mejores precios!","robots":{"index":"index","follow":"follow","max-snippet":"max-snippet:-1","max-image-preview":"max-image-preview:large","max-video-preview":"max-video-preview:-1"},"canonical":"https:\/\/mylipfiller.com\/es\/derma-science-sensitive-skin-sun-block-forever-plus-spf-50-pa\/","og_locale":"es_MX","og_type":"article","og_title":"Buy Derma Science Sensitive Skin Sun Block Forever Plus (SPF 50+\/PA+++) - Fillers from My Lip Filler","og_description":"\u2765Buy Derma Science Sensitive Skin Sun Block Forever Plus (SPF 50+\/PA+++) \u23e9 My Lip Filler online store \u27a6 Quality assurance, reviews, ingredients, best prices!","og_url":"https:\/\/mylipfiller.com\/es\/derma-science-sensitive-skin-sun-block-forever-plus-spf-50-pa\/","og_site_name":"My Lip Filler","article_modified_time":"2024-07-03T15:32:38+00:00","og_image":[{"width":600,"height":600,"url":"https:\/\/cdn.mylipfiller.com\/wp-content\/uploads\/2019\/08\/Sensitive-Sun-Block-Forever-Plus.jpg","type":"image\/jpeg"}],"twitter_card":"summary_large_image","twitter_misc":{"Tiempo de lectura":"2 minutos"},"schema":{"@context":"https:\/\/schema.org","@graph":[{"@type":"WebPage","@id":"https:\/\/mylipfiller.com\/derma-science-sensitive-skin-sun-block-forever-plus-spf-50-pa\/","url":"https:\/\/mylipfiller.com\/derma-science-sensitive-skin-sun-block-forever-plus-spf-50-pa\/","name":"Compre Derma Science Bloqueador solar para pieles sensibles Forever Plus (SPF 50+\/PA+++) - Rellenos de My Lip Filler","isPartOf":{"@id":"https:\/\/mylipfiller.com\/#website"},"primaryImageOfPage":{"@id":"https:\/\/mylipfiller.com\/derma-science-sensitive-skin-sun-block-forever-plus-spf-50-pa\/#primaryimage"},"image":{"@id":"https:\/\/mylipfiller.com\/derma-science-sensitive-skin-sun-block-forever-plus-spf-50-pa\/#primaryimage"},"thumbnailUrl":"https:\/\/cdn.mylipfiller.com\/wp-content\/uploads\/2019\/08\/Sensitive-Sun-Block-Forever-Plus.jpg","datePublished":"2019-08-21T08:55:42+00:00","dateModified":"2024-07-03T15:32:38+00:00","description":"\u2765Compre Derma Science Bloqueador Solar Piel Sensible Forever Plus (SPF 50+\/PA+++) \u23e9 Tienda online My Lip Filler \u27a6 Garant\u00eda de calidad, rese\u00f1as, ingredientes, \u00a1los mejores precios!","breadcrumb":{"@id":"https:\/\/mylipfiller.com\/derma-science-sensitive-skin-sun-block-forever-plus-spf-50-pa\/#breadcrumb"},"inLanguage":"es","potentialAction":[{"@type":"ReadAction","target":["https:\/\/mylipfiller.com\/derma-science-sensitive-skin-sun-block-forever-plus-spf-50-pa\/"]}]},{"@type":"ImageObject","inLanguage":"es","@id":"https:\/\/mylipfiller.com\/derma-science-sensitive-skin-sun-block-forever-plus-spf-50-pa\/#primaryimage","url":"https:\/\/cdn.mylipfiller.com\/wp-content\/uploads\/2019\/08\/Sensitive-Sun-Block-Forever-Plus.jpg","contentUrl":"https:\/\/cdn.mylipfiller.com\/wp-content\/uploads\/2019\/08\/Sensitive-Sun-Block-Forever-Plus.jpg","width":600,"height":600,"caption":"Sensitive Sun Block Forever Plus"},{"@type":"BreadcrumbList","@id":"https:\/\/mylipfiller.com\/derma-science-sensitive-skin-sun-block-forever-plus-spf-50-pa\/#breadcrumb","itemListElement":[{"@type":"ListItem","position":1,"name":"Home","item":"https:\/\/mylipfiller.com\/"},{"@type":"ListItem","position":2,"name":"Shop","item":"https:\/\/mylipfiller.com\/shop\/"},{"@type":"ListItem","position":3,"name":"Derma Science Sensitive Skin Sun Block Forever Plus (SPF 50+\/PA+++)"}]},{"@type":"WebSite","@id":"https:\/\/mylipfiller.com\/#website","url":"https:\/\/mylipfiller.com\/","name":"Mi relleno de labios","description":"Rellenos d\u00e9rmicos y de labios con \u00e1cido hialur\u00f3nico","publisher":{"@id":"https:\/\/mylipfiller.com\/#organization"},"potentialAction":[{"@type":"SearchAction","target":{"@type":"EntryPoint","urlTemplate":"https:\/\/mylipfiller.com\/?s={search_term_string}"},"query-input":{"@type":"PropertyValueSpecification","valueRequired":true,"valueName":"search_term_string"}}],"inLanguage":"es"},{"@type":"Organization","@id":"https:\/\/mylipfiller.com\/#organization","name":"Mi relleno de labios","url":"https:\/\/mylipfiller.com\/","logo":{"@type":"ImageObject","inLanguage":"es","@id":"https:\/\/mylipfiller.com\/#\/schema\/logo\/image\/","url":"https:\/\/cdn.mylipfiller.com\/wp-content\/uploads\/2019\/02\/cropped-My-Lip-Filler-Logo.png","contentUrl":"https:\/\/cdn.mylipfiller.com\/wp-content\/uploads\/2019\/02\/cropped-My-Lip-Filler-Logo.png","width":240,"height":88,"caption":"My Lip Filler"},"image":{"@id":"https:\/\/mylipfiller.com\/#\/schema\/logo\/image\/"}}]}},"_links":{"self":[{"href":"https:\/\/mylipfiller.com\/es\/wp-json\/wp\/v2\/product\/4381","targetHints":{"allow":["GET"]}}],"collection":[{"href":"https:\/\/mylipfiller.com\/es\/wp-json\/wp\/v2\/product"}],"about":[{"href":"https:\/\/mylipfiller.com\/es\/wp-json\/wp\/v2\/types\/product"}],"wp:featuredmedia":[{"embeddable":true,"href":"https:\/\/mylipfiller.com\/es\/wp-json\/wp\/v2\/media\/4382"}],"wp:attachment":[{"href":"https:\/\/mylipfiller.com\/es\/wp-json\/wp\/v2\/media?parent=4381"}],"wp:term":[{"taxonomy":"product_brand","embeddable":true,"href":"https:\/\/mylipfiller.com\/es\/wp-json\/wp\/v2\/product_brand?post=4381"},{"taxonomy":"product_cat","embeddable":true,"href":"https:\/\/mylipfiller.com\/es\/wp-json\/wp\/v2\/product_cat?post=4381"},{"taxonomy":"product_tag","embeddable":true,"href":"https:\/\/mylipfiller.com\/es\/wp-json\/wp\/v2\/product_tag?post=4381"}],"curies":[{"name":"gracias","href":"https:\/\/api.w.org\/{rel}","templated":true}]}}