{"id":5033,"date":"2019-09-02T12:40:17","date_gmt":"2019-09-02T10:40:17","guid":{"rendered":"https:\/\/mylipfiller.com\/?post_type=product&#038;p=5033"},"modified":"2026-01-28T15:51:45","modified_gmt":"2026-01-28T13:51:45","slug":"gana-scalp-5-x-3ml-pdrn-5-x-3ml-ghk-cu","status":"publish","type":"product","link":"https:\/\/mylipfiller.com\/es\/gana-scalp-5-x-3ml-pdrn-5-x-3ml-ghk-cu\/","title":{"rendered":"Cuero cabelludo de GANA (5 x 3 ml de PDRN + 5 x 3 ml de GHK-Cu)"},"content":{"rendered":"<h3>Una soluci\u00f3n innovadora contra la ca\u00edda del cabello<\/h3>\n<p>La mayor\u00eda de las terapias de crecimiento del cabello m\u00ednimamente invasivas se basan en una mezcla de vitaminas y nutrientes para reducir la p\u00e9rdida de cabello en el futuro. GANA Scalp lleva las cosas a un nivel completamente nuevo porque se esfuerza por abordar este problema no solo estimulando el crecimiento del cabello. Tambi\u00e9n <em>mejora la condici\u00f3n del cuero cabelludo y los fol\u00edculos pilosos<\/em>. los <strong>P\u00e9ptido de cobre<\/strong> (GHK-Cu) que contiene hace que el cabello ya existente sea m\u00e1s fuerte y m\u00e1s grueso al aumentar los niveles de col\u00e1geno en el cuero cabelludo. Tambi\u00e9n tiene poderes anti-envejecimiento, antioxidantes y antiinflamatorios incomparables, lo que le permite brindar resultados de tratamiento m\u00e1s duraderos cuando se aplica con un rodillo dermis.<\/p>\n<p><strong>PDRN o polidesoxirribonucle\u00f3tido<\/strong> tambi\u00e9n est\u00e1 presente en la f\u00f3rmula de esta soluci\u00f3n optimizada para el cuidado del cabello. Gracias a su capacidad de regeneraci\u00f3n celular natural, este ingrediente sin riesgo activa nucle\u00f3tidos para estimular el crecimiento del cabello.<\/p>\n<h3>Efectos y candidatos a tratamiento adecuados<\/h3>\n<p><u>Hombres y mujeres<\/u> igualmente pueden beneficiarse de un tratamiento con GANA Scalp. Este producto puede proporcionar a los pacientes resultados duraderos contra la ca\u00edda del cabello. <em>no importa la causa detr\u00e1s de su problema<\/em> (por ejemplo, hormonal, relacionado con la edad o el estr\u00e9s, hereditario, etc.).<\/p>\n<ul>\n<li>Entrega r\u00e1pidamente nutrientes importantes al cuero cabelludo y los fol\u00edculos capilares<\/li>\n<li>Mejora notablemente la microcirculaci\u00f3n en las zonas de tratamiento.<\/li>\n<li>Estimula enormemente el crecimiento del cabello en las zonas m\u00e1s afectadas.<\/li>\n<li>Reduce visiblemente los niveles de ca\u00edda del cabello<\/li>\n<li>Repara y regenera con \u00e9xito la estructura de la piel del cuero cabelludo<\/li>\n<li>Acelera con \u00e9xito las tasas de crecimiento del cabello<\/li>\n<\/ul>","protected":false},"excerpt":{"rendered":"<p>Los tratamientos no quir\u00fargicos para la ca\u00edda del cabello ahora son m\u00e1s asequibles y efectivos gracias a GANA I + D <em>soluci\u00f3n para el crecimiento del cabello de alto rendimiento GANA Scalp<\/em>. Con su f\u00f3rmula potente pero completamente segura basada en p\u00e9ptido de cobre (CP) y PDRN, este producto para el cuidado del cabello de nueva generaci\u00f3n hace que el cabello sea m\u00e1s grueso, m\u00e1s fuerte y m\u00e1s saludable con sus notables propiedades de regeneraci\u00f3n celular, estimulaci\u00f3n del col\u00e1geno y antica\u00edda. Ahora disponible en la tienda online de My Lip Filler, este <u>soluci\u00f3n para el cuidado del cabello bien recomendada<\/u> ha demostrado ser muy eficaz.<\/p>","protected":false},"featured_media":5045,"template":"","meta":{"_acf_changed":false},"product_brand":[],"product_cat":[89,52,162,18],"product_tag":[91,137],"class_list":{"0":"post-5033","1":"product","2":"type-product","3":"status-publish","4":"has-post-thumbnail","6":"product_cat-big-holiday-sale","7":"product_cat-gana","8":"product_cat-gana-rd","9":"product_cat-mesotherapy","10":"product_tag-91","11":"product_tag-south-korea","13":"first","14":"outofstock","15":"sale","16":"taxable","17":"shipping-taxable","18":"purchasable","19":"product-type-simple"},"acf":[],"yoast_head":"<!-- This site is optimized with the Yoast SEO plugin v27.3 - https:\/\/yoast.com\/product\/yoast-seo-wordpress\/ -->\n<title>Buy GANA Scalp (5 x 3ml PDRN + 5 x 3ml GHK-Cu) - Fillers from My Lip Filler<\/title>\n<meta name=\"description\" content=\"\u2765Buy GANA Scalp (5 x 3ml PDRN + 5 x 3ml GHK-Cu) \u23e9 My Lip Filler online store \u27a6 Quality assurance, reviews, ingredients, best prices!\" \/>\n<meta name=\"robots\" content=\"index, follow, max-snippet:-1, max-image-preview:large, max-video-preview:-1\" \/>\n<link rel=\"canonical\" href=\"https:\/\/mylipfiller.com\/es\/gana-scalp-5-x-3ml-pdrn-5-x-3ml-ghk-cu\/\" \/>\n<meta property=\"og:locale\" content=\"es_MX\" \/>\n<meta property=\"og:type\" content=\"article\" \/>\n<meta property=\"og:title\" content=\"Buy GANA Scalp (5 x 3ml PDRN + 5 x 3ml GHK-Cu) - Fillers from My Lip Filler\" \/>\n<meta property=\"og:description\" content=\"\u2765Buy GANA Scalp (5 x 3ml PDRN + 5 x 3ml GHK-Cu) \u23e9 My Lip Filler online store \u27a6 Quality assurance, reviews, ingredients, best prices!\" \/>\n<meta property=\"og:url\" content=\"https:\/\/mylipfiller.com\/es\/gana-scalp-5-x-3ml-pdrn-5-x-3ml-ghk-cu\/\" \/>\n<meta property=\"og:site_name\" content=\"My Lip Filler\" \/>\n<meta property=\"article:modified_time\" content=\"2026-01-28T13:51:45+00:00\" \/>\n<meta property=\"og:image\" content=\"https:\/\/cdn.mylipfiller.com\/wp-content\/uploads\/2019\/09\/Gana-Scalp.jpg\" \/>\n\t<meta property=\"og:image:width\" content=\"600\" \/>\n\t<meta property=\"og:image:height\" content=\"600\" \/>\n\t<meta property=\"og:image:type\" content=\"image\/jpeg\" \/>\n<meta name=\"twitter:card\" content=\"summary_large_image\" \/>\n<meta name=\"twitter:label1\" content=\"Tiempo de lectura\" \/>\n\t<meta name=\"twitter:data1\" content=\"2 minutos\" \/>\n<script type=\"application\/ld+json\" class=\"yoast-schema-graph\">{\"@context\":\"https:\\\/\\\/schema.org\",\"@graph\":[{\"@type\":\"WebPage\",\"@id\":\"https:\\\/\\\/mylipfiller.com\\\/gana-scalp-5-x-3ml-pdrn-5-x-3ml-ghk-cu\\\/\",\"url\":\"https:\\\/\\\/mylipfiller.com\\\/gana-scalp-5-x-3ml-pdrn-5-x-3ml-ghk-cu\\\/\",\"name\":\"Buy GANA Scalp (5 x 3ml PDRN + 5 x 3ml GHK-Cu) - Fillers from My Lip Filler\",\"isPartOf\":{\"@id\":\"https:\\\/\\\/mylipfiller.com\\\/#website\"},\"primaryImageOfPage\":{\"@id\":\"https:\\\/\\\/mylipfiller.com\\\/gana-scalp-5-x-3ml-pdrn-5-x-3ml-ghk-cu\\\/#primaryimage\"},\"image\":{\"@id\":\"https:\\\/\\\/mylipfiller.com\\\/gana-scalp-5-x-3ml-pdrn-5-x-3ml-ghk-cu\\\/#primaryimage\"},\"thumbnailUrl\":\"https:\\\/\\\/mylipfiller.com\\\/wp-content\\\/uploads\\\/2019\\\/09\\\/Gana-Scalp.jpg\",\"datePublished\":\"2019-09-02T10:40:17+00:00\",\"dateModified\":\"2026-01-28T13:51:45+00:00\",\"description\":\"\u2765Buy GANA Scalp (5 x 3ml PDRN + 5 x 3ml GHK-Cu) \u23e9 My Lip Filler online store \u27a6 Quality assurance, reviews, ingredients, best prices!\",\"breadcrumb\":{\"@id\":\"https:\\\/\\\/mylipfiller.com\\\/gana-scalp-5-x-3ml-pdrn-5-x-3ml-ghk-cu\\\/#breadcrumb\"},\"inLanguage\":\"es\",\"potentialAction\":[{\"@type\":\"ReadAction\",\"target\":[\"https:\\\/\\\/mylipfiller.com\\\/gana-scalp-5-x-3ml-pdrn-5-x-3ml-ghk-cu\\\/\"]}]},{\"@type\":\"ImageObject\",\"inLanguage\":\"es\",\"@id\":\"https:\\\/\\\/mylipfiller.com\\\/gana-scalp-5-x-3ml-pdrn-5-x-3ml-ghk-cu\\\/#primaryimage\",\"url\":\"https:\\\/\\\/mylipfiller.com\\\/wp-content\\\/uploads\\\/2019\\\/09\\\/Gana-Scalp.jpg\",\"contentUrl\":\"https:\\\/\\\/mylipfiller.com\\\/wp-content\\\/uploads\\\/2019\\\/09\\\/Gana-Scalp.jpg\",\"width\":600,\"height\":600,\"caption\":\"Gana Scalp\"},{\"@type\":\"BreadcrumbList\",\"@id\":\"https:\\\/\\\/mylipfiller.com\\\/gana-scalp-5-x-3ml-pdrn-5-x-3ml-ghk-cu\\\/#breadcrumb\",\"itemListElement\":[{\"@type\":\"ListItem\",\"position\":1,\"name\":\"Home\",\"item\":\"https:\\\/\\\/mylipfiller.com\\\/\"},{\"@type\":\"ListItem\",\"position\":2,\"name\":\"Shop\",\"item\":\"https:\\\/\\\/mylipfiller.com\\\/shop\\\/\"},{\"@type\":\"ListItem\",\"position\":3,\"name\":\"GANA Scalp (5 x 3ml PDRN + 5 x 3ml GHK-Cu)\"}]},{\"@type\":\"WebSite\",\"@id\":\"https:\\\/\\\/mylipfiller.com\\\/#website\",\"url\":\"https:\\\/\\\/mylipfiller.com\\\/\",\"name\":\"My Lip Filler\",\"description\":\"Hyaluronic Acid Lip and Dermal Fillers\",\"publisher\":{\"@id\":\"https:\\\/\\\/mylipfiller.com\\\/#organization\"},\"potentialAction\":[{\"@type\":\"SearchAction\",\"target\":{\"@type\":\"EntryPoint\",\"urlTemplate\":\"https:\\\/\\\/mylipfiller.com\\\/?s={search_term_string}\"},\"query-input\":{\"@type\":\"PropertyValueSpecification\",\"valueRequired\":true,\"valueName\":\"search_term_string\"}}],\"inLanguage\":\"es\"},{\"@type\":\"Organization\",\"@id\":\"https:\\\/\\\/mylipfiller.com\\\/#organization\",\"name\":\"My Lip Filler\",\"url\":\"https:\\\/\\\/mylipfiller.com\\\/\",\"logo\":{\"@type\":\"ImageObject\",\"inLanguage\":\"es\",\"@id\":\"https:\\\/\\\/mylipfiller.com\\\/#\\\/schema\\\/logo\\\/image\\\/\",\"url\":\"https:\\\/\\\/mylipfiller.com\\\/wp-content\\\/uploads\\\/2019\\\/02\\\/cropped-My-Lip-Filler-Logo.png\",\"contentUrl\":\"https:\\\/\\\/mylipfiller.com\\\/wp-content\\\/uploads\\\/2019\\\/02\\\/cropped-My-Lip-Filler-Logo.png\",\"width\":240,\"height\":88,\"caption\":\"My Lip Filler\"},\"image\":{\"@id\":\"https:\\\/\\\/mylipfiller.com\\\/#\\\/schema\\\/logo\\\/image\\\/\"}}]}<\/script>\n<!-- \/ Yoast SEO plugin. -->","yoast_head_json":{"title":"Compre GANA Scalp (5 x 3ml PDRN + 5 x 3ml GHK-Cu) - Rellenos de My Lip Filler","description":"\u2765Compre GANA Scalp (5 x 3ml PDRN + 5 x 3ml GHK-Cu) \u23e9 Tienda online My Lip Filler \u27a6 Garant\u00eda de calidad, rese\u00f1as, ingredientes, \u00a1los mejores precios!","robots":{"index":"index","follow":"follow","max-snippet":"max-snippet:-1","max-image-preview":"max-image-preview:large","max-video-preview":"max-video-preview:-1"},"canonical":"https:\/\/mylipfiller.com\/es\/gana-scalp-5-x-3ml-pdrn-5-x-3ml-ghk-cu\/","og_locale":"es_MX","og_type":"article","og_title":"Buy GANA Scalp (5 x 3ml PDRN + 5 x 3ml GHK-Cu) - Fillers from My Lip Filler","og_description":"\u2765Buy GANA Scalp (5 x 3ml PDRN + 5 x 3ml GHK-Cu) \u23e9 My Lip Filler online store \u27a6 Quality assurance, reviews, ingredients, best prices!","og_url":"https:\/\/mylipfiller.com\/es\/gana-scalp-5-x-3ml-pdrn-5-x-3ml-ghk-cu\/","og_site_name":"My Lip Filler","article_modified_time":"2026-01-28T13:51:45+00:00","og_image":[{"width":600,"height":600,"url":"https:\/\/cdn.mylipfiller.com\/wp-content\/uploads\/2019\/09\/Gana-Scalp.jpg","type":"image\/jpeg"}],"twitter_card":"summary_large_image","twitter_misc":{"Tiempo de lectura":"2 minutos"},"schema":{"@context":"https:\/\/schema.org","@graph":[{"@type":"WebPage","@id":"https:\/\/mylipfiller.com\/gana-scalp-5-x-3ml-pdrn-5-x-3ml-ghk-cu\/","url":"https:\/\/mylipfiller.com\/gana-scalp-5-x-3ml-pdrn-5-x-3ml-ghk-cu\/","name":"Compre GANA Scalp (5 x 3ml PDRN + 5 x 3ml GHK-Cu) - Rellenos de My Lip Filler","isPartOf":{"@id":"https:\/\/mylipfiller.com\/#website"},"primaryImageOfPage":{"@id":"https:\/\/mylipfiller.com\/gana-scalp-5-x-3ml-pdrn-5-x-3ml-ghk-cu\/#primaryimage"},"image":{"@id":"https:\/\/mylipfiller.com\/gana-scalp-5-x-3ml-pdrn-5-x-3ml-ghk-cu\/#primaryimage"},"thumbnailUrl":"https:\/\/cdn.mylipfiller.com\/wp-content\/uploads\/2019\/09\/Gana-Scalp.jpg","datePublished":"2019-09-02T10:40:17+00:00","dateModified":"2026-01-28T13:51:45+00:00","description":"\u2765Compre GANA Scalp (5 x 3ml PDRN + 5 x 3ml GHK-Cu) \u23e9 Tienda online My Lip Filler \u27a6 Garant\u00eda de calidad, rese\u00f1as, ingredientes, \u00a1los mejores precios!","breadcrumb":{"@id":"https:\/\/mylipfiller.com\/gana-scalp-5-x-3ml-pdrn-5-x-3ml-ghk-cu\/#breadcrumb"},"inLanguage":"es","potentialAction":[{"@type":"ReadAction","target":["https:\/\/mylipfiller.com\/gana-scalp-5-x-3ml-pdrn-5-x-3ml-ghk-cu\/"]}]},{"@type":"ImageObject","inLanguage":"es","@id":"https:\/\/mylipfiller.com\/gana-scalp-5-x-3ml-pdrn-5-x-3ml-ghk-cu\/#primaryimage","url":"https:\/\/cdn.mylipfiller.com\/wp-content\/uploads\/2019\/09\/Gana-Scalp.jpg","contentUrl":"https:\/\/cdn.mylipfiller.com\/wp-content\/uploads\/2019\/09\/Gana-Scalp.jpg","width":600,"height":600,"caption":"Gana Scalp"},{"@type":"BreadcrumbList","@id":"https:\/\/mylipfiller.com\/gana-scalp-5-x-3ml-pdrn-5-x-3ml-ghk-cu\/#breadcrumb","itemListElement":[{"@type":"ListItem","position":1,"name":"Home","item":"https:\/\/mylipfiller.com\/"},{"@type":"ListItem","position":2,"name":"Shop","item":"https:\/\/mylipfiller.com\/shop\/"},{"@type":"ListItem","position":3,"name":"GANA Scalp (5 x 3ml PDRN + 5 x 3ml GHK-Cu)"}]},{"@type":"WebSite","@id":"https:\/\/mylipfiller.com\/#website","url":"https:\/\/mylipfiller.com\/","name":"Mi relleno de labios","description":"Rellenos d\u00e9rmicos y de labios con \u00e1cido hialur\u00f3nico","publisher":{"@id":"https:\/\/mylipfiller.com\/#organization"},"potentialAction":[{"@type":"SearchAction","target":{"@type":"EntryPoint","urlTemplate":"https:\/\/mylipfiller.com\/?s={search_term_string}"},"query-input":{"@type":"PropertyValueSpecification","valueRequired":true,"valueName":"search_term_string"}}],"inLanguage":"es"},{"@type":"Organization","@id":"https:\/\/mylipfiller.com\/#organization","name":"Mi relleno de labios","url":"https:\/\/mylipfiller.com\/","logo":{"@type":"ImageObject","inLanguage":"es","@id":"https:\/\/mylipfiller.com\/#\/schema\/logo\/image\/","url":"https:\/\/cdn.mylipfiller.com\/wp-content\/uploads\/2019\/02\/cropped-My-Lip-Filler-Logo.png","contentUrl":"https:\/\/cdn.mylipfiller.com\/wp-content\/uploads\/2019\/02\/cropped-My-Lip-Filler-Logo.png","width":240,"height":88,"caption":"My Lip Filler"},"image":{"@id":"https:\/\/mylipfiller.com\/#\/schema\/logo\/image\/"}}]}},"_links":{"self":[{"href":"https:\/\/mylipfiller.com\/es\/wp-json\/wp\/v2\/product\/5033","targetHints":{"allow":["GET"]}}],"collection":[{"href":"https:\/\/mylipfiller.com\/es\/wp-json\/wp\/v2\/product"}],"about":[{"href":"https:\/\/mylipfiller.com\/es\/wp-json\/wp\/v2\/types\/product"}],"wp:featuredmedia":[{"embeddable":true,"href":"https:\/\/mylipfiller.com\/es\/wp-json\/wp\/v2\/media\/5045"}],"wp:attachment":[{"href":"https:\/\/mylipfiller.com\/es\/wp-json\/wp\/v2\/media?parent=5033"}],"wp:term":[{"taxonomy":"product_brand","embeddable":true,"href":"https:\/\/mylipfiller.com\/es\/wp-json\/wp\/v2\/product_brand?post=5033"},{"taxonomy":"product_cat","embeddable":true,"href":"https:\/\/mylipfiller.com\/es\/wp-json\/wp\/v2\/product_cat?post=5033"},{"taxonomy":"product_tag","embeddable":true,"href":"https:\/\/mylipfiller.com\/es\/wp-json\/wp\/v2\/product_tag?post=5033"}],"curies":[{"name":"gracias","href":"https:\/\/api.w.org\/{rel}","templated":true}]}}