{"id":5034,"date":"2019-09-02T12:40:33","date_gmt":"2019-09-02T10:40:33","guid":{"rendered":"https:\/\/mylipfiller.com\/?post_type=product&#038;p=5034"},"modified":"2024-07-03T17:32:37","modified_gmt":"2024-07-03T15:32:37","slug":"gana-pf-5-x-2ml","status":"publish","type":"product","link":"https:\/\/mylipfiller.com\/es\/gana-pf-5-x-2ml\/","title":{"rendered":"GANA PF (5 x 2 ml)"},"content":{"rendered":"<h3>Un relleno antiarrugas similar al Botox confiable<\/h3>\n<p>GANA PF ataca las l\u00edneas superficiales y las arrugas de dos formas diferentes: rellen\u00e1ndolas y relaj\u00e1ndolas. Al igual que un relleno de \u00e1cido hialur\u00f3nico est\u00e1ndar, agrega volumen debajo de la piel y eso <em>reduce instant\u00e1neamente la apariencia de l\u00edneas superficiales<\/em> porque los llena. Al mismo tiempo, las excepcionales propiedades hidratantes de HA <u>restablecer el equilibrio h\u00eddrico<\/u> en las zonas tratadas y las mantiene en un nivel saludable mucho tiempo despu\u00e9s del procedimiento. Como resultado, la piel adquiere r\u00e1pidamente un aspecto renovado y su textura se vuelve m\u00e1s firme pero m\u00e1s tersa y suave.<\/p>\n<p>Este relleno d\u00e9rmico de calidad contiene otro ingrediente m\u00e1s inusual: acetil hexap\u00e9ptido-8. Lleno de valiosos amino\u00e1cidos que estimulan la piel, esta sustancia tiene propiedades similares a las de la toxina botul\u00ednica (que se encuentra en inyecciones similares al Botox). Eso <em>relaja gradualmente los m\u00fasculos<\/em> en el que se inyecta, eliminando finas l\u00edneas de expresi\u00f3n como:<\/p>\n<ul>\n<li>Arrugas debajo de los ojos<\/li>\n<li>L\u00edneas de expresi\u00f3n<\/li>\n<li>patas de gallo<\/li>\n<li>L\u00edneas de la frente<\/li>\n<\/ul>\n<h3>\u00bfQu\u00e9 tan duraderos son los efectos rejuvenecedores de la piel de GANA PF?<\/h3>\n<p>El \u00e1cido hialur\u00f3nico es un ingrediente biodegradable que tarda aproximadamente de 3 a 4 meses en disolverse en el cuerpo humano. Pero el HA en GANA PF se ha reticulado con BDDE, lo que ralentiza considerablemente su absorci\u00f3n. Por eso sus impresionantes efectos antiarrugas <em>durar al menos 6 meses<\/em>.<\/p>\n<p>Un tratamiento antienvejecimiento con GANA PF consta de 2-3 sesiones de inyecci\u00f3n cada una de las cuales se realiza cada 3-4 semanas.<\/p>","protected":false},"excerpt":{"rendered":"<p>Reconocido por sus rellenos d\u00e9rmicos avanzados, GANA R&amp;D realmente se ha superado a s\u00ed mismo con GANA PF. Este poderoso producto anti-envejecimiento es m\u00e1s que un <strong>Relleno a base de HA<\/strong> porque tambien tiene <em>potentes capacidades de eliminaci\u00f3n de arrugas<\/em> que son similares a los de una inyecci\u00f3n de toxina botul\u00ednica de grado profesional. De esa manera, ataca r\u00e1pidamente las l\u00edneas y arrugas rellen\u00e1ndolas y relaj\u00e1ndolas. Nosotros, de My Lip Filler, estamos felices de agregar este producto de primer nivel a nuestra selecci\u00f3n.<\/p>","protected":false},"featured_media":5046,"template":"","meta":{"_acf_changed":false},"product_brand":[],"product_cat":[52,162,18],"product_tag":[111,145,143,137],"class_list":{"0":"post-5034","1":"product","2":"type-product","3":"status-publish","4":"has-post-thumbnail","6":"product_cat-gana","7":"product_cat-gana-rd","8":"product_cat-mesotherapy","9":"product_tag-face","10":"product_tag-nourishing","11":"product_tag-rejuvenating","12":"product_tag-south-korea","14":"first","15":"outofstock","16":"taxable","17":"shipping-taxable","18":"purchasable","19":"product-type-simple"},"acf":[],"yoast_head":"<!-- This site is optimized with the Yoast SEO plugin v27.3 - https:\/\/yoast.com\/product\/yoast-seo-wordpress\/ -->\n<title>Buy GANA PF (5 x 2ml) - Fillers from My Lip Filler<\/title>\n<meta name=\"description\" content=\"\u2765Buy GANA PF (5 x 2ml) \u23e9 My Lip Filler online store \u27a6 Quality assurance, reviews, ingredients, best prices!\" \/>\n<meta name=\"robots\" content=\"index, follow, max-snippet:-1, max-image-preview:large, max-video-preview:-1\" \/>\n<link rel=\"canonical\" href=\"https:\/\/mylipfiller.com\/es\/gana-pf-5-x-2ml\/\" \/>\n<meta property=\"og:locale\" content=\"es_MX\" \/>\n<meta property=\"og:type\" content=\"article\" \/>\n<meta property=\"og:title\" content=\"Buy GANA PF (5 x 2ml) - Fillers from My Lip Filler\" \/>\n<meta property=\"og:description\" content=\"\u2765Buy GANA PF (5 x 2ml) \u23e9 My Lip Filler online store \u27a6 Quality assurance, reviews, ingredients, best prices!\" \/>\n<meta property=\"og:url\" content=\"https:\/\/mylipfiller.com\/es\/gana-pf-5-x-2ml\/\" \/>\n<meta property=\"og:site_name\" content=\"My Lip Filler\" \/>\n<meta property=\"article:modified_time\" content=\"2024-07-03T15:32:37+00:00\" \/>\n<meta property=\"og:image\" content=\"https:\/\/cdn.mylipfiller.com\/wp-content\/uploads\/2019\/09\/GANA-PF.jpg\" \/>\n\t<meta property=\"og:image:width\" content=\"600\" \/>\n\t<meta property=\"og:image:height\" content=\"600\" \/>\n\t<meta property=\"og:image:type\" content=\"image\/jpeg\" \/>\n<meta name=\"twitter:card\" content=\"summary_large_image\" \/>\n<meta name=\"twitter:label1\" content=\"Tiempo de lectura\" \/>\n\t<meta name=\"twitter:data1\" content=\"2 minutos\" \/>\n<script type=\"application\/ld+json\" class=\"yoast-schema-graph\">{\"@context\":\"https:\\\/\\\/schema.org\",\"@graph\":[{\"@type\":\"WebPage\",\"@id\":\"https:\\\/\\\/mylipfiller.com\\\/gana-pf-5-x-2ml\\\/\",\"url\":\"https:\\\/\\\/mylipfiller.com\\\/gana-pf-5-x-2ml\\\/\",\"name\":\"Buy GANA PF (5 x 2ml) - Fillers from My Lip Filler\",\"isPartOf\":{\"@id\":\"https:\\\/\\\/mylipfiller.com\\\/#website\"},\"primaryImageOfPage\":{\"@id\":\"https:\\\/\\\/mylipfiller.com\\\/gana-pf-5-x-2ml\\\/#primaryimage\"},\"image\":{\"@id\":\"https:\\\/\\\/mylipfiller.com\\\/gana-pf-5-x-2ml\\\/#primaryimage\"},\"thumbnailUrl\":\"https:\\\/\\\/mylipfiller.com\\\/wp-content\\\/uploads\\\/2019\\\/09\\\/GANA-PF.jpg\",\"datePublished\":\"2019-09-02T10:40:33+00:00\",\"dateModified\":\"2024-07-03T15:32:37+00:00\",\"description\":\"\u2765Buy GANA PF (5 x 2ml) \u23e9 My Lip Filler online store \u27a6 Quality assurance, reviews, ingredients, best prices!\",\"breadcrumb\":{\"@id\":\"https:\\\/\\\/mylipfiller.com\\\/gana-pf-5-x-2ml\\\/#breadcrumb\"},\"inLanguage\":\"es\",\"potentialAction\":[{\"@type\":\"ReadAction\",\"target\":[\"https:\\\/\\\/mylipfiller.com\\\/gana-pf-5-x-2ml\\\/\"]}]},{\"@type\":\"ImageObject\",\"inLanguage\":\"es\",\"@id\":\"https:\\\/\\\/mylipfiller.com\\\/gana-pf-5-x-2ml\\\/#primaryimage\",\"url\":\"https:\\\/\\\/mylipfiller.com\\\/wp-content\\\/uploads\\\/2019\\\/09\\\/GANA-PF.jpg\",\"contentUrl\":\"https:\\\/\\\/mylipfiller.com\\\/wp-content\\\/uploads\\\/2019\\\/09\\\/GANA-PF.jpg\",\"width\":600,\"height\":600,\"caption\":\"GANA PF\"},{\"@type\":\"BreadcrumbList\",\"@id\":\"https:\\\/\\\/mylipfiller.com\\\/gana-pf-5-x-2ml\\\/#breadcrumb\",\"itemListElement\":[{\"@type\":\"ListItem\",\"position\":1,\"name\":\"Home\",\"item\":\"https:\\\/\\\/mylipfiller.com\\\/\"},{\"@type\":\"ListItem\",\"position\":2,\"name\":\"Shop\",\"item\":\"https:\\\/\\\/mylipfiller.com\\\/shop\\\/\"},{\"@type\":\"ListItem\",\"position\":3,\"name\":\"GANA PF (5 x 2ml)\"}]},{\"@type\":\"WebSite\",\"@id\":\"https:\\\/\\\/mylipfiller.com\\\/#website\",\"url\":\"https:\\\/\\\/mylipfiller.com\\\/\",\"name\":\"My Lip Filler\",\"description\":\"Hyaluronic Acid Lip and Dermal Fillers\",\"publisher\":{\"@id\":\"https:\\\/\\\/mylipfiller.com\\\/#organization\"},\"potentialAction\":[{\"@type\":\"SearchAction\",\"target\":{\"@type\":\"EntryPoint\",\"urlTemplate\":\"https:\\\/\\\/mylipfiller.com\\\/?s={search_term_string}\"},\"query-input\":{\"@type\":\"PropertyValueSpecification\",\"valueRequired\":true,\"valueName\":\"search_term_string\"}}],\"inLanguage\":\"es\"},{\"@type\":\"Organization\",\"@id\":\"https:\\\/\\\/mylipfiller.com\\\/#organization\",\"name\":\"My Lip Filler\",\"url\":\"https:\\\/\\\/mylipfiller.com\\\/\",\"logo\":{\"@type\":\"ImageObject\",\"inLanguage\":\"es\",\"@id\":\"https:\\\/\\\/mylipfiller.com\\\/#\\\/schema\\\/logo\\\/image\\\/\",\"url\":\"https:\\\/\\\/mylipfiller.com\\\/wp-content\\\/uploads\\\/2019\\\/02\\\/cropped-My-Lip-Filler-Logo.png\",\"contentUrl\":\"https:\\\/\\\/mylipfiller.com\\\/wp-content\\\/uploads\\\/2019\\\/02\\\/cropped-My-Lip-Filler-Logo.png\",\"width\":240,\"height\":88,\"caption\":\"My Lip Filler\"},\"image\":{\"@id\":\"https:\\\/\\\/mylipfiller.com\\\/#\\\/schema\\\/logo\\\/image\\\/\"}}]}<\/script>\n<!-- \/ Yoast SEO plugin. -->","yoast_head_json":{"title":"Compre GANA PF (5 x 2 ml) - Rellenos de My Lip Filler","description":"\u2765Compra GANA PF (5 x 2ml) \u23e9 Tienda online My Lip Filler \u27a6 Garant\u00eda de calidad, rese\u00f1as, ingredientes, \u00a1los mejores precios!","robots":{"index":"index","follow":"follow","max-snippet":"max-snippet:-1","max-image-preview":"max-image-preview:large","max-video-preview":"max-video-preview:-1"},"canonical":"https:\/\/mylipfiller.com\/es\/gana-pf-5-x-2ml\/","og_locale":"es_MX","og_type":"article","og_title":"Buy GANA PF (5 x 2ml) - Fillers from My Lip Filler","og_description":"\u2765Buy GANA PF (5 x 2ml) \u23e9 My Lip Filler online store \u27a6 Quality assurance, reviews, ingredients, best prices!","og_url":"https:\/\/mylipfiller.com\/es\/gana-pf-5-x-2ml\/","og_site_name":"My Lip Filler","article_modified_time":"2024-07-03T15:32:37+00:00","og_image":[{"width":600,"height":600,"url":"https:\/\/cdn.mylipfiller.com\/wp-content\/uploads\/2019\/09\/GANA-PF.jpg","type":"image\/jpeg"}],"twitter_card":"summary_large_image","twitter_misc":{"Tiempo de lectura":"2 minutos"},"schema":{"@context":"https:\/\/schema.org","@graph":[{"@type":"WebPage","@id":"https:\/\/mylipfiller.com\/gana-pf-5-x-2ml\/","url":"https:\/\/mylipfiller.com\/gana-pf-5-x-2ml\/","name":"Compre GANA PF (5 x 2 ml) - Rellenos de My Lip Filler","isPartOf":{"@id":"https:\/\/mylipfiller.com\/#website"},"primaryImageOfPage":{"@id":"https:\/\/mylipfiller.com\/gana-pf-5-x-2ml\/#primaryimage"},"image":{"@id":"https:\/\/mylipfiller.com\/gana-pf-5-x-2ml\/#primaryimage"},"thumbnailUrl":"https:\/\/cdn.mylipfiller.com\/wp-content\/uploads\/2019\/09\/GANA-PF.jpg","datePublished":"2019-09-02T10:40:33+00:00","dateModified":"2024-07-03T15:32:37+00:00","description":"\u2765Compra GANA PF (5 x 2ml) \u23e9 Tienda online My Lip Filler \u27a6 Garant\u00eda de calidad, rese\u00f1as, ingredientes, \u00a1los mejores precios!","breadcrumb":{"@id":"https:\/\/mylipfiller.com\/gana-pf-5-x-2ml\/#breadcrumb"},"inLanguage":"es","potentialAction":[{"@type":"ReadAction","target":["https:\/\/mylipfiller.com\/gana-pf-5-x-2ml\/"]}]},{"@type":"ImageObject","inLanguage":"es","@id":"https:\/\/mylipfiller.com\/gana-pf-5-x-2ml\/#primaryimage","url":"https:\/\/cdn.mylipfiller.com\/wp-content\/uploads\/2019\/09\/GANA-PF.jpg","contentUrl":"https:\/\/cdn.mylipfiller.com\/wp-content\/uploads\/2019\/09\/GANA-PF.jpg","width":600,"height":600,"caption":"GANA PF"},{"@type":"BreadcrumbList","@id":"https:\/\/mylipfiller.com\/gana-pf-5-x-2ml\/#breadcrumb","itemListElement":[{"@type":"ListItem","position":1,"name":"Home","item":"https:\/\/mylipfiller.com\/"},{"@type":"ListItem","position":2,"name":"Shop","item":"https:\/\/mylipfiller.com\/shop\/"},{"@type":"ListItem","position":3,"name":"GANA PF (5 x 2ml)"}]},{"@type":"WebSite","@id":"https:\/\/mylipfiller.com\/#website","url":"https:\/\/mylipfiller.com\/","name":"Mi relleno de labios","description":"Rellenos d\u00e9rmicos y de labios con \u00e1cido hialur\u00f3nico","publisher":{"@id":"https:\/\/mylipfiller.com\/#organization"},"potentialAction":[{"@type":"SearchAction","target":{"@type":"EntryPoint","urlTemplate":"https:\/\/mylipfiller.com\/?s={search_term_string}"},"query-input":{"@type":"PropertyValueSpecification","valueRequired":true,"valueName":"search_term_string"}}],"inLanguage":"es"},{"@type":"Organization","@id":"https:\/\/mylipfiller.com\/#organization","name":"Mi relleno de labios","url":"https:\/\/mylipfiller.com\/","logo":{"@type":"ImageObject","inLanguage":"es","@id":"https:\/\/mylipfiller.com\/#\/schema\/logo\/image\/","url":"https:\/\/cdn.mylipfiller.com\/wp-content\/uploads\/2019\/02\/cropped-My-Lip-Filler-Logo.png","contentUrl":"https:\/\/cdn.mylipfiller.com\/wp-content\/uploads\/2019\/02\/cropped-My-Lip-Filler-Logo.png","width":240,"height":88,"caption":"My Lip Filler"},"image":{"@id":"https:\/\/mylipfiller.com\/#\/schema\/logo\/image\/"}}]}},"_links":{"self":[{"href":"https:\/\/mylipfiller.com\/es\/wp-json\/wp\/v2\/product\/5034","targetHints":{"allow":["GET"]}}],"collection":[{"href":"https:\/\/mylipfiller.com\/es\/wp-json\/wp\/v2\/product"}],"about":[{"href":"https:\/\/mylipfiller.com\/es\/wp-json\/wp\/v2\/types\/product"}],"wp:featuredmedia":[{"embeddable":true,"href":"https:\/\/mylipfiller.com\/es\/wp-json\/wp\/v2\/media\/5046"}],"wp:attachment":[{"href":"https:\/\/mylipfiller.com\/es\/wp-json\/wp\/v2\/media?parent=5034"}],"wp:term":[{"taxonomy":"product_brand","embeddable":true,"href":"https:\/\/mylipfiller.com\/es\/wp-json\/wp\/v2\/product_brand?post=5034"},{"taxonomy":"product_cat","embeddable":true,"href":"https:\/\/mylipfiller.com\/es\/wp-json\/wp\/v2\/product_cat?post=5034"},{"taxonomy":"product_tag","embeddable":true,"href":"https:\/\/mylipfiller.com\/es\/wp-json\/wp\/v2\/product_tag?post=5034"}],"curies":[{"name":"gracias","href":"https:\/\/api.w.org\/{rel}","templated":true}]}}