{"id":5035,"date":"2019-09-02T12:40:55","date_gmt":"2019-09-02T10:40:55","guid":{"rendered":"https:\/\/mylipfiller.com\/?post_type=product&#038;p=5035"},"modified":"2024-03-13T14:10:41","modified_gmt":"2024-03-13T12:10:41","slug":"gana-da-10-x-5ml","status":"publish","type":"product","link":"https:\/\/mylipfiller.com\/es\/gana-da-10-x-5ml\/","title":{"rendered":"GANA DA (10 x 5 ml)"},"content":{"rendered":"<ul>\n<li>Tama\u00f1o del paquete: 10 viales x 4 ml<\/li>\n<li>Ingredientes principales: \u00e1cido desoxic\u00f3lico (10 mg \/ cc), soluci\u00f3n tamp\u00f3n de fosfato (cs)<\/li>\n<li>Tama\u00f1o de aguja recomendado: 30G 4 mm<\/li>\n<\/ul>\n<h3>\u00bfQu\u00e9 implica un tratamiento con GANA DA?<\/h3>\n<p>Este producto de mesoterapia de calidad viene en viales y se inyecta en la capa de grasa subcut\u00e1nea de la piel. Las zonas de tratamiento recomendadas incluyen el espacio submentoniano (para <u>quitar la papada<\/u>), el vientre, las caderas, los muslos y la parte superior de los brazos. En la mayor\u00eda de los casos, tres o cuatro sesiones de inyecci\u00f3n son suficientes para proporcionar a los pacientes resultados satisfactorios de disoluci\u00f3n de grasa. El intervalo entre cada etapa del tratamiento debe ser de aproximadamente un mes.<\/p>\n<h3>\u00bfCu\u00e1les son los efectos despu\u00e9s de una mesoterapia con este producto?<\/h3>\n<p>En comparaci\u00f3n con otros procedimientos de p\u00e9rdida de peso m\u00ednimamente invasivos, los efectos de resoluci\u00f3n de grasa de GANA DA se pueden notar bastante poco despu\u00e9s del tratamiento. A\u00fan as\u00ed, los pacientes podr\u00e1n ver y sentir todos los poderes del producto despu\u00e9s de completar su tercera sesi\u00f3n con \u00e9l. Las sensaciones desagradables, como dolor e hinchaz\u00f3n, no son algo inusual y desaparecen en cuesti\u00f3n de 3 d\u00edas. El tratamiento en s\u00ed no es muy doloroso, especialmente si los cirujanos pl\u00e1sticos aplican una crema anest\u00e9sica en las zonas problem\u00e1ticas con anticipaci\u00f3n.<\/p>\n<p>Para presenciar GANA DA&#039;s <em>incre\u00edbles habilidades de absorci\u00f3n de grasa<\/em> de primera mano, c\u00f3mprelo a trav\u00e9s de My Lip Filler hoy.<\/p>","protected":false},"excerpt":{"rendered":"<p>La empresa biofarmac\u00e9utica l\u00edder GANA R&amp;D ha desarrollado su propia <u>soluci\u00f3n revolucionaria para disolver grasas - GANA DA<\/u>. Esta excelente inyecci\u00f3n lipol\u00edtica ofrece resultados de correcci\u00f3n de la papada de aspecto natural y tambi\u00e9n se puede utilizar para quemar dep\u00f3sitos de grasa del <em>abdomen, muslos, brazos y caderas<\/em>. P\u00eddalo a trav\u00e9s de la tienda en l\u00ednea de My Lip Filler y recibir\u00e1 un producto original con potentes propiedades para derretir grasas.<\/p>","protected":false},"featured_media":5047,"template":"","meta":{"_acf_changed":false},"product_brand":[],"product_cat":[89,52,162,18],"product_tag":[91,137,149],"class_list":{"0":"post-5035","1":"product","2":"type-product","3":"status-publish","4":"has-post-thumbnail","6":"product_cat-big-holiday-sale","7":"product_cat-gana","8":"product_cat-gana-rd","9":"product_cat-mesotherapy","10":"product_tag-91","11":"product_tag-south-korea","12":"product_tag-volume-5-ml","14":"first","15":"instock","16":"sale","17":"taxable","18":"shipping-taxable","19":"purchasable","20":"product-type-simple"},"acf":[],"yoast_head":"<!-- This site is optimized with the Yoast SEO plugin v27.4 - https:\/\/yoast.com\/product\/yoast-seo-wordpress\/ -->\n<title>Buy GANA DA (10 x 5ml) - Fillers from My Lip Filler<\/title>\n<meta name=\"description\" content=\"\u2765Buy GANA DA (10 x 5ml) \u23e9 My Lip Filler online store \u27a6 Quality assurance, reviews, ingredients, best prices!\" \/>\n<meta name=\"robots\" content=\"index, follow, max-snippet:-1, max-image-preview:large, max-video-preview:-1\" \/>\n<link rel=\"canonical\" href=\"https:\/\/mylipfiller.com\/es\/gana-da-10-x-5ml\/\" \/>\n<meta property=\"og:locale\" content=\"es_MX\" \/>\n<meta property=\"og:type\" content=\"article\" \/>\n<meta property=\"og:title\" content=\"Buy GANA DA (10 x 5ml) - Fillers from My Lip Filler\" \/>\n<meta property=\"og:description\" content=\"\u2765Buy GANA DA (10 x 5ml) \u23e9 My Lip Filler online store \u27a6 Quality assurance, reviews, ingredients, best prices!\" \/>\n<meta property=\"og:url\" content=\"https:\/\/mylipfiller.com\/es\/gana-da-10-x-5ml\/\" \/>\n<meta property=\"og:site_name\" content=\"My Lip Filler\" \/>\n<meta property=\"article:modified_time\" content=\"2024-03-13T12:10:41+00:00\" \/>\n<meta property=\"og:image\" content=\"https:\/\/cdn.mylipfiller.com\/wp-content\/uploads\/2019\/09\/GANA-DA.jpg\" \/>\n\t<meta property=\"og:image:width\" content=\"600\" \/>\n\t<meta property=\"og:image:height\" content=\"600\" \/>\n\t<meta property=\"og:image:type\" content=\"image\/jpeg\" \/>\n<meta name=\"twitter:card\" content=\"summary_large_image\" \/>\n<meta name=\"twitter:label1\" content=\"Tiempo de lectura\" \/>\n\t<meta name=\"twitter:data1\" content=\"2 minutos\" \/>\n<script type=\"application\/ld+json\" class=\"yoast-schema-graph\">{\"@context\":\"https:\\\/\\\/schema.org\",\"@graph\":[{\"@type\":\"WebPage\",\"@id\":\"https:\\\/\\\/mylipfiller.com\\\/gana-da-10-x-5ml\\\/\",\"url\":\"https:\\\/\\\/mylipfiller.com\\\/gana-da-10-x-5ml\\\/\",\"name\":\"Buy GANA DA (10 x 5ml) - Fillers from My Lip Filler\",\"isPartOf\":{\"@id\":\"https:\\\/\\\/mylipfiller.com\\\/#website\"},\"primaryImageOfPage\":{\"@id\":\"https:\\\/\\\/mylipfiller.com\\\/gana-da-10-x-5ml\\\/#primaryimage\"},\"image\":{\"@id\":\"https:\\\/\\\/mylipfiller.com\\\/gana-da-10-x-5ml\\\/#primaryimage\"},\"thumbnailUrl\":\"https:\\\/\\\/mylipfiller.com\\\/wp-content\\\/uploads\\\/2019\\\/09\\\/GANA-DA.jpg\",\"datePublished\":\"2019-09-02T10:40:55+00:00\",\"dateModified\":\"2024-03-13T12:10:41+00:00\",\"description\":\"\u2765Buy GANA DA (10 x 5ml) \u23e9 My Lip Filler online store \u27a6 Quality assurance, reviews, ingredients, best prices!\",\"breadcrumb\":{\"@id\":\"https:\\\/\\\/mylipfiller.com\\\/gana-da-10-x-5ml\\\/#breadcrumb\"},\"inLanguage\":\"es\",\"potentialAction\":[{\"@type\":\"ReadAction\",\"target\":[\"https:\\\/\\\/mylipfiller.com\\\/gana-da-10-x-5ml\\\/\"]}]},{\"@type\":\"ImageObject\",\"inLanguage\":\"es\",\"@id\":\"https:\\\/\\\/mylipfiller.com\\\/gana-da-10-x-5ml\\\/#primaryimage\",\"url\":\"https:\\\/\\\/mylipfiller.com\\\/wp-content\\\/uploads\\\/2019\\\/09\\\/GANA-DA.jpg\",\"contentUrl\":\"https:\\\/\\\/mylipfiller.com\\\/wp-content\\\/uploads\\\/2019\\\/09\\\/GANA-DA.jpg\",\"width\":600,\"height\":600,\"caption\":\"GANA DA\"},{\"@type\":\"BreadcrumbList\",\"@id\":\"https:\\\/\\\/mylipfiller.com\\\/gana-da-10-x-5ml\\\/#breadcrumb\",\"itemListElement\":[{\"@type\":\"ListItem\",\"position\":1,\"name\":\"Home\",\"item\":\"https:\\\/\\\/mylipfiller.com\\\/\"},{\"@type\":\"ListItem\",\"position\":2,\"name\":\"Shop\",\"item\":\"https:\\\/\\\/mylipfiller.com\\\/shop\\\/\"},{\"@type\":\"ListItem\",\"position\":3,\"name\":\"GANA DA (10 x 5ml)\"}]},{\"@type\":\"WebSite\",\"@id\":\"https:\\\/\\\/mylipfiller.com\\\/#website\",\"url\":\"https:\\\/\\\/mylipfiller.com\\\/\",\"name\":\"My Lip Filler\",\"description\":\"Hyaluronic Acid Lip and Dermal Fillers\",\"publisher\":{\"@id\":\"https:\\\/\\\/mylipfiller.com\\\/#organization\"},\"potentialAction\":[{\"@type\":\"SearchAction\",\"target\":{\"@type\":\"EntryPoint\",\"urlTemplate\":\"https:\\\/\\\/mylipfiller.com\\\/?s={search_term_string}\"},\"query-input\":{\"@type\":\"PropertyValueSpecification\",\"valueRequired\":true,\"valueName\":\"search_term_string\"}}],\"inLanguage\":\"es\"},{\"@type\":\"Organization\",\"@id\":\"https:\\\/\\\/mylipfiller.com\\\/#organization\",\"name\":\"My Lip Filler\",\"url\":\"https:\\\/\\\/mylipfiller.com\\\/\",\"logo\":{\"@type\":\"ImageObject\",\"inLanguage\":\"es\",\"@id\":\"https:\\\/\\\/mylipfiller.com\\\/#\\\/schema\\\/logo\\\/image\\\/\",\"url\":\"https:\\\/\\\/mylipfiller.com\\\/wp-content\\\/uploads\\\/2019\\\/02\\\/cropped-My-Lip-Filler-Logo.png\",\"contentUrl\":\"https:\\\/\\\/mylipfiller.com\\\/wp-content\\\/uploads\\\/2019\\\/02\\\/cropped-My-Lip-Filler-Logo.png\",\"width\":240,\"height\":88,\"caption\":\"My Lip Filler\"},\"image\":{\"@id\":\"https:\\\/\\\/mylipfiller.com\\\/#\\\/schema\\\/logo\\\/image\\\/\"}}]}<\/script>\n<!-- \/ Yoast SEO plugin. -->","yoast_head_json":{"title":"Compre GANA DA (10 x 5 ml) - Rellenos de My Lip Filler","description":"\u2765Compra GANA DA (10 x 5ml) \u23e9 Tienda online My Lip Filler \u27a6 Garant\u00eda de calidad, rese\u00f1as, ingredientes, \u00a1los mejores precios!","robots":{"index":"index","follow":"follow","max-snippet":"max-snippet:-1","max-image-preview":"max-image-preview:large","max-video-preview":"max-video-preview:-1"},"canonical":"https:\/\/mylipfiller.com\/es\/gana-da-10-x-5ml\/","og_locale":"es_MX","og_type":"article","og_title":"Buy GANA DA (10 x 5ml) - Fillers from My Lip Filler","og_description":"\u2765Buy GANA DA (10 x 5ml) \u23e9 My Lip Filler online store \u27a6 Quality assurance, reviews, ingredients, best prices!","og_url":"https:\/\/mylipfiller.com\/es\/gana-da-10-x-5ml\/","og_site_name":"My Lip Filler","article_modified_time":"2024-03-13T12:10:41+00:00","og_image":[{"width":600,"height":600,"url":"https:\/\/cdn.mylipfiller.com\/wp-content\/uploads\/2019\/09\/GANA-DA.jpg","type":"image\/jpeg"}],"twitter_card":"summary_large_image","twitter_misc":{"Tiempo de lectura":"2 minutos"},"schema":{"@context":"https:\/\/schema.org","@graph":[{"@type":"WebPage","@id":"https:\/\/mylipfiller.com\/gana-da-10-x-5ml\/","url":"https:\/\/mylipfiller.com\/gana-da-10-x-5ml\/","name":"Compre GANA DA (10 x 5 ml) - Rellenos de My Lip Filler","isPartOf":{"@id":"https:\/\/mylipfiller.com\/#website"},"primaryImageOfPage":{"@id":"https:\/\/mylipfiller.com\/gana-da-10-x-5ml\/#primaryimage"},"image":{"@id":"https:\/\/mylipfiller.com\/gana-da-10-x-5ml\/#primaryimage"},"thumbnailUrl":"https:\/\/cdn.mylipfiller.com\/wp-content\/uploads\/2019\/09\/GANA-DA.jpg","datePublished":"2019-09-02T10:40:55+00:00","dateModified":"2024-03-13T12:10:41+00:00","description":"\u2765Compra GANA DA (10 x 5ml) \u23e9 Tienda online My Lip Filler \u27a6 Garant\u00eda de calidad, rese\u00f1as, ingredientes, \u00a1los mejores precios!","breadcrumb":{"@id":"https:\/\/mylipfiller.com\/gana-da-10-x-5ml\/#breadcrumb"},"inLanguage":"es","potentialAction":[{"@type":"ReadAction","target":["https:\/\/mylipfiller.com\/gana-da-10-x-5ml\/"]}]},{"@type":"ImageObject","inLanguage":"es","@id":"https:\/\/mylipfiller.com\/gana-da-10-x-5ml\/#primaryimage","url":"https:\/\/cdn.mylipfiller.com\/wp-content\/uploads\/2019\/09\/GANA-DA.jpg","contentUrl":"https:\/\/cdn.mylipfiller.com\/wp-content\/uploads\/2019\/09\/GANA-DA.jpg","width":600,"height":600,"caption":"GANA DA"},{"@type":"BreadcrumbList","@id":"https:\/\/mylipfiller.com\/gana-da-10-x-5ml\/#breadcrumb","itemListElement":[{"@type":"ListItem","position":1,"name":"Home","item":"https:\/\/mylipfiller.com\/"},{"@type":"ListItem","position":2,"name":"Shop","item":"https:\/\/mylipfiller.com\/shop\/"},{"@type":"ListItem","position":3,"name":"GANA DA (10 x 5ml)"}]},{"@type":"WebSite","@id":"https:\/\/mylipfiller.com\/#website","url":"https:\/\/mylipfiller.com\/","name":"Mi relleno de labios","description":"Rellenos d\u00e9rmicos y de labios con \u00e1cido hialur\u00f3nico","publisher":{"@id":"https:\/\/mylipfiller.com\/#organization"},"potentialAction":[{"@type":"SearchAction","target":{"@type":"EntryPoint","urlTemplate":"https:\/\/mylipfiller.com\/?s={search_term_string}"},"query-input":{"@type":"PropertyValueSpecification","valueRequired":true,"valueName":"search_term_string"}}],"inLanguage":"es"},{"@type":"Organization","@id":"https:\/\/mylipfiller.com\/#organization","name":"Mi relleno de labios","url":"https:\/\/mylipfiller.com\/","logo":{"@type":"ImageObject","inLanguage":"es","@id":"https:\/\/mylipfiller.com\/#\/schema\/logo\/image\/","url":"https:\/\/cdn.mylipfiller.com\/wp-content\/uploads\/2019\/02\/cropped-My-Lip-Filler-Logo.png","contentUrl":"https:\/\/cdn.mylipfiller.com\/wp-content\/uploads\/2019\/02\/cropped-My-Lip-Filler-Logo.png","width":240,"height":88,"caption":"My Lip Filler"},"image":{"@id":"https:\/\/mylipfiller.com\/#\/schema\/logo\/image\/"}}]}},"_links":{"self":[{"href":"https:\/\/mylipfiller.com\/es\/wp-json\/wp\/v2\/product\/5035","targetHints":{"allow":["GET"]}}],"collection":[{"href":"https:\/\/mylipfiller.com\/es\/wp-json\/wp\/v2\/product"}],"about":[{"href":"https:\/\/mylipfiller.com\/es\/wp-json\/wp\/v2\/types\/product"}],"wp:featuredmedia":[{"embeddable":true,"href":"https:\/\/mylipfiller.com\/es\/wp-json\/wp\/v2\/media\/5047"}],"wp:attachment":[{"href":"https:\/\/mylipfiller.com\/es\/wp-json\/wp\/v2\/media?parent=5035"}],"wp:term":[{"taxonomy":"product_brand","embeddable":true,"href":"https:\/\/mylipfiller.com\/es\/wp-json\/wp\/v2\/product_brand?post=5035"},{"taxonomy":"product_cat","embeddable":true,"href":"https:\/\/mylipfiller.com\/es\/wp-json\/wp\/v2\/product_cat?post=5035"},{"taxonomy":"product_tag","embeddable":true,"href":"https:\/\/mylipfiller.com\/es\/wp-json\/wp\/v2\/product_tag?post=5035"}],"curies":[{"name":"gracias","href":"https:\/\/api.w.org\/{rel}","templated":true}]}}