{"id":5036,"date":"2019-09-02T12:41:30","date_gmt":"2019-09-02T10:41:30","guid":{"rendered":"https:\/\/mylipfiller.com\/?post_type=product&#038;p=5036"},"modified":"2024-07-03T17:32:36","modified_gmt":"2024-07-03T15:32:36","slug":"gana-pnv-5-x-3ml-pdrn-solution","status":"publish","type":"product","link":"https:\/\/mylipfiller.com\/es\/gana-pnv-5-x-3ml-pdrn-solution\/","title":{"rendered":"GANA PNV (5 x 3 ml de soluci\u00f3n PDRN)"},"content":{"rendered":"<h3>Disfrute de un rejuvenecimiento cosm\u00e9tico r\u00e1pido con GANA PNV<\/h3>\n<p>Mientras que la mayor\u00eda de los otros productos de calidad profesional de la l\u00ednea de cosm\u00e9ticos de GANA R &amp; D requieren un m\u00ednimo de 3 sesiones de tratamiento para brindar a los pacientes resultados visibles, GANA PNV tiene un efecto casi instant\u00e1neo porque contiene \u00e1cido hialur\u00f3nico reticulado biocompatible. <strong>HA hidrata inmediatamente la piel<\/strong> y al hacerlo:<\/p>\n<ul>\n<li>Mejora la elasticidad<\/li>\n<li>Reduce la apariencia de arrugas y l\u00edneas<\/li>\n<li>Da a la piel un brillo saludable<\/li>\n<li>Ofrece un impulso de tonicidad<\/li>\n<\/ul>\n<p>Esta es tambi\u00e9n una de las pocas soluciones de mesoterapia de alta calidad que <em>se puede usar fuera del consultorio del m\u00e9dico<\/em>. Los pacientes pueden aplicarlo f\u00e1cilmente en la cara antes de acostarse sin la necesidad de un equipo especializado.<\/p>\n<h3>Una mesoterapia integral para la piel<\/h3>\n<p>Producido en Corea bajo los m\u00e1s altos est\u00e1ndares internacionales de calidad y seguridad, GANA PNV ha <u>un efecto blanqueador robusto<\/u>. Esto se debe a que contiene glutati\u00f3n, un agente iluminador de la piel seguro.<\/p>\n<p>La I + D de GANA no se ha detenido en eso porque tambi\u00e9n ha a\u00f1adido Polidesoxirribonucle\u00f3tidos a su impresionante producto cosm\u00e9tico. Tambi\u00e9n conocido como <strong>PDRN<\/strong>, esta sustancia activa los factores de crecimiento del endotelio vascular y varios receptores importantes para combatir con \u00e9xito las inflamaciones de la piel, <em>acelerar la regeneraci\u00f3n de la piel d\u00e9rmica<\/em> y mejorar el flujo sangu\u00edneo. De esa manera, la piel adquiere un aspecto a\u00fan m\u00e1s fresco y rejuvenecido. Las arrugas y las cicatrices del acn\u00e9 se eliminan gradualmente.<\/p>","protected":false},"excerpt":{"rendered":"<p>GANA PNV es un <u>producto de mesoterapia de nueva generaci\u00f3n<\/u> con un triple efecto. Promueve f\u00e1cilmente la regeneraci\u00f3n de las c\u00e9lulas d\u00e9rmicas, ilumina el tono de la piel y tambi\u00e9n tiene <em>poderes anti-envejecimiento inigualables<\/em>. Desarrollada y fabricada por GANA R&amp;D y vendida por My Lip Filler, esta soluci\u00f3n cosm\u00e9tica pionera se puede aplicar con un rodillo d\u00e9rmico o como producto t\u00f3pico.<\/p>","protected":false},"featured_media":5048,"template":"","meta":{"_acf_changed":false},"product_brand":[],"product_cat":[52,162,18],"product_tag":[138,111,147,145,143,137],"class_list":{"0":"post-5036","1":"product","2":"type-product","3":"status-publish","4":"has-post-thumbnail","6":"product_cat-gana","7":"product_cat-gana-rd","8":"product_cat-mesotherapy","9":"product_tag-anti-aging","10":"product_tag-face","11":"product_tag-moisturizing","12":"product_tag-nourishing","13":"product_tag-rejuvenating","14":"product_tag-south-korea","16":"first","17":"outofstock","18":"taxable","19":"shipping-taxable","20":"purchasable","21":"product-type-simple"},"acf":[],"yoast_head":"<!-- This site is optimized with the Yoast SEO plugin v27.2 - https:\/\/yoast.com\/product\/yoast-seo-wordpress\/ -->\n<title>Buy GANA PNV (5 x 3ml PDRN Solution) - Fillers from My Lip Filler<\/title>\n<meta name=\"description\" content=\"\u2765Buy GANA PNV (5 x 3ml PDRN Solution) \u23e9 My Lip Filler online store \u27a6 Quality assurance, reviews, ingredients, best prices!\" \/>\n<meta name=\"robots\" content=\"index, follow, max-snippet:-1, max-image-preview:large, max-video-preview:-1\" \/>\n<link rel=\"canonical\" href=\"https:\/\/mylipfiller.com\/es\/gana-pnv-5-x-3ml-pdrn-solution\/\" \/>\n<meta property=\"og:locale\" content=\"es_MX\" \/>\n<meta property=\"og:type\" content=\"article\" \/>\n<meta property=\"og:title\" content=\"Buy GANA PNV (5 x 3ml PDRN Solution) - Fillers from My Lip Filler\" \/>\n<meta property=\"og:description\" content=\"\u2765Buy GANA PNV (5 x 3ml PDRN Solution) \u23e9 My Lip Filler online store \u27a6 Quality assurance, reviews, ingredients, best prices!\" \/>\n<meta property=\"og:url\" content=\"https:\/\/mylipfiller.com\/es\/gana-pnv-5-x-3ml-pdrn-solution\/\" \/>\n<meta property=\"og:site_name\" content=\"My Lip Filler\" \/>\n<meta property=\"article:modified_time\" content=\"2024-07-03T15:32:36+00:00\" \/>\n<meta property=\"og:image\" content=\"https:\/\/cdn.mylipfiller.com\/wp-content\/uploads\/2019\/09\/GANA-PNV.jpg\" \/>\n\t<meta property=\"og:image:width\" content=\"600\" \/>\n\t<meta property=\"og:image:height\" content=\"600\" \/>\n\t<meta property=\"og:image:type\" content=\"image\/jpeg\" \/>\n<meta name=\"twitter:card\" content=\"summary_large_image\" \/>\n<meta name=\"twitter:label1\" content=\"Tiempo de lectura\" \/>\n\t<meta name=\"twitter:data1\" content=\"2 minutos\" \/>\n<script type=\"application\/ld+json\" class=\"yoast-schema-graph\">{\"@context\":\"https:\/\/schema.org\",\"@graph\":[{\"@type\":\"WebPage\",\"@id\":\"https:\/\/mylipfiller.com\/gana-pnv-5-x-3ml-pdrn-solution\/\",\"url\":\"https:\/\/mylipfiller.com\/gana-pnv-5-x-3ml-pdrn-solution\/\",\"name\":\"Buy GANA PNV (5 x 3ml PDRN Solution) - Fillers from My Lip Filler\",\"isPartOf\":{\"@id\":\"https:\/\/mylipfiller.com\/#website\"},\"primaryImageOfPage\":{\"@id\":\"https:\/\/mylipfiller.com\/gana-pnv-5-x-3ml-pdrn-solution\/#primaryimage\"},\"image\":{\"@id\":\"https:\/\/mylipfiller.com\/gana-pnv-5-x-3ml-pdrn-solution\/#primaryimage\"},\"thumbnailUrl\":\"https:\/\/cdn.mylipfiller.com\/wp-content\/uploads\/2019\/09\/GANA-PNV.jpg\",\"datePublished\":\"2019-09-02T10:41:30+00:00\",\"dateModified\":\"2024-07-03T15:32:36+00:00\",\"description\":\"\u2765Buy GANA PNV (5 x 3ml PDRN Solution) \u23e9 My Lip Filler online store \u27a6 Quality assurance, reviews, ingredients, best prices!\",\"breadcrumb\":{\"@id\":\"https:\/\/mylipfiller.com\/gana-pnv-5-x-3ml-pdrn-solution\/#breadcrumb\"},\"inLanguage\":\"es\",\"potentialAction\":[{\"@type\":\"ReadAction\",\"target\":[\"https:\/\/mylipfiller.com\/gana-pnv-5-x-3ml-pdrn-solution\/\"]}]},{\"@type\":\"ImageObject\",\"inLanguage\":\"es\",\"@id\":\"https:\/\/mylipfiller.com\/gana-pnv-5-x-3ml-pdrn-solution\/#primaryimage\",\"url\":\"https:\/\/cdn.mylipfiller.com\/wp-content\/uploads\/2019\/09\/GANA-PNV.jpg\",\"contentUrl\":\"https:\/\/cdn.mylipfiller.com\/wp-content\/uploads\/2019\/09\/GANA-PNV.jpg\",\"width\":600,\"height\":600,\"caption\":\"GANA PNV\"},{\"@type\":\"BreadcrumbList\",\"@id\":\"https:\/\/mylipfiller.com\/gana-pnv-5-x-3ml-pdrn-solution\/#breadcrumb\",\"itemListElement\":[{\"@type\":\"ListItem\",\"position\":1,\"name\":\"Home\",\"item\":\"https:\/\/mylipfiller.com\/\"},{\"@type\":\"ListItem\",\"position\":2,\"name\":\"Shop\",\"item\":\"https:\/\/mylipfiller.com\/shop\/\"},{\"@type\":\"ListItem\",\"position\":3,\"name\":\"GANA PNV (5 x 3ml PDRN Solution)\"}]},{\"@type\":\"WebSite\",\"@id\":\"https:\/\/mylipfiller.com\/#website\",\"url\":\"https:\/\/mylipfiller.com\/\",\"name\":\"My Lip Filler\",\"description\":\"Hyaluronic Acid Lip and Dermal Fillers\",\"publisher\":{\"@id\":\"https:\/\/mylipfiller.com\/#organization\"},\"potentialAction\":[{\"@type\":\"SearchAction\",\"target\":{\"@type\":\"EntryPoint\",\"urlTemplate\":\"https:\/\/mylipfiller.com\/?s={search_term_string}\"},\"query-input\":{\"@type\":\"PropertyValueSpecification\",\"valueRequired\":true,\"valueName\":\"search_term_string\"}}],\"inLanguage\":\"es\"},{\"@type\":\"Organization\",\"@id\":\"https:\/\/mylipfiller.com\/#organization\",\"name\":\"My Lip Filler\",\"url\":\"https:\/\/mylipfiller.com\/\",\"logo\":{\"@type\":\"ImageObject\",\"inLanguage\":\"es\",\"@id\":\"https:\/\/mylipfiller.com\/#\/schema\/logo\/image\/\",\"url\":\"https:\/\/cdn.mylipfiller.com\/wp-content\/uploads\/2019\/02\/cropped-My-Lip-Filler-Logo.png\",\"contentUrl\":\"https:\/\/cdn.mylipfiller.com\/wp-content\/uploads\/2019\/02\/cropped-My-Lip-Filler-Logo.png\",\"width\":240,\"height\":88,\"caption\":\"My Lip Filler\"},\"image\":{\"@id\":\"https:\/\/mylipfiller.com\/#\/schema\/logo\/image\/\"}}]}<\/script>\n<!-- \/ Yoast SEO plugin. -->","yoast_head_json":{"title":"Compre GANA PNV (5 x 3 ml de soluci\u00f3n PDRN) - Rellenos de My Lip Filler","description":"\u2765Compre GANA PNV (5 x 3ml Soluci\u00f3n PDRN) \u23e9 Tienda online My Lip Filler \u27a6 Garant\u00eda de calidad, rese\u00f1as, ingredientes, \u00a1los mejores precios!","robots":{"index":"index","follow":"follow","max-snippet":"max-snippet:-1","max-image-preview":"max-image-preview:large","max-video-preview":"max-video-preview:-1"},"canonical":"https:\/\/mylipfiller.com\/es\/gana-pnv-5-x-3ml-pdrn-solution\/","og_locale":"es_MX","og_type":"article","og_title":"Buy GANA PNV (5 x 3ml PDRN Solution) - Fillers from My Lip Filler","og_description":"\u2765Buy GANA PNV (5 x 3ml PDRN Solution) \u23e9 My Lip Filler online store \u27a6 Quality assurance, reviews, ingredients, best prices!","og_url":"https:\/\/mylipfiller.com\/es\/gana-pnv-5-x-3ml-pdrn-solution\/","og_site_name":"My Lip Filler","article_modified_time":"2024-07-03T15:32:36+00:00","og_image":[{"width":600,"height":600,"url":"https:\/\/cdn.mylipfiller.com\/wp-content\/uploads\/2019\/09\/GANA-PNV.jpg","type":"image\/jpeg"}],"twitter_card":"summary_large_image","twitter_misc":{"Tiempo de lectura":"2 minutos"},"schema":{"@context":"https:\/\/schema.org","@graph":[{"@type":"WebPage","@id":"https:\/\/mylipfiller.com\/gana-pnv-5-x-3ml-pdrn-solution\/","url":"https:\/\/mylipfiller.com\/gana-pnv-5-x-3ml-pdrn-solution\/","name":"Compre GANA PNV (5 x 3 ml de soluci\u00f3n PDRN) - Rellenos de My Lip Filler","isPartOf":{"@id":"https:\/\/mylipfiller.com\/#website"},"primaryImageOfPage":{"@id":"https:\/\/mylipfiller.com\/gana-pnv-5-x-3ml-pdrn-solution\/#primaryimage"},"image":{"@id":"https:\/\/mylipfiller.com\/gana-pnv-5-x-3ml-pdrn-solution\/#primaryimage"},"thumbnailUrl":"https:\/\/cdn.mylipfiller.com\/wp-content\/uploads\/2019\/09\/GANA-PNV.jpg","datePublished":"2019-09-02T10:41:30+00:00","dateModified":"2024-07-03T15:32:36+00:00","description":"\u2765Compre GANA PNV (5 x 3ml Soluci\u00f3n PDRN) \u23e9 Tienda online My Lip Filler \u27a6 Garant\u00eda de calidad, rese\u00f1as, ingredientes, \u00a1los mejores precios!","breadcrumb":{"@id":"https:\/\/mylipfiller.com\/gana-pnv-5-x-3ml-pdrn-solution\/#breadcrumb"},"inLanguage":"es","potentialAction":[{"@type":"ReadAction","target":["https:\/\/mylipfiller.com\/gana-pnv-5-x-3ml-pdrn-solution\/"]}]},{"@type":"ImageObject","inLanguage":"es","@id":"https:\/\/mylipfiller.com\/gana-pnv-5-x-3ml-pdrn-solution\/#primaryimage","url":"https:\/\/cdn.mylipfiller.com\/wp-content\/uploads\/2019\/09\/GANA-PNV.jpg","contentUrl":"https:\/\/cdn.mylipfiller.com\/wp-content\/uploads\/2019\/09\/GANA-PNV.jpg","width":600,"height":600,"caption":"GANA PNV"},{"@type":"BreadcrumbList","@id":"https:\/\/mylipfiller.com\/gana-pnv-5-x-3ml-pdrn-solution\/#breadcrumb","itemListElement":[{"@type":"ListItem","position":1,"name":"Home","item":"https:\/\/mylipfiller.com\/"},{"@type":"ListItem","position":2,"name":"Shop","item":"https:\/\/mylipfiller.com\/shop\/"},{"@type":"ListItem","position":3,"name":"GANA PNV (5 x 3ml PDRN Solution)"}]},{"@type":"WebSite","@id":"https:\/\/mylipfiller.com\/#website","url":"https:\/\/mylipfiller.com\/","name":"Mi relleno de labios","description":"Rellenos d\u00e9rmicos y de labios con \u00e1cido hialur\u00f3nico","publisher":{"@id":"https:\/\/mylipfiller.com\/#organization"},"potentialAction":[{"@type":"SearchAction","target":{"@type":"EntryPoint","urlTemplate":"https:\/\/mylipfiller.com\/?s={search_term_string}"},"query-input":{"@type":"PropertyValueSpecification","valueRequired":true,"valueName":"search_term_string"}}],"inLanguage":"es"},{"@type":"Organization","@id":"https:\/\/mylipfiller.com\/#organization","name":"Mi relleno de labios","url":"https:\/\/mylipfiller.com\/","logo":{"@type":"ImageObject","inLanguage":"es","@id":"https:\/\/mylipfiller.com\/#\/schema\/logo\/image\/","url":"https:\/\/cdn.mylipfiller.com\/wp-content\/uploads\/2019\/02\/cropped-My-Lip-Filler-Logo.png","contentUrl":"https:\/\/cdn.mylipfiller.com\/wp-content\/uploads\/2019\/02\/cropped-My-Lip-Filler-Logo.png","width":240,"height":88,"caption":"My Lip Filler"},"image":{"@id":"https:\/\/mylipfiller.com\/#\/schema\/logo\/image\/"}}]}},"_links":{"self":[{"href":"https:\/\/mylipfiller.com\/es\/wp-json\/wp\/v2\/product\/5036","targetHints":{"allow":["GET"]}}],"collection":[{"href":"https:\/\/mylipfiller.com\/es\/wp-json\/wp\/v2\/product"}],"about":[{"href":"https:\/\/mylipfiller.com\/es\/wp-json\/wp\/v2\/types\/product"}],"wp:featuredmedia":[{"embeddable":true,"href":"https:\/\/mylipfiller.com\/es\/wp-json\/wp\/v2\/media\/5048"}],"wp:attachment":[{"href":"https:\/\/mylipfiller.com\/es\/wp-json\/wp\/v2\/media?parent=5036"}],"wp:term":[{"taxonomy":"product_brand","embeddable":true,"href":"https:\/\/mylipfiller.com\/es\/wp-json\/wp\/v2\/product_brand?post=5036"},{"taxonomy":"product_cat","embeddable":true,"href":"https:\/\/mylipfiller.com\/es\/wp-json\/wp\/v2\/product_cat?post=5036"},{"taxonomy":"product_tag","embeddable":true,"href":"https:\/\/mylipfiller.com\/es\/wp-json\/wp\/v2\/product_tag?post=5036"}],"curies":[{"name":"gracias","href":"https:\/\/api.w.org\/{rel}","templated":true}]}}