{"id":5191,"date":"2019-09-05T12:00:11","date_gmt":"2019-09-05T10:00:11","guid":{"rendered":"https:\/\/mylipfiller.com\/?post_type=product&#038;p=5191"},"modified":"2024-07-03T17:32:36","modified_gmt":"2024-07-03T15:32:36","slug":"neuramis-light-1-x-1ml-lidocaine","status":"publish","type":"product","link":"https:\/\/mylipfiller.com\/es\/neuramis-light-1-x-1ml-lidocaine\/","title":{"rendered":"Neuramis Light (1 x 1ml) - Lidoca\u00edna"},"content":{"rendered":"<ul>\n<li>Volumen: 1 ml (viene en una jeringa desechable precargada)<\/li>\n<li>Concentraci\u00f3n de HA: 20 mg \/ mL<\/li>\n<li>Ingredientes adicionales: 3% de lidoca\u00edna<\/li>\n<li>Aguja: x2 agujas de pared ultradelgada - 30G 4 mm<\/li>\n<li>Sitios de inyecci\u00f3n: cara, dorso de manos, escote, cuello<\/li>\n<li>Duraci\u00f3n: 6-12 meses<\/li>\n<\/ul>\n<h3>\u00bfQu\u00e9 hace Neuramis Light Lidocaine?<\/h3>\n<p>El objetivo principal de Neuramis Light Lidocaine es rejuvenecer la piel. Para hacerlo posible, se basa en \u00e1cido hialur\u00f3nico reticulado. Este ingrediente avanzado tiene <em>habilidades inigualables de hidrataci\u00f3n y volumen<\/em> que mejorar\u00e1 la textura y el aspecto de la piel tratada haci\u00e9ndola:<\/p>\n<ul>\n<li>M\u00e1s suave y m\u00e1s el\u00e1stica<\/li>\n<li>M\u00e1s suave y libre de l\u00edneas y arrugas.<\/li>\n<li>Perfectamente hidratado<\/li>\n<li>Visiblemente refrescado<\/li>\n<\/ul>\n<p>Estos incre\u00edbles efectos se activan inmediatamente despu\u00e9s del procedimiento de inyecci\u00f3n y permanecer\u00e1n activos durante al menos 6 meses. La fase inicial de este tratamiento antienvejecimiento de nueva generaci\u00f3n <u>implica 2-3 sesiones<\/u> llevado a cabo en un intervalo de 3-4 semanas. Si los pacientes desean conservar los resultados obtenidos, deber\u00e1n someterse a procedimientos de mantenimiento cada 3 a 6 meses.<\/p>\n<h3>Un relleno d\u00e9rmico verdaderamente seguro<\/h3>\n<p>El \u00e1cido hialur\u00f3nico de la lidoca\u00edna ligera Neuramis se ha producido mediante un proceso de biofermentaci\u00f3n y es de origen no animal. Eso lo hace <em>extremadamente seguro y 100% biol\u00f3gicamente compatible<\/em> con el organismo humano. Los efectos secundarios son muy raros y generalmente se reducen al m\u00ednimo a s\u00edntomas leves y de corta duraci\u00f3n (por ejemplo, picaz\u00f3n, hinchaz\u00f3n, hematomas, etc.).<\/p>","protected":false},"excerpt":{"rendered":"<p>Puede haber muchos <em>Rellenos cut\u00e1neos a base de HA<\/em> pero solo hay uno que puede ofrecerle asequibilidad, excelente calidad, <u>rejuvenecimiento cosm\u00e9tico visible,<\/u> e hidrataci\u00f3n cut\u00e1nea inmediata. Neuramis Light Lidocaine est\u00e1 elaborado por Medytox para ofrecer con \u00e9xito todas estas cosas y hacerlo de una manera r\u00e1pida e indolora. Nosotros, de My Lip Filler, se lo entregaremos a su puerta con un env\u00edo internacional r\u00e1pido.<\/p>","protected":false},"featured_media":5196,"template":"","meta":{"_acf_changed":false},"product_brand":[],"product_cat":[175,62,32],"product_tag":[144,125,111,126,151,117,146,137,119,148,127],"class_list":{"0":"post-5191","1":"product","2":"type-product","3":"status-publish","4":"has-post-thumbnail","6":"product_cat-medytox","7":"product_cat-neuramis","8":"product_cat-soft","9":"product_tag-anti-wrinkle","10":"product_tag-crows-feet","11":"product_tag-face","12":"product_tag-fine-lines","13":"product_tag-hyaluronic-acid-ha-fillers","14":"product_tag-low-density","15":"product_tag-smoothing","16":"product_tag-south-korea","17":"product_tag-up-to-9-months","18":"product_tag-upper-dermis","19":"product_tag-wrinkles-around-the-eyes","21":"first","22":"outofstock","23":"taxable","24":"shipping-taxable","25":"purchasable","26":"product-type-simple"},"acf":[],"yoast_head":"<!-- This site is optimized with the Yoast SEO plugin v27.4 - https:\/\/yoast.com\/product\/yoast-seo-wordpress\/ -->\n<title>Buy Neuramis Light (1 x 1ml) - Lidocaine - Fillers from My Lip Filler<\/title>\n<meta name=\"description\" content=\"\u2765Buy Neuramis Light (1 x 1ml) - Lidocaine \u23e9 My Lip Filler online store \u27a6 Quality assurance, reviews, ingredients, best prices!\" \/>\n<meta name=\"robots\" content=\"index, follow, max-snippet:-1, max-image-preview:large, max-video-preview:-1\" \/>\n<link rel=\"canonical\" href=\"https:\/\/mylipfiller.com\/es\/neuramis-light-1-x-1ml-lidocaine\/\" \/>\n<meta property=\"og:locale\" content=\"es_MX\" \/>\n<meta property=\"og:type\" content=\"article\" \/>\n<meta property=\"og:title\" content=\"Buy Neuramis Light (1 x 1ml) - Lidocaine - Fillers from My Lip Filler\" \/>\n<meta property=\"og:description\" content=\"\u2765Buy Neuramis Light (1 x 1ml) - Lidocaine \u23e9 My Lip Filler online store \u27a6 Quality assurance, reviews, ingredients, best prices!\" \/>\n<meta property=\"og:url\" content=\"https:\/\/mylipfiller.com\/es\/neuramis-light-1-x-1ml-lidocaine\/\" \/>\n<meta property=\"og:site_name\" content=\"My Lip Filler\" \/>\n<meta property=\"article:modified_time\" content=\"2024-07-03T15:32:36+00:00\" \/>\n<meta property=\"og:image\" content=\"https:\/\/cdn.mylipfiller.com\/wp-content\/uploads\/2019\/09\/Neuramis-Light-Lidocaine.jpg\" \/>\n\t<meta property=\"og:image:width\" content=\"600\" \/>\n\t<meta property=\"og:image:height\" content=\"600\" \/>\n\t<meta property=\"og:image:type\" content=\"image\/jpeg\" \/>\n<meta name=\"twitter:card\" content=\"summary_large_image\" \/>\n<meta name=\"twitter:label1\" content=\"Tiempo de lectura\" \/>\n\t<meta name=\"twitter:data1\" content=\"2 minutos\" \/>\n<script type=\"application\/ld+json\" class=\"yoast-schema-graph\">{\"@context\":\"https:\\\/\\\/schema.org\",\"@graph\":[{\"@type\":\"WebPage\",\"@id\":\"https:\\\/\\\/mylipfiller.com\\\/neuramis-light-1-x-1ml-lidocaine\\\/\",\"url\":\"https:\\\/\\\/mylipfiller.com\\\/neuramis-light-1-x-1ml-lidocaine\\\/\",\"name\":\"Buy Neuramis Light (1 x 1ml) - Lidocaine - Fillers from My Lip Filler\",\"isPartOf\":{\"@id\":\"https:\\\/\\\/mylipfiller.com\\\/#website\"},\"primaryImageOfPage\":{\"@id\":\"https:\\\/\\\/mylipfiller.com\\\/neuramis-light-1-x-1ml-lidocaine\\\/#primaryimage\"},\"image\":{\"@id\":\"https:\\\/\\\/mylipfiller.com\\\/neuramis-light-1-x-1ml-lidocaine\\\/#primaryimage\"},\"thumbnailUrl\":\"https:\\\/\\\/mylipfiller.com\\\/wp-content\\\/uploads\\\/2019\\\/09\\\/Neuramis-Light-Lidocaine.jpg\",\"datePublished\":\"2019-09-05T10:00:11+00:00\",\"dateModified\":\"2024-07-03T15:32:36+00:00\",\"description\":\"\u2765Buy Neuramis Light (1 x 1ml) - Lidocaine \u23e9 My Lip Filler online store \u27a6 Quality assurance, reviews, ingredients, best prices!\",\"breadcrumb\":{\"@id\":\"https:\\\/\\\/mylipfiller.com\\\/neuramis-light-1-x-1ml-lidocaine\\\/#breadcrumb\"},\"inLanguage\":\"es\",\"potentialAction\":[{\"@type\":\"ReadAction\",\"target\":[\"https:\\\/\\\/mylipfiller.com\\\/neuramis-light-1-x-1ml-lidocaine\\\/\"]}]},{\"@type\":\"ImageObject\",\"inLanguage\":\"es\",\"@id\":\"https:\\\/\\\/mylipfiller.com\\\/neuramis-light-1-x-1ml-lidocaine\\\/#primaryimage\",\"url\":\"https:\\\/\\\/mylipfiller.com\\\/wp-content\\\/uploads\\\/2019\\\/09\\\/Neuramis-Light-Lidocaine.jpg\",\"contentUrl\":\"https:\\\/\\\/mylipfiller.com\\\/wp-content\\\/uploads\\\/2019\\\/09\\\/Neuramis-Light-Lidocaine.jpg\",\"width\":600,\"height\":600,\"caption\":\"Neuramis Light Lidocaine\"},{\"@type\":\"BreadcrumbList\",\"@id\":\"https:\\\/\\\/mylipfiller.com\\\/neuramis-light-1-x-1ml-lidocaine\\\/#breadcrumb\",\"itemListElement\":[{\"@type\":\"ListItem\",\"position\":1,\"name\":\"Home\",\"item\":\"https:\\\/\\\/mylipfiller.com\\\/\"},{\"@type\":\"ListItem\",\"position\":2,\"name\":\"Shop\",\"item\":\"https:\\\/\\\/mylipfiller.com\\\/shop\\\/\"},{\"@type\":\"ListItem\",\"position\":3,\"name\":\"Neuramis Light (1 x 1ml) &#8211; Lidocaine\"}]},{\"@type\":\"WebSite\",\"@id\":\"https:\\\/\\\/mylipfiller.com\\\/#website\",\"url\":\"https:\\\/\\\/mylipfiller.com\\\/\",\"name\":\"My Lip Filler\",\"description\":\"Hyaluronic Acid Lip and Dermal Fillers\",\"publisher\":{\"@id\":\"https:\\\/\\\/mylipfiller.com\\\/#organization\"},\"potentialAction\":[{\"@type\":\"SearchAction\",\"target\":{\"@type\":\"EntryPoint\",\"urlTemplate\":\"https:\\\/\\\/mylipfiller.com\\\/?s={search_term_string}\"},\"query-input\":{\"@type\":\"PropertyValueSpecification\",\"valueRequired\":true,\"valueName\":\"search_term_string\"}}],\"inLanguage\":\"es\"},{\"@type\":\"Organization\",\"@id\":\"https:\\\/\\\/mylipfiller.com\\\/#organization\",\"name\":\"My Lip Filler\",\"url\":\"https:\\\/\\\/mylipfiller.com\\\/\",\"logo\":{\"@type\":\"ImageObject\",\"inLanguage\":\"es\",\"@id\":\"https:\\\/\\\/mylipfiller.com\\\/#\\\/schema\\\/logo\\\/image\\\/\",\"url\":\"https:\\\/\\\/mylipfiller.com\\\/wp-content\\\/uploads\\\/2019\\\/02\\\/cropped-My-Lip-Filler-Logo.png\",\"contentUrl\":\"https:\\\/\\\/mylipfiller.com\\\/wp-content\\\/uploads\\\/2019\\\/02\\\/cropped-My-Lip-Filler-Logo.png\",\"width\":240,\"height\":88,\"caption\":\"My Lip Filler\"},\"image\":{\"@id\":\"https:\\\/\\\/mylipfiller.com\\\/#\\\/schema\\\/logo\\\/image\\\/\"}}]}<\/script>\n<!-- \/ Yoast SEO plugin. -->","yoast_head_json":{"title":"Compre Neuramis Light (1 x 1 ml) - Lidoca\u00edna - Rellenos de My Lip Filler","description":"\u2765Compra Neuramis Light (1 x 1ml) - Lidoca\u00edna \u23e9 Tienda online My Lip Filler \u27a6 Garant\u00eda de calidad, rese\u00f1as, ingredientes, \u00a1los mejores precios!","robots":{"index":"index","follow":"follow","max-snippet":"max-snippet:-1","max-image-preview":"max-image-preview:large","max-video-preview":"max-video-preview:-1"},"canonical":"https:\/\/mylipfiller.com\/es\/neuramis-light-1-x-1ml-lidocaine\/","og_locale":"es_MX","og_type":"article","og_title":"Buy Neuramis Light (1 x 1ml) - Lidocaine - Fillers from My Lip Filler","og_description":"\u2765Buy Neuramis Light (1 x 1ml) - Lidocaine \u23e9 My Lip Filler online store \u27a6 Quality assurance, reviews, ingredients, best prices!","og_url":"https:\/\/mylipfiller.com\/es\/neuramis-light-1-x-1ml-lidocaine\/","og_site_name":"My Lip Filler","article_modified_time":"2024-07-03T15:32:36+00:00","og_image":[{"width":600,"height":600,"url":"https:\/\/cdn.mylipfiller.com\/wp-content\/uploads\/2019\/09\/Neuramis-Light-Lidocaine.jpg","type":"image\/jpeg"}],"twitter_card":"summary_large_image","twitter_misc":{"Tiempo de lectura":"2 minutos"},"schema":{"@context":"https:\/\/schema.org","@graph":[{"@type":"WebPage","@id":"https:\/\/mylipfiller.com\/neuramis-light-1-x-1ml-lidocaine\/","url":"https:\/\/mylipfiller.com\/neuramis-light-1-x-1ml-lidocaine\/","name":"Compre Neuramis Light (1 x 1 ml) - Lidoca\u00edna - Rellenos de My Lip Filler","isPartOf":{"@id":"https:\/\/mylipfiller.com\/#website"},"primaryImageOfPage":{"@id":"https:\/\/mylipfiller.com\/neuramis-light-1-x-1ml-lidocaine\/#primaryimage"},"image":{"@id":"https:\/\/mylipfiller.com\/neuramis-light-1-x-1ml-lidocaine\/#primaryimage"},"thumbnailUrl":"https:\/\/cdn.mylipfiller.com\/wp-content\/uploads\/2019\/09\/Neuramis-Light-Lidocaine.jpg","datePublished":"2019-09-05T10:00:11+00:00","dateModified":"2024-07-03T15:32:36+00:00","description":"\u2765Compra Neuramis Light (1 x 1ml) - Lidoca\u00edna \u23e9 Tienda online My Lip Filler \u27a6 Garant\u00eda de calidad, rese\u00f1as, ingredientes, \u00a1los mejores precios!","breadcrumb":{"@id":"https:\/\/mylipfiller.com\/neuramis-light-1-x-1ml-lidocaine\/#breadcrumb"},"inLanguage":"es","potentialAction":[{"@type":"ReadAction","target":["https:\/\/mylipfiller.com\/neuramis-light-1-x-1ml-lidocaine\/"]}]},{"@type":"ImageObject","inLanguage":"es","@id":"https:\/\/mylipfiller.com\/neuramis-light-1-x-1ml-lidocaine\/#primaryimage","url":"https:\/\/cdn.mylipfiller.com\/wp-content\/uploads\/2019\/09\/Neuramis-Light-Lidocaine.jpg","contentUrl":"https:\/\/cdn.mylipfiller.com\/wp-content\/uploads\/2019\/09\/Neuramis-Light-Lidocaine.jpg","width":600,"height":600,"caption":"Neuramis Light Lidocaine"},{"@type":"BreadcrumbList","@id":"https:\/\/mylipfiller.com\/neuramis-light-1-x-1ml-lidocaine\/#breadcrumb","itemListElement":[{"@type":"ListItem","position":1,"name":"Home","item":"https:\/\/mylipfiller.com\/"},{"@type":"ListItem","position":2,"name":"Shop","item":"https:\/\/mylipfiller.com\/shop\/"},{"@type":"ListItem","position":3,"name":"Neuramis Light (1 x 1ml) &#8211; Lidocaine"}]},{"@type":"WebSite","@id":"https:\/\/mylipfiller.com\/#website","url":"https:\/\/mylipfiller.com\/","name":"Mi relleno de labios","description":"Rellenos d\u00e9rmicos y de labios con \u00e1cido hialur\u00f3nico","publisher":{"@id":"https:\/\/mylipfiller.com\/#organization"},"potentialAction":[{"@type":"SearchAction","target":{"@type":"EntryPoint","urlTemplate":"https:\/\/mylipfiller.com\/?s={search_term_string}"},"query-input":{"@type":"PropertyValueSpecification","valueRequired":true,"valueName":"search_term_string"}}],"inLanguage":"es"},{"@type":"Organization","@id":"https:\/\/mylipfiller.com\/#organization","name":"Mi relleno de labios","url":"https:\/\/mylipfiller.com\/","logo":{"@type":"ImageObject","inLanguage":"es","@id":"https:\/\/mylipfiller.com\/#\/schema\/logo\/image\/","url":"https:\/\/cdn.mylipfiller.com\/wp-content\/uploads\/2019\/02\/cropped-My-Lip-Filler-Logo.png","contentUrl":"https:\/\/cdn.mylipfiller.com\/wp-content\/uploads\/2019\/02\/cropped-My-Lip-Filler-Logo.png","width":240,"height":88,"caption":"My Lip Filler"},"image":{"@id":"https:\/\/mylipfiller.com\/#\/schema\/logo\/image\/"}}]}},"_links":{"self":[{"href":"https:\/\/mylipfiller.com\/es\/wp-json\/wp\/v2\/product\/5191","targetHints":{"allow":["GET"]}}],"collection":[{"href":"https:\/\/mylipfiller.com\/es\/wp-json\/wp\/v2\/product"}],"about":[{"href":"https:\/\/mylipfiller.com\/es\/wp-json\/wp\/v2\/types\/product"}],"wp:featuredmedia":[{"embeddable":true,"href":"https:\/\/mylipfiller.com\/es\/wp-json\/wp\/v2\/media\/5196"}],"wp:attachment":[{"href":"https:\/\/mylipfiller.com\/es\/wp-json\/wp\/v2\/media?parent=5191"}],"wp:term":[{"taxonomy":"product_brand","embeddable":true,"href":"https:\/\/mylipfiller.com\/es\/wp-json\/wp\/v2\/product_brand?post=5191"},{"taxonomy":"product_cat","embeddable":true,"href":"https:\/\/mylipfiller.com\/es\/wp-json\/wp\/v2\/product_cat?post=5191"},{"taxonomy":"product_tag","embeddable":true,"href":"https:\/\/mylipfiller.com\/es\/wp-json\/wp\/v2\/product_tag?post=5191"}],"curies":[{"name":"gracias","href":"https:\/\/api.w.org\/{rel}","templated":true}]}}