{"id":5192,"date":"2019-09-05T12:00:29","date_gmt":"2019-09-05T10:00:29","guid":{"rendered":"https:\/\/mylipfiller.com\/?post_type=product&#038;p=5192"},"modified":"2024-07-03T17:32:36","modified_gmt":"2024-07-03T15:32:36","slug":"neuramis-1-x-1ml-lidocaine","status":"publish","type":"product","link":"https:\/\/mylipfiller.com\/es\/neuramis-1-x-1ml-lidocaine\/","title":{"rendered":"Neuramis (1 x 1 ml) - Lidoca\u00edna"},"content":{"rendered":"<h3>Un relleno de HA infundido con lidoca\u00edna de confianza<\/h3>\n<p>Neuramis Lidocaine es uno de los rellenos para la piel m\u00e1s confiables y mejor calificados del mercado. Es producido por un l\u00edder en el campo de la medicina est\u00e9tica: Medytox. Tambi\u00e9n se fabrica mediante un m\u00e9todo de vanguardia conocido como <strong>Tecnolog\u00eda SHAPE<\/strong> que proporciona un producto de relleno de HA reticulado en dos pasos que contiene un gel de implante extraordinariamente purificado. Es seguro inyectar en varias \u00e1reas de la cara, incluso en los labios. Este robusto producto antiarrugas tiene m\u00e1s de una propiedad rejuvenecedora de la piel porque:<\/p>\n<ul>\n<li>Hidrata<\/li>\n<li>Suaviza<\/li>\n<li>Voluminiza<\/li>\n<li>Contornos y aumentos<\/li>\n<\/ul>\n<h3>Gu\u00eda de protocolo de tratamiento<\/h3>\n<p>Para una larga duraci\u00f3n y <strong>realce equilibrado de los labios<\/strong> y correcci\u00f3n de arrugas y l\u00edneas superficiales y medianas, se recomienda a los cirujanos cosm\u00e9ticos y dermat\u00f3logos est\u00e9ticos certificados por la junta que realicen aproximadamente dos o tres sesiones de inyecci\u00f3n por tratamiento. Cada una de estas sesiones debe programarse con un intervalo de 3-4 semanas desde la \u00faltima. Si el paciente desea prolongar y conservar su aspecto rejuvenecido y renovado, el tratamiento debe ser <em>repetido en al menos 3 meses de tiempo<\/em>. Los m\u00e9dicos no necesitan inyectar anestesia local, poner hielo o aplicar crema anest\u00e9sica en los puntos de inyecci\u00f3n. Este relleno avanzado para tejidos blandos se infunde con 0,3 mg \/ ml de lidoca\u00edna que elimina el dolor y la incomodidad de la ecuaci\u00f3n.<\/p>","protected":false},"excerpt":{"rendered":"<p>Con Neuramis Lidocaine, <u>se corrigen arrugas superficiales y medias<\/u> En un instante y de apariencia natural, el realce de labios ya no es un espejismo. \u00e9ste es uno de <em>rellenos d\u00e9rmicos m\u00e1s vendidos producidos por Medytox<\/em> y tambi\u00e9n entre los favoritos de los clientes de My Lip Filler. Fabricado en absoluto cumplimiento con las leyes y est\u00e1ndares internacionales de calidad y seguridad, brinda a los pacientes una satisfacci\u00f3n 100% y una apariencia reci\u00e9n rejuvenecida.<\/p>","protected":false},"featured_media":5197,"template":"","meta":{"_acf_changed":false},"product_brand":[],"product_cat":[175,62,32],"product_tag":[144,125,111,126,112,128,151,117,106,113,146,137,108,119,148,116,127],"class_list":{"0":"post-5192","1":"product","2":"type-product","3":"status-publish","4":"has-post-thumbnail","6":"product_cat-medytox","7":"product_cat-neuramis","8":"product_cat-soft","9":"product_tag-anti-wrinkle","10":"product_tag-crows-feet","11":"product_tag-face","12":"product_tag-fine-lines","13":"product_tag-forehead","14":"product_tag-forehead-wrinkles","15":"product_tag-hyaluronic-acid-ha-fillers","16":"product_tag-low-density","17":"product_tag-nasolacrimal-furrows","18":"product_tag-periorbital-area","19":"product_tag-smoothing","20":"product_tag-south-korea","21":"product_tag-under-eye","22":"product_tag-up-to-9-months","23":"product_tag-upper-dermis","24":"product_tag-with-lidocaine","25":"product_tag-wrinkles-around-the-eyes","27":"first","28":"outofstock","29":"taxable","30":"shipping-taxable","31":"purchasable","32":"product-type-simple"},"acf":[],"yoast_head":"<!-- This site is optimized with the Yoast SEO plugin v27.2 - https:\/\/yoast.com\/product\/yoast-seo-wordpress\/ -->\n<title>Buy Neuramis (1 x 1ml) - Lidocaine - Fillers from My Lip Filler<\/title>\n<meta name=\"description\" content=\"\u2765Buy Neuramis (1 x 1ml) - Lidocaine \u23e9 My Lip Filler online store \u27a6 Quality assurance, reviews, ingredients, best prices!\" \/>\n<meta name=\"robots\" content=\"index, follow, max-snippet:-1, max-image-preview:large, max-video-preview:-1\" \/>\n<link rel=\"canonical\" href=\"https:\/\/mylipfiller.com\/es\/neuramis-1-x-1ml-lidocaine\/\" \/>\n<meta property=\"og:locale\" content=\"es_MX\" \/>\n<meta property=\"og:type\" content=\"article\" \/>\n<meta property=\"og:title\" content=\"Buy Neuramis (1 x 1ml) - Lidocaine - Fillers from My Lip Filler\" \/>\n<meta property=\"og:description\" content=\"\u2765Buy Neuramis (1 x 1ml) - Lidocaine \u23e9 My Lip Filler online store \u27a6 Quality assurance, reviews, ingredients, best prices!\" \/>\n<meta property=\"og:url\" content=\"https:\/\/mylipfiller.com\/es\/neuramis-1-x-1ml-lidocaine\/\" \/>\n<meta property=\"og:site_name\" content=\"My Lip Filler\" \/>\n<meta property=\"article:modified_time\" content=\"2024-07-03T15:32:36+00:00\" \/>\n<meta property=\"og:image\" content=\"https:\/\/cdn.mylipfiller.com\/wp-content\/uploads\/2019\/09\/Neuramis-Lidocaine.jpg\" \/>\n\t<meta property=\"og:image:width\" content=\"600\" \/>\n\t<meta property=\"og:image:height\" content=\"600\" \/>\n\t<meta property=\"og:image:type\" content=\"image\/jpeg\" \/>\n<meta name=\"twitter:card\" content=\"summary_large_image\" \/>\n<meta name=\"twitter:label1\" content=\"Tiempo de lectura\" \/>\n\t<meta name=\"twitter:data1\" content=\"2 minutos\" \/>\n<script type=\"application\/ld+json\" class=\"yoast-schema-graph\">{\"@context\":\"https:\/\/schema.org\",\"@graph\":[{\"@type\":\"WebPage\",\"@id\":\"https:\/\/mylipfiller.com\/neuramis-1-x-1ml-lidocaine\/\",\"url\":\"https:\/\/mylipfiller.com\/neuramis-1-x-1ml-lidocaine\/\",\"name\":\"Buy Neuramis (1 x 1ml) - Lidocaine - Fillers from My Lip Filler\",\"isPartOf\":{\"@id\":\"https:\/\/mylipfiller.com\/#website\"},\"primaryImageOfPage\":{\"@id\":\"https:\/\/mylipfiller.com\/neuramis-1-x-1ml-lidocaine\/#primaryimage\"},\"image\":{\"@id\":\"https:\/\/mylipfiller.com\/neuramis-1-x-1ml-lidocaine\/#primaryimage\"},\"thumbnailUrl\":\"https:\/\/cdn.mylipfiller.com\/wp-content\/uploads\/2019\/09\/Neuramis-Lidocaine.jpg\",\"datePublished\":\"2019-09-05T10:00:29+00:00\",\"dateModified\":\"2024-07-03T15:32:36+00:00\",\"description\":\"\u2765Buy Neuramis (1 x 1ml) - Lidocaine \u23e9 My Lip Filler online store \u27a6 Quality assurance, reviews, ingredients, best prices!\",\"breadcrumb\":{\"@id\":\"https:\/\/mylipfiller.com\/neuramis-1-x-1ml-lidocaine\/#breadcrumb\"},\"inLanguage\":\"es\",\"potentialAction\":[{\"@type\":\"ReadAction\",\"target\":[\"https:\/\/mylipfiller.com\/neuramis-1-x-1ml-lidocaine\/\"]}]},{\"@type\":\"ImageObject\",\"inLanguage\":\"es\",\"@id\":\"https:\/\/mylipfiller.com\/neuramis-1-x-1ml-lidocaine\/#primaryimage\",\"url\":\"https:\/\/cdn.mylipfiller.com\/wp-content\/uploads\/2019\/09\/Neuramis-Lidocaine.jpg\",\"contentUrl\":\"https:\/\/cdn.mylipfiller.com\/wp-content\/uploads\/2019\/09\/Neuramis-Lidocaine.jpg\",\"width\":600,\"height\":600,\"caption\":\"Neuramis Lidocaine\"},{\"@type\":\"BreadcrumbList\",\"@id\":\"https:\/\/mylipfiller.com\/neuramis-1-x-1ml-lidocaine\/#breadcrumb\",\"itemListElement\":[{\"@type\":\"ListItem\",\"position\":1,\"name\":\"Home\",\"item\":\"https:\/\/mylipfiller.com\/\"},{\"@type\":\"ListItem\",\"position\":2,\"name\":\"Shop\",\"item\":\"https:\/\/mylipfiller.com\/shop\/\"},{\"@type\":\"ListItem\",\"position\":3,\"name\":\"Neuramis (1 x 1ml) &#8211; Lidocaine\"}]},{\"@type\":\"WebSite\",\"@id\":\"https:\/\/mylipfiller.com\/#website\",\"url\":\"https:\/\/mylipfiller.com\/\",\"name\":\"My Lip Filler\",\"description\":\"Hyaluronic Acid Lip and Dermal Fillers\",\"publisher\":{\"@id\":\"https:\/\/mylipfiller.com\/#organization\"},\"potentialAction\":[{\"@type\":\"SearchAction\",\"target\":{\"@type\":\"EntryPoint\",\"urlTemplate\":\"https:\/\/mylipfiller.com\/?s={search_term_string}\"},\"query-input\":{\"@type\":\"PropertyValueSpecification\",\"valueRequired\":true,\"valueName\":\"search_term_string\"}}],\"inLanguage\":\"es\"},{\"@type\":\"Organization\",\"@id\":\"https:\/\/mylipfiller.com\/#organization\",\"name\":\"My Lip Filler\",\"url\":\"https:\/\/mylipfiller.com\/\",\"logo\":{\"@type\":\"ImageObject\",\"inLanguage\":\"es\",\"@id\":\"https:\/\/mylipfiller.com\/#\/schema\/logo\/image\/\",\"url\":\"https:\/\/cdn.mylipfiller.com\/wp-content\/uploads\/2019\/02\/cropped-My-Lip-Filler-Logo.png\",\"contentUrl\":\"https:\/\/cdn.mylipfiller.com\/wp-content\/uploads\/2019\/02\/cropped-My-Lip-Filler-Logo.png\",\"width\":240,\"height\":88,\"caption\":\"My Lip Filler\"},\"image\":{\"@id\":\"https:\/\/mylipfiller.com\/#\/schema\/logo\/image\/\"}}]}<\/script>\n<!-- \/ Yoast SEO plugin. -->","yoast_head_json":{"title":"Compre Neuramis (1 x 1 ml) - Lidoca\u00edna - Rellenos de My Lip Filler","description":"\u2765Compra Neuramis (1 x 1ml) - Lidoca\u00edna \u23e9 Tienda online My Lip Filler \u27a6 Garant\u00eda de calidad, rese\u00f1as, ingredientes, \u00a1los mejores precios!","robots":{"index":"index","follow":"follow","max-snippet":"max-snippet:-1","max-image-preview":"max-image-preview:large","max-video-preview":"max-video-preview:-1"},"canonical":"https:\/\/mylipfiller.com\/es\/neuramis-1-x-1ml-lidocaine\/","og_locale":"es_MX","og_type":"article","og_title":"Buy Neuramis (1 x 1ml) - Lidocaine - Fillers from My Lip Filler","og_description":"\u2765Buy Neuramis (1 x 1ml) - Lidocaine \u23e9 My Lip Filler online store \u27a6 Quality assurance, reviews, ingredients, best prices!","og_url":"https:\/\/mylipfiller.com\/es\/neuramis-1-x-1ml-lidocaine\/","og_site_name":"My Lip Filler","article_modified_time":"2024-07-03T15:32:36+00:00","og_image":[{"width":600,"height":600,"url":"https:\/\/cdn.mylipfiller.com\/wp-content\/uploads\/2019\/09\/Neuramis-Lidocaine.jpg","type":"image\/jpeg"}],"twitter_card":"summary_large_image","twitter_misc":{"Tiempo de lectura":"2 minutos"},"schema":{"@context":"https:\/\/schema.org","@graph":[{"@type":"WebPage","@id":"https:\/\/mylipfiller.com\/neuramis-1-x-1ml-lidocaine\/","url":"https:\/\/mylipfiller.com\/neuramis-1-x-1ml-lidocaine\/","name":"Compre Neuramis (1 x 1 ml) - Lidoca\u00edna - Rellenos de My Lip Filler","isPartOf":{"@id":"https:\/\/mylipfiller.com\/#website"},"primaryImageOfPage":{"@id":"https:\/\/mylipfiller.com\/neuramis-1-x-1ml-lidocaine\/#primaryimage"},"image":{"@id":"https:\/\/mylipfiller.com\/neuramis-1-x-1ml-lidocaine\/#primaryimage"},"thumbnailUrl":"https:\/\/cdn.mylipfiller.com\/wp-content\/uploads\/2019\/09\/Neuramis-Lidocaine.jpg","datePublished":"2019-09-05T10:00:29+00:00","dateModified":"2024-07-03T15:32:36+00:00","description":"\u2765Compra Neuramis (1 x 1ml) - Lidoca\u00edna \u23e9 Tienda online My Lip Filler \u27a6 Garant\u00eda de calidad, rese\u00f1as, ingredientes, \u00a1los mejores precios!","breadcrumb":{"@id":"https:\/\/mylipfiller.com\/neuramis-1-x-1ml-lidocaine\/#breadcrumb"},"inLanguage":"es","potentialAction":[{"@type":"ReadAction","target":["https:\/\/mylipfiller.com\/neuramis-1-x-1ml-lidocaine\/"]}]},{"@type":"ImageObject","inLanguage":"es","@id":"https:\/\/mylipfiller.com\/neuramis-1-x-1ml-lidocaine\/#primaryimage","url":"https:\/\/cdn.mylipfiller.com\/wp-content\/uploads\/2019\/09\/Neuramis-Lidocaine.jpg","contentUrl":"https:\/\/cdn.mylipfiller.com\/wp-content\/uploads\/2019\/09\/Neuramis-Lidocaine.jpg","width":600,"height":600,"caption":"Neuramis Lidocaine"},{"@type":"BreadcrumbList","@id":"https:\/\/mylipfiller.com\/neuramis-1-x-1ml-lidocaine\/#breadcrumb","itemListElement":[{"@type":"ListItem","position":1,"name":"Home","item":"https:\/\/mylipfiller.com\/"},{"@type":"ListItem","position":2,"name":"Shop","item":"https:\/\/mylipfiller.com\/shop\/"},{"@type":"ListItem","position":3,"name":"Neuramis (1 x 1ml) &#8211; Lidocaine"}]},{"@type":"WebSite","@id":"https:\/\/mylipfiller.com\/#website","url":"https:\/\/mylipfiller.com\/","name":"Mi relleno de labios","description":"Rellenos d\u00e9rmicos y de labios con \u00e1cido hialur\u00f3nico","publisher":{"@id":"https:\/\/mylipfiller.com\/#organization"},"potentialAction":[{"@type":"SearchAction","target":{"@type":"EntryPoint","urlTemplate":"https:\/\/mylipfiller.com\/?s={search_term_string}"},"query-input":{"@type":"PropertyValueSpecification","valueRequired":true,"valueName":"search_term_string"}}],"inLanguage":"es"},{"@type":"Organization","@id":"https:\/\/mylipfiller.com\/#organization","name":"Mi relleno de labios","url":"https:\/\/mylipfiller.com\/","logo":{"@type":"ImageObject","inLanguage":"es","@id":"https:\/\/mylipfiller.com\/#\/schema\/logo\/image\/","url":"https:\/\/cdn.mylipfiller.com\/wp-content\/uploads\/2019\/02\/cropped-My-Lip-Filler-Logo.png","contentUrl":"https:\/\/cdn.mylipfiller.com\/wp-content\/uploads\/2019\/02\/cropped-My-Lip-Filler-Logo.png","width":240,"height":88,"caption":"My Lip Filler"},"image":{"@id":"https:\/\/mylipfiller.com\/#\/schema\/logo\/image\/"}}]}},"_links":{"self":[{"href":"https:\/\/mylipfiller.com\/es\/wp-json\/wp\/v2\/product\/5192","targetHints":{"allow":["GET"]}}],"collection":[{"href":"https:\/\/mylipfiller.com\/es\/wp-json\/wp\/v2\/product"}],"about":[{"href":"https:\/\/mylipfiller.com\/es\/wp-json\/wp\/v2\/types\/product"}],"wp:featuredmedia":[{"embeddable":true,"href":"https:\/\/mylipfiller.com\/es\/wp-json\/wp\/v2\/media\/5197"}],"wp:attachment":[{"href":"https:\/\/mylipfiller.com\/es\/wp-json\/wp\/v2\/media?parent=5192"}],"wp:term":[{"taxonomy":"product_brand","embeddable":true,"href":"https:\/\/mylipfiller.com\/es\/wp-json\/wp\/v2\/product_brand?post=5192"},{"taxonomy":"product_cat","embeddable":true,"href":"https:\/\/mylipfiller.com\/es\/wp-json\/wp\/v2\/product_cat?post=5192"},{"taxonomy":"product_tag","embeddable":true,"href":"https:\/\/mylipfiller.com\/es\/wp-json\/wp\/v2\/product_tag?post=5192"}],"curies":[{"name":"gracias","href":"https:\/\/api.w.org\/{rel}","templated":true}]}}