{"id":5193,"date":"2019-09-05T12:00:45","date_gmt":"2019-09-05T10:00:45","guid":{"rendered":"https:\/\/mylipfiller.com\/?post_type=product&#038;p=5193"},"modified":"2026-01-14T16:10:14","modified_gmt":"2026-01-14T14:10:14","slug":"neuramis-deep-1-x-1ml","status":"publish","type":"product","link":"https:\/\/mylipfiller.com\/es\/neuramis-deep-1-x-1ml\/","title":{"rendered":"Neuramis Deep (1 x 1 ml)"},"content":{"rendered":"<h3>Eliminaci\u00f3n inmediata de arrugas profundas con Neuramis Deep Lidocaine<\/h3>\n<p>El objetivo principal de Neuramis Deep Lidocaine de Medytox es suavizar y suavizar la piel del <em>rostro, cuello, escote y dorso de las manos<\/em>. Lo hace f\u00e1cilmente porque es rico en \u00e1cido hialur\u00f3nico (HA) purificado. Este \u00faltimo tiene una asombrosa capacidad antiarrugas debido a su gel HA <strong>retiene la humedad en la piel<\/strong> y, al mismo tiempo, tambi\u00e9n lo hidrata. Como regla general, una piel que tiene un equilibrio h\u00eddrico saludable tambi\u00e9n se ve m\u00e1s joven y fresca. El efecto de relleno del \u00e1cido hialur\u00f3nico, por otro lado, brinda resultados instant\u00e1neos de eliminaci\u00f3n de arrugas medias y profundas cuando se inyecta en la piel.<\/p>\n<ul>\n<li>Fabricante: Medytox (Corea del Sur)<\/li>\n<li>Productor de gel: Shiseido (Asia)<\/li>\n<li>3% lidoca\u00edna<\/li>\n<li>20 mg \/ ml de HA<\/li>\n<li>Profundidad de inyecci\u00f3n: capas medias y profundas de la piel.<\/li>\n<\/ul>\n<h3>Un relleno de contorno facial confiable e inyecci\u00f3n de labios.<\/h3>\n<p>La segunda especialidad de Neuramis Deep Lidocaine es ofrecer un modelado facial equilibrado a pacientes que quieran reducir la piel fl\u00e1cida, corregir las proporciones o la forma de una determinada parte de su rostro, etc. Por eso es <u>una inyecci\u00f3n confiable de relleno de tejidos blandos<\/u> por:<\/p>\n<ul>\n<li>Remodelaci\u00f3n del puente de la nariz<\/li>\n<li>Realce de ment\u00f3n<\/li>\n<li>Aumento de mejillas<\/li>\n<li>Contorno de mand\u00edbula<\/li>\n<\/ul>\n<p>My Lip Filler es su mejor fuente de rellenos d\u00e9rmicos avanzados como este.<\/p>","protected":false},"excerpt":{"rendered":"<p>Una satisfacci\u00f3n garantizada para los pacientes: Neuramis Deep Lidocaine lo hace con excelencia porque se ha dise\u00f1ado cuidadosamente para brindar <u>contorno de labios est\u00e9ticamente atractivo<\/u>, as\u00ed como para <em>Reducir eficazmente la aparici\u00f3n de arrugas medias a profundas.<\/em>. Este confiable producto anti-envejecimiento se puede usar incluso para un aumento econ\u00f3mico de la barbilla, los p\u00f3mulos y la frente sin riesgo de migraci\u00f3n de gel, reacciones al\u00e9rgicas u otros efectos secundarios. Nosotros, en My Lip Filler, distribuimos esta inyecci\u00f3n de relleno especial a un precio razonable.<\/p>","protected":false},"featured_media":5198,"template":"","meta":{"_acf_changed":false},"product_brand":[],"product_cat":[33,175,62],"product_tag":[111,151,133,107,134,137,120],"class_list":{"0":"post-5193","1":"product","2":"type-product","3":"status-publish","4":"has-post-thumbnail","6":"product_cat-lip","7":"product_cat-medytox","8":"product_cat-neuramis","9":"product_tag-face","10":"product_tag-hyaluronic-acid-ha-fillers","11":"product_tag-marionette-lines","12":"product_tag-nasolabial-folds","13":"product_tag-small-lips","14":"product_tag-south-korea","15":"product_tag-up-to-12-months","17":"first","18":"outofstock","19":"taxable","20":"shipping-taxable","21":"purchasable","22":"product-type-simple"},"acf":[],"yoast_head":"<!-- This site is optimized with the Yoast SEO plugin v27.3 - https:\/\/yoast.com\/product\/yoast-seo-wordpress\/ -->\n<title>Buy Neuramis Deep (1 x 1ml) - Fillers from My Lip Filler<\/title>\n<meta name=\"description\" content=\"\u2765Buy Neuramis Deep (1 x 1ml) \u23e9 My Lip Filler online store \u27a6 Quality assurance, reviews, ingredients, best prices!\" \/>\n<meta name=\"robots\" content=\"index, follow, max-snippet:-1, max-image-preview:large, max-video-preview:-1\" \/>\n<link rel=\"canonical\" href=\"https:\/\/mylipfiller.com\/es\/neuramis-deep-1-x-1ml\/\" \/>\n<meta property=\"og:locale\" content=\"es_MX\" \/>\n<meta property=\"og:type\" content=\"article\" \/>\n<meta property=\"og:title\" content=\"Buy Neuramis Deep (1 x 1ml) - Fillers from My Lip Filler\" \/>\n<meta property=\"og:description\" content=\"\u2765Buy Neuramis Deep (1 x 1ml) \u23e9 My Lip Filler online store \u27a6 Quality assurance, reviews, ingredients, best prices!\" \/>\n<meta property=\"og:url\" content=\"https:\/\/mylipfiller.com\/es\/neuramis-deep-1-x-1ml\/\" \/>\n<meta property=\"og:site_name\" content=\"My Lip Filler\" \/>\n<meta property=\"article:modified_time\" content=\"2026-01-14T14:10:14+00:00\" \/>\n<meta property=\"og:image\" content=\"https:\/\/cdn.mylipfiller.com\/wp-content\/uploads\/2019\/09\/Neuramis-Deep.jpg\" \/>\n\t<meta property=\"og:image:width\" content=\"600\" \/>\n\t<meta property=\"og:image:height\" content=\"600\" \/>\n\t<meta property=\"og:image:type\" content=\"image\/jpeg\" \/>\n<meta name=\"twitter:card\" content=\"summary_large_image\" \/>\n<meta name=\"twitter:label1\" content=\"Tiempo de lectura\" \/>\n\t<meta name=\"twitter:data1\" content=\"1 minuto\" \/>\n<script type=\"application\/ld+json\" class=\"yoast-schema-graph\">{\"@context\":\"https:\\\/\\\/schema.org\",\"@graph\":[{\"@type\":\"WebPage\",\"@id\":\"https:\\\/\\\/mylipfiller.com\\\/neuramis-deep-1-x-1ml\\\/\",\"url\":\"https:\\\/\\\/mylipfiller.com\\\/neuramis-deep-1-x-1ml\\\/\",\"name\":\"Buy Neuramis Deep (1 x 1ml) - Fillers from My Lip Filler\",\"isPartOf\":{\"@id\":\"https:\\\/\\\/mylipfiller.com\\\/#website\"},\"primaryImageOfPage\":{\"@id\":\"https:\\\/\\\/mylipfiller.com\\\/neuramis-deep-1-x-1ml\\\/#primaryimage\"},\"image\":{\"@id\":\"https:\\\/\\\/mylipfiller.com\\\/neuramis-deep-1-x-1ml\\\/#primaryimage\"},\"thumbnailUrl\":\"https:\\\/\\\/mylipfiller.com\\\/wp-content\\\/uploads\\\/2019\\\/09\\\/Neuramis-Deep.jpg\",\"datePublished\":\"2019-09-05T10:00:45+00:00\",\"dateModified\":\"2026-01-14T14:10:14+00:00\",\"description\":\"\u2765Buy Neuramis Deep (1 x 1ml) \u23e9 My Lip Filler online store \u27a6 Quality assurance, reviews, ingredients, best prices!\",\"breadcrumb\":{\"@id\":\"https:\\\/\\\/mylipfiller.com\\\/neuramis-deep-1-x-1ml\\\/#breadcrumb\"},\"inLanguage\":\"es\",\"potentialAction\":[{\"@type\":\"ReadAction\",\"target\":[\"https:\\\/\\\/mylipfiller.com\\\/neuramis-deep-1-x-1ml\\\/\"]}]},{\"@type\":\"ImageObject\",\"inLanguage\":\"es\",\"@id\":\"https:\\\/\\\/mylipfiller.com\\\/neuramis-deep-1-x-1ml\\\/#primaryimage\",\"url\":\"https:\\\/\\\/mylipfiller.com\\\/wp-content\\\/uploads\\\/2019\\\/09\\\/Neuramis-Deep.jpg\",\"contentUrl\":\"https:\\\/\\\/mylipfiller.com\\\/wp-content\\\/uploads\\\/2019\\\/09\\\/Neuramis-Deep.jpg\",\"width\":600,\"height\":600,\"caption\":\"Neuramis Deep\"},{\"@type\":\"BreadcrumbList\",\"@id\":\"https:\\\/\\\/mylipfiller.com\\\/neuramis-deep-1-x-1ml\\\/#breadcrumb\",\"itemListElement\":[{\"@type\":\"ListItem\",\"position\":1,\"name\":\"Home\",\"item\":\"https:\\\/\\\/mylipfiller.com\\\/\"},{\"@type\":\"ListItem\",\"position\":2,\"name\":\"Shop\",\"item\":\"https:\\\/\\\/mylipfiller.com\\\/shop\\\/\"},{\"@type\":\"ListItem\",\"position\":3,\"name\":\"Neuramis Deep (1 x 1ml)\"}]},{\"@type\":\"WebSite\",\"@id\":\"https:\\\/\\\/mylipfiller.com\\\/#website\",\"url\":\"https:\\\/\\\/mylipfiller.com\\\/\",\"name\":\"My Lip Filler\",\"description\":\"Hyaluronic Acid Lip and Dermal Fillers\",\"publisher\":{\"@id\":\"https:\\\/\\\/mylipfiller.com\\\/#organization\"},\"potentialAction\":[{\"@type\":\"SearchAction\",\"target\":{\"@type\":\"EntryPoint\",\"urlTemplate\":\"https:\\\/\\\/mylipfiller.com\\\/?s={search_term_string}\"},\"query-input\":{\"@type\":\"PropertyValueSpecification\",\"valueRequired\":true,\"valueName\":\"search_term_string\"}}],\"inLanguage\":\"es\"},{\"@type\":\"Organization\",\"@id\":\"https:\\\/\\\/mylipfiller.com\\\/#organization\",\"name\":\"My Lip Filler\",\"url\":\"https:\\\/\\\/mylipfiller.com\\\/\",\"logo\":{\"@type\":\"ImageObject\",\"inLanguage\":\"es\",\"@id\":\"https:\\\/\\\/mylipfiller.com\\\/#\\\/schema\\\/logo\\\/image\\\/\",\"url\":\"https:\\\/\\\/mylipfiller.com\\\/wp-content\\\/uploads\\\/2019\\\/02\\\/cropped-My-Lip-Filler-Logo.png\",\"contentUrl\":\"https:\\\/\\\/mylipfiller.com\\\/wp-content\\\/uploads\\\/2019\\\/02\\\/cropped-My-Lip-Filler-Logo.png\",\"width\":240,\"height\":88,\"caption\":\"My Lip Filler\"},\"image\":{\"@id\":\"https:\\\/\\\/mylipfiller.com\\\/#\\\/schema\\\/logo\\\/image\\\/\"}}]}<\/script>\n<!-- \/ Yoast SEO plugin. -->","yoast_head_json":{"title":"Comprar Neuramis Deep (1 x 1ml) - Rellenos de My Lip Filler","description":"\u2765Compra Neuramis Deep (1 x 1ml) \u23e9 Tienda online My Lip Filler \u27a6 Garant\u00eda de calidad, rese\u00f1as, ingredientes, \u00a1los mejores precios!","robots":{"index":"index","follow":"follow","max-snippet":"max-snippet:-1","max-image-preview":"max-image-preview:large","max-video-preview":"max-video-preview:-1"},"canonical":"https:\/\/mylipfiller.com\/es\/neuramis-deep-1-x-1ml\/","og_locale":"es_MX","og_type":"article","og_title":"Buy Neuramis Deep (1 x 1ml) - Fillers from My Lip Filler","og_description":"\u2765Buy Neuramis Deep (1 x 1ml) \u23e9 My Lip Filler online store \u27a6 Quality assurance, reviews, ingredients, best prices!","og_url":"https:\/\/mylipfiller.com\/es\/neuramis-deep-1-x-1ml\/","og_site_name":"My Lip Filler","article_modified_time":"2026-01-14T14:10:14+00:00","og_image":[{"width":600,"height":600,"url":"https:\/\/cdn.mylipfiller.com\/wp-content\/uploads\/2019\/09\/Neuramis-Deep.jpg","type":"image\/jpeg"}],"twitter_card":"summary_large_image","twitter_misc":{"Tiempo de lectura":"1 minuto"},"schema":{"@context":"https:\/\/schema.org","@graph":[{"@type":"WebPage","@id":"https:\/\/mylipfiller.com\/neuramis-deep-1-x-1ml\/","url":"https:\/\/mylipfiller.com\/neuramis-deep-1-x-1ml\/","name":"Comprar Neuramis Deep (1 x 1ml) - Rellenos de My Lip Filler","isPartOf":{"@id":"https:\/\/mylipfiller.com\/#website"},"primaryImageOfPage":{"@id":"https:\/\/mylipfiller.com\/neuramis-deep-1-x-1ml\/#primaryimage"},"image":{"@id":"https:\/\/mylipfiller.com\/neuramis-deep-1-x-1ml\/#primaryimage"},"thumbnailUrl":"https:\/\/cdn.mylipfiller.com\/wp-content\/uploads\/2019\/09\/Neuramis-Deep.jpg","datePublished":"2019-09-05T10:00:45+00:00","dateModified":"2026-01-14T14:10:14+00:00","description":"\u2765Compra Neuramis Deep (1 x 1ml) \u23e9 Tienda online My Lip Filler \u27a6 Garant\u00eda de calidad, rese\u00f1as, ingredientes, \u00a1los mejores precios!","breadcrumb":{"@id":"https:\/\/mylipfiller.com\/neuramis-deep-1-x-1ml\/#breadcrumb"},"inLanguage":"es","potentialAction":[{"@type":"ReadAction","target":["https:\/\/mylipfiller.com\/neuramis-deep-1-x-1ml\/"]}]},{"@type":"ImageObject","inLanguage":"es","@id":"https:\/\/mylipfiller.com\/neuramis-deep-1-x-1ml\/#primaryimage","url":"https:\/\/cdn.mylipfiller.com\/wp-content\/uploads\/2019\/09\/Neuramis-Deep.jpg","contentUrl":"https:\/\/cdn.mylipfiller.com\/wp-content\/uploads\/2019\/09\/Neuramis-Deep.jpg","width":600,"height":600,"caption":"Neuramis Deep"},{"@type":"BreadcrumbList","@id":"https:\/\/mylipfiller.com\/neuramis-deep-1-x-1ml\/#breadcrumb","itemListElement":[{"@type":"ListItem","position":1,"name":"Home","item":"https:\/\/mylipfiller.com\/"},{"@type":"ListItem","position":2,"name":"Shop","item":"https:\/\/mylipfiller.com\/shop\/"},{"@type":"ListItem","position":3,"name":"Neuramis Deep (1 x 1ml)"}]},{"@type":"WebSite","@id":"https:\/\/mylipfiller.com\/#website","url":"https:\/\/mylipfiller.com\/","name":"Mi relleno de labios","description":"Rellenos d\u00e9rmicos y de labios con \u00e1cido hialur\u00f3nico","publisher":{"@id":"https:\/\/mylipfiller.com\/#organization"},"potentialAction":[{"@type":"SearchAction","target":{"@type":"EntryPoint","urlTemplate":"https:\/\/mylipfiller.com\/?s={search_term_string}"},"query-input":{"@type":"PropertyValueSpecification","valueRequired":true,"valueName":"search_term_string"}}],"inLanguage":"es"},{"@type":"Organization","@id":"https:\/\/mylipfiller.com\/#organization","name":"Mi relleno de labios","url":"https:\/\/mylipfiller.com\/","logo":{"@type":"ImageObject","inLanguage":"es","@id":"https:\/\/mylipfiller.com\/#\/schema\/logo\/image\/","url":"https:\/\/cdn.mylipfiller.com\/wp-content\/uploads\/2019\/02\/cropped-My-Lip-Filler-Logo.png","contentUrl":"https:\/\/cdn.mylipfiller.com\/wp-content\/uploads\/2019\/02\/cropped-My-Lip-Filler-Logo.png","width":240,"height":88,"caption":"My Lip Filler"},"image":{"@id":"https:\/\/mylipfiller.com\/#\/schema\/logo\/image\/"}}]}},"_links":{"self":[{"href":"https:\/\/mylipfiller.com\/es\/wp-json\/wp\/v2\/product\/5193","targetHints":{"allow":["GET"]}}],"collection":[{"href":"https:\/\/mylipfiller.com\/es\/wp-json\/wp\/v2\/product"}],"about":[{"href":"https:\/\/mylipfiller.com\/es\/wp-json\/wp\/v2\/types\/product"}],"wp:featuredmedia":[{"embeddable":true,"href":"https:\/\/mylipfiller.com\/es\/wp-json\/wp\/v2\/media\/5198"}],"wp:attachment":[{"href":"https:\/\/mylipfiller.com\/es\/wp-json\/wp\/v2\/media?parent=5193"}],"wp:term":[{"taxonomy":"product_brand","embeddable":true,"href":"https:\/\/mylipfiller.com\/es\/wp-json\/wp\/v2\/product_brand?post=5193"},{"taxonomy":"product_cat","embeddable":true,"href":"https:\/\/mylipfiller.com\/es\/wp-json\/wp\/v2\/product_cat?post=5193"},{"taxonomy":"product_tag","embeddable":true,"href":"https:\/\/mylipfiller.com\/es\/wp-json\/wp\/v2\/product_tag?post=5193"}],"curies":[{"name":"gracias","href":"https:\/\/api.w.org\/{rel}","templated":true}]}}