{"id":573,"date":"2019-03-05T16:04:43","date_gmt":"2019-03-05T14:04:43","guid":{"rendered":"https:\/\/mylipfiller.com\/?post_type=product&#038;p=573"},"modified":"2026-01-09T10:29:58","modified_gmt":"2026-01-09T08:29:58","slug":"aquashine-1x2ml","status":"publish","type":"product","link":"https:\/\/mylipfiller.com\/es\/aquashine-1x2ml\/","title":{"rendered":"Aquashine (1x2ml)"},"content":{"rendered":"<p>La mayor\u00eda de los rellenos solo tienen como objetivo la eliminaci\u00f3n de arrugas y el contorno de los rasgos faciales. Revofil opt\u00f3 por crear un producto cosm\u00e9tico m\u00e1s vers\u00e1til y eficaz, por eso hicieron la l\u00ednea Aquashine. Su eficacia para eliminar arrugas y l\u00edneas si se ve reforzada por el hecho de que se trata de un producto h\u00edbrido de relleno y mesoterapia.<\/p>\n<p>En la superficie, este es un relleno de \u00e1cido hialur\u00f3nico est\u00e1ndar con caracter\u00edsticas normales:<\/p>\n<ul>\n<li>Concentraci\u00f3n de HA - 15 mg \/ ml<\/li>\n<li>Contenido de la caja: aguja 32G \u00bd, una sola aguja para inyecci\u00f3n precargada con gel HA<\/li>\n<li>\u00c1rea de aplicaci\u00f3n: rostro, cuello y escote<\/li>\n<li>Profundidad de la colocaci\u00f3n del relleno: desde la epidermis hasta la dermis media<\/li>\n<\/ul>\n<p>Sin embargo, una mirada a los ingredientes del relleno Aquashine le permitir\u00e1 obtener una imagen m\u00e1s clara. Contiene un complejo de vitaminas, minerales, p\u00e9ptidos y coenzimas. Este es un producto de belleza, especialmente dise\u00f1ado para proporcionar resultados de rejuvenecimiento de la piel muy potentes. Los efectos de la inyecci\u00f3n de estos rellenos cut\u00e1neos son m\u00e1s fuertes y duraderos. Adem\u00e1s de corregir las arrugas y las depresiones leves de la piel, mejorar\u00e1 el estado general de la piel en las \u00e1reas inyectadas, tratando factores adicionales que causan arrugas como la sequedad y la falta de hidrataci\u00f3n adecuada de la piel.<\/p>\n<h3>Solicitud<\/h3>\n<p>Para lograr los mejores resultados, los rellenos Aquashine se inyectan de una manera diferente a los rellenos est\u00e1ndar de \u00e1cido hialur\u00f3nico. Normalmente, se realizar\u00e1n tres sesiones con el paciente, con un intervalo de un mes entre ellas, m\u00e1s parecido a un tratamiento de mesoterapia que a la inyecci\u00f3n de relleno tradicional.<\/p>","protected":false},"excerpt":{"rendered":"<p>La l\u00ednea de rellenos d\u00e9rmicos Aquashine es un poco diferente de la tradicional soluci\u00f3n de belleza inyectable, basada en \u00e1cido hialur\u00f3nico. Si bien contiene gel HA para esculpir el rostro y eliminar las arrugas, Aquashine es un h\u00edbrido cosm\u00e9tico suave, ya que tambi\u00e9n act\u00faa como una soluci\u00f3n de mesoterapia. Contiene una amplia selecci\u00f3n de valiosas vitaminas, minerales y p\u00e9ptidos que garantizan que el efecto del relleno vaya m\u00e1s all\u00e1 de la eliminaci\u00f3n de arrugas. La piel del paciente est\u00e1 hidratada y revitalizada, con propiedades reconstituyentes naturales que la estimulan.<\/p>","protected":false},"featured_media":535,"template":"","meta":{"_acf_changed":false},"product_brand":[],"product_cat":[158,96,20,32],"product_tag":[91,144,125,111,126,151,117,146,137,119,148,127],"class_list":{"0":"post-573","1":"product","2":"type-product","3":"status-publish","4":"has-post-thumbnail","6":"product_cat-caregen","7":"product_cat-revofil","8":"product_cat-aquashine","9":"product_cat-soft","10":"product_tag-91","11":"product_tag-anti-wrinkle","12":"product_tag-crows-feet","13":"product_tag-face","14":"product_tag-fine-lines","15":"product_tag-hyaluronic-acid-ha-fillers","16":"product_tag-low-density","17":"product_tag-smoothing","18":"product_tag-south-korea","19":"product_tag-up-to-9-months","20":"product_tag-upper-dermis","21":"product_tag-wrinkles-around-the-eyes","23":"first","24":"instock","25":"taxable","26":"shipping-taxable","27":"purchasable","28":"product-type-simple"},"acf":[],"yoast_head":"<!-- This site is optimized with the Yoast SEO plugin v27.4 - https:\/\/yoast.com\/product\/yoast-seo-wordpress\/ -->\n<title>Buy Aquashine (1x2ml) - Fillers from My Lip Filler<\/title>\n<meta name=\"description\" content=\"\u2765Buy Aquashine (1x2ml) \u23e9 My Lip Filler online store \u27a6 Quality assurance, reviews, ingredients, best prices!\" \/>\n<meta name=\"robots\" content=\"index, follow, max-snippet:-1, max-image-preview:large, max-video-preview:-1\" \/>\n<link rel=\"canonical\" href=\"https:\/\/mylipfiller.com\/es\/aquashine-1x2ml\/\" \/>\n<meta property=\"og:locale\" content=\"es_MX\" \/>\n<meta property=\"og:type\" content=\"article\" \/>\n<meta property=\"og:title\" content=\"Buy Aquashine (1x2ml) - Fillers from My Lip Filler\" \/>\n<meta property=\"og:description\" content=\"\u2765Buy Aquashine (1x2ml) \u23e9 My Lip Filler online store \u27a6 Quality assurance, reviews, ingredients, best prices!\" \/>\n<meta property=\"og:url\" content=\"https:\/\/mylipfiller.com\/es\/aquashine-1x2ml\/\" \/>\n<meta property=\"og:site_name\" content=\"My Lip Filler\" \/>\n<meta property=\"article:modified_time\" content=\"2026-01-09T08:29:58+00:00\" \/>\n<meta property=\"og:image\" content=\"https:\/\/cdn.mylipfiller.com\/wp-content\/uploads\/2019\/03\/Aquashine.jpg\" \/>\n\t<meta property=\"og:image:width\" content=\"500\" \/>\n\t<meta property=\"og:image:height\" content=\"500\" \/>\n\t<meta property=\"og:image:type\" content=\"image\/jpeg\" \/>\n<meta name=\"twitter:card\" content=\"summary_large_image\" \/>\n<meta name=\"twitter:label1\" content=\"Tiempo de lectura\" \/>\n\t<meta name=\"twitter:data1\" content=\"2 minutos\" \/>\n<script type=\"application\/ld+json\" class=\"yoast-schema-graph\">{\"@context\":\"https:\\\/\\\/schema.org\",\"@graph\":[{\"@type\":\"WebPage\",\"@id\":\"https:\\\/\\\/mylipfiller.com\\\/aquashine-1x2ml\\\/\",\"url\":\"https:\\\/\\\/mylipfiller.com\\\/aquashine-1x2ml\\\/\",\"name\":\"Buy Aquashine (1x2ml) - Fillers from My Lip Filler\",\"isPartOf\":{\"@id\":\"https:\\\/\\\/mylipfiller.com\\\/#website\"},\"primaryImageOfPage\":{\"@id\":\"https:\\\/\\\/mylipfiller.com\\\/aquashine-1x2ml\\\/#primaryimage\"},\"image\":{\"@id\":\"https:\\\/\\\/mylipfiller.com\\\/aquashine-1x2ml\\\/#primaryimage\"},\"thumbnailUrl\":\"https:\\\/\\\/mylipfiller.com\\\/wp-content\\\/uploads\\\/2019\\\/03\\\/Aquashine.jpg\",\"datePublished\":\"2019-03-05T14:04:43+00:00\",\"dateModified\":\"2026-01-09T08:29:58+00:00\",\"description\":\"\u2765Buy Aquashine (1x2ml) \u23e9 My Lip Filler online store \u27a6 Quality assurance, reviews, ingredients, best prices!\",\"breadcrumb\":{\"@id\":\"https:\\\/\\\/mylipfiller.com\\\/aquashine-1x2ml\\\/#breadcrumb\"},\"inLanguage\":\"es\",\"potentialAction\":[{\"@type\":\"ReadAction\",\"target\":[\"https:\\\/\\\/mylipfiller.com\\\/aquashine-1x2ml\\\/\"]}]},{\"@type\":\"ImageObject\",\"inLanguage\":\"es\",\"@id\":\"https:\\\/\\\/mylipfiller.com\\\/aquashine-1x2ml\\\/#primaryimage\",\"url\":\"https:\\\/\\\/mylipfiller.com\\\/wp-content\\\/uploads\\\/2019\\\/03\\\/Aquashine.jpg\",\"contentUrl\":\"https:\\\/\\\/mylipfiller.com\\\/wp-content\\\/uploads\\\/2019\\\/03\\\/Aquashine.jpg\",\"width\":500,\"height\":500,\"caption\":\"Aquashine BR\"},{\"@type\":\"BreadcrumbList\",\"@id\":\"https:\\\/\\\/mylipfiller.com\\\/aquashine-1x2ml\\\/#breadcrumb\",\"itemListElement\":[{\"@type\":\"ListItem\",\"position\":1,\"name\":\"Home\",\"item\":\"https:\\\/\\\/mylipfiller.com\\\/\"},{\"@type\":\"ListItem\",\"position\":2,\"name\":\"Shop\",\"item\":\"https:\\\/\\\/mylipfiller.com\\\/shop\\\/\"},{\"@type\":\"ListItem\",\"position\":3,\"name\":\"Aquashine (1x2ml)\"}]},{\"@type\":\"WebSite\",\"@id\":\"https:\\\/\\\/mylipfiller.com\\\/#website\",\"url\":\"https:\\\/\\\/mylipfiller.com\\\/\",\"name\":\"My Lip Filler\",\"description\":\"Hyaluronic Acid Lip and Dermal Fillers\",\"publisher\":{\"@id\":\"https:\\\/\\\/mylipfiller.com\\\/#organization\"},\"potentialAction\":[{\"@type\":\"SearchAction\",\"target\":{\"@type\":\"EntryPoint\",\"urlTemplate\":\"https:\\\/\\\/mylipfiller.com\\\/?s={search_term_string}\"},\"query-input\":{\"@type\":\"PropertyValueSpecification\",\"valueRequired\":true,\"valueName\":\"search_term_string\"}}],\"inLanguage\":\"es\"},{\"@type\":\"Organization\",\"@id\":\"https:\\\/\\\/mylipfiller.com\\\/#organization\",\"name\":\"My Lip Filler\",\"url\":\"https:\\\/\\\/mylipfiller.com\\\/\",\"logo\":{\"@type\":\"ImageObject\",\"inLanguage\":\"es\",\"@id\":\"https:\\\/\\\/mylipfiller.com\\\/#\\\/schema\\\/logo\\\/image\\\/\",\"url\":\"https:\\\/\\\/mylipfiller.com\\\/wp-content\\\/uploads\\\/2019\\\/02\\\/cropped-My-Lip-Filler-Logo.png\",\"contentUrl\":\"https:\\\/\\\/mylipfiller.com\\\/wp-content\\\/uploads\\\/2019\\\/02\\\/cropped-My-Lip-Filler-Logo.png\",\"width\":240,\"height\":88,\"caption\":\"My Lip Filler\"},\"image\":{\"@id\":\"https:\\\/\\\/mylipfiller.com\\\/#\\\/schema\\\/logo\\\/image\\\/\"}}]}<\/script>\n<!-- \/ Yoast SEO plugin. -->","yoast_head_json":{"title":"Comprar Aquashine (1x2ml) - Rellenos de My Lip Filler","description":"\u2765Compra Aquashine (1x2ml) \u23e9 Tienda online My Lip Filler \u27a6 Garant\u00eda de calidad, rese\u00f1as, ingredientes, \u00a1los mejores precios!","robots":{"index":"index","follow":"follow","max-snippet":"max-snippet:-1","max-image-preview":"max-image-preview:large","max-video-preview":"max-video-preview:-1"},"canonical":"https:\/\/mylipfiller.com\/es\/aquashine-1x2ml\/","og_locale":"es_MX","og_type":"article","og_title":"Buy Aquashine (1x2ml) - Fillers from My Lip Filler","og_description":"\u2765Buy Aquashine (1x2ml) \u23e9 My Lip Filler online store \u27a6 Quality assurance, reviews, ingredients, best prices!","og_url":"https:\/\/mylipfiller.com\/es\/aquashine-1x2ml\/","og_site_name":"My Lip Filler","article_modified_time":"2026-01-09T08:29:58+00:00","og_image":[{"width":500,"height":500,"url":"https:\/\/cdn.mylipfiller.com\/wp-content\/uploads\/2019\/03\/Aquashine.jpg","type":"image\/jpeg"}],"twitter_card":"summary_large_image","twitter_misc":{"Tiempo de lectura":"2 minutos"},"schema":{"@context":"https:\/\/schema.org","@graph":[{"@type":"WebPage","@id":"https:\/\/mylipfiller.com\/aquashine-1x2ml\/","url":"https:\/\/mylipfiller.com\/aquashine-1x2ml\/","name":"Comprar Aquashine (1x2ml) - Rellenos de My Lip Filler","isPartOf":{"@id":"https:\/\/mylipfiller.com\/#website"},"primaryImageOfPage":{"@id":"https:\/\/mylipfiller.com\/aquashine-1x2ml\/#primaryimage"},"image":{"@id":"https:\/\/mylipfiller.com\/aquashine-1x2ml\/#primaryimage"},"thumbnailUrl":"https:\/\/cdn.mylipfiller.com\/wp-content\/uploads\/2019\/03\/Aquashine.jpg","datePublished":"2019-03-05T14:04:43+00:00","dateModified":"2026-01-09T08:29:58+00:00","description":"\u2765Compra Aquashine (1x2ml) \u23e9 Tienda online My Lip Filler \u27a6 Garant\u00eda de calidad, rese\u00f1as, ingredientes, \u00a1los mejores precios!","breadcrumb":{"@id":"https:\/\/mylipfiller.com\/aquashine-1x2ml\/#breadcrumb"},"inLanguage":"es","potentialAction":[{"@type":"ReadAction","target":["https:\/\/mylipfiller.com\/aquashine-1x2ml\/"]}]},{"@type":"ImageObject","inLanguage":"es","@id":"https:\/\/mylipfiller.com\/aquashine-1x2ml\/#primaryimage","url":"https:\/\/cdn.mylipfiller.com\/wp-content\/uploads\/2019\/03\/Aquashine.jpg","contentUrl":"https:\/\/cdn.mylipfiller.com\/wp-content\/uploads\/2019\/03\/Aquashine.jpg","width":500,"height":500,"caption":"Aquashine BR"},{"@type":"BreadcrumbList","@id":"https:\/\/mylipfiller.com\/aquashine-1x2ml\/#breadcrumb","itemListElement":[{"@type":"ListItem","position":1,"name":"Home","item":"https:\/\/mylipfiller.com\/"},{"@type":"ListItem","position":2,"name":"Shop","item":"https:\/\/mylipfiller.com\/shop\/"},{"@type":"ListItem","position":3,"name":"Aquashine (1x2ml)"}]},{"@type":"WebSite","@id":"https:\/\/mylipfiller.com\/#website","url":"https:\/\/mylipfiller.com\/","name":"Mi relleno de labios","description":"Rellenos d\u00e9rmicos y de labios con \u00e1cido hialur\u00f3nico","publisher":{"@id":"https:\/\/mylipfiller.com\/#organization"},"potentialAction":[{"@type":"SearchAction","target":{"@type":"EntryPoint","urlTemplate":"https:\/\/mylipfiller.com\/?s={search_term_string}"},"query-input":{"@type":"PropertyValueSpecification","valueRequired":true,"valueName":"search_term_string"}}],"inLanguage":"es"},{"@type":"Organization","@id":"https:\/\/mylipfiller.com\/#organization","name":"Mi relleno de labios","url":"https:\/\/mylipfiller.com\/","logo":{"@type":"ImageObject","inLanguage":"es","@id":"https:\/\/mylipfiller.com\/#\/schema\/logo\/image\/","url":"https:\/\/cdn.mylipfiller.com\/wp-content\/uploads\/2019\/02\/cropped-My-Lip-Filler-Logo.png","contentUrl":"https:\/\/cdn.mylipfiller.com\/wp-content\/uploads\/2019\/02\/cropped-My-Lip-Filler-Logo.png","width":240,"height":88,"caption":"My Lip Filler"},"image":{"@id":"https:\/\/mylipfiller.com\/#\/schema\/logo\/image\/"}}]}},"_links":{"self":[{"href":"https:\/\/mylipfiller.com\/es\/wp-json\/wp\/v2\/product\/573","targetHints":{"allow":["GET"]}}],"collection":[{"href":"https:\/\/mylipfiller.com\/es\/wp-json\/wp\/v2\/product"}],"about":[{"href":"https:\/\/mylipfiller.com\/es\/wp-json\/wp\/v2\/types\/product"}],"wp:featuredmedia":[{"embeddable":true,"href":"https:\/\/mylipfiller.com\/es\/wp-json\/wp\/v2\/media\/535"}],"wp:attachment":[{"href":"https:\/\/mylipfiller.com\/es\/wp-json\/wp\/v2\/media?parent=573"}],"wp:term":[{"taxonomy":"product_brand","embeddable":true,"href":"https:\/\/mylipfiller.com\/es\/wp-json\/wp\/v2\/product_brand?post=573"},{"taxonomy":"product_cat","embeddable":true,"href":"https:\/\/mylipfiller.com\/es\/wp-json\/wp\/v2\/product_cat?post=573"},{"taxonomy":"product_tag","embeddable":true,"href":"https:\/\/mylipfiller.com\/es\/wp-json\/wp\/v2\/product_tag?post=573"}],"curies":[{"name":"gracias","href":"https:\/\/api.w.org\/{rel}","templated":true}]}}