{"id":577,"date":"2019-03-05T16:06:20","date_gmt":"2019-03-05T14:06:20","guid":{"rendered":"https:\/\/mylipfiller.com\/?post_type=product&#038;p=577"},"modified":"2026-01-09T10:29:50","modified_gmt":"2026-01-09T08:29:50","slug":"aquashine-br-1x2ml","status":"publish","type":"product","link":"https:\/\/mylipfiller.com\/es\/aquashine-br-1x2ml\/","title":{"rendered":"Aquashine BR (1x2ml)"},"content":{"rendered":"<p>Los rellenos Revofil no son como los productos HA de otras marcas. En lugar de apuntar solo a la eliminaci\u00f3n de arrugas, ayudan con el rejuvenecimiento general de la piel. El gel inyectable combina una estructura monof\u00e1sica y bif\u00e1sica, lo que permite un relleno m\u00e1s estable, una vez inyectado. El fluir y el desplazamiento del gel inyectado no es un problema con Aquashine BR. En lo que respecta a la mesoterapia, el producto aporta a la piel una selecci\u00f3n de potentes ingredientes que tienen un efecto duradero en el bienestar de la piel y potencian las propiedades reconstituyentes naturales.<\/p>\n<h3>Areas de aplicaci\u00f3n<\/h3>\n<ul>\n<li>Varias partes de la cara<\/li>\n<li>Cuello<\/li>\n<li>\u00c1rea de escote<\/li>\n<\/ul>\n<p>Los rellenos siempre deben ser inyectados por un m\u00e9dico capacitado. Un curso de inyecci\u00f3n est\u00e1ndar incluye tres sesiones separadas de colocaci\u00f3n de relleno, normalmente separadas por un mes entre cada una.<\/p>\n<p>En esencia, BR es el producto base de Aquashine, pero con efecto amplificado y algunas propiedades adicionales. Como se mencion\u00f3, tiene un efecto notable sobre el tono de la piel. El relleno Aquashine BR se puede utilizar para tratar la p\u00e9rdida del color de la piel o los problemas de pigmentaci\u00f3n, as\u00ed como para ayudar a los pacientes con pecas. M\u00e1s all\u00e1 de eso, este es el mismo gel HA de alta calidad para inyecci\u00f3n y esculpido facial, con la misma concentraci\u00f3n de 15 mg \/ ml de \u00e1cido hialur\u00f3nico. El relleno mejorar\u00e1 los niveles de humedad en la piel y le proporcionar\u00e1 nutrientes como una ventaja adicional.<\/p>\n<p>A diferencia de otras marcas, Aquashine introducir\u00e1 una colecci\u00f3n de vitaminas, p\u00e9ptidos, coenzimas y una selecci\u00f3n de minerales y amino\u00e1cidos en la piel. Esto proporciona un efecto duelo de un mejor rejuvenecimiento de la piel y una eliminaci\u00f3n de arrugas m\u00e1s eficaz con el relleno.<\/p>","protected":false},"excerpt":{"rendered":"<p>Aquashine BR es un innovador relleno d\u00e9rmico, con efectos que van m\u00e1s all\u00e1 del gel de \u00e1cido hialur\u00f3nico est\u00e1ndar. Sus poderosas propiedades de mesoterapia ayudar\u00e1n a la piel del paciente no solo a deshacerse de las arrugas y l\u00edneas de expresi\u00f3n, sino que tambi\u00e9n dar\u00e1n como resultado notables mejoras en el tono y el color de la piel, mejorando el aspecto general. El relleno d\u00e9rmico contiene HA y un complejo de otros ingredientes que brindar\u00e1n un poderoso efecto anti-edad.<\/p>","protected":false},"featured_media":72,"template":"","meta":{"_acf_changed":false},"product_brand":[],"product_cat":[158,96,20,32],"product_tag":[91,144,125,111,126,151,117,146,137,119,148,127],"class_list":{"0":"post-577","1":"product","2":"type-product","3":"status-publish","4":"has-post-thumbnail","6":"product_cat-caregen","7":"product_cat-revofil","8":"product_cat-aquashine","9":"product_cat-soft","10":"product_tag-91","11":"product_tag-anti-wrinkle","12":"product_tag-crows-feet","13":"product_tag-face","14":"product_tag-fine-lines","15":"product_tag-hyaluronic-acid-ha-fillers","16":"product_tag-low-density","17":"product_tag-smoothing","18":"product_tag-south-korea","19":"product_tag-up-to-9-months","20":"product_tag-upper-dermis","21":"product_tag-wrinkles-around-the-eyes","23":"first","24":"instock","25":"taxable","26":"shipping-taxable","27":"purchasable","28":"product-type-simple"},"acf":[],"yoast_head":"<!-- This site is optimized with the Yoast SEO plugin v27.2 - https:\/\/yoast.com\/product\/yoast-seo-wordpress\/ -->\n<title>Buy Aquashine BR (1x2ml) - Fillers from My Lip Filler<\/title>\n<meta name=\"description\" content=\"\u2765Buy Aquashine BR (1x2ml) \u23e9 My Lip Filler online store \u27a6 Quality assurance, reviews, ingredients, best prices!\" \/>\n<meta name=\"robots\" content=\"index, follow, max-snippet:-1, max-image-preview:large, max-video-preview:-1\" \/>\n<link rel=\"canonical\" href=\"https:\/\/mylipfiller.com\/es\/aquashine-br-1x2ml\/\" \/>\n<meta property=\"og:locale\" content=\"es_MX\" \/>\n<meta property=\"og:type\" content=\"article\" \/>\n<meta property=\"og:title\" content=\"Buy Aquashine BR (1x2ml) - Fillers from My Lip Filler\" \/>\n<meta property=\"og:description\" content=\"\u2765Buy Aquashine BR (1x2ml) \u23e9 My Lip Filler online store \u27a6 Quality assurance, reviews, ingredients, best prices!\" \/>\n<meta property=\"og:url\" content=\"https:\/\/mylipfiller.com\/es\/aquashine-br-1x2ml\/\" \/>\n<meta property=\"og:site_name\" content=\"My Lip Filler\" \/>\n<meta property=\"article:modified_time\" content=\"2026-01-09T08:29:50+00:00\" \/>\n<meta property=\"og:image\" content=\"https:\/\/cdn.mylipfiller.com\/wp-content\/uploads\/2019\/02\/Aquashine-BR.jpg\" \/>\n\t<meta property=\"og:image:width\" content=\"500\" \/>\n\t<meta property=\"og:image:height\" content=\"500\" \/>\n\t<meta property=\"og:image:type\" content=\"image\/jpeg\" \/>\n<meta name=\"twitter:card\" content=\"summary_large_image\" \/>\n<meta name=\"twitter:label1\" content=\"Tiempo de lectura\" \/>\n\t<meta name=\"twitter:data1\" content=\"2 minutos\" \/>\n<script type=\"application\/ld+json\" class=\"yoast-schema-graph\">{\"@context\":\"https:\/\/schema.org\",\"@graph\":[{\"@type\":\"WebPage\",\"@id\":\"https:\/\/mylipfiller.com\/aquashine-br-1x2ml\/\",\"url\":\"https:\/\/mylipfiller.com\/aquashine-br-1x2ml\/\",\"name\":\"Buy Aquashine BR (1x2ml) - Fillers from My Lip Filler\",\"isPartOf\":{\"@id\":\"https:\/\/mylipfiller.com\/#website\"},\"primaryImageOfPage\":{\"@id\":\"https:\/\/mylipfiller.com\/aquashine-br-1x2ml\/#primaryimage\"},\"image\":{\"@id\":\"https:\/\/mylipfiller.com\/aquashine-br-1x2ml\/#primaryimage\"},\"thumbnailUrl\":\"https:\/\/cdn.mylipfiller.com\/wp-content\/uploads\/2019\/02\/Aquashine-BR.jpg\",\"datePublished\":\"2019-03-05T14:06:20+00:00\",\"dateModified\":\"2026-01-09T08:29:50+00:00\",\"description\":\"\u2765Buy Aquashine BR (1x2ml) \u23e9 My Lip Filler online store \u27a6 Quality assurance, reviews, ingredients, best prices!\",\"breadcrumb\":{\"@id\":\"https:\/\/mylipfiller.com\/aquashine-br-1x2ml\/#breadcrumb\"},\"inLanguage\":\"es\",\"potentialAction\":[{\"@type\":\"ReadAction\",\"target\":[\"https:\/\/mylipfiller.com\/aquashine-br-1x2ml\/\"]}]},{\"@type\":\"ImageObject\",\"inLanguage\":\"es\",\"@id\":\"https:\/\/mylipfiller.com\/aquashine-br-1x2ml\/#primaryimage\",\"url\":\"https:\/\/cdn.mylipfiller.com\/wp-content\/uploads\/2019\/02\/Aquashine-BR.jpg\",\"contentUrl\":\"https:\/\/cdn.mylipfiller.com\/wp-content\/uploads\/2019\/02\/Aquashine-BR.jpg\",\"width\":500,\"height\":500,\"caption\":\"Revofil Aquashine\"},{\"@type\":\"BreadcrumbList\",\"@id\":\"https:\/\/mylipfiller.com\/aquashine-br-1x2ml\/#breadcrumb\",\"itemListElement\":[{\"@type\":\"ListItem\",\"position\":1,\"name\":\"Home\",\"item\":\"https:\/\/mylipfiller.com\/\"},{\"@type\":\"ListItem\",\"position\":2,\"name\":\"Shop\",\"item\":\"https:\/\/mylipfiller.com\/shop\/\"},{\"@type\":\"ListItem\",\"position\":3,\"name\":\"Aquashine BR (1x2ml)\"}]},{\"@type\":\"WebSite\",\"@id\":\"https:\/\/mylipfiller.com\/#website\",\"url\":\"https:\/\/mylipfiller.com\/\",\"name\":\"My Lip Filler\",\"description\":\"Hyaluronic Acid Lip and Dermal Fillers\",\"publisher\":{\"@id\":\"https:\/\/mylipfiller.com\/#organization\"},\"potentialAction\":[{\"@type\":\"SearchAction\",\"target\":{\"@type\":\"EntryPoint\",\"urlTemplate\":\"https:\/\/mylipfiller.com\/?s={search_term_string}\"},\"query-input\":{\"@type\":\"PropertyValueSpecification\",\"valueRequired\":true,\"valueName\":\"search_term_string\"}}],\"inLanguage\":\"es\"},{\"@type\":\"Organization\",\"@id\":\"https:\/\/mylipfiller.com\/#organization\",\"name\":\"My Lip Filler\",\"url\":\"https:\/\/mylipfiller.com\/\",\"logo\":{\"@type\":\"ImageObject\",\"inLanguage\":\"es\",\"@id\":\"https:\/\/mylipfiller.com\/#\/schema\/logo\/image\/\",\"url\":\"https:\/\/cdn.mylipfiller.com\/wp-content\/uploads\/2019\/02\/cropped-My-Lip-Filler-Logo.png\",\"contentUrl\":\"https:\/\/cdn.mylipfiller.com\/wp-content\/uploads\/2019\/02\/cropped-My-Lip-Filler-Logo.png\",\"width\":240,\"height\":88,\"caption\":\"My Lip Filler\"},\"image\":{\"@id\":\"https:\/\/mylipfiller.com\/#\/schema\/logo\/image\/\"}}]}<\/script>\n<!-- \/ Yoast SEO plugin. -->","yoast_head_json":{"title":"Comprar Aquashine BR (1x2ml) - Rellenos de My Lip Filler","description":"\u2765Compra Aquashine BR (1x2ml) \u23e9 Tienda online My Lip Filler \u27a6 Garant\u00eda de calidad, rese\u00f1as, ingredientes, \u00a1los mejores precios!","robots":{"index":"index","follow":"follow","max-snippet":"max-snippet:-1","max-image-preview":"max-image-preview:large","max-video-preview":"max-video-preview:-1"},"canonical":"https:\/\/mylipfiller.com\/es\/aquashine-br-1x2ml\/","og_locale":"es_MX","og_type":"article","og_title":"Buy Aquashine BR (1x2ml) - Fillers from My Lip Filler","og_description":"\u2765Buy Aquashine BR (1x2ml) \u23e9 My Lip Filler online store \u27a6 Quality assurance, reviews, ingredients, best prices!","og_url":"https:\/\/mylipfiller.com\/es\/aquashine-br-1x2ml\/","og_site_name":"My Lip Filler","article_modified_time":"2026-01-09T08:29:50+00:00","og_image":[{"width":500,"height":500,"url":"https:\/\/cdn.mylipfiller.com\/wp-content\/uploads\/2019\/02\/Aquashine-BR.jpg","type":"image\/jpeg"}],"twitter_card":"summary_large_image","twitter_misc":{"Tiempo de lectura":"2 minutos"},"schema":{"@context":"https:\/\/schema.org","@graph":[{"@type":"WebPage","@id":"https:\/\/mylipfiller.com\/aquashine-br-1x2ml\/","url":"https:\/\/mylipfiller.com\/aquashine-br-1x2ml\/","name":"Comprar Aquashine BR (1x2ml) - Rellenos de My Lip Filler","isPartOf":{"@id":"https:\/\/mylipfiller.com\/#website"},"primaryImageOfPage":{"@id":"https:\/\/mylipfiller.com\/aquashine-br-1x2ml\/#primaryimage"},"image":{"@id":"https:\/\/mylipfiller.com\/aquashine-br-1x2ml\/#primaryimage"},"thumbnailUrl":"https:\/\/cdn.mylipfiller.com\/wp-content\/uploads\/2019\/02\/Aquashine-BR.jpg","datePublished":"2019-03-05T14:06:20+00:00","dateModified":"2026-01-09T08:29:50+00:00","description":"\u2765Compra Aquashine BR (1x2ml) \u23e9 Tienda online My Lip Filler \u27a6 Garant\u00eda de calidad, rese\u00f1as, ingredientes, \u00a1los mejores precios!","breadcrumb":{"@id":"https:\/\/mylipfiller.com\/aquashine-br-1x2ml\/#breadcrumb"},"inLanguage":"es","potentialAction":[{"@type":"ReadAction","target":["https:\/\/mylipfiller.com\/aquashine-br-1x2ml\/"]}]},{"@type":"ImageObject","inLanguage":"es","@id":"https:\/\/mylipfiller.com\/aquashine-br-1x2ml\/#primaryimage","url":"https:\/\/cdn.mylipfiller.com\/wp-content\/uploads\/2019\/02\/Aquashine-BR.jpg","contentUrl":"https:\/\/cdn.mylipfiller.com\/wp-content\/uploads\/2019\/02\/Aquashine-BR.jpg","width":500,"height":500,"caption":"Revofil Aquashine"},{"@type":"BreadcrumbList","@id":"https:\/\/mylipfiller.com\/aquashine-br-1x2ml\/#breadcrumb","itemListElement":[{"@type":"ListItem","position":1,"name":"Home","item":"https:\/\/mylipfiller.com\/"},{"@type":"ListItem","position":2,"name":"Shop","item":"https:\/\/mylipfiller.com\/shop\/"},{"@type":"ListItem","position":3,"name":"Aquashine BR (1x2ml)"}]},{"@type":"WebSite","@id":"https:\/\/mylipfiller.com\/#website","url":"https:\/\/mylipfiller.com\/","name":"Mi relleno de labios","description":"Rellenos d\u00e9rmicos y de labios con \u00e1cido hialur\u00f3nico","publisher":{"@id":"https:\/\/mylipfiller.com\/#organization"},"potentialAction":[{"@type":"SearchAction","target":{"@type":"EntryPoint","urlTemplate":"https:\/\/mylipfiller.com\/?s={search_term_string}"},"query-input":{"@type":"PropertyValueSpecification","valueRequired":true,"valueName":"search_term_string"}}],"inLanguage":"es"},{"@type":"Organization","@id":"https:\/\/mylipfiller.com\/#organization","name":"Mi relleno de labios","url":"https:\/\/mylipfiller.com\/","logo":{"@type":"ImageObject","inLanguage":"es","@id":"https:\/\/mylipfiller.com\/#\/schema\/logo\/image\/","url":"https:\/\/cdn.mylipfiller.com\/wp-content\/uploads\/2019\/02\/cropped-My-Lip-Filler-Logo.png","contentUrl":"https:\/\/cdn.mylipfiller.com\/wp-content\/uploads\/2019\/02\/cropped-My-Lip-Filler-Logo.png","width":240,"height":88,"caption":"My Lip Filler"},"image":{"@id":"https:\/\/mylipfiller.com\/#\/schema\/logo\/image\/"}}]}},"_links":{"self":[{"href":"https:\/\/mylipfiller.com\/es\/wp-json\/wp\/v2\/product\/577","targetHints":{"allow":["GET"]}}],"collection":[{"href":"https:\/\/mylipfiller.com\/es\/wp-json\/wp\/v2\/product"}],"about":[{"href":"https:\/\/mylipfiller.com\/es\/wp-json\/wp\/v2\/types\/product"}],"wp:featuredmedia":[{"embeddable":true,"href":"https:\/\/mylipfiller.com\/es\/wp-json\/wp\/v2\/media\/72"}],"wp:attachment":[{"href":"https:\/\/mylipfiller.com\/es\/wp-json\/wp\/v2\/media?parent=577"}],"wp:term":[{"taxonomy":"product_brand","embeddable":true,"href":"https:\/\/mylipfiller.com\/es\/wp-json\/wp\/v2\/product_brand?post=577"},{"taxonomy":"product_cat","embeddable":true,"href":"https:\/\/mylipfiller.com\/es\/wp-json\/wp\/v2\/product_cat?post=577"},{"taxonomy":"product_tag","embeddable":true,"href":"https:\/\/mylipfiller.com\/es\/wp-json\/wp\/v2\/product_tag?post=577"}],"curies":[{"name":"gracias","href":"https:\/\/api.w.org\/{rel}","templated":true}]}}