{"id":578,"date":"2019-03-05T16:08:09","date_gmt":"2019-03-05T14:08:09","guid":{"rendered":"https:\/\/mylipfiller.com\/?post_type=product&#038;p=578"},"modified":"2025-10-21T10:15:21","modified_gmt":"2025-10-21T08:15:21","slug":"dermaheal-hl-10-vials-x-5ml","status":"publish","type":"product","link":"https:\/\/mylipfiller.com\/es\/dermaheal-hl-10-vials-x-5ml\/","title":{"rendered":"Dermaheal HL (10 viales x 5ml)"},"content":{"rendered":"<p>Dermaheal HL es un producto de mesoterapia muy eficaz, que proporciona un efecto positivo general sobre el cabello y el cuero cabelludo. M\u00e1s all\u00e1 de la prevenci\u00f3n de la ca\u00edda del cabello, estimula activamente el crecimiento de cabello nuevo. La inyecci\u00f3n del producto meso da como resultado una mayor tasa de crecimiento del cabello, un cabello m\u00e1s fuerte, m\u00e1s sano y m\u00e1s grueso. HL mejorar\u00e1 la hidrataci\u00f3n del cuero cabelludo y su circulaci\u00f3n sangu\u00ednea, ayudando con problemas secundarios como la caspa.<\/p>\n<h3>El proceso de tratamiento<\/h3>\n<p>Si bien es una soluci\u00f3n cosm\u00e9tica, Dermaheal HL, como la mayor\u00eda de los productos de mesoterapia de este tipo, solo debe ser aplicado por un m\u00e9dico profesional capacitado. El uso del producto incluye la inyecci\u00f3n estrat\u00e9gica de \u00e1reas afectadas por el proceso de p\u00e9rdida justa, con el fin de revertirlas.<\/p>\n<p>Una sola sesi\u00f3n es cuesti\u00f3n de menos de media hora, en la que se utiliza una fina aguja para inyectar la soluci\u00f3n de mesoterapia. El procedimiento no es doloroso y solo implica un nivel menor de malestar.<\/p>\n<p>La fase de inyecci\u00f3n inicial es de tres sesiones de administraci\u00f3n de Dermaheal HL en el lapso de una sola semana, despu\u00e9s de lo cual el m\u00e9dico debe determinar el programa posterior de inyecciones de mesoterapia, con el fin de obtener los mejores y m\u00e1s duraderos resultados. Si bien los resultados var\u00edan de un paciente a otro, en promedio, un mes y medio despu\u00e9s de la primera sesi\u00f3n los resultados ser\u00e1n m\u00e1s visibles.<\/p>\n<h3>Ingredientes<\/h3>\n<ul>\n<li>Minerales<\/li>\n<li>Vitaminas<\/li>\n<li>P\u00e9ptidos<\/li>\n<li>Enzimas<\/li>\n<li>Amino\u00e1cidos<\/li>\n<\/ul>\n<p>Es uno de los productos de mesoterapia m\u00e1s seguros del mercado, sin agentes nocivos ni t\u00f3xicos. A menos que un paciente sea al\u00e9rgico a un ingrediente en particular, Dermaheal HL es completamente inofensivo.<\/p>","protected":false},"excerpt":{"rendered":"<p>La mesoterapia es probablemente una de las ramas m\u00e1s vers\u00e1tiles de la industria cosm\u00e9tica. Los productos Meso tienen un amplio campo de aplicaci\u00f3n. Como prueba de ello, Dermaheal HL toma el poder de las vitaminas y factores de crecimiento beneficiosos, combinados con vitaminas y amino\u00e1cidos, y ofrece una soluci\u00f3n poderosa para prevenir y revertir la ca\u00edda del cabello.<\/p>","protected":false},"featured_media":536,"template":"","meta":{"_acf_changed":false},"product_brand":[],"product_cat":[89,158,21,18],"product_tag":[91,150,145,137,149],"class_list":{"0":"post-578","1":"product","2":"type-product","3":"status-publish","4":"has-post-thumbnail","6":"product_cat-big-holiday-sale","7":"product_cat-caregen","8":"product_cat-dermaheal","9":"product_cat-mesotherapy","10":"product_tag-91","11":"product_tag-mesococktails","12":"product_tag-nourishing","13":"product_tag-south-korea","14":"product_tag-volume-5-ml","16":"first","17":"instock","18":"sale","19":"taxable","20":"shipping-taxable","21":"purchasable","22":"product-type-simple"},"acf":[],"yoast_head":"<!-- This site is optimized with the Yoast SEO plugin v27.3 - https:\/\/yoast.com\/product\/yoast-seo-wordpress\/ -->\n<title>Buy Dermaheal HL (10 vials x 5ml) - Fillers from My Lip Filler<\/title>\n<meta name=\"description\" content=\"\u2765Buy Dermaheal HL (10 vials x 5ml) \u23e9 My Lip Filler online store \u27a6 Quality assurance, reviews, ingredients, best prices!\" \/>\n<meta name=\"robots\" content=\"index, follow, max-snippet:-1, max-image-preview:large, max-video-preview:-1\" \/>\n<link rel=\"canonical\" href=\"https:\/\/mylipfiller.com\/es\/dermaheal-hl-10-vials-x-5ml\/\" \/>\n<meta property=\"og:locale\" content=\"es_MX\" \/>\n<meta property=\"og:type\" content=\"article\" \/>\n<meta property=\"og:title\" content=\"Buy Dermaheal HL (10 vials x 5ml) - Fillers from My Lip Filler\" \/>\n<meta property=\"og:description\" content=\"\u2765Buy Dermaheal HL (10 vials x 5ml) \u23e9 My Lip Filler online store \u27a6 Quality assurance, reviews, ingredients, best prices!\" \/>\n<meta property=\"og:url\" content=\"https:\/\/mylipfiller.com\/es\/dermaheal-hl-10-vials-x-5ml\/\" \/>\n<meta property=\"og:site_name\" content=\"My Lip Filler\" \/>\n<meta property=\"article:modified_time\" content=\"2025-10-21T08:15:21+00:00\" \/>\n<meta property=\"og:image\" content=\"https:\/\/cdn.mylipfiller.com\/wp-content\/uploads\/2019\/03\/Dermaheal-HL.jpg\" \/>\n\t<meta property=\"og:image:width\" content=\"500\" \/>\n\t<meta property=\"og:image:height\" content=\"500\" \/>\n\t<meta property=\"og:image:type\" content=\"image\/jpeg\" \/>\n<meta name=\"twitter:card\" content=\"summary_large_image\" \/>\n<meta name=\"twitter:label1\" content=\"Tiempo de lectura\" \/>\n\t<meta name=\"twitter:data1\" content=\"2 minutos\" \/>\n<script type=\"application\/ld+json\" class=\"yoast-schema-graph\">{\"@context\":\"https:\\\/\\\/schema.org\",\"@graph\":[{\"@type\":\"WebPage\",\"@id\":\"https:\\\/\\\/mylipfiller.com\\\/dermaheal-hl-10-vials-x-5ml\\\/\",\"url\":\"https:\\\/\\\/mylipfiller.com\\\/dermaheal-hl-10-vials-x-5ml\\\/\",\"name\":\"Buy Dermaheal HL (10 vials x 5ml) - Fillers from My Lip Filler\",\"isPartOf\":{\"@id\":\"https:\\\/\\\/mylipfiller.com\\\/#website\"},\"primaryImageOfPage\":{\"@id\":\"https:\\\/\\\/mylipfiller.com\\\/dermaheal-hl-10-vials-x-5ml\\\/#primaryimage\"},\"image\":{\"@id\":\"https:\\\/\\\/mylipfiller.com\\\/dermaheal-hl-10-vials-x-5ml\\\/#primaryimage\"},\"thumbnailUrl\":\"https:\\\/\\\/mylipfiller.com\\\/wp-content\\\/uploads\\\/2019\\\/03\\\/Dermaheal-HL.jpg\",\"datePublished\":\"2019-03-05T14:08:09+00:00\",\"dateModified\":\"2025-10-21T08:15:21+00:00\",\"description\":\"\u2765Buy Dermaheal HL (10 vials x 5ml) \u23e9 My Lip Filler online store \u27a6 Quality assurance, reviews, ingredients, best prices!\",\"breadcrumb\":{\"@id\":\"https:\\\/\\\/mylipfiller.com\\\/dermaheal-hl-10-vials-x-5ml\\\/#breadcrumb\"},\"inLanguage\":\"es\",\"potentialAction\":[{\"@type\":\"ReadAction\",\"target\":[\"https:\\\/\\\/mylipfiller.com\\\/dermaheal-hl-10-vials-x-5ml\\\/\"]}]},{\"@type\":\"ImageObject\",\"inLanguage\":\"es\",\"@id\":\"https:\\\/\\\/mylipfiller.com\\\/dermaheal-hl-10-vials-x-5ml\\\/#primaryimage\",\"url\":\"https:\\\/\\\/mylipfiller.com\\\/wp-content\\\/uploads\\\/2019\\\/03\\\/Dermaheal-HL.jpg\",\"contentUrl\":\"https:\\\/\\\/mylipfiller.com\\\/wp-content\\\/uploads\\\/2019\\\/03\\\/Dermaheal-HL.jpg\",\"width\":500,\"height\":500,\"caption\":\"Dermaheal HL\"},{\"@type\":\"BreadcrumbList\",\"@id\":\"https:\\\/\\\/mylipfiller.com\\\/dermaheal-hl-10-vials-x-5ml\\\/#breadcrumb\",\"itemListElement\":[{\"@type\":\"ListItem\",\"position\":1,\"name\":\"Home\",\"item\":\"https:\\\/\\\/mylipfiller.com\\\/\"},{\"@type\":\"ListItem\",\"position\":2,\"name\":\"Shop\",\"item\":\"https:\\\/\\\/mylipfiller.com\\\/shop\\\/\"},{\"@type\":\"ListItem\",\"position\":3,\"name\":\"Dermaheal HL (10 vials x 5ml)\"}]},{\"@type\":\"WebSite\",\"@id\":\"https:\\\/\\\/mylipfiller.com\\\/#website\",\"url\":\"https:\\\/\\\/mylipfiller.com\\\/\",\"name\":\"My Lip Filler\",\"description\":\"Hyaluronic Acid Lip and Dermal Fillers\",\"publisher\":{\"@id\":\"https:\\\/\\\/mylipfiller.com\\\/#organization\"},\"potentialAction\":[{\"@type\":\"SearchAction\",\"target\":{\"@type\":\"EntryPoint\",\"urlTemplate\":\"https:\\\/\\\/mylipfiller.com\\\/?s={search_term_string}\"},\"query-input\":{\"@type\":\"PropertyValueSpecification\",\"valueRequired\":true,\"valueName\":\"search_term_string\"}}],\"inLanguage\":\"es\"},{\"@type\":\"Organization\",\"@id\":\"https:\\\/\\\/mylipfiller.com\\\/#organization\",\"name\":\"My Lip Filler\",\"url\":\"https:\\\/\\\/mylipfiller.com\\\/\",\"logo\":{\"@type\":\"ImageObject\",\"inLanguage\":\"es\",\"@id\":\"https:\\\/\\\/mylipfiller.com\\\/#\\\/schema\\\/logo\\\/image\\\/\",\"url\":\"https:\\\/\\\/mylipfiller.com\\\/wp-content\\\/uploads\\\/2019\\\/02\\\/cropped-My-Lip-Filler-Logo.png\",\"contentUrl\":\"https:\\\/\\\/mylipfiller.com\\\/wp-content\\\/uploads\\\/2019\\\/02\\\/cropped-My-Lip-Filler-Logo.png\",\"width\":240,\"height\":88,\"caption\":\"My Lip Filler\"},\"image\":{\"@id\":\"https:\\\/\\\/mylipfiller.com\\\/#\\\/schema\\\/logo\\\/image\\\/\"}}]}<\/script>\n<!-- \/ Yoast SEO plugin. -->","yoast_head_json":{"title":"Comprar Dermaheal HL (10 viales x 5ml) - Rellenos de My Lip Filler","description":"\u2765Compra Dermaheal HL (10 viales x 5ml) \u23e9 Tienda online My Lip Filler \u27a6 Garant\u00eda de calidad, rese\u00f1as, ingredientes, \u00a1los mejores precios!","robots":{"index":"index","follow":"follow","max-snippet":"max-snippet:-1","max-image-preview":"max-image-preview:large","max-video-preview":"max-video-preview:-1"},"canonical":"https:\/\/mylipfiller.com\/es\/dermaheal-hl-10-vials-x-5ml\/","og_locale":"es_MX","og_type":"article","og_title":"Buy Dermaheal HL (10 vials x 5ml) - Fillers from My Lip Filler","og_description":"\u2765Buy Dermaheal HL (10 vials x 5ml) \u23e9 My Lip Filler online store \u27a6 Quality assurance, reviews, ingredients, best prices!","og_url":"https:\/\/mylipfiller.com\/es\/dermaheal-hl-10-vials-x-5ml\/","og_site_name":"My Lip Filler","article_modified_time":"2025-10-21T08:15:21+00:00","og_image":[{"width":500,"height":500,"url":"https:\/\/cdn.mylipfiller.com\/wp-content\/uploads\/2019\/03\/Dermaheal-HL.jpg","type":"image\/jpeg"}],"twitter_card":"summary_large_image","twitter_misc":{"Tiempo de lectura":"2 minutos"},"schema":{"@context":"https:\/\/schema.org","@graph":[{"@type":"WebPage","@id":"https:\/\/mylipfiller.com\/dermaheal-hl-10-vials-x-5ml\/","url":"https:\/\/mylipfiller.com\/dermaheal-hl-10-vials-x-5ml\/","name":"Comprar Dermaheal HL (10 viales x 5ml) - Rellenos de My Lip Filler","isPartOf":{"@id":"https:\/\/mylipfiller.com\/#website"},"primaryImageOfPage":{"@id":"https:\/\/mylipfiller.com\/dermaheal-hl-10-vials-x-5ml\/#primaryimage"},"image":{"@id":"https:\/\/mylipfiller.com\/dermaheal-hl-10-vials-x-5ml\/#primaryimage"},"thumbnailUrl":"https:\/\/cdn.mylipfiller.com\/wp-content\/uploads\/2019\/03\/Dermaheal-HL.jpg","datePublished":"2019-03-05T14:08:09+00:00","dateModified":"2025-10-21T08:15:21+00:00","description":"\u2765Compra Dermaheal HL (10 viales x 5ml) \u23e9 Tienda online My Lip Filler \u27a6 Garant\u00eda de calidad, rese\u00f1as, ingredientes, \u00a1los mejores precios!","breadcrumb":{"@id":"https:\/\/mylipfiller.com\/dermaheal-hl-10-vials-x-5ml\/#breadcrumb"},"inLanguage":"es","potentialAction":[{"@type":"ReadAction","target":["https:\/\/mylipfiller.com\/dermaheal-hl-10-vials-x-5ml\/"]}]},{"@type":"ImageObject","inLanguage":"es","@id":"https:\/\/mylipfiller.com\/dermaheal-hl-10-vials-x-5ml\/#primaryimage","url":"https:\/\/cdn.mylipfiller.com\/wp-content\/uploads\/2019\/03\/Dermaheal-HL.jpg","contentUrl":"https:\/\/cdn.mylipfiller.com\/wp-content\/uploads\/2019\/03\/Dermaheal-HL.jpg","width":500,"height":500,"caption":"Dermaheal HL"},{"@type":"BreadcrumbList","@id":"https:\/\/mylipfiller.com\/dermaheal-hl-10-vials-x-5ml\/#breadcrumb","itemListElement":[{"@type":"ListItem","position":1,"name":"Home","item":"https:\/\/mylipfiller.com\/"},{"@type":"ListItem","position":2,"name":"Shop","item":"https:\/\/mylipfiller.com\/shop\/"},{"@type":"ListItem","position":3,"name":"Dermaheal HL (10 vials x 5ml)"}]},{"@type":"WebSite","@id":"https:\/\/mylipfiller.com\/#website","url":"https:\/\/mylipfiller.com\/","name":"Mi relleno de labios","description":"Rellenos d\u00e9rmicos y de labios con \u00e1cido hialur\u00f3nico","publisher":{"@id":"https:\/\/mylipfiller.com\/#organization"},"potentialAction":[{"@type":"SearchAction","target":{"@type":"EntryPoint","urlTemplate":"https:\/\/mylipfiller.com\/?s={search_term_string}"},"query-input":{"@type":"PropertyValueSpecification","valueRequired":true,"valueName":"search_term_string"}}],"inLanguage":"es"},{"@type":"Organization","@id":"https:\/\/mylipfiller.com\/#organization","name":"Mi relleno de labios","url":"https:\/\/mylipfiller.com\/","logo":{"@type":"ImageObject","inLanguage":"es","@id":"https:\/\/mylipfiller.com\/#\/schema\/logo\/image\/","url":"https:\/\/cdn.mylipfiller.com\/wp-content\/uploads\/2019\/02\/cropped-My-Lip-Filler-Logo.png","contentUrl":"https:\/\/cdn.mylipfiller.com\/wp-content\/uploads\/2019\/02\/cropped-My-Lip-Filler-Logo.png","width":240,"height":88,"caption":"My Lip Filler"},"image":{"@id":"https:\/\/mylipfiller.com\/#\/schema\/logo\/image\/"}}]}},"_links":{"self":[{"href":"https:\/\/mylipfiller.com\/es\/wp-json\/wp\/v2\/product\/578","targetHints":{"allow":["GET"]}}],"collection":[{"href":"https:\/\/mylipfiller.com\/es\/wp-json\/wp\/v2\/product"}],"about":[{"href":"https:\/\/mylipfiller.com\/es\/wp-json\/wp\/v2\/types\/product"}],"wp:featuredmedia":[{"embeddable":true,"href":"https:\/\/mylipfiller.com\/es\/wp-json\/wp\/v2\/media\/536"}],"wp:attachment":[{"href":"https:\/\/mylipfiller.com\/es\/wp-json\/wp\/v2\/media?parent=578"}],"wp:term":[{"taxonomy":"product_brand","embeddable":true,"href":"https:\/\/mylipfiller.com\/es\/wp-json\/wp\/v2\/product_brand?post=578"},{"taxonomy":"product_cat","embeddable":true,"href":"https:\/\/mylipfiller.com\/es\/wp-json\/wp\/v2\/product_cat?post=578"},{"taxonomy":"product_tag","embeddable":true,"href":"https:\/\/mylipfiller.com\/es\/wp-json\/wp\/v2\/product_tag?post=578"}],"curies":[{"name":"gracias","href":"https:\/\/api.w.org\/{rel}","templated":true}]}}