{"id":579,"date":"2019-03-05T16:09:15","date_gmt":"2019-03-05T14:09:15","guid":{"rendered":"https:\/\/mylipfiller.com\/?post_type=product&#038;p=579"},"modified":"2025-10-21T10:15:21","modified_gmt":"2025-10-21T08:15:21","slug":"dermaheal-hsr-10-vials-x-5ml","status":"publish","type":"product","link":"https:\/\/mylipfiller.com\/es\/dermaheal-hsr-10-vials-x-5ml\/","title":{"rendered":"Dermaheal HSR (10 viales x 5ml)"},"content":{"rendered":"<p>El enfoque principal de este producto de mesoterapia anti-edad es tratar la piel envejecida y da\u00f1ada. Con la ayuda del \u00e1cido hialur\u00f3nico, Dermaheal HSR ayudar\u00e1 a que la piel arrugada, seca y \u00e1spera se recupere a s\u00ed misma potenciando las propiedades naturales de autorrejuvenecimiento. Adem\u00e1s, la piel se hidratar\u00e1 eficazmente y retendr\u00e1 los niveles necesarios de hidrataci\u00f3n.<\/p>\n<h3>\u00bfCu\u00e1les son los efectos?<\/h3>\n<ul>\n<li>Hidrataci\u00f3n mejorada de la piel.<\/li>\n<li>Estimulaci\u00f3n de la s\u00edntesis de ECM<\/li>\n<li>Desaparici\u00f3n de l\u00edneas finas.<\/li>\n<li>Piel m\u00e1s suave y saludable<\/li>\n<li>Mayor producci\u00f3n de col\u00e1geno.<\/li>\n<li>Mejora la elasticidad de la piel.<\/li>\n<\/ul>\n<p>Cuando se administra correctamente, Dermaheal HSR devolver\u00e1 el aspecto juvenil general del paciente y evitar\u00e1 complicaciones adicionales relacionadas con el envejecimiento y la piel da\u00f1ada.<\/p>\n<h3>Tratamiento de mesoterapia<\/h3>\n<p>El uso de la mesoterapia Dermaheal HSR es un proceso, m\u00e1s que un procedimiento de inyecci\u00f3n \u00fanica. Como fase inicial, al paciente se le inyectar\u00e1 la soluci\u00f3n meso una vez a la semana, con un solo vial, inyectado en una variedad de \u00e1reas. El procedimiento se repite hasta que se utiliza todo el paquete de diez viales. El m\u00e9dico debe determinar despu\u00e9s de qu\u00e9 per\u00edodo se requerir\u00e1n nuevas inyecciones para mantener la mejor condici\u00f3n posible de la piel. Una sola sesi\u00f3n dura menos de media hora, implica solo una peque\u00f1a molestia y no hay tiempo de inactividad.<\/p>","protected":false},"excerpt":{"rendered":"<p>El \u00e1cido hialur\u00f3nico es una sustancia que se encuentra naturalmente en el cuerpo humano y que ha sido utilizada por la industria de la belleza por sus m\u00faltiples propiedades beneficiosas. Dermaheal HSR lleva el poder de HA a la mesoterapia para un rejuvenecimiento de la piel completo y altamente efectivo. Ayuda a la piel a restaurar sus niveles naturales de hidrataci\u00f3n, ayuda a eliminar las l\u00edneas finas y las arrugas y potencia las propiedades autocurativas naturales de la piel envejecida.<\/p>","protected":false},"featured_media":537,"template":"","meta":{"_acf_changed":false},"product_brand":[],"product_cat":[89,158,21,18],"product_tag":[91,138,111,150,147,129,145,143,139,137,149],"class_list":{"0":"post-579","1":"product","2":"type-product","3":"status-publish","4":"has-post-thumbnail","6":"product_cat-big-holiday-sale","7":"product_cat-caregen","8":"product_cat-dermaheal","9":"product_cat-mesotherapy","10":"product_tag-91","11":"product_tag-anti-aging","12":"product_tag-face","13":"product_tag-mesococktails","14":"product_tag-moisturizing","15":"product_tag-neck-wrinkles","16":"product_tag-nourishing","17":"product_tag-rejuvenating","18":"product_tag-restoration","19":"product_tag-south-korea","20":"product_tag-volume-5-ml","22":"first","23":"instock","24":"sale","25":"taxable","26":"shipping-taxable","27":"purchasable","28":"product-type-simple"},"acf":[],"yoast_head":"<!-- This site is optimized with the Yoast SEO plugin v27.4 - https:\/\/yoast.com\/product\/yoast-seo-wordpress\/ -->\n<title>Buy Dermaheal HSR (10 vials x 5ml) - Fillers from My Lip Filler<\/title>\n<meta name=\"description\" content=\"\u2765Buy Dermaheal HSR (10 vials x 5ml) \u23e9 My Lip Filler online store \u27a6 Quality assurance, reviews, ingredients, best prices!\" \/>\n<meta name=\"robots\" content=\"index, follow, max-snippet:-1, max-image-preview:large, max-video-preview:-1\" \/>\n<link rel=\"canonical\" href=\"https:\/\/mylipfiller.com\/es\/dermaheal-hsr-10-vials-x-5ml\/\" \/>\n<meta property=\"og:locale\" content=\"es_MX\" \/>\n<meta property=\"og:type\" content=\"article\" \/>\n<meta property=\"og:title\" content=\"Buy Dermaheal HSR (10 vials x 5ml) - Fillers from My Lip Filler\" \/>\n<meta property=\"og:description\" content=\"\u2765Buy Dermaheal HSR (10 vials x 5ml) \u23e9 My Lip Filler online store \u27a6 Quality assurance, reviews, ingredients, best prices!\" \/>\n<meta property=\"og:url\" content=\"https:\/\/mylipfiller.com\/es\/dermaheal-hsr-10-vials-x-5ml\/\" \/>\n<meta property=\"og:site_name\" content=\"My Lip Filler\" \/>\n<meta property=\"article:modified_time\" content=\"2025-10-21T08:15:21+00:00\" \/>\n<meta property=\"og:image\" content=\"https:\/\/cdn.mylipfiller.com\/wp-content\/uploads\/2019\/03\/Dermaheal-HSR.jpg\" \/>\n\t<meta property=\"og:image:width\" content=\"500\" \/>\n\t<meta property=\"og:image:height\" content=\"500\" \/>\n\t<meta property=\"og:image:type\" content=\"image\/jpeg\" \/>\n<meta name=\"twitter:card\" content=\"summary_large_image\" \/>\n<meta name=\"twitter:label1\" content=\"Tiempo de lectura\" \/>\n\t<meta name=\"twitter:data1\" content=\"2 minutos\" \/>\n<script type=\"application\/ld+json\" class=\"yoast-schema-graph\">{\"@context\":\"https:\\\/\\\/schema.org\",\"@graph\":[{\"@type\":\"WebPage\",\"@id\":\"https:\\\/\\\/mylipfiller.com\\\/dermaheal-hsr-10-vials-x-5ml\\\/\",\"url\":\"https:\\\/\\\/mylipfiller.com\\\/dermaheal-hsr-10-vials-x-5ml\\\/\",\"name\":\"Buy Dermaheal HSR (10 vials x 5ml) - Fillers from My Lip Filler\",\"isPartOf\":{\"@id\":\"https:\\\/\\\/mylipfiller.com\\\/#website\"},\"primaryImageOfPage\":{\"@id\":\"https:\\\/\\\/mylipfiller.com\\\/dermaheal-hsr-10-vials-x-5ml\\\/#primaryimage\"},\"image\":{\"@id\":\"https:\\\/\\\/mylipfiller.com\\\/dermaheal-hsr-10-vials-x-5ml\\\/#primaryimage\"},\"thumbnailUrl\":\"https:\\\/\\\/mylipfiller.com\\\/wp-content\\\/uploads\\\/2019\\\/03\\\/Dermaheal-HSR.jpg\",\"datePublished\":\"2019-03-05T14:09:15+00:00\",\"dateModified\":\"2025-10-21T08:15:21+00:00\",\"description\":\"\u2765Buy Dermaheal HSR (10 vials x 5ml) \u23e9 My Lip Filler online store \u27a6 Quality assurance, reviews, ingredients, best prices!\",\"breadcrumb\":{\"@id\":\"https:\\\/\\\/mylipfiller.com\\\/dermaheal-hsr-10-vials-x-5ml\\\/#breadcrumb\"},\"inLanguage\":\"es\",\"potentialAction\":[{\"@type\":\"ReadAction\",\"target\":[\"https:\\\/\\\/mylipfiller.com\\\/dermaheal-hsr-10-vials-x-5ml\\\/\"]}]},{\"@type\":\"ImageObject\",\"inLanguage\":\"es\",\"@id\":\"https:\\\/\\\/mylipfiller.com\\\/dermaheal-hsr-10-vials-x-5ml\\\/#primaryimage\",\"url\":\"https:\\\/\\\/mylipfiller.com\\\/wp-content\\\/uploads\\\/2019\\\/03\\\/Dermaheal-HSR.jpg\",\"contentUrl\":\"https:\\\/\\\/mylipfiller.com\\\/wp-content\\\/uploads\\\/2019\\\/03\\\/Dermaheal-HSR.jpg\",\"width\":500,\"height\":500,\"caption\":\"Dermaheal HSR\"},{\"@type\":\"BreadcrumbList\",\"@id\":\"https:\\\/\\\/mylipfiller.com\\\/dermaheal-hsr-10-vials-x-5ml\\\/#breadcrumb\",\"itemListElement\":[{\"@type\":\"ListItem\",\"position\":1,\"name\":\"Home\",\"item\":\"https:\\\/\\\/mylipfiller.com\\\/\"},{\"@type\":\"ListItem\",\"position\":2,\"name\":\"Shop\",\"item\":\"https:\\\/\\\/mylipfiller.com\\\/shop\\\/\"},{\"@type\":\"ListItem\",\"position\":3,\"name\":\"Dermaheal HSR (10 vials x 5ml)\"}]},{\"@type\":\"WebSite\",\"@id\":\"https:\\\/\\\/mylipfiller.com\\\/#website\",\"url\":\"https:\\\/\\\/mylipfiller.com\\\/\",\"name\":\"My Lip Filler\",\"description\":\"Hyaluronic Acid Lip and Dermal Fillers\",\"publisher\":{\"@id\":\"https:\\\/\\\/mylipfiller.com\\\/#organization\"},\"potentialAction\":[{\"@type\":\"SearchAction\",\"target\":{\"@type\":\"EntryPoint\",\"urlTemplate\":\"https:\\\/\\\/mylipfiller.com\\\/?s={search_term_string}\"},\"query-input\":{\"@type\":\"PropertyValueSpecification\",\"valueRequired\":true,\"valueName\":\"search_term_string\"}}],\"inLanguage\":\"es\"},{\"@type\":\"Organization\",\"@id\":\"https:\\\/\\\/mylipfiller.com\\\/#organization\",\"name\":\"My Lip Filler\",\"url\":\"https:\\\/\\\/mylipfiller.com\\\/\",\"logo\":{\"@type\":\"ImageObject\",\"inLanguage\":\"es\",\"@id\":\"https:\\\/\\\/mylipfiller.com\\\/#\\\/schema\\\/logo\\\/image\\\/\",\"url\":\"https:\\\/\\\/mylipfiller.com\\\/wp-content\\\/uploads\\\/2019\\\/02\\\/cropped-My-Lip-Filler-Logo.png\",\"contentUrl\":\"https:\\\/\\\/mylipfiller.com\\\/wp-content\\\/uploads\\\/2019\\\/02\\\/cropped-My-Lip-Filler-Logo.png\",\"width\":240,\"height\":88,\"caption\":\"My Lip Filler\"},\"image\":{\"@id\":\"https:\\\/\\\/mylipfiller.com\\\/#\\\/schema\\\/logo\\\/image\\\/\"}}]}<\/script>\n<!-- \/ Yoast SEO plugin. -->","yoast_head_json":{"title":"Comprar Dermaheal HSR (10 viales x 5ml) - Rellenos de My Lip Filler","description":"\u2765Compra Dermaheal HSR (10 viales x 5ml) \u23e9 Tienda online My Lip Filler \u27a6 Garant\u00eda de calidad, rese\u00f1as, ingredientes, \u00a1los mejores precios!","robots":{"index":"index","follow":"follow","max-snippet":"max-snippet:-1","max-image-preview":"max-image-preview:large","max-video-preview":"max-video-preview:-1"},"canonical":"https:\/\/mylipfiller.com\/es\/dermaheal-hsr-10-vials-x-5ml\/","og_locale":"es_MX","og_type":"article","og_title":"Buy Dermaheal HSR (10 vials x 5ml) - Fillers from My Lip Filler","og_description":"\u2765Buy Dermaheal HSR (10 vials x 5ml) \u23e9 My Lip Filler online store \u27a6 Quality assurance, reviews, ingredients, best prices!","og_url":"https:\/\/mylipfiller.com\/es\/dermaheal-hsr-10-vials-x-5ml\/","og_site_name":"My Lip Filler","article_modified_time":"2025-10-21T08:15:21+00:00","og_image":[{"width":500,"height":500,"url":"https:\/\/cdn.mylipfiller.com\/wp-content\/uploads\/2019\/03\/Dermaheal-HSR.jpg","type":"image\/jpeg"}],"twitter_card":"summary_large_image","twitter_misc":{"Tiempo de lectura":"2 minutos"},"schema":{"@context":"https:\/\/schema.org","@graph":[{"@type":"WebPage","@id":"https:\/\/mylipfiller.com\/dermaheal-hsr-10-vials-x-5ml\/","url":"https:\/\/mylipfiller.com\/dermaheal-hsr-10-vials-x-5ml\/","name":"Comprar Dermaheal HSR (10 viales x 5ml) - Rellenos de My Lip Filler","isPartOf":{"@id":"https:\/\/mylipfiller.com\/#website"},"primaryImageOfPage":{"@id":"https:\/\/mylipfiller.com\/dermaheal-hsr-10-vials-x-5ml\/#primaryimage"},"image":{"@id":"https:\/\/mylipfiller.com\/dermaheal-hsr-10-vials-x-5ml\/#primaryimage"},"thumbnailUrl":"https:\/\/cdn.mylipfiller.com\/wp-content\/uploads\/2019\/03\/Dermaheal-HSR.jpg","datePublished":"2019-03-05T14:09:15+00:00","dateModified":"2025-10-21T08:15:21+00:00","description":"\u2765Compra Dermaheal HSR (10 viales x 5ml) \u23e9 Tienda online My Lip Filler \u27a6 Garant\u00eda de calidad, rese\u00f1as, ingredientes, \u00a1los mejores precios!","breadcrumb":{"@id":"https:\/\/mylipfiller.com\/dermaheal-hsr-10-vials-x-5ml\/#breadcrumb"},"inLanguage":"es","potentialAction":[{"@type":"ReadAction","target":["https:\/\/mylipfiller.com\/dermaheal-hsr-10-vials-x-5ml\/"]}]},{"@type":"ImageObject","inLanguage":"es","@id":"https:\/\/mylipfiller.com\/dermaheal-hsr-10-vials-x-5ml\/#primaryimage","url":"https:\/\/cdn.mylipfiller.com\/wp-content\/uploads\/2019\/03\/Dermaheal-HSR.jpg","contentUrl":"https:\/\/cdn.mylipfiller.com\/wp-content\/uploads\/2019\/03\/Dermaheal-HSR.jpg","width":500,"height":500,"caption":"Dermaheal HSR"},{"@type":"BreadcrumbList","@id":"https:\/\/mylipfiller.com\/dermaheal-hsr-10-vials-x-5ml\/#breadcrumb","itemListElement":[{"@type":"ListItem","position":1,"name":"Home","item":"https:\/\/mylipfiller.com\/"},{"@type":"ListItem","position":2,"name":"Shop","item":"https:\/\/mylipfiller.com\/shop\/"},{"@type":"ListItem","position":3,"name":"Dermaheal HSR (10 vials x 5ml)"}]},{"@type":"WebSite","@id":"https:\/\/mylipfiller.com\/#website","url":"https:\/\/mylipfiller.com\/","name":"Mi relleno de labios","description":"Rellenos d\u00e9rmicos y de labios con \u00e1cido hialur\u00f3nico","publisher":{"@id":"https:\/\/mylipfiller.com\/#organization"},"potentialAction":[{"@type":"SearchAction","target":{"@type":"EntryPoint","urlTemplate":"https:\/\/mylipfiller.com\/?s={search_term_string}"},"query-input":{"@type":"PropertyValueSpecification","valueRequired":true,"valueName":"search_term_string"}}],"inLanguage":"es"},{"@type":"Organization","@id":"https:\/\/mylipfiller.com\/#organization","name":"Mi relleno de labios","url":"https:\/\/mylipfiller.com\/","logo":{"@type":"ImageObject","inLanguage":"es","@id":"https:\/\/mylipfiller.com\/#\/schema\/logo\/image\/","url":"https:\/\/cdn.mylipfiller.com\/wp-content\/uploads\/2019\/02\/cropped-My-Lip-Filler-Logo.png","contentUrl":"https:\/\/cdn.mylipfiller.com\/wp-content\/uploads\/2019\/02\/cropped-My-Lip-Filler-Logo.png","width":240,"height":88,"caption":"My Lip Filler"},"image":{"@id":"https:\/\/mylipfiller.com\/#\/schema\/logo\/image\/"}}]}},"_links":{"self":[{"href":"https:\/\/mylipfiller.com\/es\/wp-json\/wp\/v2\/product\/579","targetHints":{"allow":["GET"]}}],"collection":[{"href":"https:\/\/mylipfiller.com\/es\/wp-json\/wp\/v2\/product"}],"about":[{"href":"https:\/\/mylipfiller.com\/es\/wp-json\/wp\/v2\/types\/product"}],"wp:featuredmedia":[{"embeddable":true,"href":"https:\/\/mylipfiller.com\/es\/wp-json\/wp\/v2\/media\/537"}],"wp:attachment":[{"href":"https:\/\/mylipfiller.com\/es\/wp-json\/wp\/v2\/media?parent=579"}],"wp:term":[{"taxonomy":"product_brand","embeddable":true,"href":"https:\/\/mylipfiller.com\/es\/wp-json\/wp\/v2\/product_brand?post=579"},{"taxonomy":"product_cat","embeddable":true,"href":"https:\/\/mylipfiller.com\/es\/wp-json\/wp\/v2\/product_cat?post=579"},{"taxonomy":"product_tag","embeddable":true,"href":"https:\/\/mylipfiller.com\/es\/wp-json\/wp\/v2\/product_tag?post=579"}],"curies":[{"name":"gracias","href":"https:\/\/api.w.org\/{rel}","templated":true}]}}