{"id":580,"date":"2019-03-05T16:10:34","date_gmt":"2019-03-05T14:10:34","guid":{"rendered":"https:\/\/mylipfiller.com\/?post_type=product&#038;p=580"},"modified":"2025-10-21T10:15:21","modified_gmt":"2025-10-21T08:15:21","slug":"dermaheal-ll-10-vials-x-5ml","status":"publish","type":"product","link":"https:\/\/mylipfiller.com\/es\/dermaheal-ll-10-vials-x-5ml\/","title":{"rendered":"Dermaheal LL (10 viales x 5ml)"},"content":{"rendered":"<p>A diferencia de las soluciones tradicionales para la eliminaci\u00f3n de grasa, como la liposucci\u00f3n, por ejemplo, Dermaheal LL es un m\u00e9todo muy no invasivo para tratar los tejidos grasos no deseados. Mucho m\u00e1s seguro para el paciente, no hay tiempo de inactividad, ni cirug\u00eda, ni anestesia, ni riesgos. Si un paciente visita a su m\u00e9dico para recibir una inyecci\u00f3n de mesoterapia LL, puede continuar con su programa inmediatamente despu\u00e9s.<\/p>\n<p>El procedimiento de inyecci\u00f3n es bastante r\u00e1pido, generalmente entre 20 y 30 minutos, y se realiza solo una vez a la semana.<\/p>\n<h3>Resultados con Dermaheal que son f\u00e1ciles de ver y duran<\/h3>\n<p>El efecto de cualquier forma de mesoterapia depende en gran medida del propio paciente. El estilo de vida, el metabolismo y los factores ambientales tienen un efecto pronunciado en los resultados de cualquier tratamiento. Sin embargo, en promedio, un paciente debe esperar ver los efectos iniciales de recibir inyecciones de disoluci\u00f3n de grasa de Dermaheal LL despu\u00e9s de un mes.<\/p>\n<p>Este es un tratamiento complejo, en el sentido de que LL es un producto meso y de resoluci\u00f3n de grasas h\u00edbrido. El paciente perder\u00e1 los tejidos grasos no deseados en el \u00e1rea tratada, con los beneficios adicionales del rejuvenecimiento de la piel cuando se detiene la inyecci\u00f3n.<\/p>\n<h3>\u00bfD\u00f3nde se puede inyectar el producto Dermaheal?<\/h3>\n<p>Dermaheal LL ofrece versatilidad de la mano de m\u00e9dicos y especialistas en belleza. Al ser un inyectable y uno basado en ingredientes naturales seguros, se puede colocar f\u00e1cilmente en una variedad de \u00e1reas, incluso en lugares m\u00e1s dif\u00edciles de tratar con la cirug\u00eda pl\u00e1stica tradicional. Las zonas de posible inyecci\u00f3n incluyen:<\/p>\n<ul>\n<li>Las mejillas<\/li>\n<li>Barbilla<\/li>\n<li>Cuello<\/li>\n<li>Manos<\/li>\n<li>Espalda<\/li>\n<li>Caderas<\/li>\n<li>Muslos<\/li>\n<li>Abdomen<\/li>\n<\/ul>\n<p>Se esperan resultados duraderos, especialmente si se combinan con una dieta y ejercicio adecuados. Adem\u00e1s, se producir\u00e1 un notable proceso de rejuvenecimiento en la piel de las zonas tratadas, con mayores niveles de producci\u00f3n de col\u00e1geno y una hidrataci\u00f3n m\u00e1s nivelada. El resultado directo del uso de Dermaheal LL, adem\u00e1s de la lip\u00f3lisis, es el rejuvenecimiento general de la piel, con mayor suavidad y elasticidad.<\/p>","protected":false},"excerpt":{"rendered":"<p>Si bien la marca Dermaheal es m\u00e1s notable por sus soluciones de mesoterapia puras, LL ofrece algo un poco diferente. Este producto es &quot;la mesoterapia se une a las soluciones de resoluci\u00f3n de grasas&quot;, un producto meso a base de ingredientes naturales, que puede disolver eficazmente los tejidos grasos y la celulitis, de forma segura, sin depender de agentes peligrosos o t\u00f3xicos. Dermaheal LL es la forma de mesoterapia para tratar el exceso de grasa.<\/p>","protected":false},"featured_media":538,"template":"","meta":{"_acf_changed":false},"product_brand":[],"product_cat":[158,21,18],"product_tag":[150,145,137,149],"class_list":{"0":"post-580","1":"product","2":"type-product","3":"status-publish","4":"has-post-thumbnail","6":"product_cat-caregen","7":"product_cat-dermaheal","8":"product_cat-mesotherapy","9":"product_tag-mesococktails","10":"product_tag-nourishing","11":"product_tag-south-korea","12":"product_tag-volume-5-ml","14":"first","15":"instock","16":"sale","17":"taxable","18":"shipping-taxable","19":"purchasable","20":"product-type-simple"},"acf":[],"yoast_head":"<!-- This site is optimized with the Yoast SEO plugin v27.3 - https:\/\/yoast.com\/product\/yoast-seo-wordpress\/ -->\n<title>Dermaeahl LL Fat Tissue Dissolving Lipo Product - My Lip Filler<\/title>\n<meta name=\"description\" content=\"\u2765Buy Dermaheal LL (10 vials x 5ml) \u23e9 My Lip Filler online store \u27a6 Quality assurance, reviews, ingredients, best prices!\" \/>\n<meta name=\"robots\" content=\"index, follow, max-snippet:-1, max-image-preview:large, max-video-preview:-1\" \/>\n<link rel=\"canonical\" href=\"https:\/\/mylipfiller.com\/es\/dermaheal-ll-10-vials-x-5ml\/\" \/>\n<meta property=\"og:locale\" content=\"es_MX\" \/>\n<meta property=\"og:type\" content=\"article\" \/>\n<meta property=\"og:title\" content=\"Dermaeahl LL Fat Tissue Dissolving Lipo Product - My Lip Filler\" \/>\n<meta property=\"og:description\" content=\"\u2765Buy Dermaheal LL (10 vials x 5ml) \u23e9 My Lip Filler online store \u27a6 Quality assurance, reviews, ingredients, best prices!\" \/>\n<meta property=\"og:url\" content=\"https:\/\/mylipfiller.com\/es\/dermaheal-ll-10-vials-x-5ml\/\" \/>\n<meta property=\"og:site_name\" content=\"My Lip Filler\" \/>\n<meta property=\"article:modified_time\" content=\"2025-10-21T08:15:21+00:00\" \/>\n<meta property=\"og:image\" content=\"https:\/\/cdn.mylipfiller.com\/wp-content\/uploads\/2019\/03\/Dermaheal-LL.jpg\" \/>\n\t<meta property=\"og:image:width\" content=\"500\" \/>\n\t<meta property=\"og:image:height\" content=\"500\" \/>\n\t<meta property=\"og:image:type\" content=\"image\/jpeg\" \/>\n<meta name=\"twitter:card\" content=\"summary_large_image\" \/>\n<meta name=\"twitter:label1\" content=\"Tiempo de lectura\" \/>\n\t<meta name=\"twitter:data1\" content=\"2 minutos\" \/>\n<script type=\"application\/ld+json\" class=\"yoast-schema-graph\">{\"@context\":\"https:\\\/\\\/schema.org\",\"@graph\":[{\"@type\":\"WebPage\",\"@id\":\"https:\\\/\\\/mylipfiller.com\\\/dermaheal-ll-10-vials-x-5ml\\\/\",\"url\":\"https:\\\/\\\/mylipfiller.com\\\/dermaheal-ll-10-vials-x-5ml\\\/\",\"name\":\"Dermaeahl LL Fat Tissue Dissolving Lipo Product - My Lip Filler\",\"isPartOf\":{\"@id\":\"https:\\\/\\\/mylipfiller.com\\\/#website\"},\"primaryImageOfPage\":{\"@id\":\"https:\\\/\\\/mylipfiller.com\\\/dermaheal-ll-10-vials-x-5ml\\\/#primaryimage\"},\"image\":{\"@id\":\"https:\\\/\\\/mylipfiller.com\\\/dermaheal-ll-10-vials-x-5ml\\\/#primaryimage\"},\"thumbnailUrl\":\"https:\\\/\\\/mylipfiller.com\\\/wp-content\\\/uploads\\\/2019\\\/03\\\/Dermaheal-LL.jpg\",\"datePublished\":\"2019-03-05T14:10:34+00:00\",\"dateModified\":\"2025-10-21T08:15:21+00:00\",\"description\":\"\u2765Buy Dermaheal LL (10 vials x 5ml) \u23e9 My Lip Filler online store \u27a6 Quality assurance, reviews, ingredients, best prices!\",\"breadcrumb\":{\"@id\":\"https:\\\/\\\/mylipfiller.com\\\/dermaheal-ll-10-vials-x-5ml\\\/#breadcrumb\"},\"inLanguage\":\"es\",\"potentialAction\":[{\"@type\":\"ReadAction\",\"target\":[\"https:\\\/\\\/mylipfiller.com\\\/dermaheal-ll-10-vials-x-5ml\\\/\"]}]},{\"@type\":\"ImageObject\",\"inLanguage\":\"es\",\"@id\":\"https:\\\/\\\/mylipfiller.com\\\/dermaheal-ll-10-vials-x-5ml\\\/#primaryimage\",\"url\":\"https:\\\/\\\/mylipfiller.com\\\/wp-content\\\/uploads\\\/2019\\\/03\\\/Dermaheal-LL.jpg\",\"contentUrl\":\"https:\\\/\\\/mylipfiller.com\\\/wp-content\\\/uploads\\\/2019\\\/03\\\/Dermaheal-LL.jpg\",\"width\":500,\"height\":500,\"caption\":\"Dermaheal LL\"},{\"@type\":\"BreadcrumbList\",\"@id\":\"https:\\\/\\\/mylipfiller.com\\\/dermaheal-ll-10-vials-x-5ml\\\/#breadcrumb\",\"itemListElement\":[{\"@type\":\"ListItem\",\"position\":1,\"name\":\"Home\",\"item\":\"https:\\\/\\\/mylipfiller.com\\\/\"},{\"@type\":\"ListItem\",\"position\":2,\"name\":\"Shop\",\"item\":\"https:\\\/\\\/mylipfiller.com\\\/shop\\\/\"},{\"@type\":\"ListItem\",\"position\":3,\"name\":\"Dermaheal LL (10 vials x 5ml)\"}]},{\"@type\":\"WebSite\",\"@id\":\"https:\\\/\\\/mylipfiller.com\\\/#website\",\"url\":\"https:\\\/\\\/mylipfiller.com\\\/\",\"name\":\"My Lip Filler\",\"description\":\"Hyaluronic Acid Lip and Dermal Fillers\",\"publisher\":{\"@id\":\"https:\\\/\\\/mylipfiller.com\\\/#organization\"},\"potentialAction\":[{\"@type\":\"SearchAction\",\"target\":{\"@type\":\"EntryPoint\",\"urlTemplate\":\"https:\\\/\\\/mylipfiller.com\\\/?s={search_term_string}\"},\"query-input\":{\"@type\":\"PropertyValueSpecification\",\"valueRequired\":true,\"valueName\":\"search_term_string\"}}],\"inLanguage\":\"es\"},{\"@type\":\"Organization\",\"@id\":\"https:\\\/\\\/mylipfiller.com\\\/#organization\",\"name\":\"My Lip Filler\",\"url\":\"https:\\\/\\\/mylipfiller.com\\\/\",\"logo\":{\"@type\":\"ImageObject\",\"inLanguage\":\"es\",\"@id\":\"https:\\\/\\\/mylipfiller.com\\\/#\\\/schema\\\/logo\\\/image\\\/\",\"url\":\"https:\\\/\\\/mylipfiller.com\\\/wp-content\\\/uploads\\\/2019\\\/02\\\/cropped-My-Lip-Filler-Logo.png\",\"contentUrl\":\"https:\\\/\\\/mylipfiller.com\\\/wp-content\\\/uploads\\\/2019\\\/02\\\/cropped-My-Lip-Filler-Logo.png\",\"width\":240,\"height\":88,\"caption\":\"My Lip Filler\"},\"image\":{\"@id\":\"https:\\\/\\\/mylipfiller.com\\\/#\\\/schema\\\/logo\\\/image\\\/\"}}]}<\/script>\n<!-- \/ Yoast SEO plugin. -->","yoast_head_json":{"title":"Dermaeahl LL Lipo para disolver tejido graso - My Lip Filler","description":"\u2765Compra Dermaheal LL (10 viales x 5ml) \u23e9 Tienda online My Lip Filler \u27a6 Garant\u00eda de calidad, rese\u00f1as, ingredientes, \u00a1los mejores precios!","robots":{"index":"index","follow":"follow","max-snippet":"max-snippet:-1","max-image-preview":"max-image-preview:large","max-video-preview":"max-video-preview:-1"},"canonical":"https:\/\/mylipfiller.com\/es\/dermaheal-ll-10-vials-x-5ml\/","og_locale":"es_MX","og_type":"article","og_title":"Dermaeahl LL Fat Tissue Dissolving Lipo Product - My Lip Filler","og_description":"\u2765Buy Dermaheal LL (10 vials x 5ml) \u23e9 My Lip Filler online store \u27a6 Quality assurance, reviews, ingredients, best prices!","og_url":"https:\/\/mylipfiller.com\/es\/dermaheal-ll-10-vials-x-5ml\/","og_site_name":"My Lip Filler","article_modified_time":"2025-10-21T08:15:21+00:00","og_image":[{"width":500,"height":500,"url":"https:\/\/cdn.mylipfiller.com\/wp-content\/uploads\/2019\/03\/Dermaheal-LL.jpg","type":"image\/jpeg"}],"twitter_card":"summary_large_image","twitter_misc":{"Tiempo de lectura":"2 minutos"},"schema":{"@context":"https:\/\/schema.org","@graph":[{"@type":"WebPage","@id":"https:\/\/mylipfiller.com\/dermaheal-ll-10-vials-x-5ml\/","url":"https:\/\/mylipfiller.com\/dermaheal-ll-10-vials-x-5ml\/","name":"Dermaeahl LL Lipo para disolver tejido graso - My Lip Filler","isPartOf":{"@id":"https:\/\/mylipfiller.com\/#website"},"primaryImageOfPage":{"@id":"https:\/\/mylipfiller.com\/dermaheal-ll-10-vials-x-5ml\/#primaryimage"},"image":{"@id":"https:\/\/mylipfiller.com\/dermaheal-ll-10-vials-x-5ml\/#primaryimage"},"thumbnailUrl":"https:\/\/cdn.mylipfiller.com\/wp-content\/uploads\/2019\/03\/Dermaheal-LL.jpg","datePublished":"2019-03-05T14:10:34+00:00","dateModified":"2025-10-21T08:15:21+00:00","description":"\u2765Compra Dermaheal LL (10 viales x 5ml) \u23e9 Tienda online My Lip Filler \u27a6 Garant\u00eda de calidad, rese\u00f1as, ingredientes, \u00a1los mejores precios!","breadcrumb":{"@id":"https:\/\/mylipfiller.com\/dermaheal-ll-10-vials-x-5ml\/#breadcrumb"},"inLanguage":"es","potentialAction":[{"@type":"ReadAction","target":["https:\/\/mylipfiller.com\/dermaheal-ll-10-vials-x-5ml\/"]}]},{"@type":"ImageObject","inLanguage":"es","@id":"https:\/\/mylipfiller.com\/dermaheal-ll-10-vials-x-5ml\/#primaryimage","url":"https:\/\/cdn.mylipfiller.com\/wp-content\/uploads\/2019\/03\/Dermaheal-LL.jpg","contentUrl":"https:\/\/cdn.mylipfiller.com\/wp-content\/uploads\/2019\/03\/Dermaheal-LL.jpg","width":500,"height":500,"caption":"Dermaheal LL"},{"@type":"BreadcrumbList","@id":"https:\/\/mylipfiller.com\/dermaheal-ll-10-vials-x-5ml\/#breadcrumb","itemListElement":[{"@type":"ListItem","position":1,"name":"Home","item":"https:\/\/mylipfiller.com\/"},{"@type":"ListItem","position":2,"name":"Shop","item":"https:\/\/mylipfiller.com\/shop\/"},{"@type":"ListItem","position":3,"name":"Dermaheal LL (10 vials x 5ml)"}]},{"@type":"WebSite","@id":"https:\/\/mylipfiller.com\/#website","url":"https:\/\/mylipfiller.com\/","name":"Mi relleno de labios","description":"Rellenos d\u00e9rmicos y de labios con \u00e1cido hialur\u00f3nico","publisher":{"@id":"https:\/\/mylipfiller.com\/#organization"},"potentialAction":[{"@type":"SearchAction","target":{"@type":"EntryPoint","urlTemplate":"https:\/\/mylipfiller.com\/?s={search_term_string}"},"query-input":{"@type":"PropertyValueSpecification","valueRequired":true,"valueName":"search_term_string"}}],"inLanguage":"es"},{"@type":"Organization","@id":"https:\/\/mylipfiller.com\/#organization","name":"Mi relleno de labios","url":"https:\/\/mylipfiller.com\/","logo":{"@type":"ImageObject","inLanguage":"es","@id":"https:\/\/mylipfiller.com\/#\/schema\/logo\/image\/","url":"https:\/\/cdn.mylipfiller.com\/wp-content\/uploads\/2019\/02\/cropped-My-Lip-Filler-Logo.png","contentUrl":"https:\/\/cdn.mylipfiller.com\/wp-content\/uploads\/2019\/02\/cropped-My-Lip-Filler-Logo.png","width":240,"height":88,"caption":"My Lip Filler"},"image":{"@id":"https:\/\/mylipfiller.com\/#\/schema\/logo\/image\/"}}]}},"_links":{"self":[{"href":"https:\/\/mylipfiller.com\/es\/wp-json\/wp\/v2\/product\/580","targetHints":{"allow":["GET"]}}],"collection":[{"href":"https:\/\/mylipfiller.com\/es\/wp-json\/wp\/v2\/product"}],"about":[{"href":"https:\/\/mylipfiller.com\/es\/wp-json\/wp\/v2\/types\/product"}],"wp:featuredmedia":[{"embeddable":true,"href":"https:\/\/mylipfiller.com\/es\/wp-json\/wp\/v2\/media\/538"}],"wp:attachment":[{"href":"https:\/\/mylipfiller.com\/es\/wp-json\/wp\/v2\/media?parent=580"}],"wp:term":[{"taxonomy":"product_brand","embeddable":true,"href":"https:\/\/mylipfiller.com\/es\/wp-json\/wp\/v2\/product_brand?post=580"},{"taxonomy":"product_cat","embeddable":true,"href":"https:\/\/mylipfiller.com\/es\/wp-json\/wp\/v2\/product_cat?post=580"},{"taxonomy":"product_tag","embeddable":true,"href":"https:\/\/mylipfiller.com\/es\/wp-json\/wp\/v2\/product_tag?post=580"}],"curies":[{"name":"gracias","href":"https:\/\/api.w.org\/{rel}","templated":true}]}}