{"id":581,"date":"2019-03-05T16:11:27","date_gmt":"2019-03-05T14:11:27","guid":{"rendered":"https:\/\/mylipfiller.com\/?post_type=product&#038;p=581"},"modified":"2024-03-13T14:50:56","modified_gmt":"2024-03-13T12:50:56","slug":"dermaheal-sb-10-vials-x-5ml","status":"publish","type":"product","link":"https:\/\/mylipfiller.com\/es\/dermaheal-sb-10-vials-x-5ml\/","title":{"rendered":"Dermaheal SB (10 viales x 5ml)"},"content":{"rendered":"<p>Pr\u00e1cticamente todas las personas enfrentan problemas de la piel y la hiperpigmentaci\u00f3n, en una de sus formas, probablemente se encuentre entre las 3 principales de las afecciones m\u00e1s extendidas. Debido a una variedad de factores como la edad, el medio ambiente o la gen\u00e9tica y el metabolismo, el cuerpo puede comenzar a producir niveles excesivos de melanina, lo que resulta en la aparici\u00f3n de parches de piel m\u00e1s oscuros en varias partes del cuerpo.<\/p>\n<p>El tratamiento con Dermaheal SB puede ayudar a abordar este problema, equilibrando la producci\u00f3n de melanina y devolvi\u00e9ndola a niveles normales. La soluci\u00f3n de mesoterapia revertir\u00e1 al menos algunos de los efectos de la hiperpigmentaci\u00f3n, eliminando las manchas oscuras de la piel y dando al paciente una resistencia mejorada y duradera a la hiperproducci\u00f3n de melanina.<\/p>\n<h3>\u00bfQui\u00e9n puede beneficiarse de Dermaheal SB?<\/h3>\n<ul>\n<li>Personas con piel envejecida y problemas relacionados con ella.<\/li>\n<li>Personas que padecen afecciones que causan hiperpigmentaci\u00f3n.<\/li>\n<li>Personas que se exponen con frecuencia al sol durante per\u00edodos prolongados<\/li>\n<li>Personas expuestas con frecuencia a la luz ultravioleta, como en los solariums, por ejemplo<\/li>\n<\/ul>\n<h3>Aplicaci\u00f3n de producto<\/h3>\n<p>Es necesario contar con un m\u00e9dico certificado para la inyecci\u00f3n de este producto de mesoterapia. La paciente debe asegurarse de que no es al\u00e9rgica a ninguno de los ingredientes de Demaheal SB, que no est\u00e1 embarazada o amamantando.<\/p>\n<p>Hay tres fases de administraci\u00f3n de la mesoterapia Dermaheal SB. Inicialmente, el paciente recibe una inyecci\u00f3n una vez a la semana durante cuatro semanas consecutivas, luego dos veces al mes y la etapa final es una visita para la inyecci\u00f3n una vez al mes.<\/p>","protected":false},"excerpt":{"rendered":"<p>Uno de los muchos problemas cosm\u00e9ticos que la mesoterapia puede resolver potencialmente son los cambios no deseados del tono y la pigmentaci\u00f3n de la piel, tambi\u00e9n conocido como hiperpigmentaci\u00f3n, tambi\u00e9n conocido como la aparici\u00f3n de manchas m\u00e1s oscuras en la piel. Con Dermaheal SB, los dermat\u00f3logos pueden tratar de manera f\u00e1cil (y segura) a los pacientes que padecen manchas en la piel por exposici\u00f3n al sol o luz ultravioleta, manchas m\u00e1s oscuras que aparecen en la piel debido a la edad o incluso algo tan simple como las pecas. Este producto de mesoterapia es un c\u00f3ctel de ingredientes naturales y potentes, entre los que se encuentran los p\u00e9ptidos biomim\u00e9ticos. Es una soluci\u00f3n segura garantizada para el tratamiento de la piel.<\/p>","protected":false},"featured_media":539,"template":"","meta":{"_acf_changed":false},"product_brand":[],"product_cat":[89,158,21,18],"product_tag":[91,150,145,137,149],"class_list":{"0":"post-581","1":"product","2":"type-product","3":"status-publish","4":"has-post-thumbnail","6":"product_cat-big-holiday-sale","7":"product_cat-caregen","8":"product_cat-dermaheal","9":"product_cat-mesotherapy","10":"product_tag-91","11":"product_tag-mesococktails","12":"product_tag-nourishing","13":"product_tag-south-korea","14":"product_tag-volume-5-ml","16":"first","17":"instock","18":"sale","19":"taxable","20":"shipping-taxable","21":"purchasable","22":"product-type-simple"},"acf":[],"yoast_head":"<!-- This site is optimized with the Yoast SEO plugin v27.4 - https:\/\/yoast.com\/product\/yoast-seo-wordpress\/ -->\n<title>Buy Dermaheal SB (10 vials x 5ml) - Fillers from My Lip Filler<\/title>\n<meta name=\"description\" content=\"\u2765Buy Dermaheal SB (10 vials x 5ml) \u23e9 My Lip Filler online store \u27a6 Quality assurance, reviews, ingredients, best prices!\" \/>\n<meta name=\"robots\" content=\"index, follow, max-snippet:-1, max-image-preview:large, max-video-preview:-1\" \/>\n<link rel=\"canonical\" href=\"https:\/\/mylipfiller.com\/es\/dermaheal-sb-10-vials-x-5ml\/\" \/>\n<meta property=\"og:locale\" content=\"es_MX\" \/>\n<meta property=\"og:type\" content=\"article\" \/>\n<meta property=\"og:title\" content=\"Buy Dermaheal SB (10 vials x 5ml) - Fillers from My Lip Filler\" \/>\n<meta property=\"og:description\" content=\"\u2765Buy Dermaheal SB (10 vials x 5ml) \u23e9 My Lip Filler online store \u27a6 Quality assurance, reviews, ingredients, best prices!\" \/>\n<meta property=\"og:url\" content=\"https:\/\/mylipfiller.com\/es\/dermaheal-sb-10-vials-x-5ml\/\" \/>\n<meta property=\"og:site_name\" content=\"My Lip Filler\" \/>\n<meta property=\"article:modified_time\" content=\"2024-03-13T12:50:56+00:00\" \/>\n<meta property=\"og:image\" content=\"https:\/\/cdn.mylipfiller.com\/wp-content\/uploads\/2019\/03\/Dermaheal-SB.jpg\" \/>\n\t<meta property=\"og:image:width\" content=\"500\" \/>\n\t<meta property=\"og:image:height\" content=\"500\" \/>\n\t<meta property=\"og:image:type\" content=\"image\/jpeg\" \/>\n<meta name=\"twitter:card\" content=\"summary_large_image\" \/>\n<meta name=\"twitter:label1\" content=\"Tiempo de lectura\" \/>\n\t<meta name=\"twitter:data1\" content=\"2 minutos\" \/>\n<script type=\"application\/ld+json\" class=\"yoast-schema-graph\">{\"@context\":\"https:\\\/\\\/schema.org\",\"@graph\":[{\"@type\":\"WebPage\",\"@id\":\"https:\\\/\\\/mylipfiller.com\\\/dermaheal-sb-10-vials-x-5ml\\\/\",\"url\":\"https:\\\/\\\/mylipfiller.com\\\/dermaheal-sb-10-vials-x-5ml\\\/\",\"name\":\"Buy Dermaheal SB (10 vials x 5ml) - Fillers from My Lip Filler\",\"isPartOf\":{\"@id\":\"https:\\\/\\\/mylipfiller.com\\\/#website\"},\"primaryImageOfPage\":{\"@id\":\"https:\\\/\\\/mylipfiller.com\\\/dermaheal-sb-10-vials-x-5ml\\\/#primaryimage\"},\"image\":{\"@id\":\"https:\\\/\\\/mylipfiller.com\\\/dermaheal-sb-10-vials-x-5ml\\\/#primaryimage\"},\"thumbnailUrl\":\"https:\\\/\\\/mylipfiller.com\\\/wp-content\\\/uploads\\\/2019\\\/03\\\/Dermaheal-SB.jpg\",\"datePublished\":\"2019-03-05T14:11:27+00:00\",\"dateModified\":\"2024-03-13T12:50:56+00:00\",\"description\":\"\u2765Buy Dermaheal SB (10 vials x 5ml) \u23e9 My Lip Filler online store \u27a6 Quality assurance, reviews, ingredients, best prices!\",\"breadcrumb\":{\"@id\":\"https:\\\/\\\/mylipfiller.com\\\/dermaheal-sb-10-vials-x-5ml\\\/#breadcrumb\"},\"inLanguage\":\"es\",\"potentialAction\":[{\"@type\":\"ReadAction\",\"target\":[\"https:\\\/\\\/mylipfiller.com\\\/dermaheal-sb-10-vials-x-5ml\\\/\"]}]},{\"@type\":\"ImageObject\",\"inLanguage\":\"es\",\"@id\":\"https:\\\/\\\/mylipfiller.com\\\/dermaheal-sb-10-vials-x-5ml\\\/#primaryimage\",\"url\":\"https:\\\/\\\/mylipfiller.com\\\/wp-content\\\/uploads\\\/2019\\\/03\\\/Dermaheal-SB.jpg\",\"contentUrl\":\"https:\\\/\\\/mylipfiller.com\\\/wp-content\\\/uploads\\\/2019\\\/03\\\/Dermaheal-SB.jpg\",\"width\":500,\"height\":500,\"caption\":\"Dermaheal SB\"},{\"@type\":\"BreadcrumbList\",\"@id\":\"https:\\\/\\\/mylipfiller.com\\\/dermaheal-sb-10-vials-x-5ml\\\/#breadcrumb\",\"itemListElement\":[{\"@type\":\"ListItem\",\"position\":1,\"name\":\"Home\",\"item\":\"https:\\\/\\\/mylipfiller.com\\\/\"},{\"@type\":\"ListItem\",\"position\":2,\"name\":\"Shop\",\"item\":\"https:\\\/\\\/mylipfiller.com\\\/shop\\\/\"},{\"@type\":\"ListItem\",\"position\":3,\"name\":\"Dermaheal SB (10 vials x 5ml)\"}]},{\"@type\":\"WebSite\",\"@id\":\"https:\\\/\\\/mylipfiller.com\\\/#website\",\"url\":\"https:\\\/\\\/mylipfiller.com\\\/\",\"name\":\"My Lip Filler\",\"description\":\"Hyaluronic Acid Lip and Dermal Fillers\",\"publisher\":{\"@id\":\"https:\\\/\\\/mylipfiller.com\\\/#organization\"},\"potentialAction\":[{\"@type\":\"SearchAction\",\"target\":{\"@type\":\"EntryPoint\",\"urlTemplate\":\"https:\\\/\\\/mylipfiller.com\\\/?s={search_term_string}\"},\"query-input\":{\"@type\":\"PropertyValueSpecification\",\"valueRequired\":true,\"valueName\":\"search_term_string\"}}],\"inLanguage\":\"es\"},{\"@type\":\"Organization\",\"@id\":\"https:\\\/\\\/mylipfiller.com\\\/#organization\",\"name\":\"My Lip Filler\",\"url\":\"https:\\\/\\\/mylipfiller.com\\\/\",\"logo\":{\"@type\":\"ImageObject\",\"inLanguage\":\"es\",\"@id\":\"https:\\\/\\\/mylipfiller.com\\\/#\\\/schema\\\/logo\\\/image\\\/\",\"url\":\"https:\\\/\\\/mylipfiller.com\\\/wp-content\\\/uploads\\\/2019\\\/02\\\/cropped-My-Lip-Filler-Logo.png\",\"contentUrl\":\"https:\\\/\\\/mylipfiller.com\\\/wp-content\\\/uploads\\\/2019\\\/02\\\/cropped-My-Lip-Filler-Logo.png\",\"width\":240,\"height\":88,\"caption\":\"My Lip Filler\"},\"image\":{\"@id\":\"https:\\\/\\\/mylipfiller.com\\\/#\\\/schema\\\/logo\\\/image\\\/\"}}]}<\/script>\n<!-- \/ Yoast SEO plugin. -->","yoast_head_json":{"title":"Compre Dermaheal SB (10 viales x 5 ml) - Rellenos de My Lip Filler","description":"\u2765Compra Dermaheal SB (10 viales x 5ml) \u23e9 Tienda online My Lip Filler \u27a6 Garant\u00eda de calidad, rese\u00f1as, ingredientes, \u00a1los mejores precios!","robots":{"index":"index","follow":"follow","max-snippet":"max-snippet:-1","max-image-preview":"max-image-preview:large","max-video-preview":"max-video-preview:-1"},"canonical":"https:\/\/mylipfiller.com\/es\/dermaheal-sb-10-vials-x-5ml\/","og_locale":"es_MX","og_type":"article","og_title":"Buy Dermaheal SB (10 vials x 5ml) - Fillers from My Lip Filler","og_description":"\u2765Buy Dermaheal SB (10 vials x 5ml) \u23e9 My Lip Filler online store \u27a6 Quality assurance, reviews, ingredients, best prices!","og_url":"https:\/\/mylipfiller.com\/es\/dermaheal-sb-10-vials-x-5ml\/","og_site_name":"My Lip Filler","article_modified_time":"2024-03-13T12:50:56+00:00","og_image":[{"width":500,"height":500,"url":"https:\/\/cdn.mylipfiller.com\/wp-content\/uploads\/2019\/03\/Dermaheal-SB.jpg","type":"image\/jpeg"}],"twitter_card":"summary_large_image","twitter_misc":{"Tiempo de lectura":"2 minutos"},"schema":{"@context":"https:\/\/schema.org","@graph":[{"@type":"WebPage","@id":"https:\/\/mylipfiller.com\/dermaheal-sb-10-vials-x-5ml\/","url":"https:\/\/mylipfiller.com\/dermaheal-sb-10-vials-x-5ml\/","name":"Compre Dermaheal SB (10 viales x 5 ml) - Rellenos de My Lip Filler","isPartOf":{"@id":"https:\/\/mylipfiller.com\/#website"},"primaryImageOfPage":{"@id":"https:\/\/mylipfiller.com\/dermaheal-sb-10-vials-x-5ml\/#primaryimage"},"image":{"@id":"https:\/\/mylipfiller.com\/dermaheal-sb-10-vials-x-5ml\/#primaryimage"},"thumbnailUrl":"https:\/\/cdn.mylipfiller.com\/wp-content\/uploads\/2019\/03\/Dermaheal-SB.jpg","datePublished":"2019-03-05T14:11:27+00:00","dateModified":"2024-03-13T12:50:56+00:00","description":"\u2765Compra Dermaheal SB (10 viales x 5ml) \u23e9 Tienda online My Lip Filler \u27a6 Garant\u00eda de calidad, rese\u00f1as, ingredientes, \u00a1los mejores precios!","breadcrumb":{"@id":"https:\/\/mylipfiller.com\/dermaheal-sb-10-vials-x-5ml\/#breadcrumb"},"inLanguage":"es","potentialAction":[{"@type":"ReadAction","target":["https:\/\/mylipfiller.com\/dermaheal-sb-10-vials-x-5ml\/"]}]},{"@type":"ImageObject","inLanguage":"es","@id":"https:\/\/mylipfiller.com\/dermaheal-sb-10-vials-x-5ml\/#primaryimage","url":"https:\/\/cdn.mylipfiller.com\/wp-content\/uploads\/2019\/03\/Dermaheal-SB.jpg","contentUrl":"https:\/\/cdn.mylipfiller.com\/wp-content\/uploads\/2019\/03\/Dermaheal-SB.jpg","width":500,"height":500,"caption":"Dermaheal SB"},{"@type":"BreadcrumbList","@id":"https:\/\/mylipfiller.com\/dermaheal-sb-10-vials-x-5ml\/#breadcrumb","itemListElement":[{"@type":"ListItem","position":1,"name":"Home","item":"https:\/\/mylipfiller.com\/"},{"@type":"ListItem","position":2,"name":"Shop","item":"https:\/\/mylipfiller.com\/shop\/"},{"@type":"ListItem","position":3,"name":"Dermaheal SB (10 vials x 5ml)"}]},{"@type":"WebSite","@id":"https:\/\/mylipfiller.com\/#website","url":"https:\/\/mylipfiller.com\/","name":"Mi relleno de labios","description":"Rellenos d\u00e9rmicos y de labios con \u00e1cido hialur\u00f3nico","publisher":{"@id":"https:\/\/mylipfiller.com\/#organization"},"potentialAction":[{"@type":"SearchAction","target":{"@type":"EntryPoint","urlTemplate":"https:\/\/mylipfiller.com\/?s={search_term_string}"},"query-input":{"@type":"PropertyValueSpecification","valueRequired":true,"valueName":"search_term_string"}}],"inLanguage":"es"},{"@type":"Organization","@id":"https:\/\/mylipfiller.com\/#organization","name":"Mi relleno de labios","url":"https:\/\/mylipfiller.com\/","logo":{"@type":"ImageObject","inLanguage":"es","@id":"https:\/\/mylipfiller.com\/#\/schema\/logo\/image\/","url":"https:\/\/cdn.mylipfiller.com\/wp-content\/uploads\/2019\/02\/cropped-My-Lip-Filler-Logo.png","contentUrl":"https:\/\/cdn.mylipfiller.com\/wp-content\/uploads\/2019\/02\/cropped-My-Lip-Filler-Logo.png","width":240,"height":88,"caption":"My Lip Filler"},"image":{"@id":"https:\/\/mylipfiller.com\/#\/schema\/logo\/image\/"}}]}},"_links":{"self":[{"href":"https:\/\/mylipfiller.com\/es\/wp-json\/wp\/v2\/product\/581","targetHints":{"allow":["GET"]}}],"collection":[{"href":"https:\/\/mylipfiller.com\/es\/wp-json\/wp\/v2\/product"}],"about":[{"href":"https:\/\/mylipfiller.com\/es\/wp-json\/wp\/v2\/types\/product"}],"wp:featuredmedia":[{"embeddable":true,"href":"https:\/\/mylipfiller.com\/es\/wp-json\/wp\/v2\/media\/539"}],"wp:attachment":[{"href":"https:\/\/mylipfiller.com\/es\/wp-json\/wp\/v2\/media?parent=581"}],"wp:term":[{"taxonomy":"product_brand","embeddable":true,"href":"https:\/\/mylipfiller.com\/es\/wp-json\/wp\/v2\/product_brand?post=581"},{"taxonomy":"product_cat","embeddable":true,"href":"https:\/\/mylipfiller.com\/es\/wp-json\/wp\/v2\/product_cat?post=581"},{"taxonomy":"product_tag","embeddable":true,"href":"https:\/\/mylipfiller.com\/es\/wp-json\/wp\/v2\/product_tag?post=581"}],"curies":[{"name":"gracias","href":"https:\/\/api.w.org\/{rel}","templated":true}]}}