{"id":582,"date":"2019-03-05T16:12:48","date_gmt":"2019-03-05T14:12:48","guid":{"rendered":"https:\/\/mylipfiller.com\/?post_type=product&#038;p=582"},"modified":"2025-10-21T10:15:21","modified_gmt":"2025-10-21T08:15:21","slug":"dermaheal-sr-10-vials-x-5ml","status":"publish","type":"product","link":"https:\/\/mylipfiller.com\/es\/dermaheal-sr-10-vials-x-5ml\/","title":{"rendered":"Dermaheal SR (10 viales x 5ml)"},"content":{"rendered":"<p>Uno de los principales atractivos de Dermaheal SR es que no contiene ingredientes nocivos, peligrosos o t\u00f3xicos. Por el contrario, esta soluci\u00f3n de mesoterapia deriva su poder de todas las sustancias naturales y beneficiosas. No hay efectos secundarios adversos o altamente desagradables, el procedimiento es casi indoloro y los resultados finales son notables. En tan solo unas semanas de administraci\u00f3n, la soluci\u00f3n meso proporcionar\u00e1 al paciente una piel m\u00e1s radiante y joven.<\/p>\n<h3>Refuerzo de la piel<\/h3>\n<p>Una vez que comienza el tratamiento, la piel del paciente pronto comenzar\u00e1 a producir niveles m\u00e1s altos de:<\/p>\n<ul>\n<li>Elastina<\/li>\n<li>Enzimas<\/li>\n<li>Col\u00e1geno<\/li>\n<\/ul>\n<p>Los resultados generales incluir\u00e1n la desaparici\u00f3n de arrugas y l\u00edneas m\u00e1s finas, el endurecimiento de los poros e incluso los pacientes que sufren de acn\u00e9 sentir\u00e1n un resultado positivo.<\/p>\n<h3>\u00bfPara qui\u00e9n es la mesoterapia?<\/h3>\n<p>Este es un producto elaborado para pacientes con piel envejecida y desgastada, as\u00ed como para personas que tienen acn\u00e9 o piel grasa y producci\u00f3n excesiva de sebo. En general, la mesoterapia cut\u00e1nea Dermaheal SR es segura, pero los pacientes deben asegurarse de que no son al\u00e9rgicos a ning\u00fan ingrediente en particular. Las contraindicaciones incluyen pacientes embarazadas, lactantes y aquellas que padecen una enfermedad autoinmune, especialmente una que afecta a la piel. Si bien la mesoterapia a menudo se combina con otras formas de tratamiento cosm\u00e9tico, este producto en particular no debe usarse en paralelo a la terapia con l\u00e1ser o el uso de peeling qu\u00edmico.<\/p>","protected":false},"excerpt":{"rendered":"<p>\u00bfPuede la mesoterapia ayudar con las arrugas y el envejecimiento de la piel? Usted apuesta. Dermaheal SR es uno de los productos de mesoterapia m\u00e1s potentes del mercado. Utilizando un c\u00f3ctel de ingredientes naturales, aumentar\u00e1 la autorregeneraci\u00f3n de la piel y ayudar\u00e1 a los pacientes a lidiar con las arrugas, las l\u00edneas de expresi\u00f3n y la piel fl\u00e1cida o \u00e1spera. Al aumentar la producci\u00f3n de col\u00e1geno y elastina en la piel, Dermaheal SR hace que los pacientes se vean m\u00e1s j\u00f3venes, devolviendo tersura y suavidad a la piel.<\/p>","protected":false},"featured_media":73,"template":"","meta":{"_acf_changed":false},"product_brand":[],"product_cat":[89,158,21,18],"product_tag":[91,138,111,150,147,129,145,143,139,137,149],"class_list":{"0":"post-582","1":"product","2":"type-product","3":"status-publish","4":"has-post-thumbnail","6":"product_cat-big-holiday-sale","7":"product_cat-caregen","8":"product_cat-dermaheal","9":"product_cat-mesotherapy","10":"product_tag-91","11":"product_tag-anti-aging","12":"product_tag-face","13":"product_tag-mesococktails","14":"product_tag-moisturizing","15":"product_tag-neck-wrinkles","16":"product_tag-nourishing","17":"product_tag-rejuvenating","18":"product_tag-restoration","19":"product_tag-south-korea","20":"product_tag-volume-5-ml","22":"first","23":"instock","24":"sale","25":"taxable","26":"shipping-taxable","27":"purchasable","28":"product-type-simple"},"acf":[],"yoast_head":"<!-- This site is optimized with the Yoast SEO plugin v27.2 - https:\/\/yoast.com\/product\/yoast-seo-wordpress\/ -->\n<title>Buy Dermaheal SR (10 vials x 5ml) - Fillers from My Lip Filler<\/title>\n<meta name=\"description\" content=\"\u2765Buy Dermaheal SR (10 vials x 5ml) \u23e9 My Lip Filler online store \u27a6 Quality assurance, reviews, ingredients, best prices!\" \/>\n<meta name=\"robots\" content=\"index, follow, max-snippet:-1, max-image-preview:large, max-video-preview:-1\" \/>\n<link rel=\"canonical\" href=\"https:\/\/mylipfiller.com\/es\/dermaheal-sr-10-vials-x-5ml\/\" \/>\n<meta property=\"og:locale\" content=\"es_MX\" \/>\n<meta property=\"og:type\" content=\"article\" \/>\n<meta property=\"og:title\" content=\"Buy Dermaheal SR (10 vials x 5ml) - Fillers from My Lip Filler\" \/>\n<meta property=\"og:description\" content=\"\u2765Buy Dermaheal SR (10 vials x 5ml) \u23e9 My Lip Filler online store \u27a6 Quality assurance, reviews, ingredients, best prices!\" \/>\n<meta property=\"og:url\" content=\"https:\/\/mylipfiller.com\/es\/dermaheal-sr-10-vials-x-5ml\/\" \/>\n<meta property=\"og:site_name\" content=\"My Lip Filler\" \/>\n<meta property=\"article:modified_time\" content=\"2025-10-21T08:15:21+00:00\" \/>\n<meta property=\"og:image\" content=\"https:\/\/cdn.mylipfiller.com\/wp-content\/uploads\/2019\/02\/Dermaheal-SR.jpg\" \/>\n\t<meta property=\"og:image:width\" content=\"500\" \/>\n\t<meta property=\"og:image:height\" content=\"500\" \/>\n\t<meta property=\"og:image:type\" content=\"image\/jpeg\" \/>\n<meta name=\"twitter:card\" content=\"summary_large_image\" \/>\n<meta name=\"twitter:label1\" content=\"Tiempo de lectura\" \/>\n\t<meta name=\"twitter:data1\" content=\"2 minutos\" \/>\n<script type=\"application\/ld+json\" class=\"yoast-schema-graph\">{\"@context\":\"https:\/\/schema.org\",\"@graph\":[{\"@type\":\"WebPage\",\"@id\":\"https:\/\/mylipfiller.com\/dermaheal-sr-10-vials-x-5ml\/\",\"url\":\"https:\/\/mylipfiller.com\/dermaheal-sr-10-vials-x-5ml\/\",\"name\":\"Buy Dermaheal SR (10 vials x 5ml) - Fillers from My Lip Filler\",\"isPartOf\":{\"@id\":\"https:\/\/mylipfiller.com\/#website\"},\"primaryImageOfPage\":{\"@id\":\"https:\/\/mylipfiller.com\/dermaheal-sr-10-vials-x-5ml\/#primaryimage\"},\"image\":{\"@id\":\"https:\/\/mylipfiller.com\/dermaheal-sr-10-vials-x-5ml\/#primaryimage\"},\"thumbnailUrl\":\"https:\/\/cdn.mylipfiller.com\/wp-content\/uploads\/2019\/02\/Dermaheal-SR.jpg\",\"datePublished\":\"2019-03-05T14:12:48+00:00\",\"dateModified\":\"2025-10-21T08:15:21+00:00\",\"description\":\"\u2765Buy Dermaheal SR (10 vials x 5ml) \u23e9 My Lip Filler online store \u27a6 Quality assurance, reviews, ingredients, best prices!\",\"breadcrumb\":{\"@id\":\"https:\/\/mylipfiller.com\/dermaheal-sr-10-vials-x-5ml\/#breadcrumb\"},\"inLanguage\":\"es\",\"potentialAction\":[{\"@type\":\"ReadAction\",\"target\":[\"https:\/\/mylipfiller.com\/dermaheal-sr-10-vials-x-5ml\/\"]}]},{\"@type\":\"ImageObject\",\"inLanguage\":\"es\",\"@id\":\"https:\/\/mylipfiller.com\/dermaheal-sr-10-vials-x-5ml\/#primaryimage\",\"url\":\"https:\/\/cdn.mylipfiller.com\/wp-content\/uploads\/2019\/02\/Dermaheal-SR.jpg\",\"contentUrl\":\"https:\/\/cdn.mylipfiller.com\/wp-content\/uploads\/2019\/02\/Dermaheal-SR.jpg\",\"width\":500,\"height\":500,\"caption\":\"Dermaheal SR\"},{\"@type\":\"BreadcrumbList\",\"@id\":\"https:\/\/mylipfiller.com\/dermaheal-sr-10-vials-x-5ml\/#breadcrumb\",\"itemListElement\":[{\"@type\":\"ListItem\",\"position\":1,\"name\":\"Home\",\"item\":\"https:\/\/mylipfiller.com\/\"},{\"@type\":\"ListItem\",\"position\":2,\"name\":\"Shop\",\"item\":\"https:\/\/mylipfiller.com\/shop\/\"},{\"@type\":\"ListItem\",\"position\":3,\"name\":\"Dermaheal SR (10 vials x 5ml)\"}]},{\"@type\":\"WebSite\",\"@id\":\"https:\/\/mylipfiller.com\/#website\",\"url\":\"https:\/\/mylipfiller.com\/\",\"name\":\"My Lip Filler\",\"description\":\"Hyaluronic Acid Lip and Dermal Fillers\",\"publisher\":{\"@id\":\"https:\/\/mylipfiller.com\/#organization\"},\"potentialAction\":[{\"@type\":\"SearchAction\",\"target\":{\"@type\":\"EntryPoint\",\"urlTemplate\":\"https:\/\/mylipfiller.com\/?s={search_term_string}\"},\"query-input\":{\"@type\":\"PropertyValueSpecification\",\"valueRequired\":true,\"valueName\":\"search_term_string\"}}],\"inLanguage\":\"es\"},{\"@type\":\"Organization\",\"@id\":\"https:\/\/mylipfiller.com\/#organization\",\"name\":\"My Lip Filler\",\"url\":\"https:\/\/mylipfiller.com\/\",\"logo\":{\"@type\":\"ImageObject\",\"inLanguage\":\"es\",\"@id\":\"https:\/\/mylipfiller.com\/#\/schema\/logo\/image\/\",\"url\":\"https:\/\/cdn.mylipfiller.com\/wp-content\/uploads\/2019\/02\/cropped-My-Lip-Filler-Logo.png\",\"contentUrl\":\"https:\/\/cdn.mylipfiller.com\/wp-content\/uploads\/2019\/02\/cropped-My-Lip-Filler-Logo.png\",\"width\":240,\"height\":88,\"caption\":\"My Lip Filler\"},\"image\":{\"@id\":\"https:\/\/mylipfiller.com\/#\/schema\/logo\/image\/\"}}]}<\/script>\n<!-- \/ Yoast SEO plugin. -->","yoast_head_json":{"title":"Comprar Dermaheal SR (10 viales x 5ml) - Rellenos de My Lip Filler","description":"\u2765Compra Dermaheal SR (10 viales x 5ml) \u23e9 Tienda online My Lip Filler \u27a6 Garant\u00eda de calidad, rese\u00f1as, ingredientes, \u00a1los mejores precios!","robots":{"index":"index","follow":"follow","max-snippet":"max-snippet:-1","max-image-preview":"max-image-preview:large","max-video-preview":"max-video-preview:-1"},"canonical":"https:\/\/mylipfiller.com\/es\/dermaheal-sr-10-vials-x-5ml\/","og_locale":"es_MX","og_type":"article","og_title":"Buy Dermaheal SR (10 vials x 5ml) - Fillers from My Lip Filler","og_description":"\u2765Buy Dermaheal SR (10 vials x 5ml) \u23e9 My Lip Filler online store \u27a6 Quality assurance, reviews, ingredients, best prices!","og_url":"https:\/\/mylipfiller.com\/es\/dermaheal-sr-10-vials-x-5ml\/","og_site_name":"My Lip Filler","article_modified_time":"2025-10-21T08:15:21+00:00","og_image":[{"width":500,"height":500,"url":"https:\/\/cdn.mylipfiller.com\/wp-content\/uploads\/2019\/02\/Dermaheal-SR.jpg","type":"image\/jpeg"}],"twitter_card":"summary_large_image","twitter_misc":{"Tiempo de lectura":"2 minutos"},"schema":{"@context":"https:\/\/schema.org","@graph":[{"@type":"WebPage","@id":"https:\/\/mylipfiller.com\/dermaheal-sr-10-vials-x-5ml\/","url":"https:\/\/mylipfiller.com\/dermaheal-sr-10-vials-x-5ml\/","name":"Comprar Dermaheal SR (10 viales x 5ml) - Rellenos de My Lip Filler","isPartOf":{"@id":"https:\/\/mylipfiller.com\/#website"},"primaryImageOfPage":{"@id":"https:\/\/mylipfiller.com\/dermaheal-sr-10-vials-x-5ml\/#primaryimage"},"image":{"@id":"https:\/\/mylipfiller.com\/dermaheal-sr-10-vials-x-5ml\/#primaryimage"},"thumbnailUrl":"https:\/\/cdn.mylipfiller.com\/wp-content\/uploads\/2019\/02\/Dermaheal-SR.jpg","datePublished":"2019-03-05T14:12:48+00:00","dateModified":"2025-10-21T08:15:21+00:00","description":"\u2765Compra Dermaheal SR (10 viales x 5ml) \u23e9 Tienda online My Lip Filler \u27a6 Garant\u00eda de calidad, rese\u00f1as, ingredientes, \u00a1los mejores precios!","breadcrumb":{"@id":"https:\/\/mylipfiller.com\/dermaheal-sr-10-vials-x-5ml\/#breadcrumb"},"inLanguage":"es","potentialAction":[{"@type":"ReadAction","target":["https:\/\/mylipfiller.com\/dermaheal-sr-10-vials-x-5ml\/"]}]},{"@type":"ImageObject","inLanguage":"es","@id":"https:\/\/mylipfiller.com\/dermaheal-sr-10-vials-x-5ml\/#primaryimage","url":"https:\/\/cdn.mylipfiller.com\/wp-content\/uploads\/2019\/02\/Dermaheal-SR.jpg","contentUrl":"https:\/\/cdn.mylipfiller.com\/wp-content\/uploads\/2019\/02\/Dermaheal-SR.jpg","width":500,"height":500,"caption":"Dermaheal SR"},{"@type":"BreadcrumbList","@id":"https:\/\/mylipfiller.com\/dermaheal-sr-10-vials-x-5ml\/#breadcrumb","itemListElement":[{"@type":"ListItem","position":1,"name":"Home","item":"https:\/\/mylipfiller.com\/"},{"@type":"ListItem","position":2,"name":"Shop","item":"https:\/\/mylipfiller.com\/shop\/"},{"@type":"ListItem","position":3,"name":"Dermaheal SR (10 vials x 5ml)"}]},{"@type":"WebSite","@id":"https:\/\/mylipfiller.com\/#website","url":"https:\/\/mylipfiller.com\/","name":"Mi relleno de labios","description":"Rellenos d\u00e9rmicos y de labios con \u00e1cido hialur\u00f3nico","publisher":{"@id":"https:\/\/mylipfiller.com\/#organization"},"potentialAction":[{"@type":"SearchAction","target":{"@type":"EntryPoint","urlTemplate":"https:\/\/mylipfiller.com\/?s={search_term_string}"},"query-input":{"@type":"PropertyValueSpecification","valueRequired":true,"valueName":"search_term_string"}}],"inLanguage":"es"},{"@type":"Organization","@id":"https:\/\/mylipfiller.com\/#organization","name":"Mi relleno de labios","url":"https:\/\/mylipfiller.com\/","logo":{"@type":"ImageObject","inLanguage":"es","@id":"https:\/\/mylipfiller.com\/#\/schema\/logo\/image\/","url":"https:\/\/cdn.mylipfiller.com\/wp-content\/uploads\/2019\/02\/cropped-My-Lip-Filler-Logo.png","contentUrl":"https:\/\/cdn.mylipfiller.com\/wp-content\/uploads\/2019\/02\/cropped-My-Lip-Filler-Logo.png","width":240,"height":88,"caption":"My Lip Filler"},"image":{"@id":"https:\/\/mylipfiller.com\/#\/schema\/logo\/image\/"}}]}},"_links":{"self":[{"href":"https:\/\/mylipfiller.com\/es\/wp-json\/wp\/v2\/product\/582","targetHints":{"allow":["GET"]}}],"collection":[{"href":"https:\/\/mylipfiller.com\/es\/wp-json\/wp\/v2\/product"}],"about":[{"href":"https:\/\/mylipfiller.com\/es\/wp-json\/wp\/v2\/types\/product"}],"wp:featuredmedia":[{"embeddable":true,"href":"https:\/\/mylipfiller.com\/es\/wp-json\/wp\/v2\/media\/73"}],"wp:attachment":[{"href":"https:\/\/mylipfiller.com\/es\/wp-json\/wp\/v2\/media?parent=582"}],"wp:term":[{"taxonomy":"product_brand","embeddable":true,"href":"https:\/\/mylipfiller.com\/es\/wp-json\/wp\/v2\/product_brand?post=582"},{"taxonomy":"product_cat","embeddable":true,"href":"https:\/\/mylipfiller.com\/es\/wp-json\/wp\/v2\/product_cat?post=582"},{"taxonomy":"product_tag","embeddable":true,"href":"https:\/\/mylipfiller.com\/es\/wp-json\/wp\/v2\/product_tag?post=582"}],"curies":[{"name":"gracias","href":"https:\/\/api.w.org\/{rel}","templated":true}]}}