{"id":584,"date":"2019-03-05T16:17:05","date_gmt":"2019-03-05T14:17:05","guid":{"rendered":"https:\/\/mylipfiller.com\/?post_type=product&#038;p=584"},"modified":"2025-04-03T13:52:30","modified_gmt":"2025-04-03T11:52:30","slug":"dermalax-plus-1-x-1-1ml","status":"publish","type":"product","link":"https:\/\/mylipfiller.com\/es\/dermalax-plus-1-x-1-1ml\/","title":{"rendered":"Dermalax Plus (1 x 1,1 ml)"},"content":{"rendered":"<p>Dermalax Plus es un relleno suave. Esto significa que su principal aplicaci\u00f3n es corregir las l\u00edneas finas y arrugas como las patas de gallo, conservando el aspecto natural del rostro del paciente. Para lograr su objetivo, utiliza el poder del \u00e1cido hialur\u00f3nico (derivado sint\u00e9ticamente), que es 100% biocompatible, ya que tambi\u00e9n se encuentra de forma natural en el cuerpo humano. De hecho, los rellenos Dermalax Plus son completamente biodegradables, lo que significa que las enzimas corporales los disolver\u00e1n de manera segura con el tiempo.<\/p>\n<p>Los rellenos blandos son probablemente el tipo de relleno m\u00e1s vers\u00e1til. Su viscoelasticidad y excelente fluidez la convierten en la primera opci\u00f3n para la inyecci\u00f3n en los tejidos blandos. La lista de \u00e1reas donde los m\u00e9dicos inyectan dichos rellenos incluye:<\/p>\n<ul>\n<li>Entre las cejas para tratar las l\u00edneas glabelares.<\/li>\n<li>Cerca de los ojos para quitar las patas de gallo.<\/li>\n<li>Alrededor de la boca<\/li>\n<li>En l\u00edneas de marionetas moderadas<\/li>\n<li>La frente<\/li>\n<li>Uso como relleno de labios<\/li>\n<li>Las orejas<\/li>\n<\/ul>\n<p>Como alternativa a los m\u00e9todos cosm\u00e9ticos m\u00e1s tradicionales como la cirug\u00eda pl\u00e1stica, los rellenos blandos como Dermalax Plus son una soluci\u00f3n temporal. A medida que el cuerpo se disuelve el gel con el tiempo, el paciente se somete a procedimientos peri\u00f3dicos para conservar los resultados obtenidos.<\/p>\n<p>El relleno solo debe ser inyectado por un m\u00e9dico capacitado. No se recomienda para mujeres embarazadas, madres lactantes o pacientes al\u00e9rgicos a alguno de los ingredientes. Los efectos son visibles desde varios meses hasta un a\u00f1o.<\/p>","protected":false},"excerpt":{"rendered":"<p>Cuando se trata de eliminar los gustos finos y las arrugas delicadas del rostro, Dermalax Plus tiene pocos competidores. Si bien ofrece una calidad superior, este relleno d\u00e9rmico suave tiene un precio asequible. Especialmente dise\u00f1ado para tratar arrugas y pliegues moderados, tambi\u00e9n contiene lidoca\u00edna para una mejor experiencia del paciente. El relleno Dermalax Plus es una soluci\u00f3n inyectable vers\u00e1til para correcciones cosm\u00e9ticas.<\/p>","protected":false},"featured_media":543,"template":"","meta":{"_acf_changed":false},"product_brand":[],"product_cat":[159,89,22,32],"product_tag":[93,144,125,111,126,112,128,151,117,146,137,119,148,116,127],"class_list":{"0":"post-584","1":"product","2":"type-product","3":"status-publish","4":"has-post-thumbnail","6":"product_cat-across","7":"product_cat-big-holiday-sale","8":"product_cat-dermalax","9":"product_cat-soft","10":"product_tag-93","11":"product_tag-anti-wrinkle","12":"product_tag-crows-feet","13":"product_tag-face","14":"product_tag-fine-lines","15":"product_tag-forehead","16":"product_tag-forehead-wrinkles","17":"product_tag-hyaluronic-acid-ha-fillers","18":"product_tag-low-density","19":"product_tag-smoothing","20":"product_tag-south-korea","21":"product_tag-up-to-9-months","22":"product_tag-upper-dermis","23":"product_tag-with-lidocaine","24":"product_tag-wrinkles-around-the-eyes","26":"first","27":"outofstock","28":"sale","29":"taxable","30":"shipping-taxable","31":"purchasable","32":"product-type-simple"},"acf":[],"yoast_head":"<!-- This site is optimized with the Yoast SEO plugin v27.4 - https:\/\/yoast.com\/product\/yoast-seo-wordpress\/ -->\n<title>Buy Dermalax Plus (1 x 1.1ml) - Fillers from My Lip Filler<\/title>\n<meta name=\"description\" content=\"\u2765Buy Dermalax Plus (1 x 1.1ml) \u23e9 My Lip Filler online store \u27a6 Quality assurance, reviews, ingredients, best prices!\" \/>\n<meta name=\"robots\" content=\"index, follow, max-snippet:-1, max-image-preview:large, max-video-preview:-1\" \/>\n<link rel=\"canonical\" href=\"https:\/\/mylipfiller.com\/es\/dermalax-plus-1-x-1-1ml\/\" \/>\n<meta property=\"og:locale\" content=\"es_MX\" \/>\n<meta property=\"og:type\" content=\"article\" \/>\n<meta property=\"og:title\" content=\"Buy Dermalax Plus (1 x 1.1ml) - Fillers from My Lip Filler\" \/>\n<meta property=\"og:description\" content=\"\u2765Buy Dermalax Plus (1 x 1.1ml) \u23e9 My Lip Filler online store \u27a6 Quality assurance, reviews, ingredients, best prices!\" \/>\n<meta property=\"og:url\" content=\"https:\/\/mylipfiller.com\/es\/dermalax-plus-1-x-1-1ml\/\" \/>\n<meta property=\"og:site_name\" content=\"My Lip Filler\" \/>\n<meta property=\"article:modified_time\" content=\"2025-04-03T11:52:30+00:00\" \/>\n<meta property=\"og:image\" content=\"https:\/\/cdn.mylipfiller.com\/wp-content\/uploads\/2019\/03\/Dermalax-Plus.jpg\" \/>\n\t<meta property=\"og:image:width\" content=\"458\" \/>\n\t<meta property=\"og:image:height\" content=\"458\" \/>\n\t<meta property=\"og:image:type\" content=\"image\/jpeg\" \/>\n<meta name=\"twitter:card\" content=\"summary_large_image\" \/>\n<meta name=\"twitter:label1\" content=\"Tiempo de lectura\" \/>\n\t<meta name=\"twitter:data1\" content=\"2 minutos\" \/>\n<script type=\"application\/ld+json\" class=\"yoast-schema-graph\">{\"@context\":\"https:\\\/\\\/schema.org\",\"@graph\":[{\"@type\":\"WebPage\",\"@id\":\"https:\\\/\\\/mylipfiller.com\\\/dermalax-plus-1-x-1-1ml\\\/\",\"url\":\"https:\\\/\\\/mylipfiller.com\\\/dermalax-plus-1-x-1-1ml\\\/\",\"name\":\"Buy Dermalax Plus (1 x 1.1ml) - Fillers from My Lip Filler\",\"isPartOf\":{\"@id\":\"https:\\\/\\\/mylipfiller.com\\\/#website\"},\"primaryImageOfPage\":{\"@id\":\"https:\\\/\\\/mylipfiller.com\\\/dermalax-plus-1-x-1-1ml\\\/#primaryimage\"},\"image\":{\"@id\":\"https:\\\/\\\/mylipfiller.com\\\/dermalax-plus-1-x-1-1ml\\\/#primaryimage\"},\"thumbnailUrl\":\"https:\\\/\\\/mylipfiller.com\\\/wp-content\\\/uploads\\\/2019\\\/03\\\/Dermalax-Plus.jpg\",\"datePublished\":\"2019-03-05T14:17:05+00:00\",\"dateModified\":\"2025-04-03T11:52:30+00:00\",\"description\":\"\u2765Buy Dermalax Plus (1 x 1.1ml) \u23e9 My Lip Filler online store \u27a6 Quality assurance, reviews, ingredients, best prices!\",\"breadcrumb\":{\"@id\":\"https:\\\/\\\/mylipfiller.com\\\/dermalax-plus-1-x-1-1ml\\\/#breadcrumb\"},\"inLanguage\":\"es\",\"potentialAction\":[{\"@type\":\"ReadAction\",\"target\":[\"https:\\\/\\\/mylipfiller.com\\\/dermalax-plus-1-x-1-1ml\\\/\"]}]},{\"@type\":\"ImageObject\",\"inLanguage\":\"es\",\"@id\":\"https:\\\/\\\/mylipfiller.com\\\/dermalax-plus-1-x-1-1ml\\\/#primaryimage\",\"url\":\"https:\\\/\\\/mylipfiller.com\\\/wp-content\\\/uploads\\\/2019\\\/03\\\/Dermalax-Plus.jpg\",\"contentUrl\":\"https:\\\/\\\/mylipfiller.com\\\/wp-content\\\/uploads\\\/2019\\\/03\\\/Dermalax-Plus.jpg\",\"width\":458,\"height\":458,\"caption\":\"Dermalax Plus\"},{\"@type\":\"BreadcrumbList\",\"@id\":\"https:\\\/\\\/mylipfiller.com\\\/dermalax-plus-1-x-1-1ml\\\/#breadcrumb\",\"itemListElement\":[{\"@type\":\"ListItem\",\"position\":1,\"name\":\"Home\",\"item\":\"https:\\\/\\\/mylipfiller.com\\\/\"},{\"@type\":\"ListItem\",\"position\":2,\"name\":\"Shop\",\"item\":\"https:\\\/\\\/mylipfiller.com\\\/shop\\\/\"},{\"@type\":\"ListItem\",\"position\":3,\"name\":\"Dermalax Plus (1 x 1.1ml)\"}]},{\"@type\":\"WebSite\",\"@id\":\"https:\\\/\\\/mylipfiller.com\\\/#website\",\"url\":\"https:\\\/\\\/mylipfiller.com\\\/\",\"name\":\"My Lip Filler\",\"description\":\"Hyaluronic Acid Lip and Dermal Fillers\",\"publisher\":{\"@id\":\"https:\\\/\\\/mylipfiller.com\\\/#organization\"},\"potentialAction\":[{\"@type\":\"SearchAction\",\"target\":{\"@type\":\"EntryPoint\",\"urlTemplate\":\"https:\\\/\\\/mylipfiller.com\\\/?s={search_term_string}\"},\"query-input\":{\"@type\":\"PropertyValueSpecification\",\"valueRequired\":true,\"valueName\":\"search_term_string\"}}],\"inLanguage\":\"es\"},{\"@type\":\"Organization\",\"@id\":\"https:\\\/\\\/mylipfiller.com\\\/#organization\",\"name\":\"My Lip Filler\",\"url\":\"https:\\\/\\\/mylipfiller.com\\\/\",\"logo\":{\"@type\":\"ImageObject\",\"inLanguage\":\"es\",\"@id\":\"https:\\\/\\\/mylipfiller.com\\\/#\\\/schema\\\/logo\\\/image\\\/\",\"url\":\"https:\\\/\\\/mylipfiller.com\\\/wp-content\\\/uploads\\\/2019\\\/02\\\/cropped-My-Lip-Filler-Logo.png\",\"contentUrl\":\"https:\\\/\\\/mylipfiller.com\\\/wp-content\\\/uploads\\\/2019\\\/02\\\/cropped-My-Lip-Filler-Logo.png\",\"width\":240,\"height\":88,\"caption\":\"My Lip Filler\"},\"image\":{\"@id\":\"https:\\\/\\\/mylipfiller.com\\\/#\\\/schema\\\/logo\\\/image\\\/\"}}]}<\/script>\n<!-- \/ Yoast SEO plugin. -->","yoast_head_json":{"title":"Compre Dermalax Plus (1 x 1,1 ml) - Rellenos de My Lip Filler","description":"\u2765Compre Dermalax Plus (1 x 1,1 ml) \u23e9 Tienda online My Lip Filler \u27a6 Garant\u00eda de calidad, rese\u00f1as, ingredientes, \u00a1los mejores precios!","robots":{"index":"index","follow":"follow","max-snippet":"max-snippet:-1","max-image-preview":"max-image-preview:large","max-video-preview":"max-video-preview:-1"},"canonical":"https:\/\/mylipfiller.com\/es\/dermalax-plus-1-x-1-1ml\/","og_locale":"es_MX","og_type":"article","og_title":"Buy Dermalax Plus (1 x 1.1ml) - Fillers from My Lip Filler","og_description":"\u2765Buy Dermalax Plus (1 x 1.1ml) \u23e9 My Lip Filler online store \u27a6 Quality assurance, reviews, ingredients, best prices!","og_url":"https:\/\/mylipfiller.com\/es\/dermalax-plus-1-x-1-1ml\/","og_site_name":"My Lip Filler","article_modified_time":"2025-04-03T11:52:30+00:00","og_image":[{"width":458,"height":458,"url":"https:\/\/cdn.mylipfiller.com\/wp-content\/uploads\/2019\/03\/Dermalax-Plus.jpg","type":"image\/jpeg"}],"twitter_card":"summary_large_image","twitter_misc":{"Tiempo de lectura":"2 minutos"},"schema":{"@context":"https:\/\/schema.org","@graph":[{"@type":"WebPage","@id":"https:\/\/mylipfiller.com\/dermalax-plus-1-x-1-1ml\/","url":"https:\/\/mylipfiller.com\/dermalax-plus-1-x-1-1ml\/","name":"Compre Dermalax Plus (1 x 1,1 ml) - Rellenos de My Lip Filler","isPartOf":{"@id":"https:\/\/mylipfiller.com\/#website"},"primaryImageOfPage":{"@id":"https:\/\/mylipfiller.com\/dermalax-plus-1-x-1-1ml\/#primaryimage"},"image":{"@id":"https:\/\/mylipfiller.com\/dermalax-plus-1-x-1-1ml\/#primaryimage"},"thumbnailUrl":"https:\/\/cdn.mylipfiller.com\/wp-content\/uploads\/2019\/03\/Dermalax-Plus.jpg","datePublished":"2019-03-05T14:17:05+00:00","dateModified":"2025-04-03T11:52:30+00:00","description":"\u2765Compre Dermalax Plus (1 x 1,1 ml) \u23e9 Tienda online My Lip Filler \u27a6 Garant\u00eda de calidad, rese\u00f1as, ingredientes, \u00a1los mejores precios!","breadcrumb":{"@id":"https:\/\/mylipfiller.com\/dermalax-plus-1-x-1-1ml\/#breadcrumb"},"inLanguage":"es","potentialAction":[{"@type":"ReadAction","target":["https:\/\/mylipfiller.com\/dermalax-plus-1-x-1-1ml\/"]}]},{"@type":"ImageObject","inLanguage":"es","@id":"https:\/\/mylipfiller.com\/dermalax-plus-1-x-1-1ml\/#primaryimage","url":"https:\/\/cdn.mylipfiller.com\/wp-content\/uploads\/2019\/03\/Dermalax-Plus.jpg","contentUrl":"https:\/\/cdn.mylipfiller.com\/wp-content\/uploads\/2019\/03\/Dermalax-Plus.jpg","width":458,"height":458,"caption":"Dermalax Plus"},{"@type":"BreadcrumbList","@id":"https:\/\/mylipfiller.com\/dermalax-plus-1-x-1-1ml\/#breadcrumb","itemListElement":[{"@type":"ListItem","position":1,"name":"Home","item":"https:\/\/mylipfiller.com\/"},{"@type":"ListItem","position":2,"name":"Shop","item":"https:\/\/mylipfiller.com\/shop\/"},{"@type":"ListItem","position":3,"name":"Dermalax Plus (1 x 1.1ml)"}]},{"@type":"WebSite","@id":"https:\/\/mylipfiller.com\/#website","url":"https:\/\/mylipfiller.com\/","name":"Mi relleno de labios","description":"Rellenos d\u00e9rmicos y de labios con \u00e1cido hialur\u00f3nico","publisher":{"@id":"https:\/\/mylipfiller.com\/#organization"},"potentialAction":[{"@type":"SearchAction","target":{"@type":"EntryPoint","urlTemplate":"https:\/\/mylipfiller.com\/?s={search_term_string}"},"query-input":{"@type":"PropertyValueSpecification","valueRequired":true,"valueName":"search_term_string"}}],"inLanguage":"es"},{"@type":"Organization","@id":"https:\/\/mylipfiller.com\/#organization","name":"Mi relleno de labios","url":"https:\/\/mylipfiller.com\/","logo":{"@type":"ImageObject","inLanguage":"es","@id":"https:\/\/mylipfiller.com\/#\/schema\/logo\/image\/","url":"https:\/\/cdn.mylipfiller.com\/wp-content\/uploads\/2019\/02\/cropped-My-Lip-Filler-Logo.png","contentUrl":"https:\/\/cdn.mylipfiller.com\/wp-content\/uploads\/2019\/02\/cropped-My-Lip-Filler-Logo.png","width":240,"height":88,"caption":"My Lip Filler"},"image":{"@id":"https:\/\/mylipfiller.com\/#\/schema\/logo\/image\/"}}]}},"_links":{"self":[{"href":"https:\/\/mylipfiller.com\/es\/wp-json\/wp\/v2\/product\/584","targetHints":{"allow":["GET"]}}],"collection":[{"href":"https:\/\/mylipfiller.com\/es\/wp-json\/wp\/v2\/product"}],"about":[{"href":"https:\/\/mylipfiller.com\/es\/wp-json\/wp\/v2\/types\/product"}],"wp:featuredmedia":[{"embeddable":true,"href":"https:\/\/mylipfiller.com\/es\/wp-json\/wp\/v2\/media\/543"}],"wp:attachment":[{"href":"https:\/\/mylipfiller.com\/es\/wp-json\/wp\/v2\/media?parent=584"}],"wp:term":[{"taxonomy":"product_brand","embeddable":true,"href":"https:\/\/mylipfiller.com\/es\/wp-json\/wp\/v2\/product_brand?post=584"},{"taxonomy":"product_cat","embeddable":true,"href":"https:\/\/mylipfiller.com\/es\/wp-json\/wp\/v2\/product_cat?post=584"},{"taxonomy":"product_tag","embeddable":true,"href":"https:\/\/mylipfiller.com\/es\/wp-json\/wp\/v2\/product_tag?post=584"}],"curies":[{"name":"gracias","href":"https:\/\/api.w.org\/{rel}","templated":true}]}}