{"id":585,"date":"2019-03-05T16:15:50","date_gmt":"2019-03-05T14:15:50","guid":{"rendered":"https:\/\/mylipfiller.com\/?post_type=product&#038;p=585"},"modified":"2024-03-13T14:50:41","modified_gmt":"2024-03-13T12:50:41","slug":"dermalax-implant-plus-2-x-1-1ml","status":"publish","type":"product","link":"https:\/\/mylipfiller.com\/es\/dermalax-implant-plus-2-x-1-1ml\/","title":{"rendered":"Implante Dermalax Plus (2 x 1,1 ml)"},"content":{"rendered":"<h3>\u00bfCu\u00e1l es el secreto?<\/h3>\n<p>La estabilidad es una de las cualidades m\u00e1s importantes, si no, de un relleno d\u00e9rmico. Dermalax Implant Plus est\u00e1 hecho para quedarse. Su estructura de gel monof\u00e1sico permite permanecer en la zona inyectada y no gotear. El m\u00e9dico que lo inyecta puede esculpirlo de la manera correcta con facilidad y el paciente tiene la garant\u00eda de recibir los resultados cosm\u00e9ticos \u00f3ptimos. El aumento facial con este relleno de piel es duradero y un paciente, teniendo en cuenta factores como el estilo de vida, el metabolismo y la salud, puede esperar conservar los resultados obtenidos hasta por un a\u00f1o.<\/p>\n<h3>\u00bfQu\u00e9 \u00e1reas se pueden inyectar con Dermalax Implant Plus?<\/h3>\n<p>Si bien se cre\u00f3 principalmente para el contorno facial, este gel HA se puede usar con \u00e9xito para m\u00faltiples partes del rostro y aplicaciones, que incluyen:<\/p>\n<ul>\n<li>Aumento de la l\u00ednea de la mand\u00edbula<\/li>\n<li>Esculpir el ment\u00f3n<\/li>\n<li>Rinoplastia<\/li>\n<li>Mejora del volumen de las mejillas<\/li>\n<li>Esculpir p\u00f3mulos<\/li>\n<li>Relleno de arrugas profundas, pliegues y depresiones en la piel<\/li>\n<\/ul>\n<p>&nbsp;<\/p>\n<p>El relleno se basa en \u00e1cido hialur\u00f3nico reticulado, una sustancia que se encuentra naturalmente en el cuerpo humano y no solo es inofensiva, sino que de hecho tiene un efecto muy positivo en la piel. Todos los rellenos Dermalax se basan en \u00e1cido hialur\u00f3nico purificado de origen no org\u00e1nico.<\/p>\n<h3>El procedimiento<\/h3>\n<p>Recibir una inyecci\u00f3n de relleno de \u00e1cido hialur\u00f3nico es bastante f\u00e1cil. Es necesario que lo realice un m\u00e9dico capacitado. Al tardar hasta media hora, no causa ninguna molestia en particular al paciente, pero Implant Plus de Dermalax tambi\u00e9n contiene lidoca\u00edna, lo que significa que cualquier pago se elimina de la experiencia del paciente. Cualquier efecto secundario (leve) como enrojecimiento o hematomas desaparecer\u00e1 en uno o dos d\u00edas.<\/p>","protected":false},"excerpt":{"rendered":"<p>Dermalax Implant Plus es un paquete doble del relleno m\u00e1s grueso de la l\u00ednea Dermalax. Este gel de \u00c1cido Hialur\u00f3nico se inyecta en zonas como las mejillas y el ment\u00f3n, para dar forma y realzar los rasgos faciales del paciente. Una gran alternativa a la cirug\u00eda pl\u00e1stica tradicional, este relleno d\u00e9rmico ofrece una soluci\u00f3n para esculpir el rostro a largo plazo. F\u00e1cil de inyectar, el relleno es muy estable y no se desplaza el gel con el tiempo.<\/p>","protected":false},"featured_media":542,"template":"","meta":{"_acf_changed":false},"product_brand":[],"product_cat":[159,89,22,34],"product_tag":[91,123,130,131,115,114,111,118,151,141,142,135,137,110,122,124,116],"class_list":{"0":"post-585","1":"product","2":"type-product","3":"status-publish","4":"has-post-thumbnail","6":"product_cat-across","7":"product_cat-big-holiday-sale","8":"product_cat-dermalax","9":"product_cat-hard","10":"product_tag-91","11":"product_tag-asymmetry","12":"product_tag-cheek-volume","13":"product_tag-cheekbone-contour","14":"product_tag-cheekbones","15":"product_tag-chin","16":"product_tag-face","17":"product_tag-high-density","18":"product_tag-hyaluronic-acid-ha-fillers","19":"product_tag-lifting","20":"product_tag-modeling","21":"product_tag-small-chin","22":"product_tag-south-korea","23":"product_tag-temple","24":"product_tag-up-to-18-months","25":"product_tag-volume","26":"product_tag-with-lidocaine","28":"first","29":"instock","30":"sale","31":"taxable","32":"shipping-taxable","33":"purchasable","34":"product-type-simple"},"acf":[],"yoast_head":"<!-- This site is optimized with the Yoast SEO plugin v27.2 - https:\/\/yoast.com\/product\/yoast-seo-wordpress\/ -->\n<title>Buy Dermalax Implant Plus (2 x 1.1ml) - Fillers from My Lip Filler<\/title>\n<meta name=\"description\" content=\"\u2765Buy Dermalax Implant Plus (2 x 1.1ml) \u23e9 My Lip Filler online store \u27a6 Quality assurance, reviews, ingredients, best prices!\" \/>\n<meta name=\"robots\" content=\"index, follow, max-snippet:-1, max-image-preview:large, max-video-preview:-1\" \/>\n<link rel=\"canonical\" href=\"https:\/\/mylipfiller.com\/es\/dermalax-implant-plus-2-x-1-1ml\/\" \/>\n<meta property=\"og:locale\" content=\"es_MX\" \/>\n<meta property=\"og:type\" content=\"article\" \/>\n<meta property=\"og:title\" content=\"Buy Dermalax Implant Plus (2 x 1.1ml) - Fillers from My Lip Filler\" \/>\n<meta property=\"og:description\" content=\"\u2765Buy Dermalax Implant Plus (2 x 1.1ml) \u23e9 My Lip Filler online store \u27a6 Quality assurance, reviews, ingredients, best prices!\" \/>\n<meta property=\"og:url\" content=\"https:\/\/mylipfiller.com\/es\/dermalax-implant-plus-2-x-1-1ml\/\" \/>\n<meta property=\"og:site_name\" content=\"My Lip Filler\" \/>\n<meta property=\"article:modified_time\" content=\"2024-03-13T12:50:41+00:00\" \/>\n<meta property=\"og:image\" content=\"https:\/\/cdn.mylipfiller.com\/wp-content\/uploads\/2019\/03\/Dermalax-Implant-Plus.jpg\" \/>\n\t<meta property=\"og:image:width\" content=\"458\" \/>\n\t<meta property=\"og:image:height\" content=\"458\" \/>\n\t<meta property=\"og:image:type\" content=\"image\/jpeg\" \/>\n<meta name=\"twitter:card\" content=\"summary_large_image\" \/>\n<meta name=\"twitter:label1\" content=\"Tiempo de lectura\" \/>\n\t<meta name=\"twitter:data1\" content=\"2 minutos\" \/>\n<script type=\"application\/ld+json\" class=\"yoast-schema-graph\">{\"@context\":\"https:\/\/schema.org\",\"@graph\":[{\"@type\":\"WebPage\",\"@id\":\"https:\/\/mylipfiller.com\/dermalax-implant-plus-2-x-1-1ml\/\",\"url\":\"https:\/\/mylipfiller.com\/dermalax-implant-plus-2-x-1-1ml\/\",\"name\":\"Buy Dermalax Implant Plus (2 x 1.1ml) - Fillers from My Lip Filler\",\"isPartOf\":{\"@id\":\"https:\/\/mylipfiller.com\/#website\"},\"primaryImageOfPage\":{\"@id\":\"https:\/\/mylipfiller.com\/dermalax-implant-plus-2-x-1-1ml\/#primaryimage\"},\"image\":{\"@id\":\"https:\/\/mylipfiller.com\/dermalax-implant-plus-2-x-1-1ml\/#primaryimage\"},\"thumbnailUrl\":\"https:\/\/cdn.mylipfiller.com\/wp-content\/uploads\/2019\/03\/Dermalax-Implant-Plus.jpg\",\"datePublished\":\"2019-03-05T14:15:50+00:00\",\"dateModified\":\"2024-03-13T12:50:41+00:00\",\"description\":\"\u2765Buy Dermalax Implant Plus (2 x 1.1ml) \u23e9 My Lip Filler online store \u27a6 Quality assurance, reviews, ingredients, best prices!\",\"breadcrumb\":{\"@id\":\"https:\/\/mylipfiller.com\/dermalax-implant-plus-2-x-1-1ml\/#breadcrumb\"},\"inLanguage\":\"es\",\"potentialAction\":[{\"@type\":\"ReadAction\",\"target\":[\"https:\/\/mylipfiller.com\/dermalax-implant-plus-2-x-1-1ml\/\"]}]},{\"@type\":\"ImageObject\",\"inLanguage\":\"es\",\"@id\":\"https:\/\/mylipfiller.com\/dermalax-implant-plus-2-x-1-1ml\/#primaryimage\",\"url\":\"https:\/\/cdn.mylipfiller.com\/wp-content\/uploads\/2019\/03\/Dermalax-Implant-Plus.jpg\",\"contentUrl\":\"https:\/\/cdn.mylipfiller.com\/wp-content\/uploads\/2019\/03\/Dermalax-Implant-Plus.jpg\",\"width\":458,\"height\":458,\"caption\":\"Dermalax Implant Plus\"},{\"@type\":\"BreadcrumbList\",\"@id\":\"https:\/\/mylipfiller.com\/dermalax-implant-plus-2-x-1-1ml\/#breadcrumb\",\"itemListElement\":[{\"@type\":\"ListItem\",\"position\":1,\"name\":\"Home\",\"item\":\"https:\/\/mylipfiller.com\/\"},{\"@type\":\"ListItem\",\"position\":2,\"name\":\"Shop\",\"item\":\"https:\/\/mylipfiller.com\/shop\/\"},{\"@type\":\"ListItem\",\"position\":3,\"name\":\"Dermalax Implant Plus (2 x 1.1ml)\"}]},{\"@type\":\"WebSite\",\"@id\":\"https:\/\/mylipfiller.com\/#website\",\"url\":\"https:\/\/mylipfiller.com\/\",\"name\":\"My Lip Filler\",\"description\":\"Hyaluronic Acid Lip and Dermal Fillers\",\"publisher\":{\"@id\":\"https:\/\/mylipfiller.com\/#organization\"},\"potentialAction\":[{\"@type\":\"SearchAction\",\"target\":{\"@type\":\"EntryPoint\",\"urlTemplate\":\"https:\/\/mylipfiller.com\/?s={search_term_string}\"},\"query-input\":{\"@type\":\"PropertyValueSpecification\",\"valueRequired\":true,\"valueName\":\"search_term_string\"}}],\"inLanguage\":\"es\"},{\"@type\":\"Organization\",\"@id\":\"https:\/\/mylipfiller.com\/#organization\",\"name\":\"My Lip Filler\",\"url\":\"https:\/\/mylipfiller.com\/\",\"logo\":{\"@type\":\"ImageObject\",\"inLanguage\":\"es\",\"@id\":\"https:\/\/mylipfiller.com\/#\/schema\/logo\/image\/\",\"url\":\"https:\/\/cdn.mylipfiller.com\/wp-content\/uploads\/2019\/02\/cropped-My-Lip-Filler-Logo.png\",\"contentUrl\":\"https:\/\/cdn.mylipfiller.com\/wp-content\/uploads\/2019\/02\/cropped-My-Lip-Filler-Logo.png\",\"width\":240,\"height\":88,\"caption\":\"My Lip Filler\"},\"image\":{\"@id\":\"https:\/\/mylipfiller.com\/#\/schema\/logo\/image\/\"}}]}<\/script>\n<!-- \/ Yoast SEO plugin. -->","yoast_head_json":{"title":"Compre Dermalax Implant Plus (2 x 1,1 ml) - Rellenos de My Lip Filler","description":"\u2765Compra Dermalax Implant Plus (2 x 1,1 ml) \u23e9 Tienda online My Lip Filler \u27a6 Garant\u00eda de calidad, rese\u00f1as, ingredientes, \u00a1los mejores precios!","robots":{"index":"index","follow":"follow","max-snippet":"max-snippet:-1","max-image-preview":"max-image-preview:large","max-video-preview":"max-video-preview:-1"},"canonical":"https:\/\/mylipfiller.com\/es\/dermalax-implant-plus-2-x-1-1ml\/","og_locale":"es_MX","og_type":"article","og_title":"Buy Dermalax Implant Plus (2 x 1.1ml) - Fillers from My Lip Filler","og_description":"\u2765Buy Dermalax Implant Plus (2 x 1.1ml) \u23e9 My Lip Filler online store \u27a6 Quality assurance, reviews, ingredients, best prices!","og_url":"https:\/\/mylipfiller.com\/es\/dermalax-implant-plus-2-x-1-1ml\/","og_site_name":"My Lip Filler","article_modified_time":"2024-03-13T12:50:41+00:00","og_image":[{"width":458,"height":458,"url":"https:\/\/cdn.mylipfiller.com\/wp-content\/uploads\/2019\/03\/Dermalax-Implant-Plus.jpg","type":"image\/jpeg"}],"twitter_card":"summary_large_image","twitter_misc":{"Tiempo de lectura":"2 minutos"},"schema":{"@context":"https:\/\/schema.org","@graph":[{"@type":"WebPage","@id":"https:\/\/mylipfiller.com\/dermalax-implant-plus-2-x-1-1ml\/","url":"https:\/\/mylipfiller.com\/dermalax-implant-plus-2-x-1-1ml\/","name":"Compre Dermalax Implant Plus (2 x 1,1 ml) - Rellenos de My Lip Filler","isPartOf":{"@id":"https:\/\/mylipfiller.com\/#website"},"primaryImageOfPage":{"@id":"https:\/\/mylipfiller.com\/dermalax-implant-plus-2-x-1-1ml\/#primaryimage"},"image":{"@id":"https:\/\/mylipfiller.com\/dermalax-implant-plus-2-x-1-1ml\/#primaryimage"},"thumbnailUrl":"https:\/\/cdn.mylipfiller.com\/wp-content\/uploads\/2019\/03\/Dermalax-Implant-Plus.jpg","datePublished":"2019-03-05T14:15:50+00:00","dateModified":"2024-03-13T12:50:41+00:00","description":"\u2765Compra Dermalax Implant Plus (2 x 1,1 ml) \u23e9 Tienda online My Lip Filler \u27a6 Garant\u00eda de calidad, rese\u00f1as, ingredientes, \u00a1los mejores precios!","breadcrumb":{"@id":"https:\/\/mylipfiller.com\/dermalax-implant-plus-2-x-1-1ml\/#breadcrumb"},"inLanguage":"es","potentialAction":[{"@type":"ReadAction","target":["https:\/\/mylipfiller.com\/dermalax-implant-plus-2-x-1-1ml\/"]}]},{"@type":"ImageObject","inLanguage":"es","@id":"https:\/\/mylipfiller.com\/dermalax-implant-plus-2-x-1-1ml\/#primaryimage","url":"https:\/\/cdn.mylipfiller.com\/wp-content\/uploads\/2019\/03\/Dermalax-Implant-Plus.jpg","contentUrl":"https:\/\/cdn.mylipfiller.com\/wp-content\/uploads\/2019\/03\/Dermalax-Implant-Plus.jpg","width":458,"height":458,"caption":"Dermalax Implant Plus"},{"@type":"BreadcrumbList","@id":"https:\/\/mylipfiller.com\/dermalax-implant-plus-2-x-1-1ml\/#breadcrumb","itemListElement":[{"@type":"ListItem","position":1,"name":"Home","item":"https:\/\/mylipfiller.com\/"},{"@type":"ListItem","position":2,"name":"Shop","item":"https:\/\/mylipfiller.com\/shop\/"},{"@type":"ListItem","position":3,"name":"Dermalax Implant Plus (2 x 1.1ml)"}]},{"@type":"WebSite","@id":"https:\/\/mylipfiller.com\/#website","url":"https:\/\/mylipfiller.com\/","name":"Mi relleno de labios","description":"Rellenos d\u00e9rmicos y de labios con \u00e1cido hialur\u00f3nico","publisher":{"@id":"https:\/\/mylipfiller.com\/#organization"},"potentialAction":[{"@type":"SearchAction","target":{"@type":"EntryPoint","urlTemplate":"https:\/\/mylipfiller.com\/?s={search_term_string}"},"query-input":{"@type":"PropertyValueSpecification","valueRequired":true,"valueName":"search_term_string"}}],"inLanguage":"es"},{"@type":"Organization","@id":"https:\/\/mylipfiller.com\/#organization","name":"Mi relleno de labios","url":"https:\/\/mylipfiller.com\/","logo":{"@type":"ImageObject","inLanguage":"es","@id":"https:\/\/mylipfiller.com\/#\/schema\/logo\/image\/","url":"https:\/\/cdn.mylipfiller.com\/wp-content\/uploads\/2019\/02\/cropped-My-Lip-Filler-Logo.png","contentUrl":"https:\/\/cdn.mylipfiller.com\/wp-content\/uploads\/2019\/02\/cropped-My-Lip-Filler-Logo.png","width":240,"height":88,"caption":"My Lip Filler"},"image":{"@id":"https:\/\/mylipfiller.com\/#\/schema\/logo\/image\/"}}]}},"_links":{"self":[{"href":"https:\/\/mylipfiller.com\/es\/wp-json\/wp\/v2\/product\/585","targetHints":{"allow":["GET"]}}],"collection":[{"href":"https:\/\/mylipfiller.com\/es\/wp-json\/wp\/v2\/product"}],"about":[{"href":"https:\/\/mylipfiller.com\/es\/wp-json\/wp\/v2\/types\/product"}],"wp:featuredmedia":[{"embeddable":true,"href":"https:\/\/mylipfiller.com\/es\/wp-json\/wp\/v2\/media\/542"}],"wp:attachment":[{"href":"https:\/\/mylipfiller.com\/es\/wp-json\/wp\/v2\/media?parent=585"}],"wp:term":[{"taxonomy":"product_brand","embeddable":true,"href":"https:\/\/mylipfiller.com\/es\/wp-json\/wp\/v2\/product_brand?post=585"},{"taxonomy":"product_cat","embeddable":true,"href":"https:\/\/mylipfiller.com\/es\/wp-json\/wp\/v2\/product_cat?post=585"},{"taxonomy":"product_tag","embeddable":true,"href":"https:\/\/mylipfiller.com\/es\/wp-json\/wp\/v2\/product_tag?post=585"}],"curies":[{"name":"gracias","href":"https:\/\/api.w.org\/{rel}","templated":true}]}}