{"id":586,"date":"2019-03-05T16:19:16","date_gmt":"2019-03-05T14:19:16","guid":{"rendered":"https:\/\/mylipfiller.com\/?post_type=product&#038;p=586"},"modified":"2024-03-13T14:50:30","modified_gmt":"2024-03-13T12:50:30","slug":"jbp-laennec-injection","status":"publish","type":"product","link":"https:\/\/mylipfiller.com\/es\/jbp-laennec-injection\/","title":{"rendered":"Inyecci\u00f3n GC Laennec (Alternativa a JBP)"},"content":{"rendered":"<p>D\u00e9cadas de pruebas han demostrado las propiedades altamente positivas que tiene el extracto de placenta humana y su efecto directo sobre el cuerpo humano en t\u00e9rminos de bienestar y antienvejecimiento. El espectro de los beneficios para la salud es largo, pero algunas menciones notables incluyen: pacientes con asma, mujeres que padecen s\u00edntomas de la menopausia, personas con problemas hep\u00e1ticos y mucho, mucho m\u00e1s.<\/p>\n<p>Sin embargo, en t\u00e9rminos de aplicaci\u00f3n cosm\u00e9tica y de belleza, GC Laennec Injection es nada menos que un milagro. Esta soluci\u00f3n a base de extracto de placenta humana es justo lo que los pacientes necesitan para poner en marcha sus procesos naturales de restauraci\u00f3n de la piel.<\/p>\n<p>La gama completa de lo que hace Laennec es extensa y los efectos m\u00e1s importantes incluyen:<\/p>\n<ul>\n<li>Eliminaci\u00f3n de arrugas y l\u00edneas de piel.<\/li>\n<li>Reducci\u00f3n del acn\u00e9 y ayuda con pieles grasas.<\/li>\n<li>Restauraci\u00f3n del equilibrio h\u00eddrico saludable de la piel.<\/li>\n<li>Elasticidad mejorada y piel m\u00e1s suave al tacto.<\/li>\n<li>Niveles m\u00e1s bajos de producci\u00f3n de sebo.<\/li>\n<li>Eliminaci\u00f3n del tono de la piel y la decoloraci\u00f3n \/ hiperpigmentaci\u00f3n<\/li>\n<li>Ayuda con las bolsas debajo de los ojos.<\/li>\n<\/ul>\n<p>El efecto directo de inyectarse un producto a base de extracto de placenta humana es la r\u00e1pida desintoxicaci\u00f3n que proporciona al organismo. La placenta humana es muy rica en factores de crecimiento, por lo que GC Laennec, que se fabrica en cooperaci\u00f3n con JBP, ayudar\u00e1 a impulsar la regeneraci\u00f3n celular (y de la piel, en particular).<\/p>\n<h3>Curso de tratamiento<\/h3>\n<p>JBP Laennec siempre debe ser administrado por un m\u00e9dico autorizado con la formaci\u00f3n necesaria. El tratamiento con este producto de extracto de placenta humana es de dos etapas. Inicialmente, el paciente recibir\u00e1 inyecciones dos o tres veces por semana, con una \u00fanica sesi\u00f3n que implica la inyecci\u00f3n de una ampolla del producto. Esto se repite durante cuatro semanas, despu\u00e9s de las cuales las sesiones de inyecci\u00f3n se realizan una vez cada dos semanas.<\/p>","protected":false},"excerpt":{"rendered":"<p>Hay muchas maneras de retardar el proceso de envejecimiento y revertir al menos algunos de sus signos. Pero pocas soluciones cosm\u00e9ticas y m\u00e9dicas tienen el poder de GC Laennec, que aprovecha al m\u00e1ximo el extracto de placenta humana. Las propiedades restauradoras de este extracto se han probado m\u00e9dicamente y esta soluci\u00f3n de placenta, fabricada en colaboraci\u00f3n con JBP, se ha probado cl\u00ednicamente de forma exhaustiva y se ha creado mediante un proceso de fabricaci\u00f3n innovador.<\/p>","protected":false},"featured_media":35093,"template":"","meta":{"_acf_changed":false},"product_brand":[],"product_cat":[89,23,18],"product_tag":[91,138,111,145,143,139,137],"class_list":{"0":"post-586","1":"product","2":"type-product","3":"status-publish","4":"has-post-thumbnail","6":"product_cat-big-holiday-sale","7":"product_cat-jbp","8":"product_cat-mesotherapy","9":"product_tag-91","10":"product_tag-anti-aging","11":"product_tag-face","12":"product_tag-nourishing","13":"product_tag-rejuvenating","14":"product_tag-restoration","15":"product_tag-south-korea","17":"first","18":"instock","19":"sale","20":"taxable","21":"shipping-taxable","22":"purchasable","23":"product-type-simple"},"acf":[],"yoast_head":"<!-- This site is optimized with the Yoast SEO plugin v27.4 - https:\/\/yoast.com\/product\/yoast-seo-wordpress\/ -->\n<title>Buy GC Laennec Injection (Alternative to JBP) - Fillers from My Lip Filler<\/title>\n<meta name=\"description\" content=\"\u2765Buy GC Laennec Injection (Alternative to JBP) \u23e9 My Lip Filler online store \u27a6 Quality assurance, reviews, ingredients, best prices!\" \/>\n<meta name=\"robots\" content=\"index, follow, max-snippet:-1, max-image-preview:large, max-video-preview:-1\" \/>\n<link rel=\"canonical\" href=\"https:\/\/mylipfiller.com\/es\/jbp-laennec-injection\/\" \/>\n<meta property=\"og:locale\" content=\"es_MX\" \/>\n<meta property=\"og:type\" content=\"article\" \/>\n<meta property=\"og:title\" content=\"Buy GC Laennec Injection (Alternative to JBP) - Fillers from My Lip Filler\" \/>\n<meta property=\"og:description\" content=\"\u2765Buy GC Laennec Injection (Alternative to JBP) \u23e9 My Lip Filler online store \u27a6 Quality assurance, reviews, ingredients, best prices!\" \/>\n<meta property=\"og:url\" content=\"https:\/\/mylipfiller.com\/es\/jbp-laennec-injection\/\" \/>\n<meta property=\"og:site_name\" content=\"My Lip Filler\" \/>\n<meta property=\"article:modified_time\" content=\"2024-03-13T12:50:30+00:00\" \/>\n<meta property=\"og:image\" content=\"https:\/\/cdn.mylipfiller.com\/wp-content\/uploads\/2019\/03\/GreenCross-GC-Laennec.jpg\" \/>\n\t<meta property=\"og:image:width\" content=\"600\" \/>\n\t<meta property=\"og:image:height\" content=\"600\" \/>\n\t<meta property=\"og:image:type\" content=\"image\/jpeg\" \/>\n<meta name=\"twitter:card\" content=\"summary_large_image\" \/>\n<meta name=\"twitter:label1\" content=\"Tiempo de lectura\" \/>\n\t<meta name=\"twitter:data1\" content=\"2 minutos\" \/>\n<script type=\"application\/ld+json\" class=\"yoast-schema-graph\">{\"@context\":\"https:\\\/\\\/schema.org\",\"@graph\":[{\"@type\":\"WebPage\",\"@id\":\"https:\\\/\\\/mylipfiller.com\\\/jbp-laennec-injection\\\/\",\"url\":\"https:\\\/\\\/mylipfiller.com\\\/jbp-laennec-injection\\\/\",\"name\":\"Buy GC Laennec Injection (Alternative to JBP) - Fillers from My Lip Filler\",\"isPartOf\":{\"@id\":\"https:\\\/\\\/mylipfiller.com\\\/#website\"},\"primaryImageOfPage\":{\"@id\":\"https:\\\/\\\/mylipfiller.com\\\/jbp-laennec-injection\\\/#primaryimage\"},\"image\":{\"@id\":\"https:\\\/\\\/mylipfiller.com\\\/jbp-laennec-injection\\\/#primaryimage\"},\"thumbnailUrl\":\"https:\\\/\\\/mylipfiller.com\\\/wp-content\\\/uploads\\\/2019\\\/03\\\/GreenCross-GC-Laennec.jpg\",\"datePublished\":\"2019-03-05T14:19:16+00:00\",\"dateModified\":\"2024-03-13T12:50:30+00:00\",\"description\":\"\u2765Buy GC Laennec Injection (Alternative to JBP) \u23e9 My Lip Filler online store \u27a6 Quality assurance, reviews, ingredients, best prices!\",\"breadcrumb\":{\"@id\":\"https:\\\/\\\/mylipfiller.com\\\/jbp-laennec-injection\\\/#breadcrumb\"},\"inLanguage\":\"es\",\"potentialAction\":[{\"@type\":\"ReadAction\",\"target\":[\"https:\\\/\\\/mylipfiller.com\\\/jbp-laennec-injection\\\/\"]}]},{\"@type\":\"ImageObject\",\"inLanguage\":\"es\",\"@id\":\"https:\\\/\\\/mylipfiller.com\\\/jbp-laennec-injection\\\/#primaryimage\",\"url\":\"https:\\\/\\\/mylipfiller.com\\\/wp-content\\\/uploads\\\/2019\\\/03\\\/GreenCross-GC-Laennec.jpg\",\"contentUrl\":\"https:\\\/\\\/mylipfiller.com\\\/wp-content\\\/uploads\\\/2019\\\/03\\\/GreenCross-GC-Laennec.jpg\",\"width\":600,\"height\":600,\"caption\":\"GreenCross GC Laennec\"},{\"@type\":\"BreadcrumbList\",\"@id\":\"https:\\\/\\\/mylipfiller.com\\\/jbp-laennec-injection\\\/#breadcrumb\",\"itemListElement\":[{\"@type\":\"ListItem\",\"position\":1,\"name\":\"Home\",\"item\":\"https:\\\/\\\/mylipfiller.com\\\/\"},{\"@type\":\"ListItem\",\"position\":2,\"name\":\"Shop\",\"item\":\"https:\\\/\\\/mylipfiller.com\\\/shop\\\/\"},{\"@type\":\"ListItem\",\"position\":3,\"name\":\"GC Laennec Injection (Alternative to JBP)\"}]},{\"@type\":\"WebSite\",\"@id\":\"https:\\\/\\\/mylipfiller.com\\\/#website\",\"url\":\"https:\\\/\\\/mylipfiller.com\\\/\",\"name\":\"My Lip Filler\",\"description\":\"Hyaluronic Acid Lip and Dermal Fillers\",\"publisher\":{\"@id\":\"https:\\\/\\\/mylipfiller.com\\\/#organization\"},\"potentialAction\":[{\"@type\":\"SearchAction\",\"target\":{\"@type\":\"EntryPoint\",\"urlTemplate\":\"https:\\\/\\\/mylipfiller.com\\\/?s={search_term_string}\"},\"query-input\":{\"@type\":\"PropertyValueSpecification\",\"valueRequired\":true,\"valueName\":\"search_term_string\"}}],\"inLanguage\":\"es\"},{\"@type\":\"Organization\",\"@id\":\"https:\\\/\\\/mylipfiller.com\\\/#organization\",\"name\":\"My Lip Filler\",\"url\":\"https:\\\/\\\/mylipfiller.com\\\/\",\"logo\":{\"@type\":\"ImageObject\",\"inLanguage\":\"es\",\"@id\":\"https:\\\/\\\/mylipfiller.com\\\/#\\\/schema\\\/logo\\\/image\\\/\",\"url\":\"https:\\\/\\\/mylipfiller.com\\\/wp-content\\\/uploads\\\/2019\\\/02\\\/cropped-My-Lip-Filler-Logo.png\",\"contentUrl\":\"https:\\\/\\\/mylipfiller.com\\\/wp-content\\\/uploads\\\/2019\\\/02\\\/cropped-My-Lip-Filler-Logo.png\",\"width\":240,\"height\":88,\"caption\":\"My Lip Filler\"},\"image\":{\"@id\":\"https:\\\/\\\/mylipfiller.com\\\/#\\\/schema\\\/logo\\\/image\\\/\"}}]}<\/script>\n<!-- \/ Yoast SEO plugin. -->","yoast_head_json":{"title":"Compre GC Laennec Inyecci\u00f3n (alternativa a JBP) - Rellenos de My Lip Filler","description":"\u2765Compre GC Laennec Inyecci\u00f3n (Alternativa a JBP) \u23e9 Tienda online My Lip Filler \u27a6 Garant\u00eda de calidad, rese\u00f1as, ingredientes, \u00a1los mejores precios!","robots":{"index":"index","follow":"follow","max-snippet":"max-snippet:-1","max-image-preview":"max-image-preview:large","max-video-preview":"max-video-preview:-1"},"canonical":"https:\/\/mylipfiller.com\/es\/jbp-laennec-injection\/","og_locale":"es_MX","og_type":"article","og_title":"Buy GC Laennec Injection (Alternative to JBP) - Fillers from My Lip Filler","og_description":"\u2765Buy GC Laennec Injection (Alternative to JBP) \u23e9 My Lip Filler online store \u27a6 Quality assurance, reviews, ingredients, best prices!","og_url":"https:\/\/mylipfiller.com\/es\/jbp-laennec-injection\/","og_site_name":"My Lip Filler","article_modified_time":"2024-03-13T12:50:30+00:00","og_image":[{"width":600,"height":600,"url":"https:\/\/cdn.mylipfiller.com\/wp-content\/uploads\/2019\/03\/GreenCross-GC-Laennec.jpg","type":"image\/jpeg"}],"twitter_card":"summary_large_image","twitter_misc":{"Tiempo de lectura":"2 minutos"},"schema":{"@context":"https:\/\/schema.org","@graph":[{"@type":"WebPage","@id":"https:\/\/mylipfiller.com\/jbp-laennec-injection\/","url":"https:\/\/mylipfiller.com\/jbp-laennec-injection\/","name":"Compre GC Laennec Inyecci\u00f3n (alternativa a JBP) - Rellenos de My Lip Filler","isPartOf":{"@id":"https:\/\/mylipfiller.com\/#website"},"primaryImageOfPage":{"@id":"https:\/\/mylipfiller.com\/jbp-laennec-injection\/#primaryimage"},"image":{"@id":"https:\/\/mylipfiller.com\/jbp-laennec-injection\/#primaryimage"},"thumbnailUrl":"https:\/\/cdn.mylipfiller.com\/wp-content\/uploads\/2019\/03\/GreenCross-GC-Laennec.jpg","datePublished":"2019-03-05T14:19:16+00:00","dateModified":"2024-03-13T12:50:30+00:00","description":"\u2765Compre GC Laennec Inyecci\u00f3n (Alternativa a JBP) \u23e9 Tienda online My Lip Filler \u27a6 Garant\u00eda de calidad, rese\u00f1as, ingredientes, \u00a1los mejores precios!","breadcrumb":{"@id":"https:\/\/mylipfiller.com\/jbp-laennec-injection\/#breadcrumb"},"inLanguage":"es","potentialAction":[{"@type":"ReadAction","target":["https:\/\/mylipfiller.com\/jbp-laennec-injection\/"]}]},{"@type":"ImageObject","inLanguage":"es","@id":"https:\/\/mylipfiller.com\/jbp-laennec-injection\/#primaryimage","url":"https:\/\/cdn.mylipfiller.com\/wp-content\/uploads\/2019\/03\/GreenCross-GC-Laennec.jpg","contentUrl":"https:\/\/cdn.mylipfiller.com\/wp-content\/uploads\/2019\/03\/GreenCross-GC-Laennec.jpg","width":600,"height":600,"caption":"GreenCross GC Laennec"},{"@type":"BreadcrumbList","@id":"https:\/\/mylipfiller.com\/jbp-laennec-injection\/#breadcrumb","itemListElement":[{"@type":"ListItem","position":1,"name":"Home","item":"https:\/\/mylipfiller.com\/"},{"@type":"ListItem","position":2,"name":"Shop","item":"https:\/\/mylipfiller.com\/shop\/"},{"@type":"ListItem","position":3,"name":"GC Laennec Injection (Alternative to JBP)"}]},{"@type":"WebSite","@id":"https:\/\/mylipfiller.com\/#website","url":"https:\/\/mylipfiller.com\/","name":"Mi relleno de labios","description":"Rellenos d\u00e9rmicos y de labios con \u00e1cido hialur\u00f3nico","publisher":{"@id":"https:\/\/mylipfiller.com\/#organization"},"potentialAction":[{"@type":"SearchAction","target":{"@type":"EntryPoint","urlTemplate":"https:\/\/mylipfiller.com\/?s={search_term_string}"},"query-input":{"@type":"PropertyValueSpecification","valueRequired":true,"valueName":"search_term_string"}}],"inLanguage":"es"},{"@type":"Organization","@id":"https:\/\/mylipfiller.com\/#organization","name":"Mi relleno de labios","url":"https:\/\/mylipfiller.com\/","logo":{"@type":"ImageObject","inLanguage":"es","@id":"https:\/\/mylipfiller.com\/#\/schema\/logo\/image\/","url":"https:\/\/cdn.mylipfiller.com\/wp-content\/uploads\/2019\/02\/cropped-My-Lip-Filler-Logo.png","contentUrl":"https:\/\/cdn.mylipfiller.com\/wp-content\/uploads\/2019\/02\/cropped-My-Lip-Filler-Logo.png","width":240,"height":88,"caption":"My Lip Filler"},"image":{"@id":"https:\/\/mylipfiller.com\/#\/schema\/logo\/image\/"}}]}},"_links":{"self":[{"href":"https:\/\/mylipfiller.com\/es\/wp-json\/wp\/v2\/product\/586","targetHints":{"allow":["GET"]}}],"collection":[{"href":"https:\/\/mylipfiller.com\/es\/wp-json\/wp\/v2\/product"}],"about":[{"href":"https:\/\/mylipfiller.com\/es\/wp-json\/wp\/v2\/types\/product"}],"wp:featuredmedia":[{"embeddable":true,"href":"https:\/\/mylipfiller.com\/es\/wp-json\/wp\/v2\/media\/35093"}],"wp:attachment":[{"href":"https:\/\/mylipfiller.com\/es\/wp-json\/wp\/v2\/media?parent=586"}],"wp:term":[{"taxonomy":"product_brand","embeddable":true,"href":"https:\/\/mylipfiller.com\/es\/wp-json\/wp\/v2\/product_brand?post=586"},{"taxonomy":"product_cat","embeddable":true,"href":"https:\/\/mylipfiller.com\/es\/wp-json\/wp\/v2\/product_cat?post=586"},{"taxonomy":"product_tag","embeddable":true,"href":"https:\/\/mylipfiller.com\/es\/wp-json\/wp\/v2\/product_tag?post=586"}],"curies":[{"name":"gracias","href":"https:\/\/api.w.org\/{rel}","templated":true}]}}