{"id":587,"date":"2019-03-05T16:21:13","date_gmt":"2019-03-05T14:21:13","guid":{"rendered":"https:\/\/mylipfiller.com\/?post_type=product&#038;p=587"},"modified":"2024-07-03T17:33:00","modified_gmt":"2024-07-03T15:33:00","slug":"jbp-nanocannula","status":"publish","type":"product","link":"https:\/\/mylipfiller.com\/es\/jbp-nanocannula\/","title":{"rendered":"NanoC\u00e1nula JBP"},"content":{"rendered":"<p>La calidad de una c\u00e1nula es el principal factor determinante de la seguridad de un procedimiento de inyecci\u00f3n. Solo si est\u00e1 fabricado con los mejores materiales posibles, el m\u00e9dico puede estar seguro de que no se da\u00f1ar\u00e1n los tejidos hipod\u00e9rmicos del paciente. Hecho de acero inoxidable de alta calidad, JBP NanoCannula asegurar\u00e1 que todo el proceso de inyecci\u00f3n pueda ser controlado f\u00e1cilmente por el m\u00e9dico y reducir\u00e1 el nivel de malestar que experimenta el paciente. Estas c\u00e1nulas son una garant\u00eda para una experiencia de inyecci\u00f3n segura y sin problemas. Cabe se\u00f1alar que el producto est\u00e1 aprobado por la FDA, cumpliendo con todas las especificaciones con la aguja de pared fina, que ha sido micro pulida, mediante una t\u00e9cnica innovadora.<\/p>\n<p>\u00bfPor qu\u00e9 JBP NanoCannula?<\/p>\n<p>La gran calidad de este juego de c\u00e1nulas es incuestionable. Usarlos asegura:<\/p>\n<ul>\n<li>Menos dolor para el paciente<\/li>\n<li>M\u00e1s precisi\u00f3n para el m\u00e9dico<\/li>\n<li>Sin da\u00f1o tisular<\/li>\n<li>F\u00e1cil penetraci\u00f3n a trav\u00e9s de la piel.<\/li>\n<\/ul>\n<p>Una caracter\u00edstica importante de la aguja son las paredes delgadas, que simult\u00e1neamente reducen el dolor y permiten un mejor proceso de inyecci\u00f3n con mayor flujo. El da\u00f1o a los tejidos hipod\u00e9rmicos se evita debido a ellos y las secuelas de la inyecci\u00f3n son m\u00ednimas o nulas.<\/p>","protected":false},"excerpt":{"rendered":"<p>NanoCannula se encuentran entre las c\u00e1nulas de inyecci\u00f3n de mayor calidad en el mercado, ofreciendo confiabilidad a los m\u00e9dicos y m\u00e1s comodidad y menos dolor al paciente. La penetraci\u00f3n con estas c\u00e1nulas es con muy bajo nivel de resistencia de la piel, reduciendo a\u00fan m\u00e1s el dolor que experimentan los pacientes. Se trata de una l\u00ednea vers\u00e1til de productos con una selecci\u00f3n de tama\u00f1os en cuanto a longitud y di\u00e1metro, lo que los convierte en la elecci\u00f3n adecuada para cualquier tipo de procedimiento de inyecci\u00f3n, ya sea cosm\u00e9tico o medicinal.<\/p>","protected":false},"featured_media":545,"template":"","meta":{"_acf_changed":false},"product_brand":[],"product_cat":[36,23],"product_tag":[],"class_list":{"0":"post-587","1":"product","2":"type-product","3":"status-publish","4":"has-post-thumbnail","6":"product_cat-cannulas","7":"product_cat-jbp","9":"first","10":"outofstock","11":"taxable","12":"shipping-taxable","13":"purchasable","14":"product-type-simple"},"acf":[],"yoast_head":"<!-- This site is optimized with the Yoast SEO plugin v27.4 - https:\/\/yoast.com\/product\/yoast-seo-wordpress\/ -->\n<title>Buy JBP NanoCannula - Fillers from My Lip Filler<\/title>\n<meta name=\"description\" content=\"\u2765Buy JBP NanoCannula \u23e9 My Lip Filler online store \u27a6 Quality assurance, reviews, ingredients, best prices!\" \/>\n<meta name=\"robots\" content=\"index, follow, max-snippet:-1, max-image-preview:large, max-video-preview:-1\" \/>\n<link rel=\"canonical\" href=\"https:\/\/mylipfiller.com\/es\/jbp-nanocannula\/\" \/>\n<meta property=\"og:locale\" content=\"es_MX\" \/>\n<meta property=\"og:type\" content=\"article\" \/>\n<meta property=\"og:title\" content=\"Buy JBP NanoCannula - Fillers from My Lip Filler\" \/>\n<meta property=\"og:description\" content=\"\u2765Buy JBP NanoCannula \u23e9 My Lip Filler online store \u27a6 Quality assurance, reviews, ingredients, best prices!\" \/>\n<meta property=\"og:url\" content=\"https:\/\/mylipfiller.com\/es\/jbp-nanocannula\/\" \/>\n<meta property=\"og:site_name\" content=\"My Lip Filler\" \/>\n<meta property=\"article:modified_time\" content=\"2024-07-03T15:33:00+00:00\" \/>\n<meta property=\"og:image\" content=\"https:\/\/cdn.mylipfiller.com\/wp-content\/uploads\/2019\/03\/JBP-NanoCannula.jpg\" \/>\n\t<meta property=\"og:image:width\" content=\"450\" \/>\n\t<meta property=\"og:image:height\" content=\"450\" \/>\n\t<meta property=\"og:image:type\" content=\"image\/jpeg\" \/>\n<meta name=\"twitter:card\" content=\"summary_large_image\" \/>\n<meta name=\"twitter:label1\" content=\"Tiempo de lectura\" \/>\n\t<meta name=\"twitter:data1\" content=\"2 minutos\" \/>\n<script type=\"application\/ld+json\" class=\"yoast-schema-graph\">{\"@context\":\"https:\\\/\\\/schema.org\",\"@graph\":[{\"@type\":\"WebPage\",\"@id\":\"https:\\\/\\\/mylipfiller.com\\\/jbp-nanocannula\\\/\",\"url\":\"https:\\\/\\\/mylipfiller.com\\\/jbp-nanocannula\\\/\",\"name\":\"Buy JBP NanoCannula - Fillers from My Lip Filler\",\"isPartOf\":{\"@id\":\"https:\\\/\\\/mylipfiller.com\\\/#website\"},\"primaryImageOfPage\":{\"@id\":\"https:\\\/\\\/mylipfiller.com\\\/jbp-nanocannula\\\/#primaryimage\"},\"image\":{\"@id\":\"https:\\\/\\\/mylipfiller.com\\\/jbp-nanocannula\\\/#primaryimage\"},\"thumbnailUrl\":\"https:\\\/\\\/mylipfiller.com\\\/wp-content\\\/uploads\\\/2019\\\/03\\\/JBP-NanoCannula.jpg\",\"datePublished\":\"2019-03-05T14:21:13+00:00\",\"dateModified\":\"2024-07-03T15:33:00+00:00\",\"description\":\"\u2765Buy JBP NanoCannula \u23e9 My Lip Filler online store \u27a6 Quality assurance, reviews, ingredients, best prices!\",\"breadcrumb\":{\"@id\":\"https:\\\/\\\/mylipfiller.com\\\/jbp-nanocannula\\\/#breadcrumb\"},\"inLanguage\":\"es\",\"potentialAction\":[{\"@type\":\"ReadAction\",\"target\":[\"https:\\\/\\\/mylipfiller.com\\\/jbp-nanocannula\\\/\"]}]},{\"@type\":\"ImageObject\",\"inLanguage\":\"es\",\"@id\":\"https:\\\/\\\/mylipfiller.com\\\/jbp-nanocannula\\\/#primaryimage\",\"url\":\"https:\\\/\\\/mylipfiller.com\\\/wp-content\\\/uploads\\\/2019\\\/03\\\/JBP-NanoCannula.jpg\",\"contentUrl\":\"https:\\\/\\\/mylipfiller.com\\\/wp-content\\\/uploads\\\/2019\\\/03\\\/JBP-NanoCannula.jpg\",\"width\":450,\"height\":450,\"caption\":\"JBP NanoCannula\"},{\"@type\":\"BreadcrumbList\",\"@id\":\"https:\\\/\\\/mylipfiller.com\\\/jbp-nanocannula\\\/#breadcrumb\",\"itemListElement\":[{\"@type\":\"ListItem\",\"position\":1,\"name\":\"Home\",\"item\":\"https:\\\/\\\/mylipfiller.com\\\/\"},{\"@type\":\"ListItem\",\"position\":2,\"name\":\"Shop\",\"item\":\"https:\\\/\\\/mylipfiller.com\\\/shop\\\/\"},{\"@type\":\"ListItem\",\"position\":3,\"name\":\"JBP NanoCannula\"}]},{\"@type\":\"WebSite\",\"@id\":\"https:\\\/\\\/mylipfiller.com\\\/#website\",\"url\":\"https:\\\/\\\/mylipfiller.com\\\/\",\"name\":\"My Lip Filler\",\"description\":\"Hyaluronic Acid Lip and Dermal Fillers\",\"publisher\":{\"@id\":\"https:\\\/\\\/mylipfiller.com\\\/#organization\"},\"potentialAction\":[{\"@type\":\"SearchAction\",\"target\":{\"@type\":\"EntryPoint\",\"urlTemplate\":\"https:\\\/\\\/mylipfiller.com\\\/?s={search_term_string}\"},\"query-input\":{\"@type\":\"PropertyValueSpecification\",\"valueRequired\":true,\"valueName\":\"search_term_string\"}}],\"inLanguage\":\"es\"},{\"@type\":\"Organization\",\"@id\":\"https:\\\/\\\/mylipfiller.com\\\/#organization\",\"name\":\"My Lip Filler\",\"url\":\"https:\\\/\\\/mylipfiller.com\\\/\",\"logo\":{\"@type\":\"ImageObject\",\"inLanguage\":\"es\",\"@id\":\"https:\\\/\\\/mylipfiller.com\\\/#\\\/schema\\\/logo\\\/image\\\/\",\"url\":\"https:\\\/\\\/mylipfiller.com\\\/wp-content\\\/uploads\\\/2019\\\/02\\\/cropped-My-Lip-Filler-Logo.png\",\"contentUrl\":\"https:\\\/\\\/mylipfiller.com\\\/wp-content\\\/uploads\\\/2019\\\/02\\\/cropped-My-Lip-Filler-Logo.png\",\"width\":240,\"height\":88,\"caption\":\"My Lip Filler\"},\"image\":{\"@id\":\"https:\\\/\\\/mylipfiller.com\\\/#\\\/schema\\\/logo\\\/image\\\/\"}}]}<\/script>\n<!-- \/ Yoast SEO plugin. -->","yoast_head_json":{"title":"Compre NanoCannula JBP - Rellenos de My Lip Filler","description":"\u2765Compre NanoCannula JBP \u23e9 Tienda online My Lip Filler \u27a6 Garant\u00eda de calidad, rese\u00f1as, ingredientes, \u00a1los mejores precios!","robots":{"index":"index","follow":"follow","max-snippet":"max-snippet:-1","max-image-preview":"max-image-preview:large","max-video-preview":"max-video-preview:-1"},"canonical":"https:\/\/mylipfiller.com\/es\/jbp-nanocannula\/","og_locale":"es_MX","og_type":"article","og_title":"Buy JBP NanoCannula - Fillers from My Lip Filler","og_description":"\u2765Buy JBP NanoCannula \u23e9 My Lip Filler online store \u27a6 Quality assurance, reviews, ingredients, best prices!","og_url":"https:\/\/mylipfiller.com\/es\/jbp-nanocannula\/","og_site_name":"My Lip Filler","article_modified_time":"2024-07-03T15:33:00+00:00","og_image":[{"width":450,"height":450,"url":"https:\/\/cdn.mylipfiller.com\/wp-content\/uploads\/2019\/03\/JBP-NanoCannula.jpg","type":"image\/jpeg"}],"twitter_card":"summary_large_image","twitter_misc":{"Tiempo de lectura":"2 minutos"},"schema":{"@context":"https:\/\/schema.org","@graph":[{"@type":"WebPage","@id":"https:\/\/mylipfiller.com\/jbp-nanocannula\/","url":"https:\/\/mylipfiller.com\/jbp-nanocannula\/","name":"Compre NanoCannula JBP - Rellenos de My Lip Filler","isPartOf":{"@id":"https:\/\/mylipfiller.com\/#website"},"primaryImageOfPage":{"@id":"https:\/\/mylipfiller.com\/jbp-nanocannula\/#primaryimage"},"image":{"@id":"https:\/\/mylipfiller.com\/jbp-nanocannula\/#primaryimage"},"thumbnailUrl":"https:\/\/cdn.mylipfiller.com\/wp-content\/uploads\/2019\/03\/JBP-NanoCannula.jpg","datePublished":"2019-03-05T14:21:13+00:00","dateModified":"2024-07-03T15:33:00+00:00","description":"\u2765Compre NanoCannula JBP \u23e9 Tienda online My Lip Filler \u27a6 Garant\u00eda de calidad, rese\u00f1as, ingredientes, \u00a1los mejores precios!","breadcrumb":{"@id":"https:\/\/mylipfiller.com\/jbp-nanocannula\/#breadcrumb"},"inLanguage":"es","potentialAction":[{"@type":"ReadAction","target":["https:\/\/mylipfiller.com\/jbp-nanocannula\/"]}]},{"@type":"ImageObject","inLanguage":"es","@id":"https:\/\/mylipfiller.com\/jbp-nanocannula\/#primaryimage","url":"https:\/\/cdn.mylipfiller.com\/wp-content\/uploads\/2019\/03\/JBP-NanoCannula.jpg","contentUrl":"https:\/\/cdn.mylipfiller.com\/wp-content\/uploads\/2019\/03\/JBP-NanoCannula.jpg","width":450,"height":450,"caption":"JBP NanoCannula"},{"@type":"BreadcrumbList","@id":"https:\/\/mylipfiller.com\/jbp-nanocannula\/#breadcrumb","itemListElement":[{"@type":"ListItem","position":1,"name":"Home","item":"https:\/\/mylipfiller.com\/"},{"@type":"ListItem","position":2,"name":"Shop","item":"https:\/\/mylipfiller.com\/shop\/"},{"@type":"ListItem","position":3,"name":"JBP NanoCannula"}]},{"@type":"WebSite","@id":"https:\/\/mylipfiller.com\/#website","url":"https:\/\/mylipfiller.com\/","name":"Mi relleno de labios","description":"Rellenos d\u00e9rmicos y de labios con \u00e1cido hialur\u00f3nico","publisher":{"@id":"https:\/\/mylipfiller.com\/#organization"},"potentialAction":[{"@type":"SearchAction","target":{"@type":"EntryPoint","urlTemplate":"https:\/\/mylipfiller.com\/?s={search_term_string}"},"query-input":{"@type":"PropertyValueSpecification","valueRequired":true,"valueName":"search_term_string"}}],"inLanguage":"es"},{"@type":"Organization","@id":"https:\/\/mylipfiller.com\/#organization","name":"Mi relleno de labios","url":"https:\/\/mylipfiller.com\/","logo":{"@type":"ImageObject","inLanguage":"es","@id":"https:\/\/mylipfiller.com\/#\/schema\/logo\/image\/","url":"https:\/\/cdn.mylipfiller.com\/wp-content\/uploads\/2019\/02\/cropped-My-Lip-Filler-Logo.png","contentUrl":"https:\/\/cdn.mylipfiller.com\/wp-content\/uploads\/2019\/02\/cropped-My-Lip-Filler-Logo.png","width":240,"height":88,"caption":"My Lip Filler"},"image":{"@id":"https:\/\/mylipfiller.com\/#\/schema\/logo\/image\/"}}]}},"_links":{"self":[{"href":"https:\/\/mylipfiller.com\/es\/wp-json\/wp\/v2\/product\/587","targetHints":{"allow":["GET"]}}],"collection":[{"href":"https:\/\/mylipfiller.com\/es\/wp-json\/wp\/v2\/product"}],"about":[{"href":"https:\/\/mylipfiller.com\/es\/wp-json\/wp\/v2\/types\/product"}],"wp:featuredmedia":[{"embeddable":true,"href":"https:\/\/mylipfiller.com\/es\/wp-json\/wp\/v2\/media\/545"}],"wp:attachment":[{"href":"https:\/\/mylipfiller.com\/es\/wp-json\/wp\/v2\/media?parent=587"}],"wp:term":[{"taxonomy":"product_brand","embeddable":true,"href":"https:\/\/mylipfiller.com\/es\/wp-json\/wp\/v2\/product_brand?post=587"},{"taxonomy":"product_cat","embeddable":true,"href":"https:\/\/mylipfiller.com\/es\/wp-json\/wp\/v2\/product_cat?post=587"},{"taxonomy":"product_tag","embeddable":true,"href":"https:\/\/mylipfiller.com\/es\/wp-json\/wp\/v2\/product_tag?post=587"}],"curies":[{"name":"gracias","href":"https:\/\/api.w.org\/{rel}","templated":true}]}}