{"id":588,"date":"2019-03-05T16:22:54","date_gmt":"2019-03-05T14:22:54","guid":{"rendered":"https:\/\/mylipfiller.com\/?post_type=product&#038;p=588"},"modified":"2024-07-03T17:33:00","modified_gmt":"2024-07-03T15:33:00","slug":"kabelline-contouring-serum","status":"publish","type":"product","link":"https:\/\/mylipfiller.com\/es\/kabelline-contouring-serum\/","title":{"rendered":"Kabelline Suero Contorno"},"content":{"rendered":"<p>El secreto de la eficacia del Kabelline es el \u00e1cido desoxic\u00f3lico aprobado por la FDA, un subproducto de una bacteria que se puede encontrar en los intestinos humanos. Esta sustancia tiene la capacidad de estimular en gran medida el metabolismo natural del cuerpo. Cuando el producto se inyecta en un \u00e1rea con tejido graso, el cuerpo comenzar\u00e1 a quemar y disolver naturalmente las c\u00e9lulas grasas, convirti\u00e9ndolas en agua y p\u00e9ptidos, que se eliminan de forma segura y natural.<\/p>\n<p>Adem\u00e1s, Kabelline estimula al cuerpo a absorber mejor el agua, lo que tambi\u00e9n provoca la disoluci\u00f3n de las c\u00e9lulas grasas en un proceso conocido como \u201clipodisoluci\u00f3n hipot\u00f3nica\u201d.<\/p>\n<h3>\u00bfQu\u00e9 contiene la caja?<\/h3>\n<p>Kabelline se presenta en 5 dosis en forma de ampollas, cada una de las cuales contiene 8 ml del producto disolvente de grasas. Estos se pueden inyectar en una variedad de \u00e1reas del cuerpo y son seguros para eliminar el exceso de tejido graso.<\/p>\n<p>La inyecci\u00f3n del suero Kabelline siempre debe realizarla un profesional m\u00e9dico. En una sola sesi\u00f3n de inyecci\u00f3n se puede utilizar desde la mitad hasta un vial completo de suero disolvente de grasa. Dado que se trata de una soluci\u00f3n potente, deben pasar un m\u00ednimo de 7 d\u00edas antes de su pr\u00f3xima visita al m\u00e9dico para recibir una nueva inyecci\u00f3n. Una sola inyecci\u00f3n debe ser de aproximadamente 0,2 ml, con un m\u00e1ximo absoluto de 50 inyecciones por sesi\u00f3n y la distancia entre los puntos de inyecci\u00f3n no debe ser inferior a diez mm.<\/p>\n<p>Cuando se realiza un tratamiento adecuado con el suero disolvente de grasa Kabelline, puede ofrecer una eliminaci\u00f3n poderosa y eficiente de las c\u00e9lulas grasas, que a diferencia de la cirug\u00eda no requiere amanecer y es mucho m\u00e1s segura e indolora que la cirug\u00eda pl\u00e1stica. Si el paciente quiere lograr resultados absolutamente \u00f3ptimos, debe combinar las inyecciones de suero con ejercicio y una dieta equilibrada.<\/p>","protected":false},"excerpt":{"rendered":"<p>\u00bfPor qu\u00e9 utilizar productos para la resoluci\u00f3n de grasas y por qu\u00e9 elegir Kabelline? Si desea una alternativa r\u00e1pida e indolora a la cirug\u00eda pl\u00e1stica tradicional y, lo que es m\u00e1s importante, una forma segura y sencilla de tratar el exceso de tejido graso, este es el producto inyectable para usted. A base de \u00e1cido desoxic\u00f3lico (aprobado por la FDA), se puede inyectar en \u00e1reas espec\u00edficas del cuerpo, lo que la convierte en una soluci\u00f3n m\u00e1s flexible que la cirug\u00eda, permitiendo el tratamiento de \u00e1reas dif\u00edciles como el cuello, por ejemplo.<\/p>","protected":false},"featured_media":546,"template":"","meta":{"_acf_changed":false},"product_brand":[],"product_cat":[24,18],"product_tag":[147],"class_list":{"0":"post-588","1":"product","2":"type-product","3":"status-publish","4":"has-post-thumbnail","6":"product_cat-kabelline","7":"product_cat-mesotherapy","8":"product_tag-moisturizing","10":"first","11":"outofstock","12":"taxable","13":"shipping-taxable","14":"purchasable","15":"product-type-simple"},"acf":[],"yoast_head":"<!-- This site is optimized with the Yoast SEO plugin v27.3 - https:\/\/yoast.com\/product\/yoast-seo-wordpress\/ -->\n<title>Buy Kabelline Contouring Serum - Fillers from My Lip Filler<\/title>\n<meta name=\"description\" content=\"\u2765Buy Kabelline Contouring Serum \u23e9 My Lip Filler online store \u27a6 Quality assurance, reviews, ingredients, best prices!\" \/>\n<meta name=\"robots\" content=\"index, follow, max-snippet:-1, max-image-preview:large, max-video-preview:-1\" \/>\n<link rel=\"canonical\" href=\"https:\/\/mylipfiller.com\/es\/kabelline-contouring-serum\/\" \/>\n<meta property=\"og:locale\" content=\"es_MX\" \/>\n<meta property=\"og:type\" content=\"article\" \/>\n<meta property=\"og:title\" content=\"Buy Kabelline Contouring Serum - Fillers from My Lip Filler\" \/>\n<meta property=\"og:description\" content=\"\u2765Buy Kabelline Contouring Serum \u23e9 My Lip Filler online store \u27a6 Quality assurance, reviews, ingredients, best prices!\" \/>\n<meta property=\"og:url\" content=\"https:\/\/mylipfiller.com\/es\/kabelline-contouring-serum\/\" \/>\n<meta property=\"og:site_name\" content=\"My Lip Filler\" \/>\n<meta property=\"article:modified_time\" content=\"2024-07-03T15:33:00+00:00\" \/>\n<meta property=\"og:image\" content=\"https:\/\/cdn.mylipfiller.com\/wp-content\/uploads\/2019\/03\/Kabelline.jpg\" \/>\n\t<meta property=\"og:image:width\" content=\"600\" \/>\n\t<meta property=\"og:image:height\" content=\"600\" \/>\n\t<meta property=\"og:image:type\" content=\"image\/jpeg\" \/>\n<meta name=\"twitter:card\" content=\"summary_large_image\" \/>\n<meta name=\"twitter:label1\" content=\"Tiempo de lectura\" \/>\n\t<meta name=\"twitter:data1\" content=\"2 minutos\" \/>\n<script type=\"application\/ld+json\" class=\"yoast-schema-graph\">{\"@context\":\"https:\\\/\\\/schema.org\",\"@graph\":[{\"@type\":\"WebPage\",\"@id\":\"https:\\\/\\\/mylipfiller.com\\\/kabelline-contouring-serum\\\/\",\"url\":\"https:\\\/\\\/mylipfiller.com\\\/kabelline-contouring-serum\\\/\",\"name\":\"Buy Kabelline Contouring Serum - Fillers from My Lip Filler\",\"isPartOf\":{\"@id\":\"https:\\\/\\\/mylipfiller.com\\\/#website\"},\"primaryImageOfPage\":{\"@id\":\"https:\\\/\\\/mylipfiller.com\\\/kabelline-contouring-serum\\\/#primaryimage\"},\"image\":{\"@id\":\"https:\\\/\\\/mylipfiller.com\\\/kabelline-contouring-serum\\\/#primaryimage\"},\"thumbnailUrl\":\"https:\\\/\\\/mylipfiller.com\\\/wp-content\\\/uploads\\\/2019\\\/03\\\/Kabelline.jpg\",\"datePublished\":\"2019-03-05T14:22:54+00:00\",\"dateModified\":\"2024-07-03T15:33:00+00:00\",\"description\":\"\u2765Buy Kabelline Contouring Serum \u23e9 My Lip Filler online store \u27a6 Quality assurance, reviews, ingredients, best prices!\",\"breadcrumb\":{\"@id\":\"https:\\\/\\\/mylipfiller.com\\\/kabelline-contouring-serum\\\/#breadcrumb\"},\"inLanguage\":\"es\",\"potentialAction\":[{\"@type\":\"ReadAction\",\"target\":[\"https:\\\/\\\/mylipfiller.com\\\/kabelline-contouring-serum\\\/\"]}]},{\"@type\":\"ImageObject\",\"inLanguage\":\"es\",\"@id\":\"https:\\\/\\\/mylipfiller.com\\\/kabelline-contouring-serum\\\/#primaryimage\",\"url\":\"https:\\\/\\\/mylipfiller.com\\\/wp-content\\\/uploads\\\/2019\\\/03\\\/Kabelline.jpg\",\"contentUrl\":\"https:\\\/\\\/mylipfiller.com\\\/wp-content\\\/uploads\\\/2019\\\/03\\\/Kabelline.jpg\",\"width\":600,\"height\":600,\"caption\":\"Kabelline\"},{\"@type\":\"BreadcrumbList\",\"@id\":\"https:\\\/\\\/mylipfiller.com\\\/kabelline-contouring-serum\\\/#breadcrumb\",\"itemListElement\":[{\"@type\":\"ListItem\",\"position\":1,\"name\":\"Home\",\"item\":\"https:\\\/\\\/mylipfiller.com\\\/\"},{\"@type\":\"ListItem\",\"position\":2,\"name\":\"Shop\",\"item\":\"https:\\\/\\\/mylipfiller.com\\\/shop\\\/\"},{\"@type\":\"ListItem\",\"position\":3,\"name\":\"Kabelline Contouring Serum\"}]},{\"@type\":\"WebSite\",\"@id\":\"https:\\\/\\\/mylipfiller.com\\\/#website\",\"url\":\"https:\\\/\\\/mylipfiller.com\\\/\",\"name\":\"My Lip Filler\",\"description\":\"Hyaluronic Acid Lip and Dermal Fillers\",\"publisher\":{\"@id\":\"https:\\\/\\\/mylipfiller.com\\\/#organization\"},\"potentialAction\":[{\"@type\":\"SearchAction\",\"target\":{\"@type\":\"EntryPoint\",\"urlTemplate\":\"https:\\\/\\\/mylipfiller.com\\\/?s={search_term_string}\"},\"query-input\":{\"@type\":\"PropertyValueSpecification\",\"valueRequired\":true,\"valueName\":\"search_term_string\"}}],\"inLanguage\":\"es\"},{\"@type\":\"Organization\",\"@id\":\"https:\\\/\\\/mylipfiller.com\\\/#organization\",\"name\":\"My Lip Filler\",\"url\":\"https:\\\/\\\/mylipfiller.com\\\/\",\"logo\":{\"@type\":\"ImageObject\",\"inLanguage\":\"es\",\"@id\":\"https:\\\/\\\/mylipfiller.com\\\/#\\\/schema\\\/logo\\\/image\\\/\",\"url\":\"https:\\\/\\\/mylipfiller.com\\\/wp-content\\\/uploads\\\/2019\\\/02\\\/cropped-My-Lip-Filler-Logo.png\",\"contentUrl\":\"https:\\\/\\\/mylipfiller.com\\\/wp-content\\\/uploads\\\/2019\\\/02\\\/cropped-My-Lip-Filler-Logo.png\",\"width\":240,\"height\":88,\"caption\":\"My Lip Filler\"},\"image\":{\"@id\":\"https:\\\/\\\/mylipfiller.com\\\/#\\\/schema\\\/logo\\\/image\\\/\"}}]}<\/script>\n<!-- \/ Yoast SEO plugin. -->","yoast_head_json":{"title":"Compre suero contorno Kabelline - Rellenos de My Lip Filler","description":"\u2765Compra Kabelline Serum Contorno \u23e9 Tienda online My Lip Filler \u27a6 Garant\u00eda de calidad, rese\u00f1as, ingredientes, \u00a1los mejores precios!","robots":{"index":"index","follow":"follow","max-snippet":"max-snippet:-1","max-image-preview":"max-image-preview:large","max-video-preview":"max-video-preview:-1"},"canonical":"https:\/\/mylipfiller.com\/es\/kabelline-contouring-serum\/","og_locale":"es_MX","og_type":"article","og_title":"Buy Kabelline Contouring Serum - Fillers from My Lip Filler","og_description":"\u2765Buy Kabelline Contouring Serum \u23e9 My Lip Filler online store \u27a6 Quality assurance, reviews, ingredients, best prices!","og_url":"https:\/\/mylipfiller.com\/es\/kabelline-contouring-serum\/","og_site_name":"My Lip Filler","article_modified_time":"2024-07-03T15:33:00+00:00","og_image":[{"width":600,"height":600,"url":"https:\/\/cdn.mylipfiller.com\/wp-content\/uploads\/2019\/03\/Kabelline.jpg","type":"image\/jpeg"}],"twitter_card":"summary_large_image","twitter_misc":{"Tiempo de lectura":"2 minutos"},"schema":{"@context":"https:\/\/schema.org","@graph":[{"@type":"WebPage","@id":"https:\/\/mylipfiller.com\/kabelline-contouring-serum\/","url":"https:\/\/mylipfiller.com\/kabelline-contouring-serum\/","name":"Compre suero contorno Kabelline - Rellenos de My Lip Filler","isPartOf":{"@id":"https:\/\/mylipfiller.com\/#website"},"primaryImageOfPage":{"@id":"https:\/\/mylipfiller.com\/kabelline-contouring-serum\/#primaryimage"},"image":{"@id":"https:\/\/mylipfiller.com\/kabelline-contouring-serum\/#primaryimage"},"thumbnailUrl":"https:\/\/cdn.mylipfiller.com\/wp-content\/uploads\/2019\/03\/Kabelline.jpg","datePublished":"2019-03-05T14:22:54+00:00","dateModified":"2024-07-03T15:33:00+00:00","description":"\u2765Compra Kabelline Serum Contorno \u23e9 Tienda online My Lip Filler \u27a6 Garant\u00eda de calidad, rese\u00f1as, ingredientes, \u00a1los mejores precios!","breadcrumb":{"@id":"https:\/\/mylipfiller.com\/kabelline-contouring-serum\/#breadcrumb"},"inLanguage":"es","potentialAction":[{"@type":"ReadAction","target":["https:\/\/mylipfiller.com\/kabelline-contouring-serum\/"]}]},{"@type":"ImageObject","inLanguage":"es","@id":"https:\/\/mylipfiller.com\/kabelline-contouring-serum\/#primaryimage","url":"https:\/\/cdn.mylipfiller.com\/wp-content\/uploads\/2019\/03\/Kabelline.jpg","contentUrl":"https:\/\/cdn.mylipfiller.com\/wp-content\/uploads\/2019\/03\/Kabelline.jpg","width":600,"height":600,"caption":"Kabelline"},{"@type":"BreadcrumbList","@id":"https:\/\/mylipfiller.com\/kabelline-contouring-serum\/#breadcrumb","itemListElement":[{"@type":"ListItem","position":1,"name":"Home","item":"https:\/\/mylipfiller.com\/"},{"@type":"ListItem","position":2,"name":"Shop","item":"https:\/\/mylipfiller.com\/shop\/"},{"@type":"ListItem","position":3,"name":"Kabelline Contouring Serum"}]},{"@type":"WebSite","@id":"https:\/\/mylipfiller.com\/#website","url":"https:\/\/mylipfiller.com\/","name":"Mi relleno de labios","description":"Rellenos d\u00e9rmicos y de labios con \u00e1cido hialur\u00f3nico","publisher":{"@id":"https:\/\/mylipfiller.com\/#organization"},"potentialAction":[{"@type":"SearchAction","target":{"@type":"EntryPoint","urlTemplate":"https:\/\/mylipfiller.com\/?s={search_term_string}"},"query-input":{"@type":"PropertyValueSpecification","valueRequired":true,"valueName":"search_term_string"}}],"inLanguage":"es"},{"@type":"Organization","@id":"https:\/\/mylipfiller.com\/#organization","name":"Mi relleno de labios","url":"https:\/\/mylipfiller.com\/","logo":{"@type":"ImageObject","inLanguage":"es","@id":"https:\/\/mylipfiller.com\/#\/schema\/logo\/image\/","url":"https:\/\/cdn.mylipfiller.com\/wp-content\/uploads\/2019\/02\/cropped-My-Lip-Filler-Logo.png","contentUrl":"https:\/\/cdn.mylipfiller.com\/wp-content\/uploads\/2019\/02\/cropped-My-Lip-Filler-Logo.png","width":240,"height":88,"caption":"My Lip Filler"},"image":{"@id":"https:\/\/mylipfiller.com\/#\/schema\/logo\/image\/"}}]}},"_links":{"self":[{"href":"https:\/\/mylipfiller.com\/es\/wp-json\/wp\/v2\/product\/588","targetHints":{"allow":["GET"]}}],"collection":[{"href":"https:\/\/mylipfiller.com\/es\/wp-json\/wp\/v2\/product"}],"about":[{"href":"https:\/\/mylipfiller.com\/es\/wp-json\/wp\/v2\/types\/product"}],"wp:featuredmedia":[{"embeddable":true,"href":"https:\/\/mylipfiller.com\/es\/wp-json\/wp\/v2\/media\/546"}],"wp:attachment":[{"href":"https:\/\/mylipfiller.com\/es\/wp-json\/wp\/v2\/media?parent=588"}],"wp:term":[{"taxonomy":"product_brand","embeddable":true,"href":"https:\/\/mylipfiller.com\/es\/wp-json\/wp\/v2\/product_brand?post=588"},{"taxonomy":"product_cat","embeddable":true,"href":"https:\/\/mylipfiller.com\/es\/wp-json\/wp\/v2\/product_cat?post=588"},{"taxonomy":"product_tag","embeddable":true,"href":"https:\/\/mylipfiller.com\/es\/wp-json\/wp\/v2\/product_tag?post=588"}],"curies":[{"name":"gracias","href":"https:\/\/api.w.org\/{rel}","templated":true}]}}